{"id":32128,"date":"2025-06-12T09:19:01","date_gmt":"2025-06-12T05:19:01","guid":{"rendered":"https:\/\/iterra.ge\/product\/%e1%83%99%e1%83%90%e1%83%9b%e1%83%94%e1%83%a0%e1%83%90hikvision-ds-2dp1636z-d-8x5mmip16mpdomepanovu\/"},"modified":"2026-02-25T00:00:28","modified_gmt":"2026-02-25T00:00:28","slug":"%e1%83%99%e1%83%90%e1%83%9b%e1%83%94%e1%83%a0%e1%83%90hikvision-ds-2dp1636z-d-8x5mmip16mpdomepanovu","status":"publish","type":"product","link":"https:\/\/iterra.ge\/en\/product\/%e1%83%99%e1%83%90%e1%83%9b%e1%83%94%e1%83%a0%e1%83%90hikvision-ds-2dp1636z-d-8x5mmip16mpdomepanovu\/","title":{"rendered":"\u10d9\u10d0\u10db\u10d4\u10e0\u10d0,Hikvision, DS-2DP1636Z-D, 8x5mm,IP,16mp,Dome,,,PanoVu,"},"content":{"rendered":"<p>\u10e5\u10e1\u10d4\u10da\u10d8<\/p>\n<p>\u10d0\u10e3\u10d3\u10d8\u10dd \u10e8\u10d4\u10d9\u10e3\u10db\u10e8\u10d5\u10d0G.711alaw\/G.711ulaw\/G.722.1\/G.726\/MP2L2\/PCM<br \/>\u10de\u10e0\u10dd\u10e2\u10dd\u10d9\u10dd\u10da\u10d4\u10d1\u10d8TCP\/IP, IPv4\/IPv6, HTTP, HTTPS, 802.1x, Qos, FTP, SMTP, UPnP, SNMP, DNS, DDNS, NTP, RTSP, RTCP, RTP, TCP, UDP, IGMP, ICMP, DHCP, PPPoE,<br \/>APIO-\u10d3\u10d0\u10e1\u10e0\u10e3\u10da\u10d4\u10d1\u10e3\u10da\u10d8, ONVIF-\u10d8\u10e1 \u10db\u10ee\u10d0\u10e0\u10d3\u10d0\u10ed\u10d4\u10e0\u10d0, HIKVISION SDK-\u10d8\u10e1 \u10d3\u10d0 \u10db\u10d4\u10e1\u10d0\u10db\u10d4 \u10db\u10ee\u10d0\u10e0\u10d8\u10e1 \u10db\u10d0\u10e0\u10d7\u10d5\u10d8\u10e1 \u10de\u10da\u10d0\u10e2\u10e4\u10dd\u10e0\u10db\u10d8\u10e1 \u10db\u10ee\u10d0\u10e0\u10d3\u10d0\u10ed\u10d4\u10e0\u10d0<br \/>\u10de\u10d0\u10dc\u10dd\u10e0\u10d0\u10db\u10e3\u10da\u10d8 \u10d9\u10d0\u10db\u10d4\u10e0\u10d0<\/p>\n<p>\u10ee\u10d4\u10d3\u10d5\u10d8\u10e1 \u10d5\u10d4\u10da\u10d8 \u10f0\u10dd\u10e0\u10d8\u10d6\u10dd\u10dc\u10e2\u10d0\u10da\u10e3\u10e0\u10d8: 360\u00b0, \u10d5\u10d4\u10e0\u10e2\u10d8\u10d9\u10d0\u10da\u10e3\u10e0\u10d8: 80\u00b0<br \/>\u10ed\u10d9\u10d5\u10d8\u10d0\u10dc\u10d8 \u10d2\u10d0\u10db\u10dd\u10e1\u10d0\u10ee\u10e3\u10da\u10d4\u10d1\u10d8\u10e1 \u10d2\u10d0\u10eb\u10da\u10d8\u10d4\u10e0\u10d4\u10d1\u10d0 \u10ea\u10d8\u10e4\u10e0\u10e3\u10da\u10d8 WDR, 3D DNR, HLC<br \/>\u10d5\u10d8\u10d3\u10d4\u10dd \u10e8\u10d4\u10d9\u10e3\u10db\u10e8\u10d5\u10d0\u10db\u10d7\u10d0\u10d5\u10d0\u10e0\u10d8 \u10dc\u10d0\u10d9\u10d0\u10d3\u10d8: H.265+\/H.265\/H.264+\/H.264,\u10e5\u10d5\u10d4\u10dc\u10d0\u10d9\u10d0\u10d3\u10d8: H.265\/H.264\/MJPEG,\u10db\u10d4\u10e1\u10d0\u10db\u10d4 \u10dc\u10d0\u10d9\u10d0\u10d3\u10d8: H.265\/H.264<br \/>\u10e5\u10d5\u10d4-\u10dc\u10d0\u10d9\u10d0\u10d3\u10d8\u10e1 \u10d2\u10d0\u10e0\u10e9\u10d4\u10d5\u10d0\u10d3\u10dd\u10d1\u10d0 20:9,50Hz: 25fps (704\u00d7320, 512\u00d7232),60Hz: 30fps (704\u00d7320, 512\u00d7232),20:6,50Hz: 25fps (704\u00d7200:30fHz) 704\u00d7200)<br \/>\u10dd\u10d1\u10d8\u10d4\u10e5\u10e2\u10d8\u10d5\u10d8 5.0 \u10db\u10db \/ F2.0<br \/>\u10d2\u10dd\u10dc\u10d8\u10d4\u10e0\u10d8 \u10db\u10dd\u10d5\u10da\u10d4\u10dc\u10d8\u10e1 \u10d0\u10db\u10dd\u10ea\u10dc\u10dd\u10d1\u10d0 \u10e8\u10d4\u10ed\u10e0\u10d8\u10e1 \u10d0\u10db\u10dd\u10ea\u10dc\u10dd\u10d1\u10d0, \u10ee\u10d0\u10d6\u10d8\u10e1 \u10d2\u10d0\u10d3\u10d0\u10d9\u10d5\u10d4\u10d7\u10d8\u10e1 \u10d0\u10db\u10dd\u10ea\u10dc\u10dd\u10d1\u10d0, \u10e0\u10d4\u10d2\u10d8\u10dd\u10dc\u10d8\u10e1 \u10e8\u10d4\u10e1\u10d0\u10e1\u10d5\u10da\u10d4\u10da\u10d8\u10e1 \u10d0\u10db\u10dd\u10ea\u10dc\u10dd\u10d1\u10d0, \u10e0\u10d4\u10d2\u10d8\u10dd\u10dc\u10d8\u10d3\u10d0\u10dc \u10d2\u10d0\u10e1\u10d5\u10da\u10d8\u10e1 \u10d0\u10db\u10dd\u10ea\u10dc\u10dd\u10d1\u10d0<br \/>Image SensorEight 1\/1.8&#8243; \u10de\u10e0\u10dd\u10d2\u10e0\u10d4\u10e1\u10e3\u10da\u10d8 \u10e1\u10d9\u10d0\u10dc\u10d8\u10e0\u10d4\u10d1\u10d0 CMOS<br \/>\u10db\u10d8\u10dc. \u10d2\u10d0\u10dc\u10d0\u10d7\u10d4\u10d1\u10d8\u10e1 \u10e4\u10d4\u10e0\u10d8: 0.005 Lux@(F2.0, AGC ON), B\/W: 0.0005 Lux@(F2.0, AGC ON)<br \/>\u10eb\u10d8\u10e0\u10d8\u10d7\u10d0\u10d3\u10d8 \u10db\u10dd\u10d5\u10da\u10d4\u10dc\u10d8\u10e1 \u10d0\u10db\u10dd\u10ea\u10dc\u10dd\u10d1\u10d0 \u10db\u10dd\u10eb\u10e0\u10d0\u10dd\u10d1\u10d8\u10e1 \u10d0\u10db\u10dd\u10ea\u10dc\u10dd\u10d1\u10d0<br \/>\u10eb\u10d8\u10e0\u10d8\u10d7\u10d0\u10d3\u10d8 \u10dc\u10d0\u10d9\u10d0\u10d3\u10d8\u10e1 \u10d2\u10d0\u10e0\u10e9\u10d4\u10d5\u10d0\u10d3\u10dd\u10d1\u10d020:9,50Hz: 25fps (4096\u00d71800, 3840\u00d71680, 2720\u00d71192), 60Hz: 30fps (4096\u00d71800, 3840\u00d71680, 2720\u00d7fps: 2720\u00d716, 2720\u00d7119), 2720\u00d71800 1200, 3840\u00d71080, 2720\u00d7800), 60Hz: 30fps (4096\u00d71200, 3840\u00d71080, 2720\u00d7800)<br \/>\u10d7\u10d5\u10d0\u10da\u10e7\u10e3\u10e0\u10d8\u10e1 \u10d3\u10d4\u10d5\u10dc\u10d4\u10d1\u10d0 PTZ \u10d9\u10d0\u10db\u10d4\u10e0\u10d0<\/p>\n<p>\u10d2\u10dd\u10dc\u10d8\u10d4\u10e0\u10d8 \u10d2\u10d0\u10db\u10dd\u10e1\u10d0\u10ee\u10e3\u10da\u10d4\u10d1\u10d8\u10e1 \u10d2\u10d0\u10eb\u10da\u10d8\u10d4\u10e0\u10d4\u10d1\u10d0 3D DNR, 120 dB WDR, \u10dd\u10de\u10e2\u10d8\u10d9\u10e3\u10e0\u10d8 \u10d0\u10dd\u10e0\u10d7\u10e5\u10da\u10d4\u10d1\u10d0, HLC, Smart IR, EIS<br \/>\u10e4\u10dd\u10d9\u10e3\u10e1\u10e3\u10e0\u10d8 \u10e1\u10d8\u10d2\u10e0\u10eb\u10d4 5.6-\u10d3\u10d0\u10dc 208 \u10db\u10db-\u10db\u10d3\u10d4, 36\u00d7 \u10dd\u10de\u10e2\u10d8\u10d9\u10e3\u10e0\u10d8 \u10d6\u10e3\u10db\u10d8<br \/>\u10db\u10d0\u10e1\u10e8\u10e2\u10d0\u10d1\u10d8\u10e0\u10d4\u10d1\u10d8\u10e1 \u10e1\u10d8\u10e9\u10e5\u10d0\u10e0\u10d4 \u10d3\u10d0\u10d0\u10ee\u10da\u10dd\u10d4\u10d1\u10d8\u10d7 6,6 \u10ec\u10d0\u10db\u10d8 (\u10dd\u10de\u10e2\u10d8\u10d9\u10e3\u10e0\u10d8 \u10e4\u10d0\u10e0\u10d7\u10dd \u10e2\u10d4\u10da\u10d4\u10d5\u10d8\u10d6\u10d8\u10d0)<br \/>\u10f0\u10dd\u10e0\u10d8\u10d6\u10dd\u10dc\u10e2\u10d0\u10da\u10e3\u10e0\u10d8 FOV62.5\u00b0-\u10d3\u10d0\u10dc 1.9\u00b0-\u10db\u10d3\u10d4 (\u10e4\u10d0\u10e0\u10d7\u10dd \u10e2\u10d4\u10da\u10d4\u10d5\u10d8\u10d6\u10d8\u10d0)<br \/>Patrol8 \u10de\u10d0\u10e2\u10e0\u10e3\u10da\u10d8, 32-\u10db\u10d3\u10d4 \u10ec\u10d8\u10dc\u10d0\u10e1\u10ec\u10d0\u10e0 \u10d3\u10d0\u10e7\u10d4\u10dc\u10d4\u10d1\u10d0 \u10d7\u10d8\u10d7\u10dd \u10de\u10d0\u10e2\u10e0\u10e3\u10da\u10d6\u10d4<br \/>Pattern4 \u10e8\u10d0\u10d1\u10da\u10dd\u10dc\u10d4\u10d1\u10d8, \u10e9\u10d0\u10ec\u10d4\u10e0\u10d8\u10e1 \u10d3\u10e0\u10dd \u10d0\u10e0\u10d0\u10dc\u10d0\u10d9\u10da\u10d4\u10d1 10 \u10ec\u10e3\u10d7\u10d8\u10e1\u10d0 \u10d7\u10d8\u10d7\u10dd \u10dc\u10d8\u10db\u10e3\u10e8\u10d8<br \/>\u10de\u10d0\u10e0\u10d9\u10d8\u10e1 \u10db\u10dd\u10e5\u10db\u10d4\u10d3\u10d4\u10d1\u10d0 \u10ec\u10d8\u10dc\u10d0\u10e1\u10ec\u10d0\u10e0 \u10d3\u10d0\u10e7\u10d4\u10dc\u10d4\u10d1\u10e3\u10da\u10d8\/ \u10e8\u10d0\u10d1\u10da\u10dd\u10dc\u10d8\u10e1 \u10e1\u10d9\u10d0\u10dc\u10d8\u10e0\u10d4\u10d1\u10d0\/ \u10de\u10d0\u10e2\u10e0\u10e3\u10da\u10d8 \u10e1\u10d9\u10d0\u10dc\u10d8\u10e0\u10d4\u10d1\u10d0\/ \u10d0\u10d5\u10e2\u10dd\u10db\u10d0\u10e2\u10e3\u10e0\u10d8 \u10e1\u10d9\u10d0\u10dc\u10d8\u10e0\u10d4\u10d1\u10d0\/ \u10d3\u10d0\u10ee\u10e0\u10d8\u10da\u10d8 \u10e1\u10d9\u10d0\u10dc\u10d8\u10e0\u10d4\u10d1\u10d0\/ \u10e8\u10d4\u10db\u10d7\u10ee\u10d5\u10d4\u10d5\u10d8\u10d7\u10d8 \u10e1\u10d9\u10d0\u10dc\u10d8\u10e0\u10d4\u10d1\u10d0\/ \u10d9\u10d0\u10d3\u10e0\u10d4\u10d1\u10d8\u10e1 \u10e1\u10d9\u10d0\u10dc\u10d8\u10e0\u10d4\u10d1\u10d0\/ \u10de\u10d0\u10dc\u10dd\u10e0\u10d0\u10db\u10d8\u10e1 \u10e1\u10d9\u10d0\u10dc\u10d8\u10e0\u10d4\u10d1\u10d0<br \/>\u10d3\u10d0\u10d2\u10d4\u10d2\u10db\u10d8\u10da\u10d8 TaskPreset\/ Pattern Scan\/ Patrol Scan\/ Auto Scan\/ Tilt Scan\/ \u10e8\u10d4\u10db\u10d7\u10ee\u10d5\u10d4\u10d5\u10d8\u10d7\u10d8 \u10e1\u10d9\u10d0\u10dc\u10d8\u10e0\u10d4\u10d1\u10d0\/ \u10e9\u10d0\u10e0\u10e9\u10dd\u10e1 \u10e1\u10d9\u10d0\u10dc\u10d8\u10e0\u10d4\u10d1\u10d0\/ \u10de\u10d0\u10dc\u10dd\u10e0\u10d0\u10db\u10d0 \u10e1\u10d9\u10d0\u10dc\u10d8\u10e0\u10d4\u10d1\u10d0\/ \u10d2\u10e3\u10db\u10d1\u10d0\u10d7\u10d8\u10e1 \u10d2\u10d0\u10d3\u10d0\u10e2\u10d5\u10d8\u10e0\u10d7\u10d5\u10d0\/ \u10d2\u10e3\u10db\u10d1\u10d0\u10d7\u10d8\u10e1 \u10e0\u10d4\u10d2\u10e3\u10da\u10d8\u10e0\u10d4\u10d1\u10d0\/ \u10d3\u10d0\u10db\u10ee\u10db\u10d0\u10e0\u10d4 \u10d2\u10d0\u10db\u10dd\u10db\u10d0\u10d5\u10d0\u10da\u10d8<br \/>\u10d2\u10d0\u10db\u10dd\u10e0\u10d7\u10d5\u10d8\u10e1 \u10db\u10d4\u10ee\u10e1\u10d8\u10d4\u10e0\u10d4\u10d1\u10d8\u10e1 \u10db\u10ee\u10d0\u10e0\u10d3\u10d0\u10ed\u10d4\u10e0\u10d0<br \/>\u10eb\u10d8\u10e0\u10d8\u10d7\u10d0\u10d3\u10d8 \u10db\u10dd\u10d5\u10da\u10d4\u10dc\u10d8\u10e1 \u10d0\u10db\u10dd\u10ea\u10dc\u10dd\u10d1\u10d0 \u10db\u10dd\u10eb\u10e0\u10d0\u10dd\u10d1\u10d8\u10e1 \u10d0\u10db\u10dd\u10ea\u10dc\u10dd\u10d1\u10d0, \u10d5\u10d8\u10d3\u10d4\u10dd\u10e1 \u10e8\u10d4\u10e4\u10d4\u10e0\u10ee\u10d4\u10d1\u10d8\u10e1 \u10d0\u10db\u10dd\u10ea\u10dc\u10dd\u10d1\u10d0, HDD \u10e1\u10e0\u10e3\u10da\u10d8, HDD \u10e8\u10d4\u10ea\u10d3\u10dd\u10db\u10d0, \u10e5\u10e1\u10d4\u10da\u10d8 \u10d2\u10d0\u10d7\u10d8\u10e8\u10e3\u10da\u10d8\u10d0, IP \u10db\u10d8\u10e1\u10d0\u10db\u10d0\u10e0\u10d7\u10d8 \u10d9\u10dd\u10dc\u10e4\u10da\u10d8\u10e5\u10e2\u10e3\u10e0\u10d8\u10d0, \u10e3\u10d9\u10d0\u10dc\u10dd\u10dc\u10dd \u10e8\u10d4\u10e1\u10d5\u10da\u10d0<br \/>\u10d2\u10dd\u10dc\u10d8\u10d4\u10e0\u10d8 \u10db\u10dd\u10d5\u10da\u10d4\u10dc\u10d8\u10e1 \u10d0\u10db\u10dd\u10ea\u10dc\u10dd\u10d1\u10d0 \u10e8\u10d4\u10ed\u10e0\u10d8\u10e1 \u10d0\u10db\u10dd\u10ea\u10dc\u10dd\u10d1\u10d0, \u10ee\u10d0\u10d6\u10d8\u10e1 \u10d2\u10d0\u10d3\u10d0\u10d9\u10d5\u10d4\u10d7\u10d8\u10e1 \u10d0\u10db\u10dd\u10ea\u10dc\u10dd\u10d1\u10d0, \u10e0\u10d4\u10d2\u10d8\u10dd\u10dc\u10d8\u10e1 \u10e8\u10d4\u10e1\u10d0\u10e1\u10d5\u10da\u10d4\u10da\u10d8\u10e1 \u10d0\u10db\u10dd\u10ea\u10dc\u10dd\u10d1\u10d0, \u10e0\u10d4\u10d2\u10d8\u10dd\u10dc\u10d8\u10d3\u10d0\u10dc \u10d2\u10d0\u10e1\u10d5\u10da\u10d8\u10e1 \u10d0\u10db\u10dd\u10ea\u10dc\u10dd\u10d1\u10d0<br \/>Face Capture \u10d2\u10d0\u10db\u10dd\u10d0\u10d5\u10da\u10d8\u10dc\u10d4\u10d7 \u10d3\u10d0 \u10d2\u10d0\u10d3\u10d0\u10d8\u10e6\u10d4\u10d7 \u10e1\u10d0\u10ee\u10d4\u10d4\u10d1\u10d8 \u10d3\u10d0 \u10d0\u10e2\u10d5\u10d8\u10e0\u10d7\u10d4\u10d7 \u10e1\u10d0\u10ee\u10d8\u10e1 \u10e1\u10e3\u10e0\u10d0\u10d7\u10d4\u10d1\u10d8<br \/>\u10d2\u10d0\u10db\u10dd\u10e1\u10d0\u10ee\u10e3\u10da\u10d4\u10d1\u10d8\u10e1 \u10e1\u10d4\u10dc\u10e1\u10dd\u10e0\u10d8 1\/1.8&#8243; \u10de\u10e0\u10dd\u10d2\u10e0\u10d4\u10e1\u10e3\u10da\u10d8 \u10e1\u10d9\u10d0\u10dc\u10d8\u10e0\u10d4\u10d1\u10d0 CMOS<br \/>\u10db\u10d8\u10dc. \u10d2\u10d0\u10dc\u10d0\u10d7\u10d4\u10d1\u10d8\u10e1 \u10e4\u10d4\u10e0\u10d8: 0.002 Lux@(F1.5, AGC ON), B\/W: 0.0002 Lux@(F1.5, AGC ON), 0 Lux IR<br \/>IRIR \u10db\u10d0\u10dc\u10eb\u10d8\u10da\u10d8: 200\u10db; IR \u10e1\u10d8\u10d9\u10d0\u10e8\u10d9\u10d0\u10e8\u10d4 \u10d3\u10d0 \u10d9\u10e3\u10d7\u10ee\u10d4 \u10e0\u10d4\u10d2\u10e3\u10da\u10d8\u10e0\u10d3\u10d4\u10d1\u10d0.<br \/>\u10db\u10d8\u10dc. \u10e1\u10d0\u10db\u10e3\u10e8\u10d0\u10dd \u10db\u10d0\u10dc\u10eb\u10d8\u10da\u10d8 10 \u10db\u10db-\u10d3\u10d0\u10dc 1500 \u10db\u10db-\u10db\u10d3\u10d4 (\u10e4\u10d0\u10e0\u10d7\u10dd \u10e2\u10d4\u10da\u10d4\u10d5\u10d8\u10d6\u10d8\u10d0)<br \/>\u10d3\u10d8\u10d0\u10e4\u10e0\u10d0\u10d2\u10db\u10d8\u10e1 \u10d3\u10d8\u10d0\u10de\u10d0\u10d6\u10dd\u10dc\u10d8 F1.5-\u10d3\u10d0\u10dc F4.5-\u10db\u10d3\u10d4<br \/>Pan And Tilt RangePan: 360\u00b0, Tilt: -15\u00b0 to 90\u00b0<br \/>\u10de\u10d0\u10dc \u10d3\u10d0 \u10d3\u10d0\u10ee\u10e0\u10d8\u10e1 SpeedPan \u10db\u10d4\u10e5\u10d0\u10dc\u10d8\u10d9\u10e3\u10e0\u10d8 \u10e1\u10d8\u10e9\u10e5\u10d0\u10e0\u10d4: 0,1\u00b0\/\u10ec\u10db-\u10d3\u10d0\u10dc 210\u00b0\/\u10ec\u10db-\u10db\u10d3\u10d4 (\u10d9\u10dd\u10dc\u10e4\u10d8\u10d2\u10e3\u10e0\u10d8\u10e0\u10d4\u10d1\u10d0\u10d3\u10d8), \u10de\u10d0\u10dc\u10d4\u10da\u10d8\u10e1 \u10ec\u10d8\u10dc\u10d0\u10e1\u10ec\u10d0\u10e0 \u10d3\u10d0\u10e7\u10d4\u10dc\u10d4\u10d1\u10e3\u10da\u10d8 \u10e1\u10d8\u10e9\u10e5\u10d0\u10e0\u10d4: 240\u00b0\/\u10ec\u10db, \u10d3\u10d0\u10ee\u10e0\u10d8\u10e1 \u10db\u10d4\u10e5\u10d0\u10dc\u10d8\u10d9\u10e3\u10e0\u10d8 \u10e1\u10d8\u10e9\u10e5\u10d0\u10e0\u10d4: 0,1\u00b0\/\u10ec\u10db-\u10d3\u10d0\u10dc 150\u00b0\/\u10ec\u10db-\u10db\u10d3\u10d4 (\u10d9\u10dd\u10dc\u10e4\u10d8\u10d2\u10e3\u10e0\u10d8\u10e0\u10d4\u10d1\u10d0\u10d3\u10d8), \u10d3\u10d0\u10ee\u10e0\u10d8\u10e1 \u10ec\u10d8\u10dc\u10d0\u10e1\u10ec\u10d0\u10e0 \u10d3\u10d0\u10e7\u10d4\u10dc\u10d4\u10d1\u10e3\u10da\u10d8 \u10e1\u10d8\u10e9\u10e5\u10d0\u10e0\u10d4: 200\u00b0\/\u10ec\u10db<br \/>\u10ec\u10d8\u10dc\u10d0\u10e1\u10ec\u10d0\u10e0 \u10d3\u10d0\u10e7\u10d4\u10dc\u10d4\u10d1\u10e3\u10da\u10d8 \u10dc\u10dd\u10db\u10d4\u10e0\u10d8 300<br \/>\u10d5\u10d8\u10d3\u10d4\u10dd \u10e8\u10d4\u10d9\u10e3\u10db\u10e8\u10d5\u10d0<br \/>\u10db\u10d7\u10d0\u10d5\u10d0\u10e0\u10d8 \u10dc\u10d0\u10d9\u10d0\u10d3\u10d8: H.265\/H.264<\/p>\n<p>\u10e5\u10d5\u10d4\u10dc\u10d0\u10d9\u10d0\u10d3\u10d8: H.265\/H.264\/MJPEG<\/p>\n<p>\u10db\u10d4\u10e1\u10d0\u10db\u10d4 \u10dc\u10d0\u10d9\u10d0\u10d3\u10d8: H.265\/H.264\/MJPEG<\/p>\n<p>\u10eb\u10d8\u10e0\u10d8\u10d7\u10d0\u10d3\u10d8 \u10dc\u10d0\u10d9\u10d0\u10d3\u10d8\u10e1 \u10d2\u10d0\u10e0\u10e9\u10d4\u10d5\u10d0\u10d3\u10dd\u10d1\u10d0 50 \u10f0\u10d4\u10e0\u10ea\u10d8: 25 \u10d9\u10d0\u10d3\u10e0\u10d8\/\u10ec\u10db (1920 \u00d7 1080, 1280 \u00d7 960, 1280 \u00d7 720), 50 \u10d9\u10d0\u10d3\u10e0\u10d8\/\u10ec\u10db (1920 \u00d7 1080, 1280 \u00d7 960, 1280 \u00d7 08 \u00d7 1,0 \u00d7 120), 0 \u00d7 960, 1280 \u00d7 720) ,60fps (1920 \u00d7 1080, 1280 \u00d7 960, 1280 \u00d7 720)<br \/>\u10e5\u10d5\u10d4-\u10dc\u10d0\u10d9\u10d0\u10d3\u10d8\u10e1 \u10d2\u10d0\u10e0\u10e9\u10d4\u10d5\u10d0\u10d3\u10dd\u10d1\u10d0 50 Hz: 25fps (704\u00d7576, 640\u00d7480, 352\u00d7288), 60Hz: 30fps (704\u00d7480, 640\u00d7480, 352\u00d7240)<br \/>\u10e1\u10d0\u10db\u10d8\u10d6\u10dc\u10d4 \u10d2\u10d0\u10e4\u10d8\u10da\u10e2\u10d5\u10e0\u10d0 \u10d0\u10d3\u10d0\u10db\u10d8\u10d0\u10dc\u10d4\u10d1\u10d8 \u10d3\u10d0 \u10db\u10d0\u10dc\u10e5\u10d0\u10dc\u10d0 \u10ea\u10d0\u10da\u10d9\u10d4 \u10d9\u10da\u10d0\u10e1\u10d8\u10e4\u10d8\u10ea\u10d8\u10e0\u10d4\u10d1\u10e3\u10da\u10d8 \u10d3\u10d0 \u10d2\u10d0\u10e4\u10d8\u10da\u10e2\u10e0\u10e3\u10da\u10d8\u10d0.<br \/>3D \u10de\u10dd\u10d6\u10d8\u10ea\u10d8\u10dd\u10dc\u10d8\u10e0\u10d4\u10d1\u10d8\u10e1 \u10db\u10ee\u10d0\u10e0\u10d3\u10d0\u10ed\u10d4\u10e0\u10d0<br \/>\u10e1\u10d8\u10e1\u10e2\u10d4\u10db\u10d8\u10e1 \u10d8\u10dc\u10e2\u10d4\u10e0\u10e4\u10d4\u10d8\u10e1\u10d8<\/p>\n<p>RS-485 Half duplex, HIKVISION, Pelco-P \u10d3\u10d0 Pelco-D \u10d7\u10d5\u10d8\u10d7\u10d0\u10d3\u10d0\u10de\u10e2\u10d0\u10ea\u10d8\u10e3\u10e0\u10d8<br \/>\u10d2\u10d0\u10dc\u10d2\u10d0\u10e8\u10d8\u10e1 \u10e8\u10d4\u10e7\u10d5\u10d0\u10dc\u10d0\/\u10d2\u10d0\u10db\u10dd\u10db\u10d0\u10d5\u10d0\u10da\u10d8 7-ch \u10e1\u10d8\u10d2\u10dc\u10d0\u10da\u10d8\u10d6\u10d0\u10ea\u10d8\u10d8\u10e1 \u10e8\u10d4\u10e7\u10d5\u10d0\u10dc\u10d0 \u10d3\u10d0 2-ch \u10e1\u10d8\u10d2\u10dc\u10d0\u10da\u10d8\u10e1 \u10d2\u10d0\u10db\u10dd\u10db\u10d0\u10d5\u10d0\u10da\u10d8, \u10e1\u10d8\u10d2\u10dc\u10d0\u10da\u10d8\u10d6\u10d0\u10ea\u10d8\u10d8\u10e1 \u10db\u10ee\u10d0\u10e0\u10d3\u10d0\u10ed\u10d4\u10e0\u10d0: \u10ec\u10d8\u10dc\u10d0\u10e1\u10ec\u10d0\u10e0 \u10d3\u10d0\u10e7\u10d4\u10dc\u10d4\u10d1\u10e3\u10da\u10d8\/ \u10e1\u10d0\u10de\u10d0\u10e2\u10e0\u10e3\u10da\u10dd \u10e1\u10d9\u10d0\u10dc\u10d8\u10e0\u10d4\u10d1\u10d0\/ \u10db\u10d4\u10ee\u10e1\u10d8\u10d4\u10e0\u10d4\u10d1\u10d8\u10e1 \u10d1\u10d0\u10e0\u10d0\u10d7\u10d8\u10e1 \u10e9\u10d0\u10ec\u10d4\u10e0\u10d0\/ Aux \u10d2\u10d0\u10db\u10dd\u10db\u10d0\u10d5\u10d0\u10da\u10d8\/ \u10e8\u10d4\u10d0\u10e2\u10e7\u10dd\u10d1\u10d8\u10dc\u10d4\u10d7 \u10e1\u10d0\u10d7\u10d5\u10d0\u10da\u10d7\u10d5\u10d0\u10da\u10dd \u10ea\u10d4\u10dc\u10e2\u10e0\u10e1\/ \u10d0\u10e2\u10d5\u10d8\u10e0\u10d7\u10d5\u10d0 FTP-\u10d6\u10d4\/ \u10d4\u10da\u10e4\u10dd\u10e1\u10e2\u10d8\u10e1 \u10d2\u10d0\u10d2\u10d6\u10d0\u10d5\u10dc\u10d0<br \/>\u10e5\u10e1\u10d4\u10da\u10d8\u10e1 \u10d8\u10dc\u10e2\u10d4\u10e0\u10e4\u10d4\u10d8\u10e1\u10d8 1 \u10d7\u10d5\u10d8\u10d7\u10d0\u10d3\u10d0\u10de\u10e2\u10d8\u10e0\u10d4\u10d1\u10d0\u10d3\u10d8 Ethernet \u10d8\u10dc\u10e2\u10d4\u10e0\u10e4\u10d4\u10d8\u10e1\u10d8<br \/>\u10d1\u10dd\u10ed\u10d9\u10dd\u10d5\u10d0\u10dc\u10d8 \u10d9\u10d0\u10d1\u10d4\u10da\u10d81 1000M FC \u10d8\u10dc\u10e2\u10d4\u10e0\u10e4\u10d4\u10d8\u10e1\u10d8, TX1310\/ RX1550nm \u10e2\u10d0\u10da\u10e6\u10d8\u10e1 \u10e1\u10d8\u10d2\u10e0\u10eb\u10d4, 20 \u10d9\u10db \u10d2\u10d0\u10d3\u10d0\u10ea\u10d4\u10db\u10d8\u10e1 \u10db\u10d0\u10dc\u10eb\u10d8\u10da\u10d8<br \/>\u10d0\u10e3\u10d3\u10d8\u10dd \u10e8\u10d4\u10e7\u10d5\u10d0\u10dc\u10d0\/\u10d2\u10d0\u10db\u10dd\u10db\u10d0\u10d5\u10d0\u10da\u10d8 1-ch \u10d0\u10e3\u10d3\u10d8\u10dd \u10e8\u10d4\u10e7\u10d5\u10d0\u10dc\u10d0 \u10d3\u10d0 1-ch \u10d0\u10e3\u10d3\u10d8\u10dd \u10d2\u10d0\u10db\u10dd\u10db\u10d0\u10d5\u10d0\u10da\u10d8.<br \/>\u10db\u10d4\u10ee\u10e1\u10d8\u10d4\u10e0\u10d4\u10d1\u10d0 \u10e9\u10d0\u10e8\u10d4\u10dc\u10d4\u10d1\u10e3\u10da\u10d8 \u10db\u10d4\u10ee\u10e1\u10d8\u10d4\u10e0\u10d4\u10d1\u10d8\u10e1 \u10d1\u10d0\u10e0\u10d0\u10d7\u10d8\u10e1 \u10e1\u10da\u10dd\u10e2\u10d8, Micro SD\/SDHC\/SDXC \u10db\u10ee\u10d0\u10e0\u10d3\u10d0\u10ed\u10d4\u10e0\u10d0 (128 \u10d2\u10d1-\u10db\u10d3\u10d4)<br \/>\u10d9\u10d0\u10db\u10d4\u10e0\u10d8\u10e1 \u10db\u10dd\u10d3\u10e3\u10da\u10d8<\/p>\n<p>Tracking ModeManual\/ Auto\/ Mix<br \/>Calibration Manual\/ Auto<br \/>\u10d4\u10e0\u10d7\u10d8 \u10e8\u10d4\u10ee\u10d4\u10d1\u10d8\u10d7 LinkSupport<br \/>\u10db\u10e0\u10d0\u10d5\u10d0\u10da\u10d8 \u10e1\u10d0\u10db\u10d8\u10d6\u10dc\u10d4 TrackingSupport<br \/>\u10e1\u10d0\u10db\u10d8\u10d6\u10dc\u10d4\u10d4\u10d1\u10d8\u10e1 \u10e0\u10d0\u10dd\u10d3\u10d4\u10dc\u10dd\u10d1\u10d0 30-\u10db\u10d3\u10d4 \u10e1\u10d0\u10db\u10d8\u10d6\u10dc\u10d8\u10e1 \u10d0\u10e6\u10db\u10dd\u10e9\u10d4\u10dc\u10d0 \u10e8\u10d4\u10e1\u10d0\u10eb\u10da\u10d4\u10d1\u10d4\u10da\u10d8\u10d0 \u10d4\u10e0\u10d7\u10d3\u10e0\u10dd\u10e3\u10da\u10d0\u10d3.<br \/>\u10e1\u10d0\u10db\u10d8\u10d6\u10dc\u10d4 \u10d2\u10d0\u10d3\u10d0\u10e0\u10d7\u10d5\u10d8\u10e1 \u10d3\u10e0\u10dd&lt;1 \u10ec\u10db<br \/>\u10d7\u10d5\u10d0\u10da\u10d7\u10d5\u10d0\u10da\u10d8\u10e1 \u10ee\u10d0\u10dc\u10d2\u10e0\u10eb\u10da\u10d8\u10d5\u10dd\u10d1\u10d0 60 \u10ec\u10db-\u10db\u10d3\u10d4<br \/>\u10db\u10d2\u10e0\u10eb\u10dc\u10dd\u10d1\u10d4\u10da\u10dd\u10d1\u10d8\u10e1 \u10de\u10d0\u10e0\u10d0\u10db\u10d4\u10e2\u10e0\u10d4\u10d1\u10d8\u10e1 \u10db\u10ee\u10d0\u10e0\u10d3\u10d0\u10ed\u10d4\u10e0\u10d0<br \/>\u10d2\u10d4\u10dc\u10d4\u10e0\u10d0\u10da\u10d8<\/p>\n<p>\u10ec\u10dd\u10dc\u10d0 \u10d3\u10d0\u10d0\u10ee\u10da. 18 \u10d9\u10d2 (39,68 \u10e4\u10e3\u10dc\u10e2\u10d8)<br \/>\u10d4\u10dc\u10d4\u10e0\u10d2\u10dd\u10db\u10dd\u10ee\u10db\u10d0\u10e0\u10d4\u10d1\u10d0 130 W \u10db\u10d0\u10e5\u10e1.<br \/>\u10e1\u10d0\u10db\u10e3\u10e8\u10d0\u10dd \u10e2\u10d4\u10db\u10de\u10d4\u10e0\u10d0\u10e2\u10e3\u10e0\u10d0 \u10d2\u10d0\u10e0\u10d4\u10d3\u10d0\u10dc: -40\u00b0C-\u10d3\u10d0\u10dc 70\u00b0C-\u10db\u10d3\u10d4 (-40\u00b0F-\u10d3\u10d0\u10dc 158\u00b0F-\u10db\u10d3\u10d4)<br \/>\u10e1\u10d0\u10db\u10e3\u10e8\u10d0\u10dd \u10e2\u10d4\u10dc\u10d8\u10d0\u10dc\u10dd\u10d1\u10d0\u2264 90&gt;#\/span###<br \/>\u10d3\u10d0\u10ea\u10d5\u10d8\u10e1 \u10d3\u10dd\u10dc\u10d4 IP66 \u10e1\u10e2\u10d0\u10dc\u10d3\u10d0\u10e0\u10e2\u10d8, 6000 \u10d5 \u10d4\u10da\u10d5\u10d8\u10e1\u10d4\u10d1\u10e3\u10e0\u10d8 \u10d3\u10d0\u10ea\u10d5\u10d0, \u10d2\u10d0\u10d3\u10d0\u10ee\u10e3\u10e0\u10d4\u10d1\u10d8\u10e1\u10d2\u10d0\u10dc \u10d3\u10d0\u10ea\u10d5\u10d0 \u10d3\u10d0 \u10eb\u10d0\u10d1\u10d5\u10d8\u10e1 \u10d2\u10d0\u10e0\u10d3\u10d0\u10db\u10d0\u10d5\u10d0\u10da\u10d8 \u10d3\u10d0\u10ea\u10d5\u10d0<br \/>\u10d6\u10dd\u10db\u10d0\u03a6391.8\u10db\u10db\u00d7400.5\u10db\u10db (\u03a615.43&#8243;\u00d715.77&#8243;)<br \/>\u10d9\u10d5\u10d4\u10d1\u10d8\u10e1 \u10d1\u10da\u10dd\u10d9\u10d8 36 VDC<\/p>\n","protected":false},"excerpt":{"rendered":"<p>\u10e5\u10e1\u10d4\u10da\u10d8 \u10d0\u10e3\u10d3\u10d8\u10dd \u10e8\u10d4\u10d9\u10e3\u10db\u10e8\u10d5\u10d0G.711alaw\/G.711ulaw\/G.722.1\/G.726\/MP2L2\/PCM\u10de\u10e0\u10dd\u10e2\u10dd\u10d9\u10dd\u10da\u10d4\u10d1\u10d8TCP\/IP, IPv4\/IPv6, HTTP, HTTPS, 802.1x, Qos, FTP, SMTP, UPnP, SNMP, DNS, DDNS, NTP, RTSP, RTCP, RTP, TCP, UDP,<\/p>\n","protected":false},"featured_media":32127,"comment_status":"open","ping_status":"closed","template":"","meta":[],"product_brand":[],"product_cat":[1502],"product_tag":[],"class_list":{"0":"post-32128","1":"product","2":"type-product","3":"status-publish","4":"has-post-thumbnail","6":"product_cat-ptz-ip-cameras-unv-ip-camera-nvr","8":"first","9":"instock","10":"taxable","11":"shipping-taxable","12":"purchasable","13":"product-type-simple"},"_links":{"self":[{"href":"https:\/\/iterra.ge\/en\/wp-json\/wp\/v2\/product\/32128","targetHints":{"allow":["GET"]}}],"collection":[{"href":"https:\/\/iterra.ge\/en\/wp-json\/wp\/v2\/product"}],"about":[{"href":"https:\/\/iterra.ge\/en\/wp-json\/wp\/v2\/types\/product"}],"replies":[{"embeddable":true,"href":"https:\/\/iterra.ge\/en\/wp-json\/wp\/v2\/comments?post=32128"}],"version-history":[{"count":1,"href":"https:\/\/iterra.ge\/en\/wp-json\/wp\/v2\/product\/32128\/revisions"}],"predecessor-version":[{"id":64187,"href":"https:\/\/iterra.ge\/en\/wp-json\/wp\/v2\/product\/32128\/revisions\/64187"}],"wp:featuredmedia":[{"embeddable":true,"href":"https:\/\/iterra.ge\/en\/wp-json\/wp\/v2\/media\/32127"}],"wp:attachment":[{"href":"https:\/\/iterra.ge\/en\/wp-json\/wp\/v2\/media?parent=32128"}],"wp:term":[{"taxonomy":"product_brand","embeddable":true,"href":"https:\/\/iterra.ge\/en\/wp-json\/wp\/v2\/product_brand?post=32128"},{"taxonomy":"product_cat","embeddable":true,"href":"https:\/\/iterra.ge\/en\/wp-json\/wp\/v2\/product_cat?post=32128"},{"taxonomy":"product_tag","embeddable":true,"href":"https:\/\/iterra.ge\/en\/wp-json\/wp\/v2\/product_tag?post=32128"}],"curies":[{"name":"wp","href":"https:\/\/api.w.org\/{rel}","templated":true}]}}