{"id":32169,"date":"2025-06-12T09:19:19","date_gmt":"2025-06-12T05:19:19","guid":{"rendered":"https:\/\/iterra.ge\/product\/%e1%83%98%e1%83%9c%e1%83%a4%e1%83%a0%e1%83%90%e1%83%ac%e1%83%98%e1%83%97%e1%83%94%e1%83%9a%e1%83%98-%e1%83%a1%e1%83%90%e1%83%9c%e1%83%90%e1%83%97%e1%83%98-ds-tl2000ai-l1\/"},"modified":"2026-02-25T00:00:29","modified_gmt":"2026-02-25T00:00:29","slug":"%e1%83%98%e1%83%9c%e1%83%a4%e1%83%a0%e1%83%90%e1%83%ac%e1%83%98%e1%83%97%e1%83%94%e1%83%9a%e1%83%98-%e1%83%a1%e1%83%90%e1%83%9c%e1%83%90%e1%83%97%e1%83%98-ds-tl2000ai-l1","status":"publish","type":"product","link":"https:\/\/iterra.ge\/en\/product\/%e1%83%98%e1%83%9c%e1%83%a4%e1%83%a0%e1%83%90%e1%83%ac%e1%83%98%e1%83%97%e1%83%94%e1%83%9a%e1%83%98-%e1%83%a1%e1%83%90%e1%83%9c%e1%83%90%e1%83%97%e1%83%98-ds-tl2000ai-l1\/","title":{"rendered":"\u10d8\u10dc\u10e4\u10e0\u10d0\u10ec\u10d8\u10d7\u10d4\u10da\u10d8 \u10e1\u10d0\u10dc\u10d0\u10d7\u10d8 DS-TL2000AI-L1"},"content":{"rendered":"<p>\u10d2\u10d0\u10dc\u10d0\u10d7\u10d4\u10d1\u10d8\u10e1 \u10d3\u10d0\u10db\u10d0\u10e2\u10d4\u10d1\u10d0<br \/>\u10e1\u10d8\u10dc\u10d0\u10d7\u10da\u10d8\u10e1 \u10e2\u10d8\u10de\u10d8IR \u10d2\u10d0\u10dc\u10d0\u10d7\u10d4\u10d1\u10d0<br \/>\u10e1\u10d8\u10dc\u10d0\u10d7\u10da\u10d8\u10e1 \u10d9\u10e3\u10d7\u10ee\u10d4 10\u00b0<br \/>IR \u10e2\u10d0\u10da\u10e6\u10d8\u10e1 \u10e1\u10d8\u10d2\u10e0\u10eb\u10d4 850 \u10dc\u10db<br \/>\u10d3\u10d0\u10e4\u10d0\u10e0\u10d5\u10d01 \u10d6\u10dd\u10da(\u10d4\u10d1)\u10d8<br \/>LED \u10dc\u10d0\u10d7\u10e3\u10e0\u10d8\u10e1 \u10db\u10eb\u10d8\u10d5\u10d4\u10d1\u10d8 16<br \/>\u10ea\u10d4\u10dc\u10e2\u10e0\u10d8\u10e1 \u10d2\u10d0\u10dc\u10d0\u10d7\u10d4\u10d1\u10d0 800 \u10db\u10d5\u10e2\/\u33a1<br \/>\u10d4\u10e4\u10d4\u10e5\u10e2\u10e3\u10e0\u10d8 \u10db\u10d0\u10dc\u10eb\u10d8\u10da\u10d8 16-\u10d3\u10d0\u10dc 25 \u10db-\u10db\u10d3\u10d4<br \/>Trigger MannerTTL \u10d3\u10dd\u10dc\u10d4 (\u10e9\u10d0\u10db\u10e0\u10d7\u10d5\u10d4\u10da\u10d8 \u10e1\u10e3\u10e0\u10d5\u10d8\u10da\u10d8\u10e1\u10d0\u10db\u10d4\u10d1\u10e0)<br \/>\u10e2\u10e0\u10d8\u10d2\u10d4\u10e0\u10d8\u10e1 \u10d3\u10dd\u10dc\u10d4 4-\u10d3\u10d0\u10dc 6 \u10d5-\u10db\u10d3\u10d4 (\u10db\u10d0\u10e6\u10d0\u10da\u10d8 \u10d3\u10dd\u10dc\u10d8\u10e1 \u10e2\u10e0\u10d8\u10d2\u10d4\u10e0\u10d8)<br \/>\u10e2\u10e0\u10d8\u10d2\u10d4\u10e0\u10d8\u10e1 \u10db\u10dd\u10d5\u10d0\u10da\u10d4\u10dd\u10d1\u10d8\u10e1 \u10d9\u10dd\u10d4\u10e4\u10d8\u10ea\u10d8\u10d4\u10dc\u10e2\u10d8 1%-\u10d3\u10d0\u10dc 39%-\u10db\u10d3\u10d4 (\u10e8\u10d4\u10d8\u10e7\u10d5\u10d0\u10dc\u10d4\u10d7 \u10d3\u10d0\u10ea\u10d5\u10d8\u10e1 \u10db\u10d3\u10d2\u10dd\u10db\u10d0\u10e0\u10d4\u10dd\u10d1\u10d0 Duty Radio-\u10e8\u10d8 \u2265 40%)<br \/>\u10e4\u10d4\u10e0\u10d8\u10e1 \u10e2\u10d4\u10db\u10de\u10d4\u10e0\u10d0\u10e2\u10e3\u10e0\u10d0 2800 K-\u10d3\u10d0\u10dc 3200 K-\u10db\u10d3\u10d4<br \/>\u10e0\u10d4\u10d0\u10d2\u10d8\u10e0\u10d4\u10d1\u10d8\u10e1 \u10d3\u10e0\u10dd\u2264 20 us<br \/>\u10e2\u10e0\u10d8\u10d2\u10d4\u10e0\u10d8\u10e1 \u10e1\u10d8\u10ee\u10e8\u10d8\u10e0\u10d4 15-\u10d3\u10d0\u10dc 250 \u10f0\u10ea-\u10db\u10d3\u10d4<br \/>\u10db\u10dd\u10db\u10e1\u10d0\u10ee\u10e3\u10e0\u10d4\u10d1\u10d8\u10e1 \u10d5\u10d0\u10d3\u10d0\u2265 50000 \u10e1\u10d0\u10d0\u10d7\u10d8<br \/>\u10d2\u10d4\u10dc\u10d4\u10e0\u10d0\u10da\u10d8<br \/>\u10eb\u10d0\u10da\u10d0\u10e3\u10e4\u10da\u10d4\u10d1\u10d0<br \/>AC 100 V-\u10d3\u10d0\u10dc 240 V-\u10db\u10d3\u10d4, 0.18 A, 39.8 W, 3 \u10d1\u10d8\u10e0\u10d7\u10d5\u10d8\u10d0\u10dc\u10d8 \u10e2\u10d4\u10e0\u10db\u10d8\u10dc\u10d0\u10da\u10d8\u10e1 \u10d1\u10da\u10dd\u10d9\u10d8<\/p>\n<p>\u10db\u10d0\u10e1\u10d0\u10da\u10d0 \u10d0\u10da\u10e3\u10db\u10d8\u10dc\u10d8\u10e1 \u10e8\u10d4\u10dc\u10d0\u10d3\u10dc\u10dd\u10d1\u10d8<br \/>\u10d6\u10dd\u10db\u10d4\u10d1\u10d8 128 \u10db\u10db \u00d7 216 \u10db\u10db \u00d7 159 \u10db\u10db (5.0&#8243; \u00d7 8.5&#8243; \u00d7 6.3&#8243;) (L \u00d7 W \u00d7 H)<br \/>\u10de\u10d0\u10d9\u10d4\u10e2\u10d8\u10e1 \u10d6\u10dd\u10db\u10d4\u10d1\u10d8 290 \u10db\u10db \u00d7 247 \u10db\u10db \u00d7 230 \u10db\u10db (11.42&#8243; \u00d7 9.72&#8243; \u00d7 9.05&#8243;) (L \u00d7 W \u00d7 H)<br \/>\u10ec\u10dd\u10dc\u10d0 \u10d3\u10d0\u10d0\u10ee\u10da. 2,8 \u10d9\u10d2 (6,17 \u10e4\u10e3\u10dc\u10e2\u10d8)<br \/>\u10de\u10d0\u10d9\u10d4\u10e2\u10d8\u10e1 \u10ec\u10dd\u10dc\u10d8\u10d7 \u10d3\u10d0\u10d0\u10ee\u10da. 3,87 \u10d9\u10d2 (8,53 \u10e4\u10e3\u10dc\u10e2\u10d8)<br \/>\u10dd\u10de\u10d4\u10e0\u10d0\u10ea\u10d8\u10e3\u10da\u10d8 \u10db\u10d3\u10d2\u10dd\u10db\u10d0\u10e0\u10d4\u10dd\u10d1\u10d0-40 \u00b0C-\u10d3\u10d0\u10dc 70 \u00b0C-\u10db\u10d3\u10d4 (-40 \u00b0F-\u10d3\u10d0\u10dc 158 \u00b0F-\u10db\u10d3\u10d4). \u10e2\u10d4\u10dc\u10d8\u10d0\u10dc\u10dd\u10d1\u10d0: 10% \u10d3\u10d0\u10dc 90% (\u10d0\u10e0\u10d0\u10d9\u10dd\u10dc\u10d3\u10d4\u10dc\u10e1\u10d8\u10e0\u10d4\u10d1\u10d0\u10d3\u10d8)<br \/>\u10e8\u10d4\u10dc\u10d0\u10ee\u10d5\u10d8\u10e1 \u10de\u10d8\u10e0\u10dd\u10d1\u10d4\u10d1\u10d8 -40 \u00b0C-\u10d3\u10d0\u10dc 70 \u00b0C-\u10db\u10d3\u10d4 (-40 \u00b0F-\u10d3\u10d0\u10dc 158 \u00b0F-\u10db\u10d3\u10d4). \u10e2\u10d4\u10dc\u10d8\u10d0\u10dc\u10dd\u10d1\u10d0 95% \u10d0\u10dc \u10dc\u10d0\u10d9\u10da\u10d4\u10d1\u10d8 (\u10d0\u10e0\u10d0\u10d9\u10dd\u10dc\u10d3\u10d4\u10dc\u10e1\u10d8\u10e0\u10d4\u10d1\u10d0\u10d3\u10d8)<br \/>\u10d3\u10d0\u10db\u10e2\u10d9\u10d8\u10ea\u10d4\u10d1\u10d0<br \/>EMCEN 50130-4:2011+A1:2014, EN 55032:2015+A11:2020+A1:2020, EN 61000-3-3:2013+A1:2019+A2:2021, EN:2019-61 +A1:2021<br \/>\u10e3\u10e1\u10d0\u10e4\u10e0\u10d7\u10ee\u10dd\u10d4\u10d1\u10d0<br \/>CE-LVD: EN 60598-1, EN 60598-2-5, EN 62031,CB: IEC 60598-1:2020, IEC 60598-2-5:2015, IEC 62031:2018, IEC 8206<\/p>\n<p>\u10d2\u10d0\u10e0\u10d4\u10db\u10dd<br \/>CE-RoHS: 2011\/65\/EU,<\/p>\n<p>WEEE: 2012\/19\/EU,<\/p>\n<p>\u10db\u10d8\u10e6\u10ec\u10d4\u10d5\u10d0: \u10e0\u10d4\u10d2\u10e3\u10da\u10d0\u10ea\u10d8\u10d0 (EC) No 1907\/2006<\/p>\n<p>\u10d3\u10d0\u10ea\u10d5\u10d0<br \/>IP66: IEC 60529: 1989+A1: 1999+A2: 2013\u10ec.<\/p>\n","protected":false},"excerpt":{"rendered":"<p>\u10d2\u10d0\u10dc\u10d0\u10d7\u10d4\u10d1\u10d8\u10e1 \u10d3\u10d0\u10db\u10d0\u10e2\u10d4\u10d1\u10d0\u10e1\u10d8\u10dc\u10d0\u10d7\u10da\u10d8\u10e1 \u10e2\u10d8\u10de\u10d8IR \u10d2\u10d0\u10dc\u10d0\u10d7\u10d4\u10d1\u10d0\u10e1\u10d8\u10dc\u10d0\u10d7\u10da\u10d8\u10e1 \u10d9\u10e3\u10d7\u10ee\u10d4 10\u00b0IR \u10e2\u10d0\u10da\u10e6\u10d8\u10e1 \u10e1\u10d8\u10d2\u10e0\u10eb\u10d4 850 \u10dc\u10db\u10d3\u10d0\u10e4\u10d0\u10e0\u10d5\u10d01 \u10d6\u10dd\u10da(\u10d4\u10d1)\u10d8LED \u10dc\u10d0\u10d7\u10e3\u10e0\u10d8\u10e1 \u10db\u10eb\u10d8\u10d5\u10d4\u10d1\u10d8 16\u10ea\u10d4\u10dc\u10e2\u10e0\u10d8\u10e1 \u10d2\u10d0\u10dc\u10d0\u10d7\u10d4\u10d1\u10d0 800 \u10db\u10d5\u10e2\/\u33a1\u10d4\u10e4\u10d4\u10e5\u10e2\u10e3\u10e0\u10d8 \u10db\u10d0\u10dc\u10eb\u10d8\u10da\u10d8 16-\u10d3\u10d0\u10dc 25<\/p>\n","protected":false},"featured_media":32168,"comment_status":"open","ping_status":"closed","template":"","meta":[],"product_brand":[],"product_cat":[1613],"product_tag":[],"class_list":{"0":"post-32169","1":"product","2":"type-product","3":"status-publish","4":"has-post-thumbnail","6":"product_cat-fire-wireless-alarm-system","8":"first","9":"instock","10":"taxable","11":"shipping-taxable","12":"purchasable","13":"product-type-simple"},"_links":{"self":[{"href":"https:\/\/iterra.ge\/en\/wp-json\/wp\/v2\/product\/32169","targetHints":{"allow":["GET"]}}],"collection":[{"href":"https:\/\/iterra.ge\/en\/wp-json\/wp\/v2\/product"}],"about":[{"href":"https:\/\/iterra.ge\/en\/wp-json\/wp\/v2\/types\/product"}],"replies":[{"embeddable":true,"href":"https:\/\/iterra.ge\/en\/wp-json\/wp\/v2\/comments?post=32169"}],"version-history":[{"count":0,"href":"https:\/\/iterra.ge\/en\/wp-json\/wp\/v2\/product\/32169\/revisions"}],"wp:featuredmedia":[{"embeddable":true,"href":"https:\/\/iterra.ge\/en\/wp-json\/wp\/v2\/media\/32168"}],"wp:attachment":[{"href":"https:\/\/iterra.ge\/en\/wp-json\/wp\/v2\/media?parent=32169"}],"wp:term":[{"taxonomy":"product_brand","embeddable":true,"href":"https:\/\/iterra.ge\/en\/wp-json\/wp\/v2\/product_brand?post=32169"},{"taxonomy":"product_cat","embeddable":true,"href":"https:\/\/iterra.ge\/en\/wp-json\/wp\/v2\/product_cat?post=32169"},{"taxonomy":"product_tag","embeddable":true,"href":"https:\/\/iterra.ge\/en\/wp-json\/wp\/v2\/product_tag?post=32169"}],"curies":[{"name":"wp","href":"https:\/\/api.w.org\/{rel}","templated":true}]}}