{"id":32640,"date":"2025-06-12T09:23:21","date_gmt":"2025-06-12T05:23:21","guid":{"rendered":"https:\/\/iterra.ge\/product\/%e1%83%a1%e1%83%95%e1%83%98%e1%83%a9%e1%83%98-ds-3e0105d-e\/"},"modified":"2026-02-25T00:00:35","modified_gmt":"2026-02-25T00:00:35","slug":"%e1%83%a1%e1%83%95%e1%83%98%e1%83%a9%e1%83%98-ds-3e0105d-e","status":"publish","type":"product","link":"https:\/\/iterra.ge\/en\/product\/%e1%83%a1%e1%83%95%e1%83%98%e1%83%a9%e1%83%98-ds-3e0105d-e\/","title":{"rendered":"\u10e1\u10d5\u10d8\u10e9\u10d8 DS-3E0105D-E"},"content":{"rendered":"<p>\u10e5\u10e1\u10d4\u10da\u10d8\u10e1 \u10de\u10d0\u10e0\u10d0\u10db\u10d4\u10e2\u10e0\u10d4\u10d1\u10d8<br \/>\u10de\u10dd\u10e0\u10e2\u10d8\u10e1 \u10dc\u10dd\u10db\u10d4\u10e0\u10d8 5<br \/>\u10de\u10dd\u10e0\u10e2\u10d8\u10e1 \u10e2\u10d8\u10de\u10d8 10\/100 Mbps RJ45 \u10de\u10dd\u10e0\u10e2\u10d4\u10d1\u10d8<br \/>StandardIEEE 802.3, IEEE 802.3u, IEEE 802.3x<br \/>\u10d2\u10d0\u10d3\u10d0\u10db\u10d8\u10e1\u10d0\u10db\u10d0\u10e0\u10d7\u10d4\u10d1\u10d0 ModeStore \u10d3\u10d0 \u10ec\u10d8\u10dc\u10e1\u10d5\u10da\u10d0<br \/>MAC \u10db\u10d8\u10e1\u10d0\u10db\u10d0\u10e0\u10d7\u10d4\u10d1\u10d8\u10e1 \u10ea\u10ee\u10e0\u10d8\u10da\u10d8 1 \u10d9<br \/>\u10d2\u10d0\u10d3\u10d0\u10e0\u10d7\u10d5\u10d8\u10e1 \u10e1\u10d8\u10db\u10eb\u10da\u10d0\u10d5\u10e0\u10d4 1 \u10d2\u10d1\u10d8\u10e2\u10d8\/\u10ec\u10db<br \/>\u10de\u10d0\u10d9\u10d4\u10e2\u10d8\u10e1 \u10d2\u10d0\u10d3\u10d0\u10db\u10d8\u10e1\u10d0\u10db\u10d0\u10e0\u10d7\u10d4\u10d1\u10d8\u10e1 \u10e1\u10d8\u10e9\u10e5\u10d0\u10e0\u10d4 0.744 Mpps<br \/>\u10d2\u10d4\u10dc\u10d4\u10e0\u10d0\u10da\u10d8<br \/>ShellABS<br \/>\u10ec\u10db\u10d8\u10dc\u10d3\u10d0 \u10ec\u10dd\u10dc\u10d0 0,025 \u10d9\u10d2<br \/>\u10d6\u10dd\u10db\u10d0 (L \u00d7 H \u00d7 D) 82 \u00d7 52 \u00d7 22.4 \u10db\u10db<br \/>\u10e1\u10d0\u10db\u10e3\u10e8\u10d0\u10dd \u10e2\u10d4\u10db\u10de\u10d4\u10e0\u10d0\u10e2\u10e3\u10e0\u10d0 0\u00b0C~40\u00b0C<br \/>\u10e8\u10d4\u10dc\u10d0\u10ee\u10d5\u10d8\u10e1 \u10e2\u10d4\u10db\u10de\u10d4\u10e0\u10d0\u10e2\u10e3\u10e0\u10d0-40\u00b0C~70\u00b0C<br \/>\u10dd\u10de\u10d4\u10e0\u10d0\u10ea\u10d8\u10e3\u10da\u10d8 \u10e2\u10d4\u10dc\u10d8\u10d0\u10dc\u10dd\u10d1\u10d0 10%~90% RH \u10d0\u10e0\u10d0\u10d9\u10dd\u10dc\u10d3\u10d4\u10dc\u10e1\u10d8\u10e0\u10d4\u10d1\u10d0\u10d3\u10d8<br \/>\u10e8\u10d4\u10dc\u10d0\u10ee\u10d5\u10d8\u10e1 \u10e2\u10d4\u10dc\u10d8\u10d0\u10dc\u10dd\u10d1\u10d0 5%~90% RH \u10d0\u10e0\u10d0\u10d9\u10dd\u10dc\u10d3\u10d4\u10dc\u10e1\u10d8\u10e0\u10d4\u10d1\u10d0\u10d3\u10d8<br \/>\u10d9\u10d5\u10d4\u10d1\u10d8\u10e1 \u10ec\u10e7\u10d0\u10e0\u10dd 5 V DC, 0.6 A<\/p>\n","protected":false},"excerpt":{"rendered":"<p>\u10e5\u10e1\u10d4\u10da\u10d8\u10e1 \u10de\u10d0\u10e0\u10d0\u10db\u10d4\u10e2\u10e0\u10d4\u10d1\u10d8\u10de\u10dd\u10e0\u10e2\u10d8\u10e1 \u10dc\u10dd\u10db\u10d4\u10e0\u10d8 5\u10de\u10dd\u10e0\u10e2\u10d8\u10e1 \u10e2\u10d8\u10de\u10d8 10\/100 Mbps RJ45 \u10de\u10dd\u10e0\u10e2\u10d4\u10d1\u10d8StandardIEEE 802.3, IEEE 802.3u, IEEE 802.3x\u10d2\u10d0\u10d3\u10d0\u10db\u10d8\u10e1\u10d0\u10db\u10d0\u10e0\u10d7\u10d4\u10d1\u10d0 ModeStore \u10d3\u10d0 \u10ec\u10d8\u10dc\u10e1\u10d5\u10da\u10d0MAC \u10db\u10d8\u10e1\u10d0\u10db\u10d0\u10e0\u10d7\u10d4\u10d1\u10d8\u10e1 \u10ea\u10ee\u10e0\u10d8\u10da\u10d8 1<\/p>\n","protected":false},"featured_media":32638,"comment_status":"open","ping_status":"closed","template":"","meta":[],"product_brand":[],"product_cat":[783,777],"product_tag":[],"class_list":{"0":"post-32640","1":"product","2":"type-product","3":"status-publish","4":"has-post-thumbnail","6":"product_cat-managed-switches","7":"product_cat-switches","9":"first","10":"instock","11":"taxable","12":"shipping-taxable","13":"purchasable","14":"product-type-simple"},"_links":{"self":[{"href":"https:\/\/iterra.ge\/en\/wp-json\/wp\/v2\/product\/32640","targetHints":{"allow":["GET"]}}],"collection":[{"href":"https:\/\/iterra.ge\/en\/wp-json\/wp\/v2\/product"}],"about":[{"href":"https:\/\/iterra.ge\/en\/wp-json\/wp\/v2\/types\/product"}],"replies":[{"embeddable":true,"href":"https:\/\/iterra.ge\/en\/wp-json\/wp\/v2\/comments?post=32640"}],"version-history":[{"count":0,"href":"https:\/\/iterra.ge\/en\/wp-json\/wp\/v2\/product\/32640\/revisions"}],"wp:featuredmedia":[{"embeddable":true,"href":"https:\/\/iterra.ge\/en\/wp-json\/wp\/v2\/media\/32638"}],"wp:attachment":[{"href":"https:\/\/iterra.ge\/en\/wp-json\/wp\/v2\/media?parent=32640"}],"wp:term":[{"taxonomy":"product_brand","embeddable":true,"href":"https:\/\/iterra.ge\/en\/wp-json\/wp\/v2\/product_brand?post=32640"},{"taxonomy":"product_cat","embeddable":true,"href":"https:\/\/iterra.ge\/en\/wp-json\/wp\/v2\/product_cat?post=32640"},{"taxonomy":"product_tag","embeddable":true,"href":"https:\/\/iterra.ge\/en\/wp-json\/wp\/v2\/product_tag?post=32640"}],"curies":[{"name":"wp","href":"https:\/\/api.w.org\/{rel}","templated":true}]}}