{"id":32715,"date":"2025-06-12T09:23:58","date_gmt":"2025-06-12T05:23:58","guid":{"rendered":"https:\/\/iterra.ge\/product\/%e1%83%99%e1%83%90%e1%83%9b%e1%83%94%e1%83%a0%e1%83%90-%e1%83%90%e1%83%9c%e1%83%90%e1%83%9a%e1%83%9d%e1%83%92%e1%83%98%e1%83%a3%e1%83%a0%e1%83%98-ae-vc153t-it_2-8%e1%83%a1%e1%83%90%e1%83%90%e1%83%95\/"},"modified":"2026-02-25T00:00:36","modified_gmt":"2026-02-25T00:00:36","slug":"%e1%83%99%e1%83%90%e1%83%9b%e1%83%94%e1%83%a0%e1%83%90-%e1%83%90%e1%83%9c%e1%83%90%e1%83%9a%e1%83%9d%e1%83%92%e1%83%98%e1%83%a3%e1%83%a0%e1%83%98-ae-vc153t-it_2-8%e1%83%a1%e1%83%90%e1%83%90%e1%83%95","status":"publish","type":"product","link":"https:\/\/iterra.ge\/en\/product\/%e1%83%99%e1%83%90%e1%83%9b%e1%83%94%e1%83%a0%e1%83%90-%e1%83%90%e1%83%9c%e1%83%90%e1%83%9a%e1%83%9d%e1%83%92%e1%83%98%e1%83%a3%e1%83%a0%e1%83%98-ae-vc153t-it_2-8%e1%83%a1%e1%83%90%e1%83%90%e1%83%95\/","title":{"rendered":"\u10d9\u10d0\u10db\u10d4\u10e0\u10d0 \u10d0\u10dc\u10d0\u10da\u10dd\u10d2\u10d8\u10e3\u10e0\u10d8 AE-VC153T-IT_2.8,\u10e1\u10d0\u10d0\u10d5\u10e2\u10dd\u10db\u10dd\u10d1\u10d8\u10da\u10dd \u10e1\u10d8\u10e1\u10e2\u10d4\u10db\u10d4\u10d1\u10d8\u10e1\u10d7\u10d5\u10d8\u10e1"},"content":{"rendered":"<p><b>Camera<\/b><\/p>\n<ul>\n<li><span class=\"tech-specs-items-description__title\">Shutter Speed<\/span><span class=\"tech-specs-items-description__title-details\">1\/25 s to 1\/50,000 s<\/span><\/li>\n<li><span class=\"tech-specs-items-description__title\">P\/N<\/span><span class=\"tech-specs-items-description__title-details\">P (Default format is PAL and support switching to NTSC)<\/span><\/li>\n<li><span class=\"tech-specs-items-description__title\">Wide Dynamic Range<\/span><span class=\"tech-specs-items-description__title-details\">85dB<\/span><\/li>\n<li><span class=\"tech-specs-items-description__title\">Day &amp; Night<\/span><span class=\"tech-specs-items-description__title-details\">Electronic<\/span><\/li>\n<\/ul>\n<p><b>Lens<\/b><\/p>\n<ul>\n<li><span class=\"tech-specs-items-description__title\">Lens Mount<\/span><span class=\"tech-specs-items-description__title-details\">M12<\/span><\/li>\n<\/ul>\n<p><b>Video<\/b><\/p>\n<ul>\n<li><span class=\"tech-specs-items-description__title\">Frame Rate<\/span><span class=\"tech-specs-items-description__title-details\">720P@25 fps<\/span><\/li>\n<\/ul>\n<p><b>Image<\/b><\/p>\n<ul>\n<li><span class=\"tech-specs-items-description__title\">SNR<\/span><span class=\"tech-specs-items-description__title-details\">42 dB<\/span><\/li>\n<\/ul>\n<p><b>Interface<\/b><\/p>\n<ul>\n<li><span class=\"tech-specs-items-description__title\">Video Output<\/span><span class=\"tech-specs-items-description__title-details\">TVI<\/span><\/li>\n<li><span class=\"tech-specs-items-description__title\">Built-In Microphone<\/span><span class=\"tech-specs-items-description__title-details\">No<\/span><\/li>\n<li><span class=\"tech-specs-items-description__title\">Built-In Speaker<\/span><span class=\"tech-specs-items-description__title-details\">No<\/span><\/li>\n<li><span class=\"tech-specs-items-description__title\">Audio<\/span><span class=\"tech-specs-items-description__title-details\">No<\/span><\/li>\n<li><span class=\"tech-specs-items-description__title\">Interface Style<\/span><span class=\"tech-specs-items-description__title-details\">\n<p>1 Vpp Composite Output (aviation plug)<\/p>\n<p>1: video, 2: empty, 3: power, 4: ground<\/p>\n<p><\/span><\/li>\n<\/ul>\n<p><b>Supplement Light Unit<\/b><\/p>\n<ul>\n<li><span class=\"tech-specs-items-description__title\">Power Supply<\/span><span class=\"tech-specs-items-description__title-details\">9 to 16 V DC<\/span><\/li>\n<li><span class=\"tech-specs-items-description__title\">Power Consumption<\/span><span class=\"tech-specs-items-description__title-details\">Max. 2.5 W<\/span><\/li>\n<\/ul>\n<p><b>General<\/b><\/p>\n<ul>\n<li><span class=\"tech-specs-items-description__title\">Camera Dimension<\/span><span class=\"tech-specs-items-description__title-details\">83.2 mm \u00d7 46 mm \u00d7 41.6 mm (3.28&#8243; \u00d7 1.81&#8243; \u00d7 1.64&#8243;)<\/span><\/li>\n<li><span class=\"tech-specs-items-description__title\">Startup And Operating Conditions<\/span><span class=\"tech-specs-items-description__title-details\">-40 \u00b0C to 75 \u00b0C (-40 \u00b0F to 167 \u00b0F), 90&gt;#\/span###<\/span><\/li>\n<\/ul>\n","protected":false},"excerpt":{"rendered":"<p>Camera Shutter Speed1\/25 s to 1\/50,000 s P\/NP (Default format is PAL and support switching to NTSC) Wide Dynamic Range85dB<\/p>\n","protected":false},"featured_media":32714,"comment_status":"open","ping_status":"closed","template":"","meta":[],"product_brand":[],"product_cat":[1610],"product_tag":[],"class_list":{"0":"post-32715","1":"product","2":"type-product","3":"status-publish","4":"has-post-thumbnail","6":"product_cat-analog-cameras","8":"first","9":"outofstock","10":"taxable","11":"shipping-taxable","12":"purchasable","13":"product-type-simple"},"_links":{"self":[{"href":"https:\/\/iterra.ge\/en\/wp-json\/wp\/v2\/product\/32715","targetHints":{"allow":["GET"]}}],"collection":[{"href":"https:\/\/iterra.ge\/en\/wp-json\/wp\/v2\/product"}],"about":[{"href":"https:\/\/iterra.ge\/en\/wp-json\/wp\/v2\/types\/product"}],"replies":[{"embeddable":true,"href":"https:\/\/iterra.ge\/en\/wp-json\/wp\/v2\/comments?post=32715"}],"version-history":[{"count":0,"href":"https:\/\/iterra.ge\/en\/wp-json\/wp\/v2\/product\/32715\/revisions"}],"wp:featuredmedia":[{"embeddable":true,"href":"https:\/\/iterra.ge\/en\/wp-json\/wp\/v2\/media\/32714"}],"wp:attachment":[{"href":"https:\/\/iterra.ge\/en\/wp-json\/wp\/v2\/media?parent=32715"}],"wp:term":[{"taxonomy":"product_brand","embeddable":true,"href":"https:\/\/iterra.ge\/en\/wp-json\/wp\/v2\/product_brand?post=32715"},{"taxonomy":"product_cat","embeddable":true,"href":"https:\/\/iterra.ge\/en\/wp-json\/wp\/v2\/product_cat?post=32715"},{"taxonomy":"product_tag","embeddable":true,"href":"https:\/\/iterra.ge\/en\/wp-json\/wp\/v2\/product_tag?post=32715"}],"curies":[{"name":"wp","href":"https:\/\/api.w.org\/{rel}","templated":true}]}}