{"id":32874,"date":"2025-06-12T09:26:28","date_gmt":"2025-06-12T05:26:28","guid":{"rendered":"https:\/\/iterra.ge\/product\/%e1%83%99%e1%83%90%e1%83%9b%e1%83%94%e1%83%a0%e1%83%90hiwatch-ds-t207b-2-8-12mmhdtvi2mpdomefixir30m\/"},"modified":"2026-02-25T00:00:38","modified_gmt":"2026-02-25T00:00:38","slug":"%e1%83%99%e1%83%90%e1%83%9b%e1%83%94%e1%83%a0%e1%83%90hiwatch-ds-t207b-2-8-12mmhdtvi2mpdomefixir30m","status":"publish","type":"product","link":"https:\/\/iterra.ge\/en\/product\/%e1%83%99%e1%83%90%e1%83%9b%e1%83%94%e1%83%a0%e1%83%90hiwatch-ds-t207b-2-8-12mmhdtvi2mpdomefixir30m\/","title":{"rendered":"\u10d9\u10d0\u10db\u10d4\u10e0\u10d0,Hiwatch, DS-T207(B), 2.8-12mm,HDTVI,2mp,Dome,Fix,IR30m,,"},"content":{"rendered":"<p>\u10db\u10dd\u10ec\u10e7\u10dd\u10d1\u10d8\u10da\u10dd\u10d1\u10d8\u10e1 \u10e2\u10d8\u10de\u10d8 TVI \u10d9\u10d0\u10db\u10d4\u10e0\u10d0, \u10d2\u10e3\u10db\u10d1\u10d0\u10d7\u10d8<\/p>\n<p>\u10dc\u10d4\u10d1\u10d0\u10e0\u10d7\u10d5\u10d0: 2.0 MP (1920 x 1080)<\/p>\n<p>\u10dd\u10d1\u10d8\u10d4\u10e5\u10e2\u10d8\u10d5\u10d8: f2.8~12.0mm, Varifocal<\/p>\n<p>\u10ee\u10d4\u10d3\u10d5\u10d8\u10e1 \u10d9\u10e3\u10d7\u10ee\u10d4: 102.4\u00b0 ~ 32.0\u00b0<\/p>\n<p>\u10e3\u10d9\u10d0\u10dc\u10d0 \u10d2\u10d0\u10dc\u10d0\u10d7\u10d4\u10d1\u10d0: EXIR 30 \u10db-\u10db\u10d3\u10d4.<\/p>\n<p>\u10db\u10d0\u10ee\u10d0\u10e1\u10d8\u10d0\u10d7\u10d4\u10d1\u10da\u10d4\u10d1\u10d8: DWDR, BLC, HLC, 3D DNR, ROI<\/p>\n<p>\u10d8\u10dc\u10e2\u10d4\u10e0\u10e4\u10d4\u10d8\u10e1\u10d4\u10d1\u10d8: 1\u00d7DC12V, 1\u00d7BNC, 1\u00d7\u10d2\u10d0\u10db\u10e0\u10d7\u10d5\u10d4\u10da\u10d8<\/p>\n<p>\u10d9\u10dd\u10dc\u10e2\u10e0\u10dd\u10da\u10d8: OSD \u10db\u10d4\u10dc\u10d8\u10e3<\/p>\n<p>\u10e4\u10dd\u10e2\u10dd\u10db\u10d2\u10e0\u10eb\u10dc\u10dd\u10d1\u10d4\u10da\u10dd\u10d1\u10d0: 0.01 lx. @(F1.2, AGC \u10e9\u10d0\u10e0\u10d7\u10e3\u10da\u10d8), 0 \u10da\u10e3\u10e5\u10e1\u10d8. IR-\u10d8\u10d7<\/p>\n<p>\u10d3\u10e6\u10d4\/\u10e6\u10d0\u10db\u10d8\u10e1 \u10e0\u10d4\u10df\u10d8\u10db\u10d8: \u10db\u10d4\u10e5\u10d0\u10dc\u10d8\u10d9\u10e3\u10e0\u10d8 IR \u10ed\u10e0\u10d8\u10e1 \u10e4\u10d8\u10da\u10e2\u10e0\u10d8 \u10d0\u10d5\u10e2\u10dd\u10db\u10d0\u10e2\u10e3\u10e0\u10d8 \u10d2\u10d0\u10d3\u10d0\u10e0\u10d7\u10d5\u10d8\u10d7<\/p>\n<p>\u10de\u10d0\u10dc \u10d3\u10d0 \u10d3\u10d0\u10ee\u10e0\u10d8\u10da\u10dd\u10d1\u10d0: \u10d8\u10dc\u10e1\u10e2\u10d0\u10da\u10d0\u10ea\u10d8\u10d8\u10e1 \u10d3\u10e0\u10dd\u10e1: \u10e0\u10dd\u10e2\u10d0\u10ea\u10d8\u10d0: 0 \u00b0 &#8211; 340 \u00b0; \u10d3\u10d0\u10ee\u10e0\u10d8\u10da\u10dd\u10d1\u10d0: 0\u00b0 &#8211; 75\u00b0; \u10e0\u10dd\u10e2\u10d0\u10ea\u10d8\u10d0: 0\u00b0 &#8211; 355\u00b0<\/p>\n<p>\u10d9\u10d5\u10d4\u10d1\u10d8\u10e1 \u10ec\u10e7\u10d0\u10e0\u10dd: DC 12V\u00b115&gt;#\/p###<\/p>\n<p>\u10d4\u10dc\u10d4\u10e0\u10d2\u10d8\u10d8\u10e1 \u10db\u10dd\u10ee\u10db\u10d0\u10e0\u10d4\u10d1\u10d0: 3 W. (\u10db\u10d0\u10e5\u10e1\u10d8\u10db\u10d0\u10da\u10e3\u10e0\u10d8)<\/p>\n<p>\u10d9\u10dd\u10e0\u10de\u10e3\u10e1\u10d8\u10e1 \u10db\u10d0\u10e1\u10d0\u10da\u10d0: \u10da\u10d8\u10d7\u10dd\u10dc\u10d8<\/p>\n<p>\u10d3\u10d0\u10ea\u10d5\u10d8\u10e1 \u10d9\u10da\u10d0\u10e1\u10d8: IP67<\/p>\n<p>\u10e1\u10d0\u10db\u10e3\u10e8\u10d0\u10dd \u10e2\u10d4\u10db\u10de\u10d4\u10e0\u10d0\u10e2\u10e3\u10e0\u10d0: -20\u00b0C ~ +60\u00b0C<\/p>\n<p>\u10d4\u10e0\u10d7\u10d4\u10e3\u10da\u10d8\u10e1 \u10d6\u10dd\u10db\u10d0 \u10db\u10db 150x150x140<\/p>\n","protected":false},"excerpt":{"rendered":"<p>\u10db\u10dd\u10ec\u10e7\u10dd\u10d1\u10d8\u10da\u10dd\u10d1\u10d8\u10e1 \u10e2\u10d8\u10de\u10d8 TVI \u10d9\u10d0\u10db\u10d4\u10e0\u10d0, \u10d2\u10e3\u10db\u10d1\u10d0\u10d7\u10d8 \u10dc\u10d4\u10d1\u10d0\u10e0\u10d7\u10d5\u10d0: 2.0 MP (1920 x 1080) \u10dd\u10d1\u10d8\u10d4\u10e5\u10e2\u10d8\u10d5\u10d8: f2.8~12.0mm, Varifocal \u10ee\u10d4\u10d3\u10d5\u10d8\u10e1 \u10d9\u10e3\u10d7\u10ee\u10d4: 102.4\u00b0 ~ 32.0\u00b0 \u10e3\u10d9\u10d0\u10dc\u10d0<\/p>\n","protected":false},"featured_media":32873,"comment_status":"open","ping_status":"closed","template":"","meta":[],"product_brand":[],"product_cat":[825,1610],"product_tag":[],"class_list":{"0":"post-32874","1":"product","2":"type-product","3":"status-publish","4":"has-post-thumbnail","6":"product_cat-2mp-ip-cameras","7":"product_cat-analog-cameras","9":"first","10":"instock","11":"taxable","12":"shipping-taxable","13":"purchasable","14":"product-type-simple"},"_links":{"self":[{"href":"https:\/\/iterra.ge\/en\/wp-json\/wp\/v2\/product\/32874","targetHints":{"allow":["GET"]}}],"collection":[{"href":"https:\/\/iterra.ge\/en\/wp-json\/wp\/v2\/product"}],"about":[{"href":"https:\/\/iterra.ge\/en\/wp-json\/wp\/v2\/types\/product"}],"replies":[{"embeddable":true,"href":"https:\/\/iterra.ge\/en\/wp-json\/wp\/v2\/comments?post=32874"}],"version-history":[{"count":1,"href":"https:\/\/iterra.ge\/en\/wp-json\/wp\/v2\/product\/32874\/revisions"}],"predecessor-version":[{"id":47942,"href":"https:\/\/iterra.ge\/en\/wp-json\/wp\/v2\/product\/32874\/revisions\/47942"}],"wp:featuredmedia":[{"embeddable":true,"href":"https:\/\/iterra.ge\/en\/wp-json\/wp\/v2\/media\/32873"}],"wp:attachment":[{"href":"https:\/\/iterra.ge\/en\/wp-json\/wp\/v2\/media?parent=32874"}],"wp:term":[{"taxonomy":"product_brand","embeddable":true,"href":"https:\/\/iterra.ge\/en\/wp-json\/wp\/v2\/product_brand?post=32874"},{"taxonomy":"product_cat","embeddable":true,"href":"https:\/\/iterra.ge\/en\/wp-json\/wp\/v2\/product_cat?post=32874"},{"taxonomy":"product_tag","embeddable":true,"href":"https:\/\/iterra.ge\/en\/wp-json\/wp\/v2\/product_tag?post=32874"}],"curies":[{"name":"wp","href":"https:\/\/api.w.org\/{rel}","templated":true}]}}