{"id":32884,"date":"2025-06-12T09:27:02","date_gmt":"2025-06-12T05:27:02","guid":{"rendered":"https:\/\/iterra.ge\/product\/%e1%83%a9%e1%83%90%e1%83%9b%e1%83%ac%e1%83%94%e1%83%a0%e1%83%98dvr-hikvision-ids-7204huhi-m1-fa-1sata4chaocacusense\/"},"modified":"2026-02-25T00:00:38","modified_gmt":"2026-02-25T00:00:38","slug":"%e1%83%a9%e1%83%90%e1%83%9b%e1%83%ac%e1%83%94%e1%83%a0%e1%83%98dvr-hikvision-ids-7204huhi-m1-fa-1sata4chaocacusense","status":"publish","type":"product","link":"https:\/\/iterra.ge\/en\/product\/%e1%83%a9%e1%83%90%e1%83%9b%e1%83%ac%e1%83%94%e1%83%a0%e1%83%98dvr-hikvision-ids-7204huhi-m1-fa-1sata4chaocacusense\/","title":{"rendered":"\u10e9\u10d0\u10db\u10ec\u10d4\u10e0\u10d8,DVR Hikvision, iDS-7204HUHI-M1\/FA, 1sata,4ch,AoC,AcuSense,,,,"},"content":{"rendered":"<p>\u10e1\u10d0\u10ee\u10d8\u10e1 \u10d0\u10db\u10dd\u10ea\u10dc\u10dd\u10d1\u10d0<br \/>\u10e1\u10d0\u10ee\u10d8\u10e1 \u10e1\u10e3\u10e0\u10d0\u10d7\u10d4\u10d1\u10d8\u10e1 \u10d1\u10d8\u10d1\u10da\u10d8\u10dd\u10d7\u10d4\u10d9\u10d0 16-\u10db\u10d3\u10d4 \u10e1\u10d0\u10ee\u10d8\u10e1 \u10e1\u10e3\u10e0\u10d0\u10d7\u10d4\u10d1\u10d8\u10e1 \u10d1\u10d8\u10d1\u10da\u10d8\u10dd\u10d7\u10d4\u10d9\u10d0, \u10e1\u10e3\u10da 500-\u10db\u10d3\u10d4 \u10e1\u10d0\u10ee\u10d8\u10e1 \u10e1\u10e3\u10e0\u10d0\u10d7\u10d8\u10d7 (\u10d7\u10d8\u10d7\u10dd\u10d4\u10e3\u10da\u10d8 \u10e1\u10e3\u10e0\u10d0\u10d7\u10d8 \u2264 1 \u10db\u10d1, \u10e1\u10d0\u10d4\u10e0\u10d7\u10dd \u10db\u10dd\u10ea\u10e3\u10da\u10dd\u10d1\u10d0 \u2264 80 \u10db\u10d1)<br \/>\u10e1\u10d0\u10ee\u10d8\u10e1 \u10e1\u10e3\u10e0\u10d0\u10d7\u10d4\u10d1\u10d8\u10e1 \u10e8\u10d4\u10d3\u10d0\u10e0\u10d4\u10d1\u10d0<br \/>\u10e1\u10d0\u10ee\u10d8\u10e1 \u10e1\u10e3\u10e0\u10d0\u10d7\u10d4\u10d1\u10d8\u10e1 \u10e8\u10d4\u10d3\u10d0\u10e0\u10d4\u10d1\u10d0, \u10e1\u10d0\u10ee\u10d8\u10e1 \u10e1\u10e3\u10e0\u10d0\u10d7\u10d4\u10d1\u10d8\u10e1 \u10eb\u10d4\u10d1\u10dc\u10d0;<\/p>\n<p>\u10e1\u10d0\u10ee\u10d8\u10e1 \u10e1\u10e3\u10e0\u10d0\u10d7\u10d8\u10e1 \u10e8\u10d4\u10d3\u10d0\u10e0\u10d4\u10d1\u10d8\u10e1 \u10e1\u10d8\u10d2\u10dc\u10d0\u10da\u10d8\u10d6\u10d0\u10ea\u10d8\u10d0 1 \u10ea\u10d0\u10da\u10d8\u10d0\u10dc\u10d8 (HD \u10d0\u10dc\u10d0\u10da\u10dd\u10d2\u10e3\u10e0\u10d8 \u10d9\u10d0\u10db\u10d4\u10e0\u10d0)<\/p>\n<p>\u10de\u10d4\u10e0\u10d8\u10db\u10d4\u10e2\u10e0\u10d8\u10e1 \u10d3\u10d0\u10ea\u10d5\u10d0<br \/>\u10d0\u10d3\u10d0\u10db\u10d8\u10d0\u10dc\u10d8\u10e1\/\u10e1\u10d0\u10e2\u10e0\u10d0\u10dc\u10e1\u10de\u10dd\u10e0\u10e2\u10dd \u10e1\u10d0\u10e8\u10e3\u10d0\u10da\u10d4\u10d1\u10d8\u10e1 \u10d0\u10dc\u10d0\u10da\u10d8\u10d6\u10d8 4-\u10e9-\u10db\u10d3\u10d4<br \/>\u10d5\u10d8\u10d3\u10d4\u10dd \u10d3\u10d0 \u10d0\u10e3\u10d3\u10d8\u10dd<br \/>IP \u10d5\u10d8\u10d3\u10d4\u10dd \u10e8\u10d4\u10e7\u10d5\u10d0\u10dc\u10d0<br \/>2-\u10e9 (6-\u10e9-\u10db\u10d3\u10d4)<\/p>\n<p>8 MP-\u10db\u10d3\u10d4 \u10d2\u10d0\u10e0\u10e9\u10d4\u10d5\u10d0\u10d3\u10dd\u10d1\u10d0<\/p>\n<p>IP \u10d2\u10d0\u10e3\u10db\u10ef\u10dd\u10d1\u10d4\u10e1\u10d4\u10d1\u10e3\u10da\u10d8 \u10e0\u10d4\u10df\u10d8\u10db\u10d8:<\/p>\n<p>4-ch (8-ch-\u10db\u10d3\u10d4), \u10d7\u10d8\u10d7\u10dd\u10d4\u10e3\u10da\u10d8 4 Mbps-\u10db\u10d3\u10d4<\/p>\n<p>H.265+\/H.265\/H.264+\/H.264 IP \u10d9\u10d0\u10db\u10d4\u10e0\u10d4\u10d1\u10d8\u10e1 \u10db\u10ee\u10d0\u10e0\u10d3\u10d0\u10ed\u10d4\u10e0\u10d0<\/p>\n<p>\u10d0\u10dc\u10d0\u10da\u10dd\u10d2\u10e3\u10e0\u10d8 \u10d5\u10d8\u10d3\u10d4\u10dd \u10e8\u10d4\u10e7\u10d5\u10d0\u10dc\u10d0<br \/>4-\u10e9<\/p>\n<p>BNC \u10d8\u10dc\u10e2\u10d4\u10e0\u10e4\u10d4\u10d8\u10e1\u10d8 (1.0 Vp-p, 75 \u03a9), \u10db\u10ee\u10d0\u10e0\u10e1 \u10e3\u10ed\u10d4\u10e0\u10e1 \u10d9\u10dd\u10d0\u10e5\u10e1\u10d8\u10e2\u10e0\u10dd\u10dc\u10e1<\/p>\n<p>HDMI \u10d2\u10d0\u10db\u10dd\u10db\u10d0\u10d5\u10d0\u10da\u10d8<br \/>1-ch, 2K (2560 \u00d7 1440)\/60Hz,<\/p>\n<p>1920 \u00d7 1080\/60 \u10f0\u10ea,<\/p>\n<p>1280 \u00d7 1024\/60 \u10f0\u10ea,<\/p>\n<p>1280 \u00d7 720\/60 \u10f0\u10ea<\/p>\n<p>HDMI\/VGA \u10d4\u10e0\u10d7\u10d3\u10e0\u10dd\u10e3\u10da\u10d8 \u10d2\u10d0\u10db\u10dd\u10db\u10d0\u10d5\u10d0\u10da\u10d8<\/p>\n<p>VGA \u10d2\u10d0\u10db\u10dd\u10db\u10d0\u10d5\u10d0\u10da\u10d8<br \/>1-ch, 1920 \u00d7 1080\/60 Hz,<\/p>\n<p>1280 \u00d7 1024\/60 \u10f0\u10ea,<\/p>\n<p>1280 \u00d7 720\/60 \u10f0\u10ea<\/p>\n<p>HDMI\/VGA \u10d4\u10e0\u10d7\u10d3\u10e0\u10dd\u10e3\u10da\u10d8 \u10d2\u10d0\u10db\u10dd\u10db\u10d0\u10d5\u10d0\u10da\u10d8<\/p>\n<p>CVBS InputPAL\/NTSC<br \/>CVBS \u10d2\u10d0\u10db\u10dd\u10db\u10d0\u10d5\u10d0\u10da\u10d8<br \/>1-ch, BNC (1.0 Vp-p, 75 \u03a9),<\/p>\n<p>\u10d2\u10d0\u10e0\u10e9\u10d4\u10d5\u10d0\u10d3\u10dd\u10d1\u10d0: PAL: 704 \u00d7 576, NTSC: 704 \u00d7 480<\/p>\n<p>\u10e1\u10d8\u10dc\u10e5\u10e0\u10dd\u10dc\u10e3\u10da\u10d8 \u10d3\u10d0\u10d9\u10d5\u10e0\u10d0 4-\u10e9<br \/>HDTVI \u10e8\u10d4\u10e7\u10d5\u10d0\u10dc\u10d0 8 MP(3840 \u00d7 2160) @ 15 fps, 8 MP (3840 \u00d7 2160) @ 12 fps, 3K (2960 x 1665) @ 20 fps, 5 MP (2560 \u00d7 1944) @ 20 fps, 5 4 \u00d7 1 )@12 fps, 4 MP(2560 \u00d7 1440) @ 30 fps, 4 MP (2560 \u00d7 1440)@25 fps, 3 MP@18 fps, 1080p@30 fps, 1080p@25 fps, 720p@30 fps, 7 25 fps<br \/>AHD \u10e8\u10d4\u10e7\u10d5\u10d0\u10dc\u10d0 5 MP (2560 \u00d7 1944) @ 20 fps, 5 MP (2560 \u00d7 1944) @ 12 fps, 4 MP (2560 \u00d7 1440) @ 30 fps, 4 MP (2560 \u00d7 1440) @ 25 fps, 3 fps, 1080, p 1080p@25 fps, 720p@30 fps, 720p@25 fps<br \/>HDCVI \u10e8\u10d4\u10e7\u10d5\u10d0\u10dc\u10d0 8 MP (3840 \u00d7 2160) @ 15 fps, 8 MP (3840 \u00d7 2160) @ 12 fps, 5 MP (2592 \u00d7 1944) @ 20 fps, 4 MP (2560 \u00d7 1440) @ 30 fps, 4 \u00d7 2 1440)@25 fps, 1080p@30 fps, 1080p@25 fps, 720p@30 fps, 720p@25 fps<br \/>\u10d0\u10e3\u10d3\u10d8\u10dd \u10d2\u10d0\u10db\u10dd\u10db\u10d0\u10d5\u10d0\u10da\u10d8 1-ch, RCA (\u10ee\u10d0\u10d6\u10dd\u10d5\u10d0\u10dc\u10d8, 1 K\u03a9)<br \/>\u10d0\u10e3\u10d3\u10d8\u10dd \u10e8\u10d4\u10e7\u10d5\u10d0\u10dc\u10d0 1-ch, RCA (2.0 Vp-p, 1 K\u03a9); 4-ch \u10d9\u10dd\u10d0\u10e5\u10e1\u10d8\u10d0\u10da\u10e3\u10e0\u10d8 \u10d9\u10d0\u10d1\u10d4\u10da\u10d8\u10e1 \u10db\u10d4\u10e8\u10d5\u10d4\u10dd\u10d1\u10d8\u10d7<br \/>\u10dd\u10e0\u10db\u10ee\u10e0\u10d8\u10d5\u10d8 \u10d0\u10e3\u10d3\u10d8\u10dd1-ch, RCA (2.0 Vp-p, 1 K\u03a9) (\u10de\u10d8\u10e0\u10d5\u10d4\u10da\u10d8 \u10d0\u10e3\u10d3\u10d8\u10dd \u10e8\u10d4\u10e7\u10d5\u10d0\u10dc\u10d8\u10e1 \u10d2\u10d0\u10db\u10dd\u10e7\u10d4\u10dc\u10d4\u10d1\u10d8\u10d7)<br \/>\u10e9\u10d0\u10ec\u10d4\u10e0\u10d0<br \/>\u10d5\u10d8\u10d3\u10d4\u10dd \u10e8\u10d4\u10d9\u10e3\u10db\u10e8\u10d5\u10d0 H.265 Pro+\/H.265 Pro\/H.265\/H.264+\/H.264<br \/>\u10d9\u10dd\u10d3\u10d8\u10e0\u10d4\u10d1\u10d8\u10e1 \u10e0\u10d4\u10d6\u10dd\u10da\u10e3\u10ea\u10d8\u10d0<br \/>\u10db\u10d7\u10d0\u10d5\u10d0\u10e0\u10d8 \u10dc\u10d0\u10d9\u10d0\u10d3\u10d8:<\/p>\n<p>8 MP@8 fps\/3K@12 fps\/5 MP@12 fps\/4 MP@15 fps\/8 MP Lite@15 fps\/3 MP@18 fps<\/p>\n<p>1080p\/720p\/WD1\/4CIF\/VGA\/CIF@25 fps (P)\/30 fps (N)<\/p>\n<p>*: 8 MP@8 fps \u10ee\u10d4\u10da\u10db\u10d8\u10e1\u10d0\u10ec\u10d5\u10d3\u10dd\u10db\u10d8\u10d0 \u10db\u10ee\u10dd\u10da\u10dd\u10d3 1 \u10d0\u10e0\u10ee\u10d8\u10e1\u10d7\u10d5\u10d8\u10e1, 8 MP Lite \u10ee\u10d4\u10da\u10db\u10d8\u10e1\u10d0\u10ec\u10d5\u10d3\u10dd\u10db\u10d8\u10d0 \u10db\u10ee\u10dd\u10da\u10dd\u10d3 2-\u10d3\u10d0\u10dc \u10db\u10d4-4 \u10d0\u10e0\u10ee\u10d0\u10db\u10d3\u10d4.<\/p>\n<p>\u10e5\u10d5\u10d4\u10dc\u10d0\u10d9\u10d0\u10d3\u10d8:<\/p>\n<p>WD1\/4CIF\/CIF@25 fps (P)\/30 fps (N)<\/p>\n<p>\u10d5\u10d8\u10d3\u10d4\u10dd \u10d1\u10d8\u10e2\u10d8\u10e1 \u10e1\u10d8\u10e9\u10e5\u10d0\u10e0\u10d4 32 Kbps-\u10d3\u10d0\u10dc 10 Mbps-\u10db\u10d3\u10d4<br \/>Dual-StreamSupport<br \/>\u10dc\u10d0\u10d9\u10d0\u10d3\u10d8\u10e1 \u10e2\u10d8\u10de\u10d8 \u10d5\u10d8\u10d3\u10d4\u10dd, \u10d5\u10d8\u10d3\u10d4\u10dd \u10d3\u10d0 \u10d0\u10e3\u10d3\u10d8\u10dd<br \/>\u10d0\u10e3\u10d3\u10d8\u10dd \u10e8\u10d4\u10d9\u10e3\u10db\u10e8\u10d5\u10d0 G.711u<br \/>\u10d0\u10e3\u10d3\u10d8\u10dd \u10d1\u10d8\u10e2\u10d8\u10e1 \u10e1\u10d8\u10e9\u10e5\u10d0\u10e0\u10d4 64 Kbps<br \/>\u10e5\u10e1\u10d4\u10da\u10d8<br \/>\u10db\u10d7\u10da\u10d8\u10d0\u10dc\u10d8 \u10d2\u10d0\u10db\u10e2\u10d0\u10e0\u10dd\u10d1\u10d0 96 Mbps<br \/>\u10e5\u10e1\u10d4\u10da\u10d8\u10e1 \u10de\u10e0\u10dd\u10e2\u10dd\u10d9\u10dd\u10da\u10d8TCP\/IP, PPPoE, DHCP, Hik-Connect, DNS, DDNS, NTP, SADP, NFS, iSCSI, UPnP&trade;, HTTPS, ONVIF<br \/>\u10d3\u10d8\u10e1\u10e2\u10d0\u10dc\u10ea\u10d8\u10e3\u10e0\u10d8 \u10d9\u10d0\u10d5\u10e8\u10d8\u10e0\u10d832<br \/>\u10e5\u10e1\u10d4\u10da\u10d8\u10e1 \u10d8\u10dc\u10e2\u10d4\u10e0\u10e4\u10d4\u10d8\u10e1\u10d81, RJ45 10\/100 Mbps \u10d7\u10d5\u10d8\u10d7\u10d0\u10d3\u10d0\u10de\u10e2\u10d8\u10e0\u10d4\u10d1\u10d0\u10d3\u10d8 Ethernet \u10d8\u10dc\u10e2\u10d4\u10e0\u10e4\u10d4\u10d8\u10e1\u10d8<br \/>\u10d3\u10d0\u10db\u10ee\u10db\u10d0\u10e0\u10d4 \u10d8\u10dc\u10e2\u10d4\u10e0\u10e4\u10d4\u10d8\u10e1\u10d8<br \/>SATA1 SATA \u10d8\u10dc\u10e2\u10d4\u10e0\u10e4\u10d4\u10d8\u10e1\u10d8<br \/>\u10e2\u10d4\u10d5\u10d0\u10d3\u10dd\u10d1\u10d0 10 \u10e2\u10d1-\u10db\u10d3\u10d4 \u10e2\u10d4\u10d5\u10d0\u10d3\u10dd\u10d1\u10d0 \u10d7\u10d8\u10d7\u10dd\u10d4\u10e3\u10da\u10d8 \u10d3\u10d8\u10e1\u10d9\u10d8\u10e1\u10d7\u10d5\u10d8\u10e1<br \/>\u10e1\u10d4\u10e0\u10d8\u10e3\u10da\u10d8 \u10d8\u10dc\u10e2\u10d4\u10e0\u10e4\u10d4\u10d8\u10e1\u10d8RS-485 (\u10dc\u10d0\u10ee\u10d4\u10d5\u10e0\u10d0\u10d3 \u10d3\u10e3\u10de\u10da\u10d4\u10e5\u10e1\u10d8)<br \/>USB \u10d8\u10dc\u10e2\u10d4\u10e0\u10e4\u10d4\u10d8\u10e1\u10d8<br \/>\u10ec\u10d8\u10dc\u10d0 \u10de\u10d0\u10dc\u10d4\u10da\u10d8: 1 \u00d7 USB 2.0;<\/p>\n<p>\u10e3\u10d9\u10d0\u10dc\u10d0 \u10de\u10d0\u10dc\u10d4\u10da\u10d8: 1 \u00d7 USB 2.0<\/p>\n<p>\u10e1\u10d8\u10d2\u10dc\u10d0\u10da\u10d8\u10d6\u10d0\u10ea\u10d8\u10d0 In\/OutN\/A<br \/>\u10d2\u10d4\u10dc\u10d4\u10e0\u10d0\u10da\u10d8<br \/>\u10d9\u10d5\u10d4\u10d1\u10d8\u10e1 \u10ec\u10e7\u10d0\u10e0\u10dd 12 VDC, 1.5 \u10d0<br \/>\u10db\u10dd\u10ee\u10db\u10d0\u10e0\u10d4\u10d1\u10d0\u2264 10 \u10d5\u10e2<br \/>\u10e1\u10d0\u10db\u10e3\u10e8\u10d0\u10dd \u10e2\u10d4\u10db\u10de\u10d4\u10e0\u10d0\u10e2\u10e3\u10e0\u10d0-10 \u00b0C-\u10d3\u10d0\u10dc 55 \u00b0C-\u10db\u10d3\u10d4 (14 \u00b0F-\u10d3\u10d0\u10dc 131 \u00b0F-\u10db\u10d3\u10d4)<br \/>\u10e1\u10d0\u10db\u10e3\u10e8\u10d0\u10dd \u10e2\u10d4\u10dc\u10d8\u10d0\u10dc\u10dd\u10d1\u10d0 10% \u10d3\u10d0\u10dc 90&gt;#\/span###<br \/>\u10d6\u10dd\u10db\u10d0 (W \u00d7 D \u00d7 H) 315 \u00d7 242 \u00d7 45 \u10db\u10db (12.4 \u00d7 9.5 \u00d7 1.8 \u10d8\u10dc\u10e9\u10d8)<br \/>\u10ec\u10dd\u10dc\u10d0\u2264 1.16 \u10d9\u10d2 (2.6 lb)<\/p>\n","protected":false},"excerpt":{"rendered":"<p>\u10e1\u10d0\u10ee\u10d8\u10e1 \u10d0\u10db\u10dd\u10ea\u10dc\u10dd\u10d1\u10d0\u10e1\u10d0\u10ee\u10d8\u10e1 \u10e1\u10e3\u10e0\u10d0\u10d7\u10d4\u10d1\u10d8\u10e1 \u10d1\u10d8\u10d1\u10da\u10d8\u10dd\u10d7\u10d4\u10d9\u10d0 16-\u10db\u10d3\u10d4 \u10e1\u10d0\u10ee\u10d8\u10e1 \u10e1\u10e3\u10e0\u10d0\u10d7\u10d4\u10d1\u10d8\u10e1 \u10d1\u10d8\u10d1\u10da\u10d8\u10dd\u10d7\u10d4\u10d9\u10d0, \u10e1\u10e3\u10da 500-\u10db\u10d3\u10d4 \u10e1\u10d0\u10ee\u10d8\u10e1 \u10e1\u10e3\u10e0\u10d0\u10d7\u10d8\u10d7 (\u10d7\u10d8\u10d7\u10dd\u10d4\u10e3\u10da\u10d8 \u10e1\u10e3\u10e0\u10d0\u10d7\u10d8 \u2264 1 \u10db\u10d1, \u10e1\u10d0\u10d4\u10e0\u10d7\u10dd \u10db\u10dd\u10ea\u10e3\u10da\u10dd\u10d1\u10d0 \u2264<\/p>\n","protected":false},"featured_media":32883,"comment_status":"open","ping_status":"closed","template":"","meta":[],"product_brand":[],"product_cat":[1610,832],"product_tag":[],"class_list":{"0":"post-32884","1":"product","2":"type-product","3":"status-publish","4":"has-post-thumbnail","6":"product_cat-analog-cameras","7":"product_cat-network-video-recorder-nvr","9":"first","10":"instock","11":"taxable","12":"shipping-taxable","13":"purchasable","14":"product-type-simple"},"_links":{"self":[{"href":"https:\/\/iterra.ge\/en\/wp-json\/wp\/v2\/product\/32884","targetHints":{"allow":["GET"]}}],"collection":[{"href":"https:\/\/iterra.ge\/en\/wp-json\/wp\/v2\/product"}],"about":[{"href":"https:\/\/iterra.ge\/en\/wp-json\/wp\/v2\/types\/product"}],"replies":[{"embeddable":true,"href":"https:\/\/iterra.ge\/en\/wp-json\/wp\/v2\/comments?post=32884"}],"version-history":[{"count":0,"href":"https:\/\/iterra.ge\/en\/wp-json\/wp\/v2\/product\/32884\/revisions"}],"wp:featuredmedia":[{"embeddable":true,"href":"https:\/\/iterra.ge\/en\/wp-json\/wp\/v2\/media\/32883"}],"wp:attachment":[{"href":"https:\/\/iterra.ge\/en\/wp-json\/wp\/v2\/media?parent=32884"}],"wp:term":[{"taxonomy":"product_brand","embeddable":true,"href":"https:\/\/iterra.ge\/en\/wp-json\/wp\/v2\/product_brand?post=32884"},{"taxonomy":"product_cat","embeddable":true,"href":"https:\/\/iterra.ge\/en\/wp-json\/wp\/v2\/product_cat?post=32884"},{"taxonomy":"product_tag","embeddable":true,"href":"https:\/\/iterra.ge\/en\/wp-json\/wp\/v2\/product_tag?post=32884"}],"curies":[{"name":"wp","href":"https:\/\/api.w.org\/{rel}","templated":true}]}}