{"id":32903,"date":"2025-06-12T09:27:14","date_gmt":"2025-06-12T05:27:14","guid":{"rendered":"https:\/\/iterra.ge\/product\/%e1%83%99%e1%83%90%e1%83%9b%e1%83%94%e1%83%a0%e1%83%90hikvision-ds-2cd2043g0-i-2-8mmip4mpbulletfixir30mblack\/"},"modified":"2026-02-25T00:00:39","modified_gmt":"2026-02-25T00:00:39","slug":"%e1%83%99%e1%83%90%e1%83%9b%e1%83%94%e1%83%a0%e1%83%90hikvision-ds-2cd2043g0-i-2-8mmip4mpbulletfixir30mblack","status":"publish","type":"product","link":"https:\/\/iterra.ge\/en\/product\/%e1%83%99%e1%83%90%e1%83%9b%e1%83%94%e1%83%a0%e1%83%90hikvision-ds-2cd2043g0-i-2-8mmip4mpbulletfixir30mblack\/","title":{"rendered":"\u10d9\u10d0\u10db\u10d4\u10e0\u10d0,Hikvision, DS-2CD2043G0-I, 2.8mm,IP,4mp,Bullet,Fix,IR30m,Black,"},"content":{"rendered":"<p>\u10d9\u10d0\u10db\u10d4\u10e0\u10d0<br \/>\u10e1\u10e3\u10e0\u10d0\u10d7\u10d8\u10e1 \u10e1\u10d4\u10dc\u10e1\u10dd\u10e0\u10d8 1\/3&#8243; \u10de\u10e0\u10dd\u10d2\u10e0\u10d4\u10e1\u10e3\u10da\u10d8 \u10e1\u10d9\u10d0\u10dc\u10d8\u10e0\u10d4\u10d1\u10d0 CMOS<br \/>\u10db\u10d8\u10dc. IlluminationColor: 0.01 Lux @ (F1.2, AGC ON), 0.018 Lux @ (F1.6, AGC ON), 0 Lux IR<br \/>\u10e9\u10d0\u10db\u10d9\u10d4\u10e2\u10d8\u10e1 \u10e1\u10d8\u10e9\u10e5\u10d0\u10e0\u10d4 1\/3 \u10ec\u10db-\u10d3\u10d0\u10dc 1\/100000 \u10ec\u10db-\u10db\u10d3\u10d4<br \/>\u10dc\u10d4\u10da\u10d8 \u10e9\u10d0\u10db\u10d9\u10d4\u10e2\u10d8 \u10d3\u10d8\u10d0\u10ee<br \/>\u10e4\u10d0\u10e0\u10d7\u10dd \u10d3\u10d8\u10dc\u10d0\u10db\u10d8\u10e3\u10e0\u10d8 \u10d3\u10d8\u10d0\u10de\u10d0\u10d6\u10dd\u10dc\u10d8 120 \u10d3\u10d1<br \/>\u10d3\u10e6\u10d4 \u10d3\u10d0 \u10e6\u10d0\u10db\u10d4 IR \u10ed\u10e0\u10d8\u10e1 \u10e4\u10d8\u10da\u10e2\u10e0\u10d8<br \/>\u10d9\u10e3\u10d7\u10ee\u10d8\u10e1 \u10e0\u10d4\u10d2\u10e3\u10da\u10d8\u10e0\u10d4\u10d1\u10d0 \u10de\u10d0\u10dc\u10d4\u10da\u10d8: 0\u00b0-\u10d3\u10d0\u10dc 360\u00b0-\u10db\u10d3\u10d4, \u10d3\u10d0\u10ee\u10e0\u10d8\u10da\u10dd\u10d1\u10d0: 0\u00b0-\u10d3\u10d0\u10dc 90\u00b0-\u10db\u10d3\u10d4, \u10e0\u10dd\u10e2\u10d0\u10ea\u10d8\u10d0: 0\u00b0-\u10d3\u10d0\u10dc 360\u00b0-\u10db\u10d3\u10d4<br \/>\u10dd\u10d1\u10d8\u10d4\u10e5\u10e2\u10d8\u10d5\u10d8<br \/>FocusFixed<br \/>\u10da\u10d8\u10dc\u10d6\u10d8\u10e1 \u10e2\u10d8\u10de\u10d8 2.8\/4\/6\/8 \u10db\u10db<br \/>FOV2.8 \u10db\u10db, \u10f0\u10dd\u10e0\u10d8\u10d6\u10dd\u10dc\u10e2\u10d0\u10da\u10e3\u10e0\u10d8 FOV: 103\u00b0, \u10d5\u10d4\u10e0\u10e2\u10d8\u10d9\u10d0\u10da\u10e3\u10e0\u10d8 FOV: 58\u00b0, \u10d3\u10d8\u10d0\u10d2\u10dd\u10dc\u10d0\u10da\u10d8 FOV: 123\u00b0,4 \u10db\u10db, \u10f0\u10dd\u10e0\u10d8\u10d6\u10dd\u10dc\u10e2\u10d0\u10da\u10e3\u10e0\u10d8 FOV: 83\u00b0, \u10d5\u10d4\u10e0\u10e2\u10d8\u10d9\u10d0\u10da\u10e3\u10e0\u10d8 FOV: 45\u00b0, \u10d3\u10d8\u10d0\u10d2\u10dd\u10dc\u10d0\u10da\u10d8 FOV: 99\u00b0,6 \u10db\u10db, \u10f0\u10dd\u10e0\u10d8\u10d6\u10dd\u10dc\u10e2\u10d0\u10da\u10e3\u10e0\u10d8 FOV: 51\u00b0, \u10d5\u10d4\u10e0\u10e2\u10d8\u10d9\u10d0\u10da\u10e3\u10e0\u10d8 FOV: 29\u00b0, \u10d3\u10d8\u10d0\u10d2\u10dd\u10dc\u10d0\u10da\u10d8 FOV: 58\u00b0, 8 \u10db\u10db, \u10f0\u10dd\u10e0\u10d8\u10d6\u10dd\u10dc\u10e2\u10d0\u10da\u10e3\u10e0\u10d8 FOV: 39\u00b0, \u10d5\u10d4\u10e0\u10e2\u10d8\u10d9\u10d0\u10da\u10e3\u10e0\u10d8 FOV: 22\u00b0, \u10d3\u10d8\u10d0\u10d2\u10dd\u10dc\u10d0\u10da\u10d8 FOV: 45\u00b0<br \/>\u10d3\u10d8\u10d0\u10e4\u10e0\u10d0\u10d2\u10db\u10d0 F1.6<br \/>\u10da\u10d8\u10dc\u10d6\u10d8\u10e1 \u10e1\u10d0\u10db\u10d0\u10d2\u10e0\u10d8 M12<br \/>\u10d3\u10d8\u10d0\u10e4\u10e0\u10d0\u10d2\u10db\u10d0 TypeFixed<br \/>\u10d8\u10da\u10e3\u10db\u10d8\u10dc\u10d0\u10e2\u10dd\u10e0\u10d8<br \/>IR \u10d3\u10d8\u10d0\u10de\u10d0\u10d6\u10dd\u10dc\u10d8 30 \u10db-\u10db\u10d3\u10d4<br \/>\u10e2\u10d0\u10da\u10e6\u10d8\u10e1 \u10e1\u10d8\u10d2\u10e0\u10eb\u10d4 850 \u10dc\u10db<br \/>\u10d5\u10d8\u10d3\u10d4\u10dd<br \/>\u10db\u10d0\u10e5\u10e1. \u10d2\u10d0\u10e0\u10e9\u10d4\u10d5\u10d0\u10d3\u10dd\u10d1\u10d0 2688 \u00d7 1520<br \/>\u10db\u10d7\u10d0\u10d5\u10d0\u10e0\u10d8 \u10dc\u10d0\u10d9\u10d0\u10d3\u10d8<br \/>50Hz:25fps (2688 \u00d7 1520, 2560 \u00d7 1440, 2304 \u00d7 1296, 1920 \u00d7 1080, 1280 \u00d7 720)<\/p>\n<p>60Hz: 30fps (2688 \u00d7 1520, 2560 \u00d7 1440, 2304 \u00d7 1296, 1920 \u00d7 1080, 1280 \u00d7 720)<\/p>\n<p>\u10e5\u10d5\u10d4 \u10dc\u10d0\u10d9\u10d0\u10d3\u10d8 50 \u10f0\u10ea: 25 \u10d9\u10d0\u10d3\u10e0\u10d8\/\u10ec\u10db (640 \u00d7 480, 640 \u00d7 360, 320 \u00d7 240), 60 \u10f0\u10ea: 30 \u10d9\u10d0\u10d3\u10e0\u10d8\/\u10ec\u10db (640 \u00d7 480, 640 \u00d7 360, 320 \u00d7 240)<br \/>\u10d5\u10d8\u10d3\u10d4\u10dd \u10e8\u10d4\u10d9\u10e3\u10db\u10e8\u10d5\u10d0\u10db\u10d7\u10d0\u10d5\u10d0\u10e0\u10d8 \u10dc\u10d0\u10d9\u10d0\u10d3\u10d8: H.265\/H.264,\u10e5\u10d5\u10d4\u10dc\u10d0\u10d9\u10d0\u10d3\u10d8: H.265\/H.264\/MJPEG,\u10db\u10d4\u10e1\u10d0\u10db\u10d4 \u10dc\u10d0\u10d9\u10d0\u10d3\u10d8: H.265\/H.264<br \/>\u10d5\u10d8\u10d3\u10d4\u10dd \u10d1\u10d8\u10e2\u10d8\u10e1 \u10e1\u10d8\u10ee\u10e8\u10d8\u10e0\u10d4 32 Kbps-\u10d3\u10d0\u10dc 16 Mbps-\u10db\u10d3\u10d4<br \/>H.264 TypeMain Profile\/High Profile<br \/>H.265 TypeMain \u10de\u10e0\u10dd\u10e4\u10d8\u10da\u10d8<br \/>H.264+\u10db\u10d7\u10d0\u10d5\u10d0\u10e0\u10d8 \u10dc\u10d0\u10d9\u10d0\u10d3\u10d8\u10e1 \u10db\u10ee\u10d0\u10e0\u10d3\u10d0\u10ed\u10d4\u10e0\u10d0<br \/>H.265+\u10db\u10d7\u10d0\u10d5\u10d0\u10e0\u10d8 \u10dc\u10d0\u10d9\u10d0\u10d3\u10d8\u10e1 \u10db\u10ee\u10d0\u10e0\u10d3\u10d0\u10ed\u10d4\u10e0\u10d0<br \/>\u10db\u10d0\u10e1\u10e8\u10e2\u10d0\u10d1\u10d8\u10e0\u10d4\u10d1\u10d0\u10d3\u10d8 \u10d5\u10d8\u10d3\u10d4\u10dd \u10d9\u10dd\u10d3\u10d8\u10e0\u10d4\u10d1\u10d0 (SVC)H.264 \u10d3\u10d0 H.265 \u10d9\u10dd\u10d3\u10d8\u10e0\u10d4\u10d1\u10d0<br \/>\u10e5\u10e1\u10d4\u10da\u10d8<br \/>\u10d4\u10e0\u10d7\u10d3\u10e0\u10dd\u10e3\u10da\u10d8 \u10de\u10d8\u10e0\u10d3\u10d0\u10de\u10d8\u10e0\u10d8 \u10ee\u10d4\u10d3\u10d5\u10d0 6 \u10d0\u10e0\u10ee\u10d0\u10db\u10d3\u10d4<br \/>APIONVIF (PROFILE S, PROFILE G, PROFILE T), ISAPI, SDK, Ehome<br \/>\u10de\u10e0\u10dd\u10e2\u10dd\u10d9\u10dd\u10da\u10d4\u10d1\u10d8TCP\/IP, UDP, ICMP, HTTP, HTTPS, FTP, DHCP, DNS, DDNS, RTP, RTSP, RTCP, PPPoE, NTP, UPnP, SMTP, SNMP, IGMP, 802.1X, QoS, IPv6, UDP, Bonjour, \/TLS, WebSocket, WebSockets<br \/>\u10db\u10dd\u10db\u10ee\u10db\u10d0\u10e0\u10d4\u10d1\u10d4\u10da\u10d8\/HostUp 32 \u10db\u10dd\u10db\u10ee\u10db\u10d0\u10e0\u10d4\u10d1\u10d4\u10da\u10d6\u10d4, 3 \u10d3\u10dd\u10dc\u10d4: \u10d0\u10d3\u10db\u10d8\u10dc\u10d8\u10e1\u10e2\u10e0\u10d0\u10e2\u10dd\u10e0\u10d8, \u10dd\u10de\u10d4\u10e0\u10d0\u10e2\u10dd\u10e0\u10d8 \u10d3\u10d0 \u10db\u10dd\u10db\u10ee\u10db\u10d0\u10e0\u10d4\u10d1\u10d4\u10da\u10d8<br \/>\u10e3\u10e1\u10d0\u10e4\u10e0\u10d7\u10ee\u10dd\u10d4\u10d1\u10d8\u10e1 \u10de\u10d0\u10e0\u10dd\u10da\u10d8\u10e1 \u10d3\u10d0\u10ea\u10d5\u10d0, \u10e0\u10d7\u10e3\u10da\u10d8 \u10de\u10d0\u10e0\u10dd\u10da\u10d8, HTTPS \u10d3\u10d0\u10e8\u10d8\u10e4\u10d5\u10e0\u10d0, 802.1X \u10d0\u10d5\u10e2\u10dd\u10e0\u10d8\u10d6\u10d0\u10ea\u10d8\u10d0 (EAP-TLS 1.2, EAP-LEAP, EAP-MD5), \u10ec\u10e7\u10da\u10d8\u10e1 \u10dc\u10d8\u10e8\u10d0\u10dc\u10d8, IP \u10db\u10d8\u10e1\u10d0\u10db\u10d0\u10e0\u10d7\u10d8\u10e1 \u10e4\u10d8\u10da\u10e2\u10e0\u10d8, \u10eb\u10d8\u10e0\u10d8\u10d7\u10d0\u10d3\u10d8 \u10d3\u10d0 \u10d3\u10d0\u10d8\u10ef\u10d4\u10e1\u10e2\u10d8\u10e1 \u10d0\u10d5\u10e2\u10dd\u10e0\u10d8\u10d6\u10d0\u10ea\u10d8\u10d0 HTTP\/HTTPS, WSSE \u10d3\u10d0 \u10d3\u10d0\u10d8\u10ef\u10d4\u10e1\u10e2\u10d8 \u10d0\u10d5\u10d7\u10d4\u10dc\u10e2\u10d8\u10e4\u10d8\u10d9\u10d0\u10ea\u10d8\u10d0 ONVIF-\u10e1\u10d7\u10d5\u10d8\u10e1. .2<br \/>\u10e5\u10e1\u10d4\u10da\u10d8\u10e1 \u10e8\u10d4\u10dc\u10d0\u10ee\u10d5\u10d8\u10e1 \u10db\u10ee\u10d0\u10e0\u10d3\u10d0\u10ed\u10d4\u10e0\u10d0 Micro SD\/SDHC\/SDXC \u10d1\u10d0\u10e0\u10d0\u10d7\u10d8 (128G), \u10d0\u10d3\u10d2\u10d8\u10da\u10dd\u10d1\u10e0\u10d8\u10d5\u10d8 \u10db\u10d4\u10ee\u10e1\u10d8\u10d4\u10e0\u10d4\u10d1\u10d0 \u10d3\u10d0 NAS (NFS,SMB\/CIFS), ANR<br \/>ClientiVMS-4200, Hik-Connect, Hik-Central<br \/>Web BrowserPlug-in \u10e1\u10d0\u10ed\u10d8\u10e0\u10dd\u10d0 \u10de\u10d8\u10e0\u10d3\u10d0\u10de\u10d8\u10e0\u10d8 \u10ee\u10d4\u10d3\u10d5\u10d0: IE8+ \u10d3\u10d0\u10dc\u10d0\u10db\u10d0\u10e2\u10d8\u10e1 \u10e3\u10e4\u10d0\u10e1\u10dd \u10de\u10d8\u10e0\u10d3\u10d0\u10de\u10d8\u10e0\u10d8 \u10ee\u10d4\u10d3\u10d5\u10d0: Chrome 57.0+, Firefox 52.0+, Safari 11+ \u10da\u10dd\u10d9\u10d0\u10da\u10e3\u10e0\u10d8 \u10e1\u10d4\u10e0\u10d5\u10d8\u10e1\u10d8: Chrome 41.0+, Firefox 30.0+<br \/>\u10d2\u10d0\u10dc\u10d2\u10d0\u10e8\u10d8\u10e1 TriggerMotion \u10d2\u10d0\u10db\u10dd\u10d5\u10da\u10d4\u10dc\u10d0, \u10d5\u10d8\u10d3\u10d4\u10dd\u10e1 \u10e8\u10d4\u10e4\u10d4\u10e0\u10ee\u10d4\u10d1\u10d0, \u10e5\u10e1\u10d4\u10da\u10d8\u10e1 \u10d2\u10d0\u10d7\u10d8\u10e8\u10d5\u10d0, IP \u10db\u10d8\u10e1\u10d0\u10db\u10d0\u10e0\u10d7\u10d8\u10e1 \u10d9\u10dd\u10dc\u10e4\u10da\u10d8\u10e5\u10e2\u10d8, \u10e3\u10d9\u10d0\u10dc\u10dd\u10dc\u10dd \u10e8\u10d4\u10e1\u10d5\u10da\u10d0, HDD \u10e1\u10d0\u10d5\u10e1\u10d4, HDD \u10e8\u10d4\u10ea\u10d3\u10dd\u10db\u10d0<br \/>\u10d2\u10d0\u10db\u10dd\u10e1\u10d0\u10ee\u10e3\u10da\u10d4\u10d1\u10d0<br \/>\u10d3\u10e6\u10d4\/\u10e6\u10d0\u10db\u10d4 \u10d2\u10d0\u10d3\u10d0\u10db\u10e0\u10d7\u10d5\u10d4\u10da\u10d8 \u10d3\u10e6\u10d4\/\u10e6\u10d0\u10db\u10d4\/\u10d0\u10d5\u10e2\u10dd\u10db\u10d0\u10e2\u10e3\u10e0\u10d8\/\u10d2\u10d0\u10dc\u10e0\u10d8\u10d2\u10d8<br \/>Target CroppingNo<br \/>DNR3D DNR<br \/>\u10d2\u10d0\u10db\u10dd\u10e1\u10d0\u10ee\u10e3\u10da\u10d4\u10d1\u10d8\u10e1 \u10d2\u10d0\u10e3\u10db\u10ef\u10dd\u10d1\u10d4\u10e1\u10d4\u10d1\u10d0BLC\/3D DNR\/HLC<br \/>\u10e1\u10e3\u10e0\u10d0\u10d7\u10d8\u10e1 \u10de\u10d0\u10e0\u10d0\u10db\u10d4\u10e2\u10e0\u10d4\u10d1\u10d8 \u10d1\u10e0\u10e3\u10dc\u10d5\u10d8\u10e1 \u10e0\u10d4\u10df\u10d8\u10db\u10d8, \u10d2\u10d0\u10ef\u10d4\u10e0\u10d4\u10d1\u10d0, \u10e1\u10d8\u10d9\u10d0\u10e8\u10d9\u10d0\u10e8\u10d4, \u10d9\u10dd\u10dc\u10e2\u10e0\u10d0\u10e1\u10e2\u10d8, \u10e1\u10d8\u10db\u10d9\u10d5\u10d4\u10d7\u10e0\u10d4, AGC \u10d3\u10d0 \u10d7\u10d4\u10d7\u10e0\u10d8 \u10d1\u10d0\u10da\u10d0\u10dc\u10e1\u10d8 \u10e0\u10d4\u10d2\u10e3\u10da\u10d8\u10e0\u10d3\u10d4\u10d1\u10d0 \u10d9\u10da\u10d8\u10d4\u10dc\u10e2\u10d8\u10e1 \u10de\u10e0\u10dd\u10d2\u10e0\u10d0\u10db\u10e3\u10da\u10d8 \u10e3\u10d6\u10e0\u10e3\u10dc\u10d5\u10d4\u10da\u10e7\u10dd\u10e4\u10d8\u10e1 \u10d0\u10dc \u10d5\u10d4\u10d1 \u10d1\u10e0\u10d0\u10e3\u10d6\u10d4\u10e0\u10d8\u10e1 \u10db\u10d8\u10d4\u10e0<br \/>\u10d8\u10dc\u10e2\u10d4\u10e0\u10e4\u10d4\u10d8\u10e1\u10d8<br \/>\u10d5\u10d8\u10d3\u10d4\u10dd \u10d2\u10d0\u10db\u10dd\u10db\u10d0\u10d5\u10d0\u10da\u10d8 No<br \/>\u10d1\u10dd\u10e0\u10e2\u10d6\u10d4 \u10e1\u10d0\u10ea\u10d0\u10d5\u10d8 \u10e9\u10d0\u10e8\u10d4\u10dc\u10d4\u10d1\u10e3\u10da\u10d8 Micro SD\/SDHC\/SDXC \u10e1\u10da\u10dd\u10e2\u10d8, 128 \u10d2\u10d1-\u10db\u10d3\u10d4<br \/>\u10d0\u10de\u10d0\u10e0\u10d0\u10e2\u10e3\u10e0\u10d8\u10e1 \u10d2\u10d0\u10d3\u10d0\u10e2\u10d5\u10d8\u10e0\u10d7\u10d5\u10d0 \u10d3\u10d8\u10d0\u10ee<br \/>\u10e1\u10d0\u10d9\u10dd\u10db\u10e3\u10dc\u10d8\u10d9\u10d0\u10ea\u10d8\u10dd \u10d8\u10dc\u10e2\u10d4\u10e0\u10e4\u10d4\u10d8\u10e1\u10d8 1 RJ45 10M\/100M \u10d7\u10d5\u10d8\u10d7\u10d0\u10d3\u10d0\u10de\u10e2\u10d8\u10e0\u10d4\u10d1\u10d0\u10d3\u10d8 Ethernet \u10de\u10dd\u10e0\u10e2\u10d8<br \/>\u10e6\u10dd\u10dc\u10d8\u10e1\u10eb\u10d8\u10d4\u10d1\u10d0<br \/>\u10eb\u10d8\u10e0\u10d8\u10d7\u10d0\u10d3\u10d8 EventMotion \u10d0\u10db\u10dd\u10ea\u10dc\u10dd\u10d1\u10d0, \u10d5\u10d8\u10d3\u10d4\u10dd \u10d2\u10d0\u10e7\u10d0\u10da\u10d1\u10d4\u10d1\u10d8\u10e1 \u10e1\u10d8\u10d2\u10dc\u10d0\u10da\u10d8\u10d6\u10d0\u10ea\u10d8\u10d0, \u10d2\u10d0\u10db\u10dd\u10dc\u10d0\u10d9\u10da\u10d8\u10e1\u10d8 (\u10e5\u10e1\u10d4\u10da\u10d8 \u10d2\u10d0\u10d7\u10d8\u10e8\u10e3\u10da\u10d8\u10d0, IP \u10db\u10d8\u10e1\u10d0\u10db\u10d0\u10e0\u10d7\u10d8\u10e1 \u10d9\u10dd\u10dc\u10e4\u10da\u10d8\u10e5\u10e2\u10d8, \u10e3\u10d9\u10d0\u10dc\u10dd\u10dc\u10dd \u10e8\u10d4\u10e1\u10d5\u10da\u10d0, HDD \u10e1\u10d0\u10d5\u10e1\u10d4, HDD \u10e8\u10d4\u10ea\u10d3\u10dd\u10db\u10d0)<br \/>Smart EventLine \u10d2\u10d0\u10d3\u10d0\u10d9\u10d5\u10d4\u10d7\u10d8\u10e1 \u10d2\u10d0\u10db\u10dd\u10d5\u10da\u10d4\u10dc\u10d0, \u10e8\u10d4\u10ed\u10e0\u10d8\u10e1 \u10d2\u10d0\u10db\u10dd\u10d5\u10da\u10d4\u10dc\u10d0, \u10e1\u10d0\u10ee\u10d8\u10e1 \u10d0\u10db\u10dd\u10ea\u10dc\u10dd\u10d1\u10d0<br \/>\u10d2\u10d4\u10dc\u10d4\u10e0\u10d0\u10da\u10d8<br \/>\u10d9\u10d0\u10d5\u10e8\u10d8\u10e0\u10d8\u10e1 \u10db\u10d4\u10d7\u10dd\u10d3\u10d8\u10d7\u10e2\u10e0\u10d8\u10d2\u10d4\u10e0\u10d8\u10e1 \u10e9\u10d0\u10ec\u10d4\u10e0\u10d0: \u10db\u10d4\u10ee\u10e1\u10d8\u10d4\u10e0\u10d4\u10d1\u10d8\u10e1 \u10d1\u10d0\u10e0\u10d0\u10d7\u10d8, \u10e5\u10e1\u10d4\u10da\u10d8\u10e1 \u10e1\u10d0\u10ea\u10d0\u10d5\u10d8, \u10ec\u10d8\u10dc\u10d0\u10e1\u10ec\u10d0\u10e0\u10d8 \u10e9\u10d0\u10ec\u10d4\u10e0\u10d0 \u10d3\u10d0 \u10e9\u10d0\u10dc\u10d0\u10ec\u10d4\u10e0\u10d8\u10e1 \u10e8\u10d4\u10db\u10d3\u10d2\u10dd\u10db\u10d8 \u10e9\u10d0\u10dc\u10d0\u10ec\u10d4\u10e0\u10d8 \u10d2\u10d0\u10d3\u10d0\u10e6\u10d4\u10d1\u10e3\u10da\u10d8 \u10e1\u10e3\u10e0\u10d0\u10d7\u10d4\u10d1\u10d8\u10e1 \u10d0\u10e2\u10d5\u10d8\u10e0\u10d7\u10d5\u10d8\u10e1 \u10e9\u10d0\u10e0\u10d7\u10d5\u10d0: FTP, HTTP, NAS, \u10d4\u10da\u10e4\u10dd\u10e1\u10e2\u10d8\u10e1 \u10e2\u10e0\u10d8\u10d2\u10d4\u10e0\u10d8\u10e1 \u10e8\u10d4\u10e2\u10e7\u10dd\u10d1\u10d8\u10dc\u10d4\u10d1\u10d0: HTTP, ISAPI, \u10d4\u10da\u10e4\u10dd\u10e1\u10e2\u10d0<br \/>\u10de\u10e0\u10dd\u10d2\u10e0\u10d0\u10db\u10e3\u10da\u10d8 \u10e3\u10d6\u10e0\u10e3\u10dc\u10d5\u10d4\u10da\u10e7\u10dd\u10e4\u10d8\u10e1 \u10d5\u10d4\u10e0\u10e1\u10d8\u10d0 5.6.3<br \/>\u10d5\u10d4\u10d1 \u10d9\u10da\u10d8\u10d4\u10dc\u10e2\u10d8\u10e1 \u10d4\u10dc\u10d032 \u10d4\u10dc\u10d0 \u10d8\u10dc\u10d2\u10da\u10d8\u10e1\u10e3\u10e0\u10d8, \u10e0\u10e3\u10e1\u10e3\u10da\u10d8, \u10d4\u10e1\u10e2\u10dd\u10dc\u10e3\u10e0\u10d8, \u10d1\u10e3\u10da\u10d2\u10d0\u10e0\u10e3\u10da\u10d8, \u10e3\u10dc\u10d2\u10e0\u10e3\u10da\u10d8, \u10d1\u10d4\u10e0\u10eb\u10dc\u10e3\u10da\u10d8, \u10d2\u10d4\u10e0\u10db\u10d0\u10dc\u10e3\u10da\u10d8, \u10d8\u10e2\u10d0\u10da\u10d8\u10e3\u10e0\u10d8, \u10e9\u10d4\u10ee\u10e3\u10e0\u10d8, \u10e1\u10da\u10dd\u10d5\u10d0\u10d9\u10e3\u10e0\u10d8, \u10e4\u10e0\u10d0\u10dc\u10d2\u10e3\u10da\u10d8, \u10de\u10dd\u10da\u10dd\u10dc\u10e3\u10e0\u10d8, \u10f0\u10dd\u10da\u10d0\u10dc\u10d3\u10d8\u10e3\u10e0\u10d8, \u10de\u10dd\u10e0\u10e2\u10e3\u10d2\u10d0\u10da\u10d8\u10e3\u10e0\u10d8, \u10d4\u10e1\u10de\u10d0\u10dc\u10e3\u10e0\u10d8, \u10e0\u10e3\u10db\u10d8\u10dc\u10e3\u10da\u10d8, \u10d3\u10d0\u10dc\u10d8\u10e3\u10e0\u10d8, \u10e8\u10d5\u10d4\u10d3\u10e3\u10e0\u10d8, \u10dc\u10dd\u10e0\u10d5\u10d4\u10d2\u10d8\u10e3\u10da\u10d8, \u10e4\u10d8\u10dc\u10e3\u10e0\u10d8, \u10ee\u10dd\u10e0\u10d5\u10d0\u10e2\u10e3\u10da\u10d8, \u10e1\u10da\u10dd\u10d5\u10d4\u10dc\u10e3\u10e0\u10d8, \u10e1\u10d4\u10e0\u10d1\u10e3\u10da\u10d8, \u10d7\u10e3\u10e0\u10e5\u10e3\u10da\u10d8, \u10d9\u10dd\u10e0\u10d4\u10e3\u10da\u10d8, \u10e2\u10e0\u10d0\u10d3\u10d8\u10ea\u10d8\u10e3\u10da\u10d8 \u10e9\u10d8\u10dc\u10e3\u10e0\u10d8, \u10e2\u10d0\u10d8\u10da\u10d0\u10dc\u10d3\u10e3\u10e0\u10d8, \u10d5\u10d8\u10d4\u10e2\u10dc\u10d0\u10db\u10e3\u10e0\u10d8, \u10d8\u10d0\u10de\u10dd\u10dc\u10e3\u10e0\u10d8, \u10da\u10d0\u10e2\u10d5\u10d8\u10e3\u10e0\u10d8, \u10da\u10d8\u10e2\u10d5\u10e3\u10e0\u10d8, \u10de\u10dd\u10e0\u10e2\u10e3\u10d2\u10d0\u10da\u10d8\u10e3\u10e0\u10d8 (\u10d1\u10e0\u10d0\u10d6\u10d8\u10da\u10d8\u10d0)<br \/>\u10d6\u10dd\u10d2\u10d0\u10d3\u10d8 \u10e4\u10e3\u10dc\u10e5\u10ea\u10d8\u10d0 \u10ea\u10d8\u10db\u10ea\u10d8\u10db\u10d8\u10e1 \u10e1\u10d0\u10ec\u10d8\u10dc\u10d0\u10d0\u10e6\u10db\u10d3\u10d4\u10d2\u10dd, \u10e1\u10d0\u10db\u10d8 \u10dc\u10d0\u10d9\u10d0\u10d3\u10d8, \u10d2\u10e3\u10da\u10d8\u10e1\u10ea\u10d4\u10db\u10d0, \u10e1\u10d0\u10e0\u10d9\u10d4, \u10d9\u10dd\u10dc\u10e4\u10d8\u10d3\u10d4\u10dc\u10ea\u10d8\u10d0\u10da\u10e3\u10e0\u10dd\u10d1\u10d8\u10e1 \u10dc\u10d8\u10e6\u10d1\u10d4\u10d1\u10d8, \u10de\u10d0\u10e0\u10dd\u10da\u10d8\u10e1 \u10d2\u10d0\u10d3\u10d0\u10e2\u10d5\u10d8\u10e0\u10d7\u10d5\u10d0 \u10d4\u10da\u10d4\u10e5\u10e2\u10e0\u10dd\u10dc\u10e3\u10da\u10d8 \u10e4\u10dd\u10e1\u10e2\u10d8\u10d7, \u10de\u10d8\u10e5\u10e1\u10d4\u10da\u10d8\u10e1 \u10db\u10e0\u10d8\u10ea\u10ee\u10d5\u10d4\u10da\u10d8, HTTP \u10db\u10dd\u10e1\u10db\u10d4\u10dc\u10d0<br \/>\u10d2\u10d0\u10e8\u10d5\u10d4\u10d1\u10d8\u10e1 \u10d3\u10d0 \u10db\u10e3\u10e8\u10d0\u10dd\u10d1\u10d8\u10e1 \u10de\u10d8\u10e0\u10dd\u10d1\u10d4\u10d1\u10d8-30 \u00b0C-\u10d3\u10d0\u10dc +60 \u00b0C-\u10db\u10d3\u10d4 (-22 \u00b0F-\u10d3\u10d0\u10dc +140 \u00b0F-\u10db\u10d3\u10d4), \u10e2\u10d4\u10dc\u10d8\u10d0\u10dc\u10dd\u10d1\u10d0 95% \u10d0\u10dc \u10dc\u10d0\u10d9\u10da\u10d4\u10d1\u10d8 (\u10d0\u10e0\u10d0\u10d9\u10dd\u10dc\u10d3\u10d4\u10dc\u10e1\u10d8\u10e0\u10d4\u10d1\u10d0\u10d3\u10d8)<br \/>\u10d9\u10d5\u10d4\u10d1\u10d8\u10e1 \u10d1\u10da\u10dd\u10d9\u10d8 12 VDC \u00b1 25%, \u03a6 5.5 \u10db\u10db \u10d9\u10dd\u10d0\u10e5\u10e1\u10d8\u10d0\u10da\u10e3\u10e0\u10d8 \u10d9\u10d5\u10d4\u10d1\u10d8\u10e1 \u10e8\u10e2\u10d4\u10e4\u10e1\u10d4\u10da\u10d8, PoE (802.3af, \u10d9\u10da\u10d0\u10e1\u10d8 3)<br \/>\u10d4\u10dc\u10d4\u10e0\u10d2\u10d8\u10d8\u10e1 \u10db\u10dd\u10ee\u10db\u10d0\u10e0\u10d4\u10d1\u10d0 \u10d3\u10d0 \u10d3\u10d4\u10dc\u10d8 12 VDC, 0.5 A, \u10db\u10d0\u10e5\u10e1. 6 W,PoE (802.3af, 36 V-\u10d3\u10d0\u10dc 57 V-\u10db\u10d3\u10d4), 0.2 A-\u10d3\u10d0\u10dc 0.1 A-\u10db\u10d3\u10d4, \u10db\u10d0\u10e5\u10e1. 7,5 \u10d5\u10e2<br \/>\u10d9\u10d0\u10db\u10d4\u10e0\u10d8\u10e1 \u10d2\u10d0\u10dc\u10d6\u10dd\u10db\u10d8\u10da\u10d4\u10d1\u10d0 \u10d9\u10d0\u10db\u10d4\u10e0\u10d0: \u03a6 70 \u00d7 155.03 \u10db\u10db (\u03a6 2.8&#8243; \u00d7 6.1&#8243;), \u10de\u10d0\u10d9\u10d4\u10e2\u10d8: 216 \u00d7 121 \u00d7 118 \u10db\u10db (8.5&#8243; \u00d7 4.8&#8243; \u00d7 4.7&#8243;)<br \/>\u10d9\u10d0\u10db\u10d4\u10e0\u10d8\u10e1 \u10ec\u10dd\u10dc\u10d0 \u10d9\u10d0\u10db\u10d4\u10e0\u10d0: \u10d3\u10d0\u10d0\u10ee\u10da. 420 \u10d2 (0,9 \u10e4\u10e3\u10dc\u10e2\u10d8), \u10e8\u10d4\u10e4\u10e3\u10d7\u10d5\u10d8\u10d7: \u10d3\u10d0\u10d0\u10ee\u10da. 700 \u10d2 (1,5 \u10e4\u10e3\u10dc\u10e2\u10d8)<br \/>\u10d3\u10d0\u10db\u10e2\u10d9\u10d8\u10ea\u10d4\u10d1\u10d0<br \/>\u10d3\u10d0\u10ea\u10d5\u10d0 IP67<\/p>\n","protected":false},"excerpt":{"rendered":"<p>\u10d9\u10d0\u10db\u10d4\u10e0\u10d0\u10e1\u10e3\u10e0\u10d0\u10d7\u10d8\u10e1 \u10e1\u10d4\u10dc\u10e1\u10dd\u10e0\u10d8 1\/3&#8243; \u10de\u10e0\u10dd\u10d2\u10e0\u10d4\u10e1\u10e3\u10da\u10d8 \u10e1\u10d9\u10d0\u10dc\u10d8\u10e0\u10d4\u10d1\u10d0 CMOS\u10db\u10d8\u10dc. IlluminationColor: 0.01 Lux @ (F1.2, AGC ON), 0.018 Lux @ (F1.6, AGC ON), 0<\/p>\n","protected":false},"featured_media":32902,"comment_status":"open","ping_status":"closed","template":"","meta":[],"product_brand":[],"product_cat":[826],"product_tag":[],"class_list":{"0":"post-32903","1":"product","2":"type-product","3":"status-publish","4":"has-post-thumbnail","6":"product_cat-4mp-ip-cameras","8":"first","9":"outofstock","10":"taxable","11":"shipping-taxable","12":"purchasable","13":"product-type-simple"},"_links":{"self":[{"href":"https:\/\/iterra.ge\/en\/wp-json\/wp\/v2\/product\/32903","targetHints":{"allow":["GET"]}}],"collection":[{"href":"https:\/\/iterra.ge\/en\/wp-json\/wp\/v2\/product"}],"about":[{"href":"https:\/\/iterra.ge\/en\/wp-json\/wp\/v2\/types\/product"}],"replies":[{"embeddable":true,"href":"https:\/\/iterra.ge\/en\/wp-json\/wp\/v2\/comments?post=32903"}],"version-history":[{"count":0,"href":"https:\/\/iterra.ge\/en\/wp-json\/wp\/v2\/product\/32903\/revisions"}],"wp:featuredmedia":[{"embeddable":true,"href":"https:\/\/iterra.ge\/en\/wp-json\/wp\/v2\/media\/32902"}],"wp:attachment":[{"href":"https:\/\/iterra.ge\/en\/wp-json\/wp\/v2\/media?parent=32903"}],"wp:term":[{"taxonomy":"product_brand","embeddable":true,"href":"https:\/\/iterra.ge\/en\/wp-json\/wp\/v2\/product_brand?post=32903"},{"taxonomy":"product_cat","embeddable":true,"href":"https:\/\/iterra.ge\/en\/wp-json\/wp\/v2\/product_cat?post=32903"},{"taxonomy":"product_tag","embeddable":true,"href":"https:\/\/iterra.ge\/en\/wp-json\/wp\/v2\/product_tag?post=32903"}],"curies":[{"name":"wp","href":"https:\/\/api.w.org\/{rel}","templated":true}]}}