{"id":33191,"date":"2025-06-12T09:30:21","date_gmt":"2025-06-12T05:30:21","guid":{"rendered":"https:\/\/iterra.ge\/product\/%e1%83%95%e1%83%98%e1%83%93%e1%83%94%e1%83%9d-%e1%83%99%e1%83%90%e1%83%9b%e1%83%94%e1%83%a0%e1%83%90hilookwifimini-oipc-c120-d-w_2-02-8mm2mp\/"},"modified":"2026-02-25T00:00:43","modified_gmt":"2026-02-25T00:00:43","slug":"%e1%83%95%e1%83%98%e1%83%93%e1%83%94%e1%83%9d-%e1%83%99%e1%83%90%e1%83%9b%e1%83%94%e1%83%a0%e1%83%90hilookwifimini-oipc-c120-d-w_2-02-8mm2mp","status":"publish","type":"product","link":"https:\/\/iterra.ge\/en\/product\/%e1%83%95%e1%83%98%e1%83%93%e1%83%94%e1%83%9d-%e1%83%99%e1%83%90%e1%83%9b%e1%83%94%e1%83%a0%e1%83%90hilookwifimini-oipc-c120-d-w_2-02-8mm2mp\/","title":{"rendered":"\u10d5\u10d8\u10d3\u10d4\u10dd \u10d9\u10d0\u10db\u10d4\u10e0\u10d0,Hilook,WiFi,Mini O,IPC-C120-D\/W_2.0,2.8mm,2mp,"},"content":{"rendered":"<p>\u10d9\u10d0\u10db\u10d4\u10e0\u10d0<br \/>\u10d2\u10d0\u10db\u10dd\u10e1\u10d0\u10ee\u10e3\u10da\u10d4\u10d1\u10d8\u10e1 \u10e1\u10d4\u10dc\u10e1\u10dd\u10e0\u10d8 1\/2.8&#8243; \u10de\u10e0\u10dd\u10d2\u10e0\u10d4\u10e1\u10e3\u10da\u10d8 \u10e1\u10d9\u10d0\u10dc\u10d8\u10e0\u10d4\u10d1\u10d0 CMOS<br \/>\u10db\u10d8\u10dc. Illumination0.01 Lux @ (F1.2, AGC ON), 0 Lux IR-\u10d8\u10d7<br \/>\u10e9\u10d0\u10db\u10d9\u10d4\u10e2\u10d8\u10e1 \u10e1\u10d8\u10e9\u10e5\u10d0\u10e0\u10d4 1\/3 \u10ec\u10db-\u10d3\u10d0\u10dc 1\/100000 \u10ec\u10db-\u10db\u10d3\u10d4<br \/>\u10dc\u10d4\u10da\u10d8 \u10e9\u10d0\u10db\u10d9\u10d4\u10e2\u10d8\u10e1 \u10db\u10ee\u10d0\u10e0\u10d3\u10d0\u10ed\u10d4\u10e0\u10d0<br \/>Day &amp; NightIR \u10ed\u10e0\u10d8\u10e1 \u10e4\u10d8\u10da\u10e2\u10e0\u10d8 \u10d0\u10d5\u10e2\u10dd\u10db\u10d0\u10e2\u10e3\u10e0\u10d8 \u10d2\u10d0\u10d3\u10d0\u10db\u10e0\u10d7\u10d5\u10d4\u10da\u10d8\u10d7<br \/>\u10e4\u10d0\u10e0\u10d7\u10dd \u10d3\u10d8\u10dc\u10d0\u10db\u10d8\u10e3\u10e0\u10d8 \u10d3\u10d8\u10d0\u10de\u10d0\u10d6\u10dd\u10dc\u10d8 \u10ea\u10d8\u10e4\u10e0\u10e3\u10da\u10d8 WDR<br \/>DNR3D DNR<br \/>\u10dd\u10d1\u10d8\u10d4\u10e5\u10e2\u10d8\u10d5\u10d8<br \/>\u10dd\u10d1\u10d8\u10d4\u10e5\u10e2\u10d8\u10d5\u10d8 2.8 \u10db\u10db, \u10f0\u10dd\u10e0\u10d8\u10d6\u10dd\u10dc\u10e2\u10d0\u10da\u10e3\u10e0\u10d8 \u10ee\u10d4\u10d3\u10d5\u10d8\u10e1 \u10d5\u10d4\u10da\u10d8 105.8\u00b0<br \/>\u10d3\u10d8\u10d0\u10e4\u10e0\u10d0\u10d2\u10db\u10d0 F2.0<br \/>\u10da\u10d8\u10dc\u10d6\u10d8\u10e1 \u10e1\u10d0\u10db\u10d0\u10d2\u10e0\u10d8 M12<br \/>\u10d8\u10da\u10e3\u10db\u10d8\u10dc\u10d0\u10e2\u10dd\u10e0\u10d8<br \/>IR \u10d3\u10d8\u10d0\u10de\u10d0\u10d6\u10dd\u10dc\u10d8 10 \u10db\u10d4\u10e2\u10e0\u10d0\u10db\u10d3\u10d4<br \/>\u10e5\u10e1\u10d4\u10da\u10d8<br \/>\u10e1\u10d8\u10d2\u10dc\u10d0\u10da\u10d8\u10d6\u10d0\u10ea\u10d8\u10d0 TriggerVideo-\u10e1 \u10d2\u10d0\u10e7\u10d0\u10da\u10d1\u10d4\u10d1\u10d8\u10e1 \u10e1\u10d8\u10d2\u10dc\u10d0\u10da\u10d8\u10d6\u10d0\u10ea\u10d8\u10d0, HDD \u10e1\u10d0\u10d5\u10e1\u10d4\u10d0, HDD \u10e8\u10d4\u10ea\u10d3\u10dd\u10db\u10d0, \u10e5\u10e1\u10d4\u10da\u10d8 \u10d2\u10d0\u10d7\u10d8\u10e8\u10e3\u10da\u10d8\u10d0, IP \u10db\u10d8\u10e1\u10d0\u10db\u10d0\u10e0\u10d7\u10d8 \u10d9\u10dd\u10dc\u10e4\u10da\u10d8\u10e5\u10e2\u10e3\u10e0\u10d8\u10d0, \u10e3\u10d9\u10d0\u10dc\u10dd\u10dc\u10dd \u10e8\u10d4\u10e1\u10d5\u10da\u10d0<br \/>\u10e5\u10e1\u10d4\u10da\u10d8\u10e1 \u10e8\u10d4\u10dc\u10d0\u10ee\u10d5\u10d8\u10e1 \u10db\u10ee\u10d0\u10e0\u10d3\u10d0\u10ed\u10d4\u10e0\u10d0 \u10db\u10d8\u10d9\u10e0\u10dd SD\/SDHC\/SDXC \u10d1\u10d0\u10e0\u10d0\u10d7\u10d8, 128 \u10d2\u10d1-\u10db\u10d3\u10d4 \u10d0\u10d3\u10d2\u10d8\u10da\u10dd\u10d1\u10e0\u10d8\u10d5\u10d8 \u10db\u10d4\u10ee\u10e1\u10d8\u10d4\u10e0\u10d4\u10d1\u10d0<br \/>\u10de\u10e0\u10dd\u10e2\u10dd\u10d9\u10dd\u10da\u10d4\u10d1\u10d8802.11b: CCK, QPSK, BPSK, 802.11\u10d2\/\u10dc: OFDM<br \/>APIONVIF (\u10de\u10e0\u10dd\u10e4\u10d8\u10da\u10d8 S, PROFILE G), ISAPI<br \/>\u10d4\u10e0\u10d7\u10d3\u10e0\u10dd\u10e3\u10da\u10d8 \u10de\u10d8\u10e0\u10d3\u10d0\u10de\u10d8\u10e0\u10d8 \u10ee\u10d4\u10d3\u10d5\u10d0 6 \u10d0\u10e0\u10ee\u10d0\u10db\u10d3\u10d4<br \/>\u10db\u10dd\u10db\u10ee\u10db\u10d0\u10e0\u10d4\u10d1\u10d4\u10da\u10d8\/HostUp 32 \u10db\u10dd\u10db\u10ee\u10db\u10d0\u10e0\u10d4\u10d1\u10d4\u10da\u10d6\u10d4, 3 \u10d3\u10dd\u10dc\u10d4: \u10d0\u10d3\u10db\u10d8\u10dc\u10d8\u10e1\u10e2\u10e0\u10d0\u10e2\u10dd\u10e0\u10d8, \u10dd\u10de\u10d4\u10e0\u10d0\u10e2\u10dd\u10e0\u10d8 \u10d3\u10d0 \u10db\u10dd\u10db\u10ee\u10db\u10d0\u10e0\u10d4\u10d1\u10d4\u10da\u10d8<br \/>ClientiVMS-4200, Hik-Connect, iVMS-5200, iVMS-4500<br \/>\u10d5\u10d4\u10d1 \u10d1\u10e0\u10d0\u10e3\u10d6\u10d4\u10e0\u10d8IE8+, Chrome 31.0-44, Firefox 30.0-51, Safari 8.0+<br \/>\u10d5\u10d8\u10d3\u10d4\u10dd<br \/>\u10db\u10d0\u10e5\u10e1. \u10d2\u10d0\u10e0\u10e9\u10d4\u10d5\u10d0\u10d3\u10dd\u10d1\u10d0 1920 \u00d7 1080<br \/>\u10d5\u10d8\u10d3\u10d4\u10dd \u10e8\u10d4\u10d9\u10e3\u10db\u10e8\u10d5\u10d0\u10db\u10d7\u10d0\u10d5\u10d0\u10e0\u10d8 \u10dc\u10d0\u10d9\u10d0\u10d3\u10d8: H.264, \u10e5\u10d5\u10d4 \u10dc\u10d0\u10d9\u10d0\u10d3\u10d8: H.264<br \/>H.264 TypeBaseline \u10de\u10e0\u10dd\u10e4\u10d8\u10da\u10d8\/\u10db\u10d7\u10d0\u10d5\u10d0\u10e0\u10d8 \u10de\u10e0\u10dd\u10e4\u10d8\u10da\u10d8<br \/>\u10d5\u10d8\u10d3\u10d4\u10dd \u10d1\u10d8\u10e2\u10d8\u10e1 \u10e1\u10d8\u10ee\u10e8\u10d8\u10e0\u10d4 32 Kbps \u2013 8 Mbps<br \/>\u10d0\u10e3\u10d3\u10d8\u10dd<br \/>\u10d0\u10e3\u10d3\u10d8\u10dd \u10e8\u10d4\u10d9\u10e3\u10db\u10e8\u10d5\u10d0 G.711\/G.722.1\/G.726\/MP2L2\/PCM<br \/>\u10d0\u10e3\u10d3\u10d8\u10dd \u10d1\u10d8\u10e2\u10d8\u10e1 \u10e1\u10d8\u10ee\u10e8\u10d8\u10e0\u10d4 64 \u10d9\u10d1\u10d8\u10e2\u10d8\/\u10ec\u10db (G.711)\/16 \u10d9\u10d1\u10d8\u10e2\u10d8\/\u10ec\u10db (G.722.1)\/16 \u10d9\u10d1\u10d8\u10e2\u10d8\/\u10ec\u10db (G.726)\/32-160 \u10d9\u10d1\u10d8\u10e2\u10d8\/\u10ec\u10db (MP2L2)<br \/>\u10d0\u10e3\u10d3\u10d8\u10dd \u10e8\u10d4\u10e0\u10e9\u10d4\u10d5\u10d8\u10e1 \u10e1\u10d8\u10e9\u10e5\u10d0\u10e0\u10d4Max. 16 kHz<br \/>\u10d2\u10d0\u10e0\u10d4\u10db\u10dd\u10e1 \u10ee\u10db\u10d0\u10e3\u10e0\u10d8\u10e1 \u10e4\u10d8\u10da\u10e2\u10e0\u10d8\u10e1 \u10db\u10ee\u10d0\u10e0\u10d3\u10d0\u10ed\u10d4\u10e0\u10d0<br \/>\u10ed\u10d9\u10d5\u10d8\u10d0\u10dc\u10d8 \u10e4\u10e3\u10dc\u10e5\u10ea\u10d8\u10d4\u10d1\u10d8\u10e1 \u10dc\u10d0\u10d9\u10e0\u10d4\u10d1\u10d8<br \/>\u10eb\u10d8\u10e0\u10d8\u10d7\u10d0\u10d3\u10d8 EventMotion \u10d2\u10d0\u10db\u10dd\u10d5\u10da\u10d4\u10dc\u10d0<br \/>\u10d8\u10dc\u10e2\u10d4\u10e0\u10d4\u10e1\u10d8\u10e1 \u10e0\u10d4\u10d2\u10d8\u10dd\u10dc\u10d8\u10e1 \u10db\u10ee\u10d0\u10e0\u10d3\u10d0\u10ed\u10d4\u10e0\u10d0 1 \u10e4\u10d8\u10e5\u10e1\u10d8\u10e0\u10d4\u10d1\u10e3\u10da\u10d8 \u10e0\u10d4\u10d2\u10d8\u10dd\u10dc\u10d8 \u10d7\u10d8\u10d7\u10dd\u10d4\u10e3\u10da\u10d8 \u10dc\u10d0\u10d9\u10d0\u10d3\u10d8\u10e1\u10d7\u10d5\u10d8\u10e1<br \/>\u10d2\u10d0\u10db\u10dd\u10e1\u10d0\u10ee\u10e3\u10da\u10d4\u10d1\u10d0<br \/>\u10e5\u10d5\u10d4\u10dc\u10d0\u10d9\u10d0\u10d3\u10d8\u10e1 \u10db\u10d0\u10e5\u10e1. \u10d9\u10d0\u10d3\u10e0\u10d4\u10d1\u10d8\u10e1 \u10e1\u10d8\u10ee\u10e8\u10d8\u10e0\u10d4 50 \u10f0\u10ea: 25 \u10d9\u10d0\u10d3\u10e0\u10d8\/\u10ec\u10db (704 \u00d7 576, 352 \u00d7 288, 640 \u00d7 480, 320 \u00d7 240), 60 \u10f0\u10ea: 30 \u10d9\u10d0\u10d3\u10e0\u10d8 \u10ec\u10db (704 \u00d7 480, 352 \u00d7 240, 640 \u00d7 2)<br \/>\u10e1\u10e3\u10e0\u10d0\u10d7\u10d8\u10e1 \u10de\u10d0\u10e0\u10d0\u10db\u10d4\u10e2\u10e0\u10d8 \u10e1\u10d8\u10d9\u10d0\u10e8\u10d9\u10d0\u10e8\u10d4, \u10d2\u10d0\u10ef\u10d4\u10e0\u10d4\u10d1\u10d0, \u10e1\u10d8\u10db\u10d9\u10d5\u10d4\u10d7\u10e0\u10d4, \u10d9\u10dd\u10dc\u10e2\u10e0\u10d0\u10e1\u10e2\u10d8 \u10e0\u10d4\u10d2\u10e3\u10da\u10d8\u10e0\u10d3\u10d4\u10d1\u10d0 \u10d9\u10da\u10d8\u10d4\u10dc\u10e2\u10d8\u10e1 \u10de\u10e0\u10dd\u10d2\u10e0\u10d0\u10db\u10e3\u10da\u10d8 \u10e3\u10d6\u10e0\u10e3\u10dc\u10d5\u10d4\u10da\u10e7\u10dd\u10e4\u10d8\u10e1 \u10e1\u10d0\u10e8\u10e3\u10d0\u10da\u10d4\u10d1\u10d8\u10d7<br \/>\u10d3\u10e6\u10d8\u10e1\/\u10e6\u10d0\u10db\u10d8\u10e1 \u10d2\u10d0\u10d3\u10d0\u10e0\u10d7\u10d5\u10d8\u10e1 \u10db\u10ee\u10d0\u10e0\u10d3\u10d0\u10ed\u10d4\u10e0\u10d0 \u10d0\u10d5\u10e2\u10dd\u10db\u10d0\u10e2\u10e3\u10e0\u10d8\/\u10d3\u10d0\u10d2\u10d4\u10d2\u10db\u10d8\u10da\u10d8<br \/>\u10db\u10d7\u10d0\u10d5\u10d0\u10e0\u10d8 \u10dc\u10d0\u10d9\u10d0\u10d3\u10d8\u10e1 \u10db\u10d0\u10e5\u10e1. \u10d9\u10d0\u10d3\u10e0\u10d4\u10d1\u10d8\u10e1 \u10e1\u10d8\u10ee\u10e8\u10d8\u10e0\u10d4 50 \u10f0\u10ea: 25 \u10d9\u10d0\u10d3\u10e0\u10d8\/\u10ec\u10db (1920 \u00d7 1080, 1280 \u00d7 720), 60 \u10f0\u10ea: 30 \u10d9\u10d0\u10d3\u10e0\u10d8\/\u10ec\u10db (1920 \u00d7 1080, 1280 \u00d7 720)<br \/>BLCS \u10db\u10ee\u10d0\u10e0\u10d3\u10d0\u10ed\u10d4\u10e0\u10d0, \u10d6\u10dd\u10dc\u10d0 \u10e1\u10e3\u10e0\u10d5\u10d8\u10da\u10d8\u10e1\u10d0\u10db\u10d4\u10d1\u10e0<br \/>Wi-Fi<br \/>\u10e3\u10e1\u10d0\u10d3\u10d4\u10dc\u10dd \u10e1\u10e2\u10d0\u10dc\u10d3\u10d0\u10e0\u10e2\u10d4\u10d1\u10d8IEEE802.11b, 802.11g, 802.11n<br \/>\u10e1\u10d8\u10ee\u10e8\u10d8\u10e0\u10d4 2,4 \u10d2\u10f0\u10ea &#8211; 2,4835 \u10d2\u10f0\u10ea<br \/>\u10d0\u10e0\u10ee\u10d8\u10e1 \u10d2\u10d0\u10db\u10e2\u10d0\u10e0\u10dd\u10d1\u10d0 20\/40 MHz \u10db\u10ee\u10d0\u10e0\u10d3\u10d0\u10ed\u10d4\u10e0\u10d0<br \/>\u10e3\u10e1\u10d0\u10e4\u10e0\u10d7\u10ee\u10dd\u10d4\u10d1\u10d0 64\/128-\u10d1\u10d8\u10e2\u10d8\u10d0\u10dc\u10d8 WEP, WPA\/WPA2, WPA-PSK\/WPA2-PSK, WPS<br \/>\u10d2\u10d0\u10d3\u10d0\u10ea\u10d4\u10db\u10d8\u10e1 \u10e1\u10d8\u10e9\u10e5\u10d0\u10e0\u10d4 11b: 11 Mbps, 11g: 54Mbps, 11n: 150Mbps-\u10db\u10d3\u10d4<br \/>\u10e3\u10e1\u10d0\u10d3\u10d4\u10dc\u10dd \u10d3\u10d8\u10d0\u10de\u10d0\u10d6\u10dd\u10dc\u10d8 50 \u10db\u10d4\u10e2\u10e0\u10d8 (\u10d4\u10e4\u10d4\u10e5\u10e2\u10e3\u10e0\u10dd\u10d1\u10d0 \u10d8\u10ea\u10d5\u10da\u10d4\u10d1\u10d0 \u10e0\u10d4\u10d0\u10da\u10e3\u10e0 \u10d2\u10d0\u10e0\u10d4\u10db\u10dd\u10d6\u10d4 \u10d3\u10d0\u10e7\u10e0\u10d3\u10dc\u10dd\u10d1\u10d8\u10d7)<br \/>\u10d8\u10dc\u10e2\u10d4\u10e0\u10e4\u10d4\u10d8\u10e1\u10d8<br \/>AudioSupport \u10db\u10dd\u10dc\u10dd \u10e1\u10d0\u10e3\u10dc\u10d3\u10e2\u10e0\u10d4\u10d9\u10d8, 1 \u10e9\u10d0\u10e8\u10d4\u10dc\u10d4\u10d1\u10e3\u10da\u10d8 \u10db\u10d8\u10d9\u10e0\u10dd\u10e4\u10dd\u10dc\u10d8, 1 \u10e9\u10d0\u10e8\u10d4\u10dc\u10d4\u10d1\u10e3\u10da\u10d8 \u10d3\u10d8\u10dc\u10d0\u10db\u10d8\u10d9\u10d8<br \/>\u10d1\u10dd\u10e0\u10e2 \u10e1\u10d0\u10ea\u10d0\u10d5\u10d8 \u10e9\u10d0\u10e8\u10d4\u10dc\u10d4\u10d1\u10e3\u10da\u10d8 \u10db\u10d8\u10d9\u10e0\u10dd SD\/SDHC\/SDXC \u10e1\u10da\u10dd\u10e2\u10d8, 128 \u10d2\u10d1-\u10db\u10d3\u10d4<br \/>\u10d2\u10d4\u10dc\u10d4\u10e0\u10d0\u10da\u10d8<br \/>\u10d6\u10dd\u10d2\u10d0\u10d3\u10d8 \u10e4\u10e3\u10dc\u10e5\u10ea\u10d8\u10d0 \u10d4\u10e0\u10d7\u10d8 \u10d2\u10d0\u10e1\u10d0\u10e6\u10d4\u10d1\u10d8\u10e1 \u10d2\u10d0\u10d3\u10d0\u10e2\u10d5\u10d8\u10e0\u10d7\u10d5\u10d0, \u10ea\u10d8\u10db\u10ea\u10d8\u10db\u10d8\u10e1 \u10e1\u10d0\u10ec\u10d8\u10dc\u10d0\u10d0\u10e6\u10db\u10d3\u10d4\u10d2\u10dd, \u10d2\u10e3\u10da\u10d8\u10e1\u10ea\u10d4\u10db\u10d0, \u10e1\u10d0\u10e0\u10d9\u10d4, \u10de\u10d0\u10e0\u10dd\u10da\u10d8\u10e1 \u10d3\u10d0\u10ea\u10d5\u10d0, \u10d9\u10dd\u10dc\u10e4\u10d8\u10d3\u10d4\u10dc\u10ea\u10d8\u10d0\u10da\u10e3\u10e0\u10dd\u10d1\u10d8\u10e1 \u10dc\u10d8\u10e6\u10d0\u10d1\u10d8, \u10ec\u10e7\u10da\u10d8\u10e1 \u10dc\u10d8\u10e8\u10d0\u10dc\u10d8<br \/>\u10d2\u10d0\u10d3\u10d0\u10e2\u10d5\u10d8\u10e0\u10d7\u10d5\u10d0 \u10d3\u10d8\u10d0\u10ee<br \/>\u10d2\u10d0\u10e8\u10d5\u10d4\u10d1\u10d8\u10e1 \u10d3\u10d0 \u10db\u10e3\u10e8\u10d0\u10dd\u10d1\u10d8\u10e1 \u10de\u10d8\u10e0\u10dd\u10d1\u10d4\u10d1\u10d8 &#8211; 10 \u00b0C-\u10d3\u10d0\u10dc 40 \u00b0C-\u10db\u10d3\u10d4 (14 \u00b0F-\u10d3\u10d0\u10dc 104 \u00b0F-\u10db\u10d3\u10d4), \u10e2\u10d4\u10dc\u10d8\u10d0\u10dc\u10dd\u10d1\u10d0 95% \u10d0\u10dc \u10dc\u10d0\u10d9\u10da\u10d4\u10d1\u10d8 (\u10d0\u10e0\u10d0\u10d9\u10dd\u10dc\u10d3\u10d4\u10dc\u10e1\u10d8\u10e0\u10d4\u10d1\u10d0\u10d3\u10d8)<br \/>\u10d9\u10d5\u10d4\u10d1\u10d8\u10e1 \u10d1\u10da\u10dd\u10d9\u10d8 5 VDC \u00b1 10%, \u10db\u10d8\u10d9\u10e0\u10dd USB \u10d8\u10dc\u10e2\u10d4\u10e0\u10e4\u10d4\u10d8\u10e1\u10d8<br \/>\u10d4\u10dc\u10d4\u10e0\u10d2\u10d8\u10d8\u10e1 \u10db\u10dd\u10ee\u10db\u10d0\u10e0\u10d4\u10d1\u10d0 \u10d3\u10d0 \u10db\u10d8\u10db\u10d3\u10d8\u10dc\u10d0\u10e0\u10d4 \u10db\u10d0\u10e5\u10e1. 0.9A, \u10db\u10d0\u10e5\u10e1. 4.5 W<br \/>\u10db\u10d0\u10e1\u10d0\u10da\u10d0 \u10de\u10da\u10d0\u10e1\u10e2\u10db\u10d0\u10e1\u10d8<br \/>\u10d6\u10dd\u10db\u10d4\u10d1\u10d8\u03a6 67,5 \u00d7 112,2 \u10db\u10db (\u03a6 2,7&#8221; \u00d7 4,4&#8221;)<br \/>\u10ec\u10dd\u10dc\u10d0 \u10d9\u10d0\u10db\u10d4\u10e0\u10d0: 125 \u10d2 (0,3 \u10e4\u10e3\u10dc\u10e2\u10d8), \u10e8\u10d4\u10e4\u10e3\u10d7\u10d5\u10d8\u10d7: 346 \u10d2 (0,8 \u10e4\u10e3\u10dc\u10e2\u10d8)<\/p>\n","protected":false},"excerpt":{"rendered":"<p>\u10d9\u10d0\u10db\u10d4\u10e0\u10d0\u10d2\u10d0\u10db\u10dd\u10e1\u10d0\u10ee\u10e3\u10da\u10d4\u10d1\u10d8\u10e1 \u10e1\u10d4\u10dc\u10e1\u10dd\u10e0\u10d8 1\/2.8&#8243; \u10de\u10e0\u10dd\u10d2\u10e0\u10d4\u10e1\u10e3\u10da\u10d8 \u10e1\u10d9\u10d0\u10dc\u10d8\u10e0\u10d4\u10d1\u10d0 CMOS\u10db\u10d8\u10dc. Illumination0.01 Lux @ (F1.2, AGC ON), 0 Lux IR-\u10d8\u10d7\u10e9\u10d0\u10db\u10d9\u10d4\u10e2\u10d8\u10e1 \u10e1\u10d8\u10e9\u10e5\u10d0\u10e0\u10d4 1\/3 \u10ec\u10db-\u10d3\u10d0\u10dc 1\/100000 \u10ec\u10db-\u10db\u10d3\u10d4\u10dc\u10d4\u10da\u10d8<\/p>\n","protected":false},"featured_media":33190,"comment_status":"open","ping_status":"closed","template":"","meta":[],"product_brand":[],"product_cat":[1502],"product_tag":[],"class_list":{"0":"post-33191","1":"product","2":"type-product","3":"status-publish","4":"has-post-thumbnail","6":"product_cat-ptz-ip-cameras-unv-ip-camera-nvr","8":"first","9":"instock","10":"taxable","11":"shipping-taxable","12":"purchasable","13":"product-type-simple"},"_links":{"self":[{"href":"https:\/\/iterra.ge\/en\/wp-json\/wp\/v2\/product\/33191","targetHints":{"allow":["GET"]}}],"collection":[{"href":"https:\/\/iterra.ge\/en\/wp-json\/wp\/v2\/product"}],"about":[{"href":"https:\/\/iterra.ge\/en\/wp-json\/wp\/v2\/types\/product"}],"replies":[{"embeddable":true,"href":"https:\/\/iterra.ge\/en\/wp-json\/wp\/v2\/comments?post=33191"}],"version-history":[{"count":0,"href":"https:\/\/iterra.ge\/en\/wp-json\/wp\/v2\/product\/33191\/revisions"}],"wp:featuredmedia":[{"embeddable":true,"href":"https:\/\/iterra.ge\/en\/wp-json\/wp\/v2\/media\/33190"}],"wp:attachment":[{"href":"https:\/\/iterra.ge\/en\/wp-json\/wp\/v2\/media?parent=33191"}],"wp:term":[{"taxonomy":"product_brand","embeddable":true,"href":"https:\/\/iterra.ge\/en\/wp-json\/wp\/v2\/product_brand?post=33191"},{"taxonomy":"product_cat","embeddable":true,"href":"https:\/\/iterra.ge\/en\/wp-json\/wp\/v2\/product_cat?post=33191"},{"taxonomy":"product_tag","embeddable":true,"href":"https:\/\/iterra.ge\/en\/wp-json\/wp\/v2\/product_tag?post=33191"}],"curies":[{"name":"wp","href":"https:\/\/api.w.org\/{rel}","templated":true}]}}