{"id":33823,"date":"2025-06-12T06:08:46","date_gmt":"2025-06-12T06:08:46","guid":{"rendered":"https:\/\/iterra.ge\/product\/%e1%83%99%e1%83%90%e1%83%9b%e1%83%94%e1%83%a0%e1%83%90hiwatch-ds-i200-lc-2-8mmip2mpbulletfixir30m\/"},"modified":"2026-02-25T00:00:50","modified_gmt":"2026-02-25T00:00:50","slug":"%e1%83%99%e1%83%90%e1%83%9b%e1%83%94%e1%83%a0%e1%83%90hiwatch-ds-i200-lc-2-8mmip2mpbulletfixir30m","status":"publish","type":"product","link":"https:\/\/iterra.ge\/en\/product\/%e1%83%99%e1%83%90%e1%83%9b%e1%83%94%e1%83%a0%e1%83%90hiwatch-ds-i200-lc-2-8mmip2mpbulletfixir30m\/","title":{"rendered":"\u10d9\u10d0\u10db\u10d4\u10e0\u10d0,Hiwatch, DS-I200-L(C), 2.8mm,IP,2mp,Bullet,Fix,IR30m,,"},"content":{"rendered":"<h1><\/h1>\n<p>\u10d9\u10d0\u10db\u10d4\u10e0\u10d0<br \/>Matrix 1 \/ 2.7 CMOS \u10de\u10e0\u10dd\u10d2\u10e0\u10d4\u10e1\u10e3\u10da\u10d8 \u10e1\u10d9\u10d0\u10dc\u10d8\u10e0\u10d4\u10d1\u10d0<br \/>\u10db\u10d2\u10e0\u10eb\u10dc\u10dd\u10d1\u10d4\u10da\u10dd\u10d1\u10d0 0.01 \u10da\u10e3\u10e5\u10e1\u10d8 @ (F1.2, AGC \u10e9\u10d0\u10e0\u10d7\u10e3\u10da\u10d8), 0.028 \u10da\u10e3\u10e5\u10e1\u10d8 @ (F2.0, AGC \u10e9\u10d0\u10e0\u10d7\u10e3\u10da\u10d8)<br \/>\u10d4\u10da\u10d4\u10e5\u10e2\u10e0\u10dd\u10dc\u10e3\u10da\u10d8 \u10e9\u10d0\u10db\u10d9\u10d4\u10e2\u10d8\u10e1 \u10e1\u10d8\u10e9\u10e5\u10d0\u10e0\u10d4 1\/3 \u10ec\u10db ~ 1\/100 000 \u10ec\u10db, \u10dc\u10d4\u10da\u10d8 \u10e9\u10d0\u10db\u10d9\u10d4\u10e2\u10d8\u10e1 \u10db\u10ee\u10d0\u10e0\u10d3\u10d0\u10ed\u10d4\u10e0\u10d0<br \/>\u10dd\u10d1\u10d8\u10d4\u10e5\u10e2\u10d8\u10d5\u10d8 2.8, 4 \u10db\u10db @ F2.0<br \/>\u10da\u10d8\u10dc\u10d6\u10d8\u10e1 \u10e1\u10d0\u10db\u10d0\u10d2\u10e0\u10d8 M12<br \/>\u10ee\u10d4\u10d3\u10d5\u10d8\u10e1 \u10d9\u10e3\u10d7\u10ee\u10d4 2,8 \u10db\u10db: \u10f0\u10dd\u10e0\u10d8\u10d6\u10dd\u10dc\u10e2\u10d0\u10da\u10e3\u10e0\u10d8: 114,8 \u00b0, \u10d5\u10d4\u10e0\u10e2\u10d8\u10d9\u10d0\u10da\u10e3\u10e0\u10d8: 62 \u00b0, \u10d3\u10d8\u10d0\u10d2\u10dd\u10dc\u10d0\u10da\u10d8: 135,5 \u00b0 4 \u10db\u10db: \u10f0\u10dd\u10e0\u10d8\u10d6\u10dd\u10dc\u10e2\u10d0\u10da\u10e3\u10e0\u10d8: 86 \u00b0, \u10d5\u10d4\u10e0\u10e2\u10d8\u10d9\u10d0\u10da\u10e3\u10e0\u10d8: 46,5 \u00b0, \u10d3\u10d8\u10d0\u10d2\u10dd\u10dc\u10d0\u10da\u10d8: 102,5 \u00b0<br \/>\u10d3\u10e6\u10d8\u10e1\/\u10e6\u10d0\u10db\u10d8\u10e1 \u10e0\u10d4\u10df\u10d8\u10db\u10d8\u10e1 \u10d0\u10d5\u10e2\u10dd IR \u10db\u10d4\u10e5\u10d0\u10dc\u10d8\u10d9\u10e3\u10e0\u10d8 \u10e4\u10d8\u10da\u10e2\u10e0\u10d8<br \/>\u10d9\u10e3\u10d7\u10ee\u10d8\u10e1 \u10e0\u10d4\u10d2\u10e3\u10da\u10d8\u10e0\u10d4\u10d1\u10d0 \u10e8\u10d4\u10db\u10dd\u10d1\u10e0\u10e3\u10dc\u10d4\u10d1\u10d0: 0 \u00b0 \u2013 360 \u00b0; \u10d3\u10d0\u10ee\u10e0\u10d8\u10da\u10dd\u10d1\u10d0: 0 \u00b0 \u2013 180 \u00b0; \u10e0\u10dd\u10e2\u10d0\u10ea\u10d8\u10d0: 0 \u00b0 \u2013 360 \u00b0<br \/>\u10e8\u10d4\u10d9\u10e3\u10db\u10e8\u10d5\u10d0<br \/>\u10d5\u10d8\u10d3\u10d4\u10dd \u10e8\u10d4\u10d9\u10e3\u10db\u10e8\u10d5\u10d8\u10e1 \u10e4\u10dd\u10e0\u10db\u10d0\u10e2\u10d8 H.265 \/ H.264 \/ MJPEG<br \/>H.264 \/ H.265 \u10de\u10e0\u10dd\u10e4\u10d8\u10da\u10d8\u10e1 \u10e1\u10d0\u10d1\u10d0\u10d6\u10d8\u10e1\u10dd \u10de\u10e0\u10dd\u10e4\u10d8\u10da\u10d8 \/ \u10db\u10d7\u10d0\u10d5\u10d0\u10e0\u10d8 \u10de\u10e0\u10dd\u10e4\u10d8\u10da\u10d8<br \/>\u10d5\u10d8\u10d3\u10d4\u10dd\u10e1 \u10e1\u10d8\u10ee\u10e8\u10d8\u10e0\u10d4 32 \u10d9\u10d1\/\u10ec\u10db ~ 8 \u10db\u10d1\/\u10ec\u10db<br \/>\u10e1\u10e3\u10e0\u10d0\u10d7\u10d8<br \/>\u10db\u10d0\u10e5\u10e1\u10d8\u10db\u10d0\u10da\u10e3\u10e0\u10d8 \u10d2\u10d0\u10e0\u10e9\u10d4\u10d5\u10d0\u10d3\u10dd\u10d1\u10d0 1920 \u00d7 1080<br \/>\u10eb\u10d8\u10e0\u10d8\u10d7\u10d0\u10d3\u10d8 \u10dc\u10d0\u10d9\u10d0\u10d3\u10d8 50 Hz: 25 fps (1920 \u00d7 1080, 1280 \u00d7 960, 1280 \u00d7 720)<br \/>\u10d3\u10d0\u10db\u10d0\u10e2\u10d4\u10d1\u10d8\u10d7\u10d8 \u10dc\u10d0\u10d9\u10d0\u10d3\u10d8 50 Hz: 25 fps (640 \u00d7 480, 640 \u00d7 360, 320 \u00d7 240)<br \/>\u10e1\u10e3\u10e0\u10d0\u10d7\u10d8\u10e1 \u10de\u10d0\u10e0\u10d0\u10db\u10d4\u10e2\u10e0\u10d4\u10d1\u10d8 \u10d2\u10d0\u10ef\u10d4\u10e0\u10d4\u10d1\u10d0, \u10e1\u10d8\u10d9\u10d0\u10e8\u10d9\u10d0\u10e8\u10d4, \u10d9\u10dd\u10dc\u10e2\u10e0\u10d0\u10e1\u10e2\u10d8, \u10e1\u10d8\u10db\u10d9\u10d5\u10d4\u10d7\u10e0\u10d4, \u10e1\u10d0\u10e0\u10d9\u10d4, \u10d9\u10dd\u10dc\u10e4\u10d8\u10d3\u10d4\u10dc\u10ea\u10d8\u10d0\u10da\u10e3\u10e0\u10dd\u10d1\u10d8\u10e1 \u10dc\u10d8\u10e6\u10d0\u10d1\u10d8 \u10d3\u10d0 \u10e1\u10e3\u10e0\u10d0\u10d7\u10d8\u10e1 \u10d2\u10d0\u10d3\u10d0\u10e4\u10d0\u10e0\u10d5\u10d0 \u10d9\u10dd\u10dc\u10e4\u10d8\u10d2\u10e3\u10e0\u10d8\u10e0\u10d4\u10d1\u10e3\u10da\u10d8\u10d0 \u10d9\u10da\u10d8\u10d4\u10dc\u10e2\u10d8\u10e1 \u10de\u10e0\u10dd\u10d2\u10e0\u10d0\u10db\u10e3\u10da\u10d8 \u10e3\u10d6\u10e0\u10e3\u10dc\u10d5\u10d4\u10da\u10e7\u10dd\u10e4\u10d8\u10e1 \u10d0\u10dc \u10d5\u10d4\u10d1 \u10d1\u10e0\u10d0\u10e3\u10d6\u10d4\u10e0\u10d8\u10e1 \u10e1\u10d0\u10e8\u10e3\u10d0\u10da\u10d4\u10d1\u10d8\u10d7<br \/>\u10d2\u10d0\u10db\u10dd\u10e1\u10d0\u10ee\u10e3\u10da\u10d4\u10d1\u10d8\u10e1 \u10d2\u10d0\u10e3\u10db\u10ef\u10dd\u10d1\u10d4\u10e1\u10d4\u10d1\u10d0 DWDR, 3D DNR, BLC, \u10d3\u10d4\u10e0\u10d4\u10e4\u10dc\u10d8\u10e1 \u10e0\u10d4\u10df\u10d8\u10db\u10d8<br \/>\u10d3\u10e6\u10d8\u10e1 \/ \u10e6\u10d0\u10db\u10d8\u10e1 \u10d2\u10d0\u10d3\u10d0\u10e0\u10d7\u10d5\u10d0 \u10d0\u10d5\u10e2\u10dd\u10db\u10d0\u10e2\u10e3\u10e0\u10d8 \/ \u10d3\u10d0\u10d2\u10d4\u10d2\u10db\u10d8\u10da\u10d8 \/ \u10d3\u10e6\u10d4 \/ \u10e6\u10d0\u10db\u10d4<br \/>\u10ed\u10d9\u10d5\u10d8\u10d0\u10dc\u10d8 \u10d5\u10d8\u10d3\u10d4\u10dd \u10d0\u10dc\u10d0\u10da\u10d8\u10e2\u10d8\u10d9\u10d0<br \/>\u10db\u10dd\u10eb\u10e0\u10d0\u10dd\u10d1\u10d8\u10e1 \u10d2\u10d0\u10db\u10dd\u10d5\u10da\u10d4\u10dc\u10d0 \u10db\u10dd\u10eb\u10e0\u10d0\u10dd\u10d1\u10d8\u10e1 \u10d0\u10db\u10dd\u10ea\u10dc\u10dd\u10d1\u10d0<br \/>\u10e5\u10e1\u10d4\u10da\u10d8<br \/>\u10de\u10e0\u10dd\u10e2\u10dd\u10d9\u10dd\u10da\u10d4\u10d1\u10d8 TCP \/ IP, ICMP, HTTP, FTP, DHCP, DNS, DDNS, RTP, RTSP, RTCP, NTP, UPnP, SMTP, IGMP, 802.1X, QoS, HIK Cloud P2P<br \/>\u10e3\u10e1\u10d0\u10e4\u10e0\u10d7\u10ee\u10dd\u10d4\u10d1\u10d0 \u10db\u10dd\u10db\u10ee\u10db\u10d0\u10e0\u10d4\u10d1\u10da\u10d8\u10e1 \u10d0\u10d5\u10d7\u10d4\u10dc\u10e2\u10d8\u10e4\u10d8\u10d9\u10d0\u10ea\u10d8\u10d0, \u10d4\u10e0\u10d7\u10d8 \u10e6\u10d8\u10da\u10d0\u10d9\u10d8\u10d7 \u10d2\u10d0\u10d3\u10d0\u10e2\u10d5\u10d8\u10e0\u10d7\u10d5\u10d0, \u10e2\u10d0\u10da\u10e6\u10dd\u10d5\u10d0\u10dc\u10d8, \u10de\u10d0\u10e0\u10dd\u10da\u10d8\u10e1 \u10d3\u10d0\u10ea\u10d5\u10d0, \u10d9\u10dd\u10dc\u10e4\u10d8\u10d3\u10d4\u10dc\u10ea\u10d8\u10d0\u10da\u10e3\u10e0\u10dd\u10d1\u10d8\u10e1 \u10dc\u10d8\u10e6\u10d0\u10d1\u10d8, \u10ec\u10e7\u10da\u10d8\u10e1 \u10dc\u10d8\u10e8\u10dc\u10d4\u10d1\u10d8, IP \u10db\u10d8\u10e1\u10d0\u10db\u10d0\u10e0\u10d7\u10d8\u10e1 \u10d2\u10d0\u10e4\u10d8\u10da\u10e2\u10d5\u10e0\u10d0<br \/>\u10d7\u10d0\u10d5\u10e1\u10d4\u10d1\u10d0\u10d3\u10dd\u10d1\u10d0 ONVIF (PROFILE S), ISAPI<br \/>\u10d2\u10d0\u10dc\u10d2\u10d0\u10e8\u10d8\u10e1 \u10d2\u10d0\u10d0\u10e5\u10e2\u10d8\u10e3\u10e0\u10d4\u10d1\u10d0 \u10d0\u10e0\u10d0\u10d0\u10d5\u10e2\u10dd\u10e0\u10d8\u10d6\u10d4\u10d1\u10e3\u10da\u10d8 \u10d0\u10d5\u10e2\u10dd\u10e0\u10d8\u10d6\u10d0\u10ea\u10d8\u10d8\u10e1, \u10d2\u10d0\u10d3\u10d0\u10d0\u10d3\u10d2\u10d8\u10da\u10d4\u10d1\u10d8\u10e1 \u10d2\u10d0\u10db\u10dd\u10d5\u10da\u10d4\u10dc\u10d0<br \/>\u10d2\u10d0\u10dc\u10d2\u10d0\u10e8\u10d8\u10e1 \u10db\u10dd\u10e5\u10db\u10d4\u10d3\u10d4\u10d1\u10d4\u10d1\u10d8 \u10d9\u10da\u10d8\u10d4\u10dc\u10e2\u10d8\u10e1 \u10de\u10e0\u10dd\u10d2\u10e0\u10d0\u10db\u10e3\u10da\u10d8 \u10e3\u10d6\u10e0\u10e3\u10dc\u10d5\u10d4\u10da\u10e7\u10dd\u10e4\u10d8\u10e1 \u10e8\u10d4\u10e2\u10e7\u10dd\u10d1\u10d8\u10dc\u10d4\u10d1\u10d0, \u10d4\u10da\u10e4\u10dd\u10e1\u10e2\u10d8\u10e1 \u10d2\u10d0\u10d2\u10d6\u10d0\u10d5\u10dc\u10d0, FTP-\u10d6\u10d4 \u10d0\u10e2\u10d5\u10d8\u10e0\u10d7\u10d5\u10d0, \u10d0\u10e0\u10ee\u10d8\u10e1 \u10e9\u10d0\u10ec\u10d4\u10e0\u10d8\u10e1 \u10d2\u10d0\u10d0\u10e5\u10e2\u10d8\u10e3\u10e0\u10d4\u10d1\u10d0<br \/>\u10d8\u10dc\u10e2\u10d4\u10e0\u10e4\u10d4\u10d8\u10e1\u10d8<br \/>\u10e5\u10e1\u10d4\u10da\u10d8\u10e1 \u10d8\u10dc\u10e2\u10d4\u10e0\u10e4\u10d4\u10d8\u10e1\u10d8 1 RJ45 10M \/ 100M \u10d7\u10d5\u10d8\u10d7\u10d2\u10d0\u10db\u10dd\u10e0\u10d9\u10d5\u10d4\u10d5\u10d8\u10e1 Ethernet<br \/>\u10db\u10d7\u10d0\u10d5\u10d0\u10e0\u10d8<br \/>\u10e1\u10d0\u10d9\u10d5\u10d4\u10d1\u10d8 DC12V \u00b1 25% \/ PoE (IEEE 802.3af \u10d9\u10da\u10d0\u10e1\u10d8 3)<br \/>\u10d4\u10dc\u10d4\u10e0\u10d2\u10d8\u10d8\u10e1 \u10db\u10dd\u10ee\u10db\u10d0\u10e0\u10d4\u10d1\u10d0 \u10db\u10d0\u10e5\u10e1. 4.5 \u10d5\u10e2<br \/>\u10e1\u10d0\u10db\u10e3\u10e8\u10d0\u10dd \u10de\u10d8\u10e0\u10dd\u10d1\u10d4\u10d1\u10d8 -40\u00b0C \u2013 60\u00b0C, \u10e2\u10d4\u10dc\u10d8\u10d0\u10dc\u10dd\u10d1\u10d0 95% \u10d0\u10dc \u10dc\u10d0\u10d9\u10da\u10d4\u10d1\u10d8 (\u10d0\u10e0\u10d0\u10d9\u10dd\u10dc\u10d3\u10d4\u10dc\u10e1\u10d8\u10e0\u10d4\u10d1\u10d0\u10d3\u10d8)<br \/>\u10e2\u10d4\u10dc\u10d8\u10d0\u10dc\u10dd\u10d1\u10d8\u10e1 \u10d3\u10d0\u10ea\u10d5\u10d0 IP67<br \/>EXIR-\u10d2\u10d0\u10dc\u10d0\u10d7\u10d4\u10d1\u10d8\u10e1 \u10db\u10dd\u10e5\u10db\u10d4\u10d3\u10d4\u10d1\u10d8\u10e1 \u10d3\u10d8\u10d0\u10de\u10d0\u10d6\u10dd\u10dc\u10d8 30 \u10db-\u10db\u10d3\u10d4, Smart IR<br \/>\u10d9\u10dd\u10e0\u10de\u10e3\u10e1\u10d8\u10e1 \u10db\u10d0\u10e1\u10d0\u10da\u10d0 \u10db\u10d4\u10e2\u10d0\u10da\u10d8\/\u10de\u10da\u10d0\u10e1\u10e2\u10db\u10d0\u10e1\u10d8<br \/>\u10db\u10d7\u10d8\u10e1 \u10da\u10d8\u10d7\u10dd\u10dc\u10d8\u10e1 \u10e1\u10d0\u10db\u10d0\u10d2\u10e0\u10d8<br \/>\u10d6\u10dd\u10db\u10d4\u10d1\u10d8 69.1 \u00d7 66 x 172.7 \u10db\u10db<br \/>\u10ec\u10dd\u10dc\u10d0 270 \u10d2<\/p><\/p>\n","protected":false},"excerpt":{"rendered":"<p>\u10d9\u10d0\u10db\u10d4\u10e0\u10d0Matrix 1 \/ 2.7 CMOS \u10de\u10e0\u10dd\u10d2\u10e0\u10d4\u10e1\u10e3\u10da\u10d8 \u10e1\u10d9\u10d0\u10dc\u10d8\u10e0\u10d4\u10d1\u10d0\u10db\u10d2\u10e0\u10eb\u10dc\u10dd\u10d1\u10d4\u10da\u10dd\u10d1\u10d0 0.01 \u10da\u10e3\u10e5\u10e1\u10d8 @ (F1.2, AGC \u10e9\u10d0\u10e0\u10d7\u10e3\u10da\u10d8), 0.028 \u10da\u10e3\u10e5\u10e1\u10d8 @ (F2.0, AGC \u10e9\u10d0\u10e0\u10d7\u10e3\u10da\u10d8)\u10d4\u10da\u10d4\u10e5\u10e2\u10e0\u10dd\u10dc\u10e3\u10da\u10d8 \u10e9\u10d0\u10db\u10d9\u10d4\u10e2\u10d8\u10e1<\/p>\n","protected":false},"featured_media":33822,"comment_status":"open","ping_status":"closed","template":"","meta":[],"product_brand":[],"product_cat":[825,820],"product_tag":[],"class_list":{"0":"post-33823","1":"product","2":"type-product","3":"status-publish","4":"has-post-thumbnail","6":"product_cat-2mp-ip-cameras","7":"product_cat-wall-mounting-cabinets","9":"first","10":"instock","11":"taxable","12":"shipping-taxable","13":"purchasable","14":"product-type-simple"},"_links":{"self":[{"href":"https:\/\/iterra.ge\/en\/wp-json\/wp\/v2\/product\/33823","targetHints":{"allow":["GET"]}}],"collection":[{"href":"https:\/\/iterra.ge\/en\/wp-json\/wp\/v2\/product"}],"about":[{"href":"https:\/\/iterra.ge\/en\/wp-json\/wp\/v2\/types\/product"}],"replies":[{"embeddable":true,"href":"https:\/\/iterra.ge\/en\/wp-json\/wp\/v2\/comments?post=33823"}],"version-history":[{"count":2,"href":"https:\/\/iterra.ge\/en\/wp-json\/wp\/v2\/product\/33823\/revisions"}],"predecessor-version":[{"id":66440,"href":"https:\/\/iterra.ge\/en\/wp-json\/wp\/v2\/product\/33823\/revisions\/66440"}],"wp:featuredmedia":[{"embeddable":true,"href":"https:\/\/iterra.ge\/en\/wp-json\/wp\/v2\/media\/33822"}],"wp:attachment":[{"href":"https:\/\/iterra.ge\/en\/wp-json\/wp\/v2\/media?parent=33823"}],"wp:term":[{"taxonomy":"product_brand","embeddable":true,"href":"https:\/\/iterra.ge\/en\/wp-json\/wp\/v2\/product_brand?post=33823"},{"taxonomy":"product_cat","embeddable":true,"href":"https:\/\/iterra.ge\/en\/wp-json\/wp\/v2\/product_cat?post=33823"},{"taxonomy":"product_tag","embeddable":true,"href":"https:\/\/iterra.ge\/en\/wp-json\/wp\/v2\/product_tag?post=33823"}],"curies":[{"name":"wp","href":"https:\/\/api.w.org\/{rel}","templated":true}]}}