{"id":33831,"date":"2025-06-12T06:08:51","date_gmt":"2025-06-12T06:08:51","guid":{"rendered":"https:\/\/iterra.ge\/product\/%e1%83%99%e1%83%90%e1%83%9b%e1%83%94%e1%83%a0%e1%83%90hiwatch-ds-i452c-2-8mmip4mpdomefixir30m\/"},"modified":"2026-02-25T00:00:50","modified_gmt":"2026-02-25T00:00:50","slug":"%e1%83%99%e1%83%90%e1%83%9b%e1%83%94%e1%83%a0%e1%83%90hiwatch-ds-i452c-2-8mmip4mpdomefixir30m","status":"publish","type":"product","link":"https:\/\/iterra.ge\/en\/product\/%e1%83%99%e1%83%90%e1%83%9b%e1%83%94%e1%83%a0%e1%83%90hiwatch-ds-i452c-2-8mmip4mpdomefixir30m\/","title":{"rendered":"\u10d9\u10d0\u10db\u10d4\u10e0\u10d0,Hiwatch, DS-I452(C), 2.8mm,IP,4mp,Dome,Fix,IR30m,,"},"content":{"rendered":"<p><strong><\/strong><\/p>\n<p>\u10db\u10dd\u10ec\u10e7\u10dd\u10d1\u10d8\u10da\u10dd\u10d1\u10d8\u10e1 \u10e2\u10d8\u10de\u10d8 IP \u10d9\u10d0\u10db\u10d4\u10e0\u10d0, \u10d2\u10e3\u10db\u10d1\u10d0\u10d7\u10d8<br \/>\u10d2\u10d0\u10e0\u10e9\u10d4\u10d5\u10d0\u10d3\u10dd\u10d1\u10d0: 4.0 MP (2560 x 1440)<br \/>\u10dd\u10d1\u10d8\u10d4\u10e5\u10e2\u10d8\u10d5\u10d8: f2.8mm, \u10e4\u10d8\u10e5\u10e1\u10d8\u10e0\u10d4\u10d1\u10e3\u10da\u10d8<br \/>\u10ee\u10d4\u10d3\u10d5\u10d8\u10e1 \u10d9\u10e3\u10d7\u10ee\u10d4: 100\u00b0<br \/>\u10e3\u10d9\u10d0\u10dc\u10d0 \u10d2\u10d0\u10dc\u10d0\u10d7\u10d4\u10d1\u10d0: \u10ed\u10d9\u10d5\u10d8\u10d0\u10dc\u10d8 30 \u10db-\u10db\u10d3\u10d4.<br \/>\u10d5\u10d8\u10d3\u10d4\u10dd\u10e1 \u10d9\u10dd\u10d3\u10d8\u10e0\u10d4\u10d1\u10d0: H.264 \/ H.264+ \/ H.265 \/ H.265+<br \/>\u10e1\u10de\u10d4\u10ea\u10d8\u10e4\u10d8\u10d9\u10d0\u10ea\u10d8\u10d4\u10d1\u10d8: WDR 120dB, 3D DNR, BLC<br \/>\u10d9\u10dd\u10dc\u10e2\u10e0\u10dd\u10da\u10d8:HIK-Connect \/ HikCentral \/ WEB \/ Registrar<br \/>\u10e1\u10d8\u10dc\u10d0\u10d7\u10da\u10d8\u10e1 \u10db\u10d2\u10e0\u10eb\u10dc\u10dd\u10d1\u10d4\u10da\u10dd\u10d1\u10d0: 0.01 \u10da\u10e3\u10e5\u10e1\u10d8. @(F1.2, AGC \u10e9\u10d0\u10e0\u10d7\u10e3\u10da\u10d8), 0.028lx. @(F2.0, AGC \u10e9\u10d0\u10e0\u10d7\u10e3\u10da\u10d8) 0 \u10da\u10e3\u10e5\u10e1\u10d8. IR-\u10d8\u10d7<br \/>\u10d3\u10e6\u10d4\/\u10e6\u10d0\u10db\u10d8\u10e1 \u10e0\u10d4\u10df\u10d8\u10db\u10d8: IR \u10ed\u10e0\u10d8\u10e1 \u10e4\u10d8\u10da\u10e2\u10e0\u10d8<br \/>\u10d2\u10d0\u10d3\u10d0\u10ea\u10d4\u10db\u10d8\u10e1 \u10e1\u10d8\u10e9\u10e5\u10d0\u10e0\u10d4 (\u10d1\u10d8\u10e2\u10d0\u10e0\u10d8\u10e2\u10d8): 32 \u10d9\u10d1\/\u10ec\u10db-\u10d3\u10d0\u10dc. 8 \u10db\u10d1\/\u10ec\u10db-\u10db\u10d3\u10d4.<br \/>\u10eb\u10d0\u10e4\u10d4\u10d1\u10d8\u10e1 \u10e0\u10d0\u10dd\u10d3\u10d4\u10dc\u10dd\u10d1\u10d0: 2 \u10eb\u10d0\u10e4\u10d8<br \/>\u10eb\u10d8\u10e0\u10d8\u10d7\u10d0\u10d3\u10d8 \u10dc\u10d0\u10d9\u10d0\u10d3\u10d8: 2560\u00d71440@20fps, 1920\u00d71080@25fps, 1280\u00d7720@25fps,<br \/>\u10d3\u10d0\u10db\u10d0\u10e2\u10d4\u10d1\u10d8\u10d7\u10d8 \u10dc\u10d0\u10d9\u10d0\u10d3\u10d8: 704&#215;576@25fps, 640&#215;480@25fps, 352&#215;288@25fps<br \/>\u10e0\u10dd\u10e2\u10d0\u10ea\u10d8\u10d0 \u10d3\u10d0 \u10d3\u10d0\u10ee\u10e0\u10d8\u10da\u10dd\u10d1\u10d0: \u10d8\u10dc\u10e1\u10e2\u10d0\u10da\u10d0\u10ea\u10d8\u10d8\u10e1 \u10d3\u10e0\u10dd\u10e1: \u10e0\u10dd\u10e2\u10d0\u10ea\u10d8\u10d0: 0\u00b0 &#8211; 355\u00b0; \u10d3\u10d0\u10ee\u10e0\u10d8\u10da\u10dd\u10d1\u10d0: 0\u00b0 &#8211; 70\u00b0<br \/>\u10d9\u10d5\u10d4\u10d1\u10d8\u10e1 \u10ec\u10e7\u10d0\u10e0\u10dd: PoE (802.3af), DC 12V \u00b1 25%<br \/>\u10d4\u10dc\u10d4\u10e0\u10d2\u10d8\u10d8\u10e1 \u10db\u10dd\u10ee\u10db\u10d0\u10e0\u10d4\u10d1\u10d0: 5 W. (\u10db\u10d0\u10e5\u10e1\u10d8\u10db\u10d0\u10da\u10e3\u10e0\u10d8)<br \/>\u10d9\u10dd\u10e0\u10de\u10e3\u10e1\u10d8\u10e1 \u10db\u10d0\u10e1\u10d0\u10da\u10d0: \u10db\u10d4\u10e2\u10d0\u10da\u10d8 \/ ABS \u10de\u10da\u10d0\u10e1\u10e2\u10db\u10d0\u10e1\u10d8<br \/>\u10d3\u10d0\u10ea\u10d5\u10d8\u10e1 \u10d9\u10da\u10d0\u10e1\u10d8: IP67\/IK10<br \/>\u10e1\u10d0\u10db\u10e3\u10e8\u10d0\u10dd \u10e2\u10d4\u10db\u10de\u10d4\u10e0\u10d0\u10e2\u10e3\u10e0\u10d0: -40\u00b0C ~ +60\u00b0C<br \/>\u10dc\u10d0\u10ed\u10e0\u10d4\u10d1\u10d8\u10e1 \u10e0\u10d0\u10dd\u10d3\u10d4\u10dc\u10dd\u10d1\u10d0 \u10e7\u10e3\u10d7\u10e8\u10d8: 24<br \/>\u10d4\u10e0\u10d7\u10d4\u10e3\u10da\u10d8 \u10ec\u10dd\u10dc\u10d0 \u10d9\u10d2.0.56<br \/>\u10d2\u10d0\u10e0\u10d0\u10dc\u10e2\u10d8\u10d8\u10e1 \u10d5\u10d0\u10d3\u10d0: 2 \u10ec\u10d4\u10da\u10d8<br \/>\u10d4\u10e0\u10d7\u10d4\u10e3\u10da\u10d8\u10e1 \u10d6\u10dd\u10db\u10d0 \u10db\u10db135x135x110<\/p>\n<p><strong><\/strong><\/p>\n","protected":false},"excerpt":{"rendered":"<p>\u10db\u10dd\u10ec\u10e7\u10dd\u10d1\u10d8\u10da\u10dd\u10d1\u10d8\u10e1 \u10e2\u10d8\u10de\u10d8 IP \u10d9\u10d0\u10db\u10d4\u10e0\u10d0, \u10d2\u10e3\u10db\u10d1\u10d0\u10d7\u10d8\u10d2\u10d0\u10e0\u10e9\u10d4\u10d5\u10d0\u10d3\u10dd\u10d1\u10d0: 4.0 MP (2560 x 1440)\u10dd\u10d1\u10d8\u10d4\u10e5\u10e2\u10d8\u10d5\u10d8: f2.8mm, \u10e4\u10d8\u10e5\u10e1\u10d8\u10e0\u10d4\u10d1\u10e3\u10da\u10d8\u10ee\u10d4\u10d3\u10d5\u10d8\u10e1 \u10d9\u10e3\u10d7\u10ee\u10d4: 100\u00b0\u10e3\u10d9\u10d0\u10dc\u10d0 \u10d2\u10d0\u10dc\u10d0\u10d7\u10d4\u10d1\u10d0: \u10ed\u10d9\u10d5\u10d8\u10d0\u10dc\u10d8 30 \u10db-\u10db\u10d3\u10d4.\u10d5\u10d8\u10d3\u10d4\u10dd\u10e1 \u10d9\u10dd\u10d3\u10d8\u10e0\u10d4\u10d1\u10d0: H.264<\/p>\n","protected":false},"featured_media":33830,"comment_status":"open","ping_status":"closed","template":"","meta":[],"product_brand":[],"product_cat":[826,820],"product_tag":[],"class_list":{"0":"post-33831","1":"product","2":"type-product","3":"status-publish","4":"has-post-thumbnail","6":"product_cat-4mp-ip-cameras","7":"product_cat-wall-mounting-cabinets","9":"first","10":"instock","11":"taxable","12":"shipping-taxable","13":"purchasable","14":"product-type-simple"},"_links":{"self":[{"href":"https:\/\/iterra.ge\/en\/wp-json\/wp\/v2\/product\/33831","targetHints":{"allow":["GET"]}}],"collection":[{"href":"https:\/\/iterra.ge\/en\/wp-json\/wp\/v2\/product"}],"about":[{"href":"https:\/\/iterra.ge\/en\/wp-json\/wp\/v2\/types\/product"}],"replies":[{"embeddable":true,"href":"https:\/\/iterra.ge\/en\/wp-json\/wp\/v2\/comments?post=33831"}],"version-history":[{"count":2,"href":"https:\/\/iterra.ge\/en\/wp-json\/wp\/v2\/product\/33831\/revisions"}],"predecessor-version":[{"id":66441,"href":"https:\/\/iterra.ge\/en\/wp-json\/wp\/v2\/product\/33831\/revisions\/66441"}],"wp:featuredmedia":[{"embeddable":true,"href":"https:\/\/iterra.ge\/en\/wp-json\/wp\/v2\/media\/33830"}],"wp:attachment":[{"href":"https:\/\/iterra.ge\/en\/wp-json\/wp\/v2\/media?parent=33831"}],"wp:term":[{"taxonomy":"product_brand","embeddable":true,"href":"https:\/\/iterra.ge\/en\/wp-json\/wp\/v2\/product_brand?post=33831"},{"taxonomy":"product_cat","embeddable":true,"href":"https:\/\/iterra.ge\/en\/wp-json\/wp\/v2\/product_cat?post=33831"},{"taxonomy":"product_tag","embeddable":true,"href":"https:\/\/iterra.ge\/en\/wp-json\/wp\/v2\/product_tag?post=33831"}],"curies":[{"name":"wp","href":"https:\/\/api.w.org\/{rel}","templated":true}]}}