{"id":33946,"date":"2025-06-12T06:27:35","date_gmt":"2025-06-12T06:27:35","guid":{"rendered":"https:\/\/iterra.ge\/product\/%e1%83%99%e1%83%90%e1%83%9b%e1%83%94%e1%83%a0%e1%83%90hiwatch-ds-i202-l-2-8mmip2mpdomefixir30m\/"},"modified":"2026-02-25T00:00:51","modified_gmt":"2026-02-25T00:00:51","slug":"%e1%83%99%e1%83%90%e1%83%9b%e1%83%94%e1%83%a0%e1%83%90hiwatch-ds-i202-l-2-8mmip2mpdomefixir30m","status":"publish","type":"product","link":"https:\/\/iterra.ge\/en\/product\/%e1%83%99%e1%83%90%e1%83%9b%e1%83%94%e1%83%a0%e1%83%90hiwatch-ds-i202-l-2-8mmip2mpdomefixir30m\/","title":{"rendered":"\u10d9\u10d0\u10db\u10d4\u10e0\u10d0,Hiwatch, DS-I202-L, 2.8mm,IP,2mp,Dome,Fix,IR30m,,"},"content":{"rendered":"<\/p>\n<p>\u10d1\u10e0\u10d4\u10dc\u10d3\u10d8\u10e1 \u10e1\u10d0\u10ee\u10d4\u10da\u10d8 HiWatch<br \/>\u10d2\u10d0\u10db\u10e7\u10d8\u10d3\u10d5\u10d4\u10da\u10d8\u10e1 \u10d9\u10dd\u10d3\u10d8 DS-I202-L<br \/>\u10d0\u10e6\u10e1\u10e0\u10e3\u10da\u10d4\u10d1\u10d8\u10e1 \u10e8\u10d8\u10d3\u10d0 \u10e5\u10e3\u10e9\u10d0<br \/>\u10db\u10dd\u10ec\u10e7\u10dd\u10d1\u10d8\u10da\u10dd\u10d1\u10d8\u10e1 \u10e2\u10d8\u10de\u10d8 IP \u10d5\u10d8\u10d3\u10d4\u10dd \u10d9\u10d0\u10db\u10d4\u10e0\u10d0<br \/>\u10e6\u10d8\u10da\u10d0\u10d9\u10d4\u10d1\u10d8 \u10d2\u10d0\u10d3\u10d0\u10e2\u10d5\u10d8\u10e0\u10d7\u10d5\u10d8\u10e1 \u10e6\u10d8\u10da\u10d0\u10d9\u10d8<br \/>\u10d5\u10d8\u10d3\u10d4\u10dd \u10d9\u10dd\u10d3\u10d4\u10d9\u10d8 H.264 H.265 H.265 + MJPEG H.264 +<br \/>\u10e0\u10d4\u10d6\u10dd\u10da\u10e3\u10ea\u10d8\u10d0 \u10eb\u10d8\u10e0\u10d8\u10d7\u10d0\u10d3\u10d8 \u10dc\u10d0\u10d9\u10d0\u10d3\u10d8: 1920 \u00d7 1080 @ 20 \u10d9\u10d0\u10d3\u10e0\u10d8\/\u10ec\u10db \u10e5\u10d5\u10d4 \u10dc\u10d0\u10d9\u10d0\u10d3\u10d8: 640 \u00d7 480 @ 25 fps, 352 \u00d7 288 @ 25 fps, 320 \u00d7 240 @ 25 fps<br \/>\u10db\u10d0\u10e5\u10e1. \u10d3\u10d8\u10d0\u10d2\u10dd\u10dc\u10d0\u10da\u10e3\u10e0\u10d8 \u10ee\u10d4\u10d3\u10d5\u10d8\u10e1 \u10d9\u10e3\u10d7\u10ee\u10d4 114 \u00b0<br \/>PoE \u10e1\u10d0\u10e7\u10e0\u10d3\u10d4\u10dc\u10d8 \u10d2\u10e3\u10db\u10d1\u10d0\u10d7\u10d8<br \/>\u10db\u10d4\u10d2\u10d0\u10de\u10d8\u10e5\u10e1\u10d4\u10da\u10d8\u10e1 \u10e0\u10d0\u10dd\u10d3\u10d4\u10dc\u10dd\u10d1\u10d0 2 MP<br \/>3D-DNR \u10db\u10ee\u10d0\u10e0\u10e1 \u10e3\u10ed\u10d4\u10e0\u10e1 \u10d5\u10d0\u10dc\u10d3\u10d0\u10da\u10d8\u10d6\u10d4\u10d1\u10e3\u10da \u10e8\u10d4\u10e1\u10e0\u10e3\u10da\u10d4\u10d1\u10d0\u10e1 \u10d3\u10d8\u10d0\u10ee<br \/>WDR \u10db\u10ee\u10d0\u10e0\u10d3\u10d0\u10ed\u10d4\u10e0\u10d0 802.3af<br \/>\u10e4\u10d4\u10e0\u10d8 \u10d7\u10d4\u10d7\u10e0\u10d8<br \/>\u10d4\u10dc\u10d4\u10e0\u10d2\u10d8\u10d8\u10e1 \u10db\u10dd\u10ee\u10db\u10d0\u10e0\u10d4\u10d1\u10d0 (\u10db\u10d0\u10e5\u10e1.) 5 \u10d5\u10d0\u10e2\u10d8<br \/>\u10e1\u10d0\u10db\u10e3\u10e8\u10d0\u10dd \u10e2\u10d4\u10dc\u10d8\u10d0\u10dc\u10dd\u10d1\u10d0 0 &#8230; 95&gt;#\/td###<br \/>\u10db\u10dd\u10ec\u10e7\u10dd\u10d1\u10d8\u10da\u10dd\u10d1\u10d0 IP-\u10d9\u10d0\u10db\u10d4\u10e0\u10d0 HiWatch DS-I202-L<br \/>\u10d9\u10dd\u10e0\u10de\u10e3\u10e1\u10d8 \u10da\u10d8\u10d7\u10dd\u10dc\u10d8\u10e1\/\u10de\u10da\u10d0\u10e1\u10e2\u10db\u10d0\u10e1\u10d8\u10e1 IP67, IK10<br \/>\u10da\u10d8\u10dc\u10d6\u10d0 2.8 \u10db\u10db @ F2.0 \u10d4\u10da\u10d4\u10e5\u10e2\u10e0\u10dd\u10dc\u10e3\u10da\u10d8 \u10e9\u10d0\u10db\u10d9\u10d4\u10e2\u10d8: 1\/30 \u10d3\u10d0\u10dc 1\/100000 \u10ec\u10db. (\u10d0\u10d5\u10e2\u10dd\u10db\u10d0\u10e2\u10e3\u10e0\u10d8, \u10db\u10d4\u10e5\u10d0\u10dc\u10d8\u10d9\u10e3\u10e0\u10d8) \u10d3\u10e6\u10d4\/\u10e6\u10d0\u10db\u10d8\u10e1 \u10e0\u10d4\u10df\u10d8\u10db\u10d8: \u10db\u10d4\u10e5\u10d0\u10dc\u10d8\u10d9\u10e3\u10e0\u10d8 IR \u10ed\u10e0\u10d8\u10e1 \u10e4\u10d8\u10da\u10e2\u10e0\u10d8 \u10d0\u10d5\u10e2\u10dd\u10db\u10d0\u10e2\u10e3\u10e0\u10d8 \u10d2\u10d0\u10d3\u10d0\u10db\u10e0\u10d7\u10d5\u10d4\u10da\u10d8\u10d7<br \/>\u10de\u10dd\u10e0\u10e2\u10d4\u10d1\u10d8 \u10d3\u10d0 \u10d8\u10dc\u10e2\u10d4\u10e0\u10e4\u10d4\u10d8\u10e1\u10d4\u10d1\u10d8 1 RJ45 10M \/ 100M Ethernet<br \/>\u10e1\u10d0\u10db\u10e3\u10e8\u10d0\u10dd \u10e2\u10d4\u10db\u10de\u10d4\u10e0\u10d0\u10e2\u10e3\u10e0\u10d0 -40 &#8230; 60 \u00b0 C<br \/>\u10d9\u10d5\u10d4\u10d1\u10d0 12V DC<br \/>\u10d3\u10d0\u10db\u10d0\u10e2\u10d4\u10d1\u10d8\u10d7\u10d8 \u10e4\u10e3\u10dc\u10e5\u10ea\u10d8\u10d4\u10d1\u10d8 \u10d9\u10d0\u10db\u10d4\u10e0\u10d8\u10e1 \u10d3\u10d0\u10e7\u10d4\u10dc\u10d4\u10d1\u10d0: WEB \u10d8\u10dc\u10e2\u10d4\u10e0\u10e4\u10d4\u10d8\u10e1\u10d8, NVR, DVR, SADP, IVMS-4200\/4500 \/ Hik-Central IR \u10d2\u10d0\u10dc\u10d0\u10d7\u10d4\u10d1\u10d0 30 \u10db-\u10db\u10d3\u10d4 \u10db\u10dd\u10eb\u10e0\u10d0\u10dd\u10d1\u10d8\u10e1 \u10d3\u10d4\u10e2\u10d4\u10e5\u10e2\u10dd\u10e0\u10d8 Cloud \u10e1\u10d4\u10e0\u10d5\u10d8\u10e1\u10d8: P2P Hik-Connect \u10d9\u10d0\u10db\u10d4\u10e0\u10d8\u10e1 \u10d3\u10d0\u10e7\u10d4\u10dc\u10d4\u10d1\u10d0: WEB \u10d8\u10dc\u10e2\u10d4\u10e0\u10e4\u10d4\u10d8\u10e1\u10d8, NVR, DVR, SA -4200\/4500 \/ Hik-Central<br \/>\u10e1\u10d4\u10dc\u10e1\u10dd\u10e0\u10d8 1 \/ 2.7 \u10de\u10e0\u10dd\u10d2\u10e0\u10d4\u10e1\u10e3\u10da\u10d8 \u10e1\u10d9\u10d0\u10dc\u10d8\u10e0\u10d4\u10d1\u10d0 CMOS; 0.01lx @ (F1.2, AGC \u10e9\u10d0\u10e0\u10d7\u10e3\u10da\u10d8), 0lx. IR-\u10d8\u10d7<br \/>\u10de\u10e0\u10dd\u10d3\u10e3\u10e5\u10e2\u10d8\u10e1 \u10d2\u10d5\u10d4\u10e0\u10d3\u10d8 \u10db\u10ec\u10d0\u10e0\u10db\u10dd\u10d4\u10d1\u10da\u10d8\u10e1 \u10d5\u10d4\u10d1\u10e1\u10d0\u10d8\u10e2\u10d6\u10d4 <a href=\"https:\/\/www.hikvision.com\/\">https:\/\/www.hikvision.com\/<\/a><br \/>\u10d6\u10dd\u10db\u10d4\u10d1\u10d8 (W \u00d7 H \u00d7 D) 11.1 \u00d7 8.2 \u10e1\u10db<br \/>\u10dc\u10d8\u10d5\u10d7\u10d8\u10e1 \u10ec\u10dd\u10dc\u10d0 0,4 \u10d9\u10d2<\/p><\/p>\n","protected":false},"excerpt":{"rendered":"<p>\u10d1\u10e0\u10d4\u10dc\u10d3\u10d8\u10e1 \u10e1\u10d0\u10ee\u10d4\u10da\u10d8 HiWatch\u10d2\u10d0\u10db\u10e7\u10d8\u10d3\u10d5\u10d4\u10da\u10d8\u10e1 \u10d9\u10dd\u10d3\u10d8 DS-I202-L\u10d0\u10e6\u10e1\u10e0\u10e3\u10da\u10d4\u10d1\u10d8\u10e1 \u10e8\u10d8\u10d3\u10d0 \u10e5\u10e3\u10e9\u10d0\u10db\u10dd\u10ec\u10e7\u10dd\u10d1\u10d8\u10da\u10dd\u10d1\u10d8\u10e1 \u10e2\u10d8\u10de\u10d8 IP \u10d5\u10d8\u10d3\u10d4\u10dd \u10d9\u10d0\u10db\u10d4\u10e0\u10d0\u10e6\u10d8\u10da\u10d0\u10d9\u10d4\u10d1\u10d8 \u10d2\u10d0\u10d3\u10d0\u10e2\u10d5\u10d8\u10e0\u10d7\u10d5\u10d8\u10e1 \u10e6\u10d8\u10da\u10d0\u10d9\u10d8\u10d5\u10d8\u10d3\u10d4\u10dd \u10d9\u10dd\u10d3\u10d4\u10d9\u10d8 H.264 H.265 H.265 + MJPEG H.264<\/p>\n","protected":false},"featured_media":33945,"comment_status":"open","ping_status":"closed","template":"","meta":[],"product_brand":[],"product_cat":[825,820],"product_tag":[],"class_list":{"0":"post-33946","1":"product","2":"type-product","3":"status-publish","4":"has-post-thumbnail","6":"product_cat-2mp-ip-cameras","7":"product_cat-wall-mounting-cabinets","9":"first","10":"instock","11":"taxable","12":"shipping-taxable","13":"purchasable","14":"product-type-simple"},"_links":{"self":[{"href":"https:\/\/iterra.ge\/en\/wp-json\/wp\/v2\/product\/33946","targetHints":{"allow":["GET"]}}],"collection":[{"href":"https:\/\/iterra.ge\/en\/wp-json\/wp\/v2\/product"}],"about":[{"href":"https:\/\/iterra.ge\/en\/wp-json\/wp\/v2\/types\/product"}],"replies":[{"embeddable":true,"href":"https:\/\/iterra.ge\/en\/wp-json\/wp\/v2\/comments?post=33946"}],"version-history":[{"count":2,"href":"https:\/\/iterra.ge\/en\/wp-json\/wp\/v2\/product\/33946\/revisions"}],"predecessor-version":[{"id":66443,"href":"https:\/\/iterra.ge\/en\/wp-json\/wp\/v2\/product\/33946\/revisions\/66443"}],"wp:featuredmedia":[{"embeddable":true,"href":"https:\/\/iterra.ge\/en\/wp-json\/wp\/v2\/media\/33945"}],"wp:attachment":[{"href":"https:\/\/iterra.ge\/en\/wp-json\/wp\/v2\/media?parent=33946"}],"wp:term":[{"taxonomy":"product_brand","embeddable":true,"href":"https:\/\/iterra.ge\/en\/wp-json\/wp\/v2\/product_brand?post=33946"},{"taxonomy":"product_cat","embeddable":true,"href":"https:\/\/iterra.ge\/en\/wp-json\/wp\/v2\/product_cat?post=33946"},{"taxonomy":"product_tag","embeddable":true,"href":"https:\/\/iterra.ge\/en\/wp-json\/wp\/v2\/product_tag?post=33946"}],"curies":[{"name":"wp","href":"https:\/\/api.w.org\/{rel}","templated":true}]}}