{"id":34253,"date":"2025-06-12T06:32:55","date_gmt":"2025-06-12T06:32:55","guid":{"rendered":"https:\/\/iterra.ge\/product\/%e1%83%99%e1%83%90%e1%83%9b%e1%83%94%e1%83%a0%e1%83%90hiwatch-ds-i225d-25xopt-zoomip2mpdomeptzir100m\/"},"modified":"2026-02-25T00:00:55","modified_gmt":"2026-02-25T00:00:55","slug":"%e1%83%99%e1%83%90%e1%83%9b%e1%83%94%e1%83%a0%e1%83%90hiwatch-ds-i225d-25xopt-zoomip2mpdomeptzir100m","status":"publish","type":"product","link":"https:\/\/iterra.ge\/en\/product\/%e1%83%99%e1%83%90%e1%83%9b%e1%83%94%e1%83%a0%e1%83%90hiwatch-ds-i225d-25xopt-zoomip2mpdomeptzir100m\/","title":{"rendered":"\u10d9\u10d0\u10db\u10d4\u10e0\u10d0,Hiwatch, DS-I225(D), 25Xopt.zoom,IP,2mp,Dome,PTZ,IR100m,,"},"content":{"rendered":"<p><strong><\/strong><\/p>\n<p>\u10db\u10d0\u10e2\u10e0\u10d8\u10ea\u10d0 &#8211; 1\/2,8&#8243; \u10de\u10e0\u10dd\u10d2\u10e0\u10d4\u10e1\u10e3\u10da\u10d8 \u10e1\u10d9\u10d0\u10dc\u10d8\u10e0\u10d4\u10d1\u10d8\u10e1 CMOS 0,005 \u10da\u10e3\u10e5\u10e1\u10d8\u10e1 \u10db\u10d2\u10e0\u10eb\u10dc\u10dd\u10d1\u10d4\u10da\u10dd\u10d1\u10d8\u10d7.<br \/>\u10da\u10d8\u10dc\u10d6\u10d8\u10e1 \u10e4\u10dd\u10d9\u10e3\u10e1\u10e3\u10e0\u10d8 \u10e1\u10d8\u10d2\u10e0\u10eb\u10d4\u10d0 4.8 ~ 120.0 \u10db\u10db, \u10db\u10d0\u10e5\u10e1\u10d8\u10db\u10d0\u10da\u10e3\u10e0\u10d8 \u10d3\u10d8\u10d0\u10e4\u10e0\u10d0\u10d2\u10db\u10d0 F\/1.6.<br \/>\u10ee\u10d4\u10d3\u10d5\u10d8\u10e1 \u10d9\u10e3\u10d7\u10ee\u10d4 \u10e4\u10dd\u10d9\u10e3\u10e1\u10e3\u10e0\u10d8 \u10db\u10d0\u10dc\u10eb\u10d8\u10da\u10d8\u10d7 4,8 \u10db\u10db: \u10f0\u10dd\u10e0\u10d8\u10d6\u10dd\u10dc\u10e2\u10d0\u10da\u10e3\u10e0\u10d0\u10d3 &#8211; 57,6\u00b0, \u10d5\u10d4\u10e0\u10e2\u10d8\u10d9\u10d0\u10da\u10e3\u10e0\u10d0\u10d3 &#8211; 34,4\u00b0, \u10d3\u10d8\u10d0\u10d2\u10dd\u10dc\u10d0\u10da\u10d6\u10d4 &#8211; 64,5\u00b0.<br \/>\u10ee\u10d4\u10d3\u10d5\u10d8\u10e1 \u10d9\u10e3\u10d7\u10ee\u10d4 \u10e4\u10dd\u10d9\u10e3\u10e1\u10e3\u10e0\u10d8 \u10db\u10d0\u10dc\u10eb\u10d8\u10da\u10d8\u10d7 120 \u10db\u10db: \u10f0\u10dd\u10e0\u10d8\u10d6\u10dd\u10dc\u10e2\u10d0\u10da\u10e3\u10e0\u10d0\u10d3 &#8211; 2,5\u00b0, \u10d5\u10d4\u10e0\u10e2\u10d8\u10d9\u10d0\u10da\u10e3\u10e0\u10d0\u10d3 &#8211; 1,4\u00b0, \u10d3\u10d8\u10d0\u10d2\u10dd\u10dc\u10d0\u10da\u10d6\u10d4 &#8211; 2,9\u00b0.<br \/>PTZ: \u10de\u10d0\u10dc\u10d4\u10da\u10d8\u10e1 \u10d9\u10e3\u10d7\u10ee\u10d4: 360\u00b0, \u10d3\u10d0\u10ee\u10e0\u10d8\u10e1 \u10d9\u10e3\u10d7\u10ee\u10d4: \u201315\u00b0 ~ +90\u00b0, \u10f0\u10dd\u10e0\u10d8\u10d6\u10dd\u10dc\u10e2\u10d0\u10da\u10e3\u10e0\u10d8 \u10de\u10d0\u10dc\u10d4\u10da\u10d8\u10e1 \u10e1\u10d8\u10e9\u10e5\u10d0\u10e0\u10d4: 0,1 ~ 80,0\u00b0\/\u10ec\u10db, \u10d5\u10d4\u10e0\u10e2\u10d8\u10d9\u10d0\u10da\u10e3\u10e0\u10d8 \u10d2\u10d0\u10d3\u10d0\u10e0\u10d7\u10d5\u10d8\u10e1 \u10e1\u10d8\u10e9\u10e5\u10d0\u10e0\u10d4: 0,1 ~ 80,0\u00b0\/\u10ec\u10db.<br \/>EXIR \u10d2\u10d0\u10dc\u10d0\u10d7\u10d4\u10d1\u10d0 100 \u10db \u10d3\u10d8\u10d0\u10de\u10d0\u10d6\u10dd\u10dc\u10d8\u10d7.<br \/>WDR 120 dB &#8211; \u10d0\u10db\u10ea\u10d8\u10e0\u10d4\u10d1\u10e1 \u10e1\u10d8\u10dc\u10d0\u10d7\u10da\u10d8\u10e1 \u10d3\u10dd\u10dc\u10d8\u10e1 \u10ea\u10d5\u10da\u10d8\u10da\u10d4\u10d1\u10d4\u10d1\u10d8\u10e1 \u10d2\u10d0\u10d5\u10da\u10d4\u10dc\u10d0\u10e1 \u10d2\u10d0\u10db\u10dd\u10e1\u10d0\u10ee\u10e3\u10da\u10d4\u10d1\u10d8\u10e1 \u10ee\u10d0\u10e0\u10d8\u10e1\u10ee\u10d6\u10d4.<br \/>3D DNR &#8211; \u10e1\u10d8\u10d5\u10e0\u10ea\u10d8\u10d7\u10d8 \u10ee\u10db\u10d0\u10e3\u10e0\u10d8\u10e1 \u10e8\u10d4\u10db\u10ea\u10d8\u10e0\u10d4\u10d1\u10d0.<br \/>BLC &#8211; \u10d2\u10d0\u10dc\u10d0\u10d7\u10d4\u10d1\u10e3\u10da\u10d8 \u10e4\u10dd\u10dc\u10d8\u10e1 \u10de\u10e0\u10dd\u10d2\u10e0\u10d0\u10db\u10e3\u10da\u10d8 \u10d9\u10dd\u10e0\u10d4\u10e5\u10e2\u10d8\u10e0\u10d4\u10d1\u10d0.<br \/>HLC &#8211; \u10d0\u10d3\u10d2\u10d8\u10da\u10dd\u10d1\u10e0\u10d8\u10d5\u10d8 \u10e1\u10d8\u10dc\u10d0\u10d7\u10da\u10d8\u10e1 \u10ec\u10e7\u10d0\u10e0\u10dd\u10d4\u10d1\u10d8\u10e1 \u10dc\u10d8\u10e6\u10d0\u10d1\u10d8.<br \/>\u10db\u10dd\u10eb\u10e0\u10d0\u10dd\u10d1\u10d8\u10e1 \u10d2\u10d0\u10db\u10dd\u10d5\u10da\u10d4\u10dc\u10d0.<br \/>\u10dc\u10d8\u10e1\u10da\u10d8\u10e1 \u10e1\u10d0\u10ec\u10d8\u10dc\u10d0\u10d0\u10e6\u10db\u10d3\u10d4\u10d2\u10dd \u10d3\u10d0\u10ea\u10d5\u10d0.<br \/>\u10d5\u10d8\u10d3\u10d4\u10dd \u10d1\u10d8\u10e2\u10d8\u10e1 \u10e1\u10d8\u10ee\u10e8\u10d8\u10e0\u10d4 \u2013 32 kbps ~ 16 Mbps<br \/>\u10e8\u10d4\u10d9\u10e3\u10db\u10e8\u10d5\u10d0 H.265+, H.264+, H.265, H.264, MJPEG.<br \/>\u10db\u10dd\u10dc\u10d0\u10ea\u10d4\u10db\u10d7\u10d0 \u10dd\u10e0\u10db\u10d0\u10d2\u10d8 \u10dc\u10d0\u10d9\u10d0\u10d3\u10d8\u10e1 \u10d2\u10d0\u10d3\u10d0\u10ea\u10d4\u10db\u10d0 25 fps \u10e1\u10d8\u10e9\u10e5\u10d0\u10e0\u10d8\u10d7.<br \/>\u10d3\u10d4\u10e0\u10d4\u10e4\u10dc\u10d8\u10e1 \u10e0\u10d4\u10df\u10d8\u10db\u10d8 &#8211; \u10d2\u10d0\u10d3\u10d0\u10e6\u10d4\u10d1\u10d0 \u10d5\u10d4\u10e0\u10e2\u10d8\u10d9\u10d0\u10da\u10e3\u10e0\u10d0\u10d3 \u10dd\u10e0\u10d8\u10d4\u10dc\u10e2\u10d8\u10e0\u10d4\u10d1\u10e3\u10da\u10d8 \u10d2\u10d0\u10e0\u10e9\u10d4\u10d5\u10d0\u10d3\u10dd\u10d1\u10d8\u10d7.<br \/>\u10eb\u10d8\u10e0\u10d8\u10d7\u10d0\u10d3\u10d8 \u10dc\u10d0\u10d9\u10d0\u10d3\u10d8\u10e1 \u10d2\u10d0\u10e0\u10e9\u10d4\u10d5\u10d0\u10d3\u10dd\u10d1\u10d0: 2560\u00d71440, 1920\u00d71080, 1280\u00d7720, \u10db\u10d4\u10dd\u10e0\u10d0\u10d3\u10d8 \u10dc\u10d0\u10d9\u10d0\u10d3\u10d8: 1280\u00d7720, 640\u00d7480, 640\u00d7360.<br \/>\u10e5\u10e1\u10d4\u10da\u10d8\u10e1 \u10d8\u10dc\u10e2\u10d4\u10e0\u10e4\u10d4\u10d8\u10e1\u10d8 &#8211; RJ-45.<br \/>\u10e1\u10d8\u10d2\u10dc\u10d0\u10da\u10d8\u10d6\u10d0\u10ea\u10d8\u10d0 \u10e8\u10d4\u10e1\u10d5\u10da\u10d8\u10e1\u10d0 \u10d3\u10d0 \u10d2\u10d0\u10e1\u10d5\u10da\u10d8\u10e1 \u10e8\u10d4\u10e1\u10d0\u10ee\u10d4\u10d1.<br \/>\u10e1\u10da\u10dd\u10e2\u10d8 microSD-\u10e1\u10d7\u10d5\u10d8\u10e1 256 \u10d2\u10d1-\u10db\u10d3\u10d4 \u10e2\u10d4\u10d5\u10d0\u10d3\u10dd\u10d1\u10d8\u10d7.<br \/>DS-I225(D) \u10d0\u10e6\u10ed\u10e3\u10e0\u10d5\u10d8\u10da\u10d8\u10d0 \u10db\u10d8\u10d9\u10e0\u10dd\u10e4\u10dd\u10dc\u10d8\u10d7 \u10d3\u10d0 \u10d2\u10d0\u10d3\u10d0\u10e2\u10d5\u10d8\u10e0\u10d7\u10d5\u10d8\u10e1 \u10e6\u10d8\u10da\u10d0\u10d9\u10d8\u10d7. \u10d9\u10d5\u10d4\u10d1\u10d8\u10e1 \u10ec\u10e7\u10d0\u10e0\u10dd: DC 12 V, PoE. \u10e1\u10d8\u10db\u10eb\u10da\u10d0\u10d5\u10e0\u10d4 &#8211; 18 W. \u10d6\u10dd\u10db\u10d0 \u2013 \u00d8165.5\u00d7290.0 \u10db\u10db. \u10ec\u10dd\u10dc\u10d0 &#8211; 2 \u10d9\u10d2.<\/p>\n<p><strong><\/strong><\/p>\n","protected":false},"excerpt":{"rendered":"<p>\u10db\u10d0\u10e2\u10e0\u10d8\u10ea\u10d0 &#8211; 1\/2,8&#8243; \u10de\u10e0\u10dd\u10d2\u10e0\u10d4\u10e1\u10e3\u10da\u10d8 \u10e1\u10d9\u10d0\u10dc\u10d8\u10e0\u10d4\u10d1\u10d8\u10e1 CMOS 0,005 \u10da\u10e3\u10e5\u10e1\u10d8\u10e1 \u10db\u10d2\u10e0\u10eb\u10dc\u10dd\u10d1\u10d4\u10da\u10dd\u10d1\u10d8\u10d7.\u10da\u10d8\u10dc\u10d6\u10d8\u10e1 \u10e4\u10dd\u10d9\u10e3\u10e1\u10e3\u10e0\u10d8 \u10e1\u10d8\u10d2\u10e0\u10eb\u10d4\u10d0 4.8 ~ 120.0 \u10db\u10db, \u10db\u10d0\u10e5\u10e1\u10d8\u10db\u10d0\u10da\u10e3\u10e0\u10d8 \u10d3\u10d8\u10d0\u10e4\u10e0\u10d0\u10d2\u10db\u10d0 F\/1.6.\u10ee\u10d4\u10d3\u10d5\u10d8\u10e1 \u10d9\u10e3\u10d7\u10ee\u10d4 \u10e4\u10dd\u10d9\u10e3\u10e1\u10e3\u10e0\u10d8<\/p>\n","protected":false},"featured_media":34252,"comment_status":"open","ping_status":"closed","template":"","meta":[],"product_brand":[],"product_cat":[825,1502,820],"product_tag":[],"class_list":{"0":"post-34253","1":"product","2":"type-product","3":"status-publish","4":"has-post-thumbnail","6":"product_cat-2mp-ip-cameras","7":"product_cat-ptz-ip-cameras-unv-ip-camera-nvr","8":"product_cat-wall-mounting-cabinets","10":"first","11":"instock","12":"taxable","13":"shipping-taxable","14":"purchasable","15":"product-type-simple"},"_links":{"self":[{"href":"https:\/\/iterra.ge\/en\/wp-json\/wp\/v2\/product\/34253","targetHints":{"allow":["GET"]}}],"collection":[{"href":"https:\/\/iterra.ge\/en\/wp-json\/wp\/v2\/product"}],"about":[{"href":"https:\/\/iterra.ge\/en\/wp-json\/wp\/v2\/types\/product"}],"replies":[{"embeddable":true,"href":"https:\/\/iterra.ge\/en\/wp-json\/wp\/v2\/comments?post=34253"}],"version-history":[{"count":2,"href":"https:\/\/iterra.ge\/en\/wp-json\/wp\/v2\/product\/34253\/revisions"}],"predecessor-version":[{"id":66448,"href":"https:\/\/iterra.ge\/en\/wp-json\/wp\/v2\/product\/34253\/revisions\/66448"}],"wp:featuredmedia":[{"embeddable":true,"href":"https:\/\/iterra.ge\/en\/wp-json\/wp\/v2\/media\/34252"}],"wp:attachment":[{"href":"https:\/\/iterra.ge\/en\/wp-json\/wp\/v2\/media?parent=34253"}],"wp:term":[{"taxonomy":"product_brand","embeddable":true,"href":"https:\/\/iterra.ge\/en\/wp-json\/wp\/v2\/product_brand?post=34253"},{"taxonomy":"product_cat","embeddable":true,"href":"https:\/\/iterra.ge\/en\/wp-json\/wp\/v2\/product_cat?post=34253"},{"taxonomy":"product_tag","embeddable":true,"href":"https:\/\/iterra.ge\/en\/wp-json\/wp\/v2\/product_tag?post=34253"}],"curies":[{"name":"wp","href":"https:\/\/api.w.org\/{rel}","templated":true}]}}