{"id":34266,"date":"2025-06-12T10:33:14","date_gmt":"2025-06-12T06:33:14","guid":{"rendered":"https:\/\/iterra.ge\/product\/%e1%83%99%e1%83%90%e1%83%9b%e1%83%94%e1%83%a0%e1%83%90iphikvisionds-2cd2543g2-is2-8mm4mpmini-domeir30macusensemic\/"},"modified":"2026-02-25T00:00:55","modified_gmt":"2026-02-25T00:00:55","slug":"%e1%83%99%e1%83%90%e1%83%9b%e1%83%94%e1%83%a0%e1%83%90iphikvisionds-2cd2543g2-is2-8mm4mpmini-domeir30macusensemic","status":"publish","type":"product","link":"https:\/\/iterra.ge\/en\/product\/%e1%83%99%e1%83%90%e1%83%9b%e1%83%94%e1%83%a0%e1%83%90iphikvisionds-2cd2543g2-is2-8mm4mpmini-domeir30macusensemic\/","title":{"rendered":"\u10d9\u10d0\u10db\u10d4\u10e0\u10d0,IP,Hikvision,DS-2CD2543G2-IS,2.8mm,4mp,Mini Dome,IR30m,AcuSense,Mic,"},"content":{"rendered":"<p>\u10d9\u10d0\u10db\u10d4\u10e0\u10d0<br \/>\u10d2\u10d0\u10db\u10dd\u10e1\u10d0\u10ee\u10e3\u10da\u10d4\u10d1\u10d8\u10e1 \u10e1\u10d4\u10dc\u10e1\u10dd\u10e0\u10d8<br \/>1\/3&#8243; \u10de\u10e0\u10dd\u10d2\u10e0\u10d4\u10e1\u10e3\u10da\u10d8 \u10e1\u10d9\u10d0\u10dc\u10d8\u10e0\u10d4\u10d1\u10d0 CMOS<br \/>\u10db\u10d0\u10e5\u10e1. \u10e0\u10d4\u10d6\u10dd\u10da\u10e3\u10ea\u10d8\u10d0<br \/>2688 \u00d7 1520<br \/>\u10db\u10d8\u10dc. \u10d2\u10d0\u10dc\u10d0\u10d7\u10d4\u10d1\u10d0<br \/>\u10e4\u10d4\u10e0\u10d8: 0.005 \u10da\u10e3\u10e5\u10e1\u10d8 @ (F1.6, AGC ON), \u10e8\u10d0\u10d5\/\u10d7\u10d4\u10d7\u10e0\u10d8: 0 \u10da\u10e3\u10e5\u10e1\u10d8 IR<br \/>\u10e9\u10d0\u10db\u10d9\u10d4\u10e2\u10d8\u10e1 \u10d3\u10e0\u10dd<br \/>1\/3 \u10ec\u10db-\u10d3\u10d0\u10dc 1\/100000 \u10ec\u10db-\u10db\u10d3\u10d4<br \/>\u10d3\u10e6\u10d4 \u10d3\u10d0 \u10e6\u10d0\u10db\u10d4<br \/>IR \u10d3\u10d0\u10ed\u10e0\u10d8\u10da\u10d8 \u10e4\u10d8\u10da\u10e2\u10e0\u10d8<br \/>\u10d9\u10e3\u10d7\u10ee\u10d8\u10e1 \u10e0\u10d4\u10d2\u10e3\u10da\u10d8\u10e0\u10d4\u10d1\u10d0<br \/>\u10de\u10d0\u10dc\u10d4\u10da\u10d8: -30\u00b0-\u10d3\u10d0\u10dc 30\u00b0-\u10db\u10d3\u10d4, \u10d3\u10d0\u10ee\u10e0\u10d8\u10da\u10dd\u10d1\u10d0: 0\u00b0-\u10d3\u10d0\u10dc 75\u00b0-\u10db\u10d3\u10d4, \u10e0\u10dd\u10e2\u10d0\u10ea\u10d8\u10d0: 0\u00b0-\u10d3\u10d0\u10dc 360\u00b0-\u10db\u10d3\u10d4<br \/>\u10dd\u10d1\u10d8\u10d4\u10e5\u10e2\u10d8\u10d5\u10d8<br \/>\u10da\u10d8\u10dc\u10d6\u10d8\u10e1 \u10e2\u10d8\u10de\u10d8<br \/>\u10e4\u10d8\u10e5\u10e1\u10d8\u10e0\u10d4\u10d1\u10e3\u10da\u10d8 \u10e4\u10dd\u10d9\u10d0\u10da\u10e3\u10e0\u10d8 \u10dd\u10d1\u10d8\u10d4\u10e5\u10e2\u10d8\u10d5\u10d8, 2.8 \u10d3\u10d0 4 \u10db\u10db \u10e1\u10e3\u10e0\u10d5\u10d8\u10da\u10d8\u10e1\u10d0\u10db\u10d4\u10d1\u10e0<br \/>\u10e4\u10dd\u10d9\u10e3\u10e1\u10e3\u10e0\u10d8 \u10e1\u10d8\u10d2\u10e0\u10eb\u10d4 \u10d3\u10d0 FOV<br \/>2 \u10db\u10db, \u10f0\u10dd\u10e0\u10d8\u10d6\u10dd\u10dc\u10e2\u10d0\u10da\u10e3\u10e0\u10d8 FOV 128\u00b0, \u10d5\u10d4\u10e0\u10e2\u10d8\u10d9\u10d0\u10da\u10e3\u10e0\u10d8 FOV 75\u00b0, \u10d3\u10d8\u10d0\u10d2\u10dd\u10dc\u10d0\u10da\u10d8 FOV 147\u00b0<\/p>\n<p>2,8 \u10db\u10db, \u10f0\u10dd\u10e0\u10d8\u10d6\u10dd\u10dc\u10e2\u10d0\u10da\u10e3\u10e0\u10d8 FOV 104,3\u00b0, \u10d5\u10d4\u10e0\u10e2\u10d8\u10d9\u10d0\u10da\u10e3\u10e0\u10d8 FOV 55,9\u00b0, \u10d3\u10d8\u10d0\u10d2\u10dd\u10dc\u10d0\u10da\u10d8 FOV 123,8\u00b0<\/p>\n<p>4 \u10db\u10db, \u10f0\u10dd\u10e0\u10d8\u10d6\u10dd\u10dc\u10e2\u10d0\u10da\u10e3\u10e0\u10d8 FOV 83,7\u00b0, \u10d5\u10d4\u10e0\u10e2\u10d8\u10d9\u10d0\u10da\u10e3\u10e0\u10d8 FOV 43,0\u00b0, \u10d3\u10d8\u10d0\u10d2\u10dd\u10dc\u10d0\u10da\u10d8 FOV 100,3\u00b0<\/p>\n<p>\u10da\u10d8\u10dc\u10d6\u10d8\u10e1 \u10e1\u10d0\u10db\u10d0\u10d2\u10e0\u10d8<br \/>M12<br \/>\u10d8\u10e0\u10d8\u10e1\u10d8\u10e1 \u10e2\u10d8\u10de\u10d8<br \/>\u10d3\u10d0\u10e4\u10d8\u10e5\u10e1\u10d8\u10e0\u10d3\u10d0<br \/>\u10d3\u10d8\u10d0\u10e4\u10e0\u10d0\u10d2\u10db\u10d0<br \/>F1.6<br \/>\u10d5\u10d4\u10da\u10d8\u10e1 \u10e1\u10d8\u10e6\u10e0\u10db\u10d4<br \/>2 \u10db\u10db: 0,6 \u10db \u221e-\u10db\u10d3\u10d4<\/p>\n<p>2,8 \u10db\u10db: 1,4 \u10db \u221e-\u10db\u10d3\u10d4<\/p>\n<p>4 \u10db\u10db: 1,6 \u10db \u221e-\u10db\u10d3\u10d4<\/p>\n<p>\u10d3\u10dd\u10e0\u10d8<br \/>\u10d3\u10dd\u10e0\u10d8<br \/>2 \u10db\u10db, D: 45 \u10db, O: 18 \u10db, R: 9 \u10db, I: 4 \u10db<\/p>\n<p>2,8 \u10db\u10db: D: 64 \u10db, O: 25 \u10db, R: 13 \u10db, I: 6 \u10db<\/p>\n<p>4 \u10db\u10db: D: 85 \u10db, O: 34 \u10db, R: 17 \u10db, I: 9 \u10db<\/p>\n<p>\u10d8\u10da\u10e3\u10db\u10d8\u10dc\u10d0\u10e2\u10dd\u10e0\u10d8<br \/>\u10d3\u10d0\u10dc\u10d0\u10db\u10d0\u10e2\u10d8\u10e1 \u10e1\u10d8\u10dc\u10d0\u10d7\u10da\u10d8\u10e1 \u10e2\u10d8\u10de\u10d8<br \/>IR<br \/>\u10e1\u10d8\u10dc\u10d0\u10d7\u10da\u10d8\u10e1 \u10d3\u10d8\u10d0\u10de\u10d0\u10d6\u10dd\u10dc\u10d8\u10e1 \u10d3\u10d0\u10db\u10d0\u10e2\u10d4\u10d1\u10d0<br \/>30 \u10db-\u10db\u10d3\u10d4<br \/>\u10e1\u10db\u10d0\u10e0\u10e2 \u10d3\u10d0\u10dc\u10d0\u10db\u10d0\u10e2\u10d8\u10e1 \u10d2\u10d0\u10dc\u10d0\u10d7\u10d4\u10d1\u10d0<br \/>\u10d3\u10d8\u10d0\u10ee<br \/>IR \u10e2\u10d0\u10da\u10e6\u10d8\u10e1 \u10e1\u10d8\u10d2\u10e0\u10eb\u10d4<br \/>850 \u10dc\u10db<br \/>\u10d5\u10d8\u10d3\u10d4\u10dd<br \/>\u10db\u10d7\u10d0\u10d5\u10d0\u10e0\u10d8 \u10dc\u10d0\u10d9\u10d0\u10d3\u10d8<br \/>50 Hz: 25 fps (2688 \u00d7 1520, 1920 \u00d7 1080, 1280 \u00d7 720)<\/p>\n<p>60 Hz: 30 fps (2688 \u00d7 1520, 1920 \u00d7 1080, 1280 \u00d7 720)<\/p>\n<p>\u10e5\u10d5\u10d4-\u10dc\u10d0\u10d9\u10d0\u10d3\u10d8<br \/>50 Hz: 25 fps (1280 \u00d7 720, 640 \u00d7 480, 640 \u00d7 360)<\/p>\n<p>60 Hz: 30 fps (1280 \u00d7 720, 640 \u00d7 480, 640 \u00d7 360)<\/p>\n<p>\u10db\u10d4\u10e1\u10d0\u10db\u10d4 \u10dc\u10d0\u10d9\u10d0\u10d3\u10d8<br \/>50 Hz: 10 fps (1920 \u00d7 1080, 1280 \u00d7 720, 640 \u00d7 480, 640 \u00d7 360)<\/p>\n<p>60 Hz: 10 fps (1920 \u00d7 1080, 1280 \u00d7 720, 640 \u00d7 480, 640 \u00d7 360)<\/p>\n<p>*\u10db\u10d4\u10e1\u10d0\u10db\u10d4 \u10dc\u10d0\u10d9\u10d0\u10d3\u10d8 \u10db\u10ee\u10d0\u10e0\u10d3\u10d0\u10ed\u10d4\u10e0\u10d8\u10da\u10d8\u10d0 \u10d2\u10d0\u10e0\u10d9\u10d5\u10d4\u10e3\u10da\u10d8 \u10de\u10d0\u10e0\u10d0\u10db\u10d4\u10e2\u10e0\u10d4\u10d1\u10d8\u10d7.<\/p>\n<p>\u10d5\u10d8\u10d3\u10d4\u10dd \u10e8\u10d4\u10d9\u10e3\u10db\u10e8\u10d5\u10d0<br \/>\u10eb\u10d8\u10e0\u10d8\u10d7\u10d0\u10d3\u10d8 \u10dc\u10d0\u10d9\u10d0\u10d3\u10d8: H.265\/H.264\/H.265+\/H.264+<\/p>\n<p>\u10e5\u10d5\u10d4 \u10dc\u10d0\u10d9\u10d0\u10d3\u10d8: H.265\/H.264\/MJPEG<\/p>\n<p>\u10db\u10d4\u10e1\u10d0\u10db\u10d4 \u10dc\u10d0\u10d9\u10d0\u10d3\u10d8: H.265\/H.264<\/p>\n<p>*\u10db\u10d4\u10e1\u10d0\u10db\u10d4 \u10dc\u10d0\u10d9\u10d0\u10d3\u10d8 \u10db\u10ee\u10d0\u10e0\u10d3\u10d0\u10ed\u10d4\u10e0\u10d8\u10da\u10d8\u10d0 \u10d2\u10d0\u10e0\u10d9\u10d5\u10d4\u10e3\u10da\u10d8 \u10de\u10d0\u10e0\u10d0\u10db\u10d4\u10e2\u10e0\u10d4\u10d1\u10d8\u10d7.<\/p>\n<p>\u10d5\u10d8\u10d3\u10d4\u10dd \u10d1\u10d8\u10e2\u10d8\u10e1 \u10e1\u10d8\u10ee\u10e8\u10d8\u10e0\u10d4<br \/>32 Kbps-\u10d3\u10d0\u10dc 8 Mbps-\u10db\u10d3\u10d4<br \/>H.264 \u10e2\u10d8\u10de\u10d8<br \/>\u10e1\u10d0\u10d1\u10d0\u10d6\u10d8\u10e1\u10dd \u10de\u10e0\u10dd\u10e4\u10d8\u10da\u10d8\/\u10db\u10d7\u10d0\u10d5\u10d0\u10e0\u10d8 \u10de\u10e0\u10dd\u10e4\u10d8\u10da\u10d8\/\u10db\u10d0\u10e6\u10d0\u10da\u10d8 \u10de\u10e0\u10dd\u10e4\u10d8\u10da\u10d8<br \/>H.265 \u10e2\u10d8\u10de\u10d8<br \/>\u10db\u10d7\u10d0\u10d5\u10d0\u10e0\u10d8 \u10de\u10e0\u10dd\u10e4\u10d8\u10da\u10d8<br \/>\u10d1\u10d8\u10e2\u10d8\u10e1 \u10e1\u10d8\u10e9\u10e5\u10d0\u10e0\u10d8\u10e1 \u10d9\u10dd\u10dc\u10e2\u10e0\u10dd\u10da\u10d8<br \/>CBR\/VBR<br \/>\u10db\u10d0\u10e1\u10e8\u10e2\u10d0\u10d1\u10d8\u10e0\u10d4\u10d1\u10d0\u10d3\u10d8 \u10d5\u10d8\u10d3\u10d4\u10dd \u10d9\u10dd\u10d3\u10d8\u10e0\u10d4\u10d1\u10d0 (SVC)<br \/>H.264 \u10d3\u10d0 H.265 \u10d9\u10dd\u10d3\u10d8\u10e0\u10d4\u10d1\u10d0<br \/>\u10d8\u10dc\u10e2\u10d4\u10e0\u10d4\u10e1\u10d8\u10e1 \u10e0\u10d4\u10d2\u10d8\u10dd\u10dc\u10d8 (ROI)<br \/>1 \u10e4\u10d8\u10e5\u10e1\u10d8\u10e0\u10d4\u10d1\u10e3\u10da\u10d8 \u10e0\u10d4\u10d2\u10d8\u10dd\u10dc\u10d8 \u10eb\u10d8\u10e0\u10d8\u10d7\u10d0\u10d3\u10d8 \u10d3\u10d0 \u10e5\u10d5\u10d4\u10dc\u10d0\u10d9\u10d0\u10d3\u10d8\u10e1\u10d7\u10d5\u10d8\u10e1<br \/>\u10d0\u10e3\u10d3\u10d8\u10dd<br \/>\u10d0\u10e3\u10d3\u10d8\u10dd \u10e8\u10d4\u10d9\u10e3\u10db\u10e8\u10d5\u10d0<br \/>G.711ulaw\/G.711alaw\/G.722.1\/G.726\/MP2L2\/PCM\/MP3\/AAC-LC<br \/>\u10d0\u10e3\u10d3\u10d8\u10dd \u10d1\u10d8\u10e2\u10d8\u10e1 \u10e1\u10d8\u10ee\u10e8\u10d8\u10e0\u10d4<br \/>64 Kbps (G.711ulaw\/G.711alaw)\/16 Kbps (G.722.1)\/16 Kbps (G.726)\/32-192 Kbps (MP2L2)\/8-320 Kbps (MP3)\/16-64 Kbps (AAC -LC)<br \/>\u10d0\u10e3\u10d3\u10d8\u10dd \u10e8\u10d4\u10e0\u10e9\u10d4\u10d5\u10d8\u10e1 \u10e1\u10d8\u10e9\u10e5\u10d0\u10e0\u10d4<br \/>8 kHz\/16 kHz\/32 kHz\/44.1 kHz\/48 kHz<br \/>\u10d2\u10d0\u10e0\u10d4\u10db\u10dd\u10e1 \u10ee\u10db\u10d0\u10e3\u10e0\u10d8\u10e1 \u10e4\u10d8\u10da\u10e2\u10e0\u10d0\u10ea\u10d8\u10d0<br \/>\u10d3\u10d8\u10d0\u10ee<br \/>\u10e5\u10e1\u10d4\u10da\u10d8<br \/>\u10de\u10e0\u10dd\u10e2\u10dd\u10d9\u10dd\u10da\u10d4\u10d1\u10d8<br \/>TCP\/IP, ICMP, HTTP, HTTPS, FTP, DHCP, DNS, DDNS, RTP, RTSP, NTP, UPnP, SMTP, IGMP, 802.1X (\u10d2\u10d0\u10e0\u10d3\u10d0 -W \u10db\u10dd\u10d3\u10d4\u10da\u10d8\u10e1\u10d0), QoS, IPv6, UDP, Bonjour, SSL\/ TLS, PPPoE, WebSocket, WebSockets<br \/>\u10d4\u10e0\u10d7\u10d3\u10e0\u10dd\u10e3\u10da\u10d8 Live View<br \/>6-\u10db\u10d3\u10d4 \u10d0\u10e0\u10ee\u10d8<br \/>API<br \/>\u10d2\u10d0\u10ee\u10e1\u10d4\u10dc\u10d8\u10d7 \u10e5\u10e1\u10d4\u10da\u10d8\u10e1 \u10d5\u10d8\u10d3\u10d4\u10dd \u10d8\u10dc\u10e2\u10d4\u10e0\u10e4\u10d4\u10d8\u10e1\u10d8 (\u10de\u10e0\u10dd\u10e4\u10d8\u10da\u10d8 S, \u10de\u10e0\u10dd\u10e4\u10d8\u10da\u10d8 G), ISAPI, SDK<br \/>\u10db\u10dd\u10db\u10ee\u10db\u10d0\u10e0\u10d4\u10d1\u10d4\u10da\u10d8\/\u10db\u10d0\u10e1\u10de\u10d8\u10dc\u10eb\u10d4\u10da\u10d8<br \/>32-\u10db\u10d3\u10d4 \u10db\u10dd\u10db\u10ee\u10db\u10d0\u10e0\u10d4\u10d1\u10d4\u10da\u10d8. \u10db\u10dd\u10db\u10ee\u10db\u10d0\u10e0\u10d4\u10d1\u10da\u10d8\u10e1 3 \u10d3\u10dd\u10dc\u10d4: \u10d0\u10d3\u10db\u10d8\u10dc\u10d8\u10e1\u10e2\u10e0\u10d0\u10e2\u10dd\u10e0\u10d8, \u10dd\u10de\u10d4\u10e0\u10d0\u10e2\u10dd\u10e0\u10d8 \u10d3\u10d0 \u10db\u10dd\u10db\u10ee\u10db\u10d0\u10e0\u10d4\u10d1\u10d4\u10da\u10d8<br \/>\u10e3\u10e1\u10d0\u10e4\u10e0\u10d7\u10ee\u10dd\u10d4\u10d1\u10d0<br \/>\u10de\u10d0\u10e0\u10dd\u10da\u10d8\u10e1 \u10d3\u10d0\u10ea\u10d5\u10d0, \u10e0\u10d7\u10e3\u10da\u10d8 \u10de\u10d0\u10e0\u10dd\u10da\u10d8, HTTPS \u10d3\u10d0\u10e8\u10d8\u10e4\u10d5\u10e0\u10d0, IP \u10db\u10d8\u10e1\u10d0\u10db\u10d0\u10e0\u10d7\u10d8\u10e1 \u10e4\u10d8\u10da\u10e2\u10e0\u10d8, \u10e3\u10e1\u10d0\u10e4\u10e0\u10d7\u10ee\u10dd\u10d4\u10d1\u10d8\u10e1 \u10d0\u10e3\u10d3\u10d8\u10e2\u10d8\u10e1 \u10df\u10e3\u10e0\u10dc\u10d0\u10da\u10d8, \u10eb\u10d8\u10e0\u10d8\u10d7\u10d0\u10d3\u10d8 \u10d3\u10d0 \u10d3\u10d0\u10d8\u10ef\u10d4\u10e1\u10e2\u10d8\u10e1 \u10d0\u10d5\u10e2\u10dd\u10e0\u10d8\u10d6\u10d0\u10ea\u10d8\u10d0 HTTP\/HTTPS, TLS 1.1\/1.2, WSSE \u10d3\u10d0 \u10d3\u10d0\u10d8\u10ef\u10d4\u10e1\u10e2\u10d8 \u10d0\u10d5\u10d7\u10d4\u10dc\u10e2\u10d8\u10e4\u10d8\u10d9\u10d0\u10ea\u10d8\u10d0 \u10e6\u10d8\u10d0 \u10e5\u10e1\u10d4\u10da\u10d8\u10e1 \u10d5\u10d8\u10d3\u10d4\u10dd \u10d8\u10dc\u10e2\u10d4\u10e0\u10e4\u10d4\u10d8\u10e1\u10d8\u10e1\u10d7\u10d5\u10d8\u10e1.<br \/>\u10e5\u10e1\u10d4\u10da\u10d8\u10e1 \u10e8\u10d4\u10dc\u10d0\u10ee\u10d5\u10d0<br \/>NAS (NFS, SMB\/CIFS), \u10d0\u10d5\u10e2\u10dd\u10db\u10d0\u10e2\u10e3\u10e0\u10d8 \u10e5\u10e1\u10d4\u10da\u10d8\u10e1 \u10e8\u10d4\u10d5\u10e1\u10d4\u10d1\u10d0 (ANR)<br \/>\u10d9\u10da\u10d8\u10d4\u10dc\u10e2\u10d8<br \/>iVMS-4200, Hik-Connect, Hik-Central<br \/>\u10d5\u10d4\u10d1 \u10d1\u10e0\u10d0\u10e3\u10d6\u10d4\u10e0\u10d8<br \/>\u10d3\u10d0\u10dc\u10d0\u10db\u10d0\u10e2\u10d8\u10e1 \u10e1\u10d0\u10ed\u10d8\u10e0\u10dd \u10de\u10d8\u10e0\u10d3\u10d0\u10de\u10d8\u10e0\u10d8 \u10ee\u10d4\u10d3\u10d5\u10d0: IE 10, IE 11<\/p>\n<p>\u10d3\u10d0\u10dc\u10d0\u10db\u10d0\u10e2\u10d8\u10e1 \u10e3\u10e4\u10d0\u10e1\u10dd \u10de\u10d8\u10e0\u10d3\u10d0\u10de\u10d8\u10e0\u10d8 \u10ee\u10d4\u10d3\u10d5\u10d0: Chrome 57.0+, Firefox 52.0+<\/p>\n<p>\u10d0\u10d3\u10d2\u10d8\u10da\u10dd\u10d1\u10e0\u10d8\u10d5\u10d8 \u10e1\u10d4\u10e0\u10d5\u10d8\u10e1\u10d8: Chrome 57.0+, Firefox 52.0+<\/p>\n<p>Wi-Fi<br \/>\u10d3\u10d0\u10e8\u10d8\u10e4\u10d5\u10e0\u10d8\u10e1 \u10e0\u10d4\u10df\u10d8\u10db\u10d8<br \/>-W: 64\/128-bit WEP, WPA-EAP\/WPA2-EAP, WPA-PSK\/WPA2-PSK<br \/>Wi-Fi \u10de\u10e0\u10dd\u10e2\u10dd\u10d9\u10dd\u10da\u10d8<br \/>-W:<\/p>\n<p>802.11b: CCK, QPSK, BPSK<\/p>\n<p>802.11 \u10d2\/\u10dc: OFDM<\/p>\n<p>\u10e1\u10d8\u10ee\u10e8\u10d8\u10e0\u10d8\u10e1 \u10d3\u10d8\u10d0\u10de\u10d0\u10d6\u10dd\u10dc\u10d8<br \/>-W: 2.4 GHz-\u10d3\u10d0\u10dc 2.4835 GHz-\u10db\u10d3\u10d4<br \/>\u10d0\u10e0\u10ee\u10d8\u10e1 \u10d2\u10d0\u10db\u10e2\u10d0\u10e0\u10dd\u10d1\u10d0<br \/>-W: 20\/40 MHz<br \/>\u10db\u10dd\u10d3\u10e3\u10da\u10d0\u10ea\u10d8\u10d0<br \/>-W:<\/p>\n<p>802.11b: CCK, QPSK, BPSK<\/p>\n<p>802.11 \u10d2\/\u10dc: OFDM<\/p>\n<p>\u10d2\u10d0\u10d3\u10d0\u10e0\u10d8\u10ea\u10ee\u10d5\u10d8\u10e1 \u10d9\u10e3\u10e0\u10e1\u10d8<br \/>-W:<\/p>\n<p>802.11b: 11 Mbps<\/p>\n<p>802.11 \u10d2: 54 Mbps<\/p>\n<p>802.11n: 300 Mbps-\u10db\u10d3\u10d4<\/p>\n<p>\u10e3\u10e1\u10d0\u10d3\u10d4\u10dc\u10dd \u10d3\u10d8\u10d0\u10de\u10d0\u10d6\u10dd\u10dc\u10d8<br \/>-W: 80 \u10db-\u10db\u10d3\u10d4 (\u10e8\u10d4\u10e1\u10e0\u10e3\u10da\u10d4\u10d1\u10d0 \u10d8\u10ea\u10d5\u10da\u10d4\u10d1\u10d0 \u10e0\u10d4\u10d0\u10da\u10e3\u10e0 \u10d2\u10d0\u10e0\u10d4\u10db\u10dd\u10d6\u10d4 \u10d3\u10d0\u10e7\u10e0\u10d3\u10dc\u10dd\u10d1\u10d8\u10d7)<br \/>\u10d2\u10d0\u10db\u10dd\u10e1\u10d0\u10ee\u10e3\u10da\u10d4\u10d1\u10d0<br \/>\u10e1\u10e3\u10e0\u10d0\u10d7\u10d8\u10e1 \u10de\u10d0\u10e0\u10d0\u10db\u10d4\u10e2\u10e0\u10d4\u10d1\u10d8\u10e1 \u10e8\u10d4\u10ea\u10d5\u10da\u10d0<br \/>\u10d3\u10d8\u10d0\u10ee<br \/>\u10e1\u10e3\u10e0\u10d0\u10d7\u10d8\u10e1 \u10de\u10d0\u10e0\u10d0\u10db\u10d4\u10e2\u10e0\u10d4\u10d1\u10d8<br \/>\u10e0\u10dd\u10e2\u10d0\u10ea\u10d8\u10d0, \u10e1\u10d0\u10e0\u10d9\u10d4, \u10d9\u10dd\u10dc\u10e4\u10d8\u10d3\u10d4\u10dc\u10ea\u10d8\u10d0\u10da\u10e3\u10e0\u10dd\u10d1\u10d8\u10e1 \u10dc\u10d8\u10e6\u10d0\u10d1\u10d8, \u10d2\u10d0\u10ef\u10d4\u10e0\u10d4\u10d1\u10d0, \u10e1\u10d8\u10d9\u10d0\u10e8\u10d9\u10d0\u10e8\u10d4, \u10d9\u10dd\u10dc\u10e2\u10e0\u10d0\u10e1\u10e2\u10d8, \u10e1\u10d8\u10db\u10d9\u10d5\u10d4\u10d7\u10e0\u10d4, \u10db\u10dd\u10db\u10d0\u10e2\u10d4\u10d1\u10d0, \u10d7\u10d4\u10d7\u10e0\u10d8 \u10d1\u10d0\u10da\u10d0\u10dc\u10e1\u10d8 \u10e0\u10d4\u10d2\u10e3\u10da\u10d8\u10e0\u10d4\u10d1\u10d0\u10d3\u10d8 \u10d9\u10da\u10d8\u10d4\u10dc\u10e2\u10d8\u10e1 \u10de\u10e0\u10dd\u10d2\u10e0\u10d0\u10db\u10e3\u10da\u10d8 \u10e3\u10d6\u10e0\u10e3\u10dc\u10d5\u10d4\u10da\u10e7\u10dd\u10e4\u10d8\u10e1 \u10d0\u10dc \u10d5\u10d4\u10d1 \u10d1\u10e0\u10d0\u10e3\u10d6\u10d4\u10e0\u10d8\u10e1 \u10db\u10d8\u10d4\u10e0<br \/>\u10d3\u10e6\u10d8\u10e1\/\u10e6\u10d0\u10db\u10d8\u10e1 \u10d2\u10d0\u10d3\u10d0\u10db\u10e0\u10d7\u10d5\u10d4\u10da\u10d8<br \/>\u10d3\u10e6\u10d4, \u10e6\u10d0\u10db\u10d4, \u10d0\u10d5\u10e2\u10dd, \u10d2\u10d0\u10dc\u10e0\u10d8\u10d2\u10d8<br \/>\u10e4\u10d0\u10e0\u10d7\u10dd \u10d3\u10d8\u10dc\u10d0\u10db\u10d8\u10e3\u10e0\u10d8 \u10d3\u10d8\u10d0\u10de\u10d0\u10d6\u10dd\u10dc\u10d8 (WDR)<br \/>120 \u10d3\u10d1<br \/>SNR<br \/>\u2265 52 \u10d3\u10d1<br \/>\u10d2\u10d0\u10db\u10dd\u10e1\u10d0\u10ee\u10e3\u10da\u10d4\u10d1\u10d8\u10e1 \u10d2\u10d0\u10e3\u10db\u10ef\u10dd\u10d1\u10d4\u10e1\u10d4\u10d1\u10d0<br \/>BLC, HLC, 3D DNR<br \/>\u10d8\u10dc\u10e2\u10d4\u10e0\u10e4\u10d4\u10d8\u10e1\u10d8<br \/>Ethernet \u10d8\u10dc\u10e2\u10d4\u10e0\u10e4\u10d4\u10d8\u10e1\u10d8<br \/>1 RJ45 10 M\/100 M \u10d7\u10d5\u10d8\u10d7\u10d0\u10d3\u10d0\u10de\u10e2\u10d8\u10e0\u10d4\u10d1\u10d0\u10d3\u10d8 Ethernet \u10de\u10dd\u10e0\u10e2\u10d8<br \/>\u10d1\u10dd\u10e0\u10e2\u10d6\u10d4 \u10e1\u10d0\u10ea\u10d0\u10d5\u10d8<br \/>\u10e9\u10d0\u10e8\u10d4\u10dc\u10d4\u10d1\u10e3\u10da\u10d8 \u10db\u10d4\u10ee\u10e1\u10d8\u10d4\u10e0\u10d4\u10d1\u10d8\u10e1 \u10d1\u10d0\u10e0\u10d0\u10d7\u10d8\u10e1 \u10e1\u10da\u10dd\u10e2\u10d8, microSD \u10d1\u10d0\u10e0\u10d0\u10d7\u10d8\u10e1 \u10db\u10ee\u10d0\u10e0\u10d3\u10d0\u10ed\u10d4\u10e0\u10d0, 512 \u10d2\u10d1-\u10db\u10d3\u10d4<br \/>\u10e9\u10d0\u10db\u10dd\u10dc\u10e2\u10d0\u10df\u10d4\u10d1\u10e3\u10da\u10d8 \u10db\u10d8\u10d9\u10e0\u10dd\u10e4\u10dd\u10dc\u10d8<br \/>\u10d3\u10d8\u10d0\u10ee<br \/>\u10d0\u10e3\u10d3\u10d8\u10dd<br \/>-IS\/IWS:<\/p>\n<p>1 \u10e8\u10d4\u10e7\u10d5\u10d0\u10dc\u10d0 (\u10ee\u10d0\u10d6\u10d8 \u10e8\u10d8\u10d2\u10dc\u10d8\u10d7), \u10dd\u10e0\u10d1\u10d8\u10e0\u10d7\u10d5\u10d8\u10d0\u10dc\u10d8 \u10e2\u10d4\u10e0\u10db\u10d8\u10dc\u10d0\u10da\u10d8\u10e1 \u10d1\u10da\u10dd\u10d9\u10d8, \u10db\u10d0\u10e5\u10e1. \u10e8\u10d4\u10e7\u10d5\u10d0\u10dc\u10d8\u10e1 \u10d0\u10db\u10de\u10da\u10d8\u10e2\u10e3\u10d3\u10d0: 3.3 Vpp, \u10e8\u10d4\u10e7\u10d5\u10d0\u10dc\u10d8\u10e1 \u10ec\u10d8\u10dc\u10d0\u10e6\u10dd\u10d1\u10d0: 4.7 K\u03a9, \u10d8\u10dc\u10e2\u10d4\u10e0\u10e4\u10d4\u10d8\u10e1\u10d8\u10e1 \u10e2\u10d8\u10de\u10d8: \u10d0\u10e0\u10d0\u10d7\u10d0\u10dc\u10d0\u10d1\u10d0\u10e0\u10d8<\/p>\n<p>1 \u10d2\u10d0\u10db\u10dd\u10db\u10d0\u10d5\u10d0\u10da\u10d8 (\u10ee\u10d0\u10d6\u10d8\u10e1 \u10d2\u10d0\u10db\u10dd\u10db\u10d0\u10d5\u10d0\u10da\u10d8), \u10dd\u10e0\u10d1\u10d8\u10e0\u10d7\u10d5\u10d8\u10d0\u10dc\u10d8 \u10e2\u10d4\u10e0\u10db\u10d8\u10dc\u10d0\u10da\u10d8\u10e1 \u10d1\u10da\u10dd\u10d9\u10d8, \u10db\u10d0\u10e5\u10e1. \u10d2\u10d0\u10db\u10dd\u10db\u10d0\u10d5\u10d0\u10da\u10d8 \u10d0\u10db\u10de\u10da\u10d8\u10e2\u10e3\u10d3\u10d0: 3.3 Vpp, \u10d2\u10d0\u10db\u10dd\u10db\u10d0\u10d5\u10d0\u10da\u10d8 \u10ec\u10d8\u10dc\u10d0\u10e6\u10dd\u10d1\u10d0: 100 \u03a9, \u10d8\u10dc\u10e2\u10d4\u10e0\u10e4\u10d4\u10d8\u10e1\u10d8\u10e1 \u10e2\u10d8\u10de\u10d8: \u10d0\u10e0\u10d0\u10d7\u10d0\u10dc\u10d0\u10d1\u10d0\u10e0\u10d8<\/p>\n<p>\u10d2\u10d0\u10dc\u10d2\u10d0\u10e8\u10d8<br \/>-IS\/IWS:<\/p>\n<p>1 \u10e8\u10d4\u10e7\u10d5\u10d0\u10dc\u10d0, 1 \u10d2\u10d0\u10db\u10dd\u10db\u10d0\u10d5\u10d0\u10da\u10d8 (\u10db\u10d0\u10e5\u10e1. 12 VDC, 20 mA)<\/p>\n<p>\u10d2\u10d0\u10d3\u10d0\u10e2\u10d5\u10d8\u10e0\u10d7\u10d5\u10d8\u10e1 \u10d2\u10d0\u10e1\u10d0\u10e6\u10d4\u10d1\u10d8<br \/>\u10d3\u10d8\u10d0\u10ee<br \/>\u10e6\u10dd\u10dc\u10d8\u10e1\u10eb\u10d8\u10d4\u10d1\u10d0<br \/>\u10eb\u10d8\u10e0\u10d8\u10d7\u10d0\u10d3\u10d8 \u10e6\u10dd\u10dc\u10d8\u10e1\u10eb\u10d8\u10d4\u10d1\u10d0<br \/>\u10db\u10dd\u10eb\u10e0\u10d0\u10dd\u10d1\u10d8\u10e1 \u10d2\u10d0\u10db\u10dd\u10d5\u10da\u10d4\u10dc\u10d0 (\u10d0\u10d3\u10d0\u10db\u10d8\u10d0\u10dc\u10d8\u10e1 \u10d3\u10d0 \u10d0\u10d5\u10e2\u10dd\u10db\u10dd\u10d1\u10d8\u10da\u10d8\u10e1 \u10e1\u10d0\u10db\u10d8\u10d6\u10dc\u10d4\u10d4\u10d1\u10d8\u10e1 \u10d9\u10da\u10d0\u10e1\u10d8\u10e4\u10d8\u10d9\u10d0\u10ea\u10d8\u10d0), \u10d5\u10d8\u10d3\u10d4\u10dd \u10d2\u10d0\u10e7\u10d0\u10da\u10d1\u10d4\u10d1\u10d8\u10e1 \u10e1\u10d8\u10d2\u10dc\u10d0\u10da\u10d8\u10d6\u10d0\u10ea\u10d8\u10d0, \u10d2\u10d0\u10db\u10dd\u10dc\u10d0\u10d9\u10da\u10d8\u10e1\u10d8<br \/>\u10ed\u10d9\u10d5\u10d8\u10d0\u10dc\u10d8 \u10e6\u10dd\u10dc\u10d8\u10e1\u10eb\u10d8\u10d4\u10d1\u10d0<br \/>\u10ee\u10d0\u10d6\u10d8\u10e1 \u10d2\u10d0\u10d3\u10d0\u10d9\u10d5\u10d4\u10d7\u10d8\u10e1 \u10d2\u10d0\u10db\u10dd\u10d5\u10da\u10d4\u10dc\u10d0, \u10e8\u10d4\u10ed\u10e0\u10d8\u10e1 \u10d2\u10d0\u10db\u10dd\u10d5\u10da\u10d4\u10dc\u10d0 (\u10d2\u10d0\u10dc\u10d2\u10d0\u10e8\u10d8\u10e1 \u10d0\u10db\u10dd\u10e5\u10db\u10d4\u10d3\u10d4\u10d1\u10d8\u10e1 \u10db\u10ee\u10d0\u10e0\u10d3\u10d0\u10ed\u10d4\u10e0\u10d0 \u10db\u10d8\u10d7\u10d8\u10d7\u10d4\u10d1\u10e3\u10da\u10d8 \u10e1\u10d0\u10db\u10d8\u10d6\u10dc\u10d4 \u10e2\u10d8\u10de\u10d4\u10d1\u10d8\u10d7 (\u10d0\u10d3\u10d0\u10db\u10d8\u10d0\u10dc\u10d8 \u10d3\u10d0 \u10db\u10d0\u10dc\u10e5\u10d0\u10dc\u10d0))<\/p>\n<p>\u10e1\u10d0\u10ee\u10d8\u10e1 \u10d0\u10db\u10dd\u10ea\u10dc\u10dd\u10d1\u10d0<\/p>\n<p>\u10d9\u10d0\u10d5\u10e8\u10d8\u10e0\u10d8<br \/>\u10d0\u10e2\u10d5\u10d8\u10e0\u10d7\u10d4\u10d7 FTP\/NAS\/\u10db\u10d4\u10ee\u10e1\u10d8\u10d4\u10e0\u10d4\u10d1\u10d8\u10e1 \u10d1\u10d0\u10e0\u10d0\u10d7\u10d6\u10d4, \u10e8\u10d4\u10d0\u10e2\u10e7\u10dd\u10d1\u10d8\u10dc\u10d4\u10d7 \u10e1\u10d0\u10d7\u10d5\u10d0\u10da\u10d7\u10d5\u10d0\u10da\u10dd \u10ea\u10d4\u10dc\u10e2\u10e0\u10e1, \u10e9\u10d0\u10ec\u10d4\u10e0\u10d8\u10e1 \u10e9\u10d0\u10ec\u10d4\u10e0\u10d0\u10e1, \u10e2\u10e0\u10d8\u10d2\u10d4\u10e0\u10d8\u10e1 \u10d3\u10d0\u10ed\u10d4\u10e0\u10d0\u10e1, \u10d2\u10d0\u10d2\u10d6\u10d0\u10d5\u10dc\u10d4\u10d7 \u10d4\u10da.<br \/>\u10d2\u10d4\u10dc\u10d4\u10e0\u10d0\u10da\u10d8<br \/>\u10eb\u10d0\u10da\u10d0\u10e3\u10e4\u10da\u10d4\u10d1\u10d0<br \/>-\u10d0\u10e0\u10d8\u10e1:<\/p>\n<p>12 VDC \u00b1 25%, 0.45 A, \u10db\u10d0\u10e5\u10e1. 5,5 \u10d5\u10e2, \u00d85,5 \u10db\u10db \u10d9\u10dd\u10d0\u10e5\u10e1\u10d8\u10d0\u10da\u10e3\u10e0\u10d8 \u10d3\u10d4\u10dc\u10d8\u10e1 \u10e8\u10e2\u10d4\u10e4\u10e1\u10d4\u10da\u10d8, \u10e1\u10d0\u10de\u10d8\u10e0\u10d8\u10e1\u10de\u10d8\u10e0\u10dd \u10de\u10dd\u10da\u10d0\u10e0\u10dd\u10d1\u10d8\u10e1 \u10d3\u10d0\u10ea\u10d5\u10d0<\/p>\n<p>PoE: 802.3af, \u10d9\u10da\u10d0\u10e1\u10d8 3, 36 V-\u10d3\u10d0\u10dc 57 V-\u10db\u10d3\u10d4, 0.18 A-\u10d3\u10d0\u10dc 0.11 A-\u10db\u10d3\u10d4, \u10db\u10d0\u10e5\u10e1. 6,5 \u10d5\u10e2<\/p>\n<p>-IWS:<\/p>\n<p>12 VDC \u00b1 25%, 0.5 A, \u10db\u10d0\u10e5\u10e1. 6 \u10d5\u10e2, \u00d85,5 \u10db\u10db \u10d9\u10dd\u10d0\u10e5\u10e1\u10d8\u10d0\u10da\u10e3\u10e0\u10d8 \u10d3\u10d4\u10dc\u10d8\u10e1 \u10e8\u10e2\u10d4\u10e4\u10e1\u10d4\u10da\u10d8, \u10e1\u10d0\u10de\u10d8\u10e0\u10d8\u10e1\u10de\u10d8\u10e0\u10dd \u10de\u10dd\u10da\u10d0\u10e0\u10dd\u10d1\u10d8\u10e1 \u10d3\u10d0\u10ea\u10d5\u10d0<\/p>\n<p>PoE: 802.3af, \u10d9\u10da\u10d0\u10e1\u10d8 3, 36 V-\u10d3\u10d0\u10dc 57 V-\u10db\u10d3\u10d4, 0.19 A-\u10d3\u10d0\u10dc 0.12 A-\u10db\u10d3\u10d4, \u10db\u10d0\u10e5\u10e1. 7 \u10d5<\/p>\n<p>\u10d2\u10d0\u10dc\u10d6\u10dd\u10db\u10d8\u10da\u10d4\u10d1\u10d0<br \/>\u00d8110 \u10db\u10db \u00d7 57,4 \u10db\u10db (\u00d8 4,3&#8243; \u00d7 2,3&#8243;)<br \/>\u10e8\u10d4\u10e4\u10e3\u10d7\u10d5\u10d0<\/p>\n","protected":false},"excerpt":{"rendered":"<p>\u10d9\u10d0\u10db\u10d4\u10e0\u10d0\u10d2\u10d0\u10db\u10dd\u10e1\u10d0\u10ee\u10e3\u10da\u10d4\u10d1\u10d8\u10e1 \u10e1\u10d4\u10dc\u10e1\u10dd\u10e0\u10d81\/3&#8243; \u10de\u10e0\u10dd\u10d2\u10e0\u10d4\u10e1\u10e3\u10da\u10d8 \u10e1\u10d9\u10d0\u10dc\u10d8\u10e0\u10d4\u10d1\u10d0 CMOS\u10db\u10d0\u10e5\u10e1. \u10e0\u10d4\u10d6\u10dd\u10da\u10e3\u10ea\u10d8\u10d02688 \u00d7 1520\u10db\u10d8\u10dc. \u10d2\u10d0\u10dc\u10d0\u10d7\u10d4\u10d1\u10d0\u10e4\u10d4\u10e0\u10d8: 0.005 \u10da\u10e3\u10e5\u10e1\u10d8 @ (F1.6, AGC ON), \u10e8\u10d0\u10d5\/\u10d7\u10d4\u10d7\u10e0\u10d8: 0 \u10da\u10e3\u10e5\u10e1\u10d8 IR\u10e9\u10d0\u10db\u10d9\u10d4\u10e2\u10d8\u10e1 \u10d3\u10e0\u10dd1\/3<\/p>\n","protected":false},"featured_media":34263,"comment_status":"open","ping_status":"closed","template":"","meta":[],"product_brand":[],"product_cat":[826,820],"product_tag":[],"class_list":{"0":"post-34266","1":"product","2":"type-product","3":"status-publish","4":"has-post-thumbnail","6":"product_cat-4mp-ip-cameras","7":"product_cat-wall-mounting-cabinets","9":"first","10":"instock","11":"taxable","12":"shipping-taxable","13":"purchasable","14":"product-type-simple"},"_links":{"self":[{"href":"https:\/\/iterra.ge\/en\/wp-json\/wp\/v2\/product\/34266","targetHints":{"allow":["GET"]}}],"collection":[{"href":"https:\/\/iterra.ge\/en\/wp-json\/wp\/v2\/product"}],"about":[{"href":"https:\/\/iterra.ge\/en\/wp-json\/wp\/v2\/types\/product"}],"replies":[{"embeddable":true,"href":"https:\/\/iterra.ge\/en\/wp-json\/wp\/v2\/comments?post=34266"}],"version-history":[{"count":1,"href":"https:\/\/iterra.ge\/en\/wp-json\/wp\/v2\/product\/34266\/revisions"}],"predecessor-version":[{"id":65731,"href":"https:\/\/iterra.ge\/en\/wp-json\/wp\/v2\/product\/34266\/revisions\/65731"}],"wp:featuredmedia":[{"embeddable":true,"href":"https:\/\/iterra.ge\/en\/wp-json\/wp\/v2\/media\/34263"}],"wp:attachment":[{"href":"https:\/\/iterra.ge\/en\/wp-json\/wp\/v2\/media?parent=34266"}],"wp:term":[{"taxonomy":"product_brand","embeddable":true,"href":"https:\/\/iterra.ge\/en\/wp-json\/wp\/v2\/product_brand?post=34266"},{"taxonomy":"product_cat","embeddable":true,"href":"https:\/\/iterra.ge\/en\/wp-json\/wp\/v2\/product_cat?post=34266"},{"taxonomy":"product_tag","embeddable":true,"href":"https:\/\/iterra.ge\/en\/wp-json\/wp\/v2\/product_tag?post=34266"}],"curies":[{"name":"wp","href":"https:\/\/api.w.org\/{rel}","templated":true}]}}