{"id":34429,"date":"2025-06-12T10:36:01","date_gmt":"2025-06-12T06:36:01","guid":{"rendered":"https:\/\/iterra.ge\/product\/%e1%83%99%e1%83%90%e1%83%9b%e1%83%94%e1%83%a0%e1%83%90hiwatch-ds-i215d-15xopt-zoomip2mpdomeptzir75m\/"},"modified":"2026-02-25T00:00:57","modified_gmt":"2026-02-25T00:00:57","slug":"%e1%83%99%e1%83%90%e1%83%9b%e1%83%94%e1%83%a0%e1%83%90hiwatch-ds-i215d-15xopt-zoomip2mpdomeptzir75m","status":"publish","type":"product","link":"https:\/\/iterra.ge\/en\/product\/%e1%83%99%e1%83%90%e1%83%9b%e1%83%94%e1%83%a0%e1%83%90hiwatch-ds-i215d-15xopt-zoomip2mpdomeptzir75m\/","title":{"rendered":"\u10d9\u10d0\u10db\u10d4\u10e0\u10d0,Hiwatch, DS-I215(D), 15Xopt.zoom,IP,2mp,Dome,PTZ,IR75m,,"},"content":{"rendered":"<p>\u10d9\u10d0\u10db\u10d4\u10e0\u10d8\u10e1 \u10d2\u10d0\u10db\u10dd\u10e1\u10d0\u10ee\u10e3\u10da\u10d4\u10d1\u10d8\u10e1 \u10e1\u10d4\u10dc\u10e1\u10dd\u10e0\u10d8 1\/2.8&#8243; \u10de\u10e0\u10dd\u10d2\u10e0\u10d4\u10e1\u10e3\u10da\u10d8 \u10e1\u10d9\u10d0\u10dc\u10d8\u10e0\u10d4\u10d1\u10d0 CMOS \u10db\u10d8\u10dc. \u10d2\u10d0\u10dc\u10d0\u10d7\u10d4\u10d1\u10d8\u10e1 \u10e4\u10d4\u10e0\u10d8: 0.005 Lux @ (F1.6, AGC ON); B\/W: 0.001Lux @ (F1.6, AGC ON), 0 Lux IR \u10e9\u10d0\u10db\u10d9\u10d4\u10e2\u10d8\u10e1 \u10e1\u10d8\u10e9\u10e5\u10d0\u10e0\u10d8\u10d7 1 \/1 \u10ec\u10db-\u10d3\u10d0\u10dc 1\/30000 \u10ec\u10db-\u10db\u10d3\u10d4 \u10dc\u10d4\u10da\u10d8 \u10e9\u10d0\u10db\u10d9\u10d4\u10e2\u10d8 \u10d3\u10d8\u10d0\u10ee \u10d3\u10e6\u10d4 \u10d3\u10d0 \u10e6\u10d0\u10db\u10d4 IR \u10ed\u10e0\u10d8\u10e1 \u10e4\u10d8\u10da\u10e2\u10e0\u10d8 \u10d6\u10e3\u10db\u10d8 15 \u00d7 \u10dd\u10de\u10e2\u10d8\u10d9\u10e3\u10e0\u10d8, 16 \u00d7 \u10ea\u10d8\u10e4\u10e0\u10e3\u10da\u10d8 \u10e0\u10d4\u10d6\u10dd\u10da\u10e3\u10ea\u10d8\u10d0 1920 \u00d7 1080<\/p>\n<p>\u10dd\u10d1\u10d8\u10d4\u10e5\u10e2\u10d8\u10d5\u10d8\u10e1 \u10e4\u10dd\u10d9\u10e3\u10e1\u10d8\u10e0\u10d4\u10d1\u10d0 \u10d0\u10d5\u10e2\u10dd\u10db\u10d0\u10e2\u10e3\u10e0\u10d8, \u10dc\u10d0\u10ee\u10d4\u10d5\u10e0\u10d0\u10d3 \u10d0\u10d5\u10e2\u10dd\u10db\u10d0\u10e2\u10e3\u10e0\u10d8, \u10db\u10d4\u10e5\u10d0\u10dc\u10d8\u10d9\u10e3\u10e0\u10d8 \u10e4\u10dd\u10d9\u10e3\u10e1\u10e3\u10e0\u10d8 \u10e1\u10d8\u10d2\u10e0\u10eb\u10d4 5 \u10db\u10db-\u10d3\u10d0\u10dc 75 \u10db\u10db-\u10db\u10d3\u10d4 \u10db\u10d0\u10e1\u10e8\u10e2\u10d0\u10d1\u10d8\u10e0\u10d4\u10d1\u10d8\u10e1 \u10e1\u10d8\u10e9\u10e5\u10d0\u10e0\u10d4 \u10d3\u10d0\u10d0\u10ee\u10da. 2,3 \u10ec\u10db FOV \u10f0\u10dd\u10e0\u10d8\u10d6\u10dd\u10dc\u10e2\u10d0\u10da\u10e3\u10e0\u10d8 \u10ee\u10d4\u10d3\u10d5\u10d8\u10e1 \u10d5\u10d4\u10da\u10d8: 57,6\u00b0-\u10d3\u10d0\u10dc 4\u00b0-\u10db\u10d3\u10d4 (\u10e4\u10d0\u10e0\u10d7\u10dd \u10e2\u10d4\u10da\u10d4\u10d5\u10d8\u10d6\u10d8\u10d0),<\/p>\n<p>\u10d5\u10d4\u10e0\u10e2\u10d8\u10d9\u10d0\u10da\u10e3\u10e0\u10d8 \u10ee\u10d4\u10d3\u10d5\u10d8\u10e1 \u10d5\u10d4\u10da\u10d8: 34,4\u00b0-\u10d3\u10d0\u10dc 2,2\u00b0-\u10db\u10d3\u10d4 (\u10e4\u10d0\u10e0\u10d7\u10dd \u10e2\u10d4\u10da\u10d4\u10d5\u10d8\u10d6\u10d8\u10d0),<\/p>\n<p>\u10d3\u10d8\u10d0\u10d2\u10dd\u10dc\u10d0\u10da\u10e3\u10e0\u10d8 \u10ee\u10d4\u10d3\u10d5\u10d8\u10e1 \u10d5\u10d4\u10da\u10d8: 64,5\u00b0-\u10d3\u10d0\u10dc 4,6\u00b0-\u10db\u10d3\u10d4 (\u10e4\u10d0\u10e0\u10d7\u10dd \u10e2\u10d4\u10da\u10d4\u10d5\u10d8\u10d6\u10d8\u10d0)<\/p>\n<p>\u10d3\u10d8\u10d0\u10e4\u10e0\u10d0\u10d2\u10db\u10d0 \u10db\u10d0\u10e5\u10e1. F1.6<\/p>\n<p>\u10d8\u10da\u10e3\u10db\u10d8\u10dc\u10d0\u10e2\u10dd\u10e0\u10d8\u10e1 \u10d3\u10d0\u10dc\u10d0\u10db\u10d0\u10e2\u10d8 \u10e1\u10d8\u10dc\u10d0\u10d7\u10da\u10d8\u10e1 \u10e2\u10d8\u10de\u10d8 IR \u10d3\u10d0\u10dc\u10d0\u10db\u10d0\u10e2\u10d8 \u10e1\u10d8\u10dc\u10d0\u10d7\u10da\u10d8\u10e1 \u10d3\u10d8\u10d0\u10de\u10d0\u10d6\u10dd\u10dc\u10d8 IR \u10db\u10d0\u10dc\u10eb\u10d8\u10da\u10d8: 100 \u10db-\u10db\u10d3\u10d4<\/p>\n<p>PTZ \u10db\u10dd\u10eb\u10e0\u10d0\u10dd\u10d1\u10d8\u10e1 \u10d3\u10d8\u10d0\u10de\u10d0\u10d6\u10dd\u10dc\u10d8 (\u10de\u10d0\u10dc\u10d6\u10d4) 360\u00b0 \u10db\u10dd\u10eb\u10e0\u10d0\u10dd\u10d1\u10d8\u10e1 \u10d3\u10d8\u10d0\u10de\u10d0\u10d6\u10dd\u10dc\u10d8 (\u10d3\u10d0\u10ee\u10e0\u10d8\u10da\u10dd\u10d1\u10d0) -15\u00b0-\u10d3\u10d0\u10dc 90\u00b0-\u10db\u10d3\u10d4 (\u10d0\u10d5\u10e2\u10dd\u10db\u10d0\u10e2\u10e3\u10e0\u10d8 \u10d2\u10d0\u10d3\u10d0\u10d1\u10e0\u10e3\u10dc\u10d4\u10d1\u10d0) \u10de\u10d0\u10dc\u10d4\u10da\u10d8\u10e1 \u10e1\u10d8\u10e9\u10e5\u10d0\u10e0\u10d8\u10e1 \u10d2\u10d0\u10d3\u10d0\u10ee\u10d5\u10d4\u10d5\u10d8\u10e1 \u10e1\u10d8\u10e9\u10e5\u10d0\u10e0\u10d4: \u10e0\u10d4\u10d2\u10e3\u10da\u10d8\u10e0\u10d4\u10d1\u10d0\u10d3\u10d8 0,1\u00b0-\u10d3\u10d0\u10dc 80\u00b0\/\u10ec\u10db-\u10db\u10d3\u10d4; \u10ec\u10d8\u10dc\u10d0\u10e1\u10ec\u10d0\u10e0 \u10d3\u10d0\u10e7\u10d4\u10dc\u10d4\u10d1\u10e3\u10da\u10d8 \u10e1\u10d8\u10e9\u10e5\u10d0\u10e0\u10d4: 80\u00b0\/\u10ec\u10db \u10d3\u10d0\u10ee\u10e0\u10d8\u10e1 \u10e1\u10d8\u10e9\u10e5\u10d0\u10e0\u10d4 \u10d3\u10d0\u10ee\u10e0\u10d8\u10e1 \u10e1\u10d8\u10e9\u10e5\u10d0\u10e0\u10d4: \u10d9\u10dd\u10dc\u10e4\u10d8\u10d2\u10e3\u10e0\u10d8\u10e0\u10d4\u10d1\u10d0\u10d3\u10d8 0,1\u00b0-\u10d3\u10d0\u10dc 80\u00b0\/\u10ec\u10db-\u10db\u10d3\u10d4, \u10ec\u10d8\u10dc\u10d0\u10e1\u10ec\u10d0\u10e0 \u10d3\u10d0\u10e7\u10d4\u10dc\u10d4\u10d1\u10e3\u10da\u10d8 \u10e1\u10d8\u10e9\u10e5\u10d0\u10e0\u10d4 80\u00b0\/\u10ec\u10db \u10de\u10e0\u10dd\u10de\u10dd\u10e0\u10ea\u10d8\u10e3\u10da\u10d8 \u10de\u10d0\u10dc\u10d4\u10da\u10d8 \u10d3\u10d8\u10d0\u10ee \u10ec\u10d8\u10dc\u10d0\u10e1\u10ec\u10d0\u10e0 \u10de\u10d0\u10e0\u10d0\u10db\u10d4\u10e2\u10e0\u10d4\u10d1\u10d8 300 \u10de\u10d0\u10e2\u10e0\u10e3\u10da\u10d8 \u10e1\u10d9\u10d0\u10dc\u10d8\u10e0\u10d4\u10d1\u10d0 8 \u10de\u10d0\u10e2\u10e0\u10e3\u10da\u10d8, 32-\u10db\u10d3\u10d4 \u10ec\u10d8\u10dc\u10d0\u10e1\u10ec\u10d0\u10e0 \u10d3\u10d0\u10e7\u10d4\u10dc\u10d4\u10d1\u10d0 \u10d7\u10d8\u10d7\u10dd\u10d4\u10e3\u10da\u10d8 \u10de\u10d0\u10e2\u10e0\u10e3\u10da\u10d8\u10e1\u10d7\u10d5\u10d8\u10e1. \u10dc\u10d8\u10db\u10e3\u10e8\u10d8\u10e1 \u10e1\u10d9\u10d0\u10dc\u10d8\u10e0\u10d4\u10d1\u10d0 4 \u10dc\u10d8\u10db\u10e3\u10e8\u10d8\u10e1 \u10e1\u10d9\u10d0\u10dc\u10d8\u10e0\u10d4\u10d1\u10d0 \u10d2\u10d0\u10db\u10dd\u10e0\u10d7\u10d5\u10d0 \u10db\u10d4\u10ee\u10e1\u10d8\u10d4\u10e0\u10d4\u10d1\u10d0 \u10d3\u10d8\u10d0\u10ee \u10de\u10d0\u10e0\u10d9\u10d8\u10e1 \u10db\u10dd\u10e5\u10db\u10d4\u10d3\u10d4\u10d1\u10d8\u10e1 \u10ec\u10d8\u10dc\u10d0\u10e1\u10ec\u10d0\u10e0 \u10d3\u10d0\u10e7\u10d4\u10dc\u10d4\u10d1\u10d0, \u10dc\u10d8\u10db\u10e3\u10e8\u10d8\u10e1 \u10e1\u10d9\u10d0\u10dc\u10d8\u10e0\u10d4\u10d1\u10d0, \u10e1\u10d0\u10de\u10d0\u10e2\u10e0\u10e3\u10da\u10dd \u10e1\u10d9\u10d0\u10dc\u10d8\u10e0\u10d4\u10d1\u10d0, \u10d0\u10d5\u10e2\u10dd\u10db\u10d0\u10e2\u10e3\u10e0\u10d8 \u10e1\u10d9\u10d0\u10dc\u10d8\u10e0\u10d4\u10d1\u10d0, \u10d3\u10d0\u10ee\u10e0\u10d8\u10da\u10dd\u10d1\u10d8\u10e1 \u10e1\u10d9\u10d0\u10dc\u10d8\u10e0\u10d4\u10d1\u10d0, \u10e8\u10d4\u10db\u10d7\u10ee\u10d5\u10d4\u10d5\u10d8\u10d7\u10d8 \u10e1\u10d9\u10d0\u10dc\u10d8\u10e0\u10d4\u10d1\u10d0, \u10e9\u10d0\u10e0\u10e9\u10dd\u10e1 \u10e1\u10d9\u10d0\u10dc\u10d8\u10e0\u10d4\u10d1\u10d0, \u10de\u10d0\u10dc\u10dd\u10e0\u10d0\u10db\u10d8\u10e1 \u10e1\u10d9\u10d0\u10dc\u10d8\u10e0\u10d4\u10d1\u10d0 3D \u10de\u10dd\u10d6\u10d8\u10ea\u10d8\u10dd\u10dc\u10d8\u10e0\u10d4\u10d1\u10d0 \u10d3\u10d8\u10d0\u10ee PTZ \u10e1\u10e2\u10d0\u10e2\u10e3\u10e1\u10d8\u10e1 \u10e9\u10d5\u10d4\u10dc\u10d4\u10d1\u10d0 \u10d3\u10d8\u10d0\u10ee \u10ec\u10d8\u10dc\u10d0\u10e1\u10ec\u10d0\u10e0 \u10d3\u10d0\u10e7\u10d4\u10dc\u10d4\u10d1\u10e3\u10da\u10d8 \u10d2\u10d0\u10e7\u10d8\u10dc\u10d5\u10d0 \u10d3\u10d8\u10d0\u10ee \u10d3\u10d0\u10d2\u10d4\u10d2\u10db\u10d8\u10da\u10d8 \u10d3\u10d0\u10d5\u10d0\u10da\u10d4\u10d1\u10d8\u10e1 \u10ec\u10d8\u10dc\u10d0\u10e1\u10ec\u10d0\u10e0 \u10d3\u10d0\u10e7\u10d4\u10dc\u10d4\u10d1\u10d0, \u10dc\u10d8\u10db\u10e3\u10e8\u10d8\u10e1 \u10e1\u10d9\u10d0\u10dc\u10d8\u10e0\u10d4\u10d1\u10d0, \u10de\u10d0\u10e2\u10e0\u10e3\u10da\u10d8 \u10e1\u10d9\u10d0\u10dc\u10d8\u10e0\u10d4\u10d1\u10d0, \u10d0\u10d5\u10e2\u10dd\u10db\u10d0\u10e2\u10e3\u10e0\u10d8 \u10e1\u10d9\u10d0\u10dc\u10d8\u10e0\u10d4\u10d1\u10d0, \u10d3\u10d0\u10ee\u10e0\u10d8\u10e1 \u10e1\u10d9\u10d0\u10dc\u10d8\u10e0\u10d4\u10d1\u10d0, \u10e8\u10d4\u10db\u10d7\u10ee\u10d5\u10d4\u10d5\u10d8\u10d7\u10d8 \u10e1\u10d9\u10d0\u10dc\u10d8\u10e0\u10d4\u10d1\u10d0, \u10e9\u10d0\u10e0\u10e9\u10dd\u10e1 \u10e1\u10d9\u10d0\u10dc\u10d8\u10e0\u10d4\u10d1\u10d0, \u10de\u10d0\u10dc\u10dd\u10e0\u10d0\u10db\u10e3\u10da\u10d8 \u10e1\u10d9\u10d0\u10dc\u10d8\u10e0\u10d4\u10d1\u10d0, \u10d2\u10e3\u10db\u10d1\u10d0\u10d7\u10d8\u10e1 \u10d2\u10d0\u10d3\u10d0\u10e2\u10d5\u10d8\u10e0\u10d7\u10d5\u10d0, \u10d2\u10e3\u10db\u10d1\u10d0\u10d7\u10d8\u10e1 \u10e0\u10d4\u10d2\u10e3\u10da\u10d8\u10e0\u10d4\u10d1\u10d0, \u10d0\u10e3\u10e5\u10e1\u10d8\u10e1 \u10d2\u10d0\u10db\u10dd\u10db\u10d0\u10d5\u10d0\u10da\u10d8<\/p>\n<p>\u10d5\u10d8\u10d3\u10d4\u10dd\u10e1 \u10eb\u10d8\u10e0\u10d8\u10d7\u10d0\u10d3\u10d8 \u10dc\u10d0\u10d9\u10d0\u10d3\u10d8 50 Hz: 25 fps (1920 \u00d7 1080, 1280 \u00d7 960, 1280 \u00d7 720)<\/p>\n<p>60 Hz: 30 fps (1920 \u00d7 1080, 1280 \u00d7 960, 1280 \u00d7 720)<\/p>\n<p>\u10e5\u10d5\u10d4\u10dc\u10d0\u10d9\u10d0\u10d3\u10d8\u10e1 \u10e1\u10d8\u10ee\u10e8\u10d8\u10e0\u10d4 50 \u10f0\u10ea: 25 \u10d9\u10d0\u10d3\u10e0\u10d8\/\u10ec\u10db (704 \u00d7 576, 640 \u00d7 480, 352 \u00d7 288)<\/p>\n<p>60Hz: 30fps (704 \u00d7 480, 640 \u00d7 480, 352 \u00d7 240)<\/p>\n<p>\u10db\u10d4\u10e1\u10d0\u10db\u10d4 \u10dc\u10d0\u10d9\u10d0\u10d3\u10d8 50 Hz: 25 fps (1920 \u00d7 1080, 1280 \u00d7 960, 1280 \u00d7 720, 704 \u00d7 576, 640 \u00d7 480, 352 \u00d7 288)<\/p>\n<p>60 Hz: 30 fps (1920 \u00d7 1080, 1280 \u00d7 960, 1280 \u00d7 720, 704 \u00d7 480, 640 \u00d7 480, 352 \u00d7 240)<\/p>\n<p>\u10d5\u10d8\u10d3\u10d4\u10dd \u10e8\u10d4\u10d9\u10e3\u10db\u10e8\u10d5\u10d0 \u10eb\u10d8\u10e0\u10d8\u10d7\u10d0\u10d3\u10d8 \u10dc\u10d0\u10d9\u10d0\u10d3\u10d8: H.265+\/H.265\/H.264+\/H.264<\/p>\n<p>\u10e5\u10d5\u10d4 \u10dc\u10d0\u10d9\u10d0\u10d3\u10d8: H.265\/H.264\/MJPEG<\/p>\n<p>\u10db\u10d4\u10e1\u10d0\u10db\u10d4 \u10dc\u10d0\u10d9\u10d0\u10d3\u10d8: H.265\/H.264\/MJPEG<\/p>\n<p>\u10d5\u10d8\u10d3\u10d4\u10dd \u10d1\u10d8\u10e2\u10d8\u10e1 \u10e1\u10d8\u10ee\u10e8\u10d8\u10e0\u10d4 32 kbps-\u10d3\u10d0\u10dc 16384 kbps-\u10db\u10d3\u10d4 H.264 \u10e2\u10d8\u10de\u10d8 \u10e1\u10d0\u10d1\u10d0\u10d6\u10d8\u10e1\u10dd \u10de\u10e0\u10dd\u10e4\u10d8\u10da\u10d8\/\u10db\u10d7\u10d0\u10d5\u10d0\u10e0\u10d8 \u10de\u10e0\u10dd\u10e4\u10d8\u10da\u10d8\/\u10db\u10d0\u10e6\u10d0\u10da\u10d8 \u10de\u10e0\u10dd\u10e4\u10d8\u10da\u10d8 H.265 \u10e2\u10d8\u10de\u10d8 \u10eb\u10d8\u10e0\u10d8\u10d7\u10d0\u10d3\u10d8 \u10de\u10e0\u10dd\u10e4\u10d8\u10da\u10d8 Scalable \u10d5\u10d8\u10d3\u10d4\u10dd \u10d9\u10dd\u10d3\u10d8\u10e0\u10d4\u10d1\u10d0 (SVC) H.264 \u10d3\u10d0 H.265 \u10d9\u10dd\u10d3\u10d8\u10e0\u10d4\u10d1\u10d0 \u10d8\u10dc\u10e2\u10d4\u10e0\u10d4\u10e1\u10d7\u10d0 \u10e0\u10d4\u10d2\u10d8\u10dd\u10dc\u10d8\u10e1\u10d7\u10d5\u10d8\u10e1 (ROI) 8 \u10e4\u10d8\u10e5\u10e1\u10d8\u10e0\u10d4\u10d1\u10e3\u10da\u10d8 \u10e0\u10d4\u10d2\u10d8\u10dd\u10dc\u10d8\u10e1\u10d7\u10d5\u10d8\u10e1 \u10d7\u10d8\u10d7\u10dd\u10d4\u10e3\u10da\u10d8 \u10dc\u10d0\u10d9\u10d0\u10d3\u10d8<\/p>\n<p>&nbsp;\u10d0\u10e3\u10d3\u10d8\u10dd \u10d0\u10e3\u10d3\u10d8\u10dd \u10e8\u10d4\u10d9\u10e3\u10db\u10e8\u10d5\u10d0 G.711\/G.722.1\/G.726\/MP2L2\/PCM \u10d0\u10e3\u10d3\u10d8\u10dd \u10d1\u10d8\u10e2\u10d8\u10e1 \u10e1\u10d8\u10ee\u10e8\u10d8\u10e0\u10d4 64 Kbps (G.711)\/16 Kbps (G.722.1)\/16 Kbps (G.726)\/32-192 Kbps ( MP2L2) \u10d0\u10e3\u10d3\u10d8\u10dd \u10e8\u10d4\u10e0\u10e9\u10d4\u10d5\u10d8\u10e1 \u10e1\u10d8\u10ee\u10e8\u10d8\u10e0\u10d4 8 kHz\/16 kHz\/32 kHz\/48 kHz \u10d2\u10d0\u10e0\u10d4\u10db\u10dd \u10ee\u10db\u10d0\u10e3\u10e0\u10d8\u10e1 \u10e4\u10d8\u10da\u10e2\u10e0\u10d0\u10ea\u10d8\u10d0 \u10d3\u10d8\u10d0\u10ee<\/p>\n<p>\u10e5\u10e1\u10d4\u10da\u10d8\u10e1 \u10e5\u10e1\u10d4\u10da\u10d8\u10e1 \u10e8\u10d4\u10dc\u10d0\u10ee\u10d5\u10d0 NAS (NFS, SMB\/CIFS), \u10e5\u10e1\u10d4\u10da\u10d8\u10e1 \u10d0\u10d5\u10e2\u10dd\u10db\u10d0\u10e2\u10e3\u10e0\u10d8 \u10e8\u10d4\u10d5\u10e1\u10d4\u10d1\u10d8\u10e1 (ANR) \u10de\u10e0\u10dd\u10e2\u10dd\u10d9\u10dd\u10da\u10d4\u10d1\u10d8 IPv4\/IPv6, HTTP, HTTPS, 802.1x, QoS, FTP, SMTP, UPnP, SNMP, DNS, DDNS, NTP, RTSP, RTCP, RTP, TCP\/IP, UDP, IGMP, ICMP, DHCP, PPPoE, Bonjour API \u10e6\u10d8\u10d0 \u10e5\u10e1\u10d4\u10da\u10d8\u10e1 \u10d5\u10d8\u10d3\u10d4\u10dd \u10d8\u10dc\u10e2\u10d4\u10e0\u10e4\u10d4\u10d8\u10e1\u10d8 (\u10d5\u10d4\u10e0\u10e1\u10d8\u10d0 19.12, \u10de\u10e0\u10dd\u10e4\u10d8\u10da\u10d8 S, \u10de\u10e0\u10dd\u10e4\u10d8\u10da\u10d8 G, \u10de\u10e0\u10dd\u10e4\u10d8\u10da\u10d8 T), ISAPI, SDK, ISUP \u10d4\u10e0\u10d7\u10d3\u10e0\u10dd\u10e3\u10da\u10d8 \u10ea\u10dd\u10ea\u10ee\u10d0\u10da\u10d8 \u10dc\u10d0\u10ee\u10d5\u10d0 20 \u10d0\u10e0\u10ee\u10d0\u10db\u10d3\u10d4 \u10db\u10dd\u10db\u10ee\u10db\u10d0\u10e0\u10d4\u10d1\u10d4\u10da\u10d8\/ \u10db\u10d0\u10e1\u10de\u10d8\u10dc\u10eb\u10d4\u10da\u10d8 32-\u10db\u10d3\u10d4 \u10db\u10dd\u10db\u10ee\u10db\u10d0\u10e0\u10d4\u10d1\u10d4\u10da\u10d8, \u10db\u10dd\u10db\u10ee\u10db\u10d0\u10e0\u10d4\u10d1\u10da\u10d8\u10e1 3 \u10d3\u10dd\u10dc\u10d4: \u10d0\u10d3\u10db\u10d8\u10dc\u10d8\u10e1\u10e2\u10e0\u10d0\u10e2\u10dd\u10e0\u10d8, \u10dd\u10de\u10d4\u10e0\u10d0\u10e2\u10dd\u10e0\u10d8 \u10d3\u10d0 \u10db\u10dd\u10db\u10ee\u10db\u10d0\u10e0\u10d4\u10d1\u10d4\u10da\u10d8 \u10d2\u10da\u10e3\u10d5\u10d8 \u10e1\u10e2\u10e0\u10d8\u10db\u10d8\u10dc\u10d2\u10d8 \u10d3\u10d8\u10d0\u10ee \u10e3\u10e1\u10d0\u10e4\u10e0\u10d7\u10ee\u10dd\u10d4\u10d1\u10d0 \u10de\u10d0\u10e0\u10dd\u10da\u10d8\u10e1 \u10d3\u10d0\u10ea\u10d5\u10d0, \u10e0\u10d7\u10e3\u10da\u10d8 \u10de\u10d0\u10e0\u10dd\u10da\u10d8, HTTPS \u10d3\u10d0\u10e8\u10d8\u10e4\u10d5\u10e0\u10d0, 802.1X \u10d0\u10d5\u10e2\u10dd\u10e0\u10d8\u10d6\u10d0\u10ea\u10d8\u10d0 (EAP-TLS, EAP-LEAP, EAP-MD5), \u10ec\u10e7\u10da\u10d8\u10e1 \u10dc\u10d8\u10e8\u10d0\u10dc\u10d8, IP \u10db\u10d8\u10e1\u10d0\u10db\u10d0\u10e0\u10d7\u10d8 \u10e4\u10d8\u10da\u10e2\u10e0\u10d8, \u10eb\u10d8\u10e0\u10d8\u10d7\u10d0\u10d3\u10d8 \u10d3\u10d0 \u10d3\u10d0\u10d8\u10ef\u10d4\u10e1\u10e2\u10d8\u10e1 \u10d0\u10d5\u10d7\u10d4\u10dc\u10e2\u10d8\u10e4\u10d8\u10d9\u10d0\u10ea\u10d8\u10d0 HTTP\/HTTPS-\u10d8\u10e1\u10d7\u10d5\u10d8\u10e1, RTP\/RTSP HTTPS-\u10d6\u10d4, \u10d3\u10e0\u10dd\u10d8\u10e1 \u10d0\u10db\u10dd\u10ec\u10e3\u10e0\u10d5\u10d8\u10e1 \u10de\u10d0\u10e0\u10d0\u10db\u10d4\u10e2\u10e0\u10d4\u10d1\u10d8, \u10e3\u10e1\u10d0\u10e4\u10e0\u10d7\u10ee\u10dd\u10d4\u10d1\u10d8\u10e1 \u10d0\u10e3\u10d3\u10d8\u10e2\u10d8\u10e1 \u10df\u10e3\u10e0\u10dc\u10d0\u10da\u10d8, TLS 1.2, TLS 1.3, \u10f0\u10dd\u10e1\u10e2\u10d8\u10e1 \u10d0\u10d5\u10e2\u10dd\u10e0\u10d8\u10d6\u10d0\u10ea\u10d8\u10d0 (MAC \u10db\u10d8\u10e1\u10d0\u10db\u10d0\u10e0\u10d7\u10d8) Client iVMS-4200, HikCentral Pro, Hik-Connect \u10d5\u10d4\u10d1 \u10d1\u10e0\u10d0\u10e3\u10d6\u10d4\u10e0\u10d8 Chrome 57.0+, Firefox 52.0+, Safari 11+, IE11<\/p>\n<p>&nbsp;\u10e1\u10e3\u10e0\u10d0\u10d7\u10d8\u10e1 \u10e1\u10e3\u10e0\u10d0\u10d7\u10d8\u10e1 \u10de\u10d0\u10e0\u10d0\u10db\u10d4\u10e2\u10e0\u10d4\u10d1\u10d8\u10e1 \u10e8\u10d4\u10ea\u10d5\u10da\u10d0 \u10d3\u10d8\u10d0\u10ee \u10d3\u10e6\u10d4\/\u10e6\u10d0\u10db\u10d4 \u10d2\u10d0\u10d3\u10d0\u10db\u10e0\u10d7\u10d5\u10d4\u10da\u10d8 \u10d3\u10e6\u10d4, \u10e6\u10d0\u10db\u10d4, \u10d0\u10d5\u10e2\u10dd\u10db\u10d0\u10e2\u10e3\u10e0\u10d8, \u10d2\u10e0\u10d0\u10e4\u10d8\u10d9\u10d8\u10e1 \u10d2\u10d0\u10db\u10dd\u10e1\u10d0\u10ee\u10e3\u10da\u10d4\u10d1\u10d8\u10e1 \u10d2\u10d0\u10eb\u10da\u10d8\u10d4\u10e0\u10d4\u10d1\u10d0 BLC, HLC, 3D DNR \u10e4\u10d0\u10e0\u10d7\u10dd \u10d3\u10d8\u10dc\u10d0\u10db\u10d8\u10e3\u10e0\u10d8 \u10d3\u10d8\u10d0\u10de\u10d0\u10d6\u10dd\u10dc\u10d8 (WDR) 120 dB \u10d3\u10d4\u10dd\u10e4\u10d2\u10d8 \u10ea\u10d8\u10e4\u10e0\u10e3\u10da\u10d8 \u10d3\u10d4\u10dc\u10d8\u10e1 \u10d2\u10d0\u10db\u10dd\u10e0\u10d7\u10d5\u10d0 \u10e1\u10e3\u10e0\u10d0\u10d7\u10d8\u10e1 \u10e1\u10e2\u10d0\u10d1\u10d8\u10da\u10d8\u10d6\u10d0\u10ea\u10d8\u10d0 \u10d0\u10e0\u10d0 \u10e0\u10d4\u10d2\u10d8\u10dd\u10dc\u10d0\u10da\u10e3\u10e0\u10d8 \u10d4\u10e5\u10e1\u10de\u10dd\u10d6\u10d8\u10ea\u10d8\u10d0 \u10d3\u10d8\u10d0\u10ee \u10e0\u10d4\u10d2\u10d8\u10dd\u10dc\u10d0\u10da\u10e3\u10e0\u10d8 \u10e4\u10dd\u10d9\u10e3\u10e1\u10d8 \u10d3\u10d8\u10d0\u10ee \u10e1\u10e3\u10e0\u10d0\u10d7\u10d8\u10e1 \u10de\u10d0\u10e0\u10d0\u10db\u10d4\u10e2\u10e0\u10d4\u10d1\u10d8 \u10d2\u10d0\u10ef\u10d4\u10e0\u10d4\u10d1\u10d0, \u10e1\u10d8\u10d9\u10d0\u10e8\u10d9\u10d0\u10e8\u10d4, \u10d9\u10dd\u10dc\u10e2\u10e0\u10d0\u10e1\u10e2\u10d8, \u10e1\u10d8\u10db\u10d9\u10d5\u10d4\u10d7\u10e0\u10d4, \u10db\u10dd\u10db\u10d0\u10e2\u10d4\u10d1\u10d0 \u10d3\u10d0 \u10d7\u10d4\u10d7\u10e0\u10d8 \u10d1\u10d0\u10da\u10d0\u10dc\u10e1\u10d8\u10e1 \u10e0\u10d4\u10d2\u10e3\u10da\u10d8\u10e0\u10d4\u10d1\u10d0 \u10d9\u10da\u10d8\u10d4\u10dc\u10e2\u10d8\u10e1 \u10de\u10e0\u10dd\u10d2\u10e0\u10d0\u10db\u10e3\u10da\u10d8 \u10e3\u10d6\u10e0\u10e3\u10dc\u10d5\u10d4\u10da\u10e7\u10dd\u10e4\u10d8\u10e1 \u10d0\u10dc \u10d5\u10d4\u10d1 \u10d1\u10e0\u10d0\u10e3\u10d6\u10d4\u10e0\u10d8\u10e1 \u10db\u10d8\u10d4\u10e0 Privacy Mask 24 \u10de\u10e0\u10dd\u10d2\u10e0\u10d0\u10db\u10d8\u10e0\u10d4\u10d1\u10d0\u10d3\u10d8 \u10de\u10dd\u10da\u10d8\u10d2\u10dd\u10dc\u10d8\u10e1 \u10d9\u10dd\u10dc\u10e4\u10d8\u10d3\u10d4\u10dc\u10ea\u10d8\u10d0\u10da\u10e3\u10e0\u10dd\u10d1\u10d8\u10e1 \u10dc\u10d8\u10e6\u10d1\u10d4\u10d1\u10d8, \u10dc\u10d8\u10e6\u10d1\u10d8\u10e1 \u10e4\u10d4\u10e0\u10d8\u10e1 \u10d0\u10dc \u10db\u10dd\u10d6\u10d0\u10d8\u10d9\u10d8\u10e1 \u10d9\u10dd\u10dc\u10e4\u10d8\u10d2\u10e3\u10e0\u10d8\u10e0\u10d4\u10d1\u10d0\u10d3\u10d8 SNR &gt; 52 dB<\/p>\n<p>\u10d8\u10dc\u10e2\u10d4\u10e0\u10e4\u10d4\u10d8\u10e1\u10d8 Ethernet \u10d8\u10dc\u10e2\u10d4\u10e0\u10e4\u10d4\u10d8\u10e1\u10d8 1 RJ45 10M\/100M \u10d7\u10d5\u10d8\u10d7\u10d0\u10d3\u10d0\u10de\u10e2\u10d8\u10e0\u10d4\u10d1\u10d0\u10d3\u10d8 Ethernet \u10de\u10dd\u10e0\u10e2\u10d8 \u10e8\u10d8\u10d3\u10d0 \u10e1\u10d0\u10ea\u10d0\u10d5\u10d8 \u10e9\u10d0\u10e8\u10d4\u10dc\u10d4\u10d1\u10e3\u10da\u10d8 \u10db\u10d4\u10ee\u10e1\u10d8\u10d4\u10e0\u10d4\u10d1\u10d8\u10e1 \u10d1\u10d0\u10e0\u10d0\u10d7\u10d8\u10e1 \u10e1\u10da\u10dd\u10e2\u10d8, microSD\/SDHC\/SDXC \u10d1\u10d0\u10e0\u10d0\u10d7\u10d8\u10e1 \u10db\u10ee\u10d0\u10e0\u10d3\u10d0\u10ed\u10d4\u10e0\u10d0, 256 \u10d2\u10d1-\u10db\u10d3\u10d4 \u10e1\u10d8\u10d2\u10dc\u10d0\u10da\u10d8\u10d6\u10d0\u10ea\u10d8\u10d0 1 \u10e8\u10d4\u10e7\u10d5\u10d0\u10dc\u10d0, 1 \u10d2\u10d0\u10db\u10dd\u10db\u10d0\u10d5\u10d0\u10da\u10d8 \u10d0\u10e3\u10d3\u10d8\u10dd 1 \u10e8\u10d4\u10e7\u10d5\u10d0\u10dc\u10d0 (\u10ee\u10d0\u10d6\u10d8), \u10db\u10d0\u10e5\u10e1. \u10e8\u10d4\u10e7\u10d5\u10d0\u10dc\u10d8\u10e1 \u10d0\u10db\u10de\u10da\u10d8\u10e2\u10e3\u10d3\u10d0: 2-2,4 vpp, \u10e8\u10d4\u10e7\u10d5\u10d0\u10dc\u10d8\u10e1 \u10ec\u10d8\u10dc\u10d0\u10e6\u10dd\u10d1\u10d0: 1 kO \u00b1 10%;<\/p>\n<p>1 \u10d2\u10d0\u10db\u10dd\u10db\u10d0\u10d5\u10d0\u10da\u10d8 (\u10ee\u10d0\u10d6\u10d8\u10e1 \u10d2\u10d0\u10e0\u10d4\u10d7), \u10ee\u10d0\u10d6\u10d8\u10e1 \u10d3\u10dd\u10dc\u10d4, \u10d2\u10d0\u10db\u10dd\u10db\u10d0\u10d5\u10d0\u10da\u10d8 \u10ec\u10d8\u10dc\u10d0\u10e6\u10dd\u10d1\u10d0: 600 O<\/p>\n<p>\u10d2\u10d0\u10d3\u10d0\u10e2\u10d5\u10d8\u10e0\u10d7\u10d5\u10d0 \u10d3\u10d8\u10d0\u10ee<\/p>\n<p>\u10db\u10dd\u10d5\u10da\u10d4\u10dc\u10d8\u10e1 \u10eb\u10d8\u10e0\u10d8\u10d7\u10d0\u10d3\u10d8 \u10e6\u10dd\u10dc\u10d8\u10e1\u10eb\u10d8\u10d4\u10d1\u10d8\u10e1 \u10db\u10dd\u10eb\u10e0\u10d0\u10dd\u10d1\u10d8\u10e1 \u10d0\u10db\u10dd\u10ea\u10dc\u10dd\u10d1\u10d0, \u10d5\u10d8\u10d3\u10d4\u10dd\u10e1 \u10d2\u10d0\u10e7\u10d0\u10da\u10d1\u10d4\u10d1\u10d8\u10e1 \u10e1\u10d8\u10d2\u10dc\u10d0\u10da\u10d8\u10d6\u10d0\u10ea\u10d8\u10d0, \u10d2\u10d0\u10db\u10dd\u10dc\u10d0\u10d9\u10da\u10d8\u10e1\u10d8, \u10d2\u10d0\u10dc\u10d2\u10d0\u10e8\u10d8\u10e1 \u10e8\u10d4\u10e7\u10d5\u10d0\u10dc\u10d0 \u10d3\u10d0 \u10d2\u10d0\u10db\u10dd\u10db\u10d0\u10d5\u10d0\u10da\u10d8 \u10d2\u10dd\u10dc\u10d8\u10d4\u10e0\u10d8 \u10db\u10dd\u10d5\u10da\u10d4\u10dc\u10d8\u10e1 \u10ee\u10d0\u10d6\u10d8\u10e1 \u10d2\u10d0\u10d3\u10d0\u10d9\u10d5\u10d4\u10d7\u10d8\u10e1 \u10d2\u10d0\u10db\u10dd\u10d5\u10da\u10d4\u10dc\u10d0, \u10e8\u10d4\u10ed\u10e0\u10d8\u10e1 \u10d2\u10d0\u10db\u10dd\u10d5\u10da\u10d4\u10dc\u10d0, \u10e0\u10d4\u10d2\u10d8\u10dd\u10dc\u10d8\u10e1 \u10e8\u10d4\u10e1\u10d0\u10e1\u10d5\u10da\u10d4\u10da\u10d8\u10e1 \u10d0\u10db\u10dd\u10ea\u10dc\u10dd\u10d1\u10d0, \u10e0\u10d4\u10d2\u10d8\u10dd\u10dc\u10d8\u10d3\u10d0\u10dc \u10d2\u10d0\u10e1\u10d5\u10da\u10d8\u10e1 \u10d0\u10db\u10dd\u10ea\u10dc\u10dd\u10d1\u10d0, \u10e3\u10de\u10d0\u10e2\u10e0\u10dd\u10dc\u10dd \u10d1\u10d0\u10e0\u10d2\u10d8\u10e1 \u10d0\u10db\u10dd\u10ea\u10dc\u10dd\u10d1\u10d0, \u10dd\u10d1\u10d8\u10d4\u10e5\u10e2\u10d8\u10e1 \u10d0\u10db\u10dd\u10e6\u10d4\u10d1\u10d8\u10e1 \u10d0\u10db\u10dd\u10ea\u10dc\u10dd\u10d1\u10d0, \u10d0\u10e3\u10d3\u10d8\u10dd \u10d2\u10d0\u10db\u10dd\u10dc\u10d0\u10d9\u10da\u10d8\u10e1\u10d8\u10e1 \u10d2\u10d0\u10db\u10dd\u10d5\u10da\u10d4\u10dc\u10d0 \u10d2\u10d0\u10dc\u10d2\u10d0\u10e8\u10d8\u10e1 \u10d3\u10d0\u10d9\u10d0\u10d5\u10e8\u10d8\u10e0\u10d4\u10d1\u10d0 \u10d0\u10e2\u10d5\u10d8\u10e0\u10d7\u10d5\u10d0 FTP\/-\u10d6\u10d4 NAS\/\u10db\u10d4\u10ee\u10e1\u10d8\u10d4\u10e0\u10d4\u10d1\u10d8\u10e1 \u10d1\u10d0\u10e0\u10d0\u10d7\u10d8, \u10e8\u10d4\u10d0\u10e2\u10e7\u10dd\u10d1\u10d8\u10dc\u10d4\u10d7 \u10e1\u10d0\u10d7\u10d5\u10d0\u10da\u10d7\u10d5\u10d0\u10da\u10dd \u10ea\u10d4\u10dc\u10e2\u10e0\u10e1, \u10d2\u10d0\u10d2\u10d6\u10d0\u10d5\u10dc\u10d4\u10d7 \u10d4\u10da\u10e4\u10dd\u10e1\u10e2\u10d0, \u10e1\u10d8\u10d2\u10dc\u10d0\u10da\u10d8\u10d6\u10d0\u10ea\u10d8\u10d8\u10e1 \u10d2\u10d0\u10db\u10dd\u10db\u10d0\u10d5\u10d0\u10da\u10d8 \u10d2\u10d0\u10db\u10dd\u10db\u10d0\u10d5\u10d0\u10da\u10d8, \u10e2\u10e0\u10d8\u10d2\u10d4\u10e0\u10d8\u10e1 \u10e9\u10d0\u10ec\u10d4\u10e0\u10d0 \u10d3\u10d0 PTZ \u10db\u10dd\u10e5\u10db\u10d4\u10d3\u10d4\u10d1\u10d4\u10d1\u10d8 (\u10e0\u10dd\u10d2\u10dd\u10e0\u10d8\u10ea\u10d0\u10d0 \u10ec\u10d8\u10dc\u10d0\u10e1\u10ec\u10d0\u10e0 \u10d3\u10d0\u10e7\u10d4\u10dc\u10d4\u10d1\u10e3\u10da\u10d8, \u10e1\u10d0\u10de\u10d0\u10e2\u10e0\u10e3\u10da\u10dd \u10e1\u10d9\u10d0\u10dc\u10d8\u10e0\u10d4\u10d1\u10d0, \u10dc\u10d8\u10db\u10e3\u10e8\u10d8\u10e1 \u10e1\u10d9\u10d0\u10dc\u10d8\u10e0\u10d4\u10d1\u10d0)<\/p>\n<p>\u10e6\u10e0\u10db\u10d0 \u10e1\u10ec\u10d0\u10d5\u10da\u10d8\u10e1 \u10e4\u10e3\u10dc\u10e5\u10ea\u10d8\u10d0 Face Capture \u10d0\u10db\u10dd\u10d8\u10ea\u10dc\u10dd\u10d1\u10e1 5-\u10db\u10d3\u10d4 \u10e1\u10d0\u10ee\u10d4\u10e1 \u10d4\u10e0\u10d7\u10d3\u10e0\u10dd\u10e3\u10da\u10d0\u10d3.<\/p>\n<p>\u10db\u10ee\u10d0\u10e0\u10e1 \u10e3\u10ed\u10d4\u10e0\u10e1 \u10d0\u10db\u10dd\u10ea\u10dc\u10dd\u10d1\u10d0\u10e1, \u10d2\u10d0\u10d3\u10d0\u10e6\u10d4\u10d1\u10d0\u10e1, \u10e8\u10d4\u10e4\u10d0\u10e1\u10d4\u10d1\u10d0\u10e1, \u10db\u10dd\u10eb\u10e0\u10d0\u10dd\u10d1\u10d0\u10e8\u10d8 \u10db\u10e7\u10dd\u10e4\u10d8 \u10e1\u10d0\u10ee\u10d8\u10e1 \u10d0\u10e0\u10e9\u10d4\u10d5\u10d0\u10e1 \u10d3\u10d0 \u10e1\u10d0\u10ee\u10d8\u10e1 \u10e1\u10d0\u10e3\u10d9\u10d4\u10d7\u10d4\u10e1\u10dd \u10e1\u10e3\u10e0\u10d0\u10d7\u10d8\u10e1 \u10d2\u10d0\u10db\u10dd\u10e2\u10d0\u10dc\u10d0\u10e1<\/p>\n<p>\u10de\u10d4\u10e0\u10d8\u10db\u10d4\u10e2\u10e0\u10d8\u10e1 \u10d3\u10d0\u10ea\u10d5\u10d8\u10e1 \u10ee\u10d0\u10d6\u10d8\u10e1 \u10d2\u10d0\u10d3\u10d0\u10d9\u10d5\u10d4\u10d7\u10d0, \u10e8\u10d4\u10db\u10dd\u10ed\u10e0\u10d0, \u10e0\u10d4\u10d2\u10d8\u10dd\u10dc\u10d8\u10e1 \u10e8\u10d4\u10e1\u10d0\u10e1\u10d5\u10da\u10d4\u10da\u10d8, \u10e0\u10d4\u10d2\u10d8\u10dd\u10dc\u10d8\u10e1 \u10d2\u10d0\u10e1\u10d0\u10e1\u10d5\u10da\u10d4\u10da\u10d8<\/p>\n<p>\u10d2\u10d0\u10dc\u10d2\u10d0\u10e8\u10d8\u10e1 \u10d0\u10db\u10dd\u10e5\u10db\u10d4\u10d3\u10d4\u10d1\u10d8\u10e1 \u10db\u10ee\u10d0\u10e0\u10d3\u10d0\u10ed\u10d4\u10e0\u10d0 \u10db\u10d8\u10d7\u10d8\u10d7\u10d4\u10d1\u10e3\u10da\u10d8 \u10e1\u10d0\u10db\u10d8\u10d6\u10dc\u10d4 \u10e2\u10d8\u10de\u10d4\u10d1\u10d8\u10d7 (\u10d0\u10d3\u10d0\u10db\u10d8\u10d0\u10dc\u10d8 \u10d3\u10d0 \u10db\u10d0\u10dc\u10e5\u10d0\u10dc\u10d0)<\/p>\n<p>\u10d2\u10d4\u10dc\u10d4\u10e0\u10d0\u10da\u10e3\u10e0\u10d8 \u10d3\u10d4\u10db\u10d8\u10e1\u10e2\u10d8 \u10d3\u10d8\u10d0\u10ee \u10e1\u10d8\u10db\u10eb\u10da\u10d0\u10d5\u10e0\u10d4 12 VDC, \u10db\u10d0\u10e5\u10e1. 18 W, \u10db\u10d0\u10d7 \u10e8\u10dd\u10e0\u10d8\u10e1 \u10db\u10d0\u10e5\u10e1. 1,6 \u10d5\u10e2 \u10d2\u10d0\u10db\u10d0\u10d7\u10d1\u10dd\u10d1\u10d4\u10da\u10d8 \u10d3\u10d0 9 \u10d5\u10e2 IR;<\/p>\n<p>PoE (802.3at)<\/p>\n<p>\u10dd\u10de\u10d4\u10e0\u10d0\u10ea\u10d8\u10e3\u10da\u10d8 \u10db\u10d3\u10d2\u10dd\u10db\u10d0\u10e0\u10d4\u10dd\u10d1\u10d0 -40 \u00b0C-\u10d3\u10d0\u10dc 65 \u00b0C-\u10db\u10d3\u10d4 (-40 \u00b0F-\u10d3\u10d0\u10dc 149 \u00b0F-\u10db\u10d3\u10d4). \u10e2\u10d4\u10dc\u10d8\u10d0\u10dc\u10dd\u10d1\u10d0 90% \u10d0\u10dc<\/p>\n","protected":false},"excerpt":{"rendered":"<p>\u10d9\u10d0\u10db\u10d4\u10e0\u10d8\u10e1 \u10d2\u10d0\u10db\u10dd\u10e1\u10d0\u10ee\u10e3\u10da\u10d4\u10d1\u10d8\u10e1 \u10e1\u10d4\u10dc\u10e1\u10dd\u10e0\u10d8 1\/2.8&#8243; \u10de\u10e0\u10dd\u10d2\u10e0\u10d4\u10e1\u10e3\u10da\u10d8 \u10e1\u10d9\u10d0\u10dc\u10d8\u10e0\u10d4\u10d1\u10d0 CMOS \u10db\u10d8\u10dc. \u10d2\u10d0\u10dc\u10d0\u10d7\u10d4\u10d1\u10d8\u10e1 \u10e4\u10d4\u10e0\u10d8: 0.005 Lux @ (F1.6, AGC ON); B\/W: 0.001Lux @ (F1.6,<\/p>\n","protected":false},"featured_media":34428,"comment_status":"open","ping_status":"closed","template":"","meta":[],"product_brand":[],"product_cat":[825,1502,820],"product_tag":[],"class_list":{"0":"post-34429","1":"product","2":"type-product","3":"status-publish","4":"has-post-thumbnail","6":"product_cat-2mp-ip-cameras","7":"product_cat-ptz-ip-cameras-unv-ip-camera-nvr","8":"product_cat-wall-mounting-cabinets","10":"first","11":"instock","12":"taxable","13":"shipping-taxable","14":"purchasable","15":"product-type-simple"},"_links":{"self":[{"href":"https:\/\/iterra.ge\/en\/wp-json\/wp\/v2\/product\/34429","targetHints":{"allow":["GET"]}}],"collection":[{"href":"https:\/\/iterra.ge\/en\/wp-json\/wp\/v2\/product"}],"about":[{"href":"https:\/\/iterra.ge\/en\/wp-json\/wp\/v2\/types\/product"}],"replies":[{"embeddable":true,"href":"https:\/\/iterra.ge\/en\/wp-json\/wp\/v2\/comments?post=34429"}],"version-history":[{"count":1,"href":"https:\/\/iterra.ge\/en\/wp-json\/wp\/v2\/product\/34429\/revisions"}],"predecessor-version":[{"id":64177,"href":"https:\/\/iterra.ge\/en\/wp-json\/wp\/v2\/product\/34429\/revisions\/64177"}],"wp:featuredmedia":[{"embeddable":true,"href":"https:\/\/iterra.ge\/en\/wp-json\/wp\/v2\/media\/34428"}],"wp:attachment":[{"href":"https:\/\/iterra.ge\/en\/wp-json\/wp\/v2\/media?parent=34429"}],"wp:term":[{"taxonomy":"product_brand","embeddable":true,"href":"https:\/\/iterra.ge\/en\/wp-json\/wp\/v2\/product_brand?post=34429"},{"taxonomy":"product_cat","embeddable":true,"href":"https:\/\/iterra.ge\/en\/wp-json\/wp\/v2\/product_cat?post=34429"},{"taxonomy":"product_tag","embeddable":true,"href":"https:\/\/iterra.ge\/en\/wp-json\/wp\/v2\/product_tag?post=34429"}],"curies":[{"name":"wp","href":"https:\/\/api.w.org\/{rel}","templated":true}]}}