{"id":34601,"date":"2025-06-12T10:38:21","date_gmt":"2025-06-12T06:38:21","guid":{"rendered":"https:\/\/iterra.ge\/product\/%e1%83%a9%e1%83%90%e1%83%9b%e1%83%ac%e1%83%94%e1%83%a0%e1%83%98nvr-hikvision-ds-7108ni-q1-8p-md-1sata8chpoe\/"},"modified":"2026-02-25T00:00:59","modified_gmt":"2026-02-25T00:00:59","slug":"%e1%83%a9%e1%83%90%e1%83%9b%e1%83%ac%e1%83%94%e1%83%a0%e1%83%98nvr-hikvision-ds-7108ni-q1-8p-md-1sata8chpoe","status":"publish","type":"product","link":"https:\/\/iterra.ge\/en\/product\/%e1%83%a9%e1%83%90%e1%83%9b%e1%83%ac%e1%83%94%e1%83%a0%e1%83%98nvr-hikvision-ds-7108ni-q1-8p-md-1sata8chpoe\/","title":{"rendered":"\u10e9\u10d0\u10db\u10ec\u10d4\u10e0\u10d8,NVR Hikvision, DS-7108NI-Q1\/8P\/M(D), 1sata,8ch,Poe,,,,,"},"content":{"rendered":"<p>\u10d5\u10d8\u10d3\u10d4\u10dd \u10d3\u10d0 \u10d0\u10e3\u10d3\u10d8\u10dd<br \/>IP \u10d5\u10d8\u10d3\u10d4\u10dd \u10e8\u10d4\u10e7\u10d5\u10d0\u10dc\u10d0<br \/>8-\u10e9<\/p>\n<p>6 MP-\u10db\u10d3\u10d4 \u10d2\u10d0\u10e0\u10e9\u10d4\u10d5\u10d0\u10d3\u10dd\u10d1\u10d0<\/p>\n<p>\u10e8\u10d4\u10db\u10dd\u10db\u10d0\u10d5\u10d0\u10da\u10d8 \u10d2\u10d0\u10db\u10e2\u10d0\u10e0\u10dd\u10d1\u10d0 60 Mbps<br \/>\u10d2\u10d0\u10db\u10d0\u10d5\u10d0\u10da\u10d8 \u10d2\u10d0\u10db\u10e2\u10d0\u10e0\u10dd\u10d1\u10d0 60 Mbps<br \/>HDMI \u10d2\u10d0\u10db\u10dd\u10db\u10d0\u10d5\u10d0\u10da\u10d8 1-ch, 1920 \u00d7 1080p\/60Hz, 1600 \u00d7 1200\/60Hz, 1280 \u00d7 1024\/60Hz, 1280 \u00d7 720\/60Hz<br \/>VGA \u10d2\u10d0\u10db\u10dd\u10db\u10d0\u10d5\u10d0\u10da\u10d8 1-ch, 1920 \u00d7 1080p\/60Hz, 1600 \u00d7 1200\/60Hz, 1280 \u00d7 1024\/60Hz, 1280 \u00d7 720\/60Hz<br \/>\u10d5\u10d8\u10d3\u10d4\u10dd \u10d2\u10d0\u10db\u10dd\u10db\u10d0\u10d5\u10d0\u10da\u10d8 \u10e0\u10d4\u10df\u10d8\u10db\u10d8 HDMI\/VGA \u10d4\u10e0\u10d7\u10d3\u10e0\u10dd\u10e3\u10da\u10d8 \u10d2\u10d0\u10db\u10dd\u10db\u10d0\u10d5\u10d0\u10da\u10d8<br \/>\u10d3\u10d4\u10d9\u10dd\u10d3\u10d8\u10e0\u10d4\u10d1\u10d0<br \/>\u10d3\u10d4\u10d9\u10dd\u10d3\u10d8\u10e0\u10d4\u10d1\u10d8\u10e1 \u10e4\u10dd\u10e0\u10db\u10d0\u10e2\u10d8H.265+\/H.265\/ H.264+\/H.264<br \/>\u10e9\u10d0\u10ec\u10d4\u10e0\u10d8\u10e1 \u10d2\u10d0\u10e0\u10e9\u10d4\u10d5\u10d0\u10d3\u10dd\u10d1\u10d06 MP\/4 MP\/3 MP\/1080p\/UXGA \/720p\/VGA\/4CIF\/DCIF\/ 2CIF\/CIF\/QCIF<br \/>\u10e1\u10d8\u10dc\u10e5\u10e0\u10dd\u10dc\u10e3\u10da\u10d8 \u10d3\u10d0\u10d9\u10d5\u10e0\u10d0 4-\u10e9<br \/>\u10d3\u10d4\u10d9\u10dd\u10d3\u10d8\u10e0\u10d4\u10d1\u10d8\u10e1 \u10e8\u10d4\u10e1\u10d0\u10eb\u10da\u10d4\u10d1\u10da\u10dd\u10d1\u10d0 4-ch@1080p (30 fps) \u10d0\u10dc 2-ch@4 MP (30 fps) \u10d0\u10dc 1-ch@6 MP (30 fps)<br \/>\u10dc\u10d0\u10d9\u10d0\u10d3\u10d8\u10e1 \u10e2\u10d8\u10de\u10d8 \u10d5\u10d8\u10d3\u10d4\u10dd, \u10d5\u10d8\u10d3\u10d4\u10dd \u10d3\u10d0 \u10d0\u10e3\u10d3\u10d8\u10dd<br \/>\u10e5\u10e1\u10d4\u10da\u10d8<br \/>\u10d3\u10d8\u10e1\u10e2\u10d0\u10dc\u10ea\u10d8\u10e3\u10e0\u10d8 \u10d9\u10d0\u10d5\u10e8\u10d8\u10e0\u10d8 16<br \/>\u10e5\u10e1\u10d4\u10da\u10d8\u10e1 \u10de\u10e0\u10dd\u10e2\u10dd\u10d9\u10dd\u10da\u10d8TCP\/IP, DHCP, Hik-Connect, DNS, DDNS, NTP, SADP, SMTP, UPnP&trade;<br \/>\u10e5\u10e1\u10d4\u10da\u10d8\u10e1 \u10d8\u10dc\u10e2\u10d4\u10e0\u10e4\u10d4\u10d8\u10e1\u10d81, RJ-45 10\/100 Mbps \u10d7\u10d5\u10d8\u10d7\u10d0\u10d3\u10d0\u10de\u10e2\u10d8\u10e0\u10d4\u10d1\u10d0\u10d3\u10d8 Ethernet \u10d8\u10dc\u10e2\u10d4\u10e0\u10e4\u10d4\u10d8\u10e1\u10d8<br \/>PoE<br \/>Interface8, RJ-45 10\/100 Mbps \u10d7\u10d5\u10d8\u10d7\u10d0\u10d3\u10d0\u10de\u10e2\u10d8\u10e0\u10d4\u10d1\u10d0\u10d3\u10d8 Ethernet \u10d8\u10dc\u10e2\u10d4\u10e0\u10e4\u10d4\u10d8\u10e1\u10d8<br \/>\u10e1\u10d8\u10db\u10eb\u10da\u10d0\u10d5\u10e0\u10d4\u2264 75 W<br \/>StandardIEEE 802.3 af\/at<br \/>\u10d3\u10d0\u10db\u10ee\u10db\u10d0\u10e0\u10d4 \u10d8\u10dc\u10e2\u10d4\u10e0\u10e4\u10d4\u10d8\u10e1\u10d8<br \/>SATA1 SATA \u10d8\u10dc\u10e2\u10d4\u10e0\u10e4\u10d4\u10d8\u10e1\u10d8<br \/>\u10e2\u10d4\u10d5\u10d0\u10d3\u10dd\u10d1\u10d0 6 \u10e2\u10d1-\u10db\u10d3\u10d4 \u10e2\u10d4\u10d5\u10d0\u10d3\u10dd\u10d1\u10d0 \u10d7\u10d8\u10d7\u10dd\u10d4\u10e3\u10da\u10d8 \u10d3\u10d8\u10e1\u10d9\u10d8\u10e1\u10d7\u10d5\u10d8\u10e1<br \/>\u10e1\u10d8\u10d2\u10dc\u10d0\u10da\u10d8\u10d6\u10d0\u10ea\u10d8\u10d0 In\/OutN\/A<br \/>USB \u10d8\u10dc\u10e2\u10d4\u10e0\u10e4\u10d4\u10d8\u10e1\u10d8 \u10e3\u10d9\u10d0\u10dc\u10d0 \u10de\u10d0\u10dc\u10d4\u10da\u10d8: 2 \u00d7 USB 2.0<br \/>\u10d2\u10d4\u10dc\u10d4\u10e0\u10d0\u10da\u10d8<br \/>\u10d9\u10d5\u10d4\u10d1\u10d8\u10e1 \u10ec\u10e7\u10d0\u10e0\u10dd 48 VDC, 1.8 \u10d0<br \/>\u10db\u10dd\u10ee\u10db\u10d0\u10e0\u10d4\u10d1\u10d0\u2264 10 \u10d5\u10e2<br \/>\u10e1\u10d0\u10db\u10e3\u10e8\u10d0\u10dd \u10e2\u10d4\u10db\u10de\u10d4\u10e0\u10d0\u10e2\u10e3\u10e0\u10d0 -10-\u10d3\u10d0\u10dc +55\u00baC-\u10db\u10d3\u10d4 (+14-\u10d3\u10d0\u10dc +131\u00baF-\u10db\u10d3\u10d4)<br \/>\u10e1\u10d0\u10db\u10e3\u10e8\u10d0\u10dd \u10e2\u10d4\u10dc\u10d8\u10d0\u10dc\u10dd\u10d1\u10d0 10% \u10d3\u10d0\u10dc 90&gt;#\/span###<br \/>\u10d6\u10dd\u10db\u10d0 (W \u00d7 D \u00d7 H) 265 \u00d7 223 \u00d7 48 \u10db\u10db (10.4&#8243; \u00d7 8.8&#8243; \u00d7 1.9&#8243;)<br \/>\u10ec\u10dd\u10dc\u10d0\u2264 1 \u10d9\u10d2 (2.2 \u10e4\u10e3\u10dc\u10e2\u10d8)<br \/>\u10e1\u10d4\u10e0\u10e2\u10d8\u10e4\u10d8\u10ea\u10d8\u10e0\u10d4\u10d1\u10d0<br \/>CEEN50130-4, EN 61000-3-2, EN 61000-3-3<\/p>\n","protected":false},"excerpt":{"rendered":"<p>\u10d5\u10d8\u10d3\u10d4\u10dd \u10d3\u10d0 \u10d0\u10e3\u10d3\u10d8\u10ddIP \u10d5\u10d8\u10d3\u10d4\u10dd \u10e8\u10d4\u10e7\u10d5\u10d0\u10dc\u10d08-\u10e9 6 MP-\u10db\u10d3\u10d4 \u10d2\u10d0\u10e0\u10e9\u10d4\u10d5\u10d0\u10d3\u10dd\u10d1\u10d0 \u10e8\u10d4\u10db\u10dd\u10db\u10d0\u10d5\u10d0\u10da\u10d8 \u10d2\u10d0\u10db\u10e2\u10d0\u10e0\u10dd\u10d1\u10d0 60 Mbps\u10d2\u10d0\u10db\u10d0\u10d5\u10d0\u10da\u10d8 \u10d2\u10d0\u10db\u10e2\u10d0\u10e0\u10dd\u10d1\u10d0 60 MbpsHDMI \u10d2\u10d0\u10db\u10dd\u10db\u10d0\u10d5\u10d0\u10da\u10d8 1-ch, 1920 \u00d7 1080p\/60Hz,<\/p>\n","protected":false},"featured_media":34599,"comment_status":"open","ping_status":"closed","template":"","meta":[],"product_brand":[],"product_cat":[832,820],"product_tag":[],"class_list":{"0":"post-34601","1":"product","2":"type-product","3":"status-publish","4":"has-post-thumbnail","6":"product_cat-network-video-recorder-nvr","7":"product_cat-wall-mounting-cabinets","9":"first","10":"instock","11":"taxable","12":"shipping-taxable","13":"purchasable","14":"product-type-simple"},"_links":{"self":[{"href":"https:\/\/iterra.ge\/en\/wp-json\/wp\/v2\/product\/34601","targetHints":{"allow":["GET"]}}],"collection":[{"href":"https:\/\/iterra.ge\/en\/wp-json\/wp\/v2\/product"}],"about":[{"href":"https:\/\/iterra.ge\/en\/wp-json\/wp\/v2\/types\/product"}],"replies":[{"embeddable":true,"href":"https:\/\/iterra.ge\/en\/wp-json\/wp\/v2\/comments?post=34601"}],"version-history":[{"count":1,"href":"https:\/\/iterra.ge\/en\/wp-json\/wp\/v2\/product\/34601\/revisions"}],"predecessor-version":[{"id":65672,"href":"https:\/\/iterra.ge\/en\/wp-json\/wp\/v2\/product\/34601\/revisions\/65672"}],"wp:featuredmedia":[{"embeddable":true,"href":"https:\/\/iterra.ge\/en\/wp-json\/wp\/v2\/media\/34599"}],"wp:attachment":[{"href":"https:\/\/iterra.ge\/en\/wp-json\/wp\/v2\/media?parent=34601"}],"wp:term":[{"taxonomy":"product_brand","embeddable":true,"href":"https:\/\/iterra.ge\/en\/wp-json\/wp\/v2\/product_brand?post=34601"},{"taxonomy":"product_cat","embeddable":true,"href":"https:\/\/iterra.ge\/en\/wp-json\/wp\/v2\/product_cat?post=34601"},{"taxonomy":"product_tag","embeddable":true,"href":"https:\/\/iterra.ge\/en\/wp-json\/wp\/v2\/product_tag?post=34601"}],"curies":[{"name":"wp","href":"https:\/\/api.w.org\/{rel}","templated":true}]}}