{"id":34637,"date":"2025-06-12T10:38:58","date_gmt":"2025-06-12T06:38:58","guid":{"rendered":"https:\/\/iterra.ge\/product\/%e1%83%99%e1%83%90%e1%83%9b%e1%83%94%e1%83%a0%e1%83%90-ip-hiwatch-ds-i214wc2mm-2mp-two-way-audio-wifi\/"},"modified":"2026-02-25T00:01:00","modified_gmt":"2026-02-25T00:01:00","slug":"%e1%83%99%e1%83%90%e1%83%9b%e1%83%94%e1%83%a0%e1%83%90-ip-hiwatch-ds-i214wc2mm-2mp-two-way-audio-wifi","status":"publish","type":"product","link":"https:\/\/iterra.ge\/en\/product\/%e1%83%99%e1%83%90%e1%83%9b%e1%83%94%e1%83%a0%e1%83%90-ip-hiwatch-ds-i214wc2mm-2mp-two-way-audio-wifi\/","title":{"rendered":"\u10d9\u10d0\u10db\u10d4\u10e0\u10d0 IP, Hiwatch, DS-I214W(C)(2mm), 2mp two way audio, wifi"},"content":{"rendered":"<p>2 MP \u10e8\u10d8\u10d3\u10d0 IP \u10d9\u10d0\u10db\u10d4\u10e0\u10d0 EXIR \u10d2\u10d0\u10dc\u10d0\u10d7\u10d4\u10d1\u10d8\u10d7 10 \u10db-\u10db\u10d3\u10d4 \u10d3\u10d0 WiFi 1\/2.7&#8242; CMOS \u10db\u10d0\u10e2\u10e0\u10d8\u10ea\u10d8\u10d7; \u10dd\u10d1\u10d8\u10d4\u10e5\u10e2\u10d8\u10d5\u10d8 2.0 \u10db\u10db; \u10ee\u10d4\u10d3\u10d5\u10d8\u10e1 \u10d9\u10e3\u10d7\u10ee\u10d4 132\u00b0; \u10db\u10d4\u10e5\u10d0\u10dc\u10d8\u10d9\u10e3\u10e0\u10d8 IR \u10e4\u10d8\u10da\u10e2\u10e0\u10d8; 0.028 \u10da\u10e3\u10e5\u10e1\u10d8 @F2.0; H.265+\/H.265\/H.264+\/H.264\/MJPEG, DWDR, 3D DNR, HLC, BLC; \u10e9\u10d0\u10e8\u10d4\u10dc\u10d4\u10d1\u10e3\u10da\u10d8 \u10db\u10d8\u10d9\u10e0\u10dd\u10e4\u10dd\u10dc\u10d8\/\u10d3\u10d8\u10dc\u10d0\u10db\u10d8\u10d9\u10d8; PIR \u10e1\u10d4\u10dc\u10e1\u10dd\u10e0\u10d8; \u10e9\u10d0\u10e8\u10d4\u10dc\u10d4\u10d1\u10e3\u10da\u10d8 \u10e1\u10da\u10dd\u10e2\u10d8 microSD \u10d1\u10d0\u10e0\u10d0\u10d7\u10d8\u10e1\u10d7\u10d5\u10d8\u10e1 256 \u10d2\u10d1-\u10db\u10d3\u10d4; G.711\/G.722.1\/G.726\/MP2L2\/PCM, \u10d5\u10d8\u10d3\u10d4\u10dd \u10d1\u10d8\u10e2\u10d8\u10e1 \u10e1\u10d8\u10ee\u10e8\u10d8\u10e0\u10d4 32\u10d9\u10d1\u10d8\u10e2\u10d8\/\u10ec\u10db -8\u10db\u10d1\u10d8\u10e2\u10d8\/\u10ec\u10db; -10\u00b0C .+40\u00b0C; 12V \u00b125%\/PoE (802.3af); \u10db\u10d0\u10e5\u10e1\u10d8\u10db\u10e3\u10db 6.5 W \u10d2\u10d0\u10e0\u10e9\u10d4\u10d5\u10d0\u10d3\u10dd\u10d1\u10d0 2 MP H.265+\/H.265\/MP2L2 EXIR \u10d2\u10d0\u10dc\u10d0\u10d7\u10d4\u10d1\u10d0 10 \u10db-\u10db\u10d3\u10d4 \u10e9\u10d0\u10e8\u10d4\u10dc\u10d4\u10d1\u10e3\u10da\u10d8 \u10db\u10d8\u10d9\u10e0\u10dd\u10e4\u10dd\u10dc\u10d8, \u10d3\u10d8\u10dc\u10d0\u10db\u10d8\u10d9\u10d8, PIR \u10e1\u10d4\u10dc\u10e1\u10dd\u10e0\u10d8 \u10db\u10d4\u10ee\u10e1\u10d8\u10d4\u10e0\u10d4\u10d1\u10d8\u10e1 \u10d1\u10d0\u10e0\u10d0\u10d7\u10d8\u10e1 \u10e1\u10da\u10dd\u10e2\u10d8 256 \u10d2\u10d1-\u10db\u10d3\u10d4 Wi-Fi 2.4 \u10d2\u10f0\u10ea \u10d9\u10d0\u10db\u10d4\u10e0\u10d8\u10e1 \u10db\u10d0\u10e2\u10e0\u10d8\u10ea\u10d0 1\/2.7&#8242; \u10de\u10e0\u10dd\u10d2\u10e0\u10d4\u10e1\u10e3\u10da\u10d8 \u10e1\u10d9\u10d0\u10dc\u10d8\u10e0\u10d4\u10d1\u10d0 CMOS \u10db\u10d0\u10e5\u10e1\u10d8\u10db\u10d0\u10da\u10e3\u10e0\u10d8 \u10d2\u10d0\u10e0\u10e9\u10d4\u10d5\u10d0\u10d3\u10dd\u10d1\u10d0 1920 \u00d7 1080 \u10db\u10d2\u10e0\u10eb\u10dc\u10dd\u10d1\u10d4\u10da\u10dd\u10d1\u10d0 2 \u10db\u10db: \u10e4\u10d4\u10e0\u10d8: 0.01 lx @ (F2.25, AGC \u10e9\u10d0\u10e0\u10d7\u10e3\u10da\u10d8), \u10d1\/\u10ec: 0 lx IR \u10d2\u10d0\u10dc\u10d0\u10d7\u10d4\u10d1\u10d8\u10d7 \u10d4\u10da\u10d4\u10e5\u10e2\u10e0\u10dd\u10dc\u10e3\u10da\u10d8 \u10e9\u10d0\u10db\u10d9\u10d4\u10e2\u10d8\u10e1 \u10e1\u10d8\u10e9\u10e5\u10d0\u10e0\u10d4 1\/3 \u10d3\u10d0\u10dc 1\/100000 \u10ec\u10db \u10d3\u10e6\u10d4\/\u10e6\u10d0\u10db\u10d8\u10e1 \u10e0\u10d4\u10df\u10d8\u10db\u10d8 IR \u10ed\u10e0\u10d8\u10e1 \u10e4\u10d8\u10da\u10e2\u10e0\u10d8\u10e1 \u10d8\u10dc\u10e1\u10e2\u10d0\u10da\u10d0\u10ea\u10d8\u10d0 \u10d9\u10e3\u10d7\u10ee\u10d8\u10e1 \u10e0\u10d4\u10d2\u10e3\u10da\u10d8\u10e0\u10d4\u10d1\u10d0 \u10d1\u10e0\u10e3\u10dc\u10d5\u10d0: 0-\u10d3\u10d0\u10dc 360\u00b0-\u10db\u10d3\u10d4, \u10d3\u10d0\u10ee\u10e0\u10d8\u10da\u10dd\u10d1\u10d8\u10e1: 0-\u10d3\u10d0\u10dc 90\u00b0-\u10db\u10d3\u10d4, \u10e0\u10dd\u10e2\u10d0\u10ea\u10d8\u10d0: 0-\u10d3\u10d0\u10dc 360\u00b0-\u10db\u10d3\u10d4 \u10da\u10d8\u10dc\u10d6\u10d8\u10e1 \u10e2\u10d8\u10de\u10d8 \u10e4\u10d8\u10e5\u10e1\u10d8\u10e0\u10d4\u10d1\u10e3\u10da\u10d8 \u10da\u10d8\u10dc\u10d6\u10d0 2, 2.8 \u10d3\u10d0 4 \u10db\u10db (\u10e1\u10e3\u10e0\u10d5\u10d8\u10da\u10d8\u10e1\u10d0\u10db\u10d4\u10d1\u10e0) \u10e4\u10dd\u10d9\u10e3\u10e1\u10e3\u10e0\u10d8 \u10e1\u10d8\u10d2\u10e0\u10eb\u10d4 \u10d3\u10d0 \u10ee\u10d4\u10d3\u10d5\u10d8\u10e1 \u10d9\u10e3\u10d7\u10ee\u10d4 2 \u10db\u10db, \u10f0\u10dd\u10e0\u10d8\u10d6\u10dd\u10dc\u10e2\u10d0\u10da\u10e3\u10e0\u10d8: 137.2\u00b0, \u10d5\u10d4\u10e0\u10e2\u10d8\u10d9\u10d0\u10da\u10e3\u10e0\u10d8 : 80,1\u00b0, \u10d3\u10d8\u10d0\u10d2\u10dd\u10dc\u10d0\u10da\u10d8: 157,4\u00b0 \u10d3\u10d8\u10d0\u10e4\u10e0\u10d0\u10d2\u10db\u10d8\u10e1 \u10e2\u10d8\u10de\u10d8 \u10e4\u10d8\u10e5\u10e1\u10d8\u10e0\u10d4\u10d1\u10e3\u10da\u10d8 \u10d3\u10d8\u10d0\u10e4\u10e0\u10d0\u10d2\u10db\u10d0 2 \u10db\u10db: F2,25 \u10da\u10d8\u10dc\u10d6\u10d4\u10d1\u10d8\u10e1 \u10e1\u10d0\u10db\u10d0\u10d2\u10e0\u10d8 M12 DORI DORI 2 \u10db\u10db: D: 30,3 \u10db, O: 12,0 \u10db, R: 6,1 \u10db , I: 3,0 \u10db \u10e4\u10dd\u10dc\u10e3\u10e0\u10d8 \u10d2\u10d0\u10dc\u10d0\u10d7\u10d4\u10d1\u10d0 \u10d3\u10d0\u10db\u10d0\u10e2\u10d4\u10d1\u10d8\u10d7\u10d8 \u10d2\u10d0\u10dc\u10d0\u10d7\u10d4\u10d1\u10d0 10 \u10db-\u10db\u10d3\u10d4 \u10d8\u10dc\u10e4\u10e0\u10d0\u10ec\u10d8\u10d7\u10d4\u10da\u10d8 \u10e2\u10d0\u10da\u10e6\u10d4\u10d1\u10d8 850 \u10dc\u10db \u10d3\u10d0\u10db\u10d0\u10e2\u10d4\u10d1\u10d8\u10d7\u10d8 \u10d8\u10dc\u10e2\u10d4\u10da\u10d4\u10e5\u10e2\u10e3\u10d0\u10da\u10e3\u10e0\u10d8 \u10d2\u10d0\u10dc\u10d0\u10d7\u10d4\u10d1\u10d0 \u10d3\u10d8\u10d0\u10ee \u10d5\u10d8\u10d3\u10d4\u10dd \u10de\u10da\u10d4\u10d4\u10e0\u10d8 \u10eb\u10d8\u10e0\u10d8\u10d7\u10d0\u10d3\u10d8 \u10dc\u10d0\u10d9\u10d0\u10d3\u10d8 50 \u10f0\u10ea: 25 \u10d9\u10d0\u10d3\u10e0\u10d8\/\u10ec\u10db (1920 \u00d7 1080, 1280 \u00d7 720) 60 \u10f0\u10ea: 30 \u10d9\u10d0\u10d3\u10e0\u10d8\/\u10ec\u10db (1920 \u00d7 1080 \u00d7 1080 \u00d7 1 \u10ec\u10db) (640 \u00d7 360) 60 Hz: 30 fps (640 \u00d7 360) \u10d5\u10d8\u10d3\u10d4\u10dd \u10e8\u10d4\u10d9\u10e3\u10db\u10e8\u10d5\u10d0 \u10eb\u10d8\u10e0\u10d8\u10d7\u10d0\u10d3\u10d8 \u10dc\u10d0\u10d9\u10d0\u10d3\u10d8.<\/p>\n","protected":false},"excerpt":{"rendered":"<p>2 MP \u10e8\u10d8\u10d3\u10d0 IP \u10d9\u10d0\u10db\u10d4\u10e0\u10d0 EXIR \u10d2\u10d0\u10dc\u10d0\u10d7\u10d4\u10d1\u10d8\u10d7 10 \u10db-\u10db\u10d3\u10d4 \u10d3\u10d0 WiFi 1\/2.7&#8242; CMOS \u10db\u10d0\u10e2\u10e0\u10d8\u10ea\u10d8\u10d7; \u10dd\u10d1\u10d8\u10d4\u10e5\u10e2\u10d8\u10d5\u10d8 2.0 \u10db\u10db; \u10ee\u10d4\u10d3\u10d5\u10d8\u10e1 \u10d9\u10e3\u10d7\u10ee\u10d4 132\u00b0;<\/p>\n","protected":false},"featured_media":34636,"comment_status":"open","ping_status":"closed","template":"","meta":[],"product_brand":[],"product_cat":[825,820],"product_tag":[],"class_list":{"0":"post-34637","1":"product","2":"type-product","3":"status-publish","4":"has-post-thumbnail","6":"product_cat-2mp-ip-cameras","7":"product_cat-wall-mounting-cabinets","9":"first","10":"instock","11":"taxable","12":"shipping-taxable","13":"purchasable","14":"product-type-simple"},"_links":{"self":[{"href":"https:\/\/iterra.ge\/en\/wp-json\/wp\/v2\/product\/34637","targetHints":{"allow":["GET"]}}],"collection":[{"href":"https:\/\/iterra.ge\/en\/wp-json\/wp\/v2\/product"}],"about":[{"href":"https:\/\/iterra.ge\/en\/wp-json\/wp\/v2\/types\/product"}],"replies":[{"embeddable":true,"href":"https:\/\/iterra.ge\/en\/wp-json\/wp\/v2\/comments?post=34637"}],"version-history":[{"count":1,"href":"https:\/\/iterra.ge\/en\/wp-json\/wp\/v2\/product\/34637\/revisions"}],"predecessor-version":[{"id":65662,"href":"https:\/\/iterra.ge\/en\/wp-json\/wp\/v2\/product\/34637\/revisions\/65662"}],"wp:featuredmedia":[{"embeddable":true,"href":"https:\/\/iterra.ge\/en\/wp-json\/wp\/v2\/media\/34636"}],"wp:attachment":[{"href":"https:\/\/iterra.ge\/en\/wp-json\/wp\/v2\/media?parent=34637"}],"wp:term":[{"taxonomy":"product_brand","embeddable":true,"href":"https:\/\/iterra.ge\/en\/wp-json\/wp\/v2\/product_brand?post=34637"},{"taxonomy":"product_cat","embeddable":true,"href":"https:\/\/iterra.ge\/en\/wp-json\/wp\/v2\/product_cat?post=34637"},{"taxonomy":"product_tag","embeddable":true,"href":"https:\/\/iterra.ge\/en\/wp-json\/wp\/v2\/product_tag?post=34637"}],"curies":[{"name":"wp","href":"https:\/\/api.w.org\/{rel}","templated":true}]}}