{"id":34652,"date":"2025-06-12T10:39:11","date_gmt":"2025-06-12T06:39:11","guid":{"rendered":"https:\/\/iterra.ge\/product\/%e1%83%9d%e1%83%a0%e1%83%98-%e1%83%99%e1%83%90%e1%83%a0%e1%83%98%e1%83%a1-%e1%83%99%e1%83%9d%e1%83%9c%e1%83%a2%e1%83%a0%e1%83%9d%e1%83%9a%e1%83%94%e1%83%a0%e1%83%98-ds-k2602tmain-board\/"},"modified":"2026-02-25T00:01:00","modified_gmt":"2026-02-25T00:01:00","slug":"%e1%83%9d%e1%83%a0%e1%83%98-%e1%83%99%e1%83%90%e1%83%a0%e1%83%98%e1%83%a1-%e1%83%99%e1%83%9d%e1%83%9c%e1%83%a2%e1%83%a0%e1%83%9d%e1%83%9a%e1%83%94%e1%83%a0%e1%83%98-ds-k2602tmain-board","status":"publish","type":"product","link":"https:\/\/iterra.ge\/en\/product\/%e1%83%9d%e1%83%a0%e1%83%98-%e1%83%99%e1%83%90%e1%83%a0%e1%83%98%e1%83%a1-%e1%83%99%e1%83%9d%e1%83%9c%e1%83%a2%e1%83%a0%e1%83%9d%e1%83%9a%e1%83%94%e1%83%a0%e1%83%98-ds-k2602tmain-board\/","title":{"rendered":"\u10dd\u10e0\u10d8 \u10d9\u10d0\u10e0\u10d8\u10e1 \u10d9\u10dd\u10dc\u10e2\u10e0\u10dd\u10da\u10d4\u10e0\u10d8 DS-K2602T(main board)"},"content":{"rendered":"<ul>\n<li><b>Interface<\/b><\/li>\n<li><span class=\"tech-specs-items-description__title\">Network interface<\/span><span class=\"tech-specs-items-description__title-details\">TCP\/IP<\/span><\/li>\n<li><span class=\"tech-specs-items-description__title\">Lock control<\/span><span class=\"tech-specs-items-description__title-details\">2<\/span><\/li>\n<li><span class=\"tech-specs-items-description__title\">Exit button<\/span><span class=\"tech-specs-items-description__title-details\">2<\/span><\/li>\n<li><span class=\"tech-specs-items-description__title\">Door contact input<\/span><span class=\"tech-specs-items-description__title-details\">2<\/span><\/li>\n<li><span class=\"tech-specs-items-description__title\">Alarm input<\/span><span class=\"tech-specs-items-description__title-details\">4<\/span><\/li>\n<li><span class=\"tech-specs-items-description__title\">Alarm output<\/span><span class=\"tech-specs-items-description__title-details\">4<\/span><\/li>\n<li><span class=\"tech-specs-items-description__title\">RS-485<\/span><span class=\"tech-specs-items-description__title-details\">4<\/span><\/li>\n<li><span class=\"tech-specs-items-description__title\">Wiegand<\/span><span class=\"tech-specs-items-description__title-details\">4<\/span><\/li>\n<\/ul>\n<ul>\n<li><b>Capacity<\/b><\/li>\n<li><span class=\"tech-specs-items-description__title\">Card capacity<\/span><span class=\"tech-specs-items-description__title-details\">100,000<\/span><\/li>\n<li><span class=\"tech-specs-items-description__title\">Event capacity<\/span><span class=\"tech-specs-items-description__title-details\">300,000<\/span><\/li>\n<\/ul>\n<ul>\n<li><b>General<\/b><\/li>\n<li><span class=\"tech-specs-items-description__title\">Power supply<\/span><span class=\"tech-specs-items-description__title-details\">12 VDC<\/span><\/li>\n<li><span class=\"tech-specs-items-description__title\">Working temperature<\/span><span class=\"tech-specs-items-description__title-details\">-20 \u00b0C to 65 \u00b0C (-4 \u00b0F to 149 \u00b0F)<\/span><\/li>\n<li><span class=\"tech-specs-items-description__title\">Power consumption<\/span><span class=\"tech-specs-items-description__title-details\">\n<p>With load: \u2264 100 w<\/p>\n<p>Without load: \u2264 4 w<\/p>\n<p><\/span><\/li>\n<li><span class=\"tech-specs-items-description__title\">Working humidity<\/span><span class=\"tech-specs-items-description__title-details\">10% to 90% (no condensing)<\/span><\/li>\n<li><span class=\"tech-specs-items-description__title\">Dimensions<\/span><span class=\"tech-specs-items-description__title-details\">236 mm \u00d7 185 mm \u00d7 37 mm (9.3&#8243; \u00d7 7.3&#8243; \u00d7 1.5&#8243;)<\/span><\/li>\n<\/ul>\n","protected":false},"excerpt":{"rendered":"<p>Interface Network interfaceTCP\/IP Lock control2 Exit button2 Door contact input2 Alarm input4 Alarm output4 RS-4854 Wiegand4 Capacity Card capacity100,000 Event<\/p>\n","protected":false},"featured_media":34651,"comment_status":"open","ping_status":"closed","template":"","meta":[],"product_brand":[],"product_cat":[1613,820],"product_tag":[],"class_list":{"0":"post-34652","1":"product","2":"type-product","3":"status-publish","4":"has-post-thumbnail","6":"product_cat-fire-wireless-alarm-system","7":"product_cat-wall-mounting-cabinets","9":"first","10":"instock","11":"taxable","12":"shipping-taxable","13":"purchasable","14":"product-type-simple"},"_links":{"self":[{"href":"https:\/\/iterra.ge\/en\/wp-json\/wp\/v2\/product\/34652","targetHints":{"allow":["GET"]}}],"collection":[{"href":"https:\/\/iterra.ge\/en\/wp-json\/wp\/v2\/product"}],"about":[{"href":"https:\/\/iterra.ge\/en\/wp-json\/wp\/v2\/types\/product"}],"replies":[{"embeddable":true,"href":"https:\/\/iterra.ge\/en\/wp-json\/wp\/v2\/comments?post=34652"}],"version-history":[{"count":1,"href":"https:\/\/iterra.ge\/en\/wp-json\/wp\/v2\/product\/34652\/revisions"}],"predecessor-version":[{"id":65660,"href":"https:\/\/iterra.ge\/en\/wp-json\/wp\/v2\/product\/34652\/revisions\/65660"}],"wp:featuredmedia":[{"embeddable":true,"href":"https:\/\/iterra.ge\/en\/wp-json\/wp\/v2\/media\/34651"}],"wp:attachment":[{"href":"https:\/\/iterra.ge\/en\/wp-json\/wp\/v2\/media?parent=34652"}],"wp:term":[{"taxonomy":"product_brand","embeddable":true,"href":"https:\/\/iterra.ge\/en\/wp-json\/wp\/v2\/product_brand?post=34652"},{"taxonomy":"product_cat","embeddable":true,"href":"https:\/\/iterra.ge\/en\/wp-json\/wp\/v2\/product_cat?post=34652"},{"taxonomy":"product_tag","embeddable":true,"href":"https:\/\/iterra.ge\/en\/wp-json\/wp\/v2\/product_tag?post=34652"}],"curies":[{"name":"wp","href":"https:\/\/api.w.org\/{rel}","templated":true}]}}