{"id":34739,"date":"2025-06-12T10:41:09","date_gmt":"2025-06-12T06:41:09","guid":{"rendered":"https:\/\/iterra.ge\/product\/%e1%83%99%e1%83%90%e1%83%9b%e1%83%94%e1%83%a0%e1%83%90hiwatch-ds-i425b-25xopt-zoomip4mpptzm-vfir100m\/"},"modified":"2026-02-25T00:01:01","modified_gmt":"2026-02-25T00:01:01","slug":"%e1%83%99%e1%83%90%e1%83%9b%e1%83%94%e1%83%a0%e1%83%90hiwatch-ds-i425b-25xopt-zoomip4mpptzm-vfir100m","status":"publish","type":"product","link":"https:\/\/iterra.ge\/en\/product\/%e1%83%99%e1%83%90%e1%83%9b%e1%83%94%e1%83%a0%e1%83%90hiwatch-ds-i425b-25xopt-zoomip4mpptzm-vfir100m\/","title":{"rendered":"\u10d9\u10d0\u10db\u10d4\u10e0\u10d0,Hiwatch, DS-I425(B), 25Xopt.zoom,IP,4mp,PTZ,M.VF,IR100m,,,"},"content":{"rendered":"<p>\u10d2\u10d4\u10dc\u10d4\u10e0\u10d0\u10da\u10d8<br \/>\u10db\u10ec\u10d0\u10e0\u10db\u10dd\u10d4\u10d1\u10d4\u10da\u10d8 HiWatch \u10e1\u10ee\u10d5\u10d0 \u10de\u10e0\u10dd\u10d3\u10e3\u10e5\u10e2\u10d4\u10d1\u10d8<br \/>\u10db\u10dd\u10d3\u10d4\u10da\u10d8 DS-I425(B)<br \/>IP \u10e2\u10d8\u10de\u10d8 \u10e1\u10ee\u10d5\u10d0 \u10de\u10e0\u10dd\u10d3\u10e3\u10e5\u10e2\u10d4\u10d1\u10d8<br \/>\u10d2\u10e3\u10db\u10d1\u10d0\u10d7\u10dd\u10d5\u10d0\u10dc\u10d8 \u10e8\u10d4\u10dc\u10dd\u10d1\u10d0<br \/>\u10d3\u10d0\u10dc\u10d8\u10e8\u10dc\u10e3\u10da\u10d4\u10d1\u10d0 \u10d2\u10d0\u10e0\u10d4 \u10e1\u10ee\u10d5\u10d0 \u10de\u10e0\u10dd\u10d3\u10e3\u10e5\u10e2\u10d4\u10d1\u10d8<br \/>\u10e4\u10e3\u10dc\u10e5\u10ea\u10d8\u10d4\u10d1\u10d8 WDR 120dB, 3D DNR; HLC; EIS; \u10dc\u10d8\u10e1\u10da\u10d8\u10e1 \u10e1\u10d0\u10ec\u10d8\u10dc\u10d0\u10d0\u10e6\u10db\u10d3\u10d4\u10d2\u10dd; BLC<br \/>MD2.0-\u10d8\u10d7 \u10db\u10dd\u10eb\u10e0\u10d0\u10dd\u10d1\u10d8\u10e1, \u10d0\u10e0\u10d4\u10d0\u10da\u10d8\u10e1 \u10e8\u10d4\u10ed\u10e0\u10d8\u10e1\u10d0 \u10d3\u10d0 \u10ee\u10d0\u10d6\u10d8\u10e1 \u10d2\u10d0\u10d3\u10d0\u10d9\u10d5\u10d4\u10d7\u10d8\u10e1 \u10d5\u10d8\u10d3\u10d4\u10dd \u10d0\u10dc\u10d0\u10da\u10d8\u10e2\u10d8\u10d9\u10e3\u10e0\u10d8 \u10d2\u10d0\u10db\u10dd\u10d5\u10da\u10d4\u10dc\u10d0; \u10e1\u10d0\u10ee\u10d8\u10e1 \u10d2\u10d0\u10db\u10dd\u10e1\u10d0\u10ee\u10e3\u10da\u10d4\u10d1\u10d8\u10e1 \u10d2\u10d0\u10d3\u10d0\u10e6\u10d4\u10d1\u10d0, \u10d0\u10e3\u10d3\u10d8\u10dd \u10d3\u10d4\u10e2\u10d4\u10e5\u10e2\u10dd\u10e0\u10d8<br \/>\u10d9\u10d0\u10db\u10d4\u10e0\u10d0<br \/>\u10db\u10d0\u10e5\u10e1. \u10d2\u10d0\u10e0\u10e9\u10d4\u10d5\u10d0\u10d3\u10dd\u10d1\u10d0 4MP \u10e1\u10ee\u10d5\u10d0 \u10de\u10e0\u10dd\u10d3\u10e3\u10e5\u10e2\u10d4\u10d1\u10d8<br \/>\u10e1\u10d4\u10dc\u10e1\u10dd\u10e0\u10d8 1\/2.8&#8221; \u10de\u10e0\u10dd\u10d2\u10e0\u10d4\u10e1\u10e3\u10da\u10d8 \u10e1\u10d9\u10d0\u10dc\u10d8\u10e0\u10d4\u10d1\u10d0 CMOS<br \/>\u10da\u10d8\u10dc\u10d6\u10d8\u10e1 \u10e2\u10d8\u10de\u10d8 Varifocal<br \/>\u10dd\u10d1\u10d8\u10d4\u10e5\u10e2\u10d8\u10d5\u10d8 4.8-\u10d3\u10d0\u10dc 120-\u10db\u10d3\u10d4<br \/>\u10dd\u10de\u10e2\u10d8\u10d9\u10e3\u10e0\u10d8 \u10d6\u10e3\u10db\u10d8 25x \u10e1\u10ee\u10d5\u10d0 \u10de\u10e0\u10dd\u10d3\u10e3\u10e5\u10e2\u10d4\u10d1\u10d8<br \/>\u10ee\u10d4\u10d3\u10d5\u10d8\u10e1 \u10d9\u10e3\u10d7\u10ee\u10d4 \u10f0\u10dd\u10e0\u10d8\u10d6\u10dd\u10dc\u10e2\u10d0\u10da\u10e3\u10e0\u10d8: 55-\u10d3\u10d0\u10dc 2,4\u00b0-\u10db\u10d3\u10d4 (\u10e4\u10d0\u10e0\u10d7\u10dd \u10e2\u10d4\u10da\u10d4\u10d5\u10d8\u10d6\u10d8\u10d0), \u10d5\u10d4\u10e0\u10e2\u10d8\u10d9\u10d0\u10da\u10e3\u10e0\u10d8: 33-\u10d3\u10d0\u10dc 1,4\u00b0-\u10db\u10d3\u10d4 (\u10e4\u10d0\u10e0\u10d7\u10dd \u10e2\u10d4\u10da\u10d4\u10d5\u10d8\u10d6\u10d8\u10d0), \u10d3\u10d8\u10d0\u10d2\u10dd\u10dc\u10d0\u10da\u10d8: 61,5-\u10d3\u10d0\u10dc 2,8\u00b0-\u10db\u10d3\u10d4 (\u10e4\u10d0\u10e0\u10d7\u10dd \u10e2\u10d4\u10da\u10d4\u10d5\u10d8\u10d6\u10d8\u10d0)<br \/>\u10db\u10d2\u10e0\u10eb\u10dc\u10dd\u10d1\u10d4\u10da\u10dd\u10d1\u10d0 \u10e4\u10d4\u10e0\u10d8: 0.005lux@(F1.6, AGC \u10e9\u10d0\u10e0\u10d7\u10e3\u10da\u10d8), B\/W: 0.001lux@(F1.6,AGC \u10e9\u10d0\u10e0\u10d7\u10e3\u10da\u10d8), 0lux IR<br \/>IR \u10e4\u10d8\u10da\u10e2\u10e0\u10d8 \u10db\u10d4\u10e5\u10d0\u10dc\u10d8\u10d9\u10e3\u10e0\u10d8<br \/>EXIR \u10d2\u10d0\u10dc\u10d0\u10d7\u10d4\u10d1\u10d0<br \/>\u10d2\u10d0\u10dc\u10d0\u10d7\u10d4\u10d1\u10d8\u10e1 \u10d3\u10d8\u10d0\u10de\u10d0\u10d6\u10dd\u10dc\u10d8 100 \u10db-\u10db\u10d3\u10d4 \u10e1\u10ee\u10d5\u10d0 \u10de\u10e0\u10dd\u10d3\u10e3\u10e5\u10e2\u10d4\u10d1\u10d8<br \/>\u10de\u10d0\u10dc \u10d3\u10d0 \u10d3\u10d0\u10ee\u10e0\u10d8\u10da\u10d8<br \/>\u10d1\u10e0\u10e3\u10dc\u10d5\u10d8\u10e1 \u10d3\u10d8\u10d0\u10de\u10d0\u10d6\u10dd\u10dc\u10d8 360\u00b0<br \/>\u10d1\u10e0\u10e3\u10dc\u10d5\u10d8\u10e1 \u10e1\u10d8\u10e9\u10e5\u10d0\u10e0\u10d8\u10e1 \u10e0\u10d4\u10d2\u10e3\u10da\u10d8\u10e0\u10d4\u10d1\u10d0, 0,1-\u10d3\u10d0\u10dc 80 \u00b0\/\u10ec\u10db-\u10db\u10d3\u10d4; \u10ec\u10d8\u10dc\u10d0\u10e1\u10ec\u10d0\u10e0 \u10d3\u10d0\u10e7\u10d4\u10dc\u10d4\u10d1\u10e3\u10da\u10d8: 80 \u00b0\/\u10ec\u10db<br \/>\u10d3\u10d0\u10ee\u10e0\u10d8\u10e1 \u10d3\u10d8\u10d0\u10de\u10d0\u10d6\u10dd\u10dc\u10d8 -15-\u10d3\u10d0\u10dc +90\u00b0-\u10db\u10d3\u10d4 (\u10d0\u10d5\u10e2\u10dd\u10db\u10d0\u10e2\u10e3\u10e0\u10d8 \u10e0\u10dd\u10e2\u10d0\u10ea\u10d8\u10d0)<br \/>\u10d3\u10d0\u10ee\u10e0\u10d8\u10e1 \u10e1\u10d8\u10e9\u10e5\u10d0\u10e0\u10d8\u10e1 \u10e0\u10d4\u10d2\u10e3\u10da\u10d8\u10e0\u10d4\u10d1\u10d0, 0,1-\u10d3\u10d0\u10dc 80 \u00b0\/\u10ec\u10db-\u10db\u10d3\u10d4; \u10ec\u10d8\u10dc\u10d0\u10e1\u10ec\u10d0\u10e0 \u10d3\u10d0\u10e7\u10d4\u10dc\u10d4\u10d1\u10e3\u10da\u10d8: 80 \u00b0\/\u10ec\u10db<br \/>\u10e9\u10d0\u10dc\u10d0\u10ec\u10d4\u10e0\u10d8<br \/>\u10d2\u10d0\u10e0\u10e9\u10d4\u10d5\u10d0\u10d3\u10dd\u10d1\u10d0 2560\u00d71440<br \/>\u10eb\u10d0\u10e4\u10d4\u10d1\u10d8\u10e1 \u10e0\u10d0\u10dd\u10d3\u10d4\u10dc\u10dd\u10d1\u10d0 3<br \/>\u10eb\u10d8\u10e0\u10d8\u10d7\u10d0\u10d3\u10d8 \u10dc\u10d0\u10d9\u10d0\u10d3\u10d8 50 Hz: 25 fps (2560 \u00d7 1440, 1920 \u00d7 1080, 1280 \u00d7 960, 1280 \u00d7 720) 60 Hz: 30 fps (2560 \u00d7 1440, 1860 \u00d7 1800 \u00d7 1920). 0)<br \/>\u10d3\u10d0\u10db\u10d0\u10e2\u10d4\u10d1\u10d8\u10d7\u10d8 \u10dc\u10d0\u10d9\u10d0\u10d3\u10d8 50 Hz: 25 fps (704 \u00d7 576, 640 \u00d7 480, 352 \u00d7 288) 60 Hz: 30 fps (704 \u00d7 480, 640 \u00d7 480, 352 \u00d7 240)<br \/>\u10d9\u10d0\u10d3\u10e0\u10d4\u10d1\u10d8\u10e1 \u10e1\u10d8\u10ee\u10e8\u10d8\u10e0\u10d4 25 fps<br \/>\u10e8\u10d4\u10d9\u10e3\u10db\u10e8\u10d5\u10d0<br \/>\u10d5\u10d8\u10d3\u10d4\u10dd \u10e8\u10d4\u10d9\u10e3\u10db\u10e8\u10d5\u10d0 H.264 \/ H.264+ \/ H.265 \/ H.265+ \/ MJPEG<br \/>\u10d5\u10d8\u10d3\u10d4\u10dd \u10d1\u10d8\u10e2\u10d8\u10e1 \u10e1\u10d8\u10ee\u10e8\u10d8\u10e0\u10d4 32-\u10d3\u10d0\u10dc 16384 Kbps-\u10db\u10d3\u10d4<br \/>\u10d0\u10e3\u10d3\u10d8\u10dd \u10e8\u10d4\u10d9\u10e3\u10db\u10e8\u10d5\u10d0 G.711alaw, G.711ulaw, G.722.1, G.726, MP2L2, PCM<br \/>\u10d0\u10e3\u10d3\u10d8\u10dd \u10e1\u10d8\u10ee\u10e8\u10d8\u10e0\u10d4 MP2L2: 32 fps, 40 fps, 48 fps, 56 fps, 64 fps, 80 fps, 96 fps, 112 fps, 128 fps, 144 fps, 160 fps, 192 fps<br \/>\u10d0\u10e3\u10d3\u10d8\u10dd<br \/>\u10d0\u10e3\u10d3\u10d8\u10dd \u10e8\u10d4\u10e7\u10d5\u10d0\u10dc\u10d0 1 \u10d0\u10e3\u10d3\u10d8\u10dd \u10e8\u10d4\u10e7\u10d5\u10d0\u10dc\u10d0, 2.0-\u10d3\u10d0\u10dc 2.4 V-\u10db\u10d3\u10d4 [p-p], 1 kOhm \u00b1 10%<br \/>\u10d0\u10e3\u10d3\u10d8\u10dd \u10d2\u10d0\u10db\u10dd\u10db\u10d0\u10d5\u10d0\u10da\u10d8 1 \u10d0\u10e3\u10d3\u10d8\u10dd \u10d2\u10d0\u10db\u10dd\u10db\u10d0\u10d5\u10d0\u10da\u10d8 \u10ee\u10d0\u10d6\u10d8\u10e1 \u10d3\u10dd\u10dc\u10d4, \u10ec\u10d8\u10dc\u10d0\u10e6\u10dd\u10d1\u10d0: 600 Ohm<br \/>\u10d0\u10e3\u10d3\u10d8\u10dd \u10e8\u10d4\u10db\u10dd\u10e1\u10d5\u10da\u10d0\/\u10d2\u10d0\u10db\u10dd\u10e1\u10d5\u10da\u10d0 1\/1<br \/>\u10d8\u10dc\u10e2\u10d4\u10e0\u10e4\u10d4\u10d8\u10e1\u10d8<br \/>\u10e1\u10d8\u10d2\u10dc\u10d0\u10da\u10d8\u10d6\u10d0\u10ea\u10d8\u10d8\u10e1 \u10d8\u10dc\u10e2\u10d4\u10e0\u10e4\u10d4\u10d8\u10e1\u10d8 1\/1<br \/>\u10ec\u10db\u10d8\u10dc\u10d3\u10d0<br \/>\u10e5\u10e1\u10d4\u10da\u10d8\u10e1 \u10d8\u10dc\u10e2\u10d4\u10e0\u10e4\u10d4\u10d8\u10e1\u10d8 RJ45, 10M\/100M Ethernet<br \/>\u10db\u10d4\u10ee\u10e1\u10d8\u10d4\u10e0\u10d4\u10d1\u10d0<br \/>\u10db\u10d4\u10ee\u10e1\u10d8\u10d4\u10e0\u10d4\u10d1\u10d8\u10e1 \u10d1\u10d0\u10e0\u10d0\u10d7\u10d8\u10e1 \u10e2\u10d8\u10de\u10d8 microSD \u10e1\u10ee\u10d5\u10d0 \u10de\u10e0\u10dd\u10d3\u10e3\u10e5\u10e2\u10d4\u10d1\u10d8<br \/>\u10db\u10d4\u10ee\u10e1\u10d8\u10d4\u10e0\u10d4\u10d1\u10d8\u10e1 \u10d1\u10d0\u10e0\u10d0\u10d7\u10d8\u10e1 \u10e2\u10d4\u10d5\u10d0\u10d3\u10dd\u10d1\u10d0 256 \u10d2\u10d1-\u10db\u10d3\u10d4<br \/>\u10e1\u10d0\u10e4\u10e3\u10eb\u10d5\u10da\u10d4\u10d1\u10d8<br \/>\u10d9\u10d5\u10d4\u10d1\u10d8\u10e1 \u10d1\u10da\u10dd\u10d9\u10d8 DC 12 V, PoE: (802.3 at)<br \/>\u10d3\u10d0\u10ea\u10d5\u10d8\u10e1 \u10d9\u10da\u10d0\u10e1\u10d8 IP66<br \/>\u10d3\u10d0\u10db\u10d0\u10e2\u10d4\u10d1\u10d0. \u10d3\u10d0\u10ea\u10d5\u10d0 4000 V \u10d3\u10d0\u10ea\u10d5\u10d0 \u10d8\u10db\u10de\u10e3\u10da\u10e1\u10e3\u10e0\u10d8 \u10d3\u10d0 \u10d2\u10d0\u10e0\u10d3\u10d0\u10db\u10d0\u10d5\u10d0\u10da\u10d8 \u10d2\u10d0\u10d3\u10d0\u10eb\u10d0\u10d1\u10d5\u10d8\u10e1\u10d2\u10d0\u10dc<br \/>\u10d4\u10dc\u10d4\u10e0\u10d2\u10d8\u10d8\u10e1 \u10db\u10dd\u10ee\u10db\u10d0\u10e0\u10d4\u10d1\u10d0 \u10db\u10d0\u10e5\u10e1. 24 W \u10e9\u10d0\u10d7\u10d5\u10da\u10d8\u10d7. \u10db\u10d0\u10e5\u10e1. 9 W \u10d3\u10d0\u10db\u10d0\u10e2\u10d4\u10d1\u10d8\u10d7\u10d8 \u10d2\u10d0\u10dc\u10d0\u10d7\u10d4\u10d1\u10d8\u10e1\u10d7\u10d5\u10d8\u10e1<br \/>\u10dd\u10de\u10d4\u10e0\u10d0\u10ea\u10d8\u10e3\u10da\u10d8 \u10de\u10d8\u10e0\u10dd\u10d1\u10d4\u10d1\u10d8 -40-\u10d3\u10d0\u10dc +65 \u00b0C-\u10db\u10d3\u10d4<br \/>\u10db\u10d0\u10e1\u10d0\u10da\u10d0 \u10d0\u10da\u10e3\u10db\u10d8\u10dc\u10d8\u10e1 \u10e8\u10d4\u10dc\u10d0\u10d3\u10dc\u10dd\u10d1\u10d8\u10e1 ADC 12, PC, PC + 10% GF<br \/>\u10d6\u10dd\u10db\u10d0 \u03a6 164.5\u00d7290 \u10db\u10db<br \/>\u10ec\u10dd\u10dc\u10d0 \u10d3\u10d0\u10d0\u10ee\u10da. 2 \u10d9\u10d2<\/p>\n","protected":false},"excerpt":{"rendered":"<p>\u10d2\u10d4\u10dc\u10d4\u10e0\u10d0\u10da\u10d8\u10db\u10ec\u10d0\u10e0\u10db\u10dd\u10d4\u10d1\u10d4\u10da\u10d8 HiWatch \u10e1\u10ee\u10d5\u10d0 \u10de\u10e0\u10dd\u10d3\u10e3\u10e5\u10e2\u10d4\u10d1\u10d8\u10db\u10dd\u10d3\u10d4\u10da\u10d8 DS-I425(B)IP \u10e2\u10d8\u10de\u10d8 \u10e1\u10ee\u10d5\u10d0 \u10de\u10e0\u10dd\u10d3\u10e3\u10e5\u10e2\u10d4\u10d1\u10d8\u10d2\u10e3\u10db\u10d1\u10d0\u10d7\u10dd\u10d5\u10d0\u10dc\u10d8 \u10e8\u10d4\u10dc\u10dd\u10d1\u10d0\u10d3\u10d0\u10dc\u10d8\u10e8\u10dc\u10e3\u10da\u10d4\u10d1\u10d0 \u10d2\u10d0\u10e0\u10d4 \u10e1\u10ee\u10d5\u10d0 \u10de\u10e0\u10dd\u10d3\u10e3\u10e5\u10e2\u10d4\u10d1\u10d8\u10e4\u10e3\u10dc\u10e5\u10ea\u10d8\u10d4\u10d1\u10d8 WDR 120dB, 3D DNR; HLC; EIS; \u10dc\u10d8\u10e1\u10da\u10d8\u10e1 \u10e1\u10d0\u10ec\u10d8\u10dc\u10d0\u10d0\u10e6\u10db\u10d3\u10d4\u10d2\u10dd;<\/p>\n","protected":false},"featured_media":34738,"comment_status":"open","ping_status":"closed","template":"","meta":[],"product_brand":[],"product_cat":[1502,820],"product_tag":[],"class_list":{"0":"post-34739","1":"product","2":"type-product","3":"status-publish","4":"has-post-thumbnail","6":"product_cat-ptz-ip-cameras-unv-ip-camera-nvr","7":"product_cat-wall-mounting-cabinets","9":"first","10":"instock","11":"taxable","12":"shipping-taxable","13":"purchasable","14":"product-type-simple"},"_links":{"self":[{"href":"https:\/\/iterra.ge\/en\/wp-json\/wp\/v2\/product\/34739","targetHints":{"allow":["GET"]}}],"collection":[{"href":"https:\/\/iterra.ge\/en\/wp-json\/wp\/v2\/product"}],"about":[{"href":"https:\/\/iterra.ge\/en\/wp-json\/wp\/v2\/types\/product"}],"replies":[{"embeddable":true,"href":"https:\/\/iterra.ge\/en\/wp-json\/wp\/v2\/comments?post=34739"}],"version-history":[{"count":1,"href":"https:\/\/iterra.ge\/en\/wp-json\/wp\/v2\/product\/34739\/revisions"}],"predecessor-version":[{"id":64174,"href":"https:\/\/iterra.ge\/en\/wp-json\/wp\/v2\/product\/34739\/revisions\/64174"}],"wp:featuredmedia":[{"embeddable":true,"href":"https:\/\/iterra.ge\/en\/wp-json\/wp\/v2\/media\/34738"}],"wp:attachment":[{"href":"https:\/\/iterra.ge\/en\/wp-json\/wp\/v2\/media?parent=34739"}],"wp:term":[{"taxonomy":"product_brand","embeddable":true,"href":"https:\/\/iterra.ge\/en\/wp-json\/wp\/v2\/product_brand?post=34739"},{"taxonomy":"product_cat","embeddable":true,"href":"https:\/\/iterra.ge\/en\/wp-json\/wp\/v2\/product_cat?post=34739"},{"taxonomy":"product_tag","embeddable":true,"href":"https:\/\/iterra.ge\/en\/wp-json\/wp\/v2\/product_tag?post=34739"}],"curies":[{"name":"wp","href":"https:\/\/api.w.org\/{rel}","templated":true}]}}