{"id":34780,"date":"2025-06-12T06:41:43","date_gmt":"2025-06-12T06:41:43","guid":{"rendered":"https:\/\/iterra.ge\/product\/%e1%83%99%e1%83%90%e1%83%9b%e1%83%94%e1%83%a0%e1%83%90hikvisionds-2cd1067g2-l2-8mm-ip6mpbulletcolorvu\/"},"modified":"2026-02-25T00:01:02","modified_gmt":"2026-02-25T00:01:02","slug":"%e1%83%99%e1%83%90%e1%83%9b%e1%83%94%e1%83%a0%e1%83%90hikvisionds-2cd1067g2-l2-8mm-ip6mpbulletcolorvu","status":"publish","type":"product","link":"https:\/\/iterra.ge\/en\/product\/%e1%83%99%e1%83%90%e1%83%9b%e1%83%94%e1%83%a0%e1%83%90hikvisionds-2cd1067g2-l2-8mm-ip6mpbulletcolorvu\/","title":{"rendered":"\u10d9\u10d0\u10db\u10d4\u10e0\u10d0,Hikvision,DS-2CD1067G2-L(2.8mm), IP,6mp,Bullet,ColorVu"},"content":{"rendered":"<h3>\u10d9\u10d0\u10db\u10d4\u10e0\u10d0<\/h3>\n<ul>\n<li><b>\u10d2\u10d0\u10db\u10dd\u10e1\u10d0\u10ee\u10e3\u10da\u10d4\u10d1\u10d8\u10e1 \u10e1\u10d4\u10dc\u10e1\u10dd\u10e0\u10d8<\/b>: 1\/2.4&#8243; \u10de\u10e0\u10dd\u10d2\u10e0\u10d4\u10e1\u10e3\u10da\u10d8 \u10e1\u10d9\u10d0\u10dc\u10d8\u10e0\u10d4\u10d1\u10d8\u10e1 CMOS<\/li>\n<li><b>\u10db\u10d0\u10e5\u10e1. \u10d2\u10d0\u10e0\u10e9\u10d4\u10d5\u10d0\u10d3\u10dd\u10d1\u10d0<\/b>: 3200 \u00d7 1800<\/li>\n<li><b>\u10db\u10d8\u10dc\u10d8\u10db\u10d0\u10da\u10e3\u10e0\u10d8 \u10d2\u10d0\u10dc\u10d0\u10d7\u10d4\u10d1\u10d0<\/b>: \u10e4\u10d4\u10e0\u10d0\u10d3\u10d8: 0.001 \u10da\u10e3\u10e5\u10e1\u10d8 @ (F1.0, AGC ON), 0 \u10da\u10e3\u10e5\u10e1\u10d8 \u10d2\u10d0\u10dc\u10d0\u10d7\u10d4\u10d1\u10d8\u10d7<\/li>\n<li><b>\u10e9\u10d0\u10db\u10d9\u10d4\u10e2\u10d8\u10e1 \u10d3\u10e0\u10dd<\/b>: 1\/3 \u10ec\u10db-\u10d3\u10d0\u10dc 1\/100,000 \u10ec\u10db-\u10db\u10d3\u10d4<\/li>\n<li><b>\u10d3\u10e6\u10d4 \u10d3\u10d0 \u10e6\u10d0\u10db\u10d4<\/b>: IR (\u10d8\u10dc\u10e4\u10e0\u10d0\u10ec\u10d8\u10d7\u10d4\u10da\u10d8) \u10e4\u10d8\u10da\u10e2\u10e0\u10d8<\/li>\n<li><b>\u10d9\u10e3\u10d7\u10ee\u10d8\u10e1 \u10e0\u10d4\u10d2\u10e3\u10da\u10d8\u10e0\u10d4\u10d1\u10d0<\/b>: \u10f0\u10dd\u10e0\u10d8\u10d6\u10dd\u10dc\u10e2\u10d0\u10da\u10e3\u10e0\u10d0\u10d3 (Pan): 0\u00b0 &#8211; 360\u00b0, \u10d5\u10d4\u10e0\u10e2\u10d8\u10d9\u10d0\u10da\u10e3\u10e0\u10d0\u10d3 (Tilt): 0\u00b0 &#8211; 90\u00b0, \u10d1\u10e0\u10e3\u10dc\u10d5\u10d0 (Rotate): 0\u00b0 &#8211; 360\u00b0<\/li>\n<\/ul>\n<h3>\u10da\u10d8\u10dc\u10d6\u10d0<\/h3>\n<ul>\n<li><b>\u10da\u10d8\u10dc\u10d6\u10d8\u10e1 \u10e2\u10d8\u10de\u10d8<\/b>: \u10e4\u10d8\u10e5\u10e1\u10d8\u10e0\u10d4\u10d1\u10e3\u10da\u10d8 \u10e4\u10dd\u10d9\u10e3\u10e1\u10e3\u10e0\u10d8 \u10da\u10d8\u10dc\u10d6\u10d0, 2.8 \u10d3\u10d0 4 \u10db\u10db (\u10d0\u10e0\u10e9\u10d4\u10d5\u10d8\u10d7\u10d8)<\/li>\n<li><b>\u10e4\u10dd\u10d9\u10e3\u10e1\u10e3\u10e0\u10d8 \u10db\u10d0\u10dc\u10eb\u10d8\u10da\u10d8 \u10d3\u10d0 \u10ee\u10d4\u10d3\u10d5\u10d8\u10e1 \u10d0\u10e0\u10d4 (FOV)<\/b>:\n<\/p>\n<ul>\n<li>2.8 \u10db\u10db: \u10f0\u10dd\u10e0\u10d8\u10d6\u10dd\u10dc\u10e2\u10d0\u10da\u10e3\u10e0\u10d8 FOV 115\u00b0, \u10d5\u10d4\u10e0\u10e2\u10d8\u10d9\u10d0\u10da\u10e3\u10e0\u10d8 FOV 60\u00b0, \u10d3\u10d8\u10d0\u10d2\u10dd\u10dc\u10d0\u10da\u10e3\u10e0\u10d8 FOV 143\u00b0<\/li>\n<li>4 \u10db\u10db: \u10f0\u10dd\u10e0\u10d8\u10d6\u10dd\u10dc\u10e2\u10d0\u10da\u10e3\u10e0\u10d8 FOV 94\u00b0, \u10d5\u10d4\u10e0\u10e2\u10d8\u10d9\u10d0\u10da\u10e3\u10e0\u10d8 FOV 50\u00b0, \u10d3\u10d8\u10d0\u10d2\u10dd\u10dc\u10d0\u10da\u10e3\u10e0\u10d8 FOV 110\u00b0<\/li>\n<\/ul>\n<\/li>\n<li><b>\u10da\u10d8\u10dc\u10d6\u10d8\u10e1 \u10e1\u10d0\u10db\u10d0\u10d2\u10e0\u10d8<\/b>: M12<\/li>\n<li><b>\u10d3\u10d8\u10d0\u10e4\u10e0\u10d0\u10d2\u10db\u10d8\u10e1 \u10e2\u10d8\u10de\u10d8<\/b>: \u10e4\u10d8\u10e5\u10e1\u10d8\u10e0\u10d4\u10d1\u10e3\u10da\u10d8<\/li>\n<li><b>\u10d3\u10d8\u10d0\u10e4\u10e0\u10d0\u10d2\u10db\u10d0<\/b>: F1.0<\/li>\n<\/ul>\n<h3>DORI (\u10d0\u10e6\u10db\u10dd\u10e9\u10d4\u10dc\u10d0, \u10d3\u10d0\u10d9\u10d5\u10d8\u10e0\u10d5\u10d4\u10d1\u10d0, \u10d0\u10db\u10dd\u10ea\u10dc\u10dd\u10d1\u10d0, \u10d8\u10d3\u10d4\u10dc\u10e2\u10d8\u10e4\u10d8\u10ea\u10d8\u10e0\u10d4\u10d1\u10d0)<\/h3>\n<ul>\n<li><b>2.8 \u10db\u10db<\/b>: D: 64 \u10db, O: 25 \u10db, R: 12 \u10db, I: 6 \u10db<\/li>\n<li><b>4 \u10db\u10db<\/b>: D: 77 \u10db, O: 30 \u10db, R: 15 \u10db, I: 7 \u10db<\/li>\n<\/ul>\n<h3>\u10d2\u10d0\u10dc\u10d0\u10d7\u10d4\u10d1\u10d0<\/h3>\n<ul>\n<li><b>\u10d3\u10d0\u10db\u10d0\u10e2\u10d4\u10d1\u10d8\u10d7\u10d8 \u10d2\u10d0\u10dc\u10d0\u10d7\u10d4\u10d1\u10d8\u10e1 \u10e2\u10d8\u10de\u10d8<\/b>: IR (\u10d8\u10dc\u10e4\u10e0\u10d0\u10ec\u10d8\u10d7\u10d4\u10da\u10d8), \u10d7\u10d4\u10d7\u10e0\u10d8 \u10e8\u10e3\u10e5\u10d8<\/li>\n<li><b>\u10d3\u10d0\u10db\u10d0\u10e2\u10d4\u10d1\u10d8\u10d7\u10d8 \u10d2\u10d0\u10dc\u10d0\u10d7\u10d4\u10d1\u10d8\u10e1 \u10d3\u10d8\u10d0\u10de\u10d0\u10d6\u10dd\u10dc\u10d8<\/b>: 30 \u10db\u10d4\u10e2\u10e0\u10d0\u10db\u10d3\u10d4<\/li>\n<li><b>\u10ed\u10d9\u10d5\u10d8\u10d0\u10dc\u10d8 \u10d3\u10d0\u10db\u10d0\u10e2\u10d4\u10d1\u10d8\u10d7\u10d8 \u10d2\u10d0\u10dc\u10d0\u10d7\u10d4\u10d1\u10d0<\/b>: \u10d3\u10d8\u10d0\u10ee<\/li>\n<li><b>IR \u10e2\u10d0\u10da\u10e6\u10d8\u10e1 \u10e1\u10d8\u10d2\u10e0\u10eb\u10d4<\/b>: 850 \u10dc\u10db<\/li>\n<\/ul>\n<h3>\u10d5\u10d8\u10d3\u10d4\u10dd<\/h3>\n<ul>\n<li><b>\u10db\u10d7\u10d0\u10d5\u10d0\u10e0\u10d8 \u10dc\u10d0\u10d9\u10d0\u10d3\u10d8<\/b>:\n<\/p>\n<ul>\n<li>50 \u10f0\u10ea: 20 \u10d9\u10d0\u10d3\u10e0\u10d8\/\u10ec\u10db (3200 \u00d7 1800, 2688 \u00d7 1520, 1920 \u00d7 1080, 1280 \u00d7 720)<\/li>\n<li>60 \u10f0\u10ea: 20 \u10d9\u10d0\u10d3\u10e0\u10d8\/\u10ec\u10db (3200 \u00d7 1800, 2688 \u00d7 1520, 1920 \u00d7 1080, 1280 \u00d7 720)<\/li>\n<\/ul>\n<\/li>\n<li><b>\u10e5\u10d5\u10d4-\u10dc\u10d0\u10d9\u10d0\u10d3\u10d8<\/b>:\n<\/p>\n<ul>\n<li>50 \u10f0\u10ea: 20 \u10d9\u10d0\u10d3\u10e0\u10d8\/\u10ec\u10db (1280 \u00d7 720, 640 \u00d7 480, 640 \u00d7 360)<\/li>\n<li>60 \u10f0\u10ea: 20 \u10d9\u10d0\u10d3\u10e0\u10d8\/\u10ec\u10db (1280 \u00d7 720, 640 \u00d7 480, 640 \u00d7 360)<\/li>\n<\/ul>\n<\/li>\n<li><b>\u10d5\u10d8\u10d3\u10d4\u10dd\u10e1 \u10e8\u10d4\u10d9\u10e3\u10db\u10e8\u10d5\u10d0<\/b>:\n<\/p>\n<ul>\n<li>\u10db\u10d7\u10d0\u10d5\u10d0\u10e0\u10d8 \u10dc\u10d0\u10d9\u10d0\u10d3\u10d8: H.265+\/H.265\/H.264+\/H.264<\/li>\n<li>\u10e5\u10d5\u10d4-\u10dc\u10d0\u10d9\u10d0\u10d3\u10d8: H.265\/H.264\/MJPEG<\/li>\n<\/ul>\n<\/li>\n<li><b>\u10d5\u10d8\u10d3\u10d4\u10dd \u10d1\u10d8\u10e2-\u10e0\u10d4\u10d8\u10e2\u10d8<\/b>: 32 Kbps-\u10d3\u10d0\u10dc 16 Mbps-\u10db\u10d3\u10d4<\/li>\n<li><b>H.264 \u10e2\u10d8\u10de\u10d8<\/b>: Baseline Profile, Main Profile, High Profile<\/li>\n<li><b>H.265 \u10e2\u10d8\u10de\u10d8<\/b>: Main Profile<\/li>\n<li><b>\u10d1\u10d8\u10e2-\u10e0\u10d4\u10d8\u10e2\u10d8\u10e1 \u10d9\u10dd\u10dc\u10e2\u10e0\u10dd\u10da\u10d8<\/b>: CBR, VBR<\/li>\n<li><b>ROI (\u10d8\u10dc\u10e2\u10d4\u10e0\u10d4\u10e1\u10d8\u10e1 \u10e0\u10d4\u10d2\u10d8\u10dd\u10dc\u10d8)<\/b>: 1 \u10e4\u10d8\u10e5\u10e1\u10d8\u10e0\u10d4\u10d1\u10e3\u10da\u10d8 \u10e0\u10d4\u10d2\u10d8\u10dd\u10dc\u10d8 \u10db\u10d7\u10d0\u10d5\u10d0\u10e0\u10d8 \u10dc\u10d0\u10d9\u10d0\u10d3\u10d8\u10e1\u10d7\u10d5\u10d8\u10e1<\/li>\n<\/ul>\n<h3>\u10d0\u10e3\u10d3\u10d8\u10dd<\/h3>\n<ul>\n<li><b>\u10d0\u10e3\u10d3\u10d8\u10dd \u10e2\u10d8\u10de\u10d8<\/b>: \u10db\u10dd\u10dc\u10dd \u10ee\u10db\u10d0<\/li>\n<li><b>\u10d0\u10e3\u10d3\u10d8\u10dd\u10e1 \u10e8\u10d4\u10d9\u10e3\u10db\u10e8\u10d5\u10d0<\/b>: G.711\/G.722.1\/G.726\/MP2L2\/PCM\/AAC-LC<\/li>\n<li><b>\u10d0\u10e3\u10d3\u10d8\u10dd \u10d1\u10d8\u10e2-\u10e0\u10d4\u10d8\u10e2\u10d8<\/b>: 64 Kbps (G.711)\/16 Kbps (G.722.1)\/16 Kbps (G.726)\/32-\u10d3\u10d0\u10dc 160 Kbps-\u10db\u10d3\u10d4 (MP2L2)\/16-\u10d3\u10d0\u10dc 64 Kbps-\u10db\u10d3\u10d4 (AAC-LC)<\/li>\n<li><b>\u10d0\u10e3\u10d3\u10d8\u10dd \u10e8\u10d4\u10e0\u10e9\u10d4\u10d5\u10d8\u10e1 \u10e1\u10d8\u10ee\u10e8\u10d8\u10e0\u10d4<\/b>: 8 kHz\/16 kHz<\/li>\n<li><b>\u10d2\u10d0\u10e0\u10d4\u10db\u10dd\u10e1 \u10ee\u10db\u10d0\u10e3\u10e0\u10d8\u10e1 \u10e4\u10d8\u10da\u10e2\u10e0\u10d0\u10ea\u10d8\u10d0<\/b>: \u10d3\u10d8\u10d0\u10ee<\/li>\n<\/ul>\n<h3>\u10e5\u10e1\u10d4\u10da\u10d8<\/h3>\n<ul>\n<li><b>\u10de\u10e0\u10dd\u10e2\u10dd\u10d9\u10dd\u10da\u10d4\u10d1\u10d8<\/b>: IPv4, IPv6, TCP\/IP, ICMP, DHCP, DNS, HTTP, RTP, RTSP, RTCP, NTP, IGMP, UDP, QoS, FTP, SMTP, UPnP<\/li>\n<li><b>\u10d4\u10e0\u10d7\u10d3\u10e0\u10dd\u10e3\u10da\u10d8 \u10de\u10d8\u10e0\u10d3\u10d0\u10de\u10d8\u10e0\u10d8 \u10ee\u10d4\u10d3\u10d5\u10d0<\/b>: 6 \u10d0\u10e0\u10ee\u10d0\u10db\u10d3\u10d4<\/li>\n<li><b>API<\/b>: \u10e6\u10d8\u10d0 \u10e5\u10e1\u10d4\u10da\u10e3\u10e0\u10d8 \u10d5\u10d8\u10d3\u10d4\u10dd \u10d8\u10dc\u10e2\u10d4\u10e0\u10e4\u10d4\u10d8\u10e1\u10d8 (\u10de\u10e0\u10dd\u10e4\u10d8\u10da\u10d8 S, \u10de\u10e0\u10dd\u10e4\u10d8\u10da\u10d8 T, \u10de\u10e0\u10dd\u10e4\u10d8\u10da\u10d8 G (\u10db\u10ee\u10dd\u10da\u10dd\u10d3 -F \u10db\u10dd\u10d3\u10d4\u10da\u10d8)), ISAPI, SDK<\/li>\n<li><b>\u10db\u10dd\u10db\u10ee\u10db\u10d0\u10e0\u10d4\u10d1\u10d4\u10da\u10d8\/\u10f0\u10dd\u10e1\u10e2\u10d8<\/b>: 32 \u10db\u10dd\u10db\u10ee\u10db\u10d0\u10e0\u10d4\u10d1\u10da\u10d0\u10db\u10d3\u10d4, 3 \u10d3\u10dd\u10dc\u10d8\u10e1: \u10d0\u10d3\u10db\u10d8\u10dc\u10d8\u10e1\u10e2\u10e0\u10d0\u10e2\u10dd\u10e0\u10d8, \u10dd\u10de\u10d4\u10e0\u10d0\u10e2\u10dd\u10e0\u10d8, \u10d3\u10d0 \u10db\u10dd\u10db\u10ee\u10db\u10d0\u10e0\u10d4\u10d1\u10d4\u10da\u10d8<\/li>\n<li><b>\u10e3\u10e1\u10d0\u10e4\u10e0\u10d7\u10ee\u10dd\u10d4\u10d1\u10d0<\/b>: \u10de\u10d0\u10e0\u10dd\u10da\u10d8\u10e1 \u10d3\u10d0\u10ea\u10d5\u10d0, \u10e0\u10d7\u10e3\u10da\u10d8 \u10de\u10d0\u10e0\u10dd\u10da\u10d8, \u10ec\u10e7\u10da\u10d8\u10e1 \u10dc\u10d8\u10e8\u10d0\u10dc\u10d8, \u10eb\u10d8\u10e0\u10d8\u10d7\u10d0\u10d3\u10d8 \u10d3\u10d0 \u10db\u10dd\u10dc\u10d4\u10da\u10d4\u10d1\u10d8\u10e1 \u10d0\u10d5\u10d7\u10d4\u10dc\u10e2\u10d8\u10e4\u10d8\u10d9\u10d0\u10ea\u10d8\u10d0 HTTP-\u10e1\u10d7\u10d5\u10d8\u10e1, WSSE \u10d3\u10d0 \u10db\u10dd\u10dc\u10d4\u10da\u10d4\u10d1\u10d8\u10e1 \u10d0\u10d5\u10d7\u10d4\u10dc\u10e2\u10d8\u10e4\u10d8\u10d9\u10d0\u10ea\u10d8\u10d0 \u10e6\u10d8\u10d0 \u10e5\u10e1\u10d4\u10da\u10e3\u10e0\u10d8 \u10d5\u10d8\u10d3\u10d4\u10dd \u10d8\u10dc\u10e2\u10d4\u10e0\u10e4\u10d4\u10d8\u10e1\u10d8\u10e1\u10d7\u10d5\u10d8\u10e1, \u10e3\u10e1\u10d0\u10e4\u10e0\u10d7\u10ee\u10dd\u10d4\u10d1\u10d8\u10e1 \u10d0\u10e3\u10d3\u10d8\u10e2\u10d8\u10e1 \u10df\u10e3\u10e0\u10dc\u10d0\u10da\u10d8, \u10f0\u10dd\u10e1\u10e2\u10d8\u10e1 \u10d0\u10d5\u10d7\u10d4\u10dc\u10e2\u10d8\u10e4\u10d8\u10d9\u10d0\u10ea\u10d8\u10d0 (MAC \u10db\u10d8\u10e1\u10d0\u10db\u10d0\u10e0\u10d7\u10d8)<\/li>\n<li><b>\u10d9\u10da\u10d8\u10d4\u10dc\u10e2\u10d8<\/b>: iVMS-4200, Hik-Connect<\/li>\n<li><b>\u10d5\u10d4\u10d1 \u10d1\u10e0\u10d0\u10e3\u10d6\u10d4\u10e0\u10d8<\/b>:\n<\/p>\n<ul>\n<li>\u10e1\u10d0\u10ed\u10d8\u10e0\u10dd\u10d4\u10d1\u10e1 plug-in-\u10e1: IE 10, IE 11<\/li>\n<li>\u10d0\u10d3\u10d2\u10d8\u10da\u10dd\u10d1\u10e0\u10d8\u10d5\u10d8 \u10e1\u10d4\u10e0\u10d5\u10d8\u10e1\u10d8: Chrome 57.0+, Firefox 52.0+, Edge 89+<\/li>\n<\/ul>\n<\/li>\n<\/ul>\n<h3>\u10d2\u10d0\u10db\u10dd\u10e1\u10d0\u10ee\u10e3\u10da\u10d4\u10d1\u10d0<\/h3>\n<ul>\n<li><b>\u10d2\u10d0\u10db\u10dd\u10e1\u10d0\u10ee\u10e3\u10da\u10d4\u10d1\u10d8\u10e1 \u10de\u10d0\u10e0\u10d0\u10db\u10d4\u10e2\u10e0\u10d4\u10d1\u10d8<\/b>: \u10d1\u10e0\u10e3\u10dc\u10d5\u10d8\u10e1 \u10e0\u10d4\u10df\u10d8\u10db\u10d8, \u10d2\u10d0\u10ef\u10d4\u10e0\u10d4\u10d1\u10d0, \u10e1\u10d8\u10d9\u10d0\u10e8\u10d9\u10d0\u10e8\u10d4, \u10d9\u10dd\u10dc\u10e2\u10e0\u10d0\u10e1\u10e2\u10d8, \u10e1\u10d8\u10db\u10d9\u10d5\u10d4\u10d7\u10e0\u10d4, \u10d2\u10d0\u10eb\u10da\u10d8\u10d4\u10e0\u10d4\u10d1\u10d0, \u10d7\u10d4\u10d7\u10e0\u10d8 \u10d1\u10d0\u10da\u10d0\u10dc\u10e1\u10d8, \u10e0\u10d4\u10d2\u10e3\u10da\u10d8\u10e0\u10d3\u10d4\u10d1\u10d0 \u10d9\u10da\u10d8\u10d4\u10dc\u10e2\u10d8\u10e1 \u10de\u10e0\u10dd\u10d2\u10e0\u10d0\u10db\u10e3\u10da\u10d8 \u10e3\u10d6\u10e0\u10e3\u10dc\u10d5\u10d4\u10da\u10e7\u10dd\u10e4\u10d8\u10e1 \u10d0\u10dc \u10d5\u10d4\u10d1 \u10d1\u10e0\u10d0\u10e3\u10d6\u10d4\u10e0\u10d8\u10e1 \u10db\u10d4\u10e8\u10d5\u10d4\u10dd\u10d1\u10d8\u10d7<\/li>\n<li><b>\u10d3\u10e6\u10d4\/\u10e6\u10d0\u10db\u10d8\u10e1 \u10d2\u10d0\u10d3\u10d0\u10db\u10e0\u10d7\u10d5\u10d4\u10da\u10d8<\/b>: \u10d3\u10e6\u10d4, \u10e6\u10d0\u10db\u10d4, \u10d0\u10d5\u10e2\u10dd\u10db\u10d0\u10e2\u10e3\u10e0\u10d8, \u10d2\u10d0\u10dc\u10e0\u10d8\u10d2\u10d8\u10d7<\/li>\n<li><b>\u10e4\u10d0\u10e0\u10d7\u10dd \u10d3\u10d8\u10dc\u10d0\u10db\u10d8\u10d9\u10e3\u10e0\u10d8 \u10d3\u10d8\u10d0\u10de\u10d0\u10d6\u10dd\u10dc\u10d8 (WDR)<\/b>: 120 dB<\/li>\n<li><b>SNR<\/b>: \u2265 52 dB<\/li>\n<li><b>\u10d2\u10d0\u10db\u10dd\u10e1\u10d0\u10ee\u10e3\u10da\u10d4\u10d1\u10d8\u10e1 \u10d2\u10d0\u10e3\u10db\u10ef\u10dd\u10d1\u10d4\u10e1\u10d4\u10d1\u10d0<\/b>: BLC, HLC, 3D DNR<\/li>\n<li><b>\u10d9\u10dd\u10dc\u10e4\u10d8\u10d3\u10d4\u10dc\u10ea\u10d8\u10d0\u10da\u10e3\u10e0\u10dd\u10d1\u10d8\u10e1 \u10dc\u10d8\u10e6\u10d0\u10d1\u10d8<\/b>: 4 \u10de\u10e0\u10dd\u10d2\u10e0\u10d0\u10db\u10d8\u10e0\u10d4\u10d1\u10d0\u10d3\u10d8 \u10db\u10e0\u10d0\u10d5\u10d0\u10da\u10d9\u10e3\u10d7\u10ee\u10d0 \u10d9\u10dd\u10dc\u10e4\u10d8\u10d3\u10d4\u10dc\u10ea\u10d8\u10d0\u10da\u10e3\u10e0\u10dd\u10d1\u10d8\u10e1 \u10dc\u10d8\u10e6\u10d0\u10d1\u10d8<\/li>\n<\/ul>\n<h3>\u10d8\u10dc\u10e2\u10d4\u10e0\u10e4\u10d4\u10d8\u10e1\u10d8<\/h3>\n<ul>\n<li><b>Ethernet \u10d8\u10dc\u10e2\u10d4\u10e0\u10e4\u10d4\u10d8\u10e1\u10d8<\/b>: 1 RJ45 10 M\/100 M \u10d7\u10d5\u10d8\u10d7\u10d0\u10d3\u10d0\u10de\u10e2\u10d0\u10ea\u10d8\u10e3\u10e0\u10d8 Ethernet \u10de\u10dd\u10e0\u10e2\u10d8<\/li>\n<li><b>\u10e9\u10d0\u10e8\u10d4\u10dc\u10d4\u10d1\u10e3\u10da\u10d8 \u10db\u10d4\u10ee\u10e1\u10d8\u10d4\u10e0\u10d4\u10d1\u10d0<\/b>: -F \u10db\u10dd\u10d3\u10d4\u10da\u10d8: \u10e9\u10d0\u10e8\u10d4\u10dc\u10d4\u10d1\u10e3\u10da\u10d8 \u10db\u10d4\u10ee\u10e1\u10d8\u10d4\u10e0\u10d4\u10d1\u10d8\u10e1 \u10d1\u10d0\u10e0\u10d0\u10d7\u10d8\u10e1 \u10e1\u10da\u10dd\u10e2\u10d8, \u10db\u10ee\u10d0\u10e0\u10e1 \u10e3\u10ed\u10d4\u10e0\u10e1 microSD\/microSDHC\/microSDXC \u10d1\u10d0\u10e0\u10d0\u10d7\u10e1, 512 GB-\u10db\u10d3\u10d4<\/li>\n<li><b>\u10e9\u10d0\u10e8\u10d4\u10dc\u10d4\u10d1\u10e3\u10da\u10d8 \u10db\u10d8\u10d9\u10e0\u10dd\u10e4\u10dd\u10dc\u10d8<\/b>: \u10d3\u10d8\u10d0\u10ee, 1 \u10e9\u10d0\u10e8\u10d4\u10dc\u10d4\u10d1\u10e3\u10da\u10d8 \u10db\u10d8\u10d9\u10e0\u10dd\u10e4\u10dd\u10dc\u10d8<\/li>\n<li><b>\u10d2\u10d0\u10d3\u10d0\u10e2\u10d5\u10d8\u10e0\u10d7\u10d5\u10d8\u10e1 \u10e6\u10d8\u10da\u10d0\u10d9\u10d8<\/b>: -F \u10db\u10dd\u10d3\u10d4\u10da\u10d8: \u10d3\u10d8\u10d0\u10ee<\/li>\n<\/ul>\n<h3>\u10db\u10dd\u10d5\u10da\u10d4\u10dc\u10d0<\/h3>\n<ul>\n<li><b>\u10eb\u10d8\u10e0\u10d8\u10d7\u10d0\u10d3\u10d8 \u10db\u10dd\u10d5\u10da\u10d4\u10dc\u10d0<\/b>: \u10db\u10dd\u10eb\u10e0\u10d0\u10dd\u10d1\u10d8\u10e1 \u10d0\u10db\u10dd\u10ea\u10dc\u10dd\u10d1\u10d0 (\u10db\u10ee\u10d0\u10e0\u10e1 \u10e3\u10ed\u10d4\u10e0\u10e1 \u10e1\u10d8\u10d2\u10dc\u10d0\u10da\u10d8\u10d6\u10d0\u10ea\u10d8\u10d8\u10e1 \u10d2\u10d0\u10d0\u10e5\u10e2\u10d8\u10e3\u10e0\u10d4\u10d1\u10d0\u10e1 \u10d9\u10dd\u10dc\u10d9\u10e0\u10d4\u10e2\u10e3\u10da\u10d8 \u10e1\u10d0\u10db\u10d8\u10d6\u10dc\u10d4 \u10e2\u10d8\u10de\u10d4\u10d1\u10d8\u10e1 \u10db\u10d8\u10ee\u10d4\u10d3\u10d5\u10d8\u10d7 (\u10d0\u10d3\u10d0\u10db\u10d8\u10d0\u10dc\u10d8 \u10d3\u10d0 \u10db\u10d0\u10dc\u10e5\u10d0\u10dc\u10d0)), \u10d5\u10d8\u10d3\u10d4\u10dd\u10e1 \u10d3\u10d0\u10d6\u10d8\u10d0\u10dc\u10d4\u10d1\u10d8\u10e1 \u10e1\u10d8\u10d2\u10dc\u10d0\u10da\u10d8\u10d6\u10d0\u10ea\u10d8\u10d0, \u10d2\u10d0\u10db\u10dd\u10dc\u10d0\u10d9\u10da\u10d8\u10e1\u10d8<\/li>\n<li><b>\u10d3\u10d0\u10d9\u10d0\u10d5\u10e8\u10d8\u10e0\u10d4\u10d1\u10d0<\/b>: \u10db\u10d4\u10ee\u10e1\u10d8\u10d4\u10e0\u10d4\u10d1\u10d8\u10e1 \u10d1\u10d0\u10e0\u10d0\u10d7\u10d6\u10d4 \u10d0\u10e2\u10d5\u10d8\u10e0\u10d7\u10d5\u10d0 (-F \u10db\u10dd\u10d3\u10d4\u10da\u10d8), \u10e9\u10d0\u10ec\u10d4\u10e0\u10d8\u10e1 \u10d2\u10d0\u10d0\u10e5\u10e2\u10d8\u10e3\u10e0\u10d4\u10d1\u10d0 (-F \u10db\u10dd\u10d3\u10d4\u10da\u10d8), FTP-\u10d6\u10d4 \u10d0\u10e2\u10d5\u10d8\u10e0\u10d7\u10d5\u10d0, \u10e1\u10d0\u10d7\u10d5\u10d0\u10da\u10d7\u10d5\u10d0\u10da\u10dd \u10ea\u10d4\u10dc\u10e2\u10e0\u10d8\u10e1 \u10e8\u10d4\u10e2\u10e7\u10dd\u10d1\u10d8\u10dc\u10d4\u10d1\u10d0, \u10d4\u10da\u10e4\u10dd\u10e1\u10e2\u10d8\u10e1 \u10d2\u10d0\u10d2\u10d6\u10d0\u10d5\u10dc\u10d0, \u10d2\u10d0\u10d3\u10d0\u10e6\u10d4\u10d1\u10d8\u10e1 \u10d2\u10d0\u10d0\u10e5\u10e2\u10d8\u10e3\u10e0\u10d4\u10d1\u10d0<\/li>\n<\/ul>\n<h3>\u10d6\u10dd\u10d2\u10d0\u10d3\u10d8<\/h3>\n<ul>\n<li><b>\u10d9\u10d5\u10d4\u10d1\u10d8\u10e1 \u10ec\u10e7\u10d0\u10e0\u10dd<\/b>:\n<\/p>\n<ul>\n<li>12 VDC \u00b1 25%, 0.55 A, \u10db\u10d0\u10e5\u10e1. 6.6 W, \u00d85.5 \u10db\u10db \u10d9\u10dd\u10d0\u10e5\u10e1\u10d8\u10d0\u10da\u10e3\u10e0\u10d8 \u10d9\u10d5\u10d4\u10d1\u10d8\u10e1 \u10e8\u10e2\u10d4\u10e4\u10e1\u10d4\u10da\u10d8, \u10e3\u10d9\u10e3 \u10de\u10dd\u10da\u10d0\u10e0\u10dd\u10d1\u10d8\u10e1 \u10d3\u10d0\u10ea\u10d5\u10d0<\/li>\n<li>PoE: IEEE 802.3af, \u10d9\u10da\u10d0\u10e1\u10d8 3, \u10db\u10d0\u10e5\u10e1. 8 W<\/li>\n<\/ul>\n<\/li>\n<li><b>\u10db\u10d0\u10e1\u10d0\u10da\u10d0<\/b>: \u10ec\u10d8\u10dc\u10d0 \u10e1\u10d0\u10e4\u10d0\u10e0\u10d8: \u10db\u10d4\u10e2\u10d0\u10da\u10d8, \u10d9\u10dd\u10e0\u10de\u10e3\u10e1\u10d8: \u10de\u10da\u10d0\u10e1\u10e2\u10db\u10d0\u10e1\u10d8, \u10e1\u10d0\u10db\u10d0\u10d2\u10e0\u10d8: \u10de\u10da\u10d0\u10e1\u10e2\u10db\u10d0\u10e1\u10d8<\/li>\n<li><b>\u10d6\u10dd\u10db\u10d4\u10d1\u10d8<\/b>: 69.8 \u10db\u10db \u00d7 67.9 \u10db\u10db \u00d7 172.9 \u10db\u10db (2.7&#8243; \u00d7 2.7&#8243; \u00d7 6.8&#8243;)<\/li>\n<li><b>\u10e8\u10d4\u10e4\u10e3\u10d7\u10d5\u10d8\u10e1 \u10d6\u10dd\u10db\u10d4\u10d1\u10d8<\/b>: 150 \u10db\u10db \u00d7 150 \u10db\u10db \u00d7 141 \u10db\u10db (5.91&#8243; \u00d7 5.91&#8243; \u00d7 5.55&#8243;)<\/li>\n<li><b>\u10ec\u10dd\u10dc\u10d0<\/b>: \u10d3\u10d0\u10d0\u10ee\u10da. 550 \u10d2 (1.2 lb.)<\/li>\n<li><b>\u10ec\u10dd\u10dc\u10d0 \u10e8\u10d4\u10e4\u10e3\u10d7\u10d5\u10d8\u10d7<\/b>: \u10d3\u10d0\u10d0\u10ee\u10da. 800 \u10d2 (1.8 lb.)<\/li>\n<li><b>\u10e8\u10d4\u10dc\u10d0\u10ee\u10d5\u10d8\u10e1 \u10de\u10d8\u10e0\u10dd\u10d1\u10d4\u10d1\u10d8<\/b>: -30 \u00b0C-\u10d3\u10d0\u10dc 60 \u00b0C-\u10db\u10d3\u10d4 (-22 \u00b0F-\u10d3\u10d0\u10dc 140 \u00b0F-\u10db\u10d3\u10d4), \u10e2\u10d4\u10dc\u10d8\u10d0\u10dc\u10dd\u10d1\u10d0 95% \u10d0\u10dc \u10dc\u10d0\u10d9\u10da\u10d4\u10d1\u10d8 (\u10d0\u10e0\u10d0\u10d9\u10dd\u10dc\u10d3\u10d4\u10dc\u10e1\u10d8\u10e0\u10d4\u10d1\u10d0\u10d3\u10d8)<\/li>\n<li><b>\u10e9\u10d0\u10e0\u10d7\u10d5\u10d8\u10e1\u10d0 \u10d3\u10d0 \u10db\u10e3\u10e8\u10d0\u10dd\u10d1\u10d8\u10e1 \u10de\u10d8\u10e0\u10dd\u10d1\u10d4\u10d1\u10d8<\/b>: -30 \u00b0C-\u10d3\u10d0\u10dc 60 \u00b0C-\u10db\u10d3\u10d4 (-22 \u00b0F-\u10d3\u10d0\u10dc 140 \u00b0F-\u10db\u10d3\u10d4), \u10e2\u10d4\u10dc\u10d8\u10d0\u10dc\u10dd\u10d1\u10d0 95% \u10d0\u10dc \u10dc\u10d0\u10d9\u10da\u10d4\u10d1\u10d8 (\u10d0\u10e0\u10d0\u10d9\u10dd\u10dc\u10d3\u10d4\u10dc\u10e1\u10d8\u10e0\u10d4\u10d1\u10d0\u10d3\u10d8)<\/li>\n<li><b>\u10d4\u10dc\u10d0<\/b>: \u10d8\u10dc\u10d2\u10da\u10d8\u10e1\u10e3\u10e0\u10d8, \u10e3\u10d9\u10e0\u10d0\u10d8\u10dc\u10e3\u10da\u10d8<\/li>\n<li><b>\u10d6\u10dd\u10d2\u10d0\u10d3\u10d8 \u10e4\u10e3\u10dc\u10e5\u10ea\u10d8\u10d4\u10d1\u10d8<\/b>: heartbeat, \u10d0\u10dc\u10e2\u10d8-\u10d1\u10d4\u10dc\u10d3\u10d8\u10dc\u10d2\u10d8, \u10e1\u10d0\u10e0\u10d9\u10d4, \u10de\u10d0\u10e0\u10dd\u10da\u10d8\u10e1 \u10d3\u10d0\u10ea\u10d5\u10d0, \u10de\u10d0\u10e0\u10dd\u10da\u10d8\u10e1 \u10d0\u10e6\u10d3\u10d2\u10d4\u10dc\u10d0 \u10d4\u10da\u10e4\u10dd\u10e1\u10e2\u10d8\u10e1 \u10e1\u10d0\u10e8\u10e3\u10d0\u10da\u10d4\u10d1\u10d8\u10d7<\/li>\n<\/ul>\n<h3>\u10e1\u10d4\u10e0\u10d7\u10d8\u10e4\u10d8\u10d9\u10d0\u10e2\u10d4\u10d1\u10d8<\/h3>\n<ul>\n<li><b>EMC<\/b>: CE-EMC: EN 55032:2015+A1:2020, EN 50130-4:2011+A1:2014, EN IEC 61000-3-2:2019+A1:2021, EN 61000-3-3:2013+A1:2019+A2:2021, RCM: AS\/NZS CISPR 32: 2015, IC: ICES-003: Issue 7<\/li>\n<li><b>\u10e3\u10e1\u10d0\u10e4\u10e0\u10d7\u10ee\u10dd\u10d4\u10d1\u10d0<\/b>: CB: IEC 62368-1: 2014+A11, CE-LVD: EN 62368-1: 2014\/A11: 2017, BIS: IS 13252 (Part 1): 2010\/IEC 60950-1: 2005<\/li>\n<li><b>\u10d2\u10d0\u10e0\u10d4\u10db\u10dd<\/b>: CE-RoHS: 2011\/65\/EU, WEEE: 2012\/19\/EU, Reach: Regulation (EC) No 1907\/2006<\/li>\n<li><b>\u10d3\u10d0\u10ea\u10d5\u10d0<\/b>: IP67: IEC 60529-2013<\/li>\n<\/ul>\n","protected":false},"excerpt":{"rendered":"<p>\u10d9\u10d0\u10db\u10d4\u10e0\u10d0 \u10d2\u10d0\u10db\u10dd\u10e1\u10d0\u10ee\u10e3\u10da\u10d4\u10d1\u10d8\u10e1 \u10e1\u10d4\u10dc\u10e1\u10dd\u10e0\u10d8: 1\/2.4&#8243; \u10de\u10e0\u10dd\u10d2\u10e0\u10d4\u10e1\u10e3\u10da\u10d8 \u10e1\u10d9\u10d0\u10dc\u10d8\u10e0\u10d4\u10d1\u10d8\u10e1 CMOS \u10db\u10d0\u10e5\u10e1. \u10d2\u10d0\u10e0\u10e9\u10d4\u10d5\u10d0\u10d3\u10dd\u10d1\u10d0: 3200 \u00d7 1800 \u10db\u10d8\u10dc\u10d8\u10db\u10d0\u10da\u10e3\u10e0\u10d8 \u10d2\u10d0\u10dc\u10d0\u10d7\u10d4\u10d1\u10d0: \u10e4\u10d4\u10e0\u10d0\u10d3\u10d8: 0.001 \u10da\u10e3\u10e5\u10e1\u10d8 @ (F1.0, AGC<\/p>\n","protected":false},"featured_media":34779,"comment_status":"open","ping_status":"closed","template":"","meta":[],"product_brand":[],"product_cat":[826],"product_tag":[],"class_list":{"0":"post-34780","1":"product","2":"type-product","3":"status-publish","4":"has-post-thumbnail","6":"product_cat-4mp-ip-cameras","8":"first","9":"instock","10":"taxable","11":"shipping-taxable","12":"purchasable","13":"product-type-simple"},"_links":{"self":[{"href":"https:\/\/iterra.ge\/en\/wp-json\/wp\/v2\/product\/34780","targetHints":{"allow":["GET"]}}],"collection":[{"href":"https:\/\/iterra.ge\/en\/wp-json\/wp\/v2\/product"}],"about":[{"href":"https:\/\/iterra.ge\/en\/wp-json\/wp\/v2\/types\/product"}],"replies":[{"embeddable":true,"href":"https:\/\/iterra.ge\/en\/wp-json\/wp\/v2\/comments?post=34780"}],"version-history":[{"count":1,"href":"https:\/\/iterra.ge\/en\/wp-json\/wp\/v2\/product\/34780\/revisions"}],"predecessor-version":[{"id":61077,"href":"https:\/\/iterra.ge\/en\/wp-json\/wp\/v2\/product\/34780\/revisions\/61077"}],"wp:featuredmedia":[{"embeddable":true,"href":"https:\/\/iterra.ge\/en\/wp-json\/wp\/v2\/media\/34779"}],"wp:attachment":[{"href":"https:\/\/iterra.ge\/en\/wp-json\/wp\/v2\/media?parent=34780"}],"wp:term":[{"taxonomy":"product_brand","embeddable":true,"href":"https:\/\/iterra.ge\/en\/wp-json\/wp\/v2\/product_brand?post=34780"},{"taxonomy":"product_cat","embeddable":true,"href":"https:\/\/iterra.ge\/en\/wp-json\/wp\/v2\/product_cat?post=34780"},{"taxonomy":"product_tag","embeddable":true,"href":"https:\/\/iterra.ge\/en\/wp-json\/wp\/v2\/product_tag?post=34780"}],"curies":[{"name":"wp","href":"https:\/\/api.w.org\/{rel}","templated":true}]}}