{"id":34907,"date":"2025-06-12T10:54:15","date_gmt":"2025-06-12T06:54:15","guid":{"rendered":"https:\/\/iterra.ge\/product\/%e1%83%99%e1%83%90%e1%83%9b%e1%83%94%e1%83%a0%e1%83%90iphikvisionds-2cd1p47g2-luf2-8mm4mpbulletptwl30mcolorvumicmicrosd\/"},"modified":"2026-02-25T00:01:03","modified_gmt":"2026-02-25T00:01:03","slug":"%e1%83%99%e1%83%90%e1%83%9b%e1%83%94%e1%83%a0%e1%83%90iphikvisionds-2cd1p47g2-luf2-8mm4mpbulletptwl30mcolorvumicmicrosd","status":"publish","type":"product","link":"https:\/\/iterra.ge\/en\/product\/%e1%83%99%e1%83%90%e1%83%9b%e1%83%94%e1%83%a0%e1%83%90iphikvisionds-2cd1p47g2-luf2-8mm4mpbulletptwl30mcolorvumicmicrosd\/","title":{"rendered":"\u10d9\u10d0\u10db\u10d4\u10e0\u10d0,IP,Hikvision,DS-2CD1P47G2-LUF,2.8mm,4mp,Bullet,PT,WL30m,ColorVu,Mic,microSD,"},"content":{"rendered":"<p>\u10d9\u10d0\u10db\u10d4\u10e0\u10d0<br \/>\u10e1\u10e3\u10e0\u10d0\u10d7\u10d8\u10e1 \u10e1\u10d4\u10dc\u10e1\u10dd\u10e0\u10d8 1\/3&#8243; \u10de\u10e0\u10dd\u10d2\u10e0\u10d4\u10e1\u10e3\u10da\u10d8 \u10e1\u10d9\u10d0\u10dc\u10d8\u10e0\u10d4\u10d1\u10d0 CMOS<br \/>\u10db\u10d0\u10e5\u10e1. \u10d2\u10d0\u10e0\u10e9\u10d4\u10d5\u10d0\u10d3\u10dd\u10d1\u10d0 2560 \u00d7 1440<br \/>\u10db\u10d8\u10dc. \u10d2\u10d0\u10dc\u10d0\u10d7\u10d4\u10d1\u10d8\u10e1 \u10e4\u10d4\u10e0\u10d8: 0.001 \u10da\u10e3\u10e5\u10e1\u10d8 @ (F1.0, AGC ON), 0 \u10da\u10e3\u10e5\u10e1\u10d8 \u10e8\u10e3\u10e5\u10d8\u10d7<br \/>\u10e9\u10d0\u10db\u10d9\u10d4\u10e2\u10d8\u10e1 \u10d3\u10e0\u10dd 1\/3 \u10ec\u10db-\u10d3\u10d0\u10dc 1\/100000 \u10ec\u10db-\u10db\u10d3\u10d4<br \/>\u10d3\u10e6\u10d4 \u10d3\u10d0 \u10e6\u10d0\u10db\u10d4 24\/7 \u10e4\u10d4\u10e0\u10d0\u10d3\u10d8 \u10d2\u10d0\u10db\u10dd\u10e1\u10d0\u10ee\u10e3\u10da\u10d4\u10d1\u10d0<br \/>\u10d9\u10e3\u10d7\u10ee\u10d8\u10e1 \u10e0\u10d4\u10d2\u10e3\u10da\u10d8\u10e0\u10d4\u10d1\u10d8\u10e1 \u10de\u10d0\u10dc\u10d4\u10da\u10d8: -100\u00b0-\u10d3\u10d0\u10dc 100\u00b0-\u10db\u10d3\u10d4, \u10d3\u10d0\u10ee\u10e0\u10d8\u10da\u10dd\u10d1\u10d0: -20\u00b0-\u10d3\u10d0\u10dc 45\u00b0-\u10db\u10d3\u10d4<br \/>\u10dd\u10d1\u10d8\u10d4\u10e5\u10e2\u10d8\u10d5\u10d8<br \/>\u10da\u10d8\u10dc\u10d6\u10d8\u10e1 \u10e2\u10d8\u10de\u10d8 \u10e4\u10d8\u10e5\u10e1\u10d8\u10e0\u10d4\u10d1\u10e3\u10da\u10d8 \u10e4\u10dd\u10d9\u10d0\u10da\u10e3\u10e0\u10d8 \u10dd\u10d1\u10d8\u10d4\u10e5\u10e2\u10d8\u10d5\u10d8, 2.8 \u10d3\u10d0 4 \u10db\u10db \u10e1\u10e3\u10e0\u10d5\u10d8\u10da\u10d8\u10e1\u10d0\u10db\u10d4\u10d1\u10e0<br \/>\u10e4\u10dd\u10d9\u10e3\u10e1\u10e3\u10e0\u10d8 \u10e1\u10d8\u10d2\u10e0\u10eb\u10d4 \u10d3\u10d0 FOV<br \/>2.8 \u10db\u10db, \u10f0\u10dd\u10e0\u10d8\u10d6\u10dd\u10dc\u10e2\u10d0\u10da\u10e3\u10e0\u10d8 FOV 96\u00b0, \u10d5\u10d4\u10e0\u10e2\u10d8\u10d9\u10d0\u10da\u10e3\u10e0\u10d8 FOV 52\u00b0, \u10d3\u10d8\u10d0\u10d2\u10dd\u10dc\u10d0\u10da\u10d8 FOV 113\u00b0<\/p>\n<p>4 \u10db\u10db, \u10f0\u10dd\u10e0\u10d8\u10d6\u10dd\u10dc\u10e2\u10d0\u10da\u10e3\u10e0\u10d8 FOV 76\u00b0, \u10d5\u10d4\u10e0\u10e2\u10d8\u10d9\u10d0\u10da\u10e3\u10e0\u10d8 FOV 41\u00b0, \u10d3\u10d8\u10d0\u10d2\u10dd\u10dc\u10d0\u10da\u10d8 FOV 89\u00b0<\/p>\n<p>\u10da\u10d8\u10dc\u10d6\u10d8\u10e1 \u10e1\u10d0\u10db\u10d0\u10d2\u10e0\u10d8 M12<br \/>Iris TypeFixed<br \/>\u10d3\u10d8\u10d0\u10e4\u10e0\u10d0\u10d2\u10db\u10d0 \u10db\u10d0\u10e5\u10e1. F1.0<br \/>\u10d3\u10dd\u10e0\u10d8<br \/>\u10d3\u10dd\u10e0\u10d8<br \/>2,8 \u10db\u10db: D: 64 \u10db, O: 25 \u10db, R: 12 \u10db, I: 6 \u10db<\/p>\n<p>4 \u10db\u10db: D: 82 \u10db, O: 32 \u10db, R: 16 \u10db, I: 8 \u10db<\/p>\n<p>\u10d8\u10da\u10e3\u10db\u10d8\u10dc\u10d0\u10e2\u10dd\u10e0\u10d8<br \/>\u10d3\u10d0\u10dc\u10d0\u10db\u10d0\u10e2\u10d8 \u10e1\u10d8\u10dc\u10d0\u10d7\u10da\u10d8\u10e1 \u10e2\u10d8\u10de\u10d8 \u10d7\u10d4\u10d7\u10e0\u10d8 \u10e8\u10e3\u10e5\u10d8<br \/>\u10d3\u10d0\u10db\u10d0\u10e2\u10d4\u10d1\u10d8\u10d7\u10d8 \u10d2\u10d0\u10dc\u10d0\u10d7\u10d4\u10d1\u10d8\u10e1 \u10d3\u10d8\u10d0\u10de\u10d0\u10d6\u10dd\u10dc\u10d8 30 \u10db-\u10db\u10d3\u10d4<br \/>\u10ed\u10d9\u10d5\u10d8\u10d0\u10dc\u10d8 \u10d3\u10d0\u10dc\u10d0\u10db\u10d0\u10e2\u10d8 \u10db\u10e1\u10e3\u10d1\u10e3\u10e5\u10d8 \u10d3\u10d8\u10d0\u10ee<br \/>\u10d5\u10d8\u10d3\u10d4\u10dd<br \/>\u10db\u10d7\u10d0\u10d5\u10d0\u10e0\u10d8 \u10dc\u10d0\u10d9\u10d0\u10d3\u10d8<br \/>50 \u10f0\u10ea:<\/p>\n<p>20 fps (2560 \u00d7 1440)<\/p>\n<p>25 fps (1920 \u00d7 1080, 1280 \u00d7 720)<\/p>\n<p>60 \u10f0\u10ea:<\/p>\n<p>20 fps (2560 \u00d7 1440)<\/p>\n<p>24 fps (1920 \u00d7 1080, 1280 \u00d7 720)<\/p>\n<p>\u10e5\u10d5\u10d4-\u10dc\u10d0\u10d9\u10d0\u10d3\u10d8<br \/>50 Hz: 25 fps (1280 \u00d7 720, 640 \u00d7 480, 640 \u00d7 360)<\/p>\n<p>60 Hz: 24 fps (1280 \u00d7 720, 640 \u00d7 480, 640 \u00d7 360)<\/p>\n<p>\u10d5\u10d8\u10d3\u10d4\u10dd \u10e8\u10d4\u10d9\u10e3\u10db\u10e8\u10d5\u10d0<br \/>\u10eb\u10d8\u10e0\u10d8\u10d7\u10d0\u10d3\u10d8 \u10dc\u10d0\u10d9\u10d0\u10d3\u10d8: H.265+\/H.265\/H.264+\/H.264<\/p>\n<p>\u10e5\u10d5\u10d4 \u10dc\u10d0\u10d9\u10d0\u10d3\u10d8: H.265\/H.264\/MJPEG<\/p>\n<p>\u10d5\u10d8\u10d3\u10d4\u10dd \u10d1\u10d8\u10e2\u10d8\u10e1 \u10e1\u10d8\u10ee\u10e8\u10d8\u10e0\u10d4 32 Kbps-\u10d3\u10d0\u10dc 8 Mbps-\u10db\u10d3\u10d4<br \/>H.264 TypeBaseline \u10de\u10e0\u10dd\u10e4\u10d8\u10da\u10d8\/\u10db\u10d7\u10d0\u10d5\u10d0\u10e0\u10d8 \u10de\u10e0\u10dd\u10e4\u10d8\u10da\u10d8\/\u10db\u10d0\u10e6\u10d0\u10da\u10d8 \u10de\u10e0\u10dd\u10e4\u10d8\u10da\u10d8<br \/>H.265 TypeMain \u10de\u10e0\u10dd\u10e4\u10d8\u10da\u10d8<br \/>\u10d1\u10d8\u10e2\u10d8\u10e1 \u10e1\u10d8\u10e9\u10e5\u10d0\u10e0\u10d8\u10e1 \u10d9\u10dd\u10dc\u10e2\u10e0\u10dd\u10da\u10d8 CBR\/VBR<br \/>\u10d8\u10dc\u10e2\u10d4\u10e0\u10d4\u10e1\u10d8\u10e1 \u10e0\u10d4\u10d2\u10d8\u10dd\u10dc\u10d8 (ROI)1 \u10e4\u10d8\u10e5\u10e1\u10d8\u10e0\u10d4\u10d1\u10e3\u10da\u10d8 \u10e0\u10d4\u10d2\u10d8\u10dd\u10dc\u10d8 \u10eb\u10d8\u10e0\u10d8\u10d7\u10d0\u10d3\u10d8 \u10dc\u10d0\u10d9\u10d0\u10d3\u10d8\u10e1\u10d7\u10d5\u10d8\u10e1<br \/>\u10d0\u10e3\u10d3\u10d8\u10dd<br \/>\u10d0\u10e3\u10d3\u10d8\u10dd \u10e2\u10d8\u10de\u10d8-U: \u10db\u10dd\u10dc\u10dd \u10ee\u10db\u10d0<br \/>\u10d2\u10d0\u10e0\u10d4\u10db\u10dd\u10e1 \u10ee\u10db\u10d0\u10e3\u10e0\u10d8\u10e1 \u10e4\u10d8\u10da\u10e2\u10e0\u10d0\u10ea\u10d8\u10d0-U: \u10d3\u10d8\u10d0\u10ee<br \/>\u10d0\u10e3\u10d3\u10d8\u10dd \u10e8\u10d4\u10e0\u10e9\u10d4\u10d5\u10d8\u10e1 \u10e1\u10d8\u10ee\u10e8\u10d8\u10e0\u10d4-U: 8 kHz\/16 kHz<br \/>\u10d0\u10e3\u10d3\u10d8\u10dd \u10e8\u10d4\u10d9\u10e3\u10db\u10e8\u10d5\u10d0-U: G.711ulaw\/G.711alaw\/G.722.1\/G.726\/MP2L2\/PCM\/AAC-LC<br \/>\u10d0\u10e3\u10d3\u10d8\u10dd \u10d1\u10d8\u10e2\u10d8\u10e1 \u10e1\u10d8\u10ee\u10e8\u10d8\u10e0\u10d4-U: 64 Kbps (G.711 ulaw)\/64 Kbps (G.711 alaw)\/16 Kbps (G.722.1)\/16 Kbps (G.726)\/32 \u10d3\u10d0\u10dc 160 Kbps (MP2L2)\/16 \u10d3\u10d0\u10dc 64 Kbps (AAC-LC)<br \/>\u10e5\u10e1\u10d4\u10da\u10d8<br \/>\u10e3\u10e1\u10d0\u10e4\u10e0\u10d7\u10ee\u10dd\u10d4\u10d1\u10d8\u10e1 \u10de\u10d0\u10e0\u10dd\u10da\u10d8\u10e1 \u10d3\u10d0\u10ea\u10d5\u10d0, \u10e0\u10d7\u10e3\u10da\u10d8 \u10de\u10d0\u10e0\u10dd\u10da\u10d8, \u10ed\u10d5\u10d8\u10e0\u10dc\u10d8\u10e8\u10d0\u10dc\u10d8, \u10eb\u10d8\u10e0\u10d8\u10d7\u10d0\u10d3\u10d8 \u10d3\u10d0 \u10d3\u10d0\u10d8\u10ef\u10d4\u10e1\u10e2\u10d8\u10e1 \u10d0\u10d5\u10d7\u10d4\u10dc\u10e2\u10d8\u10e4\u10d8\u10d9\u10d0\u10ea\u10d8\u10d0 HTTP, WSSE \u10d3\u10d0 \u10d3\u10d0\u10d8\u10ef\u10d4\u10e1\u10e2\u10d8\u10e1 \u10d0\u10d5\u10e2\u10dd\u10e0\u10d8\u10d6\u10d0\u10ea\u10d8\u10d0 \u10e6\u10d8\u10d0 \u10e5\u10e1\u10d4\u10da\u10d8\u10e1 \u10d5\u10d8\u10d3\u10d4\u10dd \u10d8\u10dc\u10e2\u10d4\u10e0\u10e4\u10d4\u10d8\u10e1\u10d8\u10e1\u10d7\u10d5\u10d8\u10e1, \u10e3\u10e1\u10d0\u10e4\u10e0\u10d7\u10ee\u10dd\u10d4\u10d1\u10d8\u10e1 \u10d0\u10e3\u10d3\u10d8\u10e2\u10d8\u10e1 \u10df\u10e3\u10e0\u10dc\u10d0\u10da\u10d8, \u10f0\u10dd\u10e1\u10e2\u10d8\u10e1 \u10d0\u10d5\u10e2\u10dd\u10e0\u10d8\u10d6\u10d0\u10ea\u10d8\u10d0 (MAC \u10db\u10d8\u10e1\u10d0\u10db\u10d0\u10e0\u10d7\u10d8)<br \/>\u10d4\u10e0\u10d7\u10d3\u10e0\u10dd\u10e3\u10da\u10d8 \u10de\u10d8\u10e0\u10d3\u10d0\u10de\u10d8\u10e0\u10d8 \u10ee\u10d4\u10d3\u10d5\u10d0 6 \u10d0\u10e0\u10ee\u10d0\u10db\u10d3\u10d4<br \/>APIO \u10e6\u10d8\u10d0 \u10e5\u10e1\u10d4\u10da\u10d8\u10e1 \u10d5\u10d8\u10d3\u10d4\u10dd \u10d8\u10dc\u10e2\u10d4\u10e0\u10e4\u10d4\u10d8\u10e1\u10d8 (\u10de\u10e0\u10dd\u10e4\u10d8\u10da\u10d8 S, \u10de\u10e0\u10dd\u10e4\u10d8\u10da\u10d8 G (\u10db\u10ee\u10dd\u10da\u10dd\u10d3 -F \u10db\u10dd\u10d3\u10d4\u10da\u10d8\u10e1 \u10db\u10ee\u10d0\u10e0\u10d3\u10d0\u10ed\u10d4\u10e0\u10d0), \u10de\u10e0\u10dd\u10e4\u10d8\u10da\u10d8 T), ISAPI, SDK<br \/>\u10de\u10e0\u10dd\u10e2\u10dd\u10d9\u10dd\u10da\u10d4\u10d1\u10d8TCP\/IP, ICMP, DHCP, DNS, HTTP, RTP, RTSP, NTP, IGMP, IPv6, UDP, QoS, FTP, SMTP<br \/>\u10db\u10dd\u10db\u10ee\u10db\u10d0\u10e0\u10d4\u10d1\u10d4\u10da\u10d8\/\u10db\u10d0\u10e1\u10de\u10d8\u10dc\u10eb\u10d4\u10da\u10d8<br \/>32-\u10db\u10d3\u10d4 \u10db\u10dd\u10db\u10ee\u10db\u10d0\u10e0\u10d4\u10d1\u10d4\u10da\u10d8<\/p>\n<p>3 \u10d3\u10dd\u10dc\u10d4: \u10d0\u10d3\u10db\u10d8\u10dc\u10d8\u10e1\u10e2\u10e0\u10d0\u10e2\u10dd\u10e0\u10d8, \u10dd\u10de\u10d4\u10e0\u10d0\u10e2\u10dd\u10e0\u10d8 \u10d3\u10d0 \u10db\u10dd\u10db\u10ee\u10db\u10d0\u10e0\u10d4\u10d1\u10d4\u10da\u10d8<\/p>\n<p>ClientiVMS-4200, Hik-Connect<br \/>\u10d5\u10d4\u10d1 \u10d1\u10e0\u10d0\u10e3\u10d6\u10d4\u10e0\u10d8<br \/>\u10d3\u10d0\u10dc\u10d0\u10db\u10d0\u10e2\u10d8\u10e1 \u10e1\u10d0\u10ed\u10d8\u10e0\u10dd \u10de\u10d8\u10e0\u10d3\u10d0\u10de\u10d8\u10e0\u10d8 \u10ee\u10d4\u10d3\u10d5\u10d0: IE 10, IE 11<\/p>\n<p>\u10d0\u10d3\u10d2\u10d8\u10da\u10dd\u10d1\u10e0\u10d8\u10d5\u10d8 \u10e1\u10d4\u10e0\u10d5\u10d8\u10e1\u10d8: Chrome 57.0+, Firefox 52.0+<\/p>\n<p>\u10d2\u10d0\u10db\u10dd\u10e1\u10d0\u10ee\u10e3\u10da\u10d4\u10d1\u10d0<br \/>\u10e4\u10d0\u10e0\u10d7\u10dd \u10d3\u10d8\u10dc\u10d0\u10db\u10d8\u10e3\u10e0\u10d8 \u10d3\u10d8\u10d0\u10de\u10d0\u10d6\u10dd\u10dc\u10d8 (WDR) 120 \u10d3\u10d1<br \/>SNR\u2265 52 dB<br \/>\u10d3\u10e6\u10d4\/\u10e6\u10d0\u10db\u10d8\u10e1 \u10e8\u10d4\u10ea\u10d5\u10da\u10d0 \u10d3\u10e6\u10d4, \u10e6\u10d0\u10db\u10d4, \u10d0\u10d5\u10e2\u10dd\u10db\u10d0\u10e2\u10e3\u10e0\u10d8, \u10d2\u10d0\u10dc\u10e0\u10d8\u10d2\u10d8<br \/>\u10d2\u10d0\u10db\u10dd\u10e1\u10d0\u10ee\u10e3\u10da\u10d4\u10d1\u10d8\u10e1 \u10d2\u10d0\u10e3\u10db\u10ef\u10dd\u10d1\u10d4\u10e1\u10d4\u10d1\u10d0BLC, HLC, 3D DNR<br \/>\u10e1\u10e3\u10e0\u10d0\u10d7\u10d8\u10e1 \u10de\u10d0\u10e0\u10d0\u10db\u10d4\u10e2\u10e0\u10d4\u10d1\u10d8 \u10d1\u10e0\u10e3\u10dc\u10d5\u10d8\u10e1 \u10e0\u10d4\u10df\u10d8\u10db\u10d8, \u10d2\u10d0\u10ef\u10d4\u10e0\u10d4\u10d1\u10d0, \u10e1\u10d8\u10d9\u10d0\u10e8\u10d9\u10d0\u10e8\u10d4, \u10d9\u10dd\u10dc\u10e2\u10e0\u10d0\u10e1\u10e2\u10d8, \u10e1\u10d8\u10db\u10d9\u10d5\u10d4\u10d7\u10e0\u10d4, \u10db\u10dd\u10db\u10d0\u10e2\u10d4\u10d1\u10d0, \u10d7\u10d4\u10d7\u10e0\u10d8 \u10d1\u10d0\u10da\u10d0\u10dc\u10e1\u10d8, \u10e0\u10d4\u10d2\u10e3\u10da\u10d8\u10e0\u10d4\u10d1\u10d0\u10d3\u10d8 \u10d9\u10da\u10d8\u10d4\u10dc\u10e2\u10d8\u10e1 \u10de\u10e0\u10dd\u10d2\u10e0\u10d0\u10db\u10e3\u10da\u10d8 \u10e3\u10d6\u10e0\u10e3\u10dc\u10d5\u10d4\u10da\u10e7\u10dd\u10e4\u10d8\u10e1 \u10d0\u10dc \u10d5\u10d4\u10d1-\u10d3\u10d0\u10d7\u10d5\u10d0\u10da\u10d8\u10d4\u10e0\u10d4\u10d1\u10d8\u10e1 \u10e1\u10d0\u10e8\u10e3\u10d0\u10da\u10d4\u10d1\u10d8\u10d7<br \/>Privacy Mask4 \u10d9\u10dd\u10dc\u10e4\u10d8\u10d3\u10d4\u10dc\u10ea\u10d8\u10d0\u10da\u10e3\u10e0\u10dd\u10d1\u10d8\u10e1 \u10dc\u10d8\u10e6\u10d1\u10d8\u10e1 \u10e0\u10d4\u10d2\u10d8\u10dd\u10dc\u10d4\u10d1\u10d8<br \/>\u10d8\u10dc\u10e2\u10d4\u10e0\u10e4\u10d4\u10d8\u10e1\u10d8<br \/>Ethernet \u10d8\u10dc\u10e2\u10d4\u10e0\u10e4\u10d4\u10d8\u10e1\u10d81 RJ45 10 M\/100 M \u10d7\u10d5\u10d8\u10d7\u10d0\u10d3\u10d0\u10de\u10e2\u10d8\u10e0\u10d4\u10d1\u10d0\u10d3\u10d8 Ethernet \u10de\u10dd\u10e0\u10e2\u10d8<br \/>On-Board Storage-F: \u10e9\u10d0\u10e8\u10d4\u10dc\u10d4\u10d1\u10e3\u10da\u10d8 \u10db\u10d4\u10ee\u10e1\u10d8\u10d4\u10e0\u10d4\u10d1\u10d8\u10e1 \u10d1\u10d0\u10e0\u10d0\u10d7\u10d8\u10e1 \u10e1\u10da\u10dd\u10e2\u10d8, microSD\/microSDHC\/microSDXC \u10d1\u10d0\u10e0\u10d0\u10d7\u10d8\u10e1 \u10db\u10ee\u10d0\u10e0\u10d3\u10d0\u10ed\u10d4\u10e0\u10d0, 256 \u10d2\u10d1-\u10db\u10d3\u10d4<br \/>\u10e9\u10d0\u10db\u10dd\u10dc\u10e2\u10d0\u10df\u10d4\u10d1\u10e3\u10da\u10d8 \u10db\u10d8\u10d9\u10e0\u10dd\u10e4\u10dd\u10dc\u10d8-U: \u10d3\u10d8\u10d0\u10ee<br \/>\u10d2\u10d0\u10d3\u10d0\u10e2\u10d5\u10d8\u10e0\u10d7\u10d5\u10d8\u10e1 \u10d2\u10d0\u10e1\u10d0\u10e6\u10d4\u10d1\u10d8<br \/>-\u10e4: \u10d3\u10d8\u10d0\u10ee<\/p>\n<p>\u10e6\u10dd\u10dc\u10d8\u10e1\u10eb\u10d8\u10d4\u10d1\u10d0<br \/>\u10eb\u10d8\u10e0\u10d8\u10d7\u10d0\u10d3\u10d8 \u10db\u10dd\u10d5\u10da\u10d4\u10dc\u10d8\u10e1 \u10db\u10dd\u10eb\u10e0\u10d0\u10dd\u10d1\u10d8\u10e1 \u10d2\u10d0\u10db\u10dd\u10d5\u10da\u10d4\u10dc\u10d0 (\u10d2\u10d0\u10dc\u10d2\u10d0\u10e8\u10d8\u10e1 \u10d0\u10db\u10dd\u10e5\u10db\u10d4\u10d3\u10d4\u10d1\u10d8\u10e1 \u10db\u10ee\u10d0\u10e0\u10d3\u10d0\u10ed\u10d4\u10e0\u10d0 \u10db\u10d8\u10d7\u10d8\u10d7\u10d4\u10d1\u10e3\u10da\u10d8 \u10e1\u10d0\u10db\u10d8\u10d6\u10dc\u10d4 \u10e2\u10d8\u10de\u10d4\u10d1\u10d8\u10e1 \u10db\u10d8\u10ee\u10d4\u10d3\u10d5\u10d8\u10d7 (\u10d0\u10d3\u10d0\u10db\u10d8\u10d0\u10dc\u10d8 \u10d3\u10d0 \u10db\u10d0\u10dc\u10e5\u10d0\u10dc\u10d0)), \u10d5\u10d8\u10d3\u10d4\u10dd \u10e8\u10d4\u10e4\u10d4\u10e0\u10ee\u10d4\u10d1\u10d8\u10e1 \u10e1\u10d8\u10d2\u10dc\u10d0\u10da\u10d8\u10d6\u10d0\u10ea\u10d8\u10d0, \u10d2\u10d0\u10db\u10dd\u10dc\u10d0\u10d9\u10da\u10d8\u10e1\u10d8<br \/>Linkage\u10d0\u10e2\u10d5\u10d8\u10e0\u10d7\u10d4\u10d7 FTP\/\u10db\u10d4\u10ee\u10e1\u10d8\u10d4\u10e0\u10d4\u10d1\u10d8\u10e1 \u10d1\u10d0\u10e0\u10d0\u10d7\u10d6\u10d4 (-F), \u10d2\u10d0\u10d2\u10d6\u10d0\u10d5\u10dc\u10d4\u10d7 \u10d4\u10da\u10e4\u10dd\u10e1\u10e2\u10d0, \u10e8\u10d4\u10d0\u10e2\u10e7\u10dd\u10d1\u10d8\u10dc\u10d4\u10d7 \u10e1\u10d0\u10d7\u10d5\u10d0\u10da\u10d7\u10d5\u10d0\u10da\u10dd \u10ea\u10d4\u10dc\u10e2\u10e0\u10e1, \u10e9\u10d0\u10ec\u10d4\u10e0\u10d8\u10e1 \u10e9\u10d0\u10e0\u10d7\u10d5\u10d0 (-F), \u10e2\u10e0\u10d8\u10d2\u10d4\u10e0\u10d8\u10e1 \u10d3\u10d0\u10ed\u10d4\u10e0\u10d0<br \/>\u10d2\u10d4\u10dc\u10d4\u10e0\u10d0\u10da\u10d8<br \/>\u10eb\u10d0\u10da\u10d0\u10e3\u10e4\u10da\u10d4\u10d1\u10d0<br \/>12 VDC \u00b1 25%, 0.91 A, \u10db\u10d0\u10e5\u10e1. 11 W, \u00d85.5 \u10db\u10db \u10d9\u10dd\u10d0\u10e5\u10e1\u10d8\u10d0\u10da\u10e3\u10e0\u10d8 \u10d3\u10d4\u10dc\u10d8\u10e1 \u10e8\u10e2\u10d4\u10e4\u10e1\u10d4\u10da\u10d8, \u10e1\u10d0\u10de\u10d8\u10e0\u10d8\u10e1\u10de\u10d8\u10e0\u10dd \u10de\u10dd\u10da\u10d0\u10e0\u10dd\u10d1\u10d8\u10e1 \u10d3\u10d0\u10ea\u10d5\u10d0,<\/p>\n<p>PoE: 802.3af, \u10d9\u10da\u10d0\u10e1\u10d8 3, 36 V-\u10d3\u10d0\u10dc 57 V-\u10db\u10d3\u10d4, 0.34 A-\u10d3\u10d0\u10dc 0.21 A-\u10db\u10d3\u10d4, \u10db\u10d0\u10e5\u10e1. 12,5 \u10d5\u10e2<\/p>\n<p>\u10db\u10d0\u10e1\u10d0\u10da\u10d0 \u10ec\u10d8\u10dc\u10d0 \u10e1\u10d0\u10e4\u10d0\u10e0\u10d8: \u10db\u10d4\u10e2\u10d0\u10da\u10d8, \u10d9\u10dd\u10e0\u10de\u10e3\u10e1\u10d8: \u10de\u10da\u10d0\u10e1\u10e2\u10db\u10d0\u10e1\u10d8, \u10e1\u10d0\u10db\u10d0\u10d2\u10e0\u10d8: \u10de\u10da\u10d0\u10e1\u10e2\u10db\u10d0\u10e1\u10d8<br \/>\u10d6\u10dd\u10db\u10d0 197.1 \u10db\u10db \u00d7 105 \u10db\u10db \u00d7 225.4 \u10db\u10db (7.8&#8243; \u00d7 4.1&#8243; \u00d7 8.9&#8243;)<br \/>\u10de\u10d0\u10d9\u10d4\u10e2\u10d8\u10e1 \u10d6\u10dd\u10db\u10d0 300 \u10db\u10db \u00d7 266 \u10db\u10db \u00d7 172 \u10db\u10db (11.8&#8243; \u00d7 10.4&#8243; \u00d7 6.8&#8243;)<br \/>\u10ec\u10dd\u10dc\u10d0 \u10d3\u10d0\u10d0\u10ee\u10da. 900 \u10d2 (2.0 \u10e4\u10e3\u10dc\u10e2\u10d8)<br \/>\u10de\u10d0\u10d9\u10d4\u10e2\u10d8\u10e1 \u10ec\u10dd\u10dc\u10d8\u10d7 \u10d3\u10d0\u10d0\u10ee\u10da. 1520 \u10d2 (3,3 \u10e4\u10e3\u10dc\u10e2\u10d8)<br \/>\u10e8\u10d4\u10dc\u10d0\u10ee\u10d5\u10d8\u10e1 \u10de\u10d8\u10e0\u10dd\u10d1\u10d4\u10d1\u10d8-30 \u00b0C-\u10d3\u10d0\u10dc 60 \u00b0C-\u10db\u10d3\u10d4 (-22 \u00b0F-\u10d3\u10d0\u10dc 140 \u00b0F-\u10db\u10d3\u10d4). \u10e2\u10d4\u10dc\u10d8\u10d0\u10dc\u10dd\u10d1\u10d0 95% \u10d0\u10dc \u10dc\u10d0\u10d9\u10da\u10d4\u10d1\u10d8 (\u10d0\u10e0\u10d0\u10d9\u10dd\u10dc\u10d3\u10d4\u10dc\u10e1\u10d8\u10e0\u10d4\u10d1\u10d0\u10d3\u10d8)<br \/>\u10d2\u10d0\u10e8\u10d5\u10d4\u10d1\u10d8\u10e1 \u10d3\u10d0 \u10db\u10e3\u10e8\u10d0\u10dd\u10d1\u10d8\u10e1 \u10de\u10d8\u10e0\u10dd\u10d1\u10d4\u10d1\u10d8-30 \u00b0C-\u10d3\u10d0\u10dc 60 \u00b0C-\u10db\u10d3\u10d4 (-22 \u00b0F-\u10d3\u10d0\u10dc 140 \u00b0F-\u10db\u10d3\u10d4). \u10e2\u10d4\u10dc\u10d8\u10d0\u10dc\u10dd\u10d1\u10d0 95% \u10d0\u10dc \u10dc\u10d0\u10d9\u10da\u10d4\u10d1\u10d8 (\u10d0\u10e0\u10d0\u10d9\u10dd\u10dc\u10d3\u10d4\u10dc\u10e1\u10d8\u10e0\u10d4\u10d1\u10d0\u10d3\u10d8)<br \/>\u10d4\u10dc\u10d0 \u10d8\u10dc\u10d2\u10da\u10d8\u10e1\u10e3\u10e0\u10d8, \u10e3\u10d9\u10e0\u10d0\u10d8\u10dc\u10e3\u10da\u10d8<br \/>\u10d6\u10dd\u10d2\u10d0\u10d3\u10d8 \u10e4\u10e3\u10dc\u10e5\u10ea\u10d8\u10d0 \u10d1\u10d0\u10dc\u10d3\u10d4\u10d1\u10d8\u10e1 \u10e1\u10d0\u10ec\u10d8\u10dc\u10d0\u10d0\u10e6\u10db\u10d3\u10d4\u10d2\u10dd, \u10d2\u10e3\u10da\u10d8\u10e1\u10ea\u10d4\u10db\u10d0, \u10de\u10d0\u10e0\u10dd\u10da\u10d8\u10e1 \u10d3\u10d0\u10ea\u10d5\u10d0, \u10de\u10d0\u10e0\u10dd\u10da\u10d8\u10e1 \u10d2\u10d0\u10d3\u10d0\u10e2\u10d5\u10d8\u10e0\u10d7\u10d5\u10d0 \u10d4\u10da\u10d4\u10e5\u10e2\u10e0\u10dd\u10dc\u10e3\u10da\u10d8 \u10e4\u10dd\u10e1\u10e2\u10d8\u10d7<br \/>\u10d3\u10d0\u10db\u10e2\u10d9\u10d8\u10ea\u10d4\u10d1\u10d0<br \/>EMC<br \/>CE-EMC: EN 55032: 2015, EN 61000-3-2:2019, EN 61000-3-3: 2013+A1:2019, EN 50130-4: 2011 +A1: 2014,<\/p>\n<p>RCM: AS\/NZS CISPR 32: 2015,<\/p>\n<p>IC: ICES-003: \u10d2\u10d0\u10db\u10dd\u10ea\u10d4\u10db\u10d0 7,<\/p>\n<p>KC: KN32: 2015, KN35: 2015,FCC: 47 CFR \u10dc\u10d0\u10ec\u10d8\u10da\u10d8 15, \u10e5\u10d5\u10d4\u10dc\u10d0\u10ec\u10d8\u10da\u10d8 B<\/p>\n<p>\u10e3\u10e1\u10d0\u10e4\u10e0\u10d7\u10ee\u10dd\u10d4\u10d1\u10d0<br \/>UL: UL 62368-1,<\/p>\n<p>CB: IEC 62368-1: 2014+A11,<\/p>\n<p>CE-LVD: EN 62368-1: 2014\/A11: 2017,<\/p>\n<p>BIS: IS 13252 (\u10dc\u10d0\u10ec\u10d8\u10da\u10d8 1): 2010\/IEC 60950-1: 2005 \u10ec.<\/p>\n<p>\u10d2\u10d0\u10e0\u10d4\u10db\u10dd<br \/>CE-RoHS: 2011\/65\/EU,<\/p>\n<p>WEEE: 2012\/19\/EU,<\/p>\n<p>\u10db\u10d8\u10e6\u10ec\u10d4\u10d5\u10d0: \u10e0\u10d4\u10d2\u10e3\u10da\u10d0\u10ea\u10d8\u10d0 (EC) No 1907\/2006<\/p>\n<p>\u10d3\u10d0\u10ea\u10d5\u10d0 IP66: IEC 60529-2013<\/p>\n","protected":false},"excerpt":{"rendered":"<p>\u10d9\u10d0\u10db\u10d4\u10e0\u10d0\u10e1\u10e3\u10e0\u10d0\u10d7\u10d8\u10e1 \u10e1\u10d4\u10dc\u10e1\u10dd\u10e0\u10d8 1\/3&#8243; \u10de\u10e0\u10dd\u10d2\u10e0\u10d4\u10e1\u10e3\u10da\u10d8 \u10e1\u10d9\u10d0\u10dc\u10d8\u10e0\u10d4\u10d1\u10d0 CMOS\u10db\u10d0\u10e5\u10e1. \u10d2\u10d0\u10e0\u10e9\u10d4\u10d5\u10d0\u10d3\u10dd\u10d1\u10d0 2560 \u00d7 1440\u10db\u10d8\u10dc. \u10d2\u10d0\u10dc\u10d0\u10d7\u10d4\u10d1\u10d8\u10e1 \u10e4\u10d4\u10e0\u10d8: 0.001 \u10da\u10e3\u10e5\u10e1\u10d8 @ (F1.0, AGC ON), 0 \u10da\u10e3\u10e5\u10e1\u10d8<\/p>\n","protected":false},"featured_media":34906,"comment_status":"open","ping_status":"closed","template":"","meta":[],"product_brand":[],"product_cat":[826,820],"product_tag":[],"class_list":{"0":"post-34907","1":"product","2":"type-product","3":"status-publish","4":"has-post-thumbnail","6":"product_cat-4mp-ip-cameras","7":"product_cat-wall-mounting-cabinets","9":"first","10":"instock","11":"taxable","12":"shipping-taxable","13":"purchasable","14":"product-type-simple"},"_links":{"self":[{"href":"https:\/\/iterra.ge\/en\/wp-json\/wp\/v2\/product\/34907","targetHints":{"allow":["GET"]}}],"collection":[{"href":"https:\/\/iterra.ge\/en\/wp-json\/wp\/v2\/product"}],"about":[{"href":"https:\/\/iterra.ge\/en\/wp-json\/wp\/v2\/types\/product"}],"replies":[{"embeddable":true,"href":"https:\/\/iterra.ge\/en\/wp-json\/wp\/v2\/comments?post=34907"}],"version-history":[{"count":1,"href":"https:\/\/iterra.ge\/en\/wp-json\/wp\/v2\/product\/34907\/revisions"}],"predecessor-version":[{"id":65608,"href":"https:\/\/iterra.ge\/en\/wp-json\/wp\/v2\/product\/34907\/revisions\/65608"}],"wp:featuredmedia":[{"embeddable":true,"href":"https:\/\/iterra.ge\/en\/wp-json\/wp\/v2\/media\/34906"}],"wp:attachment":[{"href":"https:\/\/iterra.ge\/en\/wp-json\/wp\/v2\/media?parent=34907"}],"wp:term":[{"taxonomy":"product_brand","embeddable":true,"href":"https:\/\/iterra.ge\/en\/wp-json\/wp\/v2\/product_brand?post=34907"},{"taxonomy":"product_cat","embeddable":true,"href":"https:\/\/iterra.ge\/en\/wp-json\/wp\/v2\/product_cat?post=34907"},{"taxonomy":"product_tag","embeddable":true,"href":"https:\/\/iterra.ge\/en\/wp-json\/wp\/v2\/product_tag?post=34907"}],"curies":[{"name":"wp","href":"https:\/\/api.w.org\/{rel}","templated":true}]}}