{"id":34951,"date":"2025-06-12T10:54:56","date_gmt":"2025-06-12T06:54:56","guid":{"rendered":"https:\/\/iterra.ge\/product\/%e1%83%a9%e1%83%90%e1%83%9b%e1%83%ac%e1%83%94%e1%83%a0%e1%83%98dvr-hikvision-ids-7208huhi-m1-fa-c-1sata8chface-recrec\/"},"modified":"2026-02-25T00:01:04","modified_gmt":"2026-02-25T00:01:04","slug":"%e1%83%a9%e1%83%90%e1%83%9b%e1%83%ac%e1%83%94%e1%83%a0%e1%83%98dvr-hikvision-ids-7208huhi-m1-fa-c-1sata8chface-recrec","status":"publish","type":"product","link":"https:\/\/iterra.ge\/en\/product\/%e1%83%a9%e1%83%90%e1%83%9b%e1%83%ac%e1%83%94%e1%83%a0%e1%83%98dvr-hikvision-ids-7208huhi-m1-fa-c-1sata8chface-recrec\/","title":{"rendered":"\u10e9\u10d0\u10db\u10ec\u10d4\u10e0\u10d8,DVR Hikvision, iDS-7208HUHI-M1\/FA (C), 1sata,8ch,Face Rec,Rec,,,,"},"content":{"rendered":"<p>\u10e1\u10d0\u10ee\u10d8\u10e1 \u10d0\u10db\u10dd\u10ea\u10dc\u10dd\u10d1\u10d0<br \/>\u10e1\u10d0\u10ee\u10d8\u10e1 \u10e1\u10e3\u10e0\u10d0\u10d7\u10d4\u10d1\u10d8\u10e1 \u10d1\u10d8\u10d1\u10da\u10d8\u10dd\u10d7\u10d4\u10d9\u10d0 16-\u10db\u10d3\u10d4 \u10e1\u10d0\u10ee\u10d8\u10e1 \u10e1\u10e3\u10e0\u10d0\u10d7\u10d4\u10d1\u10d8\u10e1 \u10d1\u10d8\u10d1\u10da\u10d8\u10dd\u10d7\u10d4\u10d9\u10d0, \u10e1\u10e3\u10da 5000-\u10db\u10d3\u10d4 \u10e1\u10d0\u10ee\u10d8\u10e1 \u10e1\u10e3\u10e0\u10d0\u10d7\u10d8\u10d7 (\u10d7\u10d8\u10d7\u10dd\u10d4\u10e3\u10da\u10d8 \u10e1\u10e3\u10e0\u10d0\u10d7\u10d8 \u2264 1 \u10db\u10d1, \u10e1\u10d0\u10d4\u10e0\u10d7\u10dd \u10db\u10dd\u10ea\u10e3\u10da\u10dd\u10d1\u10d0 \u2264 80 \u10db\u10d1)<br \/>\u10e1\u10d0\u10ee\u10d8\u10e1 \u10e1\u10e3\u10e0\u10d0\u10d7\u10d4\u10d1\u10d8\u10e1 \u10e8\u10d4\u10d3\u10d0\u10e0\u10d4\u10d1\u10d0 1-\u10e9-\u10d8\u10d0\u10dc\u10d8 \u10e1\u10d0\u10ee\u10d8\u10e1 \u10e1\u10e3\u10e0\u10d0\u10d7\u10d8\u10e1 \u10e8\u10d4\u10d3\u10d0\u10e0\u10d4\u10d1\u10d8\u10e1 \u10e1\u10d8\u10d2\u10dc\u10d0\u10da\u10d8\u10d6\u10d0\u10ea\u10d8\u10d0 (HD \u10d0\u10dc\u10d0\u10da\u10dd\u10d2\u10e3\u10e0\u10d8 \u10d9\u10d0\u10db\u10d4\u10e0\u10d0)<br \/>\u10de\u10d4\u10e0\u10d8\u10db\u10d4\u10e2\u10e0\u10d8\u10e1 \u10d3\u10d0\u10ea\u10d5\u10d0<br \/>\u10d0\u10d3\u10d0\u10db\u10d8\u10d0\u10dc\u10d8\u10e1\/\u10e1\u10d0\u10e2\u10e0\u10d0\u10dc\u10e1\u10de\u10dd\u10e0\u10e2\u10dd \u10e1\u10d0\u10e8\u10e3\u10d0\u10da\u10d4\u10d1\u10d8\u10e1 \u10d0\u10dc\u10d0\u10da\u10d8\u10d6\u10d8 4-\u10e9-\u10db\u10d3\u10d4<br \/>\u10e1\u10d0\u10ee\u10d8\u10e1 \u10d0\u10db\u10dd\u10ea\u10dc\u10dd\u10d1\u10d0<br \/>\u10e1\u10d0\u10ee\u10d8\u10e1 \u10d0\u10db\u10dd\u10ea\u10dc\u10dd\u10d1\u10d0 \u10d3\u10d0 CaptureFace \u10e1\u10e3\u10e0\u10d0\u10d7\u10d8\u10e1 \u10d0\u10db\u10dd\u10ea\u10dc\u10dd\u10d1\u10d0, \u10e1\u10d0\u10ee\u10d8\u10e1 \u10e1\u10e3\u10e0\u10d0\u10d7\u10d4\u10d1\u10d8\u10e1 \u10eb\u10d4\u10d1\u10dc\u10d0<br \/>\u10d5\u10d8\u10d3\u10d4\u10dd \u10d3\u10d0 \u10d0\u10e3\u10d3\u10d8\u10dd<br \/>IP \u10d5\u10d8\u10d3\u10d4\u10dd \u10e8\u10d4\u10e7\u10d5\u10d0\u10dc\u10d0<br \/>4-ch (12-ch-\u10db\u10d3\u10d4)<\/p>\n<p>8 MP-\u10db\u10d3\u10d4 \u10d2\u10d0\u10e0\u10e9\u10d4\u10d5\u10d0\u10d3\u10dd\u10d1\u10d0<\/p>\n<p>IP \u10d2\u10d0\u10e3\u10db\u10ef\u10dd\u10d1\u10d4\u10e1\u10d4\u10d1\u10e3\u10da\u10d8 \u10e0\u10d4\u10df\u10d8\u10db\u10d8:<\/p>\n<p>8-ch (16-ch-\u10db\u10d3\u10d4), \u10d7\u10d8\u10d7\u10dd\u10d4\u10e3\u10da\u10d8 4 Mbps-\u10db\u10d3\u10d4<\/p>\n<p>H.265+\/H.265\/H.264+\/H.264 IP \u10d9\u10d0\u10db\u10d4\u10e0\u10d4\u10d1\u10d8\u10e1 \u10db\u10ee\u10d0\u10e0\u10d3\u10d0\u10ed\u10d4\u10e0\u10d0<\/p>\n<p>\u10d0\u10dc\u10d0\u10da\u10dd\u10d2\u10e3\u10e0\u10d8 \u10d5\u10d8\u10d3\u10d4\u10dd \u10e8\u10d4\u10e7\u10d5\u10d0\u10dc\u10d0<br \/>8-\u10e9<\/p>\n<p>BNC \u10d8\u10dc\u10e2\u10d4\u10e0\u10e4\u10d4\u10d8\u10e1\u10d8 (1.0 Vp-p, 75 \u03a9), \u10db\u10ee\u10d0\u10e0\u10e1 \u10e3\u10ed\u10d4\u10e0\u10e1 \u10d9\u10dd\u10d0\u10e5\u10e1\u10d8\u10e2\u10e0\u10dd\u10dc\u10e1<\/p>\n<p>HDMI \u10d2\u10d0\u10db\u10dd\u10db\u10d0\u10d5\u10d0\u10da\u10d8<br \/>1-ch, 4K (3840 \u00d7 2160)\/30 Hz,<\/p>\n<p>2K (2560 \u00d7 1440)\/60 \u10f0\u10ea,<\/p>\n<p>1920 \u00d7 1080\/60 \u10f0\u10ea,<\/p>\n<p>1280 \u00d7 1024\/60 \u10f0\u10ea,<\/p>\n<p>1280 \u00d7 720\/60 \u10f0\u10ea<\/p>\n<p>HDMI\/VGA \u10d4\u10e0\u10d7\u10d3\u10e0\u10dd\u10e3\u10da\u10d8 \u10d2\u10d0\u10db\u10dd\u10db\u10d0\u10d5\u10d0\u10da\u10d8<\/p>\n<p>VGA \u10d2\u10d0\u10db\u10dd\u10db\u10d0\u10d5\u10d0\u10da\u10d8<br \/>1-ch, 1920 \u00d7 1080\/60 Hz,<\/p>\n<p>1280 \u00d7 1024\/60 \u10f0\u10ea,<\/p>\n<p>1280 \u00d7 720\/60 \u10f0\u10ea<\/p>\n<p>HDMI\/VGA \u10d4\u10e0\u10d7\u10d3\u10e0\u10dd\u10e3\u10da\u10d8 \u10d2\u10d0\u10db\u10dd\u10db\u10d0\u10d5\u10d0\u10da\u10d8<\/p>\n<p>CVBS InputPAL\/NTSC<br \/>CVBS \u10d2\u10d0\u10db\u10dd\u10db\u10d0\u10d5\u10d0\u10da\u10d8<br \/>1-ch, BNC (1.0 Vp-p, 75 \u03a9),<\/p>\n<p>\u10d2\u10d0\u10e0\u10e9\u10d4\u10d5\u10d0\u10d3\u10dd\u10d1\u10d0: PAL: 704 \u00d7 576, NTSC: 704 \u00d7 480<\/p>\n<p>\u10e1\u10d8\u10dc\u10e5\u10e0\u10dd\u10dc\u10e3\u10da\u10d8 \u10d3\u10d0\u10d9\u10d5\u10e0\u10d0 8-\u10e9<br \/>HDTVI \u10e8\u10d4\u10e7\u10d5\u10d0\u10dc\u10d0 8 MP(3840 \u00d7 2160) @ 15 fps, 8 MP (3840 \u00d7 2160) @ 12 fps, 3K (2960 x 1665) @ 20 fps, 5 MP (2560 \u00d7 1944) @ 20 fps, 5 4 \u00d7 1 )@12 fps, 4 MP(2560 \u00d7 1440) @ 30 fps, 4 MP (2560 \u00d7 1440)@25 fps, 3 MP@18 fps, 1080p@30 fps, 1080p@25 fps, 720p@30 fps, 7 25 fps<br \/>AHD \u10e8\u10d4\u10e7\u10d5\u10d0\u10dc\u10d0 5 MP (2560 \u00d7 1944) @ 20 fps, 5 MP (2560 \u00d7 1944) @ 12 fps, 4 MP (2560 \u00d7 1440) @ 30 fps, 4 MP (2560 \u00d7 1440) @ 25 fps, 3 fps, 1080, p 1080p@25 fps, 720p@30 fps, 720p@25 fps<br \/>HDCVI \u10e8\u10d4\u10e7\u10d5\u10d0\u10dc\u10d0 8 MP (3840 \u00d7 2160) @ 15 fps, 8 MP (3840 \u00d7 2160) @ 12 fps, 5 MP (2592 \u00d7 1944) @ 20 fps, 4 MP (2560 \u00d7 1440) @ 30 fps, 4 \u00d7 2 1440)@25 fps, 1080p@30 fps, 1080p@25 fps, 720p@30 fps, 720p@25 fps<br \/>\u10d0\u10e3\u10d3\u10d8\u10dd \u10d2\u10d0\u10db\u10dd\u10db\u10d0\u10d5\u10d0\u10da\u10d8 1-ch, RCA (\u10ee\u10d0\u10d6\u10dd\u10d5\u10d0\u10dc\u10d8, 1 K\u03a9)<br \/>\u10d0\u10e3\u10d3\u10d8\u10dd \u10e8\u10d4\u10e7\u10d5\u10d0\u10dc\u10d0 1-ch, RCA (2.0 Vp-p, 1 K\u03a9); 8-\u10e9 \u10d9\u10dd\u10d0\u10e5\u10e1\u10d8\u10d0\u10da\u10e3\u10e0\u10d8 \u10d9\u10d0\u10d1\u10d4\u10da\u10d8\u10e1 \u10db\u10d4\u10e8\u10d5\u10d4\u10dd\u10d1\u10d8\u10d7<br \/>\u10dd\u10e0\u10db\u10ee\u10e0\u10d8\u10d5\u10d8 \u10d0\u10e3\u10d3\u10d8\u10dd1-ch, RCA (2.0 Vp-p, 1 K\u03a9) (\u10de\u10d8\u10e0\u10d5\u10d4\u10da\u10d8 \u10d0\u10e3\u10d3\u10d8\u10dd \u10e8\u10d4\u10e7\u10d5\u10d0\u10dc\u10d8\u10e1 \u10d2\u10d0\u10db\u10dd\u10e7\u10d4\u10dc\u10d4\u10d1\u10d8\u10d7)<br \/>\u10e9\u10d0\u10ec\u10d4\u10e0\u10d0<br \/>\u10d5\u10d8\u10d3\u10d4\u10dd \u10e8\u10d4\u10d9\u10e3\u10db\u10e8\u10d5\u10d0 H.265 Pro+\/H.265 Pro\/H.265\/H.264+\/H.264<br \/>\u10d9\u10dd\u10d3\u10d8\u10e0\u10d4\u10d1\u10d8\u10e1 \u10d2\u10d0\u10e0\u10e9\u10d4\u10d5\u10d0\u10d3\u10dd\u10d1\u10d0 8 MP\/5 MP\/3K\/4 MP\/3 MP\/1080p\/720p\/WD1\/4CIF\/VGA\/CIF<br \/>\u10d9\u10d0\u10d3\u10e0\u10d4\u10d1\u10d8\u10e1 \u10e1\u10d8\u10ee\u10e8\u10d8\u10e0\u10d4<br \/>\u10db\u10d7\u10d0\u10d5\u10d0\u10e0\u10d8 \u10dc\u10d0\u10d9\u10d0\u10d3\u10d8:<\/p>\n<p>8 MP@8 fps\/3K@12 fps\/5 MP@12 fps\/4 MP@15 fps\/8 MP Lite@15 fps\/3 MP@18 fps<\/p>\n<p>1080p\/720p\/WD1\/4CIF\/VGA\/CIF@25 fps (P)\/30 fps (N)<\/p>\n<p>\u10e5\u10d5\u10d4\u10dc\u10d0\u10d9\u10d0\u10d3\u10d8:<\/p>\n<p>WD1\/4CIF\/CIF@25 fps (P)\/30 fps (N)<\/p>\n<p>\u10d5\u10d8\u10d3\u10d4\u10dd \u10d1\u10d8\u10e2\u10d8\u10e1 \u10e1\u10d8\u10e9\u10e5\u10d0\u10e0\u10d4 32 Kbps-\u10d3\u10d0\u10dc 10 Mbps-\u10db\u10d3\u10d4<br \/>\u10dd\u10e0\u10db\u10d0\u10d2\u10d8 \u10dc\u10d0\u10d9\u10d0\u10d3\u10d8\u10e1 \u10db\u10ee\u10d0\u10e0\u10d3\u10d0\u10ed\u10d4\u10e0\u10d0<br \/>\u10dc\u10d0\u10d9\u10d0\u10d3\u10d8\u10e1 \u10e2\u10d8\u10de\u10d8 \u10d5\u10d8\u10d3\u10d4\u10dd, \u10d5\u10d8\u10d3\u10d4\u10dd \u10d3\u10d0 \u10d0\u10e3\u10d3\u10d8\u10dd<br \/>\u10d0\u10e3\u10d3\u10d8\u10dd \u10e8\u10d4\u10d9\u10e3\u10db\u10e8\u10d5\u10d0 G.711u<br \/>\u10d0\u10e3\u10d3\u10d8\u10dd \u10d1\u10d8\u10e2\u10d8\u10e1 \u10e1\u10d8\u10e9\u10e5\u10d0\u10e0\u10d4 64 Kbps<br \/>\u10e5\u10e1\u10d4\u10da\u10d8<br \/>\u10db\u10d7\u10da\u10d8\u10d0\u10dc\u10d8 \u10d2\u10d0\u10db\u10e2\u10d0\u10e0\u10dd\u10d1\u10d0 128 Mbps<br \/>\u10e5\u10e1\u10d4\u10da\u10d8\u10e1 \u10de\u10e0\u10dd\u10e2\u10dd\u10d9\u10dd\u10da\u10d8TCP\/IP, PPPoE, DHCP, Hik-Connect, DNS, DDNS, NTP, SADP, NFS, iSCSI, UPnP&trade;, HTTPS, ONVIF<br \/>\u10d3\u10d8\u10e1\u10e2\u10d0\u10dc\u10ea\u10d8\u10e3\u10e0\u10d8 \u10d9\u10d0\u10d5\u10e8\u10d8\u10e0\u10d864<br \/>\u10e5\u10e1\u10d4\u10da\u10d8\u10e1 \u10d8\u10dc\u10e2\u10d4\u10e0\u10e4\u10d4\u10d8\u10e1\u10d81, RJ45 10M\/100M\/1000M \u10d7\u10d5\u10d8\u10d7\u10d0\u10d3\u10d0\u10de\u10e2\u10d8\u10e0\u10d4\u10d1\u10d0\u10d3\u10d8 Ethernet \u10d8\u10dc\u10e2\u10d4\u10e0\u10e4\u10d4\u10d8\u10e1\u10d8<br \/>\u10d3\u10d0\u10db\u10ee\u10db\u10d0\u10e0\u10d4 \u10d8\u10dc\u10e2\u10d4\u10e0\u10e4\u10d4\u10d8\u10e1\u10d8<br \/>SATA1 SATA \u10d8\u10dc\u10e2\u10d4\u10e0\u10e4\u10d4\u10d8\u10e1\u10d8<br \/>\u10e2\u10d4\u10d5\u10d0\u10d3\u10dd\u10d1\u10d0 10 \u10e2\u10d1-\u10db\u10d3\u10d4 \u10e2\u10d4\u10d5\u10d0\u10d3\u10dd\u10d1\u10d0 \u10d7\u10d8\u10d7\u10dd\u10d4\u10e3\u10da\u10d8 \u10d3\u10d8\u10e1\u10d9\u10d8\u10e1\u10d7\u10d5\u10d8\u10e1<br \/>\u10e1\u10d4\u10e0\u10d8\u10e3\u10da\u10d8 \u10d8\u10dc\u10e2\u10d4\u10e0\u10e4\u10d4\u10d8\u10e1\u10d8RS-485 (\u10dc\u10d0\u10ee\u10d4\u10d5\u10e0\u10d0\u10d3 \u10d3\u10e3\u10de\u10da\u10d4\u10e5\u10e1\u10d8)<br \/>USB \u10d8\u10dc\u10e2\u10d4\u10e0\u10e4\u10d4\u10d8\u10e1\u10d8<br \/>\u10ec\u10d8\u10dc\u10d0 \u10de\u10d0\u10dc\u10d4\u10da\u10d8: 1 \u00d7 USB 2.0;<\/p>\n<p>\u10e3\u10d9\u10d0\u10dc\u10d0 \u10de\u10d0\u10dc\u10d4\u10da\u10d8: 1 \u00d7 USB 3.0<\/p>\n<p>\u10e1\u10d8\u10d2\u10dc\u10d0\u10da\u10d8\u10d6\u10d0\u10ea\u10d8\u10d0 In\/OutN\/A<br \/>\u10d2\u10d4\u10dc\u10d4\u10e0\u10d0\u10da\u10d8<br \/>\u10d9\u10d5\u10d4\u10d1\u10d8\u10e1 \u10ec\u10e7\u10d0\u10e0\u10dd 12 VDC, 2 \u10d0<br \/>\u10db\u10dd\u10ee\u10db\u10d0\u10e0\u10d4\u10d1\u10d0\u2264 15 W<br \/>\u10e1\u10d0\u10db\u10e3\u10e8\u10d0\u10dd \u10e2\u10d4\u10db\u10de\u10d4\u10e0\u10d0\u10e2\u10e3\u10e0\u10d0-10 \u00b0C-\u10d3\u10d0\u10dc 55 \u00b0C-\u10db\u10d3\u10d4 (14 \u00b0F-\u10d3\u10d0\u10dc 131 \u00b0F-\u10db\u10d3\u10d4)<br \/>\u10e1\u10d0\u10db\u10e3\u10e8\u10d0\u10dd \u10e2\u10d4\u10dc\u10d8\u10d0\u10dc\u10dd\u10d1\u10d0 10% \u10d3\u10d0\u10dc 90&gt;#\/span###<br \/>\u10d6\u10dd\u10db\u10d0 (W \u00d7 D \u00d7 H) 315 \u00d7 242 \u00d7 45 \u10db\u10db (12.4 \u00d7 9.5 \u00d7 1.8 \u10d8\u10dc\u10e9\u10d8)<br \/>\u10ec\u10dd\u10dc\u10d0\u2264 2 \u10d9\u10d2 (4.4 \u10e4\u10e3\u10dc\u10e2\u10d8).<\/p>\n","protected":false},"excerpt":{"rendered":"<p>\u10e1\u10d0\u10ee\u10d8\u10e1 \u10d0\u10db\u10dd\u10ea\u10dc\u10dd\u10d1\u10d0\u10e1\u10d0\u10ee\u10d8\u10e1 \u10e1\u10e3\u10e0\u10d0\u10d7\u10d4\u10d1\u10d8\u10e1 \u10d1\u10d8\u10d1\u10da\u10d8\u10dd\u10d7\u10d4\u10d9\u10d0 16-\u10db\u10d3\u10d4 \u10e1\u10d0\u10ee\u10d8\u10e1 \u10e1\u10e3\u10e0\u10d0\u10d7\u10d4\u10d1\u10d8\u10e1 \u10d1\u10d8\u10d1\u10da\u10d8\u10dd\u10d7\u10d4\u10d9\u10d0, \u10e1\u10e3\u10da 5000-\u10db\u10d3\u10d4 \u10e1\u10d0\u10ee\u10d8\u10e1 \u10e1\u10e3\u10e0\u10d0\u10d7\u10d8\u10d7 (\u10d7\u10d8\u10d7\u10dd\u10d4\u10e3\u10da\u10d8 \u10e1\u10e3\u10e0\u10d0\u10d7\u10d8 \u2264 1 \u10db\u10d1, \u10e1\u10d0\u10d4\u10e0\u10d7\u10dd \u10db\u10dd\u10ea\u10e3\u10da\u10dd\u10d1\u10d0 \u2264<\/p>\n","protected":false},"featured_media":34950,"comment_status":"open","ping_status":"closed","template":"","meta":[],"product_brand":[],"product_cat":[1610,832,820],"product_tag":[],"class_list":{"0":"post-34951","1":"product","2":"type-product","3":"status-publish","4":"has-post-thumbnail","6":"product_cat-analog-cameras","7":"product_cat-network-video-recorder-nvr","8":"product_cat-wall-mounting-cabinets","10":"first","11":"instock","12":"taxable","13":"shipping-taxable","14":"purchasable","15":"product-type-simple"},"_links":{"self":[{"href":"https:\/\/iterra.ge\/en\/wp-json\/wp\/v2\/product\/34951","targetHints":{"allow":["GET"]}}],"collection":[{"href":"https:\/\/iterra.ge\/en\/wp-json\/wp\/v2\/product"}],"about":[{"href":"https:\/\/iterra.ge\/en\/wp-json\/wp\/v2\/types\/product"}],"replies":[{"embeddable":true,"href":"https:\/\/iterra.ge\/en\/wp-json\/wp\/v2\/comments?post=34951"}],"version-history":[{"count":1,"href":"https:\/\/iterra.ge\/en\/wp-json\/wp\/v2\/product\/34951\/revisions"}],"predecessor-version":[{"id":65597,"href":"https:\/\/iterra.ge\/en\/wp-json\/wp\/v2\/product\/34951\/revisions\/65597"}],"wp:featuredmedia":[{"embeddable":true,"href":"https:\/\/iterra.ge\/en\/wp-json\/wp\/v2\/media\/34950"}],"wp:attachment":[{"href":"https:\/\/iterra.ge\/en\/wp-json\/wp\/v2\/media?parent=34951"}],"wp:term":[{"taxonomy":"product_brand","embeddable":true,"href":"https:\/\/iterra.ge\/en\/wp-json\/wp\/v2\/product_brand?post=34951"},{"taxonomy":"product_cat","embeddable":true,"href":"https:\/\/iterra.ge\/en\/wp-json\/wp\/v2\/product_cat?post=34951"},{"taxonomy":"product_tag","embeddable":true,"href":"https:\/\/iterra.ge\/en\/wp-json\/wp\/v2\/product_tag?post=34951"}],"curies":[{"name":"wp","href":"https:\/\/api.w.org\/{rel}","templated":true}]}}