{"id":34997,"date":"2025-06-12T10:55:17","date_gmt":"2025-06-12T06:55:17","guid":{"rendered":"https:\/\/iterra.ge\/product\/%e1%83%a8%e1%83%9a%e1%83%90%e1%83%92%e1%83%91%e1%83%90%e1%83%a3%e1%83%9b%e1%83%98-hikvision-ds-tmg301-dl22\/"},"modified":"2026-02-25T00:01:04","modified_gmt":"2026-02-25T00:01:04","slug":"%e1%83%a8%e1%83%9a%e1%83%90%e1%83%92%e1%83%91%e1%83%90%e1%83%a3%e1%83%9b%e1%83%98-hikvision-ds-tmg301-dl22","status":"publish","type":"product","link":"https:\/\/iterra.ge\/en\/product\/%e1%83%a8%e1%83%9a%e1%83%90%e1%83%92%e1%83%91%e1%83%90%e1%83%a3%e1%83%9b%e1%83%98-hikvision-ds-tmg301-dl22\/","title":{"rendered":"\u10e8\u10da\u10d0\u10d2\u10d1\u10d0\u10e3\u10db\u10d8, Hikvision, DS-TMG301-DL(2+2)"},"content":{"rendered":"<ul>\n<li><b>Barrier Housing<\/b><\/li>\n<li><span class=\"tech-specs-items-description__title\">Barrier Housing Material<\/span><span class=\"tech-specs-items-description__title-details\">Cold-rolled sheet<\/span><\/li>\n<li><span class=\"tech-specs-items-description__title\">Barrier Housing Thickness<\/span><span class=\"tech-specs-items-description__title-details\">1.2 mm<\/span><\/li>\n<li><span class=\"tech-specs-items-description__title\">Barrier Housing Door Thickness<\/span><span class=\"tech-specs-items-description__title-details\">1.0 mm<\/span><\/li>\n<li><span class=\"tech-specs-items-description__title\">Barrier Housing Color<\/span><span class=\"tech-specs-items-description__title-details\">Black background with sliver pattern<\/span><\/li>\n<li><span class=\"tech-specs-items-description__title\">Barrier Housing Door Color<\/span><span class=\"tech-specs-items-description__title-details\">Black background with sliver pattern<\/span><\/li>\n<li><span class=\"tech-specs-items-description__title\">Boom Pole Installation Height<\/span><span class=\"tech-specs-items-description__title-details\">880 mm<\/span><\/li>\n<li><span class=\"tech-specs-items-description__title\">Body Indicators<\/span><span class=\"tech-specs-items-description__title-details\">None<\/span><\/li>\n<\/ul>\n<ul>\n<li><b>Barrier Gate General<\/b><\/li>\n<li><span class=\"tech-specs-items-description__title\">Rising\/Falling Speed<\/span><span class=\"tech-specs-items-description__title-details\">\n<p>2m+2m folding pole \uff1a<\/p>\n<p>Rising Speed: 3 to 6 s<\/p>\n<p>Falling Speed: 3 to 6 s<\/p>\n<p><\/span><\/li>\n<li><span class=\"tech-specs-items-description__title\">Boom Pole Direction<\/span><span class=\"tech-specs-items-description__title-details\">Left\/Right<\/span><\/li>\n<li><span class=\"tech-specs-items-description__title\">Motor Type<\/span><span class=\"tech-specs-items-description__title-details\">DC brushless motor<\/span><\/li>\n<li><span class=\"tech-specs-items-description__title\">Matched Boom Pole Type<\/span><span class=\"tech-specs-items-description__title-details\">Folding boom pole<\/span><\/li>\n<li><span class=\"tech-specs-items-description__title\">Boom Pole Falling Delay<\/span><span class=\"tech-specs-items-description__title-details\">1 to 99 s<\/span><\/li>\n<li><span class=\"tech-specs-items-description__title\">Number of Cycles<\/span><span class=\"tech-specs-items-description__title-details\">2,500,000<\/span><\/li>\n<li><span class=\"tech-specs-items-description__title\">Consumption<\/span><span class=\"tech-specs-items-description__title-details\">100 W<\/span><\/li>\n<li><span class=\"tech-specs-items-description__title\">Temperature and Humidity<\/span><span class=\"tech-specs-items-description__title-details\">Humidity: \u2264 90<\/span><\/li>\n<li><span class=\"tech-specs-items-description__title\">Rising Boom Pole for Poweroff<\/span><span class=\"tech-specs-items-description__title-details\">Optional<\/span><\/li>\n<\/ul>\n<ul>\n<li><b>Package<\/b><\/li>\n<li><span class=\"tech-specs-items-description__title\">Barrier Housing Dimensions (L \u00d7 W \u00d7 H)<\/span><span class=\"tech-specs-items-description__title-details\">325 \u00d7 220 \u00d7 1000 mm (12.8 \u00d7 8.67 \u00d7 39.37 inch)<\/span><\/li>\n<li><span class=\"tech-specs-items-description__title\">Body Weight<\/span><span class=\"tech-specs-items-description__title-details\">26 \u00b1 0.2 kg (57.32 \u00b1 0.44 lb.)<\/span><\/li>\n<li><span class=\"tech-specs-items-description__title\">Body Dimensions (with Package, Without Boom Pole) (L \u00d7 W \u00d7 H)<\/span><span class=\"tech-specs-items-description__title-details\">385 \u00d7 305 \u00d7 1060 mm (15.16 \u00d7 12 \u00d7 41.73 inch)<\/span><\/li>\n<li><span class=\"tech-specs-items-description__title\">Body Weight (with Package, Without Boom Pole)<\/span><span class=\"tech-specs-items-description__title-details\">29.1 \u00b1 0.2 kg (64.15 \u00b1 0.44 lb.)<\/span><\/li>\n<\/ul>\n<ul>\n<li><b>Interface<\/b><\/li>\n<li><span class=\"tech-specs-items-description__title\">RS-485<\/span><span class=\"tech-specs-items-description__title-details\">Optional<\/span><\/li>\n<li><span class=\"tech-specs-items-description__title\">Rising to Limit<\/span><span class=\"tech-specs-items-description__title-details\">1 group<\/span><\/li>\n<li><span class=\"tech-specs-items-description__title\">Falling to Limit<\/span><span class=\"tech-specs-items-description__title-details\">1 group<\/span><\/li>\n<li><span class=\"tech-specs-items-description__title\">Open<\/span><span class=\"tech-specs-items-description__title-details\">1 group<\/span><\/li>\n<li><span class=\"tech-specs-items-description__title\">Close<\/span><span class=\"tech-specs-items-description__title-details\">1 group<\/span><\/li>\n<li><span class=\"tech-specs-items-description__title\">Stop<\/span><span class=\"tech-specs-items-description__title-details\">1 group<\/span><\/li>\n<li><span class=\"tech-specs-items-description__title\">IR\/Vehicle Detector\/Radar<\/span><span class=\"tech-specs-items-description__title-details\">1 group<\/span><\/li>\n<li><span class=\"tech-specs-items-description__title\">Traffic Signal Light<\/span><span class=\"tech-specs-items-description__title-details\">1 group<\/span><\/li>\n<\/ul>\n<ul>\n<li><b>General<\/b><\/li>\n<li><span class=\"tech-specs-items-description__title\">Power Supply<\/span><span class=\"tech-specs-items-description__title-details\">110-240VAC( default 220V\uff0cSwitchable )<\/span><\/li>\n<\/ul>\n<ul>\n<li><b>Approval<\/b><\/li>\n<li><span class=\"tech-specs-items-description__title\">Protection<\/span><span class=\"tech-specs-items-description__title-details\">IP54<\/span><\/li>\n<\/ul>\n<ul>\n<li><b>Boom Pole<\/b><\/li>\n<li><span class=\"tech-specs-items-description__title\">Boom Pole Color<\/span><span class=\"tech-specs-items-description__title-details\">White background with red bar<\/span><\/li>\n<li><span class=\"tech-specs-items-description__title\">Boom Pole Weight<\/span><span class=\"tech-specs-items-description__title-details\">\n<p>2 m + 2 m folding boom pole: 6.7 \u00b1 0.2 kg<\/p>\n<p>1.5 m + 2.5 m folding boom pole: 6.4 \u00b1 0.2 kg<\/p>\n<p><\/span><\/li>\n<li><span class=\"tech-specs-items-description__title\">Boom Pole Dimensions (with Package)<\/span><span class=\"tech-specs-items-description__title-details\">\n<p>2 m + 2 m folding boom pole: 2260 \u00d7 200 \u00d7 110 mm\uff08L\u00d7W\u00d7H\uff09<\/p>\n<p>1.5 m + 2.5 m folding boom pole: 2750 \u00d7 200 \u00d7 110 mm\uff08L\u00d7W\u00d7H\uff09<\/p>\n<p><\/span><\/li>\n<li><span class=\"tech-specs-items-description__title\">Boom Pole Weight (with Package)<\/span><span class=\"tech-specs-items-description__title-details\">\n<p>2 m + 2 m folding boom pole: 7.7 \u00b1 0.2 kg<\/p>\n<p>1.5 m + 2.5 m folding boom pole: 7.3 \u00b1 0.2 kg<\/p>\n<p><\/span><\/li>\n<li><span class=\"tech-specs-items-description__title\">Boom Pole Dimensions<\/span><span class=\"tech-specs-items-description__title-details\">\n<p>4038 \u00d7 75 \u00d7 190 mm\uff08L\u00d7W\u00d7H\uff09<\/p>\n<p><\/span><\/li>\n<li><span class=\"tech-specs-items-description__title\">Boom Pole Material<\/span><span class=\"tech-specs-items-description__title-details\">6063<\/span><\/li>\n<\/ul>\n","protected":false},"excerpt":{"rendered":"<p>Barrier Housing Barrier Housing MaterialCold-rolled sheet Barrier Housing Thickness1.2 mm Barrier Housing Door Thickness1.0 mm Barrier Housing ColorBlack background with<\/p>\n","protected":false},"featured_media":34996,"comment_status":"open","ping_status":"closed","template":"","meta":[],"product_brand":[],"product_cat":[1613,820],"product_tag":[],"class_list":{"0":"post-34997","1":"product","2":"type-product","3":"status-publish","4":"has-post-thumbnail","6":"product_cat-fire-wireless-alarm-system","7":"product_cat-wall-mounting-cabinets","9":"first","10":"instock","11":"taxable","12":"shipping-taxable","13":"purchasable","14":"product-type-simple"},"_links":{"self":[{"href":"https:\/\/iterra.ge\/en\/wp-json\/wp\/v2\/product\/34997","targetHints":{"allow":["GET"]}}],"collection":[{"href":"https:\/\/iterra.ge\/en\/wp-json\/wp\/v2\/product"}],"about":[{"href":"https:\/\/iterra.ge\/en\/wp-json\/wp\/v2\/types\/product"}],"replies":[{"embeddable":true,"href":"https:\/\/iterra.ge\/en\/wp-json\/wp\/v2\/comments?post=34997"}],"version-history":[{"count":1,"href":"https:\/\/iterra.ge\/en\/wp-json\/wp\/v2\/product\/34997\/revisions"}],"predecessor-version":[{"id":65580,"href":"https:\/\/iterra.ge\/en\/wp-json\/wp\/v2\/product\/34997\/revisions\/65580"}],"wp:featuredmedia":[{"embeddable":true,"href":"https:\/\/iterra.ge\/en\/wp-json\/wp\/v2\/media\/34996"}],"wp:attachment":[{"href":"https:\/\/iterra.ge\/en\/wp-json\/wp\/v2\/media?parent=34997"}],"wp:term":[{"taxonomy":"product_brand","embeddable":true,"href":"https:\/\/iterra.ge\/en\/wp-json\/wp\/v2\/product_brand?post=34997"},{"taxonomy":"product_cat","embeddable":true,"href":"https:\/\/iterra.ge\/en\/wp-json\/wp\/v2\/product_cat?post=34997"},{"taxonomy":"product_tag","embeddable":true,"href":"https:\/\/iterra.ge\/en\/wp-json\/wp\/v2\/product_tag?post=34997"}],"curies":[{"name":"wp","href":"https:\/\/api.w.org\/{rel}","templated":true}]}}