{"id":35001,"date":"2025-06-12T10:55:19","date_gmt":"2025-06-12T06:55:19","guid":{"rendered":"https:\/\/iterra.ge\/product\/%e1%83%a9%e1%83%90%e1%83%9b%e1%83%ac%e1%83%94%e1%83%a0%e1%83%98-nvr-hikvision-ds-7608ni-m2-8p-2sata-8ch-poe\/"},"modified":"2026-02-25T00:01:05","modified_gmt":"2026-02-25T00:01:05","slug":"%e1%83%a9%e1%83%90%e1%83%9b%e1%83%ac%e1%83%94%e1%83%a0%e1%83%98-nvr-hikvision-ds-7608ni-m2-8p-2sata-8ch-poe","status":"publish","type":"product","link":"https:\/\/iterra.ge\/en\/product\/%e1%83%a9%e1%83%90%e1%83%9b%e1%83%ac%e1%83%94%e1%83%a0%e1%83%98-nvr-hikvision-ds-7608ni-m2-8p-2sata-8ch-poe\/","title":{"rendered":"\u10e9\u10d0\u10db\u10ec\u10d4\u10e0\u10d8 NVR, Hikvision, DS-7608NI-M2\/8P, 2sata, 8ch, poe"},"content":{"rendered":"<p>\u10d5\u10d8\u10d3\u10d4\u10dd \u10d3\u10d0 \u10d0\u10e3\u10d3\u10d8\u10dd<br \/>IP \u10d5\u10d8\u10d3\u10d4\u10dd \u10e8\u10d4\u10e7\u10d5\u10d0\u10dc\u10d0<br \/>8-\u10e9<\/p>\n<p>32 MP-\u10db\u10d3\u10d4 \u10d2\u10d0\u10e0\u10e9\u10d4\u10d5\u10d0\u10d3\u10dd\u10d1\u10d0<\/p>\n<p>*: \u10e3\u10da\u10e2\u10e0\u10d0 HD \u10e0\u10d4\u10d6\u10dd\u10da\u10e3\u10ea\u10d8\u10d8\u10e1 \u10e0\u10d4\u10df\u10d8\u10db\u10d8\u10e1 \u10e9\u10d0\u10e0\u10d7\u10d5\u10d8\u10e1 \u10e8\u10d4\u10db\u10d3\u10d4\u10d2, NVR \u10db\u10ee\u10d0\u10e0\u10e1 \u10e3\u10ed\u10d4\u10e0\u10e1 8-ch 32 MP\/24 MP IP \u10d5\u10d8\u10d3\u10d4\u10dd \u10e8\u10d4\u10e7\u10d5\u10d0\u10dc\u10d0\u10e1.<\/p>\n<p>\u10e8\u10d4\u10db\u10dd\u10db\u10d0\u10d5\u10d0\u10da\u10d8 \u10d2\u10d0\u10db\u10e2\u10d0\u10e0\u10dd\u10d1\u10d0 128 Mbps<br \/>\u10d2\u10d0\u10db\u10d0\u10d5\u10d0\u10da\u10d8 \u10d2\u10d0\u10db\u10e2\u10d0\u10e0\u10dd\u10d1\u10d0 256 Mbps<br \/>HDMI \u10d2\u10d0\u10db\u10dd\u10db\u10d0\u10d5\u10d0\u10da\u10d8 8K (7680 \u00d7 4320)\/30 \u10f0\u10ea, 4K (3840 \u00d7 2160)\/60 \u10f0\u10ea, 4K (3840 \u00d7 2160)\/30 \u10f0\u10ea, 2K (2560 \u00d7 1440)\/60 \u10f0\u10ea, 1920 \u00d7 1920<br \/>VGA \u10d2\u10d0\u10db\u10dd\u10db\u10d0\u10d5\u10d0\u10da\u10d8 1920 \u00d7 1080\/60 \u10f0\u10ea<br \/>\u10d5\u10d8\u10d3\u10d4\u10dd \u10d2\u10d0\u10db\u10dd\u10db\u10d0\u10d5\u10d0\u10da\u10d8 \u10e0\u10d4\u10df\u10d8\u10db\u10d8 HDMI\/VGA \u10d3\u10d0\u10db\u10dd\u10e3\u10d9\u10d8\u10d3\u10d4\u10d1\u10d4\u10da\u10d8 \u10d2\u10d0\u10db\u10dd\u10db\u10d0\u10d5\u10d0\u10da\u10d8<br \/>CVBS \u10d2\u10d0\u10db\u10dd\u10db\u10d0\u10d5\u10d0\u10da\u10d8 1-ch, BNC (1.0 Vp-p, 75 \u03a9), \u10d2\u10d0\u10e0\u10e9\u10d4\u10d5\u10d0\u10d3\u10dd\u10d1\u10d0: PAL: 704 \u00d7 576, NTSC: 704 \u00d7 480<br \/>\u10d0\u10e3\u10d3\u10d8\u10dd \u10d2\u10d0\u10db\u10dd\u10db\u10d0\u10d5\u10d0\u10da\u10d8 1-ch, RCA (\u10ee\u10d0\u10d6\u10dd\u10d5\u10d0\u10dc\u10d8, 1 K\u03a9)<br \/>\u10dd\u10e0\u10db\u10ee\u10e0\u10d8\u10d5\u10d8 \u10d0\u10e3\u10d3\u10d8\u10dd1-ch, RCA (2.0 Vp-p, 1 K\u03a9, \u10d0\u10e3\u10d3\u10d8\u10dd \u10e8\u10d4\u10e7\u10d5\u10d0\u10dc\u10d8\u10e1 \u10d2\u10d0\u10db\u10dd\u10e7\u10d4\u10dc\u10d4\u10d1\u10d8\u10d7)<br \/>\u10d3\u10d4\u10d9\u10dd\u10d3\u10d8\u10e0\u10d4\u10d1\u10d0<br \/>\u10dd\u10e0\u10db\u10d0\u10d2\u10d8 \u10dc\u10d0\u10d9\u10d0\u10d3\u10d8\u10e1 \u10e9\u10d0\u10ec\u10d4\u10e0\u10d8\u10e1 \u10db\u10ee\u10d0\u10e0\u10d3\u10d0\u10ed\u10d4\u10e0\u10d0<br \/>\u10d3\u10d4\u10d9\u10dd\u10d3\u10d8\u10e0\u10d4\u10d1\u10d8\u10e1 \u10e4\u10dd\u10e0\u10db\u10d0\u10e2\u10d8H.265+\/H.265\/H.264+\/H.264<br \/>\u10d3\u10d4\u10d9\u10dd\u10d3\u10d8\u10e0\u10d4\u10d1\u10d8\u10e1 \u10e8\u10d4\u10e1\u10d0\u10eb\u10da\u10d4\u10d1\u10da\u10dd\u10d1\u10d0 2-ch@32 MP (30 fps)+2-ch@8MP (30fps)\/10-ch@8 MP (30 fps)\/20-ch@4 MP (30 fps)\/40-ch@1080p (30 fps)<br \/>\u10e1\u10d8\u10dc\u10e5\u10e0\u10dd\u10dc\u10e3\u10da\u10d8 \u10d3\u10d0\u10d9\u10d5\u10e0\u10d0 8-\u10e9<br \/>\u10e9\u10d0\u10ec\u10d4\u10e0\u10d8\u10e1 \u10e0\u10d4\u10d6\u10dd\u10da\u10e3\u10ea\u10d8\u10d0<br \/>32 MP\/24 MP\/12 MP\/8 MP\/6 MP\/5 MP\/4 MP\/3 MP\/1080p\/UXGA\/720p\/VGA \/4CIF\/DCIF\/ 2CIF\/CIF\/QCIF<\/p>\n<p>*: \u10e3\u10da\u10e2\u10e0\u10d0 HD \u10e0\u10d4\u10d6\u10dd\u10da\u10e3\u10ea\u10d8\u10d8\u10e1 \u10e0\u10d4\u10df\u10d8\u10db\u10d8\u10e1 \u10e9\u10d0\u10e0\u10d7\u10d5\u10d8\u10e1 \u10e8\u10d4\u10db\u10d3\u10d4\u10d2, NVR \u10db\u10ee\u10d0\u10e0\u10e1 \u10e3\u10ed\u10d4\u10e0\u10e1 8-ch 32 MP\/24 MP IP \u10d5\u10d8\u10d3\u10d4\u10dd \u10e8\u10d4\u10e7\u10d5\u10d0\u10dc\u10d0\u10e1.<\/p>\n<p>\u10dc\u10d0\u10d9\u10d0\u10d3\u10d8\u10e1 \u10e2\u10d8\u10de\u10d8 \u10d5\u10d8\u10d3\u10d4\u10dd, \u10d5\u10d8\u10d3\u10d4\u10dd \u10d3\u10d0 \u10d0\u10e3\u10d3\u10d8\u10dd<br \/>\u10d0\u10e3\u10d3\u10d8\u10dd \u10e8\u10d4\u10d9\u10e3\u10db\u10e8\u10d5\u10d0G.711ulaw\/G.711alaw\/G.722\/G.726\/AAC\/MP2L2<br \/>\u10e5\u10e1\u10d4\u10da\u10d8<br \/>\u10d3\u10d8\u10e1\u10e2\u10d0\u10dc\u10ea\u10d8\u10e3\u10e0\u10d8 \u10d9\u10d0\u10d5\u10e8\u10d8\u10e0\u10d8 128<br \/>\u10e5\u10e1\u10d4\u10da\u10d8\u10e1 \u10de\u10e0\u10dd\u10e2\u10dd\u10d9\u10dd\u10da\u10d8TCP\/IP, DHCP, IPv4, IPv6, DNS, DDNS, NTP, RTSP, SADP, SMTP, SNMP, NFS, iSCSI, ISUP, UPnP&trade;, HTTP, HTTPS, ONVIF (\u10d5\u10d4\u10e0\u10e1\u10d8\u10d0 2.2), OTAP<br \/>\u10e5\u10e1\u10d4\u10da\u10d8\u10e1 \u10d8\u10dc\u10e2\u10d4\u10e0\u10e4\u10d4\u10d8\u10e1\u10d81, RJ-45 10\/100\/1000 Mbps \u10d7\u10d5\u10d8\u10d7\u10d0\u10d3\u10d0\u10de\u10e2\u10d8\u10e0\u10d4\u10d1\u10d0\u10d3\u10d8 Ethernet \u10d8\u10dc\u10e2\u10d4\u10e0\u10e4\u10d4\u10d8\u10e1\u10d8<br \/>\u10d9\u10d0\u10db\u10d4\u10e0\u10d0\u10d6\u10d4 \u10ec\u10d5\u10d3\u10dd\u10db\u10d8\u10e1 \u10de\u10e0\u10dd\u10e2\u10dd\u10d9\u10dd\u10da\u10d8 ONVIF (\u10d5\u10d4\u10e0\u10e1\u10d8\u10d0 2.5), RTSP<br \/>PoE<br \/>Interface8, RJ-45 10\/100 Mbps \u10d7\u10d5\u10d8\u10d7\u10d0\u10d3\u10d0\u10de\u10e2\u10d8\u10e0\u10d4\u10d1\u10d0\u10d3\u10d8 Ethernet \u10d8\u10dc\u10e2\u10d4\u10e0\u10e4\u10d4\u10d8\u10e1\u10d8<br \/>\u10e1\u10d8\u10db\u10eb\u10da\u10d0\u10d5\u10e0\u10d4\u2264 120 W<br \/>StandardIEEE 802.3 af\/at<br \/>\u10d3\u10d0\u10db\u10ee\u10db\u10d0\u10e0\u10d4 \u10d8\u10dc\u10e2\u10d4\u10e0\u10e4\u10d4\u10d8\u10e1\u10d8<br \/>SATA2 SATA \u10d8\u10dc\u10e2\u10d4\u10e0\u10e4\u10d4\u10d8\u10e1\u10d4\u10d1\u10d8<br \/>\u10e2\u10d4\u10d5\u10d0\u10d3\u10dd\u10d1\u10d0 16 \u10e2\u10d1-\u10db\u10d3\u10d4 \u10e2\u10d4\u10d5\u10d0\u10d3\u10dd\u10d1\u10d0 \u10d7\u10d8\u10d7\u10dd\u10d4\u10e3\u10da\u10d8 \u10d3\u10d8\u10e1\u10d9\u10d8\u10e1\u10d7\u10d5\u10d8\u10e1<br \/>\u10e1\u10d8\u10d2\u10dc\u10d0\u10da\u10d8\u10d6\u10d0\u10ea\u10d8\u10d0 4\/1<br \/>USB \u10d8\u10dc\u10e2\u10d4\u10e0\u10e4\u10d4\u10d8\u10e1\u10d8 \u10ec\u10d8\u10dc\u10d0 \u10de\u10d0\u10dc\u10d4\u10da\u10d8: 1 \u00d7 USB 2.0; \u10e3\u10d9\u10d0\u10dc\u10d0 \u10de\u10d0\u10dc\u10d4\u10da\u10d8: 1 \u00d7 USB 3.0<br \/>\u10d2\u10d4\u10dc\u10d4\u10e0\u10d0\u10da\u10d8<br \/>\u10d9\u10d5\u10d4\u10d1\u10d8\u10e1 \u10ec\u10e7\u10d0\u10e0\u10dd 100-\u10d3\u10d0\u10dc 240 VAC-\u10db\u10d3\u10d4, 50-\u10d3\u10d0\u10dc 60 \u10f0\u10ea-\u10db\u10d3\u10d4<br \/>\u10db\u10dd\u10ee\u10db\u10d0\u10e0\u10d4\u10d1\u10d0\u2264 15 W (HDD \u10d3\u10d0 PoE \u10d2\u10d0\u10db\u10dd\u10e0\u10d7\u10e3\u10da\u10d8\u10e1 \u10d2\u10d0\u10e0\u10d4\u10e8\u10d4)<br \/>\u10e1\u10d0\u10db\u10e3\u10e8\u10d0\u10dd \u10e2\u10d4\u10db\u10de\u10d4\u10e0\u10d0\u10e2\u10e3\u10e0\u10d0 -10 \u00b0C-\u10d3\u10d0\u10dc 55 \u00b0C-\u10db\u10d3\u10d4 (14 \u00b0F-\u10d3\u10d0\u10dc 131 \u00b0F-\u10db\u10d3\u10d4)<br \/>\u10e1\u10d0\u10db\u10e3\u10e8\u10d0\u10dd \u10e2\u10d4\u10dc\u10d8\u10d0\u10dc\u10dd\u10d1\u10d0 10% \u10d3\u10d0\u10dc 90&gt;#\/span###<br \/>\u10d6\u10dd\u10db\u10d0 (W \u00d7 D \u00d7 H) 385 \u00d7 315 \u00d7 52 \u10db\u10db (15.2&#8243; \u00d7 12.4&#8243; \u00d7 2.0&#8243;)<br \/>\u10ec\u10dd\u10dc\u10d0\u2264 3 \u10d9\u10d2 (HDD-\u10d8\u10e1 \u10d2\u10d0\u10e0\u10d4\u10e8\u10d4, 2.2 lb.)<br \/>\u10e1\u10d4\u10e0\u10e2\u10d8\u10e4\u10d8\u10ea\u10d8\u10e0\u10d4\u10d1\u10d0<br \/>FCCP\u10dc\u10d0\u10ec\u10d8\u10da\u10d8 15 \u10e5\u10d5\u10d4\u10dc\u10d0\u10ec\u10d8\u10da\u10d8 B, ANSI C63.4-2014<br \/>CE<br \/>EN 55032:2015+A1:2020, ENIEC61000-3-2:2019+A1:2021, EN 61000-3-3:2013+A1:201<\/p>\n<p>9, EN 50130-4:2011+A1:2014, EN 55035:2017+A11:2020<\/p>\n","protected":false},"excerpt":{"rendered":"<p>\u10d5\u10d8\u10d3\u10d4\u10dd \u10d3\u10d0 \u10d0\u10e3\u10d3\u10d8\u10ddIP \u10d5\u10d8\u10d3\u10d4\u10dd \u10e8\u10d4\u10e7\u10d5\u10d0\u10dc\u10d08-\u10e9 32 MP-\u10db\u10d3\u10d4 \u10d2\u10d0\u10e0\u10e9\u10d4\u10d5\u10d0\u10d3\u10dd\u10d1\u10d0 *: \u10e3\u10da\u10e2\u10e0\u10d0 HD \u10e0\u10d4\u10d6\u10dd\u10da\u10e3\u10ea\u10d8\u10d8\u10e1 \u10e0\u10d4\u10df\u10d8\u10db\u10d8\u10e1 \u10e9\u10d0\u10e0\u10d7\u10d5\u10d8\u10e1 \u10e8\u10d4\u10db\u10d3\u10d4\u10d2, NVR \u10db\u10ee\u10d0\u10e0\u10e1 \u10e3\u10ed\u10d4\u10e0\u10e1 8-ch 32<\/p>\n","protected":false},"featured_media":35000,"comment_status":"open","ping_status":"closed","template":"","meta":[],"product_brand":[],"product_cat":[832,820],"product_tag":[],"class_list":{"0":"post-35001","1":"product","2":"type-product","3":"status-publish","4":"has-post-thumbnail","6":"product_cat-network-video-recorder-nvr","7":"product_cat-wall-mounting-cabinets","9":"first","10":"instock","11":"taxable","12":"shipping-taxable","13":"purchasable","14":"product-type-simple"},"_links":{"self":[{"href":"https:\/\/iterra.ge\/en\/wp-json\/wp\/v2\/product\/35001","targetHints":{"allow":["GET"]}}],"collection":[{"href":"https:\/\/iterra.ge\/en\/wp-json\/wp\/v2\/product"}],"about":[{"href":"https:\/\/iterra.ge\/en\/wp-json\/wp\/v2\/types\/product"}],"replies":[{"embeddable":true,"href":"https:\/\/iterra.ge\/en\/wp-json\/wp\/v2\/comments?post=35001"}],"version-history":[{"count":1,"href":"https:\/\/iterra.ge\/en\/wp-json\/wp\/v2\/product\/35001\/revisions"}],"predecessor-version":[{"id":65578,"href":"https:\/\/iterra.ge\/en\/wp-json\/wp\/v2\/product\/35001\/revisions\/65578"}],"wp:featuredmedia":[{"embeddable":true,"href":"https:\/\/iterra.ge\/en\/wp-json\/wp\/v2\/media\/35000"}],"wp:attachment":[{"href":"https:\/\/iterra.ge\/en\/wp-json\/wp\/v2\/media?parent=35001"}],"wp:term":[{"taxonomy":"product_brand","embeddable":true,"href":"https:\/\/iterra.ge\/en\/wp-json\/wp\/v2\/product_brand?post=35001"},{"taxonomy":"product_cat","embeddable":true,"href":"https:\/\/iterra.ge\/en\/wp-json\/wp\/v2\/product_cat?post=35001"},{"taxonomy":"product_tag","embeddable":true,"href":"https:\/\/iterra.ge\/en\/wp-json\/wp\/v2\/product_tag?post=35001"}],"curies":[{"name":"wp","href":"https:\/\/api.w.org\/{rel}","templated":true}]}}