{"id":35050,"date":"2025-06-12T10:55:39","date_gmt":"2025-06-12T06:55:39","guid":{"rendered":"https:\/\/iterra.ge\/product\/%e1%83%99%e1%83%9d%e1%83%9c%e1%83%a2%e1%83%a0%e1%83%9d%e1%83%9a%e1%83%94%e1%83%a0%e1%83%98-%e1%83%91%e1%83%90%e1%83%a0%e1%83%90%e1%83%97%e1%83%98%e1%83%a1-%e1%83%ac%e1%83%90%e1%83%9b%e1%83%99-9\/"},"modified":"2026-02-25T00:01:05","modified_gmt":"2026-02-25T00:01:05","slug":"%e1%83%99%e1%83%9d%e1%83%9c%e1%83%a2%e1%83%a0%e1%83%9d%e1%83%9a%e1%83%94%e1%83%a0%e1%83%98-%e1%83%91%e1%83%90%e1%83%a0%e1%83%90%e1%83%97%e1%83%98%e1%83%a1-%e1%83%ac%e1%83%90%e1%83%9b%e1%83%99-9","status":"publish","type":"product","link":"https:\/\/iterra.ge\/en\/product\/%e1%83%99%e1%83%9d%e1%83%9c%e1%83%a2%e1%83%a0%e1%83%9d%e1%83%9a%e1%83%94%e1%83%a0%e1%83%98-%e1%83%91%e1%83%90%e1%83%a0%e1%83%90%e1%83%97%e1%83%98%e1%83%a1-%e1%83%ac%e1%83%90%e1%83%9b%e1%83%99-9\/","title":{"rendered":"\u10d9\u10dd\u10dc\u10e2\u10e0\u10dd\u10da\u10d4\u10e0\u10d8 \u10d1\u10d0\u10e0\u10d0\u10d7\u10d8\u10e1 \u10ec\u10d0\u10db\u10d9\u10d8\u10d7\u10ee\u10d5\u10d4\u10da\u10d8 DS-K1T805MBFWX"},"content":{"rendered":"<ul>\n<li><b>System<\/b><\/li>\n<li><span class=\"tech-specs-items-description__title\">Operating system<\/span><span class=\"tech-specs-items-description__title-details\">Linux<\/span><\/li>\n<\/ul>\n<ul>\n<li><b>Audio<\/b><\/li>\n<li><span class=\"tech-specs-items-description__title\">Audio output<\/span><span class=\"tech-specs-items-description__title-details\">1 built-in buzzer<\/span><\/li>\n<\/ul>\n<ul>\n<li><b>Network<\/b><\/li>\n<li><span class=\"tech-specs-items-description__title\">Bluetooth<\/span><span class=\"tech-specs-items-description__title-details\">Support<\/span><\/li>\n<li><span class=\"tech-specs-items-description__title\">Wired network<\/span><span class=\"tech-specs-items-description__title-details\">10\/100 Mbps self-adaptive<\/span><\/li>\n<li><span class=\"tech-specs-items-description__title\">Wi-Fi<\/span><span class=\"tech-specs-items-description__title-details\">2.4 GHz, IEEE802.11b, 802.11g, 802.11n, 802.11d, 802.11e, 802.11h, 802.11i<\/span><\/li>\n<\/ul>\n<ul>\n<li><b>Interface<\/b><\/li>\n<li><span class=\"tech-specs-items-description__title\">RS-485<\/span><span class=\"tech-specs-items-description__title-details\">1, supports OSDP<\/span><\/li>\n<li><span class=\"tech-specs-items-description__title\">Network interface<\/span><span class=\"tech-specs-items-description__title-details\">1<\/span><\/li>\n<li><span class=\"tech-specs-items-description__title\">Wiegand<\/span><span class=\"tech-specs-items-description__title-details\">Wiegand 26\/34<\/span><\/li>\n<li><span class=\"tech-specs-items-description__title\">Lock control<\/span><span class=\"tech-specs-items-description__title-details\">1<\/span><\/li>\n<li><span class=\"tech-specs-items-description__title\">Exit button<\/span><span class=\"tech-specs-items-description__title-details\">1<\/span><\/li>\n<li><span class=\"tech-specs-items-description__title\">Door contact input<\/span><span class=\"tech-specs-items-description__title-details\">1<\/span><\/li>\n<li><span class=\"tech-specs-items-description__title\">Alarm input<\/span><span class=\"tech-specs-items-description__title-details\">2<\/span><\/li>\n<li><span class=\"tech-specs-items-description__title\">Alarm output<\/span><span class=\"tech-specs-items-description__title-details\">1<\/span><\/li>\n<li><span class=\"tech-specs-items-description__title\">TAMPER<\/span><span class=\"tech-specs-items-description__title-details\">1<\/span><\/li>\n<\/ul>\n<ul>\n<li><b>Capacity<\/b><\/li>\n<li><span class=\"tech-specs-items-description__title\">Card capacity<\/span><span class=\"tech-specs-items-description__title-details\">10,000<\/span><\/li>\n<li><span class=\"tech-specs-items-description__title\">Fingerprint capacity<\/span><span class=\"tech-specs-items-description__title-details\">3000<\/span><\/li>\n<li><span class=\"tech-specs-items-description__title\">Event capacity<\/span><span class=\"tech-specs-items-description__title-details\">100,000<\/span><\/li>\n<\/ul>\n<ul>\n<li><b>Authentication<\/b><\/li>\n<li><span class=\"tech-specs-items-description__title\">Card type<\/span><span class=\"tech-specs-items-description__title-details\">M1 card<\/span><\/li>\n<li><span class=\"tech-specs-items-description__title\">Card reading distance<\/span><span class=\"tech-specs-items-description__title-details\">0 to 4 cm<\/span><\/li>\n<li><span class=\"tech-specs-items-description__title\">Card reading duration<\/span><span class=\"tech-specs-items-description__title-details\">\uff1c 1 s<\/span><\/li>\n<li><span class=\"tech-specs-items-description__title\">Fingerprint module<\/span><span class=\"tech-specs-items-description__title-details\">Optical fingerprint module<\/span><\/li>\n<li><span class=\"tech-specs-items-description__title\">Fingerprint comparing mode<\/span><span class=\"tech-specs-items-description__title-details\">1:1 and 1:N<\/span><\/li>\n<li><span class=\"tech-specs-items-description__title\">Fingerprint recognition duration<\/span><span class=\"tech-specs-items-description__title-details\">\uff1c 1 s<\/span><\/li>\n<\/ul>\n<ul>\n<li><b>General<\/b><\/li>\n<li><span class=\"tech-specs-items-description__title\">Power supply<\/span><span class=\"tech-specs-items-description__title-details\">12 VDC\/1 A<\/span><\/li>\n<li><span class=\"tech-specs-items-description__title\">Working temperature<\/span><span class=\"tech-specs-items-description__title-details\">-30 \u00b0C to 60 \u00b0C (-22 \u00b0F to 140 \u00b0F)<\/span><\/li>\n<li><span class=\"tech-specs-items-description__title\">Working humidity<\/span><span class=\"tech-specs-items-description__title-details\">0% to 90% (no condensing)<\/span><\/li>\n<li><span class=\"tech-specs-items-description__title\">Dimensions<\/span><span class=\"tech-specs-items-description__title-details\">57.7 mm \u00d7 177 mm \u00d7 34.6 mm (2.3&#8243; \u00d7 7.0&#8243; \u00d7 1.4&#8243;)<\/span><\/li>\n<li><span class=\"tech-specs-items-description__title\">Power consumption<\/span><span class=\"tech-specs-items-description__title-details\">\u2264 12 W<\/span><\/li>\n<li><span class=\"tech-specs-items-description__title\">Language<\/span><span class=\"tech-specs-items-description__title-details\">English, Vietnamese, Brazilian Portuguese, Spanish, French, Italian, Arabic, Thai, Turkish, Indonesian, Ukrainian, and Russian<\/span><\/li>\n<\/ul>\n<ul>\n<li><b>Function<\/b><\/li>\n<li><span class=\"tech-specs-items-description__title\">Hik-Connect<\/span><span class=\"tech-specs-items-description__title-details\">Support<\/span><\/li>\n<li><span class=\"tech-specs-items-description__title\">Configuration via Web Browser<\/span><span class=\"tech-specs-items-description__title-details\">Support PC web configuration and mobile web operation<\/span><\/li>\n<\/ul>\n","protected":false},"excerpt":{"rendered":"<p>System Operating systemLinux Audio Audio output1 built-in buzzer Network BluetoothSupport Wired network10\/100 Mbps self-adaptive Wi-Fi2.4 GHz, IEEE802.11b, 802.11g, 802.11n, 802.11d,<\/p>\n","protected":false},"featured_media":35049,"comment_status":"open","ping_status":"closed","template":"","meta":[],"product_brand":[],"product_cat":[1613,820],"product_tag":[],"class_list":{"0":"post-35050","1":"product","2":"type-product","3":"status-publish","4":"has-post-thumbnail","6":"product_cat-fire-wireless-alarm-system","7":"product_cat-wall-mounting-cabinets","9":"first","10":"instock","11":"taxable","12":"shipping-taxable","13":"purchasable","14":"product-type-simple"},"_links":{"self":[{"href":"https:\/\/iterra.ge\/en\/wp-json\/wp\/v2\/product\/35050","targetHints":{"allow":["GET"]}}],"collection":[{"href":"https:\/\/iterra.ge\/en\/wp-json\/wp\/v2\/product"}],"about":[{"href":"https:\/\/iterra.ge\/en\/wp-json\/wp\/v2\/types\/product"}],"replies":[{"embeddable":true,"href":"https:\/\/iterra.ge\/en\/wp-json\/wp\/v2\/comments?post=35050"}],"version-history":[{"count":1,"href":"https:\/\/iterra.ge\/en\/wp-json\/wp\/v2\/product\/35050\/revisions"}],"predecessor-version":[{"id":65568,"href":"https:\/\/iterra.ge\/en\/wp-json\/wp\/v2\/product\/35050\/revisions\/65568"}],"wp:featuredmedia":[{"embeddable":true,"href":"https:\/\/iterra.ge\/en\/wp-json\/wp\/v2\/media\/35049"}],"wp:attachment":[{"href":"https:\/\/iterra.ge\/en\/wp-json\/wp\/v2\/media?parent=35050"}],"wp:term":[{"taxonomy":"product_brand","embeddable":true,"href":"https:\/\/iterra.ge\/en\/wp-json\/wp\/v2\/product_brand?post=35050"},{"taxonomy":"product_cat","embeddable":true,"href":"https:\/\/iterra.ge\/en\/wp-json\/wp\/v2\/product_cat?post=35050"},{"taxonomy":"product_tag","embeddable":true,"href":"https:\/\/iterra.ge\/en\/wp-json\/wp\/v2\/product_tag?post=35050"}],"curies":[{"name":"wp","href":"https:\/\/api.w.org\/{rel}","templated":true}]}}