{"id":35168,"date":"2025-06-12T10:56:46","date_gmt":"2025-06-12T06:56:46","guid":{"rendered":"https:\/\/iterra.ge\/product\/%e1%83%99%e1%83%90%e1%83%9b%e1%83%94%e1%83%a0%e1%83%90iphikvisionds-2cd2143g2-li2-8mm4-mp-acusense-smart-hybrid-light-fixed-dome-network-camera\/"},"modified":"2026-02-25T00:01:07","modified_gmt":"2026-02-25T00:01:07","slug":"%e1%83%99%e1%83%90%e1%83%9b%e1%83%94%e1%83%a0%e1%83%90iphikvisionds-2cd2143g2-li2-8mm4-mp-acusense-smart-hybrid-light-fixed-dome-network-camera","status":"publish","type":"product","link":"https:\/\/iterra.ge\/en\/product\/%e1%83%99%e1%83%90%e1%83%9b%e1%83%94%e1%83%a0%e1%83%90iphikvisionds-2cd2143g2-li2-8mm4-mp-acusense-smart-hybrid-light-fixed-dome-network-camera\/","title":{"rendered":"\u10d9\u10d0\u10db\u10d4\u10e0\u10d0,IP,Hikvision,DS-2CD2143G2-LI(2.8mm)4 MP Acusense Smart Hybrid Light Fixed Dome Network Camera"},"content":{"rendered":"<p>\u10d9\u10d0\u10db\u10d4\u10e0\u10d0<br \/>\u10d2\u10d0\u10db\u10dd\u10e1\u10d0\u10ee\u10e3\u10da\u10d4\u10d1\u10d8\u10e1 \u10e1\u10d4\u10dc\u10e1\u10dd\u10e0\u10d8 1\/2.9&#8243; \u10de\u10e0\u10dd\u10d2\u10e0\u10d4\u10e1\u10e3\u10da\u10d8 \u10e1\u10d9\u10d0\u10dc\u10d8\u10e0\u10d4\u10d1\u10d0 CMOS<br \/>\u10db\u10d0\u10e5\u10e1. \u10d2\u10d0\u10e0\u10e9\u10d4\u10d5\u10d0\u10d3\u10dd\u10d1\u10d0 2688 \u00d7 1520<br \/>\u10db\u10d8\u10dc. IlluminationColor: 0.005 Lux @ (F1.6, AGC ON), 0 Lux \u10e8\u10e3\u10e5\u10d8\u10d7<br \/>\u10e9\u10d0\u10db\u10d9\u10d4\u10e2\u10d8\u10e1 \u10d3\u10e0\u10dd 1\/3 \u10ec\u10db-\u10d3\u10d0\u10dc 1\/100000 \u10ec\u10db-\u10db\u10d3\u10d4<br \/>\u10d3\u10e6\u10d4 \u10d3\u10d0 \u10e6\u10d0\u10db\u10d4 IR \u10ed\u10e0\u10d8\u10e1 \u10e4\u10d8\u10da\u10e2\u10e0\u10d8<br \/>\u10d9\u10e3\u10d7\u10ee\u10d8\u10e1 \u10e0\u10d4\u10d2\u10e3\u10da\u10d8\u10e0\u10d4\u10d1\u10d0 \u10de\u10d0\u10dc\u10d4\u10da\u10d8: 0\u00b0-\u10d3\u10d0\u10dc 355\u00b0-\u10db\u10d3\u10d4, \u10d3\u10d0\u10ee\u10e0\u10d8\u10da\u10dd\u10d1\u10d0: 0\u00b0-\u10d3\u10d0\u10dc 75\u00b0-\u10db\u10d3\u10d4, \u10e0\u10dd\u10e2\u10d0\u10ea\u10d8\u10d0: 0\u00b0-\u10d3\u10d0\u10dc 355\u00b0-\u10db\u10d3\u10d4<br \/>\u10dd\u10d1\u10d8\u10d4\u10e5\u10e2\u10d8\u10d5\u10d8<br \/>\u10dd\u10d1\u10d8\u10d4\u10e5\u10e2\u10d8\u10d5\u10d8\u10e1 \u10e2\u10d8\u10de\u10d8 \u10e4\u10d8\u10e5\u10e1\u10d8\u10e0\u10d4\u10d1\u10e3\u10da\u10d8 \u10e4\u10dd\u10d9\u10d0\u10da\u10e3\u10e0\u10d8 \u10dd\u10d1\u10d8\u10d4\u10e5\u10e2\u10d8\u10d5\u10d8, 2.8 \u10d3\u10d0 4 \u10db\u10db \u10e1\u10e3\u10e0\u10d5\u10d8\u10da\u10d8\u10e1\u10d0\u10db\u10d4\u10d1\u10e0<br \/>\u10e4\u10dd\u10d9\u10e3\u10e1\u10e3\u10e0\u10d8 \u10e1\u10d8\u10d2\u10e0\u10eb\u10d4 \u10d3\u10d0 FOV<br \/>2.8 \u10db\u10db, \u10f0\u10dd\u10e0\u10d8\u10d6\u10dd\u10dc\u10e2\u10d0\u10da\u10e3\u10e0\u10d8 FOV 104\u00b0, \u10d5\u10d4\u10e0\u10e2\u10d8\u10d9\u10d0\u10da\u10e3\u10e0\u10d8 FOV 57\u00b0, \u10d3\u10d8\u10d0\u10d2\u10dd\u10dc\u10d0\u10da\u10d8 FOV 122\u00b0<\/p>\n<p>4 \u10db\u10db, \u10f0\u10dd\u10e0\u10d8\u10d6\u10dd\u10dc\u10e2\u10d0\u10da\u10e3\u10e0\u10d8 FOV 84\u00b0, \u10d5\u10d4\u10e0\u10e2\u10d8\u10d9\u10d0\u10da\u10e3\u10e0\u10d8 FOV 45\u00b0, \u10d3\u10d8\u10d0\u10d2\u10dd\u10dc\u10d0\u10da\u10d8 FOV 100\u00b0<\/p>\n<p>\u10da\u10d8\u10dc\u10d6\u10d8\u10e1 \u10e1\u10d0\u10db\u10d0\u10d2\u10e0\u10d8 M12<br \/>Iris TypeFixed<br \/>\u10d3\u10d8\u10d0\u10e4\u10e0\u10d0\u10d2\u10db\u10d0 F1.6<br \/>\u10d5\u10d4\u10da\u10d8\u10e1 \u10e1\u10d8\u10e6\u10e0\u10db\u10d4<br \/>2,8 \u10db\u10db: 1,4 \u10db \u221e-\u10db\u10d3\u10d4<\/p>\n<p>4 \u10db\u10db: 1,5 \u10db \u221e-\u10db\u10d3\u10d4<\/p>\n<p>\u10d3\u10dd\u10e0\u10d8<br \/>\u10d3\u10dd\u10e0\u10d8<br \/>2,8 \u10db\u10db, D: 63 \u10db, O: 25 \u10db, R: 12 \u10db, I: 6 \u10db<\/p>\n<p>4 \u10db\u10db, D: 78 \u10db, O: 31 \u10db, R: 15 \u10db, I: 7 \u10db<\/p>\n<p>\u10d8\u10da\u10e3\u10db\u10d8\u10dc\u10d0\u10e2\u10dd\u10e0\u10d8<br \/>\u10d3\u10d0\u10dc\u10d0\u10db\u10d0\u10e2\u10d8 \u10e1\u10d8\u10dc\u10d0\u10d7\u10da\u10d8\u10e1 TypeIR, \u10d7\u10d4\u10d7\u10e0\u10d8 \u10e8\u10e3\u10e5\u10d8<br \/>\u10d3\u10d0\u10db\u10d0\u10e2\u10d4\u10d1\u10d8\u10d7\u10d8 \u10d2\u10d0\u10dc\u10d0\u10d7\u10d4\u10d1\u10d8\u10e1 \u10d3\u10d8\u10d0\u10de\u10d0\u10d6\u10dd\u10dc\u10d8 30 \u10db-\u10db\u10d3\u10d4<br \/>\u10ed\u10d9\u10d5\u10d8\u10d0\u10dc\u10d8 \u10d3\u10d0\u10dc\u10d0\u10db\u10d0\u10e2\u10d8 \u10db\u10e1\u10e3\u10d1\u10e3\u10e5\u10d8 \u10d3\u10d8\u10d0\u10ee<br \/>IR \u10e2\u10d0\u10da\u10e6\u10d8\u10e1 \u10e1\u10d8\u10d2\u10e0\u10eb\u10d4 850 \u10dc\u10db<br \/>\u10d5\u10d8\u10d3\u10d4\u10dd<br \/>\u10db\u10d7\u10d0\u10d5\u10d0\u10e0\u10d8 \u10dc\u10d0\u10d9\u10d0\u10d3\u10d8<br \/>50 \u10f0\u10ea:<\/p>\n<p>25 fps (2688 \u00d7 1520, 1920 \u00d7 1080, 1280 \u00d7 720)<\/p>\n<p>60 \u10f0\u10ea:<\/p>\n<p>30 fps (2688 \u00d7 1520, 1920 \u00d7 1080, 1280 \u00d7 720)<\/p>\n<p>\u10e5\u10d5\u10d4-\u10dc\u10d0\u10d9\u10d0\u10d3\u10d8<br \/>50 Hz: 25 fps (1280 \u00d7 720, 640 \u00d7 480, 640 \u00d7 360)<\/p>\n<p>60 Hz: 30 fps (1280 \u00d7 720, 640 \u00d7 480, 640 \u00d7 360)<\/p>\n<p>&gt;span class=&#8221;tech-specs-items-description__title-details&#8221;&gt;<br \/>50 Hz: 10 fps (1920 \u00d7 1080, 1280 \u00d7 720, 640 \u00d7 480, 640 \u00d7 360)<\/p>\n<p>60 Hz: 10 fps (1920 \u00d7 1080, 1280 \u00d7 720, 640 \u00d7 480, 640 \u00d7 360)<\/p>\n<p>*\u10db\u10d4\u10e1\u10d0\u10db\u10d4 \u10dc\u10d0\u10d9\u10d0\u10d3\u10d8 \u10db\u10ee\u10d0\u10e0\u10d3\u10d0\u10ed\u10d4\u10e0\u10d8\u10da\u10d8\u10d0 \u10d2\u10d0\u10e0\u10d9\u10d5\u10d4\u10e3\u10da\u10d8 \u10de\u10d0\u10e0\u10d0\u10db\u10d4\u10e2\u10e0\u10d4\u10d1\u10d8\u10d7.<\/p>\n<p>\u10d5\u10d8\u10d3\u10d4\u10dd \u10e8\u10d4\u10d9\u10e3\u10db\u10e8\u10d5\u10d0<br \/>\u10eb\u10d8\u10e0\u10d8\u10d7\u10d0\u10d3\u10d8 \u10dc\u10d0\u10d9\u10d0\u10d3\u10d8: H.265\/H.264\/H.264+\/H.265+,<\/p>\n<p>\u10e5\u10d5\u10d4 \u10dc\u10d0\u10d9\u10d0\u10d3\u10d8: H.265\/H.264\/MJPEG,<\/p>\n<p>\u10db\u10d4\u10e1\u10d0\u10db\u10d4 \u10dc\u10d0\u10d9\u10d0\u10d3\u10d8: H.265\/H.264,<\/p>\n<p>*\u10db\u10d4\u10e1\u10d0\u10db\u10d4 \u10dc\u10d0\u10d9\u10d0\u10d3\u10d8 \u10db\u10ee\u10d0\u10e0\u10d3\u10d0\u10ed\u10d4\u10e0\u10d8\u10da\u10d8\u10d0 \u10d2\u10d0\u10e0\u10d9\u10d5\u10d4\u10e3\u10da\u10d8 \u10de\u10d0\u10e0\u10d0\u10db\u10d4\u10e2\u10e0\u10d4\u10d1\u10d8\u10d7.<\/p>\n<p>\u10d5\u10d8\u10d3\u10d4\u10dd \u10d1\u10d8\u10e2\u10d8\u10e1 \u10e1\u10d8\u10ee\u10e8\u10d8\u10e0\u10d4 32 Kbps-\u10d3\u10d0\u10dc 8 Mbps-\u10db\u10d3\u10d4<br \/>H.264 TypeBaseline \u10de\u10e0\u10dd\u10e4\u10d8\u10da\u10d8, \u10db\u10d7\u10d0\u10d5\u10d0\u10e0\u10d8 \u10de\u10e0\u10dd\u10e4\u10d8\u10da\u10d8, \u10db\u10d0\u10e6\u10d0\u10da\u10d8 \u10de\u10e0\u10dd\u10e4\u10d8\u10da\u10d8<br \/>H.265 TypeMain \u10de\u10e0\u10dd\u10e4\u10d8\u10da\u10d8<br \/>\u10db\u10d0\u10e1\u10e8\u10e2\u10d0\u10d1\u10d8\u10e0\u10d4\u10d1\u10d0\u10d3\u10d8 \u10d5\u10d8\u10d3\u10d4\u10dd \u10d9\u10dd\u10d3\u10d8\u10e0\u10d4\u10d1\u10d0 (SVC)H.264 \u10d3\u10d0 H.265 \u10d9\u10dd\u10d3\u10d8\u10e0\u10d4\u10d1\u10d0<br \/>\u10d1\u10d8\u10e2\u10d8\u10e1 \u10e1\u10d8\u10e9\u10e5\u10d0\u10e0\u10d8\u10e1 \u10d9\u10dd\u10dc\u10e2\u10e0\u10dd\u10da\u10d8CBR, VBR<br \/>\u10d8\u10dc\u10e2\u10d4\u10e0\u10d4\u10e1\u10d8\u10e1 \u10e0\u10d4\u10d2\u10d8\u10dd\u10dc\u10d8 (ROI)1 \u10e4\u10d8\u10e5\u10e1\u10d8\u10e0\u10d4\u10d1\u10e3\u10da\u10d8 \u10e0\u10d4\u10d2\u10d8\u10dd\u10dc\u10d8 \u10eb\u10d8\u10e0\u10d8\u10d7\u10d0\u10d3\u10d8 \u10d3\u10d0 \u10e5\u10d5\u10d4\u10dc\u10d0\u10d9\u10d0\u10d3\u10d8\u10e1\u10d7\u10d5\u10d8\u10e1<br \/>\u10e1\u10d0\u10db\u10d8\u10d6\u10dc\u10d4 \u10db\u10dd\u10ed\u10e0\u10d0 \u10d3\u10d8\u10d0\u10ee<br \/>\u10d0\u10e3\u10d3\u10d8\u10dd<br \/>\u10d0\u10e3\u10d3\u10d8\u10dd \u10e8\u10d4\u10d9\u10e3\u10db\u10e8\u10d5\u10d0-2U: G.711\/G.722.1\/G.726\/MP2L2\/PCM\/MP3\/AAC-LC<br \/>\u10d0\u10e3\u10d3\u10d8\u10dd \u10d1\u10d8\u10e2\u10d8\u10e1 \u10e1\u10d8\u10ee\u10e8\u10d8\u10e0\u10d4-2U: 64 Kbps (G.711ulaw\/G.711alaw)\/16 Kbps (G.722.1)\/16 Kbps (G.726)\/32 \u10d3\u10d0\u10dc 160 Kbps (MP2L2)\/8 \u10d3\u10d0\u10dc 320 Kbps (MP3)\/ 16-\u10d3\u10d0\u10dc 64 \u10d9\u10d1\u10d8\u10e2\/\u10ec\u10db-\u10db\u10d3\u10d4 (AAC-LC)<br \/>\u10d0\u10e3\u10d3\u10d8\u10dd \u10e8\u10d4\u10e0\u10e9\u10d4\u10d5\u10d8\u10e1 \u10e1\u10d8\u10ee\u10e8\u10d8\u10e0\u10d4-2U: 8 kHz\/16 kHz\/32 kHz\/48 kHz<br \/>\u10e5\u10e1\u10d4\u10da\u10d8<br \/>\u10de\u10e0\u10dd\u10e2\u10dd\u10d9\u10dd\u10da\u10d4\u10d1\u10d8TCP\/IP, ICMP, HTTP, HTTPS, FTP, DHCP, DNS, DDNS, RTP, RTSP, RTCP, NTP, UPnP, SMTP, IGMP, 802.1X, QoS, IPv4, IPv6, UDP, Bonjour, SSL\/TLS, PPPo , SNMP, WebSocket, WebSockets<br \/>\u10d4\u10e0\u10d7\u10d3\u10e0\u10dd\u10e3\u10da\u10d8 \u10de\u10d8\u10e0\u10d3\u10d0\u10de\u10d8\u10e0\u10d8 \u10ee\u10d4\u10d3\u10d5\u10d0 6 \u10d0\u10e0\u10ee\u10d0\u10db\u10d3\u10d4<br \/>APIONVIF (\u10de\u10e0\u10dd\u10e4\u10d8\u10da\u10d8 S, \u10de\u10e0\u10dd\u10e4\u10d8\u10da\u10d8 G),ISAPI,SDK,ISUP<br \/>\u10e3\u10e1\u10d0\u10e4\u10e0\u10d7\u10ee\u10dd\u10d4\u10d1\u10d8\u10e1 \u10de\u10d0\u10e0\u10dd\u10da\u10d8\u10e1 \u10d3\u10d0\u10ea\u10d5\u10d0, \u10e0\u10d7\u10e3\u10da\u10d8 \u10de\u10d0\u10e0\u10dd\u10da\u10d8, HTTPS \u10d3\u10d0\u10e8\u10d8\u10e4\u10d5\u10e0\u10d0, IP \u10db\u10d8\u10e1\u10d0\u10db\u10d0\u10e0\u10d7\u10d8\u10e1 \u10e4\u10d8\u10da\u10e2\u10e0\u10d8, \u10e3\u10e1\u10d0\u10e4\u10e0\u10d7\u10ee\u10dd\u10d4\u10d1\u10d8\u10e1 \u10d0\u10e3\u10d3\u10d8\u10e2\u10d8\u10e1 \u10df\u10e3\u10e0\u10dc\u10d0\u10da\u10d8, \u10eb\u10d8\u10e0\u10d8\u10d7\u10d0\u10d3\u10d8 \u10d3\u10d0 \u10d3\u10d0\u10d8\u10ef\u10d4\u10e1\u10e2\u10d8\u10e1 \u10d0\u10d5\u10e2\u10dd\u10e0\u10d8\u10d6\u10d0\u10ea\u10d8\u10d0 HTTP\/HTTPS-\u10d8\u10e1\u10d7\u10d5\u10d8\u10e1, TLS 1.1\/1.2\/1.3, WSSE \u10d3\u10d0 \u10d3\u10d0\u10d8\u10ef\u10d4\u10e1\u10e2\u10d8 \u10d0\u10d5\u10d7\u10d4\u10dc\u10e2\u10d8\u10e4\u10d8\u10d9\u10d0\u10ea\u10d8\u10d0 \u10e6\u10d8\u10d0 \u10e5\u10e1\u10d4\u10da\u10d8\u10e1 \u10d5\u10d8\u10d3\u10d4\u10dd \u10d8\u10dc\u10e2\u10d4\u10e0\u10e4\u10d4\u10d8\u10e1\u10d8\u10e1\u10d7\u10d5\u10d8\u10e1<br \/>\u10db\u10dd\u10db\u10ee\u10db\u10d0\u10e0\u10d4\u10d1\u10d4\u10da\u10d8\/\u10db\u10d0\u10e1\u10de\u10d8\u10dc\u10eb\u10d4\u10da\u10d8<br \/>32-\u10db\u10d3\u10d4 \u10db\u10dd\u10db\u10ee\u10db\u10d0\u10e0\u10d4\u10d1\u10d4\u10da\u10d8<\/p>\n<p>\u10db\u10dd\u10db\u10ee\u10db\u10d0\u10e0\u10d4\u10d1\u10da\u10d8\u10e1 3 \u10d3\u10dd\u10dc\u10d4: \u10d0\u10d3\u10db\u10d8\u10dc\u10d8\u10e1\u10e2\u10e0\u10d0\u10e2\u10dd\u10e0\u10d8, \u10dd\u10de\u10d4\u10e0\u10d0\u10e2\u10dd\u10e0\u10d8 \u10d3\u10d0 \u10db\u10dd\u10db\u10ee\u10db\u10d0\u10e0\u10d4\u10d1\u10d4\u10da\u10d8<\/p>\n<p>ClientiVMS-4200,Hik-Connect,Hik-Central<br \/>\u10e5\u10e1\u10d4\u10da\u10d8\u10e1 \u10e8\u10d4\u10dc\u10d0\u10ee\u10d5\u10d0<br \/>NAS (NFS, SMB\/CIFS), \u10d0\u10d5\u10e2\u10dd\u10db\u10d0\u10e2\u10e3\u10e0\u10d8 \u10e5\u10e1\u10d4\u10da\u10d8\u10e1 \u10e8\u10d4\u10d5\u10e1\u10d4\u10d1\u10d0 (ANR),<\/p>\n<p>\u10db\u10d0\u10e6\u10d0\u10da\u10d8 \u10d3\u10dd\u10dc\u10d8\u10e1 Hikvision \u10db\u10d4\u10ee\u10e1\u10d8\u10d4\u10e0\u10d4\u10d1\u10d8\u10e1 \u10d1\u10d0\u10e0\u10d0\u10d7\u10d7\u10d0\u10dc \u10d4\u10e0\u10d7\u10d0\u10d3, \u10db\u10ee\u10d0\u10e0\u10d3\u10d0\u10ed\u10d4\u10e0\u10d8\u10da\u10d8\u10d0 \u10db\u10d4\u10ee\u10e1\u10d8\u10d4\u10e0\u10d4\u10d1\u10d8\u10e1 \u10d1\u10d0\u10e0\u10d0\u10d7\u10d8\u10e1 \u10d3\u10d0\u10e8\u10d8\u10e4\u10d5\u10e0\u10d0 \u10d3\u10d0 \u10ef\u10d0\u10dc\u10db\u10e0\u10d7\u10d4\u10da\u10dd\u10d1\u10d8\u10e1 \u10d2\u10d0\u10db\u10dd\u10d5\u10da\u10d4\u10dc\u10d0.<\/p>\n<p>\u10d5\u10d4\u10d1 \u10d1\u10e0\u10d0\u10e3\u10d6\u10d4\u10e0\u10d8<br \/>\u10d3\u10d0\u10dc\u10d0\u10db\u10d0\u10e2\u10d8\u10e1 \u10e1\u10d0\u10ed\u10d8\u10e0\u10dd \u10de\u10d8\u10e0\u10d3\u10d0\u10de\u10d8\u10e0\u10d8 \u10ee\u10d4\u10d3\u10d5\u10d0: IE 11,<\/p>\n<p>\u10d3\u10d0\u10dc\u10d0\u10db\u10d0\u10e2\u10d8\u10e1 \u10e3\u10e4\u10d0\u10e1\u10dd \u10de\u10d8\u10e0\u10d3\u10d0\u10de\u10d8\u10e0\u10d8 \u10ee\u10d4\u10d3\u10d5\u10d0: Chrome 80+, Firefox 80+, Edge 89+, Safari 13+,<\/p>\n<p>\u10d0\u10d3\u10d2\u10d8\u10da\u10dd\u10d1\u10e0\u10d8\u10d5\u10d8 \u10e1\u10d4\u10e0\u10d5\u10d8\u10e1\u10d8: Chrome 80+, Firefox 80+, Edge 89+, Safari 13+<\/p>\n<p>\u10d2\u10d0\u10db\u10dd\u10e1\u10d0\u10ee\u10e3\u10da\u10d4\u10d1\u10d0<br \/>\u10e1\u10e3\u10e0\u10d0\u10d7\u10d8\u10e1 \u10de\u10d0\u10e0\u10d0\u10db\u10d4\u10e2\u10e0\u10d4\u10d1\u10d8\u10e1 \u10e8\u10d4\u10ea\u10d5\u10da\u10d0 \u10d3\u10d8\u10d0\u10ee<br \/>\u10d3\u10e6\u10d4\/\u10e6\u10d0\u10db\u10d8\u10e1 \u10e8\u10d4\u10ea\u10d5\u10da\u10d0 \u10d3\u10e6\u10d4, \u10e6\u10d0\u10db\u10d4, \u10d0\u10d5\u10e2\u10dd\u10db\u10d0\u10e2\u10e3\u10e0\u10d8, \u10d2\u10d0\u10dc\u10e0\u10d8\u10d2\u10d8<br \/>\u10e4\u10d0\u10e0\u10d7\u10dd \u10d3\u10d8\u10dc\u10d0\u10db\u10d8\u10e3\u10e0\u10d8 \u10d3\u10d8\u10d0\u10de\u10d0\u10d6\u10dd\u10dc\u10d8 (WDR) 120 \u10d3\u10d1<br \/>SNR\u2265 52 dB<br \/>\u10d2\u10d0\u10db\u10dd\u10e1\u10d0\u10ee\u10e3\u10da\u10d4\u10d1\u10d8\u10e1 \u10d2\u10d0\u10eb\u10da\u10d8\u10d4\u10e0\u10d4\u10d1\u10d0BLC,HLC,3D DNR<br \/>Privacy Mask8 \u10de\u10e0\u10dd\u10d2\u10e0\u10d0\u10db\u10d8\u10e0\u10d4\u10d1\u10d0\u10d3\u10d8 \u10de\u10dd\u10da\u10d8\u10d2\u10dd\u10dc\u10d8\u10e1 \u10d9\u10dd\u10dc\u10e4\u10d8\u10d3\u10d4\u10dc\u10ea\u10d8\u10d0\u10da\u10e3\u10e0\u10dd\u10d1\u10d8\u10e1 \u10dc\u10d8\u10e6\u10d1\u10d4\u10d1\u10d8<br \/>\u10d8\u10dc\u10e2\u10d4\u10e0\u10e4\u10d4\u10d8\u10e1\u10d8<br \/>Ethernet \u10d8\u10dc\u10e2\u10d4\u10e0\u10e4\u10d4\u10d8\u10e1\u10d81 RJ45 10 M\/100 M \u10d7\u10d5\u10d8\u10d7\u10d0\u10d3\u10d0\u10de\u10e2\u10d8\u10e0\u10d4\u10d1\u10d0\u10d3\u10d8 Ethernet \u10de\u10dd\u10e0\u10e2\u10d8<br \/>\u10d0\u10e3\u10d3\u10d8\u10dd<br \/>\u10e9\u10d0\u10db\u10dd\u10dc\u10e2\u10d0\u10df\u10d4\u10d1\u10e3\u10da\u10d8 \u10db\u10d8\u10d9\u10e0\u10dd\u10e4\u10dd\u10dc\u10d8:<\/p>\n<p>-2U: \u10db\u10d0\u10e1\u10d8\u10d5\u10d8\u10e1 \u10dd\u10e0\u10db\u10d0\u10d2\u10d8 \u10db\u10d8\u10d9\u10e0\u10dd\u10e4\u10dd\u10dc\u10d8<\/p>\n<p>-S: 1 \u10e8\u10d4\u10e7\u10d5\u10d0\u10dc\u10d0 (\u10ee\u10d0\u10d6\u10e8\u10d8), \u10dd\u10e0\u10d1\u10d8\u10e0\u10d7\u10d5\u10d8\u10d0\u10dc\u10d8 \u10e2\u10d4\u10e0\u10db\u10d8\u10dc\u10d0\u10da\u10d8\u10e1 \u10d1\u10da\u10dd\u10d9\u10d8, \u10db\u10d0\u10e5\u10e1. \u10e8\u10d4\u10e7\u10d5\u10d0\u10dc\u10d8\u10e1 \u10d0\u10db\u10de\u10da\u10d8\u10e2\u10e3\u10d3\u10d0: 3.3 Vpp, \u10e8\u10d4\u10e7\u10d5\u10d0\u10dc\u10d8\u10e1 \u10ec\u10d8\u10dc\u10d0\u10e6\u10dd\u10d1\u10d0: 4.7 K\u03a9, \u10d8\u10dc\u10e2\u10d4\u10e0\u10e4\u10d4\u10d8\u10e1\u10d8\u10e1 \u10e2\u10d8\u10de\u10d8: \u10d0\u10e0\u10d0\u10d7\u10d0\u10dc\u10d0\u10d1\u10d0\u10e0\u10d8<\/p>\n<p>1 \u10d2\u10d0\u10db\u10dd\u10db\u10d0\u10d5\u10d0\u10da\u10d8 (\u10ee\u10d0\u10d6\u10d8\u10e1 \u10d2\u10d0\u10db\u10dd\u10db\u10d0\u10d5\u10d0\u10da\u10d8), \u10dd\u10e0\u10d1\u10d8\u10e0\u10d7\u10d5\u10d8\u10d0\u10dc\u10d8 \u10e2\u10d4\u10e0\u10db\u10d8\u10dc\u10d0\u10da\u10d8\u10e1 \u10d1\u10da\u10dd\u10d9\u10d8, \u10db\u10d0\u10e5\u10e1. \u10d2\u10d0\u10db\u10dd\u10db\u10d0\u10d5\u10d0\u10da\u10d8 \u10d0\u10db\u10de\u10da\u10d8\u10e2\u10e3\u10d3\u10d0: 3.3 Vpp, \u10d2\u10d0\u10db\u10dd\u10db\u10d0\u10d5\u10d0\u10da\u10d8 \u10ec\u10d8\u10dc\u10d0\u10e6\u10dd\u10d1\u10d0: 100 \u03a9, \u10d8\u10dc\u10e2\u10d4\u10e0\u10e4\u10d4\u10d8\u10e1\u10d8\u10e1 \u10e2\u10d8\u10de\u10d8: \u10d0\u10e0\u10d0\u10d7\u10d0\u10dc\u10d0\u10d1\u10d0\u10e0\u10d8<\/p>\n<p>\u10d1\u10dd\u10e0\u10e2\u10d6\u10d4 Storage \u10e9\u10d0\u10e8\u10d4\u10dc\u10d4\u10d1\u10e3\u10da\u10d8 \u10db\u10d4\u10ee\u10e1\u10d8\u10d4\u10e0\u10d4\u10d1\u10d8\u10e1 \u10d1\u10d0\u10e0\u10d0\u10d7\u10d8\u10e1 \u10e1\u10da\u10dd\u10e2\u10d8, microSD\/microSDHC\/microSDXC \u10d1\u10d0\u10e0\u10d0\u10d7\u10d8\u10e1 \u10db\u10ee\u10d0\u10e0\u10d3\u10d0\u10ed\u10d4\u10e0\u10d0, 512 \u10d2\u10d1-\u10db\u10d3\u10d4<br \/>\u10e1\u10d8\u10d2\u10dc\u10d0\u10da\u10d8\u10d6\u10d0\u10ea\u10d8\u10d0-S: 1 \u10e8\u10d4\u10e7\u10d5\u10d0\u10dc\u10d0, 1 \u10d2\u10d0\u10db\u10dd\u10db\u10d0\u10d5\u10d0\u10da\u10d8 (\u10db\u10d0\u10e5\u10e1. 12 VDC, 30 mA)<br \/>\u10d2\u10d0\u10e1\u10d0\u10e6\u10d4\u10d1\u10d8\u10e1 \u10d2\u10d0\u10d3\u10d0\u10e2\u10d5\u10d8\u10e0\u10d7\u10d5\u10d0 \u10d3\u10d8\u10d0\u10ee<br \/>\u10e6\u10dd\u10dc\u10d8\u10e1\u10eb\u10d8\u10d4\u10d1\u10d0<br \/>\u10eb\u10d8\u10e0\u10d8\u10d7\u10d0\u10d3\u10d8 \u10db\u10dd\u10d5\u10da\u10d4\u10dc\u10d8\u10e1 \u10db\u10dd\u10eb\u10e0\u10d0\u10dd\u10d1\u10d8\u10e1 \u10d2\u10d0\u10db\u10dd\u10d5\u10da\u10d4\u10dc\u10d0 (\u10d2\u10d0\u10dc\u10d2\u10d0\u10e8\u10d8\u10e1 \u10d0\u10db\u10dd\u10e5\u10db\u10d4\u10d3\u10d4\u10d1\u10d8\u10e1 \u10db\u10ee\u10d0\u10e0\u10d3\u10d0\u10ed\u10d4\u10e0\u10d0 \u10db\u10d8\u10d7\u10d8\u10d7\u10d4\u10d1\u10e3\u10da\u10d8 \u10e1\u10d0\u10db\u10d8\u10d6\u10dc\u10d4 \u10e2\u10d8\u10de\u10d4\u10d1\u10d8\u10e1 \u10db\u10d8\u10ee\u10d4\u10d3\u10d5\u10d8\u10d7 (\u10d0\u10d3\u10d0\u10db\u10d8\u10d0\u10dc\u10d8 \u10d3\u10d0 \u10db\u10d0\u10dc\u10e5\u10d0\u10dc\u10d0)), \u10d5\u10d8\u10d3\u10d4\u10dd\u10e1 \u10e8\u10d4\u10e4\u10d4\u10e0\u10ee\u10d4\u10d1\u10d8\u10e1 \u10e1\u10d8\u10d2\u10dc\u10d0\u10da\u10d8\u10d6\u10d0\u10ea\u10d8\u10d0, \u10d2\u10d0\u10db\u10dd\u10dc\u10d0\u10d9\u10da\u10d8\u10e1\u10d8<br \/>Linkage\u10d0\u10e2\u10d5\u10d8\u10e0\u10d7\u10d5\u10d0 FTP\/NAS\/\u10db\u10d4\u10ee\u10e1\u10d8\u10d4\u10e0\u10d4\u10d1\u10d8\u10e1 \u10d1\u10d0\u10e0\u10d0\u10d7\u10d6\u10d4, \u10e8\u10d4\u10d0\u10e2\u10e7\u10dd\u10d1\u10d8\u10dc\u10d4\u10d7 \u10e1\u10d0\u10d7\u10d5\u10d0\u10da\u10d7\u10d5\u10d0\u10da\u10dd \u10ea\u10d4\u10dc\u10e2\u10e0\u10e1, \u10d2\u10d0\u10d2\u10d6\u10d0\u10d5\u10dc\u10d4\u10d7 \u10d4\u10da\u10e4\u10dd\u10e1\u10e2\u10d0, \u10e9\u10d0\u10dc\u10d0\u10ec\u10d4\u10e0\u10d8\u10e1 \u10e9\u10d0\u10ec\u10d4\u10e0\u10d0, \u10e2\u10e0\u10d8\u10d2\u10d4\u10e0\u10d8\u10e1 \u10d3\u10d0\u10ed\u10d4\u10e0\u10d0, -S: \u10e1\u10d8\u10d2\u10dc\u10d0\u10da\u10d8\u10d6\u10d0\u10ea\u10d8\u10d8\u10e1 \u10d2\u10d0\u10db\u10dd\u10db\u10d0\u10d5\u10d0\u10da\u10d8<br \/>\u10e6\u10e0\u10db\u10d0 \u10e1\u10ec\u10d0\u10d5\u10da\u10d8\u10e1 \u10e4\u10e3\u10dc\u10e5\u10ea\u10d8\u10d0<br \/>\u10de\u10d4\u10e0\u10d8\u10db\u10d4\u10e2\u10e0\u10d8\u10e1 \u10d3\u10d0\u10ea\u10d5\u10d0<br \/>\u10ee\u10d0\u10d6\u10d8\u10e1 \u10d2\u10d0\u10d3\u10d0\u10d9\u10d5\u10d4\u10d7\u10d0, \u10e8\u10d4\u10ed\u10e0\u10d0<\/p>\n<p>\u10d2\u10d0\u10dc\u10d2\u10d0\u10e8\u10d8\u10e1 \u10d0\u10db\u10dd\u10e5\u10db\u10d4\u10d3\u10d4\u10d1\u10d8\u10e1 \u10db\u10ee\u10d0\u10e0\u10d3\u10d0\u10ed\u10d4\u10e0\u10d0 \u10db\u10d8\u10d7\u10d8\u10d7\u10d4\u10d1\u10e3\u10da\u10d8 \u10e1\u10d0\u10db\u10d8\u10d6\u10dc\u10d4 \u10e2\u10d8\u10de\u10d4\u10d1\u10d8\u10d7 (\u10d0\u10d3\u10d0\u10db\u10d8\u10d0\u10dc\u10d8 \u10d3\u10d0 \u10db\u10d0\u10dc\u10e5\u10d0\u10dc\u10d0)<\/p>\n<p>\u10d2\u10d4\u10dc\u10d4\u10e0\u10d0\u10da\u10d8<br \/>\u10eb\u10d0\u10da\u10d0\u10e3\u10e4\u10da\u10d4\u10d1\u10d0<br \/>12 VDC \u00b1 25%, 0.6 A, \u10db\u10d0\u10e5\u10e1. 7.2 W, \u00d85.5 \u10db\u10db \u10d9\u10dd\u10d0\u10e5\u10e1\u10d8\u10d0\u10da\u10e3\u10e0\u10d8 \u10d3\u10d4\u10dc\u10d8\u10e1 \u10e8\u10e2\u10d4\u10e4\u10e1\u10d4\u10da\u10d8, \u10e1\u10d0\u10de\u10d8\u10e0\u10d8\u10e1\u10de\u10d8\u10e0\u10dd \u10de\u10dd\u10da\u10d0\u10e0\u10dd\u10d1\u10d8\u10e1 \u10d3\u10d0\u10ea\u10d5\u10d0,<\/p>\n<p>PoE: IEEE 802.3af, \u10d9\u10da\u10d0\u10e1\u10d8 3, \u10db\u10d0\u10e5\u10e1. 8,5 \u10d5\u10e2<\/p>\n<p>\u10db\u10d0\u10e1\u10d0\u10da\u10d0 \u10d1\u10d0\u10d6\u10d0: \u10d0\u10da\u10e3\u10db\u10d8\u10dc\u10d8\u10e1 \u10e8\u10d4\u10dc\u10d0\u10d3\u10dc\u10dd\u10d1\u10d8, \u10e1\u10d0\u10e4\u10d0\u10e0\u10d8: \u10d0\u10da\u10e3\u10db\u10d8\u10dc\u10d8\u10e1 \u10e8\u10d4\u10dc\u10d0\u10d3\u10dc\u10dd\u10d1\u10d8<br \/>\u10d6\u10dd\u10db\u10d0\u00d8121.5 \u10db\u10db \u00d7 97.6 \u10db\u10db (\u00d84.78&#8243; \u00d7 3.84&#8243;)<br \/>\u10de\u10d0\u10d9\u10d4\u10e2\u10d8\u10e1 \u10d6\u10dd\u10db\u10d0 150 \u10db\u10db \u00d7 150 \u10db\u10db \u00d7 141 \u10db\u10db (5.91&#8243; \u00d7 5.91&#8243; \u00d7 5.55&#8243;)<br \/>\u10ec\u10dd\u10dc\u10d0 \u10d3\u10d0\u10d0\u10ee\u10da. 600 \u10d2 (1,3 \u10e4\u10e3\u10dc\u10e2\u10d8)<br \/>\u10de\u10d0\u10d9\u10d4\u10e2\u10d8\u10e1 \u10ec\u10dd\u10dc\u10d8\u10d7 \u10d3\u10d0\u10d0\u10ee\u10da. 830 \u10d2 (1,8 \u10e4\u10e3\u10dc\u10e2\u10d8)<br \/>\u10e8\u10d4\u10dc\u10d0\u10ee\u10d5\u10d8\u10e1 \u10de\u10d8\u10e0\u10dd\u10d1\u10d4\u10d1\u10d8-30 \u00b0C-\u10d3\u10d0\u10dc 60 \u00b0C-\u10db\u10d3\u10d4 (-22 \u00b0F-\u10d3\u10d0\u10dc 140 \u00b0F-\u10db\u10d3\u10d4). \u10e2\u10d4\u10dc\u10d8\u10d0\u10dc\u10dd\u10d1\u10d0 95% \u10d0\u10dc \u10dc\u10d0\u10d9\u10da\u10d4\u10d1\u10d8 (\u10d0\u10e0\u10d0\u10d9\u10dd\u10dc\u10d3\u10d4\u10dc\u10e1\u10d8\u10e0\u10d4\u10d1\u10d0\u10d3\u10d8)<br \/>\u10d2\u10d0\u10e8\u10d5\u10d4\u10d1\u10d8\u10e1 \u10d3\u10d0 \u10db\u10e3\u10e8\u10d0\u10dd\u10d1\u10d8\u10e1 \u10de\u10d8\u10e0\u10dd\u10d1\u10d4\u10d1\u10d8-30 \u00b0C-\u10d3\u10d0\u10dc 60 \u00b0C-\u10db\u10d3\u10d4 (-22 \u00b0F-\u10d3\u10d0\u10dc 140 \u00b0F-\u10db\u10d3\u10d4). \u10e2\u10d4\u10dc\u10d8\u10d0\u10dc\u10dd\u10d1\u10d0 95% \u10d0\u10dc \u10dc\u10d0\u10d9\u10da\u10d4\u10d1\u10d8 (\u10d0\u10e0\u10d0\u10d9\u10dd\u10dc\u10d3\u10d4\u10dc\u10e1\u10d8\u10e0\u10d4\u10d1\u10d0\u10d3\u10d8)<br \/>\u10d4\u10dc\u10d033 \u10d4\u10dc\u10d0: \u10d8\u10dc\u10d2\u10da\u10d8\u10e1\u10e3\u10e0\u10d8, \u10e0\u10e3\u10e1\u10e3\u10da\u10d8, \u10d4\u10e1\u10e2\u10dd\u10dc\u10e3\u10e0\u10d8, \u10d1\u10e3\u10da\u10d2\u10d0\u10e0\u10e3\u10da\u10d8, \u10e3\u10dc\u10d2\u10e0\u10e3\u10da\u10d8, \u10d1\u10d4\u10e0\u10eb\u10dc\u10e3\u10da\u10d8, \u10d2\u10d4\u10e0\u10db\u10d0\u10dc\u10e3\u10da\u10d8, \u10d8\u10e2\u10d0\u10da\u10d8\u10e3\u10e0\u10d8, \u10e9\u10d4\u10ee\u10e3\u10e0\u10d8, \u10e1\u10da\u10dd\u10d5\u10d0\u10d9\u10e3\u10e0\u10d8, \u10e4\u10e0\u10d0\u10dc\u10d2\u10e3\u10da\u10d8, \u10de\u10dd\u10da\u10dd\u10dc\u10e3\u10e0\u10d8, \u10f0\u10dd\u10da\u10d0\u10dc\u10d3\u10d8\u10e3\u10e0\u10d8, \u10de\u10dd\u10e0\u10e2\u10e3\u10d2\u10d0\u10da\u10d8\u10e3\u10e0\u10d8, \u10d4\u10e1\u10de\u10d0\u10dc\u10e3\u10e0\u10d8, \u10e0\u10e3\u10db\u10d8\u10dc\u10e3\u10da\u10d8, \u10d3\u10d0\u10dc\u10d8\u10e3\u10e0\u10d8, \u10e8\u10d5\u10d4\u10d3\u10e3\u10e0\u10d8, \u10dc\u10dd\u10e0\u10d5\u10d4\u10d2\u10d8\u10e3\u10da\u10d8, \u10e4\u10d8\u10dc\u10e3\u10e0\u10d8, \u10ee\u10dd\u10e0\u10d5\u10d0\u10e2\u10e3\u10da\u10d8, \u10e1\u10da\u10dd\u10d5\u10d4\u10dc\u10e3\u10e0\u10d8, \u10e1\u10d4\u10e0\u10d1\u10e3\u10da\u10d8, \u10d7\u10e3\u10e0\u10e5\u10e3\u10da\u10d8 , \u10d9\u10dd\u10e0\u10d4\u10e3\u10da\u10d8,<\/p>\n","protected":false},"excerpt":{"rendered":"<p>\u10d9\u10d0\u10db\u10d4\u10e0\u10d0\u10d2\u10d0\u10db\u10dd\u10e1\u10d0\u10ee\u10e3\u10da\u10d4\u10d1\u10d8\u10e1 \u10e1\u10d4\u10dc\u10e1\u10dd\u10e0\u10d8 1\/2.9&#8243; \u10de\u10e0\u10dd\u10d2\u10e0\u10d4\u10e1\u10e3\u10da\u10d8 \u10e1\u10d9\u10d0\u10dc\u10d8\u10e0\u10d4\u10d1\u10d0 CMOS\u10db\u10d0\u10e5\u10e1. \u10d2\u10d0\u10e0\u10e9\u10d4\u10d5\u10d0\u10d3\u10dd\u10d1\u10d0 2688 \u00d7 1520\u10db\u10d8\u10dc. IlluminationColor: 0.005 Lux @ (F1.6, AGC ON), 0 Lux \u10e8\u10e3\u10e5\u10d8\u10d7\u10e9\u10d0\u10db\u10d9\u10d4\u10e2\u10d8\u10e1<\/p>\n","protected":false},"featured_media":35165,"comment_status":"open","ping_status":"closed","template":"","meta":[],"product_brand":[],"product_cat":[826,820],"product_tag":[],"class_list":{"0":"post-35168","1":"product","2":"type-product","3":"status-publish","4":"has-post-thumbnail","6":"product_cat-4mp-ip-cameras","7":"product_cat-wall-mounting-cabinets","9":"first","10":"instock","11":"taxable","12":"shipping-taxable","13":"purchasable","14":"product-type-simple"},"_links":{"self":[{"href":"https:\/\/iterra.ge\/en\/wp-json\/wp\/v2\/product\/35168","targetHints":{"allow":["GET"]}}],"collection":[{"href":"https:\/\/iterra.ge\/en\/wp-json\/wp\/v2\/product"}],"about":[{"href":"https:\/\/iterra.ge\/en\/wp-json\/wp\/v2\/types\/product"}],"replies":[{"embeddable":true,"href":"https:\/\/iterra.ge\/en\/wp-json\/wp\/v2\/comments?post=35168"}],"version-history":[{"count":1,"href":"https:\/\/iterra.ge\/en\/wp-json\/wp\/v2\/product\/35168\/revisions"}],"predecessor-version":[{"id":65537,"href":"https:\/\/iterra.ge\/en\/wp-json\/wp\/v2\/product\/35168\/revisions\/65537"}],"wp:featuredmedia":[{"embeddable":true,"href":"https:\/\/iterra.ge\/en\/wp-json\/wp\/v2\/media\/35165"}],"wp:attachment":[{"href":"https:\/\/iterra.ge\/en\/wp-json\/wp\/v2\/media?parent=35168"}],"wp:term":[{"taxonomy":"product_brand","embeddable":true,"href":"https:\/\/iterra.ge\/en\/wp-json\/wp\/v2\/product_brand?post=35168"},{"taxonomy":"product_cat","embeddable":true,"href":"https:\/\/iterra.ge\/en\/wp-json\/wp\/v2\/product_cat?post=35168"},{"taxonomy":"product_tag","embeddable":true,"href":"https:\/\/iterra.ge\/en\/wp-json\/wp\/v2\/product_tag?post=35168"}],"curies":[{"name":"wp","href":"https:\/\/api.w.org\/{rel}","templated":true}]}}