{"id":35279,"date":"2025-06-12T10:58:36","date_gmt":"2025-06-12T06:58:36","guid":{"rendered":"https:\/\/iterra.ge\/product\/%e1%83%9a%e1%83%98%e1%83%a4%e1%83%a2%e1%83%98%e1%83%a1-%e1%83%a3%e1%83%99%e1%83%90%e1%83%91%e1%83%94%e1%83%9a%e1%83%9d-%e1%83%9b%e1%83%98%e1%83%9b%e1%83%a6%e1%83%94%e1%83%91-%e1%83%92%e1%83%90-2\/"},"modified":"2026-02-25T00:01:09","modified_gmt":"2026-02-25T00:01:09","slug":"%e1%83%9a%e1%83%98%e1%83%a4%e1%83%a2%e1%83%98%e1%83%a1-%e1%83%a3%e1%83%99%e1%83%90%e1%83%91%e1%83%94%e1%83%9a%e1%83%9d-%e1%83%9b%e1%83%98%e1%83%9b%e1%83%a6%e1%83%94%e1%83%91-%e1%83%92%e1%83%90-2","status":"publish","type":"product","link":"https:\/\/iterra.ge\/en\/product\/%e1%83%9a%e1%83%98%e1%83%a4%e1%83%a2%e1%83%98%e1%83%a1-%e1%83%a3%e1%83%99%e1%83%90%e1%83%91%e1%83%94%e1%83%9a%e1%83%9d-%e1%83%9b%e1%83%98%e1%83%9b%e1%83%a6%e1%83%94%e1%83%91-%e1%83%92%e1%83%90-2\/","title":{"rendered":"\u10da\u10d8\u10e4\u10e2\u10d8\u10e1 \u10e3\u10d9\u10d0\u10d1\u10d4\u10da\u10dd \u10db\u10d8\u10db\u10e6\u10d4\u10d1 \u10d2\u10d0\u10d3\u10d0\u10db\u10ea\u10d4\u10db\u10d8 (\u10ec\u10e7\u10d5\u10d8\u10da\u10d8)DS-3WF0BC-2NT(B)"},"content":{"rendered":"<ul>\n<li><b>General<\/b><\/li>\n<li><span class=\"tech-specs-items-description__title\">Product Dimensions (W \u00d7 H \u00d7 D)<\/span><span class=\"tech-specs-items-description__title-details\">90.8 mm \u00d7 187.87 mm \u00d7 57.87 mm (3.57&#8221; \u00d7 7.39&#8221; \u00d7 2.27&#8221;)<\/span><\/li>\n<li><span class=\"tech-specs-items-description__title\">Package Dimensions (W \u00d7 H \u00d7 D)<\/span><span class=\"tech-specs-items-description__title-details\">256 mm \u00d7 231 mm \u00d7 86 mm (10.07&#8243; \u00d7 9.09&#8243; \u00d7 3.38&#8243;)<\/span><\/li>\n<li><span class=\"tech-specs-items-description__title\">Net Weight<\/span><span class=\"tech-specs-items-description__title-details\">0.26 kg (0.57 lb) per device<\/span><\/li>\n<li><span class=\"tech-specs-items-description__title\">Gross Weight<\/span><span class=\"tech-specs-items-description__title-details\">0.8 kg (1.76 lb)<\/span><\/li>\n<li><span class=\"tech-specs-items-description__title\">Packing List<\/span><span class=\"tech-specs-items-description__title-details\">Wireless Bridge \u00d7 2,Power Adapter (12 VDC, 1 A) \u00d7 2,10\/100 Mbps PoE Injector \u00d7 2,Binding Tape \u00d7 4,Quick Start Guide \u00d71<\/span><\/li>\n<li><span class=\"tech-specs-items-description__title\">Packing Method<\/span><span class=\"tech-specs-items-description__title-details\">Packing in pairs<\/span><\/li>\n<li><span class=\"tech-specs-items-description__title\">Working Temperature<\/span><span class=\"tech-specs-items-description__title-details\">-30 \u00b0C to 70 \u00b0C (-22 \u00b0F to 158 \u00b0F)<\/span><\/li>\n<li><span class=\"tech-specs-items-description__title\">Working Humidity<\/span><span class=\"tech-specs-items-description__title-details\">5% to 95% (no condensation)<\/span><\/li>\n<li><span class=\"tech-specs-items-description__title\">Storage Temperature<\/span><span class=\"tech-specs-items-description__title-details\">-40 \u00b0C to 80 \u00b0C (-40 \u00b0F to 176 \u00b0F)<\/span><\/li>\n<li><span class=\"tech-specs-items-description__title\">Storage Humidity<\/span><span class=\"tech-specs-items-description__title-details\">5% to 95% (no condensation)<\/span><\/li>\n<li>&lt;span class=&quot;tech-specs-items-description__title&quot; &lt;installation=&quot;&quot; mode&gt;span class=&#8221;tech-specs-items-description__title-details&#8221;&gt;Pole Mounting<\/span><\/li>\n<li><span class=\"tech-specs-items-description__title\">Ingress Protection<\/span><span class=\"tech-specs-items-description__title-details\">IP55<\/span><\/li>\n<li><span class=\"tech-specs-items-description__title\">Power Consumption<\/span><span class=\"tech-specs-items-description__title-details\">1.89 W for typical (1-ch 2MP IPC), Max. 3.7 W<\/span><\/li>\n<\/ul>\n<ul>\n<li><b>Wireless Parameter<\/b><\/li>\n<li><span class=\"tech-specs-items-description__title\">Max. Transmission Rate of Air Interface<\/span><span class=\"tech-specs-items-description__title-details\">\u2264 300 Mbps<\/span><\/li>\n<li><span class=\"tech-specs-items-description__title\">Wireless Standard<\/span><span class=\"tech-specs-items-description__title-details\">IEEE 802.11b\/g\/n (2 \u00d7 2 MIMO 300 Mbps)<\/span><\/li>\n<li><span class=\"tech-specs-items-description__title\">Working Frequency Band<\/span><span class=\"tech-specs-items-description__title-details\">2400 MHz ~ 2483.5 MHz<\/span><\/li>\n<li><span class=\"tech-specs-items-description__title\">Antenna Gain<\/span><span class=\"tech-specs-items-description__title-details\">7 dBi<\/span><\/li>\n<li><span class=\"tech-specs-items-description__title\">Antenna Angle<\/span><span class=\"tech-specs-items-description__title-details\">(H) Beamwidth [3 dB] 65\u00b0 (V) Beamwidth [3 dB] 65\u00b0<\/span><\/li>\n<li><span class=\"tech-specs-items-description__title\">Transmitting Power<\/span><span class=\"tech-specs-items-description__title-details\">19\u00b12 dBm (Note: Transmitting power may vary with local regulations.)<\/span><\/li>\n<li><span class=\"tech-specs-items-description__title\">Receiving Sensitivity<\/span><span class=\"tech-specs-items-description__title-details\">-68 \u00b1 2 dBm @HT40 MCS7<\/span><\/li>\n<li>&lt;span class=&quot;tech-specs-items-description__title&quot; &lt;throughput=&quot;&quot; rate&gt;span class=&#8221;tech-specs-items-description__title-details&#8221;&gt;Point to point: Support up to 6-ch IPC (2MP) in Max. 0.2 KM distance and Max. 30 Mbps bandwidth<\/span><\/li>\n<\/ul>\n<ul>\n<li><b>Hardware Parameter<\/b><\/li>\n<li><span class=\"tech-specs-items-description__title\">Network Interface<\/span><span class=\"tech-specs-items-description__title-details\">2 \u00d7 10\/100 Mbps RJ45 ports<\/span><\/li>\n<li><span class=\"tech-specs-items-description__title\">LED Indicator<\/span><span class=\"tech-specs-items-description__title-details\">Power indicator,LAN indicator,Signal intensity indicator<\/span><\/li>\n<li><span class=\"tech-specs-items-description__title\">Reset<\/span><span class=\"tech-specs-items-description__title-details\">Hardware resetting button<\/span><\/li>\n<li><span class=\"tech-specs-items-description__title\">Power Supply<\/span><span class=\"tech-specs-items-description__title-details\">12-24 VDC Passive PoE<\/span><\/li>\n<\/ul>\n<ul>\n<li><b>Software Function<\/b><\/li>\n<li><span class=\"tech-specs-items-description__title\">Application Function<\/span><span class=\"tech-specs-items-description__title-details\">IFM,IPM<\/span><\/li>\n<li><span class=\"tech-specs-items-description__title\">Channel Width<\/span><span class=\"tech-specs-items-description__title-details\">10\/20\/40 MHz<\/span><\/li>\n<li><span class=\"tech-specs-items-description__title\">Channel Selection<\/span><span class=\"tech-specs-items-description__title-details\">Auto\/manual selection<\/span><\/li>\n<li><span class=\"tech-specs-items-description__title\">Network Protocol<\/span><span class=\"tech-specs-items-description__title-details\">NTP (network time synchronization),SADP (auto search for IP address),HTTPS (web management),SSH (debugging)<\/span><\/li>\n<li><span class=\"tech-specs-items-description__title\">Security Mode<\/span><span class=\"tech-specs-items-description__title-details\">WPA2-PSK<\/span><\/li>\n<li><span class=\"tech-specs-items-description__title\">Security Mechanism<\/span><span class=\"tech-specs-items-description__title-details\">Wireless network name hidden<\/span><\/li>\n<li><span class=\"tech-specs-items-description__title\">Management Method<\/span><span class=\"tech-specs-items-description__title-details\">Web,iVMS-4200,HCP<\/span><\/li>\n<li><span class=\"tech-specs-items-description__title\">Upgrade<\/span><span class=\"tech-specs-items-description__title-details\">Web,iVMS-4200,HCP<\/span><\/li>\n<li><span class=\"tech-specs-items-description__title\">System Log<\/span><span class=\"tech-specs-items-description__title-details\">Syslog,Control center information<\/span><\/li>\n<\/ul>\n<ul>\n<li><b>Approval<\/b><\/li>\n<li><span class=\"tech-specs-items-description__title\">EMC<\/span><span class=\"tech-specs-items-description__title-details\">CE-EMC (EN 55032: 2015+A11: 2020, EN IEC 61000-3-2: 2019, EN 61000-3-3: 2013+A1: 2019, EN 50130-4: 2011+A1: 2014, EN 55035: 2017+A11: 2020)<\/span><\/li>\n<li><span class=\"tech-specs-items-description__title\">Safety<\/span><span class=\"tech-specs-items-description__title-details\">CB (AMD1:2009, AMD2:2013, IEC 62368-1: 2014 (Second Edition)), CE-LVD (EN 62368-1: 2014+A11: 2017)<\/span><\/li>\n<li><span class=\"tech-specs-items-description__title\">Chemistry<\/span><span class=\"tech-specs-items-description__title-details\">CE-RoHS (2011\/65\/EU),WEEE (2012\/19\/EU),Reach (Regulation (EC) No.1907\/2006)<\/span><\/li>\n<li><span class=\"tech-specs-items-description__title\">Radio<\/span><span class=\"tech-specs-items-description__title-details\">EN 301 893,EN 300 440,EN 62311,EN 301 489-3,EN 301 489-17<\/span><\/li>\n<\/ul>\n","protected":false},"excerpt":{"rendered":"<p>General Product Dimensions (W \u00d7 H \u00d7 D)90.8 mm \u00d7 187.87 mm \u00d7 57.87 mm (3.57&#8221; \u00d7 7.39&#8221; \u00d7 2.27&#8221;)<\/p>\n","protected":false},"featured_media":35278,"comment_status":"open","ping_status":"closed","template":"","meta":[],"product_brand":[],"product_cat":[1613,820],"product_tag":[],"class_list":{"0":"post-35279","1":"product","2":"type-product","3":"status-publish","4":"has-post-thumbnail","6":"product_cat-fire-wireless-alarm-system","7":"product_cat-wall-mounting-cabinets","9":"first","10":"instock","11":"taxable","12":"shipping-taxable","13":"purchasable","14":"product-type-simple"},"_links":{"self":[{"href":"https:\/\/iterra.ge\/en\/wp-json\/wp\/v2\/product\/35279","targetHints":{"allow":["GET"]}}],"collection":[{"href":"https:\/\/iterra.ge\/en\/wp-json\/wp\/v2\/product"}],"about":[{"href":"https:\/\/iterra.ge\/en\/wp-json\/wp\/v2\/types\/product"}],"replies":[{"embeddable":true,"href":"https:\/\/iterra.ge\/en\/wp-json\/wp\/v2\/comments?post=35279"}],"version-history":[{"count":1,"href":"https:\/\/iterra.ge\/en\/wp-json\/wp\/v2\/product\/35279\/revisions"}],"predecessor-version":[{"id":47662,"href":"https:\/\/iterra.ge\/en\/wp-json\/wp\/v2\/product\/35279\/revisions\/47662"}],"wp:featuredmedia":[{"embeddable":true,"href":"https:\/\/iterra.ge\/en\/wp-json\/wp\/v2\/media\/35278"}],"wp:attachment":[{"href":"https:\/\/iterra.ge\/en\/wp-json\/wp\/v2\/media?parent=35279"}],"wp:term":[{"taxonomy":"product_brand","embeddable":true,"href":"https:\/\/iterra.ge\/en\/wp-json\/wp\/v2\/product_brand?post=35279"},{"taxonomy":"product_cat","embeddable":true,"href":"https:\/\/iterra.ge\/en\/wp-json\/wp\/v2\/product_cat?post=35279"},{"taxonomy":"product_tag","embeddable":true,"href":"https:\/\/iterra.ge\/en\/wp-json\/wp\/v2\/product_tag?post=35279"}],"curies":[{"name":"wp","href":"https:\/\/api.w.org\/{rel}","templated":true}]}}