{"id":35397,"date":"2025-06-12T10:59:36","date_gmt":"2025-06-12T06:59:36","guid":{"rendered":"https:\/\/iterra.ge\/product\/%e1%83%a1%e1%83%90%e1%83%ae%e1%83%90%e1%83%9c%e1%83%ab%e1%83%a0%e1%83%9d-%e1%83%9e%e1%83%90%e1%83%9c%e1%83%94%e1%83%9a%e1%83%98-ajax-hub-2-8eu-asp-black\/"},"modified":"2026-02-25T00:01:14","modified_gmt":"2026-02-25T00:01:14","slug":"%e1%83%a1%e1%83%90%e1%83%ae%e1%83%90%e1%83%9c%e1%83%ab%e1%83%a0%e1%83%9d-%e1%83%9e%e1%83%90%e1%83%9c%e1%83%94%e1%83%9a%e1%83%98-ajax-hub-2-8eu-asp-black","status":"publish","type":"product","link":"https:\/\/iterra.ge\/en\/product\/%e1%83%a1%e1%83%90%e1%83%ae%e1%83%90%e1%83%9c%e1%83%ab%e1%83%a0%e1%83%9d-%e1%83%9e%e1%83%90%e1%83%9c%e1%83%94%e1%83%9a%e1%83%98-ajax-hub-2-8eu-asp-black\/","title":{"rendered":"\u10e1\u10d0\u10ee\u10d0\u10dc\u10eb\u10e0\u10dd \u10de\u10d0\u10dc\u10d4\u10da\u10d8 Ajax Hub 2 (8EU) ASP Black"},"content":{"rendered":"<\/p>\n<ul>\n<li><b>General<\/b><\/li>\n<li><span class=\"tech-specs-items-description__title\">Product Dimensions (W \u00d7 H \u00d7 D)<\/span><span class=\"tech-specs-items-description__title-details\">126mm\u00d797mm\u00d742mm<\/span><\/li>\n<li><span class=\"tech-specs-items-description__title\">Package Dimensions (W \u00d7 H \u00d7 D)<\/span><span class=\"tech-specs-items-description__title-details\">231mm\u00d7203mm\u00d751mm<\/span><\/li>\n<li><span class=\"tech-specs-items-description__title\">Net Weight<\/span><span class=\"tech-specs-items-description__title-details\">0.365kg<\/span><\/li>\n<li><span class=\"tech-specs-items-description__title\">Packing List<\/span><span class=\"tech-specs-items-description__title-details\">\n<p>4G LTE Router \u00d7 1<\/p>\n<p>Power Adapter \u00d7 1<\/p>\n<p>Ethernet Cable \u00d7 1<\/p>\n<p>Quick Start Guide \u00d7 1<\/p>\n<p>Regulatory Compliance and Safety Information \u00d7 1<\/p>\n<p><\/span><\/li>\n<li><span class=\"tech-specs-items-description__title\">Packing Method<\/span><span class=\"tech-specs-items-description__title-details\">Single pack<\/span><\/li>\n<li><span class=\"tech-specs-items-description__title\">Working Temperature<\/span><span class=\"tech-specs-items-description__title-details\">0 \u2103 to 40 \u2103 (32 \u2109 to 104 \u2109)<\/span><\/li>\n<li><span class=\"tech-specs-items-description__title\">Working Humidity<\/span><span class=\"tech-specs-items-description__title-details\">10% to 90% RH non-condensing<\/span><\/li>\n<li><span class=\"tech-specs-items-description__title\">Storage Temperature<\/span><span class=\"tech-specs-items-description__title-details\">-40 \u2103 to 70 \u2103 (-40 \u2109 to 158 \u2109)<\/span><\/li>\n<li><span class=\"tech-specs-items-description__title\">Storage Humidity<\/span><span class=\"tech-specs-items-description__title-details\">5% to 90% RH non-condensing<\/span><\/li>\n<li>&lt;span class=&quot;tech-specs-items-description__title&quot; &lt;installation=&quot;&quot; mode&gt;span class=&#8221;tech-specs-items-description__title-details&#8221;&gt;Desktop installation<\/span><\/li>\n<li><span class=\"tech-specs-items-description__title\">Max. Power Consumption<\/span><span class=\"tech-specs-items-description__title-details\">\u2264 6 W<\/span><\/li>\n<li><span class=\"tech-specs-items-description__title\">Gross Weight<\/span><span class=\"tech-specs-items-description__title-details\">0.396 kg<\/span><\/li>\n<\/ul>\n<ul>\n<li><b>Wireless Parameter<\/b><\/li>\n<li><span class=\"tech-specs-items-description__title\">Max. Transmission Rate of Air Interface<\/span><span class=\"tech-specs-items-description__title-details\">2.4 GHz: 300 Mbps<\/span><\/li>\n<li><span class=\"tech-specs-items-description__title\">Wireless Standard<\/span><span class=\"tech-specs-items-description__title-details\">IEEE 802.11b\/g\/n @2.4GHz<\/span><\/li>\n<li><span class=\"tech-specs-items-description__title\">Working Frequency Band<\/span><span class=\"tech-specs-items-description__title-details\">2.4 GHz<\/span><\/li>\n<li><span class=\"tech-specs-items-description__title\">Transmitting Power<\/span><span class=\"tech-specs-items-description__title-details\">up to 20dBm<\/span><\/li>\n<li><span class=\"tech-specs-items-description__title\">Wireless Performance<\/span><span class=\"tech-specs-items-description__title-details\">2*2 MIMO supported<\/span><\/li>\n<li><span class=\"tech-specs-items-description__title\">Receiving Sensitivity<\/span><span class=\"tech-specs-items-description__title-details\">\n<p>-86\u00b12dBm@N20-MCS0<\/p>\n<p>-66\u00b12dBm@N20-MCS7<\/p>\n<p>-83\u00b12dBm@N40-MCS0<\/p>\n<p>-64\u00b12dBm@N40-MCS7<\/p>\n<p>-92\u00b12dBm@B-1M<\/p>\n<p>-83\u00b12dBm@B-11M<\/p>\n<p>-88\u00b12dBm@G-6M<\/p>\n<p>-71\u00b12dBm@G-54M<\/p>\n<p><\/span><\/li>\n<li><span class=\"tech-specs-items-description__title\">Antenna<\/span><span class=\"tech-specs-items-description__title-details\">\n<p>2 External 4G\/3G Antennas<\/p>\n<p>2 Internal Wi-Fi Antennas<\/p>\n<p><\/span><\/li>\n<li><span class=\"tech-specs-items-description__title\">Network Type<\/span><span class=\"tech-specs-items-description__title-details\">LTE CAT.4<\/span><\/li>\n<li><span class=\"tech-specs-items-description__title\">Mobile Standards<\/span><span class=\"tech-specs-items-description__title-details\">FDD LTE, TDD-LTE,WCDMA<\/span><\/li>\n<li><span class=\"tech-specs-items-description__title\">Mobile Bands<\/span><span class=\"tech-specs-items-description__title-details\">FDD-LTE: B1\/B3\/B5\/B7\/B8\/B20\/B28AB TDD-LTE: B38\/B40\/B41 WCDMA: B1\/B5\/B8<\/span><\/li>\n<li><span class=\"tech-specs-items-description__title\">4G Speed<\/span><span class=\"tech-specs-items-description__title-details\">DL: 150 Mbps, Upload: 50 Mbps<\/span><\/li>\n<\/ul>\n<ul>\n<li><b>Hardware Parameter<\/b><\/li>\n<li><span class=\"tech-specs-items-description__title\">Network Interface<\/span><span class=\"tech-specs-items-description__title-details\">\n<p>2 \u00d7 RJ45, 10\/100 Mbps auto-negotiation<\/p>\n<p>1 \u00d7 Nano SIM Card Slot<\/p>\n<p><\/span><\/li>\n<li><span class=\"tech-specs-items-description__title\">LED Indicator<\/span><span class=\"tech-specs-items-description__title-details\">\n<p>Internet LED*1<\/p>\n<p>Wi-Fi LED*1<\/p>\n<p>LAN LED*1<\/p>\n<p>4G\/3G Signal strength LED*3<\/p>\n<p><\/span><\/li>\n<li><span class=\"tech-specs-items-description__title\">Reset<\/span><span class=\"tech-specs-items-description__title-details\">WPS\/Reset button*1<\/span><\/li>\n<li><span class=\"tech-specs-items-description__title\">Power Supply Method<\/span><span class=\"tech-specs-items-description__title-details\">9 VDC, 0.6 A power adapter power supply<\/span><\/li>\n<li><span class=\"tech-specs-items-description__title\">Power Specifications<\/span><span class=\"tech-specs-items-description__title-details\">9 VDC, 0.6 A<\/span><\/li>\n<\/ul>\n<ul>\n<li><b>Software Function<\/b><\/li>\n<li><span class=\"tech-specs-items-description__title\">Application Function<\/span><span class=\"tech-specs-items-description__title-details\">\n<p>3G\/4G Route Mode, Wireless Router Mode, and AP Mode supported<\/p>\n<p>DHCP Server supported<\/p>\n<p>Guest Network Configuration supported<\/p>\n<p>Signal Adjustment supported<\/p>\n<p>WiFi Schedule supported<\/p>\n<p><\/span><\/li>\n<li><span class=\"tech-specs-items-description__title\">Security Mode<\/span><span class=\"tech-specs-items-description__title-details\">WPA-PSK, WPA2-PSK, WPA and WPA2 supported<\/span><\/li>\n<li><span class=\"tech-specs-items-description__title\">Security Mechanism<\/span><span class=\"tech-specs-items-description__title-details\">Hide SSID<\/span><\/li>\n<li><span class=\"tech-specs-items-description__title\">Management Method<\/span><span class=\"tech-specs-items-description__title-details\">Web<\/span><\/li>\n<li><span class=\"tech-specs-items-description__title\">Upgrade<\/span><span class=\"tech-specs-items-description__title-details\">Web<\/span><\/li>\n<li><span class=\"tech-specs-items-description__title\">System Log<\/span><span class=\"tech-specs-items-description__title-details\">System log<\/span><\/li>\n<\/ul>\n","protected":false},"excerpt":{"rendered":"<p>General Product Dimensions (W \u00d7 H \u00d7 D)126mm\u00d797mm\u00d742mm Package Dimensions (W \u00d7 H \u00d7 D)231mm\u00d7203mm\u00d751mm Net Weight0.365kg Packing List 4G<\/p>\n","protected":false},"featured_media":35396,"comment_status":"open","ping_status":"closed","template":"","meta":[],"product_brand":[],"product_cat":[807,820,810],"product_tag":[],"class_list":{"0":"post-35397","1":"product","2":"type-product","3":"status-publish","4":"has-post-thumbnail","6":"product_cat-routers","7":"product_cat-wall-mounting-cabinets","8":"product_cat-wifi-routers","10":"first","11":"instock","12":"taxable","13":"shipping-taxable","14":"purchasable","15":"product-type-simple"},"_links":{"self":[{"href":"https:\/\/iterra.ge\/en\/wp-json\/wp\/v2\/product\/35397","targetHints":{"allow":["GET"]}}],"collection":[{"href":"https:\/\/iterra.ge\/en\/wp-json\/wp\/v2\/product"}],"about":[{"href":"https:\/\/iterra.ge\/en\/wp-json\/wp\/v2\/types\/product"}],"replies":[{"embeddable":true,"href":"https:\/\/iterra.ge\/en\/wp-json\/wp\/v2\/comments?post=35397"}],"version-history":[{"count":1,"href":"https:\/\/iterra.ge\/en\/wp-json\/wp\/v2\/product\/35397\/revisions"}],"predecessor-version":[{"id":65490,"href":"https:\/\/iterra.ge\/en\/wp-json\/wp\/v2\/product\/35397\/revisions\/65490"}],"wp:featuredmedia":[{"embeddable":true,"href":"https:\/\/iterra.ge\/en\/wp-json\/wp\/v2\/media\/35396"}],"wp:attachment":[{"href":"https:\/\/iterra.ge\/en\/wp-json\/wp\/v2\/media?parent=35397"}],"wp:term":[{"taxonomy":"product_brand","embeddable":true,"href":"https:\/\/iterra.ge\/en\/wp-json\/wp\/v2\/product_brand?post=35397"},{"taxonomy":"product_cat","embeddable":true,"href":"https:\/\/iterra.ge\/en\/wp-json\/wp\/v2\/product_cat?post=35397"},{"taxonomy":"product_tag","embeddable":true,"href":"https:\/\/iterra.ge\/en\/wp-json\/wp\/v2\/product_tag?post=35397"}],"curies":[{"name":"wp","href":"https:\/\/api.w.org\/{rel}","templated":true}]}}