{"id":61070,"date":"2025-11-25T23:21:34","date_gmt":"2025-11-25T23:21:34","guid":{"rendered":"https:\/\/iterra.ge\/product\/%e1%83%99%e1%83%90%e1%83%9b%e1%83%94%e1%83%a0%e1%83%90iphikvisionds-2cd1h43g2-iz2-8-12mm4mpturretir30mmvflmicro-sd\/"},"modified":"2026-02-25T00:01:00","modified_gmt":"2026-02-25T00:01:00","slug":"%e1%83%99%e1%83%90%e1%83%9b%e1%83%94%e1%83%a0%e1%83%90iphikvisionds-2cd1h43g2-iz2-8-12mm4mpturretir30mmvflmicro-sd","status":"publish","type":"product","link":"https:\/\/iterra.ge\/en\/product\/%e1%83%99%e1%83%90%e1%83%9b%e1%83%94%e1%83%a0%e1%83%90iphikvisionds-2cd1h43g2-iz2-8-12mm4mpturretir30mmvflmicro-sd\/","title":{"rendered":"\u10d9\u10d0\u10db\u10d4\u10e0\u10d0,IP,Hikvision,DS-2CD1H43G2-IZ,2.8-12mm,4mp,Turret,IR30m,MVFL,Micro SD"},"content":{"rendered":"<h3>\u10d9\u10d0\u10db\u10d4\u10e0\u10d0<\/h3>\n<ul>\n<li><b>\u10d2\u10d0\u10db\u10dd\u10e1\u10d0\u10ee\u10e3\u10da\u10d4\u10d1\u10d8\u10e1 \u10e1\u10d4\u10dc\u10e1\u10dd\u10e0\u10d8:<\/b> 1\/3&#8243; \u10de\u10e0\u10dd\u10d2\u10e0\u10d4\u10e1\u10e3\u10da\u10d8 \u10e1\u10d9\u10d0\u10dc\u10d8\u10e0\u10d4\u10d1\u10d8\u10e1 CMOS<\/li>\n<li><b>\u10db\u10d0\u10e5\u10e1\u10d8\u10db\u10d0\u10da\u10e3\u10e0\u10d8 \u10d2\u10d0\u10e0\u10e9\u10d4\u10d5\u10d0\u10d3\u10dd\u10d1\u10d0:<\/b> 2560 \u00d7 1440<\/li>\n<li><b>\u10db\u10d8\u10dc\u10d8\u10db\u10d0\u10da\u10e3\u10e0\u10d8 \u10d2\u10d0\u10dc\u10d0\u10d7\u10d4\u10d1\u10d0:<\/b> \u10e4\u10d4\u10e0\u10d8: 0.005 Lux @ (F1.6, AGC ON), \u10e8\u10d0\u10d5-\u10d7\u10d4\u10d7\u10e0\u10d8: 0 Lux IR-\u10d8\u10d7<\/li>\n<li><b>\u10e9\u10d0\u10db\u10d9\u10d4\u10e2\u10d8\u10e1 \u10d3\u10e0\u10dd:<\/b> 1\/3 \u10ec\u10db-\u10d3\u10d0\u10dc 1\/100,000 \u10ec\u10db-\u10db\u10d3\u10d4<\/li>\n<li><b>\u10d3\u10e6\u10d4 \u10d3\u10d0 \u10e6\u10d0\u10db\u10d4:<\/b> IR \u10e4\u10d8\u10da\u10e2\u10e0\u10d8<\/li>\n<li><b>\u10d9\u10e3\u10d7\u10ee\u10d8\u10e1 \u10e0\u10d4\u10d2\u10e3\u10da\u10d8\u10e0\u10d4\u10d1\u10d0:<\/b> \u10de\u10d0\u10dc: 0\u00b0 &#8211; 360\u00b0, \u10d3\u10d0\u10ee\u10e0\u10d0: 0\u00b0 &#8211; 75\u00b0, \u10d1\u10e0\u10e3\u10dc\u10d5\u10d0: 0\u00b0 &#8211; 360\u00b0<\/li>\n<\/ul>\n<h3>\u10da\u10d8\u10dc\u10d6\u10d0<\/h3>\n<ul>\n<li><b>\u10da\u10d8\u10dc\u10d6\u10d8\u10e1 \u10e2\u10d8\u10de\u10d8:<\/b> \u10d5\u10d0\u10e0\u10d8\u10e4\u10dd\u10d9\u10d0\u10da\u10e3\u10e0\u10d8 \u10da\u10d8\u10dc\u10d6\u10d0, \u10db\u10dd\u10e2\u10dd\u10e0\u10d8\u10d6\u10d4\u10d1\u10e3\u10da\u10d8 \u10da\u10d8\u10dc\u10d6\u10d0, 2.8-\u10d3\u10d0\u10dc 12 \u10db\u10db-\u10db\u10d3\u10d4<\/li>\n<li><b>\u10e4\u10dd\u10d9\u10e3\u10e1\u10e3\u10e0\u10d8 \u10db\u10d0\u10dc\u10eb\u10d8\u10da\u10d8 \u10d3\u10d0 \u10ee\u10d4\u10d3\u10d5\u10d8\u10e1 \u10d5\u10d4\u10da\u10d8 (FOV):<\/b> 2.8-\u10d3\u10d0\u10dc 12 \u10db\u10db-\u10db\u10d3\u10d4, \u10f0\u10dd\u10e0\u10d8\u10d6\u10dd\u10dc\u10e2\u10d0\u10da\u10e3\u10e0\u10d8 FOV 95.9\u00b0-\u10d3\u10d0\u10dc 29.2\u00b0-\u10db\u10d3\u10d4, \u10d5\u10d4\u10e0\u10e2\u10d8\u10d9\u10d0\u10da\u10e3\u10e0\u10d8 FOV 50.6\u00b0-\u10d3\u10d0\u10dc 16.4\u00b0-\u10db\u10d3\u10d4, \u10d3\u10d8\u10d0\u10d2\u10dd\u10dc\u10d0\u10da\u10e3\u10e0\u10d8 FOV 114.7\u00b0-\u10d3\u10d0\u10dc 33.5\u00b0-\u10db\u10d3\u10d4<\/li>\n<li><b>\u10da\u10d8\u10dc\u10d6\u10d8\u10e1 \u10e1\u10d0\u10db\u10d0\u10d2\u10e0\u10d8:<\/b> \u00d814<\/li>\n<li><b>\u10d3\u10d8\u10d0\u10e4\u10e0\u10d0\u10d2\u10db\u10d8\u10e1 \u10e2\u10d8\u10de\u10d8:<\/b> \u10e4\u10d8\u10e5\u10e1\u10d8\u10e0\u10d4\u10d1\u10e3\u10da\u10d8<\/li>\n<li><b>\u10d3\u10d8\u10d0\u10e4\u10e0\u10d0\u10d2\u10db\u10d0:<\/b> F1.6<\/li>\n<\/ul>\n<h3>\u10d2\u10d0\u10dc\u10d0\u10d7\u10d4\u10d1\u10d0<\/h3>\n<ul>\n<li><b>\u10d3\u10d0\u10db\u10d0\u10e2\u10d4\u10d1\u10d8\u10d7\u10d8 \u10d2\u10d0\u10dc\u10d0\u10d7\u10d4\u10d1\u10d8\u10e1 \u10e2\u10d8\u10de\u10d8:<\/b> IR (\u10d8\u10dc\u10e4\u10e0\u10d0\u10ec\u10d8\u10d7\u10d4\u10da\u10d8)<\/li>\n<li><b>\u10d3\u10d0\u10db\u10d0\u10e2\u10d4\u10d1\u10d8\u10d7\u10d8 \u10d2\u10d0\u10dc\u10d0\u10d7\u10d4\u10d1\u10d8\u10e1 \u10d3\u10d8\u10d0\u10de\u10d0\u10d6\u10dd\u10dc\u10d8:<\/b> 30 \u10db-\u10db\u10d3\u10d4<\/li>\n<li><b>IR \u10e2\u10d0\u10da\u10e6\u10d8\u10e1 \u10e1\u10d8\u10d2\u10e0\u10eb\u10d4:<\/b> 850 \u10dc\u10db<\/li>\n<li><b>\u10ed\u10d9\u10d5\u10d8\u10d0\u10dc\u10d8 \u10d3\u10d0\u10db\u10d0\u10e2\u10d4\u10d1\u10d8\u10d7\u10d8 \u10d2\u10d0\u10dc\u10d0\u10d7\u10d4\u10d1\u10d0:<\/b> \u10d3\u10d8\u10d0\u10ee<\/li>\n<\/ul>\n<h3>\u10d5\u10d8\u10d3\u10d4\u10dd<\/h3>\n<ul>\n<li><b>\u10db\u10d7\u10d0\u10d5\u10d0\u10e0\u10d8 \u10dc\u10d0\u10d9\u10d0\u10d3\u10d8 (Main Stream):<\/b>\n<\/p>\n<ul>\n<li><b>50 Hz:<\/b> 20 \u10d9\u10d0\u10d3\u10e0\u10d8\/\u10ec\u10db (2560 \u00d7 1440), 25 \u10d9\u10d0\u10d3\u10e0\u10d8\/\u10ec\u10db (1920 \u00d7 1080, 1280 \u00d7 720)<\/li>\n<li><b>60 Hz:<\/b> 20 \u10d9\u10d0\u10d3\u10e0\u10d8\/\u10ec\u10db (2560 \u00d7 1440), 24 \u10d9\u10d0\u10d3\u10e0\u10d8\/\u10ec\u10db (1920 \u00d7 1080, 1280 \u00d7 720)<\/li>\n<\/ul>\n<\/li>\n<li><b>\u10e5\u10d5\u10d4-\u10dc\u10d0\u10d9\u10d0\u10d3\u10d8 (Sub-Stream):<\/b>\n<\/p>\n<ul>\n<li><span class=\"citation-66\"><\/span><b>50 Hz:<\/b><span class=\"citation-66 citation-end-66\"> 25 \u10d9\u10d0\u10d3\u10e0\u10d8\/\u10ec\u10db (1280 \u00d7 720, 640 \u00d7 480, 640 \u00d7 360)<sup class=\"superscript\" data-turn-source-index=\"1\"><\/sup><\/span>\n<\/p>\n<p><b class=\"button ng-star-inserted\"><br \/>\n<\/b><\/li>\n<li><b class=\"button ng-star-inserted\"><b>60 Hz:<\/b> 24 \u10d9\u10d0\u10d3\u10e0\u10d8\/\u10ec\u10db (1280 \u00d7 720, 640 \u00d7 480, 640 \u00d7 360)<\/b><\/li>\n<\/ul>\n<\/li>\n<li><b class=\"button ng-star-inserted\"><b>\u10d5\u10d8\u10d3\u10d4\u10dd\u10e1 \u10e8\u10d4\u10d9\u10e3\u10db\u10e8\u10d5\u10d0:<\/b><\/b>\n<\/p>\n<ul>\n<li><b class=\"button ng-star-inserted\">\u10db\u10d7\u10d0\u10d5\u10d0\u10e0\u10d8 \u10dc\u10d0\u10d9\u10d0\u10d3\u10d8: H.265+\/H.265\/H.264+\/H.264<\/b><\/li>\n<li><b class=\"button ng-star-inserted\">\u10e5\u10d5\u10d4-\u10dc\u10d0\u10d9\u10d0\u10d3\u10d8: H.265\/H.264\/MJPEG<\/b><\/li>\n<\/ul>\n<\/li>\n<li><b class=\"button ng-star-inserted\"><b>\u10d5\u10d8\u10d3\u10d4\u10dd \u10d1\u10d8\u10e2\u10e0\u10d4\u10d8\u10e2\u10d8:<\/b> 32 Kbps-\u10d3\u10d0\u10dc 8 Mbps-\u10db\u10d3\u10d4<\/b><\/li>\n<li><b class=\"button ng-star-inserted\"><b>H.264 \u10e2\u10d8\u10de\u10d8:<\/b> Baseline Profile, Main Profile, High Profile<\/b><\/li>\n<li><b class=\"button ng-star-inserted\"><b>H.265 \u10e2\u10d8\u10de\u10d8:<\/b> Main Profile<\/b><\/li>\n<li><b class=\"button ng-star-inserted\"><b>\u10d8\u10dc\u10e2\u10d4\u10e0\u10d4\u10e1\u10d8\u10e1 \u10e0\u10d4\u10d2\u10d8\u10dd\u10dc\u10d8 (ROI):<\/b> 1 \u10e4\u10d8\u10e5\u10e1\u10d8\u10e0\u10d4\u10d1\u10e3\u10da\u10d8 \u10e0\u10d4\u10d2\u10d8\u10dd\u10dc\u10d8 \u10db\u10d7\u10d0\u10d5\u10d0\u10e0\u10d8 \u10dc\u10d0\u10d9\u10d0\u10d3\u10d8\u10e1\u10d7\u10d5\u10d8\u10e1<\/b><\/li>\n<\/ul>\n<h3><b class=\"button ng-star-inserted\">\u10d0\u10e3\u10d3\u10d8\u10dd<\/b><\/h3>\n<ul>\n<li><b class=\"button ng-star-inserted\"><b>\u10d0\u10e3\u10d3\u10d8\u10dd \u10e8\u10d4\u10d9\u10e3\u10db\u10e8\u10d5\u10d0 (-S):<\/b> G.711ulaw\/G.711alaw\/G.722.1\/G.726\/MP2L2\/PCM\/AAC-LC<\/b><\/li>\n<li><b class=\"button ng-star-inserted\"><b>\u10d0\u10e3\u10d3\u10d8\u10dd \u10d1\u10d8\u10e2\u10e0\u10d4\u10d8\u10e2\u10d8 (-S):<\/b> 64 Kbps (G.711)\/16 Kbps (G.722.1)\/16 Kbps (G.726)\/32-\u10d3\u10d0\u10dc 160 Kbps-\u10db\u10d3\u10d4 (MP2L2)\/16-\u10d3\u10d0\u10dc 64 Kbps-\u10db\u10d3\u10d4 (AAC-LC)<\/b><\/li>\n<li><b class=\"button ng-star-inserted\"><b>\u10d0\u10e3\u10d3\u10d8\u10dd \u10e8\u10d4\u10e0\u10e9\u10d4\u10d5\u10d8\u10e1 \u10e1\u10d8\u10ee\u10e8\u10d8\u10e0\u10d4 (-S):<\/b> 8 kHz\/16 kHz<\/b><\/li>\n<li><b class=\"button ng-star-inserted\"><b>\u10d2\u10d0\u10e0\u10d4\u10db\u10dd\u10e1 \u10ee\u10db\u10d0\u10e3\u10e0\u10d8\u10e1 \u10e4\u10d8\u10da\u10e2\u10e0\u10d0\u10ea\u10d8\u10d0 (-S):<\/b> \u10d3\u10d8\u10d0\u10ee<\/b><\/li>\n<\/ul>\n<h3><b class=\"button ng-star-inserted\">\u10e5\u10e1\u10d4\u10da\u10d8<\/b><\/h3>\n<ul>\n<li><b class=\"button ng-star-inserted\"><b>\u10de\u10e0\u10dd\u10e2\u10dd\u10d9\u10dd\u10da\u10d4\u10d1\u10d8:<\/b> TCP\/IP, ICMP, DHCP, DNS, HTTP, RTP, RTSP, NTP, IGMP, IPv6, UDP, QoS, FTP, SMTP<\/b><\/li>\n<li><b class=\"button ng-star-inserted\"><b>\u10d4\u10e0\u10d7\u10d3\u10e0\u10dd\u10e3\u10da\u10d8 \u10de\u10d8\u10e0\u10d3\u10d0\u10de\u10d8\u10e0\u10d8 \u10ee\u10d4\u10d3\u10d8:<\/b> 6 \u10d0\u10e0\u10ee\u10d0\u10db\u10d3\u10d4<\/b><\/li>\n<li><b class=\"button ng-star-inserted\"><b>API:<\/b> \u10e6\u10d8\u10d0 \u10e5\u10e1\u10d4\u10da\u10e3\u10e0\u10d8 \u10d5\u10d8\u10d3\u10d4\u10dd \u10d8\u10dc\u10e2\u10d4\u10e0\u10e4\u10d4\u10d8\u10e1\u10d8 (\u10de\u10e0\u10dd\u10e4\u10d8\u10da\u10d8 S, \u10de\u10e0\u10dd\u10e4\u10d8\u10da\u10d8 G, \u10de\u10e0\u10dd\u10e4\u10d8\u10da\u10d8 T), ISAPI, SDK<\/b><\/li>\n<li><b class=\"button ng-star-inserted\"><b>\u10db\u10dd\u10db\u10ee\u10db\u10d0\u10e0\u10d4\u10d1\u10d4\u10da\u10d8\/\u10f0\u10dd\u10e1\u10e2\u10d8:<\/b> 32 \u10db\u10dd\u10db\u10ee\u10db\u10d0\u10e0\u10d4\u10d1\u10da\u10d0\u10db\u10d3\u10d4; 3 \u10db\u10dd\u10db\u10ee\u10db\u10d0\u10e0\u10d4\u10d1\u10da\u10d8\u10e1 \u10d3\u10dd\u10dc\u10d4: \u10d0\u10d3\u10db\u10d8\u10dc\u10d8\u10e1\u10e2\u10e0\u10d0\u10e2\u10dd\u10e0\u10d8, \u10dd\u10de\u10d4\u10e0\u10d0\u10e2\u10dd\u10e0\u10d8 \u10d3\u10d0 \u10db\u10dd\u10db\u10ee\u10db\u10d0\u10e0\u10d4\u10d1\u10d4\u10da\u10d8<\/b><\/li>\n<li><b class=\"button ng-star-inserted\"><b>\u10d9\u10da\u10d8\u10d4\u10dc\u10e2\u10d8:<\/b> iVMS-4200, Hik-Connect<\/b><\/li>\n<li><b class=\"button ng-star-inserted\"><b>\u10e3\u10e1\u10d0\u10e4\u10e0\u10d7\u10ee\u10dd\u10d4\u10d1\u10d0:<\/b> \u10de\u10d0\u10e0\u10dd\u10da\u10d8\u10e1 \u10d3\u10d0\u10ea\u10d5\u10d0, \u10e0\u10d7\u10e3\u10da\u10d8 \u10de\u10d0\u10e0\u10dd\u10da\u10d8, \u10ec\u10e7\u10da\u10d8\u10e1 \u10dc\u10d8\u10e8\u10d0\u10dc\u10d8, \u10eb\u10d8\u10e0\u10d8\u10d7\u10d0\u10d3\u10d8 \u10d3\u10d0 \u10db\u10dd\u10dc\u10d0\u10ea\u10d4\u10db\u10d7\u10d0 \u10d0\u10d5\u10d7\u10d4\u10dc\u10e2\u10d8\u10e4\u10d8\u10d9\u10d0\u10ea\u10d8\u10d0 HTTP-\u10e1\u10d7\u10d5\u10d8\u10e1, WSSE \u10d3\u10d0 \u10db\u10dd\u10dc\u10d0\u10ea\u10d4\u10db\u10d7\u10d0 \u10d0\u10d5\u10d7\u10d4\u10dc\u10e2\u10d8\u10e4\u10d8\u10d9\u10d0\u10ea\u10d8\u10d0 \u10e6\u10d8\u10d0 \u10e5\u10e1\u10d4\u10da\u10e3\u10e0\u10d8 \u10d5\u10d8\u10d3\u10d4\u10dd \u10d8\u10dc\u10e2\u10d4\u10e0\u10e4\u10d4\u10d8\u10e1\u10d8\u10e1\u10d7\u10d5\u10d8\u10e1, \u10e3\u10e1\u10d0\u10e4\u10e0\u10d7\u10ee\u10dd\u10d4\u10d1\u10d8\u10e1 \u10d0\u10e3\u10d3\u10d8\u10e2\u10d8\u10e1 \u10df\u10e3\u10e0\u10dc\u10d0\u10da\u10d8, \u10f0\u10dd\u10e1\u10e2\u10d8\u10e1 \u10d0\u10d5\u10d7\u10d4\u10dc\u10e2\u10d8\u10e4\u10d8\u10d9\u10d0\u10ea\u10d8\u10d0 (MAC \u10db\u10d8\u10e1\u10d0\u10db\u10d0\u10e0\u10d7\u10d8)<\/b><\/li>\n<li><b class=\"button ng-star-inserted\"><b>\u10d5\u10d4\u10d1 \u10d1\u10e0\u10d0\u10e3\u10d6\u10d4\u10e0\u10d8:<\/b><\/b>\n<\/p>\n<ul>\n<li><b class=\"button ng-star-inserted\">\u10d3\u10d0\u10dc\u10d0\u10db\u10d0\u10e2\u10d8\u10e1 \u10db\u10dd\u10d7\u10ee\u10dd\u10d5\u10dc\u10d0\u10d3\u10d8 \u10de\u10d8\u10e0\u10d3\u10d0\u10de\u10d8\u10e0\u10d8 \u10ee\u10d4\u10d3\u10d8: IE 10, IE 11<\/b><\/li>\n<li><b class=\"button ng-star-inserted\">\u10d0\u10d3\u10d2\u10d8\u10da\u10dd\u10d1\u10e0\u10d8\u10d5\u10d8 \u10e1\u10d4\u10e0\u10d5\u10d8\u10e1\u10d8: Chrome 57.0+, Firefox 52.0+<\/b><\/li>\n<\/ul>\n<\/li>\n<\/ul>\n<h3><b class=\"button ng-star-inserted\">\u10d2\u10d0\u10db\u10dd\u10e1\u10d0\u10ee\u10e3\u10da\u10d4\u10d1\u10d0<\/b><\/h3>\n<ul>\n<li><b class=\"button ng-star-inserted\"><b>\u10d2\u10d0\u10db\u10dd\u10e1\u10d0\u10ee\u10e3\u10da\u10d4\u10d1\u10d8\u10e1 \u10de\u10d0\u10e0\u10d0\u10db\u10d4\u10e2\u10e0\u10d4\u10d1\u10d8:<\/b> \u10d1\u10e0\u10e3\u10dc\u10d5\u10d8\u10e1 \u10e0\u10d4\u10df\u10d8\u10db\u10d8, \u10d2\u10d0\u10ef\u10d4\u10e0\u10d4\u10d1\u10d0, \u10e1\u10d8\u10d9\u10d0\u10e8\u10d9\u10d0\u10e8\u10d4, \u10d9\u10dd\u10dc\u10e2\u10e0\u10d0\u10e1\u10e2\u10d8, \u10e1\u10d8\u10db\u10d9\u10d5\u10d4\u10d7\u10e0\u10d4, \u10db\u10dd\u10db\u10d0\u10e2\u10d4\u10d1\u10d0, \u10d7\u10d4\u10d7\u10e0\u10d8 \u10d1\u10d0\u10da\u10d0\u10dc\u10e1\u10d8, \u10e0\u10d4\u10d2\u10e3\u10da\u10d8\u10e0\u10d3\u10d4\u10d1\u10d0 \u10d9\u10da\u10d8\u10d4\u10dc\u10e2\u10d8\u10e1 \u10de\u10e0\u10dd\u10d2\u10e0\u10d0\u10db\u10e3\u10da\u10d8 \u10e3\u10d6\u10e0\u10e3\u10dc\u10d5\u10d4\u10da\u10e7\u10dd\u10e4\u10d8\u10e1 \u10d0\u10dc \u10d5\u10d4\u10d1 \u10d1\u10e0\u10d0\u10e3\u10d6\u10d4\u10e0\u10d8\u10e1 \u10e1\u10d0\u10e8\u10e3\u10d0\u10da\u10d4\u10d1\u10d8\u10d7<\/b><\/li>\n<li><b class=\"button ng-star-inserted\"><b>\u10d3\u10e6\u10d4\/\u10e6\u10d0\u10db\u10d8\u10e1 \u10d2\u10d0\u10d3\u10d0\u10db\u10e0\u10d7\u10d5\u10d4\u10da\u10d8:<\/b> \u10d3\u10e6\u10d4, \u10e6\u10d0\u10db\u10d4, \u10d0\u10d5\u10e2\u10dd, \u10d2\u10d0\u10dc\u10e0\u10d8\u10d2\u10d8<\/b><\/li>\n<li><b class=\"button ng-star-inserted\"><b>\u10e4\u10d0\u10e0\u10d7\u10dd \u10d3\u10d8\u10dc\u10d0\u10db\u10d8\u10e3\u10e0\u10d8 \u10d3\u10d8\u10d0\u10de\u10d0\u10d6\u10dd\u10dc\u10d8 (WDR):<\/b> 120 \u10d3\u10d1<\/b><\/li>\n<li><b class=\"button ng-star-inserted\"><b>\u10d2\u10d0\u10db\u10dd\u10e1\u10d0\u10ee\u10e3\u10da\u10d4\u10d1\u10d8\u10e1 \u10d2\u10d0\u10e3\u10db\u10ef\u10dd\u10d1\u10d4\u10e1\u10d4\u10d1\u10d0:<\/b> BLC, HLC, 3D DNR<\/b><\/li>\n<\/ul>\n<h3><b class=\"button ng-star-inserted\">\u10d8\u10dc\u10e2\u10d4\u10e0\u10e4\u10d4\u10d8\u10e1\u10d8<\/b><\/h3>\n<ul>\n<li><b class=\"button ng-star-inserted\"><b>Ethernet \u10d8\u10dc\u10e2\u10d4\u10e0\u10e4\u10d4\u10d8\u10e1\u10d8:<\/b> 1 RJ45 10 M\/100 M \u10d7\u10d5\u10d8\u10d7\u10d0\u10d3\u10d0\u10de\u10e2\u10d8\u10e0\u10d4\u10d1\u10d0\u10d3\u10d8 Ethernet \u10de\u10dd\u10e0\u10e2\u10d8<\/b><\/li>\n<li><b class=\"button ng-star-inserted\"><b>\u10e9\u10d0\u10e8\u10d4\u10dc\u10d4\u10d1\u10e3\u10da\u10d8 \u10db\u10d4\u10ee\u10e1\u10d8\u10d4\u10e0\u10d4\u10d1\u10d0:<\/b> \u10e9\u10d0\u10e8\u10d4\u10dc\u10d4\u10d1\u10e3\u10da\u10d8 \u10db\u10d4\u10ee\u10e1\u10d8\u10d4\u10e0\u10d4\u10d1\u10d8\u10e1 \u10d1\u10d0\u10e0\u10d0\u10d7\u10d8\u10e1 \u10e1\u10da\u10dd\u10e2\u10d8, \u10db\u10ee\u10d0\u10e0\u10e1 \u10e3\u10ed\u10d4\u10e0\u10e1 microSD\/microSDHC\/microSDXC \u10d1\u10d0\u10e0\u10d0\u10d7\u10e1, 256 \u10d2\u10d1-\u10db\u10d3\u10d4<\/b><\/li>\n<li><b class=\"button ng-star-inserted\"><b>\u10d0\u10e3\u10d3\u10d8\u10dd (-S):<\/b> 1 \u10e8\u10d4\u10e7\u10d5\u10d0\u10dc\u10d0 (line in), \u10dd\u10e0\u10d1\u10d8\u10e0\u10d7\u10d5\u10d8\u10d0\u10dc\u10d8 \u10e2\u10d4\u10e0\u10db\u10d8\u10dc\u10d0\u10da\u10e3\u10e0\u10d8 \u10d1\u10da\u10dd\u10d9\u10d8; 1 \u10d2\u10d0\u10db\u10dd\u10e1\u10d0\u10d5\u10d0\u10da\u10d8 (line out), \u10dd\u10e0\u10d1\u10d8\u10e0\u10d7\u10d5\u10d8\u10d0\u10dc\u10d8 \u10e2\u10d4\u10e0\u10db\u10d8\u10dc\u10d0\u10da\u10e3\u10e0\u10d8 \u10d1\u10da\u10dd\u10d9\u10d8<\/b><\/li>\n<li><b class=\"button ng-star-inserted\"><b>\u10e1\u10d8\u10d2\u10dc\u10d0\u10da\u10d8\u10d6\u10d0\u10ea\u10d8\u10d0 (-S):<\/b> 1 \u10e8\u10d4\u10e7\u10d5\u10d0\u10dc\u10d0, 1 \u10d2\u10d0\u10db\u10dd\u10e1\u10d0\u10d5\u10d0\u10da\u10d8 (\u10db\u10d0\u10e5\u10e1. 12 VDC, 30 mA)<\/b><\/li>\n<li><b class=\"button ng-star-inserted\"><b>\u10d2\u10d0\u10d3\u10d0\u10e2\u10d5\u10d8\u10e0\u10d7\u10d5\u10d8\u10e1 \u10e6\u10d8\u10da\u10d0\u10d9\u10d8:<\/b> \u10d3\u10d8\u10d0\u10ee<\/b><\/li>\n<\/ul>\n<h3><b class=\"button ng-star-inserted\">\u10db\u10dd\u10d5\u10da\u10d4\u10dc\u10d0<\/b><\/h3>\n<ul>\n<li><b class=\"button ng-star-inserted\"><b>\u10eb\u10d8\u10e0\u10d8\u10d7\u10d0\u10d3\u10d8 \u10db\u10dd\u10d5\u10da\u10d4\u10dc\u10d0:<\/b> \u10db\u10dd\u10eb\u10e0\u10d0\u10dd\u10d1\u10d8\u10e1 \u10d0\u10db\u10dd\u10ea\u10dc\u10dd\u10d1\u10d0 (\u10db\u10ee\u10d0\u10e0\u10e1 \u10e3\u10ed\u10d4\u10e0\u10e1 \u10d2\u10d0\u10dc\u10d2\u10d0\u10e8\u10d8\u10e1 \u10d2\u10d0\u10d0\u10e5\u10e2\u10d8\u10e3\u10e0\u10d4\u10d1\u10d0\u10e1 \u10d9\u10dd\u10dc\u10d9\u10e0\u10d4\u10e2\u10e3\u10da\u10d8 \u10e1\u10d0\u10db\u10d8\u10d6\u10dc\u10d4\u10d4\u10d1\u10d8\u10e1 (\u10d0\u10d3\u10d0\u10db\u10d8\u10d0\u10dc\u10d8 \u10d3\u10d0 \u10db\u10d0\u10dc\u10e5\u10d0\u10dc\u10d0) \u10db\u10d8\u10ee\u10d4\u10d3\u10d5\u10d8\u10d7), \u10d5\u10d8\u10d3\u10d4\u10dd\u10e1 \u10d3\u10d0\u10d6\u10d8\u10d0\u10dc\u10d4\u10d1\u10d8\u10e1 \u10e1\u10d8\u10d2\u10dc\u10d0\u10da\u10d8\u10d6\u10d0\u10ea\u10d8\u10d0, \u10d2\u10d0\u10db\u10dd\u10dc\u10d0\u10d9\u10da\u10d8\u10e1\u10d8<\/b><\/li>\n<li><b class=\"button ng-star-inserted\"><b>\u10d3\u10d0\u10d9\u10d0\u10d5\u10e8\u10d8\u10e0\u10d4\u10d1\u10d0:<\/b> \u10d0\u10e2\u10d5\u10d8\u10e0\u10d7\u10d5\u10d0 FTP-\u10d6\u10d4\/\u10db\u10d4\u10ee\u10e1\u10d8\u10d4\u10e0\u10d4\u10d1\u10d8\u10e1 \u10d1\u10d0\u10e0\u10d0\u10d7\u10d6\u10d4, \u10e1\u10d0\u10d7\u10d5\u10d0\u10da\u10d7\u10d5\u10d0\u10da\u10dd \u10ea\u10d4\u10dc\u10e2\u10e0\u10d8\u10e1 \u10e8\u10d4\u10e2\u10e7\u10dd\u10d1\u10d8\u10dc\u10d4\u10d1\u10d0, \u10d4\u10da\u10e4\u10dd\u10e1\u10e2\u10d8\u10e1 \u10d2\u10d0\u10d2\u10d6\u10d0\u10d5\u10dc\u10d0, \u10e9\u10d0\u10ec\u10d4\u10e0\u10d8\u10e1 \u10d2\u10d0\u10d0\u10e5\u10e2\u10d8\u10e3\u10e0\u10d4\u10d1\u10d0, \u10d2\u10d0\u10d3\u10d0\u10e6\u10d4\u10d1\u10d8\u10e1 \u10d2\u10d0\u10d0\u10e5\u10e2\u10d8\u10e3\u10e0\u10d4\u10d1\u10d0, \u10d2\u10d0\u10dc\u10d2\u10d0\u10e8\u10d8\u10e1 \u10d2\u10d0\u10db\u10dd\u10e1\u10d0\u10d5\u10da\u10d8\u10e1 \u10d2\u10d0\u10d0\u10e5\u10e2\u10d8\u10e3\u10e0\u10d4\u10d1\u10d0 (-S)<\/b><\/li>\n<\/ul>\n<h3><b class=\"button ng-star-inserted\">\u10d6\u10dd\u10d2\u10d0\u10d3\u10d8<\/b><\/h3>\n<ul>\n<li><b class=\"button ng-star-inserted\"><b>\u10d4\u10dc\u10d4\u10e0\u10d2\u10d8\u10d0:<\/b><\/b>\n<\/p>\n<ul>\n<li><b class=\"button ng-star-inserted\">12 VDC \u00b1 25%, 0.75 A, \u10db\u10d0\u10e5\u10e1. 9 W<\/b><\/li>\n<li><b class=\"button ng-star-inserted\">PoE: 802.3af, \u10d9\u10da\u10d0\u10e1\u10d8 3, 36 V-\u10d3\u10d0\u10dc 57 V-\u10db\u10d3\u10d4, 0.27 A-\u10d3\u10d0\u10dc 0.17 A-\u10db\u10d3\u10d4, \u10db\u10d0\u10e5\u10e1. 10 W<\/b><\/li>\n<\/ul>\n<\/li>\n<li><b class=\"button ng-star-inserted\"><b>\u10d6\u10dd\u10db\u10d4\u10d1\u10d8:<\/b> \u00d8129.4 \u10db\u10db \u00d7 116.4 \u10db\u10db<\/b><\/li>\n<li><b class=\"button ng-star-inserted\"><b>\u10de\u10d0\u10d9\u10d4\u10e2\u10d8\u10e1 \u10d6\u10dd\u10db\u10d4\u10d1\u10d8:<\/b> 170 \u10db\u10db \u00d7 170 \u10db\u10db \u00d7 150 \u10db\u10db<\/b><\/li>\n<li><b class=\"button ng-star-inserted\"><b>\u10ec\u10dd\u10dc\u10d0:<\/b> \u10d3\u10d0\u10d0\u10ee\u10da. 595 \u10d2<\/b><\/li>\n<li><b class=\"button ng-star-inserted\"><b>\u10e8\u10d4\u10e4\u10e3\u10d7\u10d5\u10d8\u10e1 \u10ec\u10dd\u10dc\u10d0:<\/b> \u10d3\u10d0\u10d0\u10ee\u10da. 880 \u10d2<\/b><\/li>\n<li><b class=\"button ng-star-inserted\"><b>\u10e8\u10d4\u10dc\u10d0\u10ee\u10d5\u10d8\u10e1 \u10de\u10d8\u10e0\u10dd\u10d1\u10d4\u10d1\u10d8:<\/b> -30 \u00b0C-\u10d3\u10d0\u10dc 60 \u00b0C-\u10db\u10d3\u10d4. \u10e2\u10d4\u10dc\u10d8\u10d0\u10dc\u10dd\u10d1\u10d0 95% \u10d0\u10dc \u10dc\u10d0\u10d9\u10da\u10d4\u10d1\u10d8 (\u10d0\u10e0\u10d0\u10d9\u10dd\u10dc\u10d3\u10d4\u10dc\u10e1\u10d8\u10e0\u10d4\u10d1\u10d0\u10d3\u10d8)<\/b><\/li>\n<li><b class=\"button ng-star-inserted\"><b>\u10e9\u10d0\u10e0\u10d7\u10d5\u10d8\u10e1\u10d0 \u10d3\u10d0 \u10db\u10e3\u10e8\u10d0\u10dd\u10d1\u10d8\u10e1 \u10de\u10d8\u10e0\u10dd\u10d1\u10d4\u10d1\u10d8:<\/b> -30 \u00b0C-\u10d3\u10d0\u10dc 60 \u00b0C-\u10db\u10d3\u10d4. \u10e2\u10d4\u10dc\u10d8\u10d0\u10dc\u10dd\u10d1\u10d0 95% \u10d0\u10dc \u10dc\u10d0\u10d9\u10da\u10d4\u10d1\u10d8 (\u10d0\u10e0\u10d0\u10d9\u10dd\u10dc\u10d3\u10d4\u10dc\u10e1\u10d8\u10e0\u10d4\u10d1\u10d0\u10d3\u10d8)<\/b><\/li>\n<li><b class=\"button ng-star-inserted\"><b>\u10d4\u10dc\u10d0:<\/b> \u10d8\u10dc\u10d2\u10da\u10d8\u10e1\u10e3\u10e0\u10d8, \u10e3\u10d9\u10e0\u10d0\u10d8\u10dc\u10e3\u10da\u10d8<\/b><\/li>\n<li><b class=\"button ng-star-inserted\"><b>\u10d6\u10dd\u10d2\u10d0\u10d3\u10d8 \u10e4\u10e3\u10dc\u10e5\u10ea\u10d8\u10d0:<\/b> Heartbeat, anti-banding, \u10e1\u10d0\u10e0\u10d9\u10e3\u10da\u10d8, \u10de\u10d0\u10e0\u10dd\u10da\u10d8\u10e1 \u10d3\u10d0\u10ea\u10d5\u10d0, \u10d9\u10dd\u10dc\u10e4\u10d8\u10d3\u10d4\u10dc\u10ea\u10d8\u10d0\u10da\u10e3\u10e0\u10dd\u10d1\u10d8\u10e1 \u10dc\u10d8\u10e6\u10d0\u10d1\u10d8, \u10ec\u10e7\u10da\u10d8\u10e1 \u10dc\u10d8\u10e8\u10d0\u10dc\u10d8<\/b><\/li>\n<\/ul>\n<h3><b class=\"button ng-star-inserted\">\u10d3\u10d0\u10db\u10e2\u10d9\u10d8\u10ea\u10d4\u10d1\u10d4\u10d1\u10d8<\/b><\/h3>\n<ul>\n<li><b class=\"button ng-star-inserted\"><b>EMC:<\/b> FCC, CE-EMC, RCM, IC<\/b><\/li>\n<li><b class=\"button ng-star-inserted\"><b>\u10e3\u10e1\u10d0\u10e4\u10e0\u10d7\u10ee\u10dd\u10d4\u10d1\u10d0:<\/b> UL, CB, CE-LVD, BIS<\/b><\/li>\n<li><b class=\"button ng-star-inserted\"><b>\u10d2\u10d0\u10e0\u10d4\u10db\u10dd:<\/b> CE-RoHS, WEEE, Reach<\/b><\/li>\n<li><b class=\"button ng-star-inserted\"><b>\u10d3\u10d0\u10ea\u10d5\u10d0:<\/b> IP67<\/b><\/li>\n<\/ul>\n<p><b class=\"button ng-star-inserted\"><br \/><\/b><\/p>\n","protected":false},"excerpt":{"rendered":"<p>\u10d9\u10d0\u10db\u10d4\u10e0\u10d0 \u10d2\u10d0\u10db\u10dd\u10e1\u10d0\u10ee\u10e3\u10da\u10d4\u10d1\u10d8\u10e1 \u10e1\u10d4\u10dc\u10e1\u10dd\u10e0\u10d8: 1\/3&#8243; \u10de\u10e0\u10dd\u10d2\u10e0\u10d4\u10e1\u10e3\u10da\u10d8 \u10e1\u10d9\u10d0\u10dc\u10d8\u10e0\u10d4\u10d1\u10d8\u10e1 CMOS \u10db\u10d0\u10e5\u10e1\u10d8\u10db\u10d0\u10da\u10e3\u10e0\u10d8 \u10d2\u10d0\u10e0\u10e9\u10d4\u10d5\u10d0\u10d3\u10dd\u10d1\u10d0: 2560 \u00d7 1440 \u10db\u10d8\u10dc\u10d8\u10db\u10d0\u10da\u10e3\u10e0\u10d8 \u10d2\u10d0\u10dc\u10d0\u10d7\u10d4\u10d1\u10d0: \u10e4\u10d4\u10e0\u10d8: 0.005 Lux @ (F1.6, AGC<\/p>\n","protected":false},"featured_media":61067,"comment_status":"open","ping_status":"closed","template":"","meta":[],"product_brand":[],"product_cat":[826],"product_tag":[],"class_list":{"0":"post-61070","1":"product","2":"type-product","3":"status-publish","4":"has-post-thumbnail","6":"product_cat-4mp-ip-cameras","8":"first","9":"instock","10":"taxable","11":"shipping-taxable","12":"purchasable","13":"product-type-simple"},"_links":{"self":[{"href":"https:\/\/iterra.ge\/en\/wp-json\/wp\/v2\/product\/61070","targetHints":{"allow":["GET"]}}],"collection":[{"href":"https:\/\/iterra.ge\/en\/wp-json\/wp\/v2\/product"}],"about":[{"href":"https:\/\/iterra.ge\/en\/wp-json\/wp\/v2\/types\/product"}],"replies":[{"embeddable":true,"href":"https:\/\/iterra.ge\/en\/wp-json\/wp\/v2\/comments?post=61070"}],"version-history":[{"count":1,"href":"https:\/\/iterra.ge\/en\/wp-json\/wp\/v2\/product\/61070\/revisions"}],"predecessor-version":[{"id":64137,"href":"https:\/\/iterra.ge\/en\/wp-json\/wp\/v2\/product\/61070\/revisions\/64137"}],"wp:featuredmedia":[{"embeddable":true,"href":"https:\/\/iterra.ge\/en\/wp-json\/wp\/v2\/media\/61067"}],"wp:attachment":[{"href":"https:\/\/iterra.ge\/en\/wp-json\/wp\/v2\/media?parent=61070"}],"wp:term":[{"taxonomy":"product_brand","embeddable":true,"href":"https:\/\/iterra.ge\/en\/wp-json\/wp\/v2\/product_brand?post=61070"},{"taxonomy":"product_cat","embeddable":true,"href":"https:\/\/iterra.ge\/en\/wp-json\/wp\/v2\/product_cat?post=61070"},{"taxonomy":"product_tag","embeddable":true,"href":"https:\/\/iterra.ge\/en\/wp-json\/wp\/v2\/product_tag?post=61070"}],"curies":[{"name":"wp","href":"https:\/\/api.w.org\/{rel}","templated":true}]}}