{"id":32007,"date":"2025-06-12T09:18:18","date_gmt":"2025-06-12T05:18:18","guid":{"rendered":"https:\/\/iterra.ge\/product\/%e1%83%95%e1%83%98%e1%83%93%e1%83%94%e1%83%9d-%e1%83%94%e1%83%9c%e1%83%99%e1%83%9d%e1%83%93%e1%83%94%e1%83%a0%e1%83%98-ds-6701hwi-sata-06082\/"},"modified":"2026-02-25T00:00:27","modified_gmt":"2026-02-25T00:00:27","slug":"%e1%83%95%e1%83%98%e1%83%93%e1%83%94%e1%83%9d-%e1%83%94%e1%83%9c%e1%83%99%e1%83%9d%e1%83%93%e1%83%94%e1%83%a0%e1%83%98-ds-6701hwi-sata-06082","status":"publish","type":"product","link":"https:\/\/iterra.ge\/ge\/product\/%e1%83%95%e1%83%98%e1%83%93%e1%83%94%e1%83%9d-%e1%83%94%e1%83%9c%e1%83%99%e1%83%9d%e1%83%93%e1%83%94%e1%83%a0%e1%83%98-ds-6701hwi-sata-06082\/","title":{"rendered":"\u10d5\u10d8\u10d3\u10d4\u10dd \u10d4\u10dc\u10d9\u10dd\u10d3\u10d4\u10e0\u10d8 DS-6701HWI-SATA (06082)"},"content":{"rendered":"<p>\u10d5\u10d8\u10d3\u10d4\u10dd\/\u10d0\u10e3\u10d3\u10d8\u10dd \u10e8\u10d4\u10e7\u10d5\u10d0\u10dc\u10d0<br \/>\u10d5\u10d8\u10d3\u10d4\u10dd \u10e8\u10d4\u10d9\u10e3\u10db\u10e8\u10d5\u10d0 H.264 \/ MPEG4 \/ MPEG2 \/ MJPEG<br \/>\u10d5\u10d8\u10d3\u10d4\u10dd \u10e8\u10d4\u10e7\u10d5\u10d0\u10dc\u10d0 1-ch, BNC (1.0 Vp-p, 75 \u03a9)<br \/>\u10d0\u10e3\u10d3\u10d8\u10dd \u10e8\u10d4\u10d9\u10e3\u10db\u10e8\u10d5\u10d0 G.711u<br \/>\u10d0\u10e3\u10d3\u10d8\u10dd \u10e8\u10d4\u10e7\u10d5\u10d0\u10dc\u10d0 1-ch, 3.5 \u10db\u10db \u10d8\u10dc\u10e2\u10d4\u10e0\u10e4\u10d4\u10d8\u10e1\u10d8 (2.0 Vp-p, 1 k\u03a9) (LINE IN)<br \/>\u10dd\u10e0\u10db\u10ee\u10e0\u10d8\u10d5\u10d8 \u10d0\u10e3\u10d3\u10d8\u10dd \u10e8\u10d4\u10e7\u10d5\u10d0\u10dc\u10d0 1-ch, 3.5 \u10db\u10db \u10d8\u10dc\u10e2\u10d4\u10e0\u10e4\u10d4\u10d8\u10e1\u10d8 (2.0 Vp-p, 1 k\u03a9) (LINE IN)<br \/>\u10d5\u10d8\u10d3\u10d4\u10dd\/\u10d0\u10e3\u10d3\u10d8\u10dd \u10d2\u10d0\u10db\u10dd\u10db\u10d0\u10d5\u10d0\u10da\u10d8<br \/>\u10d0\u10e3\u10d3\u10d8\u10dd \u10d2\u10d0\u10db\u10dd\u10db\u10d0\u10d5\u10d0\u10da\u10d8 1-ch, 3.5 \u10db\u10db \u10d8\u10dc\u10e2\u10d4\u10e0\u10e4\u10d4\u10d8\u10e1\u10d8 (\u10ee\u10d0\u10d6\u10dd\u10d5\u10d0\u10dc\u10d8, 600 \u03a9)<br \/>\u10e9\u10d0\u10ec\u10d4\u10e0\u10d8\u10e1 \u10d2\u10d0\u10e0\u10e9\u10d4\u10d5\u10d0\u10d3\u10dd\u10d1\u10d0DS-6700HFI(-SATA): 4CIF \/ 2CIF \/ CIF \/ QCIF DS-6700HWI(-SATA): WD1 \/ 4CIF \/ 2CIF \/ CIF \/ QCIF<br \/>\u10d9\u10d0\u10d3\u10e0\u10d4\u10d1\u10d8\u10e1 \u10e1\u10d8\u10ee\u10e8\u10d8\u10e0\u10d4 25 fps (P) \/ 30 fps\/N<br \/>\u10d5\u10d8\u10d3\u10d4\u10dd \u10d1\u10d8\u10e2\u10d8\u10e1 \u10e1\u10d8\u10ee\u10e8\u10d8\u10e0\u10d4 32 Kbps ~ 3072 Kbps, \u10d0\u10dc \u10db\u10dd\u10db\u10ee\u10db\u10d0\u10e0\u10d4\u10d1\u10da\u10d8\u10e1 \u10d2\u10d0\u10dc\u10e1\u10d0\u10d6\u10e6\u10d5\u10e0\u10e3\u10da\u10d8 (\u10db\u10d0\u10e5\u10e1. 8192 Mbps)<br \/>\u10d0\u10e3\u10d3\u10d8\u10dd \u10d1\u10d8\u10e2\u10d8\u10e1 \u10e1\u10d8\u10e9\u10e5\u10d0\u10e0\u10d4 64 Kbps<br \/>\u10dd\u10e0\u10db\u10d0\u10d2\u10d8 \u10dc\u10d0\u10d9\u10d0\u10d3\u10d8\u10e1 \u10db\u10ee\u10d0\u10e0\u10d3\u10d0\u10ed\u10d4\u10e0\u10d0<br \/>\u10dc\u10d0\u10d9\u10d0\u10d3\u10d8\u10e1 \u10e2\u10d8\u10de\u10d8 \u10d5\u10d8\u10d3\u10d4\u10dd, \u10d5\u10d8\u10d3\u10d4\u10dd \u10d3\u10d0 \u10d0\u10e3\u10d3\u10d8\u10dd<br \/>\u10db\u10dd\u10dc\u10d0\u10ea\u10d4\u10db\u10d7\u10d0 \u10e8\u10d4\u10dc\u10d0\u10ee\u10d5\u10d0<br \/>TypeNAS, iSCSI, IPSAN, MicroSD<br \/>\u10e2\u10d4\u10d5\u10d0\u10d3\u10dd\u10d1\u10d0 4 \u10e2\u10d1-\u10db\u10d3\u10d4 \u10e2\u10d4\u10d5\u10d0\u10d3\u10dd\u10d1\u10d0 \u10d7\u10d8\u10d7\u10dd\u10d4\u10e3\u10da \u10d3\u10d8\u10e1\u10d9\u10d6\u10d4 \u10d3\u10d0 32 \u10d2 microSD \u10e8\u10d4\u10dc\u10d0\u10ee\u10d5\u10d8\u10e1\u10d7\u10d5\u10d8\u10e1<br \/>\u10d2\u10d0\u10e0\u10d4 \u10d8\u10dc\u10e2\u10d4\u10e0\u10e4\u10d4\u10d8\u10e1\u10d8<br \/>\u10e5\u10e1\u10d4\u10da\u10d8\u10e1 \u10d8\u10dc\u10e2\u10d4\u10e0\u10e4\u10d4\u10d8\u10e1\u10d81 RJ-45 10 M \/ 100 Mbps \u10d0\u10d3\u10d0\u10de\u10e2\u10e3\u10e0\u10d8 Ethernet \u10d8\u10dc\u10e2\u10d4\u10e0\u10e4\u10d4\u10d8\u10e1\u10d8 (PoE)<br \/>\u10de\u10e0\u10dd\u10e2\u10dd\u10d9\u10dd\u10da\u10d4\u10d1\u10d8 IPv4\/v6, HTTP, HTTPS, QoS layer3 DiffServ, FTP, SMTP, Bonjour, UPnP, SNMPv1\/v2c\/v3(MIB-II), DNS, DynDNS, hkDDNS, NTP, RTSP, RTP\/RTCP, TCP, UDP, , ICMP, DHCP, ARP, SOCKSv4\/v5, PSIA, OnVIF, Hik CGI, netFilter<br \/>\u10e1\u10d4\u10e0\u10d8\u10e3\u10da\u10d8 \u10d8\u10dc\u10e2\u10d4\u10e0\u10e4\u10d4\u10d8\u10e1\u10d81 \u10dc\u10d0\u10ee\u10d4\u10d5\u10e0\u10d0\u10d3 \u10d3\u10e3\u10de\u10da\u10d4\u10e5\u10e1\u10d8 RS-485 \u10d8\u10dc\u10e2\u10d4\u10e0\u10e4\u10d4\u10d8\u10e1\u10d8<br \/>\u10e1\u10d8\u10d2\u10dc\u10d0\u10da\u10d8\u10d6\u10d0\u10ea\u10d8\u10d0 1-\u10e8\u10d8<br \/>\u10e1\u10d8\u10d2\u10dc\u10d0\u10da\u10d8\u10d6\u10d0\u10ea\u10d8\u10d0 1<br \/>\u10d2\u10d4\u10dc\u10d4\u10e0\u10d0\u10da\u10d8<br \/>\u10d9\u10d5\u10d4\u10d1\u10d8\u10e1 \u10d1\u10da\u10dd\u10d9\u10d8 12 VDC<br \/>\u10db\u10dd\u10ee\u10db\u10d0\u10e0\u10d4\u10d1\u10d0\u2264 5W<br \/>\u10e1\u10d0\u10db\u10e3\u10e8\u10d0\u10dd \u10e2\u10d4\u10db\u10de\u10d4\u10e0\u10d0\u10e2\u10e3\u10e0\u10d0-10 \u00b0C ~ +55 \u00b0C<br \/>\u10e1\u10d0\u10db\u10e3\u10e8\u10d0\u10dd \u10e2\u10d4\u10dc\u10d8\u10d0\u10dc\u10dd\u10d1\u10d0 10% ~ 90%<br \/>\u10d6\u10dd\u10db\u10d4\u10d1\u10d8 (W \u00d7D \u00d7 H)80 \u00d7 39 \u00d7 90 \u10db\u10db 315 \u00d7 45 \u00d7 200 \u10db\u10db (&#8220;-SATA&#8221; \u10db<br \/>\u10ec\u10dd\u10dc\u10d0\u2264 0,5 \u10d9\u10d2<\/p>","protected":false},"excerpt":{"rendered":"<p>\u10d5\u10d8\u10d3\u10d4\u10dd\/\u10d0\u10e3\u10d3\u10d8\u10dd \u10e8\u10d4\u10e7\u10d5\u10d0\u10dc\u10d0\u10d5\u10d8\u10d3\u10d4\u10dd \u10e8\u10d4\u10d9\u10e3\u10db\u10e8\u10d5\u10d0 H.264 \/ MPEG4 \/ MPEG2 \/ MJPEG\u10d5\u10d8\u10d3\u10d4\u10dd \u10e8\u10d4\u10e7\u10d5\u10d0\u10dc\u10d0 1-ch, BNC (1.0 Vp-p, 75 \u03a9)\u10d0\u10e3\u10d3\u10d8\u10dd \u10e8\u10d4\u10d9\u10e3\u10db\u10e8\u10d5\u10d0 G.711u\u10d0\u10e3\u10d3\u10d8\u10dd \u10e8\u10d4\u10e7\u10d5\u10d0\u10dc\u10d0<\/p>","protected":false},"featured_media":32005,"comment_status":"open","ping_status":"closed","template":"","meta":[],"product_brand":[],"product_cat":[1613],"product_tag":[],"class_list":{"0":"post-32007","1":"product","2":"type-product","3":"status-publish","4":"has-post-thumbnail","6":"product_cat-fire-wireless-alarm-system","8":"first","9":"instock","10":"taxable","11":"shipping-taxable","12":"purchasable","13":"product-type-simple"},"_links":{"self":[{"href":"https:\/\/iterra.ge\/ge\/wp-json\/wp\/v2\/product\/32007","targetHints":{"allow":["GET"]}}],"collection":[{"href":"https:\/\/iterra.ge\/ge\/wp-json\/wp\/v2\/product"}],"about":[{"href":"https:\/\/iterra.ge\/ge\/wp-json\/wp\/v2\/types\/product"}],"replies":[{"embeddable":true,"href":"https:\/\/iterra.ge\/ge\/wp-json\/wp\/v2\/comments?post=32007"}],"version-history":[{"count":0,"href":"https:\/\/iterra.ge\/ge\/wp-json\/wp\/v2\/product\/32007\/revisions"}],"wp:featuredmedia":[{"embeddable":true,"href":"https:\/\/iterra.ge\/ge\/wp-json\/wp\/v2\/media\/32005"}],"wp:attachment":[{"href":"https:\/\/iterra.ge\/ge\/wp-json\/wp\/v2\/media?parent=32007"}],"wp:term":[{"taxonomy":"product_brand","embeddable":true,"href":"https:\/\/iterra.ge\/ge\/wp-json\/wp\/v2\/product_brand?post=32007"},{"taxonomy":"product_cat","embeddable":true,"href":"https:\/\/iterra.ge\/ge\/wp-json\/wp\/v2\/product_cat?post=32007"},{"taxonomy":"product_tag","embeddable":true,"href":"https:\/\/iterra.ge\/ge\/wp-json\/wp\/v2\/product_tag?post=32007"}],"curies":[{"name":"wp","href":"https:\/\/api.w.org\/{rel}","templated":true}]}}