{"id":32151,"date":"2025-06-12T09:19:11","date_gmt":"2025-06-12T05:19:11","guid":{"rendered":"https:\/\/iterra.ge\/product\/%e1%83%a9%e1%83%90%e1%83%9b%e1%83%ac%e1%83%94%e1%83%a0%e1%83%98-nvr-hikvision-ds-m5504hni-%e1%83%a1%e1%83%90%e1%83%90%e1%83%95%e1%83%a2%e1%83%9d%e1%83%9b%e1%83%9d%e1%83%91%e1%83%98%e1%83%9a%e1%83%9d\/"},"modified":"2026-02-25T00:00:28","modified_gmt":"2026-02-25T00:00:28","slug":"%e1%83%a9%e1%83%90%e1%83%9b%e1%83%ac%e1%83%94%e1%83%a0%e1%83%98-nvr-hikvision-ds-m5504hni-%e1%83%a1%e1%83%90%e1%83%90%e1%83%95%e1%83%a2%e1%83%9d%e1%83%9b%e1%83%9d%e1%83%91%e1%83%98%e1%83%9a%e1%83%9d","status":"publish","type":"product","link":"https:\/\/iterra.ge\/ge\/product\/%e1%83%a9%e1%83%90%e1%83%9b%e1%83%ac%e1%83%94%e1%83%a0%e1%83%98-nvr-hikvision-ds-m5504hni-%e1%83%a1%e1%83%90%e1%83%90%e1%83%95%e1%83%a2%e1%83%9d%e1%83%9b%e1%83%9d%e1%83%91%e1%83%98%e1%83%9a%e1%83%9d\/","title":{"rendered":"\u10e9\u10d0\u10db\u10ec\u10d4\u10e0\u10d8 NVR hikvision DS-M5504HNI \u10e1\u10d0\u10d0\u10d5\u10e2\u10dd\u10db\u10dd\u10d1\u10d8\u10da\u10dd \u10e1\u10d8\u10e1\u10e2\u10d4\u10db\u10d4\u10d1\u10d8\u10e1\u10d7\u10d5\u10d8\u10e1"},"content":{"rendered":"<p>\u10d5\u10d8\u10d3\u10d4\u10dd\/\u10d0\u10e3\u10d3\u10d8\u10dd \u10e8\u10d4\u10e7\u10d5\u10d0\u10dc\u10d0<br \/>IP \u10d9\u10d0\u10db\u10d4\u10e0\u10d0 4<br \/>\u10dd\u10e0\u10db\u10ee\u10e0\u10d8\u10d5\u10d8 \u10d0\u10e3\u10d3\u10d8\u10dd1, \u10d8\u10dc\u10e2\u10d4\u10d2\u10e0\u10d8\u10e0\u10d4\u10d1\u10e3\u10da\u10d8 EXT.DEV \u10d8\u10dc\u10e2\u10d4\u10e0\u10e4\u10d4\u10d8\u10e1\u10e8\u10d8<br \/>\u10d5\u10d8\u10d3\u10d4\u10dd\/\u10d0\u10e3\u10d3\u10d8\u10dd \u10d2\u10d0\u10db\u10dd\u10db\u10d0\u10d5\u10d0\u10da\u10d8<br \/>\u10d5\u10d8\u10d3\u10d4\u10dd \u10d2\u10d0\u10db\u10dd\u10db\u10d0\u10d5\u10d0\u10da\u10d8 CVBS: 2, PAL: 704 \u00d7 576, NTSC: 704 \u00d7 480 ; VGA: 1, 1920 \u00d7 1080\/60 \u10f0\u10ea, 1280 \u00d7 1024\/60 \u10f0\u10ea, 1280 \u00d7 720 \u00d7 10\/60 Hz, 1280 \u00d7 720 \u00d7 60Hz<br \/>\u10d0\u10e3\u10d3\u10d8\u10dd \u10d2\u10d0\u10db\u10dd\u10db\u10d0\u10d5\u10d0\u10da\u10d8 2<br \/>\u10e8\u10d4\u10dc\u10d0\u10ee\u10d5\u10d0<br \/>HDD\/SSD2 \u00d7 2.5 \u10d3\u10d8\u10e3\u10db\u10d8\u10d0\u10dc\u10d8 HDD\/SSD, 2 \u10e2\u10d1-\u10db\u10d3\u10d4 \u10d7\u10d8\u10d7\u10dd\u10d4\u10e3\u10da\u10d8 HDD\/SSD-\u10d8\u10e1\u10d7\u10d5\u10d8\u10e1, \u10db\u10dd\u10e2\u10e7\u10e3\u10d4\u10d1\u10e3\u10da\u10d8 HDD USB 3.0 \u10d8\u10dc\u10e2\u10d4\u10e0\u10e4\u10d4\u10d8\u10e1\u10d8\u10d7<br \/>SD \u10d1\u10d0\u10e0\u10d0\u10d7\u10d8 1 \u00d7 SD \u10d1\u10d0\u10e0\u10d0\u10d7\u10d8, 256 \u10d2\u10d1-\u10db\u10d3\u10d4<br \/>\u10d2\u10d0\u10e0\u10d4 \u10d8\u10dc\u10e2\u10d4\u10e0\u10e4\u10d4\u10d8\u10e1\u10d8<br \/>\u10e5\u10e1\u10d4\u10da\u10d8\u10e1 \u10d8\u10dc\u10e2\u10d4\u10e0\u10e4\u10d4\u10d8\u10e1\u10d8 1 \u00d7 10M\/100M RJ45 Ethernet \u10d8\u10dc\u10e2\u10d4\u10e0\u10e4\u10d4\u10d8\u10e1\u10d8<br \/>USB \u10d8\u10dc\u10e2\u10d4\u10e0\u10e4\u10d4\u10d8\u10e1\u10d8 \u10ec\u10d8\u10dc\u10d0 \u10de\u10d0\u10dc\u10d4\u10da\u10d8: 1 \u00d7 USB 2.0; \u10e3\u10d9\u10d0\u10dc\u10d0 \u10de\u10d0\u10dc\u10d4\u10da\u10d8: 1 \u00d7 USB 5-\u10de\u10d8\u10dc\u10d8\u10d0\u10dc\u10d8 \u10e1\u10d0\u10d0\u10d5\u10d8\u10d0\u10ea\u10d8\u10dd \u10d3\u10d0\u10dc\u10d0\u10db\u10d0\u10e2\u10d8<br \/>\u10e1\u10d8\u10d2\u10dc\u10d0\u10da\u10d8\u10d6\u10d0\u10ea\u10d8\u10d8\u10e1 \u10e8\u10d4\u10e7\u10d5\u10d0\u10dc\u10d0 3 \u10db\u10d0\u10e6\u10d0\u10da\u10d8\/\u10d3\u10d0\u10d1\u10d0\u10da\u10d8 \u10d3\u10dd\u10dc\u10d8\u10e1 \u10e1\u10d8\u10d2\u10dc\u10d0\u10da\u10d8\u10e1 \u10e8\u10d4\u10e7\u10d5\u10d0\u10dc\u10d0, 1 \u10d8\u10db\u10de\u10e3\u10da\u10e1\u10e3\u10e0\u10d8 \u10e1\u10d8\u10d2\u10dc\u10d0\u10da\u10d8\u10e1 \u10e8\u10d4\u10e7\u10d5\u10d0\u10dc\u10d0 (\u10d3\u10d0\u10ef\u10d0\u10d5\u10e8\u10dc\u10d8\u10da\u10d8)<br \/>Alarm Output2 \u10e1\u10d0\u10e0\u10d4\u10da\u10d4\u10dd \u10e1\u10d8\u10d2\u10dc\u10d0\u10da\u10d8\u10e1 \u10d2\u10d0\u10db\u10dd\u10db\u10d0\u10d5\u10d0\u10da\u10d8<br \/>\u10e1\u10d4\u10e0\u10d8\u10e3\u10da\u10d8 \u10de\u10dd\u10e0\u10e2\u10d81 \u00d7 RS-232, 1 \u00d7 RS-422<br \/>Sensor-In4 \u10db\u10d0\u10e6\u10d0\u10da\u10d8\/\u10d3\u10d0\u10d1\u10d0\u10da\u10d8 \u10d3\u10dd\u10dc\u10d8\u10e1 \u10e1\u10d8\u10d2\u10dc\u10d0\u10da\u10d8\u10e1 \u10e8\u10d4\u10e7\u10d5\u10d0\u10dc\u10d0<br \/>\u10e3\u10d9\u10d0\u10d1\u10d4\u10da\u10dd \u10e5\u10e1\u10d4\u10da\u10d8<br \/>3G\/4G \u10d3\u10d0\u10e0\u10d4\u10d9\u10d5\u10d01 \u00d7 3G\/4G \u10d1\u10d0\u10e0\u10d0\u10d7\u10d8\u10e1 \u10e1\u10da\u10dd\u10e2\u10d8, 1 \u00d7 SMA \u10d0\u10dc\u10e2\u10d4\u10dc\u10d0<br \/>Wi-Fi1 \u00d7 2.4 \u10d2 Wi-Fi SMA \u10d0\u10dc\u10e2\u10d4\u10dc\u10d0<br \/>\u10d2\u10d4\u10dc\u10d4\u10e0\u10d0\u10da\u10d8<br \/>\u10e1\u10d0\u10db\u10e3\u10e8\u10d0\u10dd \u10e2\u10d4\u10db\u10de\u10d4\u10e0\u10d0\u10e2\u10e3\u10e0\u10d8\u10e1 \u10db\u10dd\u10ec\u10e7\u10dd\u10d1\u10d8\u10da\u10dd\u10d1\u10d0, \u10e0\u10dd\u10db\u10d4\u10da\u10d8\u10ea \u10e3\u10d6\u10e0\u10e3\u10dc\u10d5\u10d4\u10da\u10e7\u10dd\u10e4\u10e1 \u10db\u10dd\u10e2\u10e7\u10e3\u10d4\u10d1\u10e3\u10da HDD-\u10e1 \u10d2\u10d0\u10d7\u10d1\u10dd\u10d1\u10d8\u10e1 \u10e4\u10e3\u10dc\u10e5\u10ea\u10d8\u10d8\u10d7: -30 \u00b0C-\u10d3\u10d0\u10dc +60 \u00b0C-\u10db\u10d3\u10d4 (-22 \u00b0F-\u10d3\u10d0\u10dc +140 \u00b0F-\u10db\u10d3\u10d4), \u10e1\u10ee\u10d5\u10d0 \u10db\u10dd\u10ec\u10e7\u10dd\u10d1\u10d8\u10da\u10dd\u10d1\u10d4\u10d1\u10d8: -10 \u00b0C-\u10d3\u10d0\u10dc +60 \u00b0C-\u10db\u10d3\u10d4 (14 \u00b0F-\u10d3\u10d0\u10dc 140 \u00b0C-\u10db\u10d3\u10d4 \u10d5)<br \/>\u10e1\u10d0\u10db\u10e3\u10e8\u10d0\u10dd \u10e2\u10d4\u10dc\u10d8\u10d0\u10dc\u10dd\u10d1\u10d0 10% \u10d3\u10d0\u10dc 90&gt;#\/span###<br \/>\u10d9\u10d5\u10d4\u10d1\u10d8\u10e1 \u10d1\u10da\u10dd\u10d9\u10d8 9-\u10d3\u10d0\u10dc 32 VDC-\u10db\u10d3\u10d4<br \/>\u10db\u10dd\u10ee\u10db\u10d0\u10e0\u10d4\u10d1\u10d0 \u10da\u10dd\u10d3\u10d8\u10dc\u10d8\u10e1 \u10e0\u10d4\u10df\u10d8\u10db\u10e8\u10d8: \u2264 0,5 W, \u10e1\u10e0\u10e3\u10da\u10d8 \u10d3\u10d0\u10e2\u10d5\u10d8\u10e0\u10d7\u10d5\u10d0: \u2264 70 W, \u10e8\u10d4\u10dc\u10d8\u10e8\u10d5\u10dc\u10d0: \u10de\u10d4\u10e0\u10d8\u10e4\u10d4\u10e0\u10d8\u10e3\u10da\u10d8 \u10d3\u10d0 \u10e8\u10d4\u10dc\u10d0\u10ee\u10d5\u10d8\u10e1 \u10e1\u10d0\u10e8\u10e3\u10d0\u10da\u10d4\u10d1\u10d4\u10d1\u10d8\u10e1 \u10d2\u10d0\u10e0\u10d4\u10e8\u10d4: \u2264 20 W<br \/>\u10dd\u10de\u10d4\u10e0\u10d0\u10ea\u10d8\u10e3\u10da\u10d8 \u10db\u10d4\u10d7\u10dd\u10d3\u10d8 \u10db\u10d0\u10e3\u10e1\u10d8, IR \u10d3\u10d8\u10e1\u10e2\u10d0\u10dc\u10ea\u10d8\u10e3\u10e0\u10d8 \u10db\u10d0\u10e0\u10d7\u10d5\u10d0, \u10d5\u10d4\u10d1 \u10d9\u10dd\u10dc\u10e2\u10e0\u10dd\u10da\u10d8<br \/>\u10d6\u10dd\u10db\u10d4\u10d1\u10d8 (W \u00d7 D \u00d7 H) 206 \u00d7 248.4 \u00d7 60 \u10db\u10db (8.1 \u00d7 9.8 \u00d7 2.4 \u10d8\u10dc\u10e9\u10d8)<br \/>\u10ec\u10dd\u10dc\u10d0 (\u10e8\u10d4\u10dc\u10d0\u10ee\u10d5\u10d8\u10e1 \u10e1\u10d0\u10e8\u10e3\u10d0\u10da\u10d4\u10d1\u10d4\u10d1\u10d8\u10e1 \u10d2\u10d0\u10e0\u10d4\u10e8\u10d4) 1.6 \u10d9\u10d2 (3.53 \u10e4\u10e3\u10dc\u10e2\u10d8)<br \/>\u10de\u10dd\u10d6\u10d8\u10ea\u10d8\u10dd\u10dc\u10d8\u10e0\u10d4\u10d1\u10d0<br \/>GNSS (\u10d2\u10da\u10dd\u10d1\u10d0\u10da\u10e3\u10e0\u10d8 \u10e1\u10d0\u10dc\u10d0\u10d5\u10d8\u10d2\u10d0\u10ea\u10d8\u10dd \u10e1\u10d0\u10e2\u10d4\u10da\u10d8\u10e2\u10e3\u10e0\u10d8 \u10e1\u10d8\u10e1\u10e2\u10d4\u10db\u10d0) GPS (\u10d2\u10da\u10dd\u10d1\u10d0\u10da\u10e3\u10e0\u10d8 \u10de\u10dd\u10d6\u10d8\u10ea\u10d8\u10dd\u10dc\u10d8\u10e0\u10d4\u10d1\u10d8\u10e1 \u10e1\u10d8\u10e1\u10e2\u10d4\u10db\u10d0), 1 \u00d7 SMA \u10d0\u10dc\u10e2\u10d4\u10dc\u10d0<br \/>\u10d9\u10dd\u10d3\u10d8\u10e0\u10d4\u10d1\u10d8\u10e1\/\u10d3\u10d4\u10d9\u10dd\u10d3\u10d8\u10e0\u10d4\u10d1\u10d8\u10e1 \u10de\u10d0\u10e0\u10d0\u10db\u10d4\u10e2\u10e0\u10d4\u10d1\u10d8<br \/>\u10d5\u10d8\u10d3\u10d4\u10dd \u10e8\u10d4\u10d9\u10e3\u10db\u10e8\u10d5\u10d0 H.264<br \/>\u10d9\u10dd\u10d3\u10d8\u10e0\u10d4\u10d1\u10d8\u10e1 \u10d2\u10d0\u10e0\u10e9\u10d4\u10d5\u10d0\u10d3\u10dd\u10d1\u10d0\u10db\u10d7\u10d0\u10d5\u10d0\u10e0\u10d8 \u10dc\u10d0\u10d9\u10d0\u10d3\u10d8: 1080p\/720p\/WD1\/4CIF. \u10e5\u10d5\u10d4 \u10dc\u10d0\u10d9\u10d0\u10d3\u10d8: 4CIF\/2CIF\/CIF<br \/>\u10d9\u10d0\u10d3\u10e0\u10d4\u10d1\u10d8\u10e1 \u10e1\u10d8\u10ee\u10e8\u10d8\u10e0\u10d4PAL: 1-\u10d3\u10d0\u10dc 25 fps-\u10db\u10d3\u10d4, NTSC: 1-\u10d3\u10d0\u10dc 30 fps-\u10db\u10d3\u10d4;<br \/>\u10d0\u10e3\u10d3\u10d8\u10dd \u10e8\u10d4\u10d9\u10e3\u10db\u10e8\u10d5\u10d0 G.711<br \/>\u10dc\u10d0\u10d9\u10d0\u10d3\u10d8\u10e1 \u10e2\u10d8\u10de\u10d8 \u10d5\u10d8\u10d3\u10d4\u10dd, \u10d5\u10d8\u10d3\u10d4\u10dd \u10d3\u10d0 \u10d0\u10e3\u10d3\u10d8\u10dd<br \/>\u10d0\u10e3\u10d3\u10d8\u10dd \u10d1\u10d8\u10e2\u10d8\u10e1 \u10e1\u10d8\u10e9\u10e5\u10d0\u10e0\u10d4 16 Kbps<br \/>Dual Stream-\u10d8\u10e1 \u10db\u10ee\u10d0\u10e0\u10d3\u10d0\u10ed\u10d4\u10e0\u10d0<br \/>PoE<br \/>PoE \u10d8\u10dc\u10e2\u10d4\u10e0\u10e4\u10d4\u10d8\u10e1\u10d84 \u00d7 RJ45 10M\/100M \u10d7\u10d5\u10d8\u10d7\u10d0\u10d3\u10d0\u10de\u10e2\u10d8\u10e0\u10d4\u10d1\u10d0\u10d3\u10d8 PoE \u10d8\u10dc\u10e2\u10d4\u10e0\u10e4\u10d4\u10d8\u10e1\u10d8<br \/>\u10db\u10d0\u10e5\u10e1. \u10db\u10dd\u10ee\u10db\u10d0\u10e0\u10d4\u10d1\u10d0\u2264 30 W (\u10e1\u10e3\u10da)<\/p>","protected":false},"excerpt":{"rendered":"<p>\u10d5\u10d8\u10d3\u10d4\u10dd\/\u10d0\u10e3\u10d3\u10d8\u10dd \u10e8\u10d4\u10e7\u10d5\u10d0\u10dc\u10d0IP \u10d9\u10d0\u10db\u10d4\u10e0\u10d0 4\u10dd\u10e0\u10db\u10ee\u10e0\u10d8\u10d5\u10d8 \u10d0\u10e3\u10d3\u10d8\u10dd1, \u10d8\u10dc\u10e2\u10d4\u10d2\u10e0\u10d8\u10e0\u10d4\u10d1\u10e3\u10da\u10d8 EXT.DEV \u10d8\u10dc\u10e2\u10d4\u10e0\u10e4\u10d4\u10d8\u10e1\u10e8\u10d8\u10d5\u10d8\u10d3\u10d4\u10dd\/\u10d0\u10e3\u10d3\u10d8\u10dd \u10d2\u10d0\u10db\u10dd\u10db\u10d0\u10d5\u10d0\u10da\u10d8\u10d5\u10d8\u10d3\u10d4\u10dd \u10d2\u10d0\u10db\u10dd\u10db\u10d0\u10d5\u10d0\u10da\u10d8 CVBS: 2, PAL: 704 \u00d7 576, NTSC: 704 \u00d7 480<\/p>","protected":false},"featured_media":32150,"comment_status":"open","ping_status":"closed","template":"","meta":[],"product_brand":[],"product_cat":[832],"product_tag":[],"class_list":{"0":"post-32151","1":"product","2":"type-product","3":"status-publish","4":"has-post-thumbnail","6":"product_cat-network-video-recorder-nvr","8":"first","9":"instock","10":"taxable","11":"shipping-taxable","12":"purchasable","13":"product-type-simple"},"_links":{"self":[{"href":"https:\/\/iterra.ge\/ge\/wp-json\/wp\/v2\/product\/32151","targetHints":{"allow":["GET"]}}],"collection":[{"href":"https:\/\/iterra.ge\/ge\/wp-json\/wp\/v2\/product"}],"about":[{"href":"https:\/\/iterra.ge\/ge\/wp-json\/wp\/v2\/types\/product"}],"replies":[{"embeddable":true,"href":"https:\/\/iterra.ge\/ge\/wp-json\/wp\/v2\/comments?post=32151"}],"version-history":[{"count":0,"href":"https:\/\/iterra.ge\/ge\/wp-json\/wp\/v2\/product\/32151\/revisions"}],"wp:featuredmedia":[{"embeddable":true,"href":"https:\/\/iterra.ge\/ge\/wp-json\/wp\/v2\/media\/32150"}],"wp:attachment":[{"href":"https:\/\/iterra.ge\/ge\/wp-json\/wp\/v2\/media?parent=32151"}],"wp:term":[{"taxonomy":"product_brand","embeddable":true,"href":"https:\/\/iterra.ge\/ge\/wp-json\/wp\/v2\/product_brand?post=32151"},{"taxonomy":"product_cat","embeddable":true,"href":"https:\/\/iterra.ge\/ge\/wp-json\/wp\/v2\/product_cat?post=32151"},{"taxonomy":"product_tag","embeddable":true,"href":"https:\/\/iterra.ge\/ge\/wp-json\/wp\/v2\/product_tag?post=32151"}],"curies":[{"name":"wp","href":"https:\/\/api.w.org\/{rel}","templated":true}]}}