{"id":32432,"date":"2025-06-12T09:21:43","date_gmt":"2025-06-12T05:21:43","guid":{"rendered":"https:\/\/iterra.ge\/product\/%e1%83%a9%e1%83%90%e1%83%9b%e1%83%ac%e1%83%94%e1%83%a0%e1%83%98-nvr-hikvision-ds-7608ni-i2-8p-2sata-8ch-poe\/"},"modified":"2026-02-25T00:00:32","modified_gmt":"2026-02-25T00:00:32","slug":"%e1%83%a9%e1%83%90%e1%83%9b%e1%83%ac%e1%83%94%e1%83%a0%e1%83%98-nvr-hikvision-ds-7608ni-i2-8p-2sata-8ch-poe","status":"publish","type":"product","link":"https:\/\/iterra.ge\/ge\/product\/%e1%83%a9%e1%83%90%e1%83%9b%e1%83%ac%e1%83%94%e1%83%a0%e1%83%98-nvr-hikvision-ds-7608ni-i2-8p-2sata-8ch-poe\/","title":{"rendered":"\u10e9\u10d0\u10db\u10ec\u10d4\u10e0\u10d8 NVR, Hikvision, DS-7608NI-I2\/8P, 2sata, 8ch poe"},"content":{"rendered":"<ul>\n<li><span class=\"tech-specs-items-description__title--heading\"><b>Video And Audio<\/b><\/span><\/li>\n<li><span class=\"tech-specs-items-description__title\">IP Video Input<\/span><span class=\"tech-specs-items-description__title-details\">\n<p>8-ch<\/p>\n<p>Up to 12 MP resolution<\/p>\n<p><\/span><\/li>\n<li><span class=\"tech-specs-items-description__title\">Incoming Bandwidth<\/span><span class=\"tech-specs-items-description__title-details\">80 Mbps<\/span><\/li>\n<li><span class=\"tech-specs-items-description__title\">Outgoing Bandwidth<\/span><span class=\"tech-specs-items-description__title-details\">256 Mbps<\/span><\/li>\n<li><span class=\"tech-specs-items-description__title\">HDMI Output<\/span><span class=\"tech-specs-items-description__title-details\">4K (3840 \u00d7 2160)\/60Hz, 4K (3840 \u00d7 2160)\/30Hz, 1920 \u00d7 1080\/60Hz, 1600 \u00d7 1200\/60Hz, 1280 \u00d7 1024\/60Hz, 1280 \u00d7 720\/60Hz, 1024 \u00d7 768\/60Hz<\/span><\/li>\n<li><span class=\"tech-specs-items-description__title\">VGA Output<\/span><span class=\"tech-specs-items-description__title-details\">1920 \u00d7 1080\/60Hz, 1280 \u00d7 1024\/60Hz, 1280 \u00d7 720\/60Hz, 1024 \u00d7 768\/60Hz<\/span><\/li>\n<li><span class=\"tech-specs-items-description__title\">CVBS Output<\/span><span class=\"tech-specs-items-description__title-details\">N\/A (1-ch is optional, BNC (1.0 Vp-p, 75 \u03a9), resolution: PAL: 704 \u00d7 576, NTSC: 704 \u00d7 480}<\/span><\/li>\n<li><span class=\"tech-specs-items-description__title\">Audio Output<\/span><span class=\"tech-specs-items-description__title-details\">1-ch, RCA (Linear, 1 K\u03a9)<\/span><\/li>\n<li><span class=\"tech-specs-items-description__title\">Two-Way Audio<\/span><span class=\"tech-specs-items-description__title-details\">1-ch, RCA (2.0 Vp-p, 1 K\u03a9, using the audio input)<\/span><\/li>\n<li><span class=\"tech-specs-items-description__title\">Video Output Mode<\/span><span class=\"tech-specs-items-description__title-details\">HDMI\/VGA independent output<\/span><\/li>\n<\/ul>\n<ul>\n<li><span class=\"tech-specs-items-description__title--heading\"><b>Decoding<\/b><\/span><\/li>\n<li><span class=\"tech-specs-items-description__title\">Dual-Stream Recording<\/span><span class=\"tech-specs-items-description__title-details\">Support<\/span><\/li>\n<li><span class=\"tech-specs-items-description__title\">Decoding Format<\/span><span class=\"tech-specs-items-description__title-details\">H.265\/H.265+\/H.264\/H.264+\/MPEG4<\/span><\/li>\n<li><span class=\"tech-specs-items-description__title\">Decoding Capability<\/span><span class=\"tech-specs-items-description__title-details\">2-ch@12 MP (20 fps)\/4-ch@8 MP (25 fps)\/8-ch@4 MP (30 fps)\/16-ch@1080p (30 fps)<\/span><\/li>\n<li><span class=\"tech-specs-items-description__title\">Synchronous Playback<\/span><span class=\"tech-specs-items-description__title-details\">8-ch<\/span><\/li>\n<li><span class=\"tech-specs-items-description__title\">Recording Resolution<\/span><span class=\"tech-specs-items-description__title-details\">12 MP\/8 MP\/6 MP\/5 MP\/4 MP\/3 MP\/1080p\/UXGA\/720p\/VGA \/4CIF\/DCIF\/ 2CIF\/CIF\/QCIF<\/span><\/li>\n<li><span class=\"tech-specs-items-description__title\">Stream Type<\/span><span class=\"tech-specs-items-description__title-details\">Video, Video &amp; Audio<\/span><\/li>\n<li><span class=\"tech-specs-items-description__title\">Audio Compression<\/span><span class=\"tech-specs-items-description__title-details\">G.711ulaw\/G.711alaw\/G.722\/G.726<\/span><\/li>\n<\/ul>\n<ul>\n<li><span class=\"tech-specs-items-description__title--heading\"><b>Network<\/b><\/span><\/li>\n<li><span class=\"tech-specs-items-description__title\">Network Protocol<\/span><span class=\"tech-specs-items-description__title-details\">TCP\/IP, DHCP, IPv4, IPv6, DNS, DDNS, NTP, RTSP, SADP, SMTP, SNMP, NFS, iSCSI, ISUP, UPnP&trade;, HTTP, HTTPS<\/span><\/li>\n<li><span class=\"tech-specs-items-description__title\">Remote Connection<\/span><span class=\"tech-specs-items-description__title-details\">64<\/span><\/li>\n<li><span class=\"tech-specs-items-description__title\">Network Interface<\/span><span class=\"tech-specs-items-description__title-details\">1, RJ-45 10\/100\/1000 Mbps self-adaptive Ethernet interface<\/span><\/li>\n<\/ul>\n<ul>\n<li><span class=\"tech-specs-items-description__title--heading\"><b>PoE<\/b><\/span><\/li>\n<li><span class=\"tech-specs-items-description__title\">\u10d8\u10dc\u10e2\u10d4\u10e0\u10e4\u10d4\u10d8\u10e1\u10d8<\/span><span class=\"tech-specs-items-description__title-details\">8, RJ-45 10\/100 Mbps self-adaptive Ethernet interface<\/span><\/li>\n<li><span class=\"tech-specs-items-description__title\">Power<\/span><span class=\"tech-specs-items-description__title-details\">\u2264 120 W<\/span><\/li>\n<li><span class=\"tech-specs-items-description__title\">\u10e1\u10e2\u10d0\u10dc\u10d3\u10d0\u10e0\u10e2\u10e3\u10da\u10d8<\/span><span class=\"tech-specs-items-description__title-details\">IEEE 802.3 af\/at<\/span><\/li>\n<\/ul>\n<ul>\n<li><span class=\"tech-specs-items-description__title--heading\"><b>Auxiliary Interface<\/b><\/span><\/li>\n<li><span class=\"tech-specs-items-description__title\">SATA<\/span><span class=\"tech-specs-items-description__title-details\">2 SATA interfaces<\/span><\/li>\n<li><span class=\"tech-specs-items-description__title\">Capacity<\/span><span class=\"tech-specs-items-description__title-details\">Up to 10 TB capacity for each HDD<\/span><\/li>\n<li><span class=\"tech-specs-items-description__title\">Alarm In\/Out<\/span><span class=\"tech-specs-items-description__title-details\">4\/1<\/span><\/li>\n<li><span class=\"tech-specs-items-description__title\">USB Interface<\/span><span class=\"tech-specs-items-description__title-details\">Front panel: 1 \u00d7 USB 2.0; Rear panel: 1 \u00d7 USB 3.0<\/span><\/li>\n<\/ul>\n<ul>\n<li><span class=\"tech-specs-items-description__title--heading\"><b>General<\/b><\/span><\/li>\n<li><span class=\"tech-specs-items-description__title\">Power Supply<\/span><span class=\"tech-specs-items-description__title-details\">100 to 240 VAC, 50 to 60 Hz<\/span><\/li>\n<li><span class=\"tech-specs-items-description__title\">Consumption<\/span><span class=\"tech-specs-items-description__title-details\">\u2264 15 W (without HDD and PoE off)<\/span><\/li>\n<li><span class=\"tech-specs-items-description__title\">Working Temperature<\/span><span class=\"tech-specs-items-description__title-details\">-10 to +55\u00ba C (+14 to +131\u00ba F)<\/span><\/li>\n<li><span class=\"tech-specs-items-description__title\">Working Humidity<\/span><span class=\"tech-specs-items-description__title-details\">10 to 90 &gt;#\/span###<\/span><\/li>\n<li><span class=\"tech-specs-items-description__title\">Dimension (W \u00d7 D \u00d7 H)<\/span><span class=\"tech-specs-items-description__title-details\">385 \u00d7 315 \u00d7 52 mm (15.2&#8243; \u00d7 12.4&#8243; \u00d7 2.0&#8243;)<\/span><\/li>\n<li><span class=\"tech-specs-items-description__title\">Weight<\/span><span class=\"tech-specs-items-description__title-details\">\u2264 3 kg (6.6 lb.)<\/span><\/li>\n<\/ul>\n<ul>\n<li><span class=\"tech-specs-items-description__title--heading\"><b>Certification<\/b><\/span><\/li>\n<li><span class=\"tech-specs-items-description__title\">FCC<\/span><span class=\"tech-specs-items-description__title-details\">Part 15 Subpart B, ANSI C63.4-2014<\/span><\/li>\n<li><span class=\"tech-specs-items-description__title\">CE<\/span><span class=\"tech-specs-items-description__title-details\">EN 55032:2015, EN 61000-3-2, EN 61000-3-3, EN 50130-4<\/span><\/li>\n<\/ul>","protected":false},"excerpt":{"rendered":"<p>Video And Audio IP Video Input 8-ch Up to 12 MP resolution Incoming Bandwidth80 Mbps Outgoing Bandwidth256 Mbps HDMI Output4K<\/p>","protected":false},"featured_media":32431,"comment_status":"open","ping_status":"closed","template":"","meta":[],"product_brand":[],"product_cat":[832],"product_tag":[],"class_list":{"0":"post-32432","1":"product","2":"type-product","3":"status-publish","4":"has-post-thumbnail","6":"product_cat-network-video-recorder-nvr","8":"first","9":"outofstock","10":"taxable","11":"shipping-taxable","12":"purchasable","13":"product-type-simple"},"_links":{"self":[{"href":"https:\/\/iterra.ge\/ge\/wp-json\/wp\/v2\/product\/32432","targetHints":{"allow":["GET"]}}],"collection":[{"href":"https:\/\/iterra.ge\/ge\/wp-json\/wp\/v2\/product"}],"about":[{"href":"https:\/\/iterra.ge\/ge\/wp-json\/wp\/v2\/types\/product"}],"replies":[{"embeddable":true,"href":"https:\/\/iterra.ge\/ge\/wp-json\/wp\/v2\/comments?post=32432"}],"version-history":[{"count":1,"href":"https:\/\/iterra.ge\/ge\/wp-json\/wp\/v2\/product\/32432\/revisions"}],"predecessor-version":[{"id":50906,"href":"https:\/\/iterra.ge\/ge\/wp-json\/wp\/v2\/product\/32432\/revisions\/50906"}],"wp:featuredmedia":[{"embeddable":true,"href":"https:\/\/iterra.ge\/ge\/wp-json\/wp\/v2\/media\/32431"}],"wp:attachment":[{"href":"https:\/\/iterra.ge\/ge\/wp-json\/wp\/v2\/media?parent=32432"}],"wp:term":[{"taxonomy":"product_brand","embeddable":true,"href":"https:\/\/iterra.ge\/ge\/wp-json\/wp\/v2\/product_brand?post=32432"},{"taxonomy":"product_cat","embeddable":true,"href":"https:\/\/iterra.ge\/ge\/wp-json\/wp\/v2\/product_cat?post=32432"},{"taxonomy":"product_tag","embeddable":true,"href":"https:\/\/iterra.ge\/ge\/wp-json\/wp\/v2\/product_tag?post=32432"}],"curies":[{"name":"wp","href":"https:\/\/api.w.org\/{rel}","templated":true}]}}