{"id":32611,"date":"2025-06-12T09:23:01","date_gmt":"2025-06-12T05:23:01","guid":{"rendered":"https:\/\/iterra.ge\/product\/%e1%83%a9%e1%83%90%e1%83%9b%e1%83%ac%e1%83%94%e1%83%a0%e1%83%98nvr-hikvision-ds-7732ni-k4e-4sata32ch\/"},"modified":"2026-02-25T00:00:34","modified_gmt":"2026-02-25T00:00:34","slug":"%e1%83%a9%e1%83%90%e1%83%9b%e1%83%ac%e1%83%94%e1%83%a0%e1%83%98nvr-hikvision-ds-7732ni-k4e-4sata32ch","status":"publish","type":"product","link":"https:\/\/iterra.ge\/ge\/product\/%e1%83%a9%e1%83%90%e1%83%9b%e1%83%ac%e1%83%94%e1%83%a0%e1%83%98nvr-hikvision-ds-7732ni-k4e-4sata32ch\/","title":{"rendered":"\u10e9\u10d0\u10db\u10ec\u10d4\u10e0\u10d8,NVR Hikvision, DS-7732NI-K4(E ), 4sata,32ch,,,,,,"},"content":{"rendered":"<p>\u10d5\u10d8\u10d3\u10d4\u10dd \u10d3\u10d0 \u10d0\u10e3\u10d3\u10d8\u10dd<br \/>IP \u10d5\u10d8\u10d3\u10d4\u10dd \u10e8\u10d4\u10e7\u10d5\u10d0\u10dc\u10d0 32-ch<br \/>\u10e8\u10d4\u10db\u10dd\u10db\u10d0\u10d5\u10d0\u10da\u10d8 \u10d2\u10d0\u10db\u10e2\u10d0\u10e0\u10dd\u10d1\u10d0 256 Mbps<br \/>\u10d2\u10d0\u10db\u10d0\u10d5\u10d0\u10da\u10d8 \u10d2\u10d0\u10db\u10e2\u10d0\u10e0\u10dd\u10d1\u10d0 160 Mbps<br \/>HDMI \u10d2\u10d0\u10db\u10dd\u10db\u10d0\u10d5\u10d0\u10da\u10d8 1-ch, 4K (3840 \u00d7 2160) \/ 30 Hz, 2K (2560 \u00d7 1440) \/ 60 Hz, 1920 \u00d7 1080\/60 Hz, 1600 \u00d7 1200\/60 Hz, 1202 \u00d7 20 Hz, 1202 \u00d7 20 Hz 1024 \u00d7 768 \/ 60 \u10f0\u10ea<br \/>VGA \u10d2\u10d0\u10db\u10dd\u10db\u10d0\u10d5\u10d0\u10da\u10d8 1-ch, 1920 \u00d7 1080\/60 Hz, 1280 \u00d7 1024\/60 Hz, 1280 \u00d7 720\/60 Hz, 1024 \u00d7 768\/60 Hz<br \/>\u10d5\u10d8\u10d3\u10d4\u10dd \u10d2\u10d0\u10db\u10dd\u10db\u10d0\u10d5\u10d0\u10da\u10d8 \u10e0\u10d4\u10df\u10d8\u10db\u10d8 HDMI\/VGA \u10d3\u10d0\u10db\u10dd\u10e3\u10d9\u10d8\u10d3\u10d4\u10d1\u10d4\u10da\u10d8 \u10d2\u10d0\u10db\u10dd\u10db\u10d0\u10d5\u10d0\u10da\u10d8<br \/>CVBS \u10d2\u10d0\u10db\u10dd\u10db\u10d0\u10d5\u10d0\u10da\u10d8 N\/A<br \/>\u10d0\u10e3\u10d3\u10d8\u10dd \u10d2\u10d0\u10db\u10dd\u10db\u10d0\u10d5\u10d0\u10da\u10d8 1-ch, RCA (2.0 Vp-p, 1 K\u03a9, \u10d0\u10e3\u10d3\u10d8\u10dd \u10e8\u10d4\u10e7\u10d5\u10d0\u10dc\u10d8\u10e1 \u10d2\u10d0\u10db\u10dd\u10e7\u10d4\u10dc\u10d4\u10d1\u10d8\u10d7)<br \/>\u10d0\u10e3\u10d3\u10d8\u10dd \u10e8\u10d4\u10e7\u10d5\u10d0\u10dc\u10d0 1-ch, RCA (2.0 Vp-p, 1 K\u03a9)<br \/>\u10e9\u10d0\u10ec\u10d4\u10e0\u10d0<br \/>\u10d0\u10e3\u10d3\u10d8\u10dd \u10e8\u10d4\u10d9\u10e3\u10db\u10e8\u10d5\u10d0G.711ulaw\/G.711alaw\/G.722\/G.726\/acc\/MP2L2<br \/>\u10d3\u10d4\u10d9\u10dd\u10d3\u10d8\u10e0\u10d4\u10d1\u10d0<br \/>\u10d3\u10d4\u10d9\u10dd\u10d3\u10d8\u10e0\u10d4\u10d1\u10d8\u10e1 \u10e4\u10dd\u10e0\u10db\u10d0\u10e2\u10d8H.265\/H.265+\/H.264+\/H.264\/MPEG4<br \/>\u10e9\u10d0\u10ec\u10d4\u10e0\u10d8\u10e1 \u10d2\u10d0\u10e0\u10e9\u10d4\u10d5\u10d0\u10d3\u10dd\u10d1\u10d0 12 MP\/8 MP\/6 MP\/5 MP\/4 MP\/3 MP\/1080p\/UXGA\/ 720p\/VGA\/4CIF\/DCIF\/2CIF\/CIF\/QCIF<br \/>\u10e1\u10d8\u10dc\u10e5\u10e0\u10dd\u10dc\u10e3\u10da\u10d8 \u10d3\u10d0\u10d9\u10d5\u10e0\u10d0 16-\u10e9<br \/>\u10d3\u10d4\u10d9\u10dd\u10d3\u10d8\u10e0\u10d4\u10d1\u10d8\u10e1 \u10e8\u10d4\u10e1\u10d0\u10eb\u10da\u10d4\u10d1\u10da\u10dd\u10d1\u10d0 1-ch@12 MP (30 fps)\/2-ch@8 MP (30 fps)\/4-ch@4 MP (30 fps)\/8-ch@1080p (30 fps)<br \/>\u10dc\u10d0\u10d9\u10d0\u10d3\u10d8\u10e1 \u10e2\u10d8\u10de\u10d8 \u10d5\u10d8\u10d3\u10d4\u10dd, \u10d5\u10d8\u10d3\u10d4\u10dd \u10d3\u10d0 \u10d0\u10e3\u10d3\u10d8\u10dd<br \/>\u10e5\u10e1\u10d4\u10da\u10d8<br \/>\u10d3\u10d8\u10e1\u10e2\u10d0\u10dc\u10ea\u10d8\u10e3\u10e0\u10d8 \u10d9\u10d0\u10d5\u10e8\u10d8\u10e0\u10d8 128-\u10e9<br \/>\u10e5\u10e1\u10d4\u10da\u10d8\u10e1 \u10de\u10e0\u10dd\u10e2\u10dd\u10d9\u10dd\u10da\u10d8TCP\/IP, DHCP, IPv4, Hik-Connect, DNS, DDNS, NTP, RTSP, SADP, SMTP, SNMP, NFS, iSCSI, ISUP, UPnP&trade;, HTTP, HTTPS<br \/>\u10e5\u10e1\u10d4\u10da\u10d8\u10e1 \u10d8\u10dc\u10e2\u10d4\u10e0\u10e4\u10d4\u10d8\u10e1\u10d82 RJ-45 10\/100\/1000 Mbps \u10d7\u10d5\u10d8\u10d7\u10d0\u10d3\u10d0\u10de\u10e2\u10d8\u10e0\u10d4\u10d1\u10d0\u10d3\u10d8 Ethernet \u10d8\u10dc\u10e2\u10d4\u10e0\u10e4\u10d4\u10d8\u10e1\u10d4\u10d1\u10d8<br \/>\u10d3\u10d0\u10db\u10ee\u10db\u10d0\u10e0\u10d4 \u10d8\u10dc\u10e2\u10d4\u10e0\u10e4\u10d4\u10d8\u10e1\u10d8<br \/>Ctrl 12V<br \/>\u10d9\u10dd\u10dc\u10e2\u10e0\u10dd\u10da\u10d8\u10e0\u10d4\u10d1\u10d0\u10d3\u10d8 12 VDC, 1 A \u10d2\u10d0\u10db\u10dd\u10db\u10d0\u10d5\u10d0\u10da\u10d8 \u10e1\u10d8\u10db\u10eb\u10da\u10d0\u10d5\u10e0\u10d4 \u10d2\u10d0\u10e0\u10d4 \u10d2\u10d0\u10dc\u10d2\u10d0\u10e8\u10d8\u10e1 \u10db\u10dd\u10ec\u10e7\u10dd\u10d1\u10d8\u10da\u10dd\u10d1\u10d8\u10e1\u10d7\u10d5\u10d8\u10e1; \u10d3\u10d4\u10dc\u10d8 \u10e9\u10d0\u10d8\u10e0\u10d7\u10d5\u10d4\u10d1\u10d0, \u10e0\u10dd\u10d3\u10d4\u10e1\u10d0\u10ea \u10d2\u10d0\u10dc\u10d2\u10d0\u10e8\u10d8\u10e1 \u10d2\u10d0\u10db\u10dd\u10db\u10d0\u10d5\u10d0\u10da\u10d8 \u10e9\u10d0\u10d8\u10e0\u10d7\u10d5\u10d4\u10d1\u10d0.<\/p>\n<p>*: Ctrl 12V \u10e1\u10d8\u10db\u10eb\u10da\u10d0\u10d5\u10e0\u10d4 \u10d9\u10dd\u10dc\u10e2\u10e0\u10dd\u10da\u10d3\u10d4\u10d1\u10d0 \u10d2\u10d0\u10dc\u10d2\u10d0\u10e8\u10d8\u10e1 \u10d2\u10d0\u10db\u10dd\u10db\u10d0\u10d5\u10d0\u10da\u10d8 9-\u10d8\u10d7.<\/p>\n<p>DC 12V12 VDC, 1 A \u10d2\u10d0\u10db\u10dd\u10db\u10d0\u10d5\u10d0\u10da\u10d8 \u10e1\u10d8\u10db\u10eb\u10da\u10d0\u10d5\u10e0\u10d4<br \/>SATA4 SATA \u10d8\u10dc\u10e2\u10d4\u10e0\u10e4\u10d4\u10d8\u10e1\u10d4\u10d1\u10d8<br \/>\u10e2\u10d4\u10d5\u10d0\u10d3\u10dd\u10d1\u10d0 10 \u10e2\u10d1-\u10db\u10d3\u10d4 \u10e2\u10d4\u10d5\u10d0\u10d3\u10dd\u10d1\u10d0 \u10d7\u10d8\u10d7\u10dd\u10d4\u10e3\u10da\u10d8 HDD-\u10d8\u10e1\u10d7\u10d5\u10d8\u10e1<br \/>\u10e1\u10d4\u10e0\u10d8\u10e3\u10da\u10d8 \u10d8\u10dc\u10e2\u10d4\u10e0\u10e4\u10d4\u10d8\u10e1\u10d82 RS-485 (\u10dc\u10d0\u10ee\u10d4\u10d5\u10e0\u10d0\u10d3 \u10d3\u10e3\u10de\u10da\u10d4\u10e5\u10e1\u10d8), 1 RS-232<br \/>USB \u10d8\u10dc\u10e2\u10d4\u10e0\u10e4\u10d4\u10d8\u10e1\u10d8 \u10ec\u10d8\u10dc\u10d0 \u10de\u10d0\u10dc\u10d4\u10da\u10d8: 2 \u00d7 USB 2.0; \u10e3\u10d9\u10d0\u10dc\u10d0 \u10de\u10d0\u10dc\u10d4\u10da\u10d8: 1 \u00d7 USB 3.0<br \/>\u10e1\u10d8\u10d2\u10dc\u10d0\u10da\u10d8\u10d6\u10d0\u10ea\u10d8\u10d0 \u10e8\u10d4\u10db\u10dd\u10e1\u10e3\u10da\u10d8\/\u10d2\u10d0\u10db\u10dd\u10e1\u10e3\u10da\u10d8 16\/4 (16\/9 \u10d0\u10e0\u10e9\u10d4\u10d5\u10d8\u10d7\u10d8\u10d0)<br \/>\u10d2\u10d4\u10dc\u10d4\u10e0\u10d0\u10da\u10d8<br \/>\u10d9\u10d5\u10d4\u10d1\u10d8\u10e1 \u10ec\u10e7\u10d0\u10e0\u10dd 100-\u10d3\u10d0\u10dc 240 VAC-\u10db\u10d3\u10d4, 50-\u10d3\u10d0\u10dc 60Hz-\u10db\u10d3\u10d4<br \/>\u10db\u10dd\u10ee\u10db\u10d0\u10e0\u10d4\u10d1\u10d0\u2264 20 W (HDD-\u10d8\u10e1 \u10d2\u10d0\u10e0\u10d4\u10e8\u10d4)<br \/>\u10e1\u10d0\u10db\u10e3\u10e8\u10d0\u10dd \u10e2\u10d4\u10db\u10de\u10d4\u10e0\u10d0\u10e2\u10e3\u10e0\u10d0-10 \u00b0C-\u10d3\u10d0\u10dc 55 \u00b0C-\u10db\u10d3\u10d4 (14 \u00b0F-\u10d3\u10d0\u10dc 131 \u00b0F-\u10db\u10d3\u10d4)<br \/>\u10e1\u10d0\u10db\u10e3\u10e8\u10d0\u10dd \u10e2\u10d4\u10dc\u10d8\u10d0\u10dc\u10dd\u10d1\u10d0 10-\u10d3\u10d0\u10dc 90-\u10db\u10d3\u10d4 &gt;#\/span###<br \/>\u10d6\u10dd\u10db\u10d0 (W \u00d7 D \u00d7 H) 445 \u00d7 400 \u00d7 71 \u10db\u10db (17.5&#8243;\u00d7 15.7&#8243; \u00d7 2.8&#8243;)<br \/>\u10ec\u10dd\u10dc\u10d0\u2264 5 \u10d9\u10d2 (HDD-\u10d8\u10e1 \u10d2\u10d0\u10e0\u10d4\u10e8\u10d4, 11 lb.)<br \/>\u10e1\u10d4\u10e0\u10e2\u10d8\u10e4\u10d8\u10ea\u10d8\u10e0\u10d4\u10d1\u10d0<br \/>FCCP\u10dc\u10d0\u10ec\u10d8\u10da\u10d8 15 \u10e5\u10d5\u10d4\u10dc\u10d0\u10ec\u10d8\u10da\u10d8 B, ANSI C63.4-2014<br \/>CEEN 55032: 2015, EN 61000-3-2, EN 61000-3-3, EN 50130-4, EN 55035: 2017 \u10ec.<\/p>","protected":false},"excerpt":{"rendered":"<p>\u10d5\u10d8\u10d3\u10d4\u10dd \u10d3\u10d0 \u10d0\u10e3\u10d3\u10d8\u10ddIP \u10d5\u10d8\u10d3\u10d4\u10dd \u10e8\u10d4\u10e7\u10d5\u10d0\u10dc\u10d0 32-ch\u10e8\u10d4\u10db\u10dd\u10db\u10d0\u10d5\u10d0\u10da\u10d8 \u10d2\u10d0\u10db\u10e2\u10d0\u10e0\u10dd\u10d1\u10d0 256 Mbps\u10d2\u10d0\u10db\u10d0\u10d5\u10d0\u10da\u10d8 \u10d2\u10d0\u10db\u10e2\u10d0\u10e0\u10dd\u10d1\u10d0 160 MbpsHDMI \u10d2\u10d0\u10db\u10dd\u10db\u10d0\u10d5\u10d0\u10da\u10d8 1-ch, 4K (3840 \u00d7 2160) \/ 30<\/p>","protected":false},"featured_media":32610,"comment_status":"open","ping_status":"closed","template":"","meta":[],"product_brand":[],"product_cat":[832],"product_tag":[],"class_list":{"0":"post-32611","1":"product","2":"type-product","3":"status-publish","4":"has-post-thumbnail","6":"product_cat-network-video-recorder-nvr","8":"first","9":"instock","10":"taxable","11":"shipping-taxable","12":"purchasable","13":"product-type-simple"},"_links":{"self":[{"href":"https:\/\/iterra.ge\/ge\/wp-json\/wp\/v2\/product\/32611","targetHints":{"allow":["GET"]}}],"collection":[{"href":"https:\/\/iterra.ge\/ge\/wp-json\/wp\/v2\/product"}],"about":[{"href":"https:\/\/iterra.ge\/ge\/wp-json\/wp\/v2\/types\/product"}],"replies":[{"embeddable":true,"href":"https:\/\/iterra.ge\/ge\/wp-json\/wp\/v2\/comments?post=32611"}],"version-history":[{"count":0,"href":"https:\/\/iterra.ge\/ge\/wp-json\/wp\/v2\/product\/32611\/revisions"}],"wp:featuredmedia":[{"embeddable":true,"href":"https:\/\/iterra.ge\/ge\/wp-json\/wp\/v2\/media\/32610"}],"wp:attachment":[{"href":"https:\/\/iterra.ge\/ge\/wp-json\/wp\/v2\/media?parent=32611"}],"wp:term":[{"taxonomy":"product_brand","embeddable":true,"href":"https:\/\/iterra.ge\/ge\/wp-json\/wp\/v2\/product_brand?post=32611"},{"taxonomy":"product_cat","embeddable":true,"href":"https:\/\/iterra.ge\/ge\/wp-json\/wp\/v2\/product_cat?post=32611"},{"taxonomy":"product_tag","embeddable":true,"href":"https:\/\/iterra.ge\/ge\/wp-json\/wp\/v2\/product_tag?post=32611"}],"curies":[{"name":"wp","href":"https:\/\/api.w.org\/{rel}","templated":true}]}}