{"id":33157,"date":"2025-06-12T09:29:52","date_gmt":"2025-06-12T05:29:52","guid":{"rendered":"https:\/\/iterra.ge\/product\/%e1%83%99%e1%83%90%e1%83%9b%e1%83%94%e1%83%a0%e1%83%90iphikvisionipc-b621h-z2-8-8mm2mpbulletir20mmicro-sd\/"},"modified":"2026-02-25T00:00:42","modified_gmt":"2026-02-25T00:00:42","slug":"%e1%83%99%e1%83%90%e1%83%9b%e1%83%94%e1%83%a0%e1%83%90iphikvisionipc-b621h-z2-8-8mm2mpbulletir20mmicro-sd","status":"publish","type":"product","link":"https:\/\/iterra.ge\/ge\/product\/%e1%83%99%e1%83%90%e1%83%9b%e1%83%94%e1%83%a0%e1%83%90iphikvisionipc-b621h-z2-8-8mm2mpbulletir20mmicro-sd\/","title":{"rendered":"\u10d9\u10d0\u10db\u10d4\u10e0\u10d0,IP,Hikvision,IPC-B621H-Z,2.8-8mm,2mp,Bullet,IR20m,Micro SD"},"content":{"rendered":"<ul>\n<li><span class=\"tech-specs-items-description__title--heading\"><b>Camera<\/b><\/span><\/li>\n<li><span class=\"tech-specs-items-description__title\">Image Sensor<\/span><span class=\"tech-specs-items-description__title-details\">1\/2.8&#8243; Progressive scan CMOS<\/span><\/li>\n<li><span class=\"tech-specs-items-description__title\">Min. Illumination<\/span><span class=\"tech-specs-items-description__title-details\">Color: 0.01 Lux @ (F1.2, AGC ON), 0.025 Lux @ (F1.9, AGC ON)<\/span><\/li>\n<li><span class=\"tech-specs-items-description__title\">Shutter Speed<\/span><span class=\"tech-specs-items-description__title-details\">1\/3 s to 1\/100, 000 s<\/span><\/li>\n<li><span class=\"tech-specs-items-description__title\">Slow Shutter<\/span><span class=\"tech-specs-items-description__title-details\">\u10d3\u10d8\u10d0\u10ee<\/span><\/li>\n<li><span class=\"tech-specs-items-description__title\">Day &amp;Night<\/span><span class=\"tech-specs-items-description__title-details\">IR cut filter<\/span><\/li>\n<li><span class=\"tech-specs-items-description__title\">Wide Dynamic Range<\/span><span class=\"tech-specs-items-description__title-details\">Digital WDR<\/span><\/li>\n<li><span class=\"tech-specs-items-description__title\">Angle Adjustment<\/span><span class=\"tech-specs-items-description__title-details\">Pan: 0\u00b0 to 360\u00b0, tilt: 0\u00b0 to 90\u00b0, rotate: 0\u00b0 to 360\u00b0<\/span><\/li>\n<\/ul>\n<ul>\n<li><span class=\"tech-specs-items-description__title--heading\"><b>\u10dd\u10d1\u10d8\u10d4\u10e5\u10e2\u10d8\u10d5\u10d8<\/b><\/span><\/li>\n<li><span class=\"tech-specs-items-description__title\">\u10dd\u10d1\u10d8\u10d4\u10e5\u10e2\u10d8\u10d5\u10d8<\/span><span class=\"tech-specs-items-description__title-details\">2.8 to 8 mm<\/span><\/li>\n<li><span class=\"tech-specs-items-description__title\">\u10d3\u10d8\u10d0\u10e4\u10e0\u10d0\u10d2\u10db\u10d0<\/span><span class=\"tech-specs-items-description__title-details\">F1.9<\/span><\/li>\n<li><span class=\"tech-specs-items-description__title\">FOV<\/span><span class=\"tech-specs-items-description__title-details\">Horizontal field of view: 111\u00b0 to 54.7\u00b0;Vertical field of view: 57.8\u00b0 to 30.5\u00b0;Diagonal field of view: 134\u00b0 to 63\u00b0<\/span><\/li>\n<li><span class=\"tech-specs-items-description__title\">Lens Mount<\/span><span class=\"tech-specs-items-description__title-details\">\u03a614<\/span><\/li>\n<\/ul>\n<ul>\n<li><span class=\"tech-specs-items-description__title--heading\"><b>Illuminator<\/b><\/span><\/li>\n<li><span class=\"tech-specs-items-description__title\">IR Range<\/span><span class=\"tech-specs-items-description__title-details\">Up to 20 m<\/span><\/li>\n<li><span class=\"tech-specs-items-description__title\">Wavelength<\/span><span class=\"tech-specs-items-description__title-details\">850 nm<\/span><\/li>\n<\/ul>\n<ul>\n<li><span class=\"tech-specs-items-description__title--heading\"><b>Network<\/b><\/span><\/li>\n<li><span class=\"tech-specs-items-description__title\">Protocols<\/span><span class=\"tech-specs-items-description__title-details\">TCP\/IP, ICMP, HTTP, HTTPS, FTP, DHCP, DNS, RTP, RTSP, RTCP, NTP, IGMP, QoS, UDP<\/span><\/li>\n<li><span class=\"tech-specs-items-description__title\">API<\/span><span class=\"tech-specs-items-description__title-details\">ONVIF (PROFILE S, PROFILE G), ISAPI<\/span><\/li>\n<li><span class=\"tech-specs-items-description__title\">Simultaneous Live View<\/span><span class=\"tech-specs-items-description__title-details\">Up to 6 channels<\/span><\/li>\n<li><span class=\"tech-specs-items-description__title\">User\/Host<\/span><span class=\"tech-specs-items-description__title-details\">Up to 32 users,3 levels: Administrator, Operator and User<\/span><\/li>\n<li><span class=\"tech-specs-items-description__title\">Client<\/span><span class=\"tech-specs-items-description__title-details\">HiLookVision PC Client, HiLookVision App<\/span><\/li>\n<li><span class=\"tech-specs-items-description__title\">Web Browser<\/span><span class=\"tech-specs-items-description__title-details\">IE8+, Chrome 41.0-44, Firefox 30.0-51, Safari 8.0-11<\/span><\/li>\n<\/ul>\n<ul>\n<li><span class=\"tech-specs-items-description__title--heading\"><b>\u10d5\u10d8\u10d3\u10d4\u10dd<\/b><\/span><\/li>\n<li><span class=\"tech-specs-items-description__title\">Max. Resolution<\/span><span class=\"tech-specs-items-description__title-details\">1920 \u00d7 1080<\/span><\/li>\n<li><span class=\"tech-specs-items-description__title\">Main Stream<\/span><span class=\"tech-specs-items-description__title-details\">50Hz: 25fps (1920 \u00d7 1080, 1280 \u00d7 960, 1280 \u00d7 720) 60Hz: 30fps (1920 \u00d7 1080, 1280 \u00d7 960, 1280 \u00d7 720)<\/span><\/li>\n<li><span class=\"tech-specs-items-description__title\">Sub Stream<\/span><span class=\"tech-specs-items-description__title-details\">50Hz: 25fps (640 \u00d7 480, 640 \u00d7 360, 320 \u00d7 240) 60Hz: 30fps (640 \u00d7 480, 640 \u00d7 360, 320 \u00d7 240)<\/span><\/li>\n<li><span class=\"tech-specs-items-description__title\">Video Compression<\/span><span class=\"tech-specs-items-description__title-details\">Main stream: H.265\/H.264;Sub-stream: H.265\/H.264\/MJPEG<\/span><\/li>\n<li><span class=\"tech-specs-items-description__title\">H.264 Type<\/span><span class=\"tech-specs-items-description__title-details\">Baseline Profile\/Main Profile\/High Profile<\/span><\/li>\n<li><span class=\"tech-specs-items-description__title\">H.265 Type<\/span><span class=\"tech-specs-items-description__title-details\">Main Profile<\/span><\/li>\n<li><span class=\"tech-specs-items-description__title\">Video Bit Rate<\/span><span class=\"tech-specs-items-description__title-details\">32 Kbps to 8 Mbps<\/span><\/li>\n<\/ul>\n<ul>\n<li><span class=\"tech-specs-items-description__title--heading\"><b>Audio<\/b><\/span><\/li>\n<li><span class=\"tech-specs-items-description__title\">Audio Compression<\/span><span class=\"tech-specs-items-description__title-details\">G.711\/G.722.1\/G.726\/MP2L2\/PCM<\/span><\/li>\n<li><span class=\"tech-specs-items-description__title\">Audio Bit Rate<\/span><span class=\"tech-specs-items-description__title-details\">64Kbps(G.711)\/16Kbps(G.722.1)\/16Kbps(G.726)\/32-192Kbps(MP2L2)<\/span><\/li>\n<\/ul>\n<ul>\n<li><span class=\"tech-specs-items-description__title--heading\"><b>Image<\/b><\/span><\/li>\n<li><span class=\"tech-specs-items-description__title\">Image Enhancement<\/span><span class=\"tech-specs-items-description__title-details\">BLC, 3D DNR<\/span><\/li>\n<li><span class=\"tech-specs-items-description__title\">Image Setting<\/span><span class=\"tech-specs-items-description__title-details\">Rotate mode, saturation, brightness, contrast, sharpness, AGC and white balance adjustable by client software or web browser<\/span><\/li>\n<li><span class=\"tech-specs-items-description__title\">Day\/Night Switch<\/span><span class=\"tech-specs-items-description__title-details\">Day\/Night\/Auto\/Schedule<\/span><\/li>\n<\/ul>\n<ul>\n<li><span class=\"tech-specs-items-description__title--heading\"><b>\u10d8\u10dc\u10e2\u10d4\u10e0\u10e4\u10d4\u10d8\u10e1\u10d8<\/b><\/span><\/li>\n<li><span class=\"tech-specs-items-description__title\">Communication Interface<\/span><span class=\"tech-specs-items-description__title-details\">1 RJ45 self-adaptive Ethernet port<\/span><\/li>\n<li><span class=\"tech-specs-items-description__title\">Audio<\/span><span class=\"tech-specs-items-description__title-details\">Built-in mic<\/span><\/li>\n<\/ul>\n<ul>\n<li><span class=\"tech-specs-items-description__title--heading\"><b>General<\/b><\/span><\/li>\n<li><span class=\"tech-specs-items-description__title\">Firmware Version<\/span><span class=\"tech-specs-items-description__title-details\">5.5.82<\/span><\/li>\n<li><span class=\"tech-specs-items-description__title\">General Function<\/span><span class=\"tech-specs-items-description__title-details\">One-key reset, anti-flicker, heartbeat, mirror, password protection, privacy mask, watermark<\/span><\/li>\n<li><span class=\"tech-specs-items-description__title\">Startup And Operating Conditions<\/span><span class=\"tech-specs-items-description__title-details\">-30 \u00b0C to 60 \u00b0C (-22 \u00b0F to 140 \u00b0F), humidity: 95% or less (non-condensing)<\/span><\/li>\n<li><span class=\"tech-specs-items-description__title\">Power Supply<\/span><span class=\"tech-specs-items-description__title-details\">12 VDC \u00b1 25%, \u03a6 5.5 mm coaxial power plug; PoE (802.3af, class 0)<\/span><\/li>\n<li><span class=\"tech-specs-items-description__title\">Power Consumption And Current<\/span><span class=\"tech-specs-items-description__title-details\">-Z model: 12 VDC, 0.9 A, max. 11 W; PoE: (802.3af, 36 V to 57 V), 0.4 A to 0.2 A, max. 12.9 W;Without -Z model: 12 VDC, 0.6 A, max. 7 W; PoE:(802.3af, 36 V to 57 V), 0.3 A to 0.1 A, max. 9 W<\/span><\/li>\n<li><span class=\"tech-specs-items-description__title\">Material<\/span><span class=\"tech-specs-items-description__title-details\">Front &amp; Back cover: metal<\/span><\/li>\n<li><span class=\"tech-specs-items-description__title\">Dimensions<\/span><span class=\"tech-specs-items-description__title-details\">Camera: \u03a6 105 mm \u00d7 244.4 mm (4.1&#8243; \u00d7 9.6&#8243;);With package: 315 mm \u00d7 137 mm \u00d7 141 mm (12.4&#8243; \u00d7 5.4&#8243; \u00d7 5.6&#8243;)<\/span><\/li>\n<li><span class=\"tech-specs-items-description__title\">Weight<\/span><span class=\"tech-specs-items-description__title-details\">Camera: Approx. 700 g (1.5 lb.);With package: Approx. 1100 g (2.4 lb.)<\/span><\/li>\n<\/ul>","protected":false},"excerpt":{"rendered":"<p>Camera Image Sensor1\/2.8&#8243; Progressive scan CMOS Min. IlluminationColor: 0.01 Lux @ (F1.2, AGC ON), 0.025 Lux @ (F1.9, AGC ON)<\/p>","protected":false},"featured_media":33156,"comment_status":"open","ping_status":"closed","template":"","meta":[],"product_brand":[],"product_cat":[825],"product_tag":[],"class_list":{"0":"post-33157","1":"product","2":"type-product","3":"status-publish","4":"has-post-thumbnail","6":"product_cat-2mp-ip-cameras","8":"first","9":"outofstock","10":"taxable","11":"shipping-taxable","12":"purchasable","13":"product-type-simple"},"_links":{"self":[{"href":"https:\/\/iterra.ge\/ge\/wp-json\/wp\/v2\/product\/33157","targetHints":{"allow":["GET"]}}],"collection":[{"href":"https:\/\/iterra.ge\/ge\/wp-json\/wp\/v2\/product"}],"about":[{"href":"https:\/\/iterra.ge\/ge\/wp-json\/wp\/v2\/types\/product"}],"replies":[{"embeddable":true,"href":"https:\/\/iterra.ge\/ge\/wp-json\/wp\/v2\/comments?post=33157"}],"version-history":[{"count":1,"href":"https:\/\/iterra.ge\/ge\/wp-json\/wp\/v2\/product\/33157\/revisions"}],"predecessor-version":[{"id":50844,"href":"https:\/\/iterra.ge\/ge\/wp-json\/wp\/v2\/product\/33157\/revisions\/50844"}],"wp:featuredmedia":[{"embeddable":true,"href":"https:\/\/iterra.ge\/ge\/wp-json\/wp\/v2\/media\/33156"}],"wp:attachment":[{"href":"https:\/\/iterra.ge\/ge\/wp-json\/wp\/v2\/media?parent=33157"}],"wp:term":[{"taxonomy":"product_brand","embeddable":true,"href":"https:\/\/iterra.ge\/ge\/wp-json\/wp\/v2\/product_brand?post=33157"},{"taxonomy":"product_cat","embeddable":true,"href":"https:\/\/iterra.ge\/ge\/wp-json\/wp\/v2\/product_cat?post=33157"},{"taxonomy":"product_tag","embeddable":true,"href":"https:\/\/iterra.ge\/ge\/wp-json\/wp\/v2\/product_tag?post=33157"}],"curies":[{"name":"wp","href":"https:\/\/api.w.org\/{rel}","templated":true}]}}