{"id":33599,"date":"2025-06-12T10:02:23","date_gmt":"2025-06-12T06:02:23","guid":{"rendered":"https:\/\/iterra.ge\/product\/%e1%83%99%e1%83%90%e1%83%9b%e1%83%94%e1%83%a0%e1%83%90-%e1%83%90%e1%83%9c%e1%83%90%e1%83%9a%e1%83%9d%e1%83%92%e1%83%98%e1%83%a3%e1%83%a0%e1%83%98-ae-vc222t-its_2-1mm%e1%83%a1%e1%83%90%e1%83%90\/"},"modified":"2026-02-25T00:00:48","modified_gmt":"2026-02-25T00:00:48","slug":"%e1%83%99%e1%83%90%e1%83%9b%e1%83%94%e1%83%a0%e1%83%90-%e1%83%90%e1%83%9c%e1%83%90%e1%83%9a%e1%83%9d%e1%83%92%e1%83%98%e1%83%a3%e1%83%a0%e1%83%98-ae-vc222t-its_2-1mm%e1%83%a1%e1%83%90%e1%83%90","status":"publish","type":"product","link":"https:\/\/iterra.ge\/ge\/product\/%e1%83%99%e1%83%90%e1%83%9b%e1%83%94%e1%83%a0%e1%83%90-%e1%83%90%e1%83%9c%e1%83%90%e1%83%9a%e1%83%9d%e1%83%92%e1%83%98%e1%83%a3%e1%83%a0%e1%83%98-ae-vc222t-its_2-1mm%e1%83%a1%e1%83%90%e1%83%90\/","title":{"rendered":"\u10d9\u10d0\u10db\u10d4\u10e0\u10d0 \u10d0\u10dc\u10d0\u10da\u10dd\u10d2\u10d8\u10e3\u10e0\u10d8 AE-VC222T-ITS_2.1mm,\u10e1\u10d0\u10d0\u10d5\u10e2\u10dd\u10db\u10dd\u10d1\u10d8\u10da\u10dd \u10e1\u10d8\u10e1\u10e2\u10d4\u10db\u10d4\u10d1\u10d8\u10e1\u10d7\u10d5\u10d8\u10e1"},"content":{"rendered":"<ul>\n<li><span class=\"tech-specs-items-description__title--heading\"><b>Camera<\/b><\/span><\/li>\n<li><span class=\"tech-specs-items-description__title\">Shutter Speed<\/span><span class=\"tech-specs-items-description__title-details\">1\/25 s to 1\/50,000 s<\/span><\/li>\n<li><span class=\"tech-specs-items-description__title\">Day &amp; Night<\/span><span class=\"tech-specs-items-description__title-details\">Electronic<\/span><\/li>\n<\/ul>\n<ul>\n<li><span class=\"tech-specs-items-description__title--heading\"><b>\u10dd\u10d1\u10d8\u10d4\u10e5\u10e2\u10d8\u10d5\u10d8<\/b><\/span><\/li>\n<li><span class=\"tech-specs-items-description__title\">Lens Mount<\/span><span class=\"tech-specs-items-description__title-details\">M12<\/span><\/li>\n<\/ul>\n<ul>\n<li><span class=\"tech-specs-items-description__title--heading\"><b>\u10d5\u10d8\u10d3\u10d4\u10dd<\/b><\/span><\/li>\n<li><span class=\"tech-specs-items-description__title\">Frame Rate<\/span><span class=\"tech-specs-items-description__title-details\">1080P@25 fps<\/span><\/li>\n<\/ul>\n<ul>\n<li><span class=\"tech-specs-items-description__title--heading\"><b>Image<\/b><\/span><\/li>\n<li><span class=\"tech-specs-items-description__title\">SNR<\/span><span class=\"tech-specs-items-description__title-details\">42 dB<\/span><\/li>\n<\/ul>\n<ul>\n<li><span class=\"tech-specs-items-description__title--heading\"><b>\u10d8\u10dc\u10e2\u10d4\u10e0\u10e4\u10d4\u10d8\u10e1\u10d8<\/b><\/span><\/li>\n<li><span class=\"tech-specs-items-description__title\">Video Output<\/span><span class=\"tech-specs-items-description__title-details\">1, Vp-p Composite Output (aviation plug)<\/span><\/li>\n<li><span class=\"tech-specs-items-description__title\">Built-In Microphone<\/span><span class=\"tech-specs-items-description__title-details\">\u10d3\u10d8\u10d0\u10ee<\/span><\/li>\n<li><span class=\"tech-specs-items-description__title\">Audio<\/span><span class=\"tech-specs-items-description__title-details\">\n<p>Audio output: 1, aviation plug (linear resistance: 1 k\u03a9)<\/p>\n<p>Audio Input: Build-in MIC<\/p>\n<p><\/span><\/li>\n<li><span class=\"tech-specs-items-description__title\">Interface Style<\/span><span class=\"tech-specs-items-description__title-details\">\n<p>Aviation Pin Order<\/p>\n<p>1: Video, 2: Audio, 3: Power, 4: Ground<\/p>\n<p><\/span><\/li>\n<\/ul>\n<ul>\n<li><span class=\"tech-specs-items-description__title--heading\"><b>Supplement Light Unit<\/b><\/span><\/li>\n<li><span class=\"tech-specs-items-description__title\">Power Supply<\/span><span class=\"tech-specs-items-description__title-details\">9 to 16 V DC<\/span><\/li>\n<li><span class=\"tech-specs-items-description__title\">Power Consumption<\/span><span class=\"tech-specs-items-description__title-details\">Max. 2.2 W<\/span><\/li>\n<\/ul>\n<ul>\n<li><span class=\"tech-specs-items-description__title--heading\"><b>General<\/b><\/span><\/li>\n<li><span class=\"tech-specs-items-description__title\">Camera Dimension<\/span><span class=\"tech-specs-items-description__title-details\">74 mm \u00d7 64.5 mm \u00d7 71.1 mm (2.91&#8243; \u00d7 2.54&#8243; \u00d7 2.80&#8243;)<\/span><\/li>\n<li><span class=\"tech-specs-items-description__title\">Startup And Operating Conditions<\/span><span class=\"tech-specs-items-description__title-details\">-40 \u00b0C to 75 \u00b0C (-40 \u00b0F to 167 \u00b0F), 90&gt;#\/span###<\/span><\/li>\n<\/ul>","protected":false},"excerpt":{"rendered":"<p>Camera Shutter Speed1\/25 s to 1\/50,000 s Day &amp; NightElectronic Lens Lens MountM12 Video Frame Rate1080P@25 fps Image SNR42 dB<\/p>","protected":false},"featured_media":33598,"comment_status":"open","ping_status":"closed","template":"","meta":[],"product_brand":[],"product_cat":[820],"product_tag":[],"class_list":{"0":"post-33599","1":"product","2":"type-product","3":"status-publish","4":"has-post-thumbnail","6":"product_cat-wall-mounting-cabinets","8":"first","9":"instock","10":"taxable","11":"shipping-taxable","12":"purchasable","13":"product-type-simple"},"_links":{"self":[{"href":"https:\/\/iterra.ge\/ge\/wp-json\/wp\/v2\/product\/33599","targetHints":{"allow":["GET"]}}],"collection":[{"href":"https:\/\/iterra.ge\/ge\/wp-json\/wp\/v2\/product"}],"about":[{"href":"https:\/\/iterra.ge\/ge\/wp-json\/wp\/v2\/types\/product"}],"replies":[{"embeddable":true,"href":"https:\/\/iterra.ge\/ge\/wp-json\/wp\/v2\/comments?post=33599"}],"version-history":[{"count":1,"href":"https:\/\/iterra.ge\/ge\/wp-json\/wp\/v2\/product\/33599\/revisions"}],"predecessor-version":[{"id":50804,"href":"https:\/\/iterra.ge\/ge\/wp-json\/wp\/v2\/product\/33599\/revisions\/50804"}],"wp:featuredmedia":[{"embeddable":true,"href":"https:\/\/iterra.ge\/ge\/wp-json\/wp\/v2\/media\/33598"}],"wp:attachment":[{"href":"https:\/\/iterra.ge\/ge\/wp-json\/wp\/v2\/media?parent=33599"}],"wp:term":[{"taxonomy":"product_brand","embeddable":true,"href":"https:\/\/iterra.ge\/ge\/wp-json\/wp\/v2\/product_brand?post=33599"},{"taxonomy":"product_cat","embeddable":true,"href":"https:\/\/iterra.ge\/ge\/wp-json\/wp\/v2\/product_cat?post=33599"},{"taxonomy":"product_tag","embeddable":true,"href":"https:\/\/iterra.ge\/ge\/wp-json\/wp\/v2\/product_tag?post=33599"}],"curies":[{"name":"wp","href":"https:\/\/api.w.org\/{rel}","templated":true}]}}