{"id":33738,"date":"2025-06-12T10:05:28","date_gmt":"2025-06-12T06:05:28","guid":{"rendered":"https:\/\/iterra.ge\/product\/%e1%83%99%e1%83%90%e1%83%9b%e1%83%94%e1%83%a0%e1%83%90ipptzhikvisionds-2de7a232imw-aebt52mpdomeir200m32xo-zdarkfighter-acusensemicro-sd\/"},"modified":"2026-02-25T00:00:49","modified_gmt":"2026-02-25T00:00:49","slug":"%e1%83%99%e1%83%90%e1%83%9b%e1%83%94%e1%83%a0%e1%83%90ipptzhikvisionds-2de7a232imw-aebt52mpdomeir200m32xo-zdarkfighter-acusensemicro-sd","status":"publish","type":"product","link":"https:\/\/iterra.ge\/ge\/product\/%e1%83%99%e1%83%90%e1%83%9b%e1%83%94%e1%83%a0%e1%83%90ipptzhikvisionds-2de7a232imw-aebt52mpdomeir200m32xo-zdarkfighter-acusensemicro-sd\/","title":{"rendered":"\u10d9\u10d0\u10db\u10d4\u10e0\u10d0,IP,PTZ,Hikvision,DS-2DE7A232IMW-AEB(T5),2mp,Dome,IR200m,32xO.Z,DarkFighter\/AcuSense,Micro SD"},"content":{"rendered":"<p>\u10d9\u10d0\u10db\u10d4\u10e0\u10d0<br \/>\u10d2\u10d0\u10db\u10dd\u10e1\u10d0\u10ee\u10e3\u10da\u10d4\u10d1\u10d8\u10e1 \u10e1\u10d4\u10dc\u10e1\u10dd\u10e0\u10d8 1\/2.8&#8243; \u10de\u10e0\u10dd\u10d2\u10e0\u10d4\u10e1\u10e3\u10da\u10d8 \u10e1\u10d9\u10d0\u10dc\u10d8\u10e0\u10d4\u10d1\u10d0 CMOS<br \/>\u10db\u10d0\u10e5\u10e1. \u10d2\u10d0\u10e0\u10e9\u10d4\u10d5\u10d0\u10d3\u10dd\u10d1\u10d0 1920 \u00d7 1080<br \/>\u10db\u10d8\u10dc. \u10d2\u10d0\u10dc\u10d0\u10d7\u10d4\u10d1\u10d8\u10e1 \u10e4\u10d4\u10e0\u10d8: 0.005 Lux @ (F1.6, AGC ON), B\/W: 0.001 Lux@(F1.6, AGC ON), 0 Lux IR<br \/>\u10e9\u10d0\u10db\u10d9\u10d4\u10e2\u10d8\u10e1 \u10e1\u10d8\u10e9\u10e5\u10d0\u10e0\u10d4 1\/1 \u10ec\u10db-\u10d3\u10d0\u10dc 1\/30000 \u10ec\u10db-\u10db\u10d3\u10d4<br \/>\u10d3\u10e6\u10d4 \u10d3\u10d0 \u10e6\u10d0\u10db\u10d4 IR \u10ed\u10e0\u10d8\u10e1 \u10e4\u10d8\u10da\u10e2\u10e0\u10d8<br \/>Zoom32x \u10dd\u10de\u10e2\u10d8\u10d9\u10e3\u10e0\u10d8, 16x \u10ea\u10d8\u10e4\u10e0\u10e3\u10da\u10d8<br \/>\u10dc\u10d4\u10da\u10d8 \u10e9\u10d0\u10db\u10d9\u10d4\u10e2\u10d8 \u10d3\u10d8\u10d0\u10ee<br \/>\u10d3\u10dd\u10e0\u10d8<br \/>\u10d2\u10d0\u10db\u10dd\u10d5\u10da\u10d4\u10dc\u10d0 (25px\/m): 2046,9 \u10db<\/p>\n<p>\u10d3\u10d0\u10d9\u10d5\u10d8\u10e0\u10d5\u10d4\u10d1\u10d0 (63px\/m): 812,3 \u10db<\/p>\n<p>\u10d0\u10db\u10dd\u10ea\u10dc\u10dd\u10d1\u10d0 (125px\/m): 409,4 \u10db<\/p>\n<p>\u10d8\u10d3\u10d4\u10dc\u10e2\u10d8\u10e4\u10d8\u10ea\u10d8\u10e0\u10d4\u10d1\u10d0 (250 \u10de\u10d8\u10e5\u10e1\/\u10db): 204,7 \u10db<\/p>\n<p>\u10dd\u10d1\u10d8\u10d4\u10e5\u10e2\u10d8\u10d5\u10d8<br \/>\u10e4\u10dd\u10d9\u10e3\u10e1\u10e3\u10e0\u10d8 \u10e1\u10d8\u10d2\u10e0\u10eb\u10d4 4.8 \u10db\u10db-\u10d3\u10d0\u10dc 153 \u10db\u10db-\u10db\u10d3\u10d4<br \/>FOV<br \/>\u10f0\u10dd\u10e0\u10d8\u10d6\u10dd\u10dc\u10e2\u10d0\u10da\u10e3\u10e0\u10d8 \u10ee\u10d4\u10d3\u10d5\u10d8\u10e1 \u10d5\u10d4\u10da\u10d8: 50,8\u00b0-\u10d3\u10d0\u10dc 2,6\u00b0-\u10db\u10d3\u10d4 (\u10e4\u10d0\u10e0\u10d7\u10dd \u10e2\u10d4\u10da\u10d4\u10d5\u10d8\u10d6\u10d8\u10d0),<\/p>\n<p>\u10d5\u10d4\u10e0\u10e2\u10d8\u10d9\u10d0\u10da\u10e3\u10e0\u10d8 \u10ee\u10d4\u10d3\u10d5\u10d8\u10e1 \u10d5\u10d4\u10da\u10d8: 29,4\u00b0-\u10d3\u10d0\u10dc 1,5\u00b0-\u10db\u10d3\u10d4 (\u10e4\u10d0\u10e0\u10d7\u10dd \u10e2\u10d4\u10da\u10d4\u10d5\u10d8\u10d6\u10d8\u10d0),<\/p>\n<p>\u10d3\u10d8\u10d0\u10d2\u10dd\u10dc\u10d0\u10da\u10e3\u10e0\u10d8 \u10ee\u10d4\u10d3\u10d5\u10d8\u10e1 \u10d5\u10d4\u10da\u10d8:57,4\u00b0-\u10d3\u10d0\u10dc 3\u00b0-\u10db\u10d3\u10d4 (\u10e4\u10d0\u10e0\u10d7\u10dd \u10e2\u10d4\u10da\u10d4\u10d5\u10d8\u10d6\u10d8\u10d0)<\/p>\n<p>FocusAuto, \u10dc\u10d0\u10ee\u10d4\u10d5\u10e0\u10d0\u10d3 \u10d0\u10d5\u10e2\u10dd\u10db\u10d0\u10e2\u10e3\u10e0\u10d8, \u10db\u10d4\u10e5\u10d0\u10dc\u10d8\u10d9\u10e3\u10e0\u10d8<br \/>\u10d3\u10d8\u10d0\u10e4\u10e0\u10d0\u10d2\u10db\u10d0 \u10db\u10d0\u10e5\u10e1. F1.6<br \/>\u10db\u10d0\u10e1\u10e8\u10e2\u10d0\u10d1\u10d8\u10e0\u10d4\u10d1\u10d8\u10e1 \u10e1\u10d8\u10e9\u10e5\u10d0\u10e0\u10d4 \u10d3\u10d0\u10d0\u10ee\u10da. 4.8 \u10ec\u10db<br \/>\u10d8\u10da\u10e3\u10db\u10d8\u10dc\u10d0\u10e2\u10dd\u10e0\u10d8<br \/>\u10d3\u10d0\u10dc\u10d0\u10db\u10d0\u10e2\u10d8 Light TypeIR<br \/>\u10d3\u10d0\u10db\u10d0\u10e2\u10d4\u10d1\u10d8\u10d7\u10d8 \u10e1\u10d8\u10dc\u10d0\u10d7\u10da\u10d8\u10e1 \u10d3\u10d8\u10d0\u10de\u10d0\u10d6\u10dd\u10dc\u10d8IR \u10db\u10d0\u10dc\u10eb\u10d8\u10da\u10d8: 200 \u10db-\u10db\u10d3\u10d4<br \/>PTZ<br \/>\u10db\u10dd\u10eb\u10e0\u10d0\u10dd\u10d1\u10d8\u10e1 \u10d3\u10d8\u10d0\u10de\u10d0\u10d6\u10dd\u10dc\u10d8 (\u10de\u10d0\u10dc)360\u00b0<br \/>\u10db\u10dd\u10eb\u10e0\u10d0\u10dd\u10d1\u10d8\u10e1 \u10d3\u10d8\u10d0\u10de\u10d0\u10d6\u10dd\u10dc\u10d8 (\u10d3\u10d0\u10ee\u10e0\u10d8\u10da\u10dd\u10d1\u10d0) -15\u00b0-\u10d3\u10d0\u10dc 90\u00b0-\u10db\u10d3\u10d4 (\u10d0\u10d5\u10e2\u10dd\u10db\u10d0\u10e2\u10e3\u10e0\u10d8 \u10d2\u10d0\u10d3\u10d0\u10d1\u10e0\u10e3\u10dc\u10d4\u10d1\u10d0)<br \/>\u10de\u10d0\u10dc SpeedPan \u10e1\u10d8\u10e9\u10e5\u10d0\u10e0\u10d4: \u10e0\u10d4\u10d2\u10e3\u10da\u10d8\u10e0\u10d4\u10d1\u10d0\u10d3\u10d8 0,1\u00b0-\u10d3\u10d0\u10dc 160\u00b0\/\u10ec\u10db-\u10db\u10d3\u10d4; \u10ec\u10d8\u10dc\u10d0\u10e1\u10ec\u10d0\u10e0 \u10d3\u10d0\u10e7\u10d4\u10dc\u10d4\u10d1\u10e3\u10da\u10d8 \u10e1\u10d8\u10e9\u10e5\u10d0\u10e0\u10d4: 240\u00b0\/\u10ec\u10db<br \/>\u10d3\u10d0\u10ee\u10e0\u10d8\u10e1 \u10e1\u10d8\u10e9\u10e5\u10d0\u10e0\u10d4 \u10d3\u10d0\u10ee\u10e0\u10d8\u10e1 \u10e1\u10d8\u10e9\u10e5\u10d0\u10e0\u10d4: \u10e0\u10d4\u10d2\u10e3\u10da\u10d8\u10e0\u10d4\u10d1\u10d0\u10d3\u10d8 0,1\u00b0-\u10d3\u10d0\u10dc 120\u00b0\/\u10ec\u10db-\u10db\u10d3\u10d4, \u10ec\u10d8\u10dc\u10d0\u10e1\u10ec\u10d0\u10e0 \u10d3\u10d0\u10e7\u10d4\u10dc\u10d4\u10d1\u10e3\u10da\u10d8 \u10e1\u10d8\u10e9\u10e5\u10d0\u10e0\u10d4 200\u00b0\/\u10ec\u10db<br \/>\u10de\u10e0\u10dd\u10de\u10dd\u10e0\u10ea\u10d8\u10e3\u10da\u10d8 \u10d9\u10d8<br \/>\u10ec\u10d8\u10dc\u10d0\u10e1\u10ec\u10d0\u10e0 \u10d3\u10d0\u10e7\u10d4\u10dc\u10d4\u10d1\u10e3\u10da\u10d8 300<br \/>\u10ec\u10d8\u10dc\u10d0\u10e1\u10ec\u10d0\u10e0 \u10d3\u10d0\u10e7\u10d4\u10dc\u10d4\u10d1\u10e3\u10da\u10d8 \u10d2\u10d0\u10e7\u10d8\u10dc\u10d5\u10d0 \u10d3\u10d8\u10d0\u10ee<br \/>Patrol Scan8 \u10de\u10d0\u10e2\u10e0\u10e3\u10da\u10d8, 32-\u10db\u10d3\u10d4 \u10ec\u10d8\u10dc\u10d0\u10e1\u10ec\u10d0\u10e0 \u10d3\u10d0\u10e7\u10d4\u10dc\u10d4\u10d1\u10d0 \u10d7\u10d8\u10d7\u10dd\u10d4\u10e3\u10da\u10d8 \u10de\u10d0\u10e2\u10e0\u10e3\u10da\u10d8\u10e1\u10d7\u10d5\u10d8\u10e1<br \/>Pattern Scan4 \u10dc\u10d8\u10db\u10e3\u10e8\u10d8\u10e1 \u10e1\u10d9\u10d0\u10dc\u10d8\u10e0\u10d4\u10d1\u10d0<br \/>\u10de\u10d0\u10e0\u10d9\u10d8 ActionPreset, \u10dc\u10d8\u10db\u10e3\u10e8\u10d8\u10e1 \u10e1\u10d9\u10d0\u10dc\u10d8\u10e0\u10d4\u10d1\u10d0, \u10d0\u10d5\u10e2\u10dd\u10db\u10d0\u10e2\u10e3\u10e0\u10d8 \u10e1\u10d9\u10d0\u10dc\u10d8\u10e0\u10d4\u10d1\u10d0, \u10d3\u10d0\u10ee\u10e0\u10d8\u10e1 \u10e1\u10d9\u10d0\u10dc\u10d8\u10e0\u10d4\u10d1\u10d0, \u10e8\u10d4\u10db\u10d7\u10ee\u10d5\u10d4\u10d5\u10d8\u10d7\u10d8 \u10e1\u10d9\u10d0\u10dc\u10d8\u10e0\u10d4\u10d1\u10d0, \u10e9\u10d0\u10e0\u10e9\u10dd\u10e1 \u10e1\u10d9\u10d0\u10dc\u10d8\u10e0\u10d4\u10d1\u10d0, \u10de\u10d0\u10dc\u10dd\u10e0\u10d0\u10db\u10d8\u10e1 \u10e1\u10d9\u10d0\u10dc\u10d8\u10e0\u10d4\u10d1\u10d0<br \/>3D \u10de\u10dd\u10d6\u10d8\u10ea\u10d8\u10dd\u10dc\u10d8\u10e0\u10d4\u10d1\u10d0 \u10d3\u10d8\u10d0\u10ee<br \/>PTZ \u10e1\u10e2\u10d0\u10e2\u10e3\u10e1\u10d8\u10e1 \u10e9\u10d5\u10d4\u10dc\u10d4\u10d1\u10d0 \u10d3\u10d8\u10d0\u10ee<br \/>\u10d3\u10d0\u10d2\u10d4\u10d2\u10db\u10d8\u10da\u10d8 TaskPreset, \u10dc\u10d8\u10db\u10e3\u10e8\u10d8\u10e1 \u10e1\u10d9\u10d0\u10dc\u10d8\u10e0\u10d4\u10d1\u10d0, \u10e1\u10d0\u10de\u10d0\u10e2\u10e0\u10e3\u10da\u10dd \u10e1\u10d9\u10d0\u10dc\u10d8\u10e0\u10d4\u10d1\u10d0, \u10d0\u10d5\u10e2\u10dd\u10db\u10d0\u10e2\u10e3\u10e0\u10d8 \u10e1\u10d9\u10d0\u10dc\u10d8\u10e0\u10d4\u10d1\u10d0, \u10d3\u10d0\u10ee\u10e0\u10d8\u10da\u10dd\u10d1\u10d8\u10e1 \u10e1\u10d9\u10d0\u10dc\u10d8\u10e0\u10d4\u10d1\u10d0, \u10e8\u10d4\u10db\u10d7\u10ee\u10d5\u10d4\u10d5\u10d8\u10d7\u10d8 \u10e1\u10d9\u10d0\u10dc\u10d8\u10e0\u10d4\u10d1\u10d0, \u10d9\u10d0\u10d3\u10e0\u10d4\u10d1\u10d8\u10e1 \u10e1\u10d9\u10d0\u10dc\u10d8\u10e0\u10d4\u10d1\u10d0, \u10de\u10d0\u10dc\u10dd\u10e0\u10d0\u10db\u10d8\u10e1 \u10e1\u10d9\u10d0\u10dc\u10d8\u10e0\u10d4\u10d1\u10d0, \u10d2\u10e3\u10db\u10d1\u10d0\u10d7\u10d8\u10e1 \u10d2\u10d0\u10d3\u10d0\u10e2\u10d5\u10d8\u10e0\u10d7\u10d5\u10d0, \u10d2\u10e3\u10db\u10d1\u10d0\u10d7\u10d8\u10e1 \u10e0\u10d4\u10d2\u10e3\u10da\u10d8\u10e0\u10d4\u10d1\u10d0, aux \u10d2\u10d0\u10db\u10dd\u10db\u10d0\u10d5\u10d0\u10da\u10d8<br \/>\u10d2\u10d0\u10db\u10dd\u10e0\u10d7\u10d5\u10d8\u10e1 \u10db\u10d4\u10ee\u10e1\u10d8\u10d4\u10e0\u10d4\u10d1\u10d0 \u10d3\u10d8\u10d0\u10ee<br \/>\u10d5\u10d8\u10d3\u10d4\u10dd<br \/>\u10db\u10d7\u10d0\u10d5\u10d0\u10e0\u10d8 \u10dc\u10d0\u10d9\u10d0\u10d3\u10d8<br \/>50 Hz: 50 fps (1920 \u00d7 1080, 1280 \u00d7 960, 1280 \u00d7 720),<\/p>\n<p>60 Hz: 60 fps (1920 \u00d7 1080, 1280 \u00d7 960, 1280 \u00d7 720)<\/p>\n<p>\u10e5\u10d5\u10d4-\u10dc\u10d0\u10d9\u10d0\u10d3\u10d8<br \/>50 Hz: 25 fps (704 \u00d7 576, 640 \u00d7 480, 352 \u00d7 288);<\/p>\n<p>60 Hz: 30 fps (704 \u00d7 480, 640 \u00d7 480, 352 \u00d7 240)<\/p>\n<p>\u10d5\u10d8\u10d3\u10d4\u10dd \u10e8\u10d4\u10d9\u10e3\u10db\u10e8\u10d5\u10d0<br \/>\u10eb\u10d8\u10e0\u10d8\u10d7\u10d0\u10d3\u10d8 \u10dc\u10d0\u10d9\u10d0\u10d3\u10d8: H.265+\/H.265\/H.264+\/H.264<\/p>\n<p>\u10e5\u10d5\u10d4 \u10dc\u10d0\u10d9\u10d0\u10d3\u10d8: H.265\/H.264\/MJPEG<\/p>\n<p>\u10db\u10d4\u10e1\u10d0\u10db\u10d4 \u10dc\u10d0\u10d9\u10d0\u10d3\u10d8: H.265\/H.264\/MJPEG<\/p>\n<p>\u10d5\u10d8\u10d3\u10d4\u10dd \u10d1\u10d8\u10e2\u10d8\u10e1 \u10e1\u10d8\u10ee\u10e8\u10d8\u10e0\u10d4 32 kbps-\u10d3\u10d0\u10dc 16384 kbps-\u10db\u10d3\u10d4<br \/>H.264 TypeBaseline \u10de\u10e0\u10dd\u10e4\u10d8\u10da\u10d8\/\u10db\u10d7\u10d0\u10d5\u10d0\u10e0\u10d8 \u10de\u10e0\u10dd\u10e4\u10d8\u10da\u10d8\/\u10db\u10d0\u10e6\u10d0\u10da\u10d8 \u10de\u10e0\u10dd\u10e4\u10d8\u10da\u10d8<br \/>H.265 TypeMain \u10de\u10e0\u10dd\u10e4\u10d8\u10da\u10d8<br \/>\u10db\u10d0\u10e1\u10e8\u10e2\u10d0\u10d1\u10d8\u10e0\u10d4\u10d1\u10d0\u10d3\u10d8 \u10d5\u10d8\u10d3\u10d4\u10dd \u10d9\u10dd\u10d3\u10d8\u10e0\u10d4\u10d1\u10d0 (SVC)H.264 \u10d3\u10d0 H.265 \u10d9\u10dd\u10d3\u10d8\u10e0\u10d4\u10d1\u10d0<br \/>\u10d8\u10dc\u10e2\u10d4\u10e0\u10d4\u10e1\u10d8\u10e1 \u10e0\u10d4\u10d2\u10d8\u10dd\u10dc\u10d8 (ROI)8 \u10e4\u10d8\u10e5\u10e1\u10d8\u10e0\u10d4\u10d1\u10e3\u10da\u10d8 \u10e0\u10d4\u10d2\u10d8\u10dd\u10dc\u10d4\u10d1\u10d8 \u10d7\u10d8\u10d7\u10dd\u10d4\u10e3\u10da\u10d8 \u10dc\u10d0\u10d9\u10d0\u10d3\u10d8\u10e1\u10d7\u10d5\u10d8\u10e1<br \/>\u10d0\u10e3\u10d3\u10d8\u10dd<br \/>\u10d0\u10e3\u10d3\u10d8\u10dd \u10e8\u10d4\u10d9\u10e3\u10db\u10e8\u10d5\u10d0G.711alaw, G.711ulaw, G.722.1, G.726, MP2L2, AAC, PCM<br \/>\u10d0\u10e3\u10d3\u10d8\u10dd \u10d1\u10d8\u10e2\u10d8\u10e1 \u10e1\u10d8\u10ee\u10e8\u10d8\u10e0\u10d4 64 \u10d9\u10d1\u10d8\u10e2\u10d8\/\u10ec\u10db (G.711)\/16 \u10d9\u10d1\u10d8\u10e2\u10d8\/\u10ec\u10db (G.722.1)\/16 \u10d9\u10d1\u10d8\u10e2\u10d8\/\u10ec\u10db (G.726)\/32-192 \u10d9\u10d1\u10d8\u10e2\u10d8\/\u10ec\u10db (MP2L2)\/16-64 \u10d9\u10d1\u10d8\u10e2\u10d8\/\u10ec\u10db (AAC)<br \/>\u10d0\u10e3\u10d3\u10d8\u10dd \u10e8\u10d4\u10e0\u10e9\u10d4\u10d5\u10d8\u10e1 \u10e1\u10d8\u10ee\u10e8\u10d8\u10e0\u10d4 8 kHz\/16 kHz\/32 kHz\/48 kHz<br \/>\u10d2\u10d0\u10e0\u10d4\u10db\u10dd\u10e1 \u10ee\u10db\u10d0\u10e3\u10e0\u10d8\u10e1 \u10e4\u10d8\u10da\u10e2\u10e0\u10d0\u10ea\u10d8\u10d0 \u10d3\u10d8\u10d0\u10ee<br \/>\u10e5\u10e1\u10d4\u10da\u10d8<br \/>\u10de\u10e0\u10dd\u10e2\u10dd\u10d9\u10dd\u10da\u10d4\u10d1\u10d8 IPv4\/IPv6, HTTP, HTTPS, 802.1x, QoS, FTP, SMTP, UPnP, SNMP, DNS, DDNS, NTP, RTSP, RTCP, RTP, TCP\/IP, UDP, IGMP, ICMP, DHCP, PPPoE, Bonjour<br \/>\u10d4\u10e0\u10d7\u10d3\u10e0\u10dd\u10e3\u10da\u10d8 \u10de\u10d8\u10e0\u10d3\u10d0\u10de\u10d8\u10e0\u10d8 \u10ee\u10d4\u10d3\u10d5\u10d0 20 \u10d0\u10e0\u10ee\u10d0\u10db\u10d3\u10d4<br \/>APIO \u10e6\u10d8\u10d0 \u10e5\u10e1\u10d4\u10da\u10d8\u10e1 \u10d5\u10d8\u10d3\u10d4\u10dd \u10d8\u10dc\u10e2\u10d4\u10e0\u10e4\u10d4\u10d8\u10e1\u10d8 (\u10d5\u10d4\u10e0\u10e1\u10d8\u10d0 19.12, \u10de\u10e0\u10dd\u10e4\u10d8\u10da\u10d8 S, \u10de\u10e0\u10dd\u10e4\u10d8\u10da\u10d8 G, \u10de\u10e0\u10dd\u10e4\u10d8\u10da\u10d8 T), ISAPI, SDK, ISUP<br \/>\u10db\u10dd\u10db\u10ee\u10db\u10d0\u10e0\u10d4\u10d1\u10d4\u10da\u10d8\/HostUp 32 \u10db\u10dd\u10db\u10ee\u10db\u10d0\u10e0\u10d4\u10d1\u10d4\u10da\u10e1, 3 \u10db\u10dd\u10db\u10ee\u10db\u10d0\u10e0\u10d4\u10d1\u10da\u10d8\u10e1 \u10d3\u10dd\u10dc\u10d4: \u10d0\u10d3\u10db\u10d8\u10dc\u10d8\u10e1\u10e2\u10e0\u10d0\u10e2\u10dd\u10e0\u10d8, \u10dd\u10de\u10d4\u10e0\u10d0\u10e2\u10dd\u10e0\u10d8 \u10d3\u10d0 \u10db\u10dd\u10db\u10ee\u10db\u10d0\u10e0\u10d4\u10d1\u10d4\u10da\u10d8<br \/>\u10e3\u10e1\u10d0\u10e4\u10e0\u10d7\u10ee\u10dd\u10d4\u10d1\u10d8\u10e1 \u10de\u10d0\u10e0\u10dd\u10da\u10d8\u10e1 \u10d3\u10d0\u10ea\u10d5\u10d0, \u10e0\u10d7\u10e3\u10da\u10d8 \u10de\u10d0\u10e0\u10dd\u10da\u10d8, HTTPS \u10d3\u10d0\u10e8\u10d8\u10e4\u10d5\u10e0\u10d0, 802.1X \u10d0\u10d5\u10e2\u10dd\u10e0\u10d8\u10d6\u10d0\u10ea\u10d8\u10d0 (EAP-TLS, EAP-LEAP, EAP-MD5), \u10ec\u10e7\u10da\u10d8\u10e1 \u10dc\u10d8\u10e8\u10d0\u10dc\u10d8, IP \u10db\u10d8\u10e1\u10d0\u10db\u10d0\u10e0\u10d7\u10d8\u10e1 \u10e4\u10d8\u10da\u10e2\u10e0\u10d8, \u10eb\u10d8\u10e0\u10d8\u10d7\u10d0\u10d3\u10d8 \u10d3\u10d0 \u10d3\u10d0\u10d8\u10ef\u10d4\u10e1\u10e2\u10d8\u10e1 \u10d0\u10d5\u10e2\u10dd\u10e0\u10d8\u10d6\u10d0\u10ea\u10d8\u10d0 HTTP\/HTTPS-\u10e1\u10d7\u10d5\u10d8\u10e1, RTP\/RTSP HTTPS-\u10d6\u10d4, \u10d3\u10e0\u10dd\u10d8\u10e1 \u10d0\u10db\u10dd\u10ec\u10e3\u10e0\u10d5\u10d8\u10e1 \u10de\u10d0\u10e0\u10d0\u10db\u10d4\u10e2\u10e0\u10d4\u10d1\u10d8\u10e1 \u10d9\u10dd\u10dc\u10e2\u10e0\u10dd\u10da\u10d8. , \u10e3\u10e1\u10d0\u10e4\u10e0\u10d7\u10ee\u10dd\u10d4\u10d1\u10d8\u10e1 \u10d0\u10e3\u10d3\u10d8\u10e2\u10d8\u10e1 \u10df\u10e3\u10e0\u10dc\u10d0\u10da\u10d8, TLS 1.2, TLS 1.3, \u10f0\u10dd\u10e1\u10e2\u10d8\u10e1 \u10d0\u10d5\u10e2\u10dd\u10e0\u10d8\u10d6\u10d0\u10ea\u10d8\u10d0 (MAC \u10db\u10d8\u10e1\u10d0\u10db\u10d0\u10e0\u10d7\u10d8)<br \/>\u10e5\u10e1\u10d4\u10da\u10d8\u10e1 StorageNAS (NFS, SMB\/CIFS), \u10e5\u10e1\u10d4\u10da\u10d8\u10e1 \u10d0\u10d5\u10e2\u10dd\u10db\u10d0\u10e2\u10e3\u10e0\u10d8 \u10e8\u10d4\u10d5\u10e1\u10d4\u10d1\u10d0 (ANR)<br \/>ClientiVMS-4200, HikCentral Pro, Hik-Connect<br \/>\u10d5\u10d4\u10d1 \u10d1\u10e0\u10d0\u10e3\u10d6\u10d4\u10e0\u10d8IE11, Chrome 57+, Firefox 52+, Safari 11+<br \/>\u10d2\u10d0\u10db\u10dd\u10e1\u10d0\u10ee\u10e3\u10da\u10d4\u10d1\u10d0<br \/>\u10e1\u10e3\u10e0\u10d0\u10d7\u10d8\u10e1 \u10de\u10d0\u10e0\u10d0\u10db\u10d4\u10e2\u10e0\u10d4\u10d1\u10d8 \u10d2\u10d0\u10ef\u10d4\u10e0\u10d4\u10d1\u10d0, \u10e1\u10d8\u10d9\u10d0\u10e8\u10d9\u10d0\u10e8\u10d4, \u10d9\u10dd\u10dc\u10e2\u10e0\u10d0\u10e1\u10e2\u10d8, \u10e1\u10d8\u10db\u10d9\u10d5\u10d4\u10d7\u10e0\u10d4, \u10db\u10dd\u10db\u10d0\u10e2\u10d4\u10d1\u10d0 \u10d3\u10d0 \u10d7\u10d4\u10d7\u10e0\u10d8 \u10d1\u10d0\u10da\u10d0\u10dc\u10e1\u10d8 \u10e0\u10d4\u10d2\u10e3\u10da\u10d8\u10e0\u10d3\u10d4\u10d1\u10d0 \u10d9\u10da\u10d8\u10d4\u10dc\u10e2\u10d8\u10e1 \u10de\u10e0\u10dd\u10d2\u10e0\u10d0\u10db\u10e3\u10da\u10d8 \u10e3\u10d6\u10e0\u10e3\u10dc\u10d5\u10d4\u10da\u10e7\u10dd\u10e4\u10d8\u10e1 \u10d0\u10dc \u10d5\u10d4\u10d1 \u10d1\u10e0\u10d0\u10e3\u10d6\u10d4\u10e0\u10d8\u10e1 \u10db\u10d8\u10d4\u10e0<br \/>\u10d3\u10e6\u10d4\/\u10e6\u10d0\u10db\u10d8\u10e1 \u10e8\u10d4\u10ea\u10d5\u10da\u10d0 \u10d3\u10e6\u10d4, \u10e6\u10d0\u10db\u10d4, \u10d0\u10d5\u10e2\u10dd\u10db\u10d0\u10e2\u10e3\u10e0\u10d8, \u10d2\u10d0\u10dc\u10e0\u10d8\u10d2\u10d8<br \/>\u10e4\u10d0\u10e0\u10d7\u10dd \u10d3\u10d8\u10dc\u10d0\u10db\u10d8\u10e3\u10e0\u10d8 \u10d3\u10d8\u10d0\u10de\u10d0\u10d6\u10dd\u10dc\u10d8 (WDR) 120 \u10d3\u10d1<br \/>SNR&gt; 52 \u10d3\u10d1<br \/>Defog \u10ea\u10d8\u10e4\u10e0\u10e3\u10da\u10d8 \u10d3\u10dc\u10dd\u10d1\u10d0<br \/>\u10d2\u10d0\u10db\u10dd\u10e1\u10d0\u10ee\u10e3\u10da\u10d4\u10d1\u10d8\u10e1 \u10e1\u10e2\u10d0\u10d1\u10d8\u10da\u10d8\u10d6\u10d0\u10ea\u10d8\u10d0 EIS<br \/>\u10d2\u10d0\u10db\u10dd\u10e1\u10d0\u10ee\u10e3\u10da\u10d4\u10d1\u10d8\u10e1 \u10d2\u10d0\u10e3\u10db\u10ef\u10dd\u10d1\u10d4\u10e1\u10d4\u10d1\u10d0BLC, HLC, 3D DNR<br \/>Privacy Mask24 \u10de\u10e0\u10dd\u10d2\u10e0\u10d0\u10db\u10d8\u10e0\u10d4\u10d1\u10d0\u10d3\u10d8 \u10de\u10dd\u10da\u10d8\u10d2\u10dd\u10dc\u10d8\u10e1 \u10d9\u10dd\u10dc\u10e4\u10d8\u10d3\u10d4\u10dc\u10ea\u10d8\u10d0\u10da\u10e3\u10e0\u10dd\u10d1\u10d8\u10e1 \u10dc\u10d8\u10e6\u10d1\u10d4\u10d1\u10d8, \u10dc\u10d8\u10e6\u10d1\u10d8\u10e1 \u10e4\u10d4\u10e0\u10d8\u10e1 \u10d0\u10dc \u10db\u10dd\u10d6\u10d0\u10d8\u10d9\u10d8\u10e1 \u10d9\u10dd\u10dc\u10e4\u10d8\u10d2\u10e3\u10e0\u10d8\u10e0\u10d4\u10d1\u10d0\u10d3\u10d8<br \/>\u10e0\u10d4\u10d2\u10d8\u10dd\u10dc\u10d0\u10da\u10e3\u10e0\u10d8 \u10e4\u10dd\u10d9\u10e3\u10e1\u10d8 \u10d3\u10d8\u10d0\u10ee<br \/>\u10e0\u10d4\u10d2\u10d8\u10dd\u10dc\u10d0\u10da\u10e3\u10e0\u10d8 \u10d4\u10e5\u10e1\u10de\u10dd\u10d6\u10d8\u10ea\u10d8\u10d0 \u10d3\u10d8\u10d0\u10ee<br \/>\u10d8\u10dc\u10e2\u10d4\u10e0\u10e4\u10d4\u10d8\u10e1\u10d8<br \/>Ethernet \u10d8\u10dc\u10e2\u10d4\u10e0\u10e4\u10d4\u10d8\u10e1\u10d81 RJ45 10M\/100M \u10d7\u10d5\u10d8\u10d7\u10d0\u10d3\u10d0\u10de\u10e2\u10d8\u10e0\u10d4\u10d1\u10d0\u10d3\u10d8 Ethernet \u10de\u10dd\u10e0\u10e2\u10d8<br \/>\u10d1\u10dd\u10e0\u10e2\u10d6\u10d4 Storage \u10e9\u10d0\u10e8\u10d4\u10dc\u10d4\u10d1\u10e3\u10da\u10d8 \u10db\u10d4\u10ee\u10e1\u10d8\u10d4\u10e0\u10d4\u10d1\u10d8\u10e1 \u10d1\u10d0\u10e0\u10d0\u10d7\u10d8\u10e1 \u10e1\u10da\u10dd\u10e2\u10d8, microSD\/SDHC\/SDXC \u10d1\u10d0\u10e0\u10d0\u10d7\u10d8\u10e1 \u10db\u10ee\u10d0\u10e0\u10d3\u10d0\u10ed\u10d4\u10e0\u10d0, 256 \u10d2\u10d1-\u10db\u10d3\u10d4<br \/>\u10e9\u10d0\u10e8\u10d4\u10dc\u10d4\u10d1\u10e3\u10da\u10d8 Speaker1 \u10e9\u10d0\u10e8\u10d4\u10dc\u10d4\u10d1\u10e3\u10da\u10d8 \u10d3\u10d8\u10dc\u10d0\u10db\u10d8\u10d9\u10d8 \u10d4\u10e4\u10d4\u10e5\u10e2\u10e3\u10e0\u10d8 \u10db\u10d0\u10dc\u10eb\u10d8\u10da\u10d8\u10d7 \u10db\u10d0\u10e5\u10e1\u10d8\u10db\u10e3\u10db\u10e1 \u10d0\u10e6\u10ec\u10d4\u10d5\u10e1. 30 \u10db\u10d4\u10e2\u10e0\u10d8<br \/>\u10d0\u10e3\u10d3\u10d8\u10dd1 \u10e8\u10d4\u10e7\u10d5\u10d0\u10dc\u10d0 (\u10ee\u10d0\u10d6\u10e8\u10d8), \u10db\u10d0\u10e5\u10e1. \u10e8\u10d4\u10e7\u10d5\u10d0\u10dc\u10d8\u10e1 \u10d0\u10db\u10de\u10da\u10d8\u10e2\u10e3\u10d3\u10d0: 2-2,4 vpp, \u10e8\u10d4\u10e7\u10d5\u10d0\u10dc\u10d8\u10e1 \u10ec\u10d8\u10dc\u10d0\u10e6\u10dd\u10d1\u10d0: 1 k\u03a9 \u00b1 10%; 1 \u10d2\u10d0\u10db\u10dd\u10db\u10d0\u10d5\u10d0\u10da\u10d8 (\u10ee\u10d0\u10d6\u10d8\u10e1 \u10d2\u10d0\u10e0\u10d4\u10d7), \u10ee\u10d0\u10d6\u10d8\u10e1 \u10d3\u10dd\u10dc\u10d4, \u10d2\u10d0\u10db\u10dd\u10db\u10d0\u10d5\u10d0\u10da\u10d8 \u10ec\u10d8\u10dc\u10d0\u10e6\u10dd\u10d1\u10d0: 600 \u03a9<br \/>\u10e1\u10d8\u10d2\u10dc\u10d0\u10da\u10d8\u10d6\u10d0\u10ea\u10d8\u10d8\u10e1 2 \u10e8\u10d4\u10e7\u10d5\u10d0\u10dc\u10d0, 1 \u10d2\u10d0\u10db\u10dd\u10db\u10d0\u10d5\u10d0\u10da\u10d8<br \/>\u10d2\u10d0\u10d3\u10d0\u10e2\u10d5\u10d8\u10e0\u10d7\u10d5\u10d0 \u10d3\u10d8\u10d0\u10ee<br \/>\u10e6\u10dd\u10dc\u10d8\u10e1\u10eb\u10d8\u10d4\u10d1\u10d0<br \/>\u10eb\u10d8\u10e0\u10d8\u10d7\u10d0\u10d3\u10d8 \u10e6\u10dd\u10dc\u10d8\u10e1\u10eb\u10d8\u10d4\u10d1\u10d8\u10e1 \u10db\u10dd\u10eb\u10e0\u10d0\u10dd\u10d1\u10d8\u10e1 \u10d2\u10d0\u10db\u10dd\u10d5\u10da\u10d4\u10dc\u10d0, \u10d5\u10d8\u10d3\u10d4\u10dd \u10e8\u10d4\u10e4\u10d4\u10e0\u10ee\u10d4\u10d1\u10d8\u10e1 \u10e1\u10d8\u10d2\u10dc\u10d0\u10da\u10d8\u10d6\u10d0\u10ea\u10d8\u10d0, \u10d2\u10d0\u10db\u10dd\u10dc\u10d0\u10d9\u10da\u10d8\u10e1\u10d8, \u10d2\u10d0\u10dc\u10d2\u10d0\u10e8\u10d8\u10e1 \u10e8\u10d4\u10e7\u10d5\u10d0\u10dc\u10d0 \u10d3\u10d0 \u10d2\u10d0\u10db\u10dd\u10db\u10d0\u10d5\u10d0\u10da\u10d8<br \/>\u10e1\u10db\u10d0\u10e0\u10e2 EventLine \u10d2\u10d0\u10d3\u10d0\u10d9\u10d5\u10d4\u10d7\u10d8\u10e1 \u10d0\u10db\u10dd\u10ea\u10dc\u10dd\u10d1\u10d0, \u10e8\u10d4\u10ed\u10e0\u10d8\u10e1 \u10d0\u10db\u10dd\u10ea\u10dc\u10dd\u10d1\u10d0, \u10e0\u10d4\u10d2\u10d8\u10dd\u10dc\u10d8\u10e1 \u10e8\u10d4\u10e1\u10d0\u10e1\u10d5\u10da\u10d4\u10da\u10d8\u10e1 \u10d0\u10db\u10dd\u10ea\u10dc\u10dd\u10d1\u10d0, \u10e0\u10d4\u10d2\u10d8\u10dd\u10dc\u10d8\u10d3\u10d0\u10dc \u10d2\u10d0\u10e1\u10d5\u10da\u10d8\u10e1 \u10d0\u10e6\u10db\u10dd\u10e9\u10d4\u10dc\u10d0, \u10e3\u10de\u10d0\u10e2\u10e0\u10dd\u10dc\u10dd \u10d1\u10d0\u10e0\u10d2\u10d8\u10e1 \u10d0\u10db\u10dd\u10ea\u10dc\u10dd\u10d1\u10d0, \u10dd\u10d1\u10d8\u10d4\u10e5\u10e2\u10d8\u10e1 \u10d0\u10db\u10dd\u10e6\u10d4\u10d1\u10d8\u10e1 \u10d0\u10db\u10dd\u10ea\u10dc\u10dd\u10d1\u10d0, \u10d0\u10e3\u10d3\u10d8\u10dd \u10d2\u10d0\u10db\u10dd\u10dc\u10d0\u10d9\u10da\u10d8\u10e1\u10d8\u10e1 \u10d0\u10db\u10dd\u10ea\u10dc\u10dd\u10d1\u10d0<br \/>Linkage \u10d0\u10e2\u10d5\u10d8\u10e0\u10d7\u10d4\u10d7 FTP\/NAS\/\u10db\u10d4\u10ee\u10e1\u10d8\u10d4\u10e0\u10d4\u10d1\u10d8\u10e1 \u10d1\u10d0\u10e0\u10d0\u10d7\u10d6\u10d4, \u10e8\u10d4\u10d0\u10e2\u10e7\u10dd\u10d1\u10d8\u10dc\u10d4\u10d7 \u10e1\u10d0\u10d7\u10d5\u10d0\u10da\u10d7\u10d5\u10d0\u10da\u10dd \u10ea\u10d4\u10dc\u10e2\u10e0\u10e1, \u10d2\u10d0\u10d2\u10d6\u10d0\u10d5\u10dc\u10d4\u10d7 \u10d4\u10da\u10e4\u10dd\u10e1\u10e2\u10d0, \u10d0\u10db\u10dd\u10e5\u10db\u10d4\u10d3\u10d4\u10d7 \u10d2\u10d0\u10dc\u10d2\u10d0\u10e8\u10d8\u10e1 \u10d2\u10d0\u10db\u10dd\u10db\u10d0\u10d5\u10d0\u10da\u10d8, \u10e2\u10e0\u10d8\u10d2\u10d4\u10e0\u10d8\u10e1 \u10e9\u10d0\u10ec\u10d4\u10e0\u10d0, \u10ee\u10db\u10dd\u10d5\u10d0\u10dc\u10d8 \u10d2\u10d0\u10e4\u10e0\u10d7\u10ee\u10d8\u10da\u10d4\u10d1\u10d0, \u10d7\u10d4\u10d7\u10e0\u10d8 \u10e8\u10e3\u10e5\u10d8\u10e1 \u10ea\u10d8\u10db\u10ea\u10d8\u10db\u10d0 \u10d3\u10d0 PTZ \u10db\u10dd\u10e5\u10db\u10d4\u10d3\u10d4\u10d1\u10d4\u10d1\u10d8 (\u10e0\u10dd\u10d2\u10dd\u10e0\u10d8\u10ea\u10d0\u10d0 \u10ec\u10d8\u10dc\u10d0\u10e1\u10ec\u10d0\u10e0 \u10d3\u10d0\u10e7\u10d4\u10dc\u10d4\u10d1\u10e3\u10da\u10d8, \u10e1\u10d0\u10de\u10d0\u10e2\u10e0\u10e3\u10da\u10dd \u10e1\u10d9\u10d0\u10dc\u10d8\u10e0\u10d4\u10d1\u10d0, \u10dc\u10d8\u10db\u10e3\u10e8\u10d8\u10e1 \u10e1\u10d9\u10d0\u10dc\u10d8\u10e0\u10d4\u10d1\u10d0)<br \/>Smart TrackingManual \u10d7\u10d5\u10d0\u10da\u10d7\u10d5\u10d0\u10da\u10d8, \u10d0\u10d5\u10e2\u10dd\u10db\u10d0\u10e2\u10e3\u10e0\u10d8 \u10d7\u10d5\u10d0\u10da\u10d7\u10d5\u10d0\u10da\u10d8<br \/>\u10e6\u10e0\u10db\u10d0 \u10e1\u10ec\u10d0\u10d5\u10da\u10d8\u10e1 \u10e4\u10e3\u10dc\u10e5\u10ea\u10d8\u10d0<br \/>\u10e1\u10d0\u10ee\u10d8\u10e1 \u10d2\u10d0\u10d3\u10d0\u10e6\u10d4\u10d1\u10d0<br \/>\u10d0\u10db\u10dd\u10d8\u10ea\u10dc\u10dd\u10d1\u10e1 5-\u10db\u10d3\u10d4 \u10e1\u10d0\u10ee\u10d4\u10e1 \u10d4\u10e0\u10d7\u10d3\u10e0\u10dd\u10e3\u10da\u10d0\u10d3.<\/p>\n<p>\u10db\u10ee\u10d0\u10e0\u10e1 \u10e3\u10ed\u10d4\u10e0\u10e1 \u10d0\u10db\u10dd\u10ea\u10dc\u10dd\u10d1\u10d0\u10e1, \u10d2\u10d0\u10d3\u10d0\u10e6\u10d4\u10d1\u10d0\u10e1, \u10e8\u10d4\u10e4\u10d0\u10e1\u10d4\u10d1\u10d0\u10e1, \u10db\u10dd\u10eb\u10e0\u10d0\u10dd\u10d1\u10d8\u10e1 \u10d3\u10e0\u10dd\u10e1 \u10e1\u10d0\u10ee\u10d8\u10e1 \u10d0\u10e0\u10e9\u10d4\u10d5\u10d0\u10e1 \u10d3\u10d0 \u10e1\u10d0\u10ee\u10d8\u10e1 \u10e1\u10d0\u10e3\u10d9\u10d4\u10d7\u10d4\u10e1\u10dd \u10e1\u10e3\u10e0\u10d0\u10d7\u10d8\u10e1 \u10d2\u10d0\u10db\u10dd\u10e2\u10d0\u10dc\u10d0\u10e1<\/p>\n<p>\u10de\u10d4\u10e0\u10d8\u10db\u10d4\u10e2\u10e0\u10d8\u10e1 \u10d3\u10d0\u10ea\u10d5\u10d0<br \/>\u10ee\u10d0\u10d6\u10d8\u10e1 \u10d2\u10d0\u10d3\u10d0\u10d9\u10d5\u10d4\u10d7\u10d0, \u10e8\u10d4\u10db\u10dd\u10ed\u10e0\u10d0, \u10e0\u10d4\u10d2\u10d8\u10dd\u10dc\u10d8\u10e1 \u10e8\u10d4\u10e1\u10d0\u10e1\u10d5\u10da\u10d4\u10da\u10d8, \u10e0\u10d4\u10d2\u10d8\u10dd\u10dc\u10d8\u10e1 \u10d2\u10d0\u10e1\u10d0\u10e1\u10d5\u10da\u10d4\u10da\u10d8<\/p>\n<p>\u10d2\u10d0\u10dc\u10d2\u10d0\u10e8\u10d8\u10e1 \u10d0\u10db\u10dd\u10e5\u10db\u10d4\u10d3\u10d4\u10d1\u10d8\u10e1 \u10db\u10ee\u10d0\u10e0\u10d3\u10d0\u10ed\u10d4\u10e0\u10d0 \u10db\u10d8\u10d7\u10d8\u10d7\u10d4\u10d1\u10e3\u10da\u10d8 \u10e1\u10d0\u10db\u10d8\u10d6\u10dc\u10d4 \u10e2\u10d8\u10de\u10d4\u10d1\u10d8\u10d7 (\u10d0\u10d3\u10d0\u10db\u10d8\u10d0\u10dc\u10d8 \u10d3\u10d0 \u10db\u10d0\u10dc\u10e5\u10d0\u10dc\u10d0)<\/p>\n<p>\u10d2\u10d4\u10dc\u10d4\u10e0\u10d0\u10da\u10d8<br \/>\u10eb\u10d0\u10da\u10d0\u10e3\u10e4\u10da\u10d4\u10d1\u10d0<br \/>24 VAC, \u10db\u10d0\u10e5\u10e1. 42 W (\u10db\u10d0\u10e5\u10e1. 18 W \u10e9\u10d0\u10d7\u10d5\u10da\u10d8\u10d7 IR \u10d3\u10d0 \u10db\u10d0\u10e5\u10e1. 10 W \u10d2\u10d0\u10db\u10d0\u10d7\u10d1\u10dd\u10d1\u10d4\u10da\u10d8\u10e1\u10d7\u10d5\u10d8\u10e1);<\/p>\n<p>Hi-PoE<\/p>\n<p>\u10d6\u10dd\u10db\u10d0\u00d8 220 \u10db\u10db \u00d7 363.3 \u10db\u10db (\u00d8 8.66&#8243; \u00d7 13.91&#8243;)<br \/>\u10ec\u10dd\u10dc\u10d0 \u10d3\u10d0\u10d0\u10ee\u10da. 5 \u10d9\u10d2 (11,03 \u10e4\u10e3\u10dc\u10e2\u10d8)<br \/>\u10db\u10d0\u10e1\u10d0\u10da\u10d0ADC12<\/p>","protected":false},"excerpt":{"rendered":"<p>\u10d9\u10d0\u10db\u10d4\u10e0\u10d0\u10d2\u10d0\u10db\u10dd\u10e1\u10d0\u10ee\u10e3\u10da\u10d4\u10d1\u10d8\u10e1 \u10e1\u10d4\u10dc\u10e1\u10dd\u10e0\u10d8 1\/2.8&#8243; \u10de\u10e0\u10dd\u10d2\u10e0\u10d4\u10e1\u10e3\u10da\u10d8 \u10e1\u10d9\u10d0\u10dc\u10d8\u10e0\u10d4\u10d1\u10d0 CMOS\u10db\u10d0\u10e5\u10e1. \u10d2\u10d0\u10e0\u10e9\u10d4\u10d5\u10d0\u10d3\u10dd\u10d1\u10d0 1920 \u00d7 1080\u10db\u10d8\u10dc. \u10d2\u10d0\u10dc\u10d0\u10d7\u10d4\u10d1\u10d8\u10e1 \u10e4\u10d4\u10e0\u10d8: 0.005 Lux @ (F1.6, AGC ON), B\/W: 0.001<\/p>","protected":false},"featured_media":33737,"comment_status":"open","ping_status":"closed","template":"","meta":[],"product_brand":[],"product_cat":[825,1502,820],"product_tag":[],"class_list":{"0":"post-33738","1":"product","2":"type-product","3":"status-publish","4":"has-post-thumbnail","6":"product_cat-2mp-ip-cameras","7":"product_cat-ptz-ip-cameras-unv-ip-camera-nvr","8":"product_cat-wall-mounting-cabinets","10":"first","11":"instock","12":"taxable","13":"shipping-taxable","14":"purchasable","15":"product-type-simple"},"_links":{"self":[{"href":"https:\/\/iterra.ge\/ge\/wp-json\/wp\/v2\/product\/33738","targetHints":{"allow":["GET"]}}],"collection":[{"href":"https:\/\/iterra.ge\/ge\/wp-json\/wp\/v2\/product"}],"about":[{"href":"https:\/\/iterra.ge\/ge\/wp-json\/wp\/v2\/types\/product"}],"replies":[{"embeddable":true,"href":"https:\/\/iterra.ge\/ge\/wp-json\/wp\/v2\/comments?post=33738"}],"version-history":[{"count":1,"href":"https:\/\/iterra.ge\/ge\/wp-json\/wp\/v2\/product\/33738\/revisions"}],"predecessor-version":[{"id":64182,"href":"https:\/\/iterra.ge\/ge\/wp-json\/wp\/v2\/product\/33738\/revisions\/64182"}],"wp:featuredmedia":[{"embeddable":true,"href":"https:\/\/iterra.ge\/ge\/wp-json\/wp\/v2\/media\/33737"}],"wp:attachment":[{"href":"https:\/\/iterra.ge\/ge\/wp-json\/wp\/v2\/media?parent=33738"}],"wp:term":[{"taxonomy":"product_brand","embeddable":true,"href":"https:\/\/iterra.ge\/ge\/wp-json\/wp\/v2\/product_brand?post=33738"},{"taxonomy":"product_cat","embeddable":true,"href":"https:\/\/iterra.ge\/ge\/wp-json\/wp\/v2\/product_cat?post=33738"},{"taxonomy":"product_tag","embeddable":true,"href":"https:\/\/iterra.ge\/ge\/wp-json\/wp\/v2\/product_tag?post=33738"}],"curies":[{"name":"wp","href":"https:\/\/api.w.org\/{rel}","templated":true}]}}