{"id":34173,"date":"2025-06-12T10:30:24","date_gmt":"2025-06-12T06:30:24","guid":{"rendered":"https:\/\/iterra.ge\/product\/%e1%83%99%e1%83%90%e1%83%9b%e1%83%94%e1%83%a0%e1%83%90hikvision-ds-mcw406-32g-ip4mpbodyir10mbody-camera\/"},"modified":"2026-02-25T00:00:54","modified_gmt":"2026-02-25T00:00:54","slug":"%e1%83%99%e1%83%90%e1%83%9b%e1%83%94%e1%83%a0%e1%83%90hikvision-ds-mcw406-32g-ip4mpbodyir10mbody-camera","status":"publish","type":"product","link":"https:\/\/iterra.ge\/ge\/product\/%e1%83%99%e1%83%90%e1%83%9b%e1%83%94%e1%83%a0%e1%83%90hikvision-ds-mcw406-32g-ip4mpbodyir10mbody-camera\/","title":{"rendered":"\u10d9\u10d0\u10db\u10d4\u10e0\u10d0,Hikvision, DS-MCW406\/32G, ,IP,4mp,body,,IR10m,Body Camera,"},"content":{"rendered":"<p>\u10d9\u10d0\u10db\u10d4\u10e0\u10d0<br \/>\u10d2\u10d0\u10db\u10dd\u10e1\u10d0\u10ee\u10e3\u10da\u10d4\u10d1\u10d8\u10e1 \u10e1\u10d4\u10dc\u10e1\u10dd\u10e0\u10d8 1\/3&#8243; \u10de\u10e0\u10dd\u10d2\u10e0\u10d4\u10e1\u10e3\u10da\u10d8 \u10e1\u10d9\u10d0\u10dc\u10d8\u10e0\u10d4\u10d1\u10d0 CMOS<br \/>\u10db\u10d0\u10e5\u10e1. \u10d2\u10d0\u10e0\u10e9\u10d4\u10d5\u10d0\u10d3\u10dd\u10d1\u10d0 2688 \u00d7 1520<br \/>\u10db\u10d8\u10dc. \u10d2\u10d0\u10dc\u10d0\u10d7\u10d4\u10d1\u10d8\u10e1 \u10e4\u10d4\u10e0\u10d8: 0.07 Lu\u00d7@ (F2.0, AGC ON), 0 \u10da\u10e3\u10e5\u10e1\u10d8 \u10d3\u10d0\u10db\u10d0\u10e2\u10d4\u10d1\u10d8\u10d7\u10d8 \u10d2\u10d0\u10dc\u10d0\u10d7\u10d4\u10d1\u10d8\u10d7<br \/>\u10d3\u10e6\u10d8\u10e1 \u10d3\u10d0 \u10e6\u10d0\u10db\u10d8\u10e1 \u10d2\u10d0\u10d3\u10d0\u10db\u10e0\u10d7\u10d5\u10d4\u10da\u10d8 IR \u10e4\u10d8\u10da\u10e2\u10e0\u10d8\u10e1 \u10d0\u10d5\u10e2\u10dd\u10db\u10d0\u10e2\u10e3\u10e0\u10d0\u10d3 \u10d0\u10db\u10dd\u10ed\u10e0\u10d0<br \/>Zoom4x \u10ea\u10d8\u10e4\u10e0\u10e3\u10da\u10d8<br \/>\u10dd\u10d1\u10d8\u10d4\u10e5\u10e2\u10d8\u10d5\u10d8<br \/>\u10e4\u10dd\u10d9\u10d0\u10da\u10e3\u10e0\u10d8 \u10e1\u10d8\u10d2\u10e0\u10eb\u10d4 2.4 \u10db\u10db \u10e4\u10d8\u10e5\u10e1\u10d8\u10e0\u10d4\u10d1\u10e3\u10da\u10d8 \u10dd\u10d1\u10d8\u10d4\u10e5\u10e2\u10d8\u10d5\u10d8<br \/>FOV<br \/>\u10f0\u10dd\u10e0\u10d8\u10d6\u10dd\u10dc\u10e2\u10d0\u10da\u10e3\u10e0\u10d8 FOV: 129\u00b0<\/p>\n<p>\u10d5\u10d4\u10e0\u10e2\u10d8\u10d9\u10d0\u10da\u10e3\u10e0\u10d8 FOV: 70\u00b0<\/p>\n<p>\u10d3\u10d8\u10d0\u10d2\u10dd\u10dc\u10d0\u10da\u10d8 FOV: 140\u00b0<\/p>\n<p>\u10d3\u10d8\u10d0\u10e4\u10e0\u10d0\u10d2\u10db\u10d0 F2.0<br \/>\u10d5\u10d8\u10d3\u10d4\u10dd<br \/>\u10d5\u10d8\u10d3\u10d4\u10dd \u10e4\u10dd\u10e0\u10db\u10d0\u10e2\u10d8 PS, MP4<br \/>\u10ec\u10d8\u10dc\u10d0\u10e1\u10ec\u10d0\u10e0\u10d8 \u10e9\u10d0\u10dc\u10d0\u10ec\u10d4\u10e0\u10d8 \u10d3\u10d0 \u10de\u10dd\u10e1\u10e2-\u10e9\u10d0\u10ec\u10d4\u10e0\u10d0<br \/>\u10ec\u10d8\u10dc\u10d0\u10e1\u10ec\u10d0\u10e0\u10d8 \u10e9\u10d0\u10ec\u10d4\u10e0\u10d0: 10 \u10ec\u10db;<\/p>\n<p>\u10e9\u10d0\u10dc\u10d0\u10ec\u10d4\u10e0\u10d8\u10e1 \u10e8\u10d4\u10db\u10d3\u10d2\u10dd\u10db\u10d8 \u10de\u10d4\u10e0\u10d8\u10dd\u10d3\u10d8: 60 \u10ec\u10db<\/p>\n<p>Sub Stream30 fps (1280 \u00d7 720, 720 \u00d7 576)<br \/>\u10d5\u10d8\u10d3\u10d4\u10dd \u10e8\u10d4\u10d9\u10e3\u10db\u10e8\u10d5\u10d0 H.264, H.265<br \/>\u10eb\u10d8\u10e0\u10d8\u10d7\u10d0\u10d3\u10d8 \u10dc\u10d0\u10d9\u10d0\u10d3\u10d8 60 \u10f0\u10ea: 30 \u10d9\u10d0\u10d3\u10e0\u10d8\/\u10ec\u10db (2688 \u00d7 1520, 1920 \u00d7 1080, 1280 \u00d7 720, 720 \u00d7 576)<br \/>\u10d0\u10e3\u10d3\u10d8\u10dd<br \/>\u10d0\u10e3\u10d3\u10d8\u10dd \u10e8\u10d4\u10d9\u10e3\u10db\u10e8\u10d5\u10d0 \u10d5\u10d8\u10d3\u10d4\u10dd \u10e9\u10d0\u10ec\u10d4\u10e0\u10d8\u10e1\u10d7\u10d5\u10d8\u10e1G722_1,AAC<br \/>\u10d0\u10e3\u10d3\u10d8\u10dd \u10e8\u10d4\u10d9\u10e3\u10db\u10e8\u10d5\u10d0 \u10d0\u10e3\u10d3\u10d8\u10dd \u10e9\u10d0\u10ec\u10d4\u10e0\u10d8\u10e1\u10d7\u10d5\u10d8\u10e1 PCM<br \/>\u10d0\u10e3\u10d3\u10d8\u10dd \u10e8\u10d4\u10d9\u10e3\u10db\u10e8\u10d5\u10d0 \u10ef\u10d2\u10e3\u10e4\u10e3\u10e0\u10d8 IntercomG711_A,G711_MU,G722_1<br \/>\u10d0\u10e3\u10d3\u10d8\u10dd \u10d1\u10d8\u10e2\u10d8\u10e1 \u10e1\u10d8\u10ee\u10e8\u10d8\u10e0\u10d4<br \/>G711_A(64 \u10d9\u10d1\u10d8\u10e2\u10d8\/\u10ec\u10db), G711_MU(64 \u10d9\u10d1\u10d8\u10e2\u10d8\/\u10ec\u10db), G722_1(16 \u10d9\u10d1\u10d8\u10e2\u10d8\/\u10ec\u10db) ,AAC(64 \u10d9\u10d1\u10d8\u10e2\u10d8\/\u10ec\u10db), PCM(128 \u10d9\u10d1\u10d8\u10e2\u10d8\/\u10ec\u10db)<\/p>\n<p>\u10d2\u10d0\u10db\u10dd\u10e1\u10d0\u10ee\u10e3\u10da\u10d4\u10d1\u10d0<br \/>\u10e1\u10e3\u10e0\u10d0\u10d7\u10d8\u10e1 \u10e4\u10dd\u10e0\u10db\u10d0\u10e2\u10d8 JPEG<br \/>\u10d4\u10d9\u10e0\u10d0\u10dc\u10d8<br \/>\u10e1\u10d4\u10dc\u10e1\u10dd\u10e0\u10e3\u10da\u10d8 \u10d4\u10d9\u10e0\u10d0\u10dc\u10d8 \u10d0\u10e0 \u10d0\u10e0\u10d8\u10e1 \u10db\u10ee\u10d0\u10e0\u10d3\u10d0\u10ed\u10d4\u10e0\u10d8\u10da\u10d8<br \/>\u10d4\u10d9\u10e0\u10d0\u10dc\u10d8\u10e1 \u10d6\u10dd\u10db\u10d0 1.77&#8243;<br \/>\u10d4\u10d9\u10e0\u10d0\u10dc\u10d8\u10e1 \u10d2\u10d0\u10e0\u10e9\u10d4\u10d5\u10d0\u10d3\u10dd\u10d1\u10d0 128 \u00d7 160<br \/>\u10e8\u10d4\u10dc\u10d0\u10ee\u10d5\u10d0<br \/>\u10dd\u10de\u10d4\u10e0\u10d0\u10e2\u10d8\u10e3\u10da\u10d8 \u10db\u10d4\u10ee\u10e1\u10d8\u10d4\u10e0\u10d4\u10d1\u10d0 128 \u10db\u10d1<br \/>ROMdefault 32 GB, 64 GB \/ 128 GB \/ 256 GB \u10e1\u10e3\u10e0\u10d5\u10d8\u10da\u10d8\u10e1\u10d0\u10db\u10d4\u10d1\u10e0<br \/>IR<br \/>IR \u10d3\u10d8\u10d0\u10de\u10d0\u10d6\u10dd\u10dc\u10d8 10 \u10db-\u10db\u10d3\u10d4<br \/>IR \u10e2\u10d0\u10da\u10e6\u10d8\u10e1 \u10e1\u10d8\u10d2\u10e0\u10eb\u10d4 850 \u10dc\u10db<br \/>\u10e3\u10d9\u10d0\u10d1\u10d4\u10da\u10dd \u10e5\u10e1\u10d4\u10da\u10d8<br \/>Wi-Fi \u10e1\u10d8\u10ee\u10e8\u10d8\u10e0\u10d8\u10e1 \u10d3\u10d8\u10d0\u10de\u10d0\u10d6\u10dd\u10dc\u10d8 2.412-\u10d3\u10d0\u10dc 2.472 \u10d2\u10f0\u10ea-\u10db\u10d3\u10d4<br \/>Wi-Fi Protocol802.11 a\/b\/g\/n<br \/>\u10de\u10dd\u10d6\u10d8\u10ea\u10d8\u10dd\u10dc\u10d8\u10e0\u10d4\u10d1\u10d8\u10e1 \u10e0\u10d4\u10df\u10d8\u10db\u10d8 GPS<br \/>\u10e5\u10e1\u10d4\u10da\u10d8<br \/>\u10de\u10e0\u10dd\u10e2\u10dd\u10d9\u10dd\u10da\u10d8 HTTPS, RTSP, NTP, FTP<br \/>APIONVIF (PROFILE S, PROFILE G, PROFILE T), ISAPI, SDK, ISUP<br \/>\u10d8\u10dc\u10e2\u10d4\u10e0\u10e4\u10d4\u10d8\u10e1\u10d8<br \/>\u10d0\u10e3\u10d3\u10d8\u10dd \u10e2\u10d8\u10de\u10d8 1 \u10e9\u10d0\u10e8\u10d4\u10dc\u10d4\u10d1\u10e3\u10da\u10d8 \u10db\u10d8\u10d9\u10e0\u10dd\u10e4\u10dd\u10dc\u10d8(\u10d4\u10d1\u10d8), 1 \u10d3\u10d8\u10dc\u10d0\u10db\u10d8(\u10d4\u10d1\u10d8)<br \/>USBUSB 2.0<br \/>\u10d8\u10dc\u10d3\u10d8\u10d9\u10d0\u10e2\u10dd\u10e0\u10d82 \u10d8\u10dc\u10d3\u10d8\u10d9\u10d0\u10e2\u10dd\u10e0\u10d8(\u10d4\u10d1\u10d8) \u10d3\u10d0\u10e2\u10d4\u10dc\u10d5\u10d8\u10e1\/\u10db\u10e3\u10e8\u10d0\u10dd\u10d1\u10d8\u10e1\/\u10e9\u10d0\u10ec\u10d4\u10e0\u10d8\u10e1\/\u10d2\u10d0\u10db\u10dd\u10dc\u10d0\u10d9\u10da\u10d8\u10e1\u10d8\u10e1\u10d7\u10d5\u10d8\u10e1<br \/>ButtonPower, \u10e9\u10d0\u10ec\u10d4\u10e0\u10d0, \u10d0\u10e3\u10d3\u10d8\u10dd \u10e9\u10d0\u10ec\u10d4\u10e0\u10d0, \u10e1\u10e3\u10e0\u10d0\u10d7\u10d8\u10e1 \u10d2\u10d0\u10d3\u10d0\u10e6\u10d4\u10d1\u10d0, \u10db\u10d4\u10dc\u10d8\u10e3, \u10d6\u10d4\u10d5\u10d8\u10d7, \u10e5\u10d5\u10d4\u10d5\u10d8\u10d7, \u10e8\u10d4\u10e7\u10d5\u10d0\u10dc\u10d0<br \/>\u10d3\u10d0\u10db\u10e3\u10ee\u10e2\u10d5\u10d8\u10e1 \u10d8\u10dc\u10e2\u10d4\u10e0\u10e4\u10d4\u10d8\u10e1\u10d8\u10e1 \u10e2\u10d8\u10de\u10d8-C<br \/>\u10d2\u10d4\u10dc\u10d4\u10e0\u10d0\u10da\u10d8<br \/>\u10dd\u10de\u10d4\u10e0\u10d0\u10ea\u10d8\u10e3\u10da\u10d8 \u10db\u10d3\u10d2\u10dd\u10db\u10d0\u10e0\u10d4\u10dd\u10d1\u10d0-20 \u00b0C-\u10d3\u10d0\u10dc 55 \u00b0C-\u10db\u10d3\u10d4 (-4 \u00b0F-\u10d3\u10d0\u10dc 131 \u00b0F-\u10db\u10d3\u10d4). \u10e2\u10d4\u10dc\u10d8\u10d0\u10dc\u10dd\u10d1\u10d0 95% \u10d0\u10dc \u10dc\u10d0\u10d9\u10da\u10d4\u10d1\u10d8 (\u10d0\u10e0\u10d0\u10d9\u10dd\u10dc\u10d3\u10d4\u10dc\u10e1\u10d8\u10e0\u10d4\u10d1\u10d0\u10d3\u10d8)<br \/>Power5 VDC, 2.0 A, \u10db\u10d0\u10e5\u10e1. 10 \u10d5\u10e2<br \/>\u10d6\u10dd\u10db\u10d0 85 \u10db\u10db \u00d7 59 \u10db\u10db \u00d7 30 \u10db\u10db (3.4&#8243; \u00d7 2.3&#8243; \u00d7 1.2&#8243;)<br \/>\u10ec\u10dd\u10dc\u10d0 125 \u10d2 (\u10d3\u10d0\u10db\u10dd\u10dc\u10e2\u10d0\u10df\u10d4\u10d1\u10d8\u10e1 \u10d2\u10d0\u10e0\u10d4\u10e8\u10d4) (0.27 \u10e4\u10e3\u10dc\u10e2\u10d8)<br \/>\u10dd\u10de\u10d4\u10e0\u10d0\u10ea\u10d8\u10e3\u10da\u10d8 \u10e1\u10d8\u10e1\u10e2\u10d4\u10db\u10d0 Linux<br \/>ClientHik-Connect, HikCentral Pro, HikCentral Master Lite<br \/>MICS-\u10d8\u10e1 \u10db\u10ee\u10d0\u10e0\u10d3\u10d0\u10ed\u10d4\u10e0\u10d0<br \/>Speaker1 \u10e9\u10d0\u10e8\u10d4\u10dc\u10d4\u10d1\u10e3\u10da\u10d8 \u10d3\u10d8\u10dc\u10d0\u10db\u10d8\u10d9\u10d8, \u10db\u10d0\u10e5\u10e1. \u10d4\u10dc\u10d4\u10e0\u10d2\u10d8\u10d8\u10e1 \u10db\u10dd\u10ee\u10db\u10d0\u10e0\u10d4\u10d1\u10d0: 1 W, \u10db\u10d0\u10e5\u10e1. \u10ee\u10db\u10d8\u10e1 \u10ec\u10dc\u10d4\u10d5\u10d8\u10e1 \u10d3\u10dd\u10dc\u10d4: 87 dB (10 \u10e1\u10db)<br \/>\u10d1\u10d0\u10e2\u10d0\u10e0\u10d4\u10d0<br \/>\u10d0\u10d9\u10e3\u10db\u10e3\u10da\u10d0\u10e2\u10dd\u10e0\u10d8\u10e1 \u10e2\u10d8\u10de\u10d8 \u10da\u10d8\u10d7\u10d8\u10e3\u10db-\u10d8\u10dd\u10dc\u10e3\u10e0\u10d8 \u10d1\u10d0\u10e2\u10d0\u10e0\u10d4\u10d0, \u10d8\u10dc\u10e2\u10d4\u10d2\u10e0\u10d0\u10da\u10e3\u10e0\u10d8<br \/>\u10e2\u10d4\u10d5\u10d0\u10d3\u10dd\u10d1\u10d0 2500 mAh<br \/>\u10d3\u10d0\u10e2\u10d4\u10dc\u10d5\u10d8\u10e1 \u10d3\u10e0\u10dd\u2264 3 \u10e1\u10d7<br \/>\u10d1\u10d0\u10e2\u10d0\u10e0\u10d4\u10d8\u10e1 \u10ee\u10d0\u10dc\u10d2\u10e0\u10eb\u10da\u10d8\u10d5\u10dd\u10d1\u10d0 12 \u10e1\u10d7-\u10db\u10d3\u10d4 720p \u10d2\u10d0\u10e0\u10e9\u10d4\u10d5\u10d0\u10d3\u10dd\u10d1\u10d8\u10d7\u00b9<br \/>\u10d3\u10d0\u10db\u10e2\u10d9\u10d8\u10ea\u10d4\u10d1\u10d0<br \/>RFEN 300 328 V2.1.1 (BT \u10d0\u10dc 2.4G); EN 62311:2008 (BT \u10d0\u10dc 2.4G);<br \/>EMCCE-EMC: EN 55032: 2015, EN 61000-3-2: 2019, EN 61000-3-3: 2013, EN 50130-4: 2011 +A1: 2014 \u10ec.<br \/>\u10e3\u10e1\u10d0\u10e4\u10e0\u10d7\u10ee\u10dd\u10d4\u10d1\u10d0<br \/>CB: IEC 62368-1: 2014+A11, IEC 62368-1: 2018 \u10ec.<\/p>\n<p>CE-LVD: EN 62368-1: 2014\/A11: 2017, EN IEC 62368-1:2020+A11:2020<\/p>\n<p>CE-LVD: EN 62368-1: 2014\/A11: 2017<\/p>\n<p>EnvironmentCE-RoHS: 2011\/65\/EU, WEEE: 2012\/19\/EU, \u10db\u10d8\u10e6\u10ec\u10d4\u10d5\u10d0: \u10e0\u10d4\u10d2\u10e3\u10da\u10d0\u10ea\u10d8\u10d0 (EC) No 1907\/2006<br \/>\u10d3\u10d0\u10ea\u10d5\u10d0 IP67: IEC 60529-2013, MIL STD 810G<\/p>","protected":false},"excerpt":{"rendered":"<p>\u10d9\u10d0\u10db\u10d4\u10e0\u10d0\u10d2\u10d0\u10db\u10dd\u10e1\u10d0\u10ee\u10e3\u10da\u10d4\u10d1\u10d8\u10e1 \u10e1\u10d4\u10dc\u10e1\u10dd\u10e0\u10d8 1\/3&#8243; \u10de\u10e0\u10dd\u10d2\u10e0\u10d4\u10e1\u10e3\u10da\u10d8 \u10e1\u10d9\u10d0\u10dc\u10d8\u10e0\u10d4\u10d1\u10d0 CMOS\u10db\u10d0\u10e5\u10e1. \u10d2\u10d0\u10e0\u10e9\u10d4\u10d5\u10d0\u10d3\u10dd\u10d1\u10d0 2688 \u00d7 1520\u10db\u10d8\u10dc. \u10d2\u10d0\u10dc\u10d0\u10d7\u10d4\u10d1\u10d8\u10e1 \u10e4\u10d4\u10e0\u10d8: 0.07 Lu\u00d7@ (F2.0, AGC ON), 0 \u10da\u10e3\u10e5\u10e1\u10d8 \u10d3\u10d0\u10db\u10d0\u10e2\u10d4\u10d1\u10d8\u10d7\u10d8<\/p>","protected":false},"featured_media":34171,"comment_status":"open","ping_status":"closed","template":"","meta":[],"product_brand":[],"product_cat":[826,820],"product_tag":[],"class_list":{"0":"post-34173","1":"product","2":"type-product","3":"status-publish","4":"has-post-thumbnail","6":"product_cat-4mp-ip-cameras","7":"product_cat-wall-mounting-cabinets","9":"first","10":"instock","11":"taxable","12":"shipping-taxable","13":"purchasable","14":"product-type-simple"},"_links":{"self":[{"href":"https:\/\/iterra.ge\/ge\/wp-json\/wp\/v2\/product\/34173","targetHints":{"allow":["GET"]}}],"collection":[{"href":"https:\/\/iterra.ge\/ge\/wp-json\/wp\/v2\/product"}],"about":[{"href":"https:\/\/iterra.ge\/ge\/wp-json\/wp\/v2\/types\/product"}],"replies":[{"embeddable":true,"href":"https:\/\/iterra.ge\/ge\/wp-json\/wp\/v2\/comments?post=34173"}],"version-history":[{"count":1,"href":"https:\/\/iterra.ge\/ge\/wp-json\/wp\/v2\/product\/34173\/revisions"}],"predecessor-version":[{"id":50759,"href":"https:\/\/iterra.ge\/ge\/wp-json\/wp\/v2\/product\/34173\/revisions\/50759"}],"wp:featuredmedia":[{"embeddable":true,"href":"https:\/\/iterra.ge\/ge\/wp-json\/wp\/v2\/media\/34171"}],"wp:attachment":[{"href":"https:\/\/iterra.ge\/ge\/wp-json\/wp\/v2\/media?parent=34173"}],"wp:term":[{"taxonomy":"product_brand","embeddable":true,"href":"https:\/\/iterra.ge\/ge\/wp-json\/wp\/v2\/product_brand?post=34173"},{"taxonomy":"product_cat","embeddable":true,"href":"https:\/\/iterra.ge\/ge\/wp-json\/wp\/v2\/product_cat?post=34173"},{"taxonomy":"product_tag","embeddable":true,"href":"https:\/\/iterra.ge\/ge\/wp-json\/wp\/v2\/product_tag?post=34173"}],"curies":[{"name":"wp","href":"https:\/\/api.w.org\/{rel}","templated":true}]}}