{"id":34209,"date":"2025-06-12T10:31:07","date_gmt":"2025-06-12T06:31:07","guid":{"rendered":"https:\/\/iterra.ge\/product\/%e1%83%99%e1%83%95%e1%83%94%e1%83%91%e1%83%98%e1%83%a1-%e1%83%91%e1%83%9a%e1%83%9d%e1%83%99%e1%83%98-hikvision-ds-2fa1201-dleur\/"},"modified":"2026-02-25T00:00:54","modified_gmt":"2026-02-25T00:00:54","slug":"%e1%83%99%e1%83%95%e1%83%94%e1%83%91%e1%83%98%e1%83%a1-%e1%83%91%e1%83%9a%e1%83%9d%e1%83%99%e1%83%98-hikvision-ds-2fa1201-dleur","status":"publish","type":"product","link":"https:\/\/iterra.ge\/ge\/product\/%e1%83%99%e1%83%95%e1%83%94%e1%83%91%e1%83%98%e1%83%a1-%e1%83%91%e1%83%9a%e1%83%9d%e1%83%99%e1%83%98-hikvision-ds-2fa1201-dleur\/","title":{"rendered":"\u10d9\u10d5\u10d4\u10d1\u10d8\u10e1 \u10d1\u10da\u10dd\u10d9\u10d8 hikvision DS-2FA1201-DL(EUR)"},"content":{"rendered":"<ul>\n<li><b>Parameters<\/b><\/li>\n<li><span class=\"tech-specs-items-description__title\">Description<\/span><span class=\"tech-specs-items-description__title-details\">12 VDC Power Adapter<\/span><\/li>\n<li><span class=\"tech-specs-items-description__title\">Weight<\/span><span class=\"tech-specs-items-description__title-details\">Approx. 85 g (0.19 lb.)<\/span><\/li>\n<li><span class=\"tech-specs-items-description__title\">Appearance<\/span><span class=\"tech-specs-items-description__title-details\">\u10e8\u10d0\u10d5\u10d8<\/span><\/li>\n<li><span class=\"tech-specs-items-description__title\">Dimension<\/span><span class=\"tech-specs-items-description__title-details\">79 mm \u00d7 38 mm \u00d7 26 mm (3.11&#8243; \u00d7 1.50&#8243; \u00d7 1.02&#8243;)<\/span><\/li>\n<li><span class=\"tech-specs-items-description__title\">Output Power<\/span><span class=\"tech-specs-items-description__title-details\">12 W Max.<\/span><\/li>\n<li><span class=\"tech-specs-items-description__title\">Operating Conditions<\/span><span class=\"tech-specs-items-description__title-details\">-10\u00b0C to 40\u00b0C (14\u00b0F to 104\u00b0F), Humidity: 10% to 90% (non-condensing)<\/span><\/li>\n<li><span class=\"tech-specs-items-description__title\">Input<\/span><span class=\"tech-specs-items-description__title-details\">170 to 240 VAC, 50 Hz<\/span><\/li>\n<li><span class=\"tech-specs-items-description__title\">Output<\/span><span class=\"tech-specs-items-description__title-details\">12 VDC\/1 A<\/span><\/li>\n<li><span class=\"tech-specs-items-description__title\">Ripple &amp; Noise 150 mVp-p<\/span><span class=\"tech-specs-items-description__title-details\">0.20 Vp-p (200 mV)<\/span><\/li>\n<li><span class=\"tech-specs-items-description__title\">Mounting Style<\/span><span class=\"tech-specs-items-description__title-details\">Desktop<\/span><\/li>\n<li><span class=\"tech-specs-items-description__title\">AC Input Connector<\/span><span class=\"tech-specs-items-description__title-details\">VDE PLUG<\/span><\/li>\n<li><span class=\"tech-specs-items-description__title\">DC Output Connector<\/span><span class=\"tech-specs-items-description__title-details\">DC Plug: Straight \u03a6 5.5 \u00d7 2.1 \u00d7 10 mm, DC Cable: 24AWG 2468 0.8M BLACK<\/span><\/li>\n<li><span class=\"tech-specs-items-description__title\">Input Cord Length<\/span><span class=\"tech-specs-items-description__title-details\">350 mm (13.78&#8243;)<\/span><\/li>\n<li><span class=\"tech-specs-items-description__title\">Output Cord Length<\/span><span class=\"tech-specs-items-description__title-details\">800 mm (31.50&#8243;)<\/span><\/li>\n<\/ul>","protected":false},"excerpt":{"rendered":"<p>Parameters Description12 VDC Power Adapter WeightApprox. 85 g (0.19 lb.) AppearanceBlack Dimension79 mm \u00d7 38 mm \u00d7 26 mm (3.11&#8243;<\/p>","protected":false},"featured_media":34208,"comment_status":"open","ping_status":"closed","template":"","meta":[],"product_brand":[],"product_cat":[1613,760,820],"product_tag":[],"class_list":{"0":"post-34209","1":"product","2":"type-product","3":"status-publish","4":"has-post-thumbnail","6":"product_cat-fire-wireless-alarm-system","7":"product_cat-surge-protection-adapter","8":"product_cat-wall-mounting-cabinets","10":"first","11":"instock","12":"taxable","13":"shipping-taxable","14":"purchasable","15":"product-type-simple"},"_links":{"self":[{"href":"https:\/\/iterra.ge\/ge\/wp-json\/wp\/v2\/product\/34209","targetHints":{"allow":["GET"]}}],"collection":[{"href":"https:\/\/iterra.ge\/ge\/wp-json\/wp\/v2\/product"}],"about":[{"href":"https:\/\/iterra.ge\/ge\/wp-json\/wp\/v2\/types\/product"}],"replies":[{"embeddable":true,"href":"https:\/\/iterra.ge\/ge\/wp-json\/wp\/v2\/comments?post=34209"}],"version-history":[{"count":1,"href":"https:\/\/iterra.ge\/ge\/wp-json\/wp\/v2\/product\/34209\/revisions"}],"predecessor-version":[{"id":65738,"href":"https:\/\/iterra.ge\/ge\/wp-json\/wp\/v2\/product\/34209\/revisions\/65738"}],"wp:featuredmedia":[{"embeddable":true,"href":"https:\/\/iterra.ge\/ge\/wp-json\/wp\/v2\/media\/34208"}],"wp:attachment":[{"href":"https:\/\/iterra.ge\/ge\/wp-json\/wp\/v2\/media?parent=34209"}],"wp:term":[{"taxonomy":"product_brand","embeddable":true,"href":"https:\/\/iterra.ge\/ge\/wp-json\/wp\/v2\/product_brand?post=34209"},{"taxonomy":"product_cat","embeddable":true,"href":"https:\/\/iterra.ge\/ge\/wp-json\/wp\/v2\/product_cat?post=34209"},{"taxonomy":"product_tag","embeddable":true,"href":"https:\/\/iterra.ge\/ge\/wp-json\/wp\/v2\/product_tag?post=34209"}],"curies":[{"name":"wp","href":"https:\/\/api.w.org\/{rel}","templated":true}]}}