{"id":34249,"date":"2025-06-12T10:32:53","date_gmt":"2025-06-12T06:32:53","guid":{"rendered":"https:\/\/iterra.ge\/product\/%e1%83%99%e1%83%90%e1%83%9b%e1%83%94%e1%83%a0%e1%83%90hikvision-ds-2cd1383g0-ic-2-8mmip8mpturretfixir30m\/"},"modified":"2026-02-25T00:00:55","modified_gmt":"2026-02-25T00:00:55","slug":"%e1%83%99%e1%83%90%e1%83%9b%e1%83%94%e1%83%a0%e1%83%90hikvision-ds-2cd1383g0-ic-2-8mmip8mpturretfixir30m","status":"publish","type":"product","link":"https:\/\/iterra.ge\/ge\/product\/%e1%83%99%e1%83%90%e1%83%9b%e1%83%94%e1%83%a0%e1%83%90hikvision-ds-2cd1383g0-ic-2-8mmip8mpturretfixir30m\/","title":{"rendered":"\u10d9\u10d0\u10db\u10d4\u10e0\u10d0,Hikvision, DS-2CD1383G0-I(C), 2.8mm,IP,8mp,Turret,Fix,IR30m,,"},"content":{"rendered":"<p>\u10d9\u10d0\u10db\u10d4\u10e0\u10d0<\/p>\n<p>\u10d2\u10d0\u10db\u10dd\u10e1\u10d0\u10ee\u10e3\u10da\u10d4\u10d1\u10d8\u10e1 \u10e1\u10d4\u10dc\u10e1\u10dd\u10e0\u10d8 1\/2.8&#8243; \u10de\u10e0\u10dd\u10d2\u10e0\u10d4\u10e1\u10e3\u10da\u10d8 \u10e1\u10d9\u10d0\u10dc\u10d8\u10e0\u10d4\u10d1\u10d0 CMOS<br \/>\u10db\u10d0\u10e5\u10e1. \u10d2\u10d0\u10e0\u10e9\u10d4\u10d5\u10d0\u10d3\u10dd\u10d1\u10d0 3840 \u00d7 2160<br \/>\u10db\u10d8\u10dc. IlluminationColor: 0.01 Lux @ (F2.0, AGC ON), B\/W: 0 Lux IR<br \/>\u10e9\u10d0\u10db\u10d9\u10d4\u10e2\u10d8\u10e1 \u10d3\u10e0\u10dd 1\/3 \u10ec\u10db-\u10d3\u10d0\u10dc 1\/100000 \u10ec\u10db-\u10db\u10d3\u10d4<br \/>\u10d3\u10e6\u10d4 \u10d3\u10d0 \u10e6\u10d0\u10db\u10d4 IR \u10ed\u10e0\u10d8\u10e1 \u10e4\u10d8\u10da\u10e2\u10e0\u10d8<br \/>\u10d9\u10e3\u10d7\u10ee\u10d8\u10e1 \u10e0\u10d4\u10d2\u10e3\u10da\u10d8\u10e0\u10d4\u10d1\u10d0 \u10de\u10d0\u10dc\u10d4\u10da\u10d8: 0\u00b0-\u10d3\u10d0\u10dc 360\u00b0-\u10db\u10d3\u10d4, \u10d3\u10d0\u10ee\u10e0\u10d8\u10da\u10dd\u10d1\u10d0: 0\u00b0-\u10d3\u10d0\u10dc 75\u00b0-\u10db\u10d3\u10d4, \u10e0\u10dd\u10e2\u10d0\u10ea\u10d8\u10d0: 0\u00b0-\u10d3\u10d0\u10dc 360\u00b0-\u10db\u10d3\u10d4<br \/>\u10dd\u10d1\u10d8\u10d4\u10e5\u10e2\u10d8\u10d5\u10d8<\/p>\n<p>\u10da\u10d8\u10dc\u10d6\u10d8\u10e1 \u10e2\u10d8\u10de\u10d8 \u10e4\u10d8\u10e5\u10e1\u10d8\u10e0\u10d4\u10d1\u10e3\u10da\u10d8 \u10e4\u10dd\u10d9\u10d0\u10da\u10e3\u10e0\u10d8 \u10dd\u10d1\u10d8\u10d4\u10e5\u10e2\u10d8\u10d5\u10d8, 2.8 \u10d3\u10d0 4 \u10db\u10db \u10e1\u10e3\u10e0\u10d5\u10d8\u10da\u10d8\u10e1\u10d0\u10db\u10d4\u10d1\u10e0<br \/>\u10e4\u10dd\u10d9\u10e3\u10e1\u10e3\u10e0\u10d8 \u10e1\u10d8\u10d2\u10e0\u10eb\u10d4 \u10d3\u10d0 FOV<br \/>2.8 \u10db\u10db, \u10f0\u10dd\u10e0\u10d8\u10d6\u10dd\u10dc\u10e2\u10d0\u10da\u10e3\u10e0\u10d8 FOV 108\u00b0, \u10d5\u10d4\u10e0\u10e2\u10d8\u10d9\u10d0\u10da\u10e3\u10e0\u10d8 FOV 60\u00b0, \u10d3\u10d8\u10d0\u10d2\u10dd\u10dc\u10d0\u10da\u10d8 FOV 127\u00b0<\/p>\n<p>4 \u10db\u10db, \u10f0\u10dd\u10e0\u10d8\u10d6\u10dd\u10dc\u10e2\u10d0\u10da\u10e3\u10e0\u10d8 FOV 86\u00b0, \u10d5\u10d4\u10e0\u10e2\u10d8\u10d9\u10d0\u10da\u10e3\u10e0\u10d8 FOV 46\u00b0, \u10d3\u10d8\u10d0\u10d2\u10dd\u10dc\u10d0\u10da\u10d8 FOV 102\u00b0<\/p>\n<p>\u10da\u10d8\u10dc\u10d6\u10d8\u10e1 \u10e1\u10d0\u10db\u10d0\u10d2\u10e0\u10d8 M12<br \/>Iris TypeFixed<br \/>\u10d3\u10d8\u10d0\u10e4\u10e0\u10d0\u10d2\u10db\u10d0 F2.0<br \/>\u10d3\u10dd\u10e0\u10d8<\/p>\n<p>\u10d3\u10dd\u10e0\u10d8<br \/>2.8 \u10db\u10db, D: 81 \u10db, O: 32 \u10db, R: 16 \u10db, I: 8 \u10db<\/p>\n<p>4 \u10db\u10db, D: 106 \u10db, O: 42 \u10db, R: 21 \u10db, I: 11 \u10db<\/p>\n<p>\u10d8\u10da\u10e3\u10db\u10d8\u10dc\u10d0\u10e2\u10dd\u10e0\u10d8<\/p>\n<p>\u10d3\u10d0\u10dc\u10d0\u10db\u10d0\u10e2\u10d8 Light TypeIR<br \/>\u10d3\u10d0\u10db\u10d0\u10e2\u10d4\u10d1\u10d8\u10d7\u10d8 \u10d2\u10d0\u10dc\u10d0\u10d7\u10d4\u10d1\u10d8\u10e1 \u10d3\u10d8\u10d0\u10de\u10d0\u10d6\u10dd\u10dc\u10d8 30 \u10db-\u10db\u10d3\u10d4<br \/>\u10ed\u10d9\u10d5\u10d8\u10d0\u10dc\u10d8 \u10d3\u10d0\u10dc\u10d0\u10db\u10d0\u10e2\u10d8 \u10db\u10e1\u10e3\u10d1\u10e3\u10e5\u10d8 \u10d3\u10d8\u10d0\u10ee<br \/>IR \u10e2\u10d0\u10da\u10e6\u10d8\u10e1 \u10e1\u10d8\u10d2\u10e0\u10eb\u10d4 850 \u10dc\u10db<br \/>\u10d5\u10d8\u10d3\u10d4\u10dd<\/p>\n<p>\u10db\u10d7\u10d0\u10d5\u10d0\u10e0\u10d8 \u10dc\u10d0\u10d9\u10d0\u10d3\u10d8<br \/>50 \u10f0\u10ea:<\/p>\n<p>12.5 fps (3840 \u00d7 2160),<\/p>\n<p>20 fps (2592 \u00d7 1944),<\/p>\n<p>25 fps (2688 \u00d7 1520, 1920 \u00d7 1080, 1280 \u00d7 720)<\/p>\n<p>60 \u10f0\u10ea:<\/p>\n<p>15 fps (3840 \u00d7 2160),<\/p>\n<p>20 fps (2592 \u00d7 1944),<\/p>\n<p>30 fps (2688 \u00d7 1520, 1920 \u00d7 1080, 1280 \u00d7 720)<\/p>\n<p>\u10e5\u10d5\u10d4-\u10dc\u10d0\u10d9\u10d0\u10d3\u10d8<br \/>50 Hz: 25 fps (1280 \u00d7 720, 640 \u00d7 480, 640 \u00d7 360)<\/p>\n<p>60 Hz: 30 fps (1280 \u00d7 720, 640 \u00d7 480, 640 \u00d7 360)<\/p>\n<p>\u10d5\u10d8\u10d3\u10d4\u10dd \u10e8\u10d4\u10d9\u10e3\u10db\u10e8\u10d5\u10d0<br \/>\u10eb\u10d8\u10e0\u10d8\u10d7\u10d0\u10d3\u10d8 \u10dc\u10d0\u10d9\u10d0\u10d3\u10d8: H.265+\/H.264+\/H.265\/H.264<\/p>\n<p>\u10e5\u10d5\u10d4 \u10dc\u10d0\u10d9\u10d0\u10d3\u10d8: H.265\/H.264\/MJPEG<\/p>\n<p>\u10d5\u10d8\u10d3\u10d4\u10dd \u10d1\u10d8\u10e2\u10d8\u10e1 \u10e1\u10d8\u10ee\u10e8\u10d8\u10e0\u10d4 32 Kbps-\u10d3\u10d0\u10dc 16 Mbps-\u10db\u10d3\u10d4<br \/>H.264 TypeBaseline \u10de\u10e0\u10dd\u10e4\u10d8\u10da\u10d8\/\u10db\u10d7\u10d0\u10d5\u10d0\u10e0\u10d8 \u10de\u10e0\u10dd\u10e4\u10d8\u10da\u10d8\/\u10db\u10d0\u10e6\u10d0\u10da\u10d8 \u10de\u10e0\u10dd\u10e4\u10d8\u10da\u10d8<br \/>H.265 TypeMain \u10de\u10e0\u10dd\u10e4\u10d8\u10da\u10d8<br \/>\u10d1\u10d8\u10e2\u10d8\u10e1 \u10e1\u10d8\u10e9\u10e5\u10d0\u10e0\u10d8\u10e1 \u10d9\u10dd\u10dc\u10e2\u10e0\u10dd\u10da\u10d8CBR\/VBR<br \/>\u10d8\u10dc\u10e2\u10d4\u10e0\u10d4\u10e1\u10d8\u10e1 \u10e0\u10d4\u10d2\u10d8\u10dd\u10dc\u10d8 (ROI)1 \u10e4\u10d8\u10e5\u10e1\u10d8\u10e0\u10d4\u10d1\u10e3\u10da\u10d8 \u10e0\u10d4\u10d2\u10d8\u10dd\u10dc\u10d8 \u10eb\u10d8\u10e0\u10d8\u10d7\u10d0\u10d3\u10d8 \u10dc\u10d0\u10d9\u10d0\u10d3\u10d8\u10e1\u10d7\u10d5\u10d8\u10e1<br \/>\u10e5\u10e1\u10d4\u10da\u10d8<\/p>\n<p>\u10e3\u10e1\u10d0\u10e4\u10e0\u10d7\u10ee\u10dd\u10d4\u10d1\u10d8\u10e1 \u10de\u10d0\u10e0\u10dd\u10da\u10d8\u10e1 \u10d3\u10d0\u10ea\u10d5\u10d0, \u10e0\u10d7\u10e3\u10da\u10d8 \u10de\u10d0\u10e0\u10dd\u10da\u10d8, HTTPS \u10d3\u10d0\u10e8\u10d8\u10e4\u10d5\u10e0\u10d0, 802.1X \u10d0\u10d5\u10e2\u10dd\u10e0\u10d8\u10d6\u10d0\u10ea\u10d8\u10d0 (EAP-MD5), \u10ec\u10e7\u10da\u10d8\u10e1 \u10dc\u10d8\u10e8\u10d0\u10dc\u10d8, IP \u10db\u10d8\u10e1\u10d0\u10db\u10d0\u10e0\u10d7\u10d8\u10e1 \u10e4\u10d8\u10da\u10e2\u10e0\u10d8, \u10eb\u10d8\u10e0\u10d8\u10d7\u10d0\u10d3\u10d8 \u10d3\u10d0 \u10d3\u10d0\u10d8\u10ef\u10d4\u10e1\u10e2\u10d8\u10e1 \u10d0\u10d5\u10e2\u10dd\u10e0\u10d8\u10d6\u10d0\u10ea\u10d8\u10d0 HTTP\/HTTPS, WSSE \u10d3\u10d0 \u10d3\u10d0\u10d8\u10ef\u10d4\u10e1\u10e2\u10d8 \u10d0\u10d5\u10d7\u10d4\u10dc\u10e2\u10d8\u10e4\u10d8\u10d9\u10d0\u10ea\u10d8\u10d0 \u10e6\u10d8\u10d0 \u10e5\u10e1\u10d4\u10da\u10d8\u10e1 \u10d5\u10d8\u10d3\u10d4\u10dd \u10d8\u10dc\u10e2\u10d4\u10e0\u10e4\u10d4\u10d8\u10e1\u10d8\u10e1\u10d7\u10d5\u10d8\u10e1, RTP\/RTSP HTTPS-\u10d6\u10d4, \u10e3\u10e1\u10d0\u10e4\u10e0\u10d7\u10ee\u10dd\u10d4\u10d1\u10d0. \u10d0\u10e3\u10d3\u10d8\u10e2\u10d8\u10e1 \u10df\u10e3\u10e0\u10dc\u10d0\u10da\u10d8, TLS 1.2, \u10f0\u10dd\u10e1\u10e2\u10d8\u10e1 \u10d0\u10d5\u10e2\u10dd\u10e0\u10d8\u10d6\u10d0\u10ea\u10d8\u10d0 (MAC \u10db\u10d8\u10e1\u10d0\u10db\u10d0\u10e0\u10d7\u10d8)<br \/>\u10d4\u10e0\u10d7\u10d3\u10e0\u10dd\u10e3\u10da\u10d8 \u10de\u10d8\u10e0\u10d3\u10d0\u10de\u10d8\u10e0\u10d8 \u10ee\u10d4\u10d3\u10d5\u10d0 6 \u10d0\u10e0\u10ee\u10d0\u10db\u10d3\u10d4<br \/>APIO \u10e6\u10d8\u10d0 \u10e5\u10e1\u10d4\u10da\u10d8\u10e1 \u10d5\u10d8\u10d3\u10d4\u10dd \u10d8\u10dc\u10e2\u10d4\u10e0\u10e4\u10d4\u10d8\u10e1\u10d8 (\u10de\u10e0\u10dd\u10e4\u10d8\u10da\u10d8 S), ISAPI, SDK<br \/>\u10de\u10e0\u10dd\u10e2\u10dd\u10d9\u10dd\u10da\u10d4\u10d1\u10d8TCP\/IP, ICMP, DHCP, DNS, DDNS, HTTP, HTTPS, RTP, RTSP, NTP, UPnP, IGMP, IPv6, UDP, QoS, Bonjour, FTP, 802.1x, SMTP<br \/>\u10db\u10dd\u10db\u10ee\u10db\u10d0\u10e0\u10d4\u10d1\u10d4\u10da\u10d8\/HostUp 32 \u10db\u10dd\u10db\u10ee\u10db\u10d0\u10e0\u10d4\u10d1\u10d4\u10da\u10d8. \u10db\u10dd\u10db\u10ee\u10db\u10d0\u10e0\u10d4\u10d1\u10da\u10d8\u10e1 3 \u10d3\u10dd\u10dc\u10d4: \u10d0\u10d3\u10db\u10d8\u10dc\u10d8\u10e1\u10e2\u10e0\u10d0\u10e2\u10dd\u10e0\u10d8, \u10dd\u10de\u10d4\u10e0\u10d0\u10e2\u10dd\u10e0\u10d8 \u10d3\u10d0 \u10db\u10dd\u10db\u10ee\u10db\u10d0\u10e0\u10d4\u10d1\u10d4\u10da\u10d8<br \/>ClientiVMS-4200, Hik-Connect<br \/>\u10d5\u10d4\u10d1 \u10d1\u10e0\u10d0\u10e3\u10d6\u10d4\u10e0\u10d8<br \/>\u10d3\u10d0\u10dc\u10d0\u10db\u10d0\u10e2\u10d8\u10e1 \u10e1\u10d0\u10ed\u10d8\u10e0\u10dd \u10de\u10d8\u10e0\u10d3\u10d0\u10de\u10d8\u10e0\u10d8 \u10ee\u10d4\u10d3\u10d5\u10d0: IE 10, IE 11<\/p>\n<p>\u10d0\u10d3\u10d2\u10d8\u10da\u10dd\u10d1\u10e0\u10d8\u10d5\u10d8 \u10e1\u10d4\u10e0\u10d5\u10d8\u10e1\u10d8: Chrome 57.0+, Firefox 52.0+<\/p>\n<p>\u10d2\u10d0\u10db\u10dd\u10e1\u10d0\u10ee\u10e3\u10da\u10d4\u10d1\u10d0<\/p>\n<p>\u10e4\u10d0\u10e0\u10d7\u10dd \u10d3\u10d8\u10dc\u10d0\u10db\u10d8\u10e3\u10e0\u10d8 \u10d3\u10d8\u10d0\u10de\u10d0\u10d6\u10dd\u10dc\u10d8 (WDR) 120 \u10d3\u10d1<br \/>SNR\u2265 52 dB<br \/>\u10d3\u10e6\u10d4\/\u10e6\u10d0\u10db\u10d8\u10e1 \u10e8\u10d4\u10ea\u10d5\u10da\u10d0 \u10d3\u10e6\u10d4, \u10e6\u10d0\u10db\u10d4, \u10d0\u10d5\u10e2\u10dd\u10db\u10d0\u10e2\u10e3\u10e0\u10d8, \u10d2\u10d0\u10dc\u10e0\u10d8\u10d2\u10d8<br \/>\u10d2\u10d0\u10db\u10dd\u10e1\u10d0\u10ee\u10e3\u10da\u10d4\u10d1\u10d8\u10e1 \u10d2\u10d0\u10e3\u10db\u10ef\u10dd\u10d1\u10d4\u10e1\u10d4\u10d1\u10d0BLC, HLC, 3D DNR<br \/>\u10e1\u10e3\u10e0\u10d0\u10d7\u10d8\u10e1 \u10de\u10d0\u10e0\u10d0\u10db\u10d4\u10e2\u10e0\u10d4\u10d1\u10d8 \u10d1\u10e0\u10e3\u10dc\u10d5\u10d8\u10e1 \u10e0\u10d4\u10df\u10d8\u10db\u10d8, \u10d2\u10d0\u10ef\u10d4\u10e0\u10d4\u10d1\u10d0, \u10e1\u10d8\u10d9\u10d0\u10e8\u10d9\u10d0\u10e8\u10d4, \u10d9\u10dd\u10dc\u10e2\u10e0\u10d0\u10e1\u10e2\u10d8, \u10e1\u10d8\u10db\u10d9\u10d5\u10d4\u10d7\u10e0\u10d4, \u10db\u10dd\u10db\u10d0\u10e2\u10d4\u10d1\u10d0, \u10d7\u10d4\u10d7\u10e0\u10d8 \u10d1\u10d0\u10da\u10d0\u10dc\u10e1\u10d8 \u10e0\u10d4\u10d2\u10e3\u10da\u10d8\u10e0\u10d4\u10d1\u10d0\u10d3\u10d8 \u10d9\u10da\u10d8\u10d4\u10dc\u10e2\u10d8\u10e1 \u10de\u10e0\u10dd\u10d2\u10e0\u10d0\u10db\u10e3\u10da\u10d8 \u10e3\u10d6\u10e0\u10e3\u10dc\u10d5\u10d4\u10da\u10e7\u10dd\u10e4\u10d8\u10e1 \u10d0\u10dc \u10d5\u10d4\u10d1 \u10d1\u10e0\u10d0\u10e3\u10d6\u10d4\u10e0\u10d8\u10e1 \u10db\u10d8\u10d4\u10e0.<br \/>Privacy Mask4 \u10d9\u10dd\u10dc\u10e4\u10d8\u10d3\u10d4\u10dc\u10ea\u10d8\u10d0\u10da\u10e3\u10e0\u10dd\u10d1\u10d8\u10e1 \u10dc\u10d8\u10e6\u10d1\u10d8\u10e1 \u10e0\u10d4\u10d2\u10d8\u10dd\u10dc\u10d4\u10d1\u10d8<br \/>\u10d8\u10dc\u10e2\u10d4\u10e0\u10e4\u10d4\u10d8\u10e1\u10d8<\/p>\n<p>Ethernet \u10d8\u10dc\u10e2\u10d4\u10e0\u10e4\u10d4\u10d8\u10e1\u10d81 RJ45 10 M\/100 M \u10d7\u10d5\u10d8\u10d7\u10d0\u10d3\u10d0\u10de\u10e2\u10d8\u10e0\u10d4\u10d1\u10d0\u10d3\u10d8 Ethernet \u10de\u10dd\u10e0\u10e2\u10d8<br \/>\u10e6\u10dd\u10dc\u10d8\u10e1\u10eb\u10d8\u10d4\u10d1\u10d0<\/p>\n<p>\u10eb\u10d8\u10e0\u10d8\u10d7\u10d0\u10d3\u10d8 EventMotion \u10d2\u10d0\u10db\u10dd\u10d5\u10da\u10d4\u10dc\u10d0, \u10d5\u10d8\u10d3\u10d4\u10dd \u10db\u10d0\u10e0\u10ea\u10ee\u10d8\u10e1 \u10e1\u10d8\u10d2\u10dc\u10d0\u10da\u10d8\u10d6\u10d0\u10ea\u10d8\u10d0, \u10d2\u10d0\u10db\u10dd\u10dc\u10d0\u10d9\u10da\u10d8\u10e1\u10d8<br \/>Linkage Notify \u10e1\u10d0\u10d7\u10d5\u10d0\u10da\u10d7\u10d5\u10d0\u10da\u10dd \u10ea\u10d4\u10dc\u10e2\u10e0\u10d8, \u10e2\u10e0\u10d8\u10d2\u10d4\u10e0\u10d8\u10e1 \u10d3\u10d0\u10ed\u10d4\u10e0\u10d0<br \/>\u10d2\u10d4\u10dc\u10d4\u10e0\u10d0\u10da\u10d8<\/p>\n<p>\u10eb\u10d0\u10da\u10d0\u10e3\u10e4\u10da\u10d4\u10d1\u10d0<br \/>12 VDC \u00b1 25%, 0.4 A, \u10db\u10d0\u10e5\u10e1. 5 \u10d5\u10e2, \u00d85,5 \u10db\u10db \u10d9\u10dd\u10d0\u10e5\u10e1\u10d8\u10d0\u10da\u10e3\u10e0\u10d8 \u10d3\u10d4\u10dc\u10d8\u10e1 \u10e8\u10e2\u10d4\u10e4\u10e1\u10d4\u10da\u10d8<\/p>\n<p>PoE: 802.3af, \u10d9\u10da\u10d0\u10e1\u10d8 3, 36 V-\u10d3\u10d0\u10dc 57 V-\u10db\u10d3\u10d4, 0.2 A-\u10d3\u10d0\u10dc 0.15 A-\u10db\u10d3\u10d4, \u10db\u10d0\u10e5\u10e1. 6,5 \u10d5\u10e2<\/p>\n<p>\u10db\u10d0\u10e1\u10d0\u10da\u10d0 \u10db\u10d4\u10e2\u10d0\u10da\u10d8 \u10d3\u10d0 \u10de\u10da\u10d0\u10e1\u10e2\u10db\u10d0\u10e1\u10d8<br \/>\u10d6\u10dd\u10db\u10d0\u00d8110 \u10db\u10db \u00d7 92.4 \u10db\u10db (\u00d84.3&#8243; \u00d7 3.6&#8243;)<br \/>\u10de\u10d0\u10d9\u10d4\u10e2\u10d8\u10e1 \u10d6\u10dd\u10db\u10d0 150 \u10db\u10db \u00d7 150 \u10db\u10db \u00d7 141 \u10db\u10db (5.9&#8243; \u00d7 5.9&#8243; \u00d7 5.6&#8243;)<br \/>\u10ec\u10dd\u10dc\u10d0 \u10d3\u10d0\u10d0\u10ee\u10da. 330 \u10d2 (0,7 \u10e4\u10e3\u10dc\u10e2\u10d8)<br \/>\u10de\u10d0\u10d9\u10d4\u10e2\u10d8\u10e1 \u10ec\u10dd\u10dc\u10d8\u10d7 \u10d3\u10d0\u10d0\u10ee\u10da. 530 \u10d2 (1,2 \u10e4\u10e3\u10dc\u10e2\u10d8)<br \/>\u10e8\u10d4\u10dc\u10d0\u10ee\u10d5\u10d8\u10e1 \u10de\u10d8\u10e0\u10dd\u10d1\u10d4\u10d1\u10d8-30 \u00b0C-\u10d3\u10d0\u10dc 60 \u00b0C-\u10db\u10d3\u10d4 (-22 \u00b0F-\u10d3\u10d0\u10dc 140 \u00b0F-\u10db\u10d3\u10d4). \u10e2\u10d4\u10dc\u10d8\u10d0\u10dc\u10dd\u10d1\u10d0 95% \u10d0\u10dc \u10dc\u10d0\u10d9\u10da\u10d4\u10d1\u10d8 (\u10d0\u10e0\u10d0\u10d9\u10dd\u10dc\u10d3\u10d4\u10dc\u10e1\u10d8\u10e0\u10d4\u10d1\u10d0\u10d3\u10d8)<br \/>\u10d2\u10d0\u10e8\u10d5\u10d4\u10d1\u10d8\u10e1 \u10d3\u10d0 \u10db\u10e3\u10e8\u10d0\u10dd\u10d1\u10d8\u10e1 \u10de\u10d8\u10e0\u10dd\u10d1\u10d4\u10d1\u10d8-30 \u00b0C-\u10d3\u10d0\u10dc 60 \u00b0C-\u10db\u10d3\u10d4 (-22 \u00b0F-\u10d3\u10d0\u10dc 140 \u00b0F-\u10db\u10d3\u10d4). \u10e2\u10d4\u10dc\u10d8\u10d0\u10dc\u10dd\u10d1\u10d0 95% \u10d0\u10dc \u10dc\u10d0\u10d9\u10da\u10d4\u10d1\u10d8 (\u10d0\u10e0\u10d0\u10d9\u10dd\u10dc\u10d3\u10d4\u10dc\u10e1\u10d8\u10e0\u10d4\u10d1\u10d0\u10d3\u10d8)<br \/>\u10d4\u10dc\u10d0 \u10d8\u10dc\u10d2\u10da\u10d8\u10e1\u10e3\u10e0\u10d8, \u10e3\u10d9\u10e0\u10d0\u10d8\u10dc\u10e3\u10da\u10d8<br \/>\u10d6\u10dd\u10d2\u10d0\u10d3\u10d8 \u10e4\u10e3\u10dc\u10e5\u10ea\u10d8\u10d0 \u10ea\u10d8\u10db\u10ea\u10d8\u10db\u10d8\u10e1 \u10e1\u10d0\u10ec\u10d8\u10dc\u10d0\u10d0\u10e6\u10db\u10d3\u10d4\u10d2\u10dd, \u10d2\u10e3\u10da\u10d8\u10e1\u10ea\u10d4\u10db\u10d0, \u10e1\u10d0\u10e0\u10d9\u10d4, \u10de\u10d0\u10e0\u10dd\u10da\u10d8\u10e1 \u10d3\u10d0\u10ea\u10d5\u10d0, \u10de\u10d0\u10e0\u10dd\u10da\u10d8\u10e1 \u10d2\u10d0\u10d3\u10d0\u10e2\u10d5\u10d8\u10e0\u10d7\u10d5\u10d0 \u10d4\u10da\u10d4\u10e5\u10e2\u10e0\u10dd\u10dc\u10e3\u10da\u10d8 \u10e4\u10dd\u10e1\u10e2\u10d8\u10d7<br \/>\u10d3\u10d0\u10db\u10e2\u10d9\u10d8\u10ea\u10d4\u10d1\u10d0<\/p>\n<p>EMC<br \/>FCC (47 CFR \u10dc\u10d0\u10ec\u10d8\u10da\u10d8 15, \u10e5\u10d5\u10d4\u10dc\u10d0\u10ec\u10d8\u10da\u10d8 B)<\/p>\n<p>CE-EMC (EN 55032: 2015, EN 61000-3-2: 2019, EN 61000-3-3: 2013+A1: 2019, EN 50130-4: 2011+A1: 2014)<\/p>\n<p>RCM (AS\/NZS CISPR 32: 2015)<\/p>\n<p>IC (ICES-003: \u10d2\u10d0\u10db\u10dd\u10ea\u10d4\u10db\u10d0 7)<\/p>\n<p>KC (KN32: 2015, KN35: 2015)<\/p>\n<p>\u10e3\u10e1\u10d0\u10e4\u10e0\u10d7\u10ee\u10dd\u10d4\u10d1\u10d0<br \/>UL (UL 62368-1)<\/p>\n<p>CB (IEC 62368-1: 2014+A11)<\/p>\n<p>CE-LVD (EN 62368-1: 2014\/A11: 2017)<\/p>\n<p>BIS (IS 13252 (\u10dc\u10d0\u10ec\u10d8\u10da\u10d8 1): 2010\/IEC 60950-1: 2005)<\/p>\n<p>\u10d2\u10d0\u10e0\u10d4\u10db\u10dd<br \/>CE-RoHS (2011\/65\/EU)<\/p>\n<p>WEEE (2012\/19\/EU)<\/p>\n<p>Reach (\u10e0\u10d4\u10d2\u10e3\u10da\u10d0\u10ea\u10d8\u10d0 (EC) No 1907\/2006)<\/p>\n<p>ProtectionIP67 (IEC 60529-2013)<\/p>","protected":false},"excerpt":{"rendered":"<p>\u10d9\u10d0\u10db\u10d4\u10e0\u10d0 \u10d2\u10d0\u10db\u10dd\u10e1\u10d0\u10ee\u10e3\u10da\u10d4\u10d1\u10d8\u10e1 \u10e1\u10d4\u10dc\u10e1\u10dd\u10e0\u10d8 1\/2.8&#8243; \u10de\u10e0\u10dd\u10d2\u10e0\u10d4\u10e1\u10e3\u10da\u10d8 \u10e1\u10d9\u10d0\u10dc\u10d8\u10e0\u10d4\u10d1\u10d0 CMOS\u10db\u10d0\u10e5\u10e1. \u10d2\u10d0\u10e0\u10e9\u10d4\u10d5\u10d0\u10d3\u10dd\u10d1\u10d0 3840 \u00d7 2160\u10db\u10d8\u10dc. IlluminationColor: 0.01 Lux @ (F2.0, AGC ON), B\/W: 0<\/p>","protected":false},"featured_media":34246,"comment_status":"open","ping_status":"closed","template":"","meta":[],"product_brand":[],"product_cat":[828,820],"product_tag":[],"class_list":{"0":"post-34249","1":"product","2":"type-product","3":"status-publish","4":"has-post-thumbnail","6":"product_cat-8mp-ip-cameras","7":"product_cat-wall-mounting-cabinets","9":"first","10":"instock","11":"taxable","12":"shipping-taxable","13":"purchasable","14":"product-type-simple"},"_links":{"self":[{"href":"https:\/\/iterra.ge\/ge\/wp-json\/wp\/v2\/product\/34249","targetHints":{"allow":["GET"]}}],"collection":[{"href":"https:\/\/iterra.ge\/ge\/wp-json\/wp\/v2\/product"}],"about":[{"href":"https:\/\/iterra.ge\/ge\/wp-json\/wp\/v2\/types\/product"}],"replies":[{"embeddable":true,"href":"https:\/\/iterra.ge\/ge\/wp-json\/wp\/v2\/comments?post=34249"}],"version-history":[{"count":1,"href":"https:\/\/iterra.ge\/ge\/wp-json\/wp\/v2\/product\/34249\/revisions"}],"predecessor-version":[{"id":65733,"href":"https:\/\/iterra.ge\/ge\/wp-json\/wp\/v2\/product\/34249\/revisions\/65733"}],"wp:featuredmedia":[{"embeddable":true,"href":"https:\/\/iterra.ge\/ge\/wp-json\/wp\/v2\/media\/34246"}],"wp:attachment":[{"href":"https:\/\/iterra.ge\/ge\/wp-json\/wp\/v2\/media?parent=34249"}],"wp:term":[{"taxonomy":"product_brand","embeddable":true,"href":"https:\/\/iterra.ge\/ge\/wp-json\/wp\/v2\/product_brand?post=34249"},{"taxonomy":"product_cat","embeddable":true,"href":"https:\/\/iterra.ge\/ge\/wp-json\/wp\/v2\/product_cat?post=34249"},{"taxonomy":"product_tag","embeddable":true,"href":"https:\/\/iterra.ge\/ge\/wp-json\/wp\/v2\/product_tag?post=34249"}],"curies":[{"name":"wp","href":"https:\/\/api.w.org\/{rel}","templated":true}]}}