{"id":34615,"date":"2025-06-12T10:38:34","date_gmt":"2025-06-12T06:38:34","guid":{"rendered":"https:\/\/iterra.ge\/product\/%e1%83%99%e1%83%90%e1%83%9b%e1%83%94%e1%83%a0%e1%83%90hiwatch-ds-i450mc-2-8mmip4mpbulletfixir30m\/"},"modified":"2026-02-25T00:00:59","modified_gmt":"2026-02-25T00:00:59","slug":"%e1%83%99%e1%83%90%e1%83%9b%e1%83%94%e1%83%a0%e1%83%90hiwatch-ds-i450mc-2-8mmip4mpbulletfixir30m","status":"publish","type":"product","link":"https:\/\/iterra.ge\/ge\/product\/%e1%83%99%e1%83%90%e1%83%9b%e1%83%94%e1%83%a0%e1%83%90hiwatch-ds-i450mc-2-8mmip4mpbulletfixir30m\/","title":{"rendered":"\u10d9\u10d0\u10db\u10d4\u10e0\u10d0,Hiwatch, DS-I450M(C) 2.8mm,IP,4mp,Bullet,Fix,IR30m,,"},"content":{"rendered":"<p>\uf06e \u10e1\u10de\u10d4\u10ea\u10d8\u10e4\u10d8\u10d9\u10d0\u10ea\u10d8\u10d4\u10d1\u10d8<br \/>\u10d9\u10d0\u10db\u10d4\u10e0\u10d0<br \/>\u10e1\u10d4\u10dc\u10e1\u10dd\u10e0\u10d8 1\/3\u2033 \u10de\u10e0\u10dd\u10d2\u10e0\u10d4\u10e1\u10e3\u10da\u10d8 \u10e1\u10d9\u10d0\u10dc\u10d8\u10e0\u10d4\u10d1\u10d0 CMOS<br \/>\u10db\u10d0\u10e5\u10e1\u10d8\u10db\u10d0\u10da\u10e3\u10e0\u10d8 \u10d2\u10d0\u10e0\u10e9\u10d4\u10d5\u10d0\u10d3\u10dd\u10d1\u10d0 2560 \u00d7 1440<br \/>\u10d4\u10da\u10d4\u10e5\u10e2\u10e0\u10dd\u10dc\u10e3\u10da\u10d8 \u10e9\u10d0\u10db\u10d9\u10d4\u10e2\u10d8\u10e1 \u10e1\u10d8\u10e9\u10e5\u10d0\u10e0\u10d4 1\/3 \u10d3\u10d0\u10dc 1\/100000 \u10ec\u10db<br \/>\u10db\u10d2\u10e0\u10eb\u10dc\u10dd\u10d1\u10d4\u10da\u10dd\u10d1\u10d0 \u10e4\u10d4\u10e0\u10d8: 0,005 \u10da\u10e3\u10e5\u10e1\u10d8 @ (F1,6, AGC \u10e9\u10d0\u10e0\u10d7\u10e3\u10da\u10d8), \u10e8\u10d0\u10d5\/\u10d7\u10d4\u10d7\u10e0\u10d8: 0 \u10da\u10e3\u10e5\u10e1\u10d8 IR \u10d2\u10d0\u10dc\u10d0\u10d7\u10d4\u10d1\u10d8\u10d7<br \/>\u10d3\u10e6\u10d8\u10e1\/\u10e6\u10d0\u10db\u10d8\u10e1 \u10e0\u10d4\u10df\u10d8\u10db\u10d8\u10e1 IR-\u10d3\u10d0\u10ed\u10e0\u10d8\u10da\u10d8 \u10e4\u10d8\u10da\u10e2\u10e0\u10d8<br \/>\u10d9\u10e3\u10d7\u10ee\u10d8\u10e1 \u10e0\u10d4\u10d2\u10e3\u10da\u10d8\u10e0\u10d4\u10d1\u10d8\u10e1 \u10de\u10d0\u10dc\u10d4\u10da\u10d8: 0-\u10d3\u10d0\u10dc 360\u00b0-\u10db\u10d3\u10d4, \u10d3\u10d0\u10ee\u10e0\u10d8\u10da\u10dd\u10d1\u10d0: 0-\u10d3\u10d0\u10dc 90\u00b0-\u10db\u10d3\u10d4, \u10e0\u10dd\u10e2\u10d0\u10ea\u10d8\u10d0: 0-\u10d3\u10d0\u10dc 360\u00b0-\u10db\u10d3\u10d4<\/p>\n<p>\u10dd\u10d1\u10d8\u10d4\u10e5\u10e2\u10d8\u10d5\u10d8<br \/>\u10da\u10d8\u10dc\u10d6\u10d8\u10e1 \u10e2\u10d8\u10de\u10d8 \u10e4\u10d8\u10e5\u10e1\u10d8\u10e0\u10d4\u10d1\u10e3\u10da\u10d8 \u10dd\u10d1\u10d8\u10d4\u10e5\u10e2\u10d8\u10d5\u10d8 2.8 \u10d3\u10d0 4 \u10db\u10db (\u10e1\u10e3\u10e0\u10d5\u10d8\u10da\u10d8\u10e1\u10d0\u10db\u10d4\u10d1\u10e0)<br \/>\u10e4\u10dd\u10d9\u10e3\u10e1\u10e3\u10e0\u10d8 \u10e1\u10d8\u10d2\u10e0\u10eb\u10d4<br \/>\u10d3\u10d0 \u10ee\u10d4\u10d3\u10d5\u10d8\u10e1 \u10d9\u10e3\u10d7\u10ee\u10d4<br \/>2.8 \u10db\u10db, \u10f0\u10dd\u10e0\u10d8\u10d6\u10dd\u10dc\u10e2\u10d0\u10da\u10e3\u10e0\u10d8: 98\u00b0, \u10d5\u10d4\u10e0\u10e2\u10d8\u10d9\u10d0\u10da\u10e3\u10e0\u10d8: 54\u00b0, \u10d3\u10d8\u10d0\u10d2\u10dd\u10dc\u10d0\u10da\u10d8: 114\u00b0<br \/>4 \u10db\u10db, \u10f0\u10dd\u10e0\u10d8\u10d6\u10dd\u10dc\u10e2\u10d0\u10da\u10e3\u10e0\u10d8: 78\u00b0, \u10d5\u10d4\u10e0\u10e2\u10d8\u10d9\u10d0\u10da\u10e3\u10e0\u10d8: 42\u00b0, \u10d3\u10d8\u10d0\u10d2\u10dd\u10dc\u10d0\u10da\u10d8: 93\u00b0<br \/>\u10da\u10d8\u10dc\u10d6\u10d8\u10e1 \u10e1\u10d0\u10db\u10d0\u10d2\u10e0\u10d8 M12<br \/>\u10d3\u10d8\u10d0\u10e4\u10e0\u10d0\u10d2\u10db\u10d8\u10e1 \u10e2\u10d8\u10de\u10d8 \u10e4\u10d8\u10e5\u10e1\u10d8\u10e0\u10d3\u10d4\u10d1\u10d0<br \/>\u10d3\u10d8\u10d0\u10e4\u10e0\u10d0\u10d2\u10db\u10d0 F1.6<br \/>\u10d3\u10dd\u10e0\u10d8<br \/>DORI 2.8 \u10db\u10db, D: 63 \u10db, O: 25 \u10db, R: 12 \u10db, I: 6 \u10db<br \/>4 \u10db\u10db, D: 78 \u10db, O: 31 \u10db, R: 15 \u10db, I: 7 \u10db<br \/>\u10d2\u10d0\u10dc\u10d0\u10d7\u10d4\u10d1\u10d0<br \/>\u10d2\u10d0\u10dc\u10d0\u10d7\u10d4\u10d1\u10d8\u10e1 \u10e2\u10d8\u10de\u10d8 IR \u10d2\u10d0\u10dc\u10d0\u10d7\u10d4\u10d1\u10d0 \u10d3\u10d0 \u10d7\u10d4\u10d7\u10e0\u10d8 \u10d2\u10d0\u10dc\u10d0\u10d7\u10d4\u10d1\u10d0<br \/>\u10d3\u10d0\u10db\u10d0\u10e2\u10d4\u10d1\u10d8\u10d7\u10d8 \u10d3\u10d8\u10d0\u10de\u10d0\u10d6\u10dd\u10dc\u10d8<br \/>\u10d2\u10d0\u10dc\u10d0\u10d7\u10d4\u10d1\u10d0<br \/>IR \u10d2\u10d0\u10dc\u10d0\u10d7\u10d4\u10d1\u10d0: 30 \u10db-\u10db\u10d3\u10d4<br \/>\u10d7\u10d4\u10d7\u10e0\u10d8 \u10d2\u10d0\u10dc\u10d0\u10d7\u10d4\u10d1\u10d0: 20 \u10db-\u10db\u10d3\u10d4<br \/>\u10d8\u10dc\u10e2\u10d4\u10da\u10d4\u10e5\u10e2\u10e3\u10d0\u10da\u10e3\u10e0\u10d8 \u10d2\u10d0\u10dc\u10d0\u10d7\u10d4\u10d1\u10d0 \u10d3\u10d8\u10d0\u10ee<br \/>\u10d8\u10dc\u10e4\u10e0\u10d0\u10ec\u10d8\u10d7\u10d4\u10da\u10d8 \u10e2\u10d0\u10da\u10e6\u10d4\u10d1\u10d8 850 \u10dc\u10db<br \/>\u10d5\u10d8\u10d3\u10d4\u10dd<br \/>\u10db\u10d7\u10d0\u10d5\u10d0\u10e0\u10d8 \u10dc\u10d0\u10d9\u10d0\u10d3\u10d8<br \/>50 \u10f0\u10ea:<br \/>20 fps (2560 \u00d7 1440)<br \/>25 fps (1920 \u00d7 1080, 1280 \u00d7 720)<br \/>60 \u10f0\u10ea:<br \/>20 fps (2560 \u00d7 1440)<br \/>24 fps (1920 \u00d7 1080, 1280 \u00d7 720)<br \/>\u10e5\u10d5\u10d4 \u10dc\u10d0\u10d9\u10d0\u10d3\u10d8 50 Hz: 25 fps (1280 \u00d7 720, 640 \u00d7 480, 640 \u00d7 360)<br \/>60 Hz: 24 fps (1280 \u00d7 720, 640 \u00d7 480, 640 \u00d7 360)<br \/>\u10d5\u10d8\u10d3\u10d4\u10dd \u10e8\u10d4\u10d9\u10e3\u10db\u10e8\u10d5\u10d8\u10e1 \u10db\u10d7\u10d0\u10d5\u10d0\u10e0\u10d8 \u10dc\u10d0\u10d9\u10d0\u10d3\u10d8: H.265+ \/ H.265 \/ H.264+ \/ H.264,<br \/>\u10e5\u10d5\u10d4\u10dc\u10d0\u10d9\u10d0\u10d3\u10d8\u10e1 \u10dc\u10d0\u10d9\u10d0\u10d3\u10d8: H.265 \/ H.264 \/ MJPEG<br \/>\u10d5\u10d8\u10d3\u10d4\u10dd \u10d1\u10d8\u10e2\u10d8\u10e1 \u10e1\u10d8\u10ee\u10e8\u10d8\u10e0\u10d4 32 \u10d9\u10d1\u10d8\u10e2\u10d8\/\u10ec\u10db-\u10d3\u10d0\u10dc 8 \u10db\u10d1\u10d8\u10e2\/\u10ec\u10db-\u10db\u10d3\u10d4<br \/>H.264 \u10de\u10e0\u10dd\u10e4\u10d8\u10da\u10d8 \u10e1\u10d0\u10d1\u10d0\u10d6\u10d8\u10e1\u10dd \u10de\u10e0\u10dd\u10e4\u10d8\u10da\u10d8 \/ \u10db\u10d7\u10d0\u10d5\u10d0\u10e0\u10d8 \u10de\u10e0\u10dd\u10e4\u10d8\u10da\u10d8 \/ \u10db\u10d0\u10e6\u10d0\u10da\u10d8 \u10de\u10e0\u10dd\u10e4\u10d8\u10da\u10d8<br \/>H.265 \u10de\u10e0\u10dd\u10e4\u10d8\u10da\u10d8\u10e1 \u10db\u10d7\u10d0\u10d5\u10d0\u10e0\u10d8 \u10de\u10e0\u10dd\u10e4\u10d8\u10da\u10d8<br \/>\u10d1\u10d8\u10e2\u10e3\u10e0\u10d8 \u10e1\u10d8\u10ee\u10e8\u10d8\u10e0\u10d4 CBR, VBR<br \/>\u10d8\u10dc\u10e2\u10d4\u10e0\u10d4\u10e1\u10d8\u10e1 \u10e0\u10d4\u10d2\u10d8\u10dd\u10dc\u10d8 (ROI) 1 \u10e4\u10d8\u10e5\u10e1\u10d8\u10e0\u10d4\u10d1\u10e3\u10da\u10d8 \u10e0\u10d4\u10d2\u10d8\u10dd\u10dc\u10d8 \u10eb\u10d8\u10e0\u10d8\u10d7\u10d0\u10d3\u10d8 \u10dc\u10d0\u10d9\u10d0\u10d3\u10d8\u10e1\u10d7\u10d5\u10d8\u10e1<br \/>\u10d0\u10e3\u10d3\u10d8\u10dd<br \/>\u10d0\u10e3\u10d3\u10d8\u10dd \u10e2\u10d8\u10de\u10d8 \u10db\u10dd\u10dc\u10dd<br \/>\u10d0\u10e2\u10db\u10dd\u10e1\u10e4\u10d4\u10e0\u10e3\u10da\u10d8 \u10ee\u10db\u10d0\u10e3\u10e0\u10d8\u10e1 \u10e4\u10d8\u10da\u10e2\u10e0\u10d0\u10ea\u10d8\u10d0<br \/>\u10d3\u10d8\u10d0\u10ee<br \/>\u10e8\u10d4\u10e0\u10e9\u10d4\u10d5\u10d8\u10e1 \u10e1\u10d8\u10ee\u10e8\u10d8\u10e0\u10d4 8 \/ 16 kHz<br \/>\u10d0\u10e3\u10d3\u10d8\u10dd<br \/>\u10d0\u10e3\u10d3\u10d8\u10dd \u10e8\u10d4\u10d9\u10e3\u10db\u10e8\u10d5\u10d0 G.711ulaw \/ G.711alaw \/ G.722.1 \/ G.726 \/ MP2L2 \/ PCM \/ AAC-LC<br \/>\u10d0\u10e3\u10d3\u10d8\u10dd \u10e1\u10d8\u10ee\u10e8\u10d8\u10e0\u10d4 64 kbps (G.711 ulaw) \/ 64 kbps (G.711 alaw) \/ 16 kbps (G.722.1) \/<br \/>16 kbps (G.726) \/ 32-\u10d3\u10d0\u10dc 160 kbps (MP2L2) \/ 16-\u10d3\u10d0\u10dc 64 kbps-\u10db\u10d3\u10d4 (AAC-LC)<br \/>\u10e5\u10e1\u10d4\u10da\u10d8<br \/>\u10e3\u10e1\u10d0\u10e4\u10e0\u10d7\u10ee\u10dd\u10d4\u10d1\u10d0<br \/>\u10de\u10d0\u10e0\u10dd\u10da\u10d8\u10e1 \u10d3\u10d0\u10ea\u10d5\u10d0, \u10e0\u10d7\u10e3\u10da\u10d8 \u10de\u10d0\u10e0\u10dd\u10da\u10d8, \u10ed\u10d5\u10d8\u10e0\u10dc\u10d8\u10e8\u10d0\u10dc\u10d8, \u10eb\u10d8\u10e0\u10d8\u10d7\u10d0\u10d3\u10d8 \u10d3\u10d0 \u10d3\u10d0\u10d8\u10ef\u10d4\u10e1\u10e2\u10d8\u10e1 \u10d0\u10d5\u10e2\u10dd\u10e0\u10d8\u10d6\u10d0\u10ea\u10d8\u10d0 HTTP, WSSE \u10d3\u10d0 \u10d3\u10d0\u10d8\u10ef\u10d4\u10e1\u10e2\u10d8\u10e1 \u10d0\u10d5\u10d7\u10d4\u10dc\u10e2\u10d8\u10e4\u10d8\u10d9\u10d0\u10ea\u10d8\u10d8\u10e1\u10d7\u10d5\u10d8\u10e1<br \/>OVI-\u10e1\u10d7\u10d5\u10d8\u10e1, \u10e3\u10e1\u10d0\u10e4\u10e0\u10d7\u10ee\u10dd\u10d4\u10d1\u10d8\u10e1 \u10d0\u10e3\u10d3\u10d8\u10e2\u10d8\u10e1 \u10df\u10e3\u10e0\u10dc\u10d0\u10da\u10d8, \u10f0\u10dd\u10e1\u10e2\u10d8\u10e1 \u10d0\u10d5\u10d7\u10d4\u10dc\u10e2\u10d8\u10e4\u10d8\u10d9\u10d0\u10ea\u10d8\u10d0 (MAC \u10db\u10d8\u10e1\u10d0\u10db\u10d0\u10e0\u10d7\u10d8)<br \/>\u10d4\u10e0\u10d7\u10d3\u10e0\u10dd\u10e3\u10da\u10d8 \u10de\u10d8\u10e0\u10d3\u10d0\u10de\u10d8\u10e0\u10d8 \u10e7\u10e3\u10e0\u10d4\u10d1\u10d0<br \/>6-\u10db\u10d3\u10d4 \u10d0\u10e0\u10ee\u10d8<br \/>API OVI (\u10de\u10e0\u10dd\u10e4\u10d8\u10da\u10d8 S, \u10de\u10e0\u10dd\u10e4\u10d8\u10da\u10d8 T, \u10de\u10e0\u10dd\u10e4\u10d8\u10da\u10d8 G), ISAPI, SDK<br \/>\u10de\u10e0\u10dd\u10e2\u10dd\u10d9\u10dd\u10da\u10d4\u10d1\u10d8 TCP \/ IP, ICMP, DHCP, DNS, HTTP, RTP, RTSP, NTP, IGMP, IPv6, UDP, QoS, FTP, SMTP<br \/>\u10db\u10dd\u10db\u10ee\u10db\u10d0\u10e0\u10d4\u10d1\u10d4\u10da\u10d8 \/ \u10db\u10d0\u10e1\u10de\u10d8\u10dc\u10eb\u10d4\u10da\u10d8<br \/>32-\u10db\u10d3\u10d4 \u10db\u10dd\u10db\u10ee\u10db\u10d0\u10e0\u10d4\u10d1\u10d4\u10da\u10d8<br \/>\u10db\u10dd\u10db\u10ee\u10db\u10d0\u10e0\u10d4\u10d1\u10da\u10d8\u10e1 3 \u10d3\u10dd\u10dc\u10d4: \u10d0\u10d3\u10db\u10d8\u10dc\u10d8\u10e1\u10e2\u10e0\u10d0\u10e2\u10dd\u10e0\u10d8, \u10dd\u10de\u10d4\u10e0\u10d0\u10e2\u10dd\u10e0\u10d8 \u10d3\u10d0 \u10db\u10dd\u10db\u10ee\u10db\u10d0\u10e0\u10d4\u10d1\u10d4\u10da\u10d8<br \/>\u10d9\u10da\u10d8\u10d4\u10dc\u10e2\u10d8 iVMS-4200, Hik-Connect<br \/>\u10d5\u10d4\u10d1 \u10d8\u10dc\u10e2\u10d4\u10e0\u10e4\u10d4\u10d8\u10e1\u10d8 \u10e1\u10d0\u10ed\u10d8\u10e0\u10dd\u10d4\u10d1\u10e1 \u10d3\u10d0\u10dc\u10d0\u10db\u10d0\u10e2\u10e1 \u10de\u10d8\u10e0\u10d3\u10d0\u10de\u10d8\u10e0\u10d8 \u10e1\u10d0\u10dc\u10d0\u10ee\u10d0\u10d5\u10d0\u10d3: IE 10, IE 11,<br \/>\u10d0\u10d3\u10d2\u10d8\u10da\u10dd\u10d1\u10e0\u10d8\u10d5\u10d8 \u10e1\u10d4\u10e0\u10d5\u10d8\u10e1\u10d4\u10d1\u10d8: Chrome 57.0+, Firefox 52.0+<br \/>\u10d2\u10d0\u10db\u10dd\u10e1\u10d0\u10ee\u10e3\u10da\u10d4\u10d1\u10d0<br \/>\u10e4\u10d0\u10e0\u10d7\u10dd \u10d3\u10d8\u10dc\u10d0\u10db\u10d8\u10e3\u10e0\u10d8 \u10d3\u10d8\u10d0\u10de\u10d0\u10d6\u10dd\u10dc\u10d8 (WDR) 120 dB<br \/>SNR \u2265 52 dB<br \/>\u10d3\u10e6\u10d4\/\u10e6\u10d0\u10db\u10d8\u10e1 \u10e0\u10d4\u10df\u10d8\u10db\u10d8\u10e1 \u10e8\u10d4\u10ea\u10d5\u10da\u10d0 \u10d3\u10e6\u10d4\/\u10e6\u10d0\u10db\u10d4\/\u10d0\u10d5\u10e2\u10dd\u10db\u10d0\u10e2\u10e3\u10e0\u10d8\/\u10d3\u10d0\u10d2\u10d4\u10d2\u10db\u10d8\u10da\u10d8<br \/>\u10d2\u10d0\u10db\u10dd\u10e1\u10d0\u10ee\u10e3\u10da\u10d4\u10d1\u10d8\u10e1 \u10d2\u10d0\u10e3\u10db\u10ef\u10dd\u10d1\u10d4\u10e1\u10d4\u10d1\u10d0 BLC, HLC, 3D DNR<br \/>\u10e1\u10e3\u10e0\u10d0\u10d7\u10d8\u10e1 \u10de\u10d0\u10e0\u10d0\u10db\u10d4\u10e2\u10e0\u10d4\u10d1\u10d8 \u10d9\u10dd\u10e0\u10d8\u10d3\u10dd\u10e0\u10d8\u10e1 \u10e0\u10d4\u10df\u10d8\u10db\u10d8, \u10d2\u10d0\u10ef\u10d4\u10e0\u10d4\u10d1\u10d0, \u10e1\u10d8\u10d9\u10d0\u10e8\u10d9\u10d0\u10e8\u10d4, \u10d9\u10dd\u10dc\u10e2\u10e0\u10d0\u10e1\u10e2\u10d8, \u10e1\u10d8\u10db\u10d9\u10d5\u10d4\u10d7\u10e0\u10d4, \u10db\u10dd\u10db\u10d0\u10e2\u10d4\u10d1\u10d0<br \/>\u10d3\u10d0 \u10d7\u10d4\u10d7\u10e0\u10d8 \u10d1\u10d0\u10da\u10d0\u10dc\u10e1\u10d8 \u10e0\u10d4\u10d2\u10e3\u10da\u10d8\u10e0\u10d3\u10d4\u10d1\u10d0 \u10d9\u10da\u10d8\u10d4\u10dc\u10e2\u10d8\u10e1 \u10de\u10e0\u10dd\u10d2\u10e0\u10d0\u10db\u10e3\u10da\u10d8 \u10e3\u10d6\u10e0\u10e3\u10dc\u10d5\u10d4\u10da\u10e7\u10dd\u10e4\u10d8\u10e1 \u10d0\u10dc \u10d5\u10d4\u10d1 \u10d8\u10dc\u10e2\u10d4\u10e0\u10e4\u10d4\u10d8\u10e1\u10d8\u10e1 \u10e1\u10d0\u10e8\u10e3\u10d0\u10da\u10d4\u10d1\u10d8\u10d7<br \/>\u10d0\u10e0\u10d4\u10d0\u10da\u10d8\u10e1 \u10d3\u10d0\u10e4\u10d0\u10e0\u10d5\u10d0 4 \u10e0\u10d4\u10d2\u10e3\u10da\u10d8\u10e0\u10d4\u10d1\u10d0\u10d3\u10d8 \u10de\u10dd\u10da\u10d8\u10d2\u10dd\u10dc\u10e3\u10e0\u10d8 \u10d6\u10dd\u10dc\u10d8\u10e1 \u10dc\u10d8\u10e6\u10d0\u10d1\u10d8<br \/>\u10d8\u10dc\u10e2\u10d4\u10e0\u10e4\u10d4\u10d8\u10e1\u10d8<br \/>Ethernet \u10d8\u10dc\u10e2\u10d4\u10e0\u10e4\u10d4\u10d8\u10e1\u10d8 1 RJ45 auto 10 \/ 100 M Ethernet<br \/>\u10d0\u10d3\u10d2\u10d8\u10da\u10dd\u10d1\u10e0\u10d8\u10d5\u10d8 \u10db\u10d4\u10ee\u10e1\u10d8\u10d4\u10e0\u10d4\u10d1\u10d0 \u10e9\u10d0\u10e8\u10d4\u10dc\u10d4\u10d1\u10e3\u10da\u10d8 \u10db\u10d4\u10ee\u10e1\u10d8\u10d4\u10e0\u10d4\u10d1\u10d8\u10e1 \u10d1\u10d0\u10e0\u10d0\u10d7\u10d8\u10e1 \u10e1\u10da\u10dd\u10e2\u10d8, microSD \/ microSDHC \/ microSDXC \u10db\u10ee\u10d0\u10e0\u10d3\u10d0\u10ed\u10d4\u10e0\u10d0,<br \/>256 \u10d2\u10d1-\u10db\u10d3\u10d4<br \/>\u10e9\u10d0\u10db\u10dd\u10dc\u10e2\u10d0\u10df\u10d4\u10d1\u10e3\u10da\u10d8 \u10db\u10d8\u10d9\u10e0\u10dd\u10e4\u10dd\u10dc\u10d8 \u10d3\u10d8\u10d0\u10ee<br \/>\u10d2\u10d0\u10d3\u10d0\u10e2\u10d5\u10d8\u10e0\u10d7\u10d5\u10d8\u10e1 \u10e6\u10d8\u10da\u10d0\u10d9\u10d8 \u10d3\u10d8\u10d0\u10ee<br \/>\u10e6\u10dd\u10dc\u10d8\u10e1\u10eb\u10d8\u10d4\u10d1\u10d0<br \/>\u10eb\u10d8\u10e0\u10d8\u10d7\u10d0\u10d3\u10d8 \u10db\u10dd\u10d5\u10da\u10d4\u10dc\u10d4\u10d1\u10d8 \u10e1\u10d8\u10d2\u10dc\u10d0\u10da\u10d8\u10d6\u10d0\u10ea\u10d8\u10d0 \u10d2\u10d0\u10db\u10dd\u10ec\u10d5\u10d4\u10e3\u10da\u10d8\u10d0 \u10e1\u10ee\u10d5\u10d0\u10d3\u10d0\u10e1\u10ee\u10d5\u10d0 \u10e2\u10d8\u10de\u10d8\u10e1 \u10dd\u10d1\u10d8\u10d4\u10e5\u10e2\u10d4\u10d1\u10d8\u10d7 (\u10d0\u10d3\u10d0\u10db\u10d8\u10d0\u10dc\u10d8, \u10db\u10d0\u10dc\u10e5\u10d0\u10dc\u10d0), \u10d3\u10d8\u10d5\u10d4\u10e0\u10e1\u10d8\u10e3\u10da\u10d8 \u10d3\u10d4\u10e2\u10d4\u10e5\u10e2\u10dd\u10e0\u10d8, \u10d2\u10d0\u10db\u10dd\u10e0\u10d8\u10ea\u10ee\u10d5\u10d0<br \/>\u10d0\u10e2\u10d5\u10d8\u10e0\u10d7\u10d5\u10d8\u10e1 \u10d3\u10d0\u10d9\u10d0\u10d5\u10e8\u10d8\u10e0\u10d4\u10d1\u10d0 FTP\/\u10db\u10d4\u10ee\u10e1\u10d8\u10d4\u10e0\u10d4\u10d1\u10d8\u10e1 \u10d1\u10d0\u10e0\u10d0\u10d7\u10d7\u10d0\u10dc, \u10d2\u10d0\u10d2\u10d6\u10d0\u10d5\u10dc\u10d4\u10d7 \u10d4\u10da.\u10ec\u10d4\u10e0\u10d8\u10da\u10d8, \u10e8\u10d4\u10d0\u10e2\u10e7\u10dd\u10d1\u10d8\u10dc\u10d4\u10d7 \u10db\u10dd\u10dc\u10d8\u10e2\u10dd\u10e0\u10d8\u10dc\u10d2\u10d8\u10e1 \u10ea\u10d4\u10dc\u10e2\u10e0\u10e1,<br \/>\u10d2\u10d0\u10dc\u10d2\u10d0\u10e8\u10d8\u10e1 \u10e9\u10d0\u10ec\u10d4\u10e0\u10d0, \u10e1\u10e3\u10e0\u10d0\u10d7\u10d8\u10e1 \u10d2\u10d0\u10d3\u10d0\u10e6\u10d4\u10d1\u10d0<br \/>\u10db\u10d7\u10d0\u10d5\u10d0\u10e0\u10d8<br \/>\u10eb\u10d0\u10da\u10d0\u10e3\u10e4\u10da\u10d4\u10d1\u10d0<br \/>DC 12 V \u00b1 25 %, 0.4 A, \u10db\u10d0\u10e5\u10e1. 5 W, \u00d8 5.5 \u10db\u10db \u10d9\u10dd\u10d0\u10e5\u10e1\u10d8\u10d0\u10da\u10e3\u10e0\u10d8 \u10d3\u10d4\u10dc\u10d8\u10e1 \u10d9\u10dd\u10dc\u10d4\u10e5\u10e2\u10dd\u10e0\u10d8, \u10e1\u10d0\u10de\u10d8\u10e0\u10d8\u10e1\u10de\u10d8\u10e0\u10dd \u10de\u10dd\u10da\u10d0\u10e0\u10dd\u10d1\u10d8\u10e1 \u10d3\u10d0\u10ea\u10d5\u10d0,<br \/>PoE: IEEE 802.3af, \u10d9\u10da\u10d0\u10e1\u10d8 3, \u10db\u10d0\u10e5\u10e1. 6,5 \u10d5\u10e2<br \/>\u10db\u10d0\u10e1\u10d0\u10da\u10d0 \u10da\u10d8\u10d7\u10dd\u10dc\u10d8 \u10d3\u10d0 \u10de\u10da\u10d0\u10e1\u10e2\u10db\u10d0\u10e1\u10d8<br \/>\u10d6\u10dd\u10db\u10d4\u10d1\u10d8 170,8 \u00d7 66 \u00d7 69,1 \u10db\u10db (6,7 \u00d7 2,6 \u00d7 2,7 \u10d8\u10dc\u10e9\u10d8)<br \/>\u10db\u10d7\u10d0\u10d5\u10d0\u10e0\u10d8<br \/>\u10de\u10d0\u10d9\u10d4\u10e2\u10d8\u10e1 \u10d6\u10dd\u10db\u10d0 216 \u00d7 121 \u00d7 118 \u10db\u10db (8,5 \u00d7 4,8 \u00d7 4,6 \u10d8\u10dc\u10e9\u10d8)<br \/>\u10ec\u10dd\u10dc\u10d0 \u10d3\u10d0\u10d0\u10ee\u10da. 270 \u10d2<br \/>\u10ec\u10dd\u10dc\u10d0 \u10e8\u10d4\u10e4\u10e3\u10d7\u10d5\u10d8\u10d7 \u10d3\u10d0\u10d0\u10ee. 481 \u10d2<br \/>\u10e8\u10d4\u10dc\u10d0\u10ee\u10d5\u10d8\u10e1 \u10de\u10d8\u10e0\u10dd\u10d1\u10d4\u10d1\u10d8 -30-\u10d3\u10d0\u10dc +60 \u00b0C-\u10db\u10d3\u10d4. \u10e2\u10d4\u10dc\u10d8\u10d0\u10dc\u10dd\u10d1\u10d0 95% \u10d0\u10dc \u10dc\u10d0\u10d9\u10da\u10d4\u10d1\u10d8 (\u10d0\u10e0\u10d0\u10d9\u10dd\u10dc\u10d3\u10d4\u10dc\u10e1\u10d8\u10e0\u10d4\u10d1\u10d0\u10d3\u10d8)<br \/>\u10dd\u10de\u10d4\u10e0\u10d0\u10ea\u10d8\u10e3\u10da\u10d8 \u10de\u10d8\u10e0\u10dd\u10d1\u10d4\u10d1\u10d8 -40-\u10d3\u10d0\u10dc +60 \u00b0C-\u10db\u10d3\u10d4. \u10e2\u10d4\u10dc\u10d8\u10d0\u10dc\u10dd\u10d1\u10d0 95% \u10d0\u10dc \u10dc\u10d0\u10d9\u10da\u10d4\u10d1\u10d8 (\u10d0\u10e0\u10d0\u10d9\u10dd\u10dc\u10d3\u10d4\u10dc\u10e1\u10d8\u10e0\u10d4\u10d1\u10d0\u10d3\u10d8)<br \/>\u10d4\u10dc\u10d0 \u10d8\u10dc\u10d2\u10da\u10d8\u10e1\u10e3\u10e0\u10d8, \u10e0\u10e3\u10e1\u10e3\u10da\u10d8<br \/>\u10eb\u10d8\u10e0\u10d8\u10d7\u10d0\u10d3\u10d8 \u10db\u10d0\u10ee\u10d0\u10e1\u10d8\u10d0\u10d7\u10d4\u10d1\u10da\u10d4\u10d1\u10d8 Heartbeat, Anti-banding, Mirroring, \u10de\u10d0\u10e0\u10dd\u10da\u10d8\u10e1 \u10d3\u10d0\u10ea\u10d5\u10d0,<br \/>\u10e8\u10d4\u10ea\u10d5\u10d0\u10da\u10d4\u10d7 \u10de\u10d0\u10e0\u10dd\u10da\u10d8 \u10d4\u10da\u10d4\u10e5\u10e2\u10e0\u10dd\u10dc\u10e3\u10da\u10d8 \u10e4\u10dd\u10e1\u10e2\u10d8\u10d7<br \/>\u10e1\u10d4\u10e0\u10d7\u10d8\u10e4\u10d8\u10d9\u10d0\u10e2\u10d4\u10d1\u10d8<br \/>EMC \u10e1\u10e2\u10d0\u10dc\u10d3\u10d0\u10e0\u10e2\u10d4\u10d1\u10d8<br \/>FCC: 47 CFR \u10dc\u10d0\u10ec\u10d8\u10da\u10d8 15, \u10e5\u10d5\u10d4\u10dc\u10d0\u10ec\u10d8\u10da\u10d8 B,<br \/>CE-EMC: EN 55032: 2015, EN 61000-3-2:2019, EN 61000-3-3: 2013 + A1: 2019,<br \/>EN 50130-4: 2011 +A1: 2014,<br \/>RCM: AS \/ NZS CISPR 32: 2015,<br \/>IC: ICES-003: \u10d2\u10d0\u10db\u10dd\u10ea\u10d4\u10db\u10d0 7<br \/>\u10e3\u10e1\u10d0\u10e4\u10e0\u10d7\u10ee\u10dd\u10d4\u10d1\u10d0<br \/>UL: UL 62368-1,<br \/>CB: IEC 62368-1: 2014 + A11,<br \/>CE-LVD: EN 62368-1: 2014 \/ A11: 2017,<br \/>BIS: IS 13252 (\u10dc\u10d0\u10ec\u10d8\u10da\u10d8 1): 2010 \/ IEC 60950-1: 2005 \u10ec.<br \/>\u10d2\u10d0\u10e0\u10d4\u10db\u10dd<br \/>CE-RoHS: 2011\/65\/EU,<br \/>WEEE: 2012\/19\/EU,<br \/>\u10db\u10d8\u10e6\u10ec\u10d4\u10d5\u10d0: \u10e0\u10d4\u10d2\u10e3\u10da\u10d0\u10ea\u10d8\u10d0 (EC) No 1907\/2006<br \/>IP67 \u10d3\u10d0\u10ea\u10d5\u10d8\u10e1 \u10e1\u10e2\u10d0\u10dc\u10d3\u10d0\u10e0\u10e2\u10d4\u10d1\u10d8: IEC 60529-2013<\/p>","protected":false},"excerpt":{"rendered":"<p>\uf06e \u10e1\u10de\u10d4\u10ea\u10d8\u10e4\u10d8\u10d9\u10d0\u10ea\u10d8\u10d4\u10d1\u10d8\u10d9\u10d0\u10db\u10d4\u10e0\u10d0\u10e1\u10d4\u10dc\u10e1\u10dd\u10e0\u10d8 1\/3\u2033 \u10de\u10e0\u10dd\u10d2\u10e0\u10d4\u10e1\u10e3\u10da\u10d8 \u10e1\u10d9\u10d0\u10dc\u10d8\u10e0\u10d4\u10d1\u10d0 CMOS\u10db\u10d0\u10e5\u10e1\u10d8\u10db\u10d0\u10da\u10e3\u10e0\u10d8 \u10d2\u10d0\u10e0\u10e9\u10d4\u10d5\u10d0\u10d3\u10dd\u10d1\u10d0 2560 \u00d7 1440\u10d4\u10da\u10d4\u10e5\u10e2\u10e0\u10dd\u10dc\u10e3\u10da\u10d8 \u10e9\u10d0\u10db\u10d9\u10d4\u10e2\u10d8\u10e1 \u10e1\u10d8\u10e9\u10e5\u10d0\u10e0\u10d4 1\/3 \u10d3\u10d0\u10dc 1\/100000 \u10ec\u10db\u10db\u10d2\u10e0\u10eb\u10dc\u10dd\u10d1\u10d4\u10da\u10dd\u10d1\u10d0 \u10e4\u10d4\u10e0\u10d8: 0,005 \u10da\u10e3\u10e5\u10e1\u10d8 @<\/p>","protected":false},"featured_media":34614,"comment_status":"open","ping_status":"closed","template":"","meta":[],"product_brand":[],"product_cat":[826,820],"product_tag":[],"class_list":{"0":"post-34615","1":"product","2":"type-product","3":"status-publish","4":"has-post-thumbnail","6":"product_cat-4mp-ip-cameras","7":"product_cat-wall-mounting-cabinets","9":"first","10":"instock","11":"taxable","12":"shipping-taxable","13":"purchasable","14":"product-type-simple"},"_links":{"self":[{"href":"https:\/\/iterra.ge\/ge\/wp-json\/wp\/v2\/product\/34615","targetHints":{"allow":["GET"]}}],"collection":[{"href":"https:\/\/iterra.ge\/ge\/wp-json\/wp\/v2\/product"}],"about":[{"href":"https:\/\/iterra.ge\/ge\/wp-json\/wp\/v2\/types\/product"}],"replies":[{"embeddable":true,"href":"https:\/\/iterra.ge\/ge\/wp-json\/wp\/v2\/comments?post=34615"}],"version-history":[{"count":1,"href":"https:\/\/iterra.ge\/ge\/wp-json\/wp\/v2\/product\/34615\/revisions"}],"predecessor-version":[{"id":65668,"href":"https:\/\/iterra.ge\/ge\/wp-json\/wp\/v2\/product\/34615\/revisions\/65668"}],"wp:featuredmedia":[{"embeddable":true,"href":"https:\/\/iterra.ge\/ge\/wp-json\/wp\/v2\/media\/34614"}],"wp:attachment":[{"href":"https:\/\/iterra.ge\/ge\/wp-json\/wp\/v2\/media?parent=34615"}],"wp:term":[{"taxonomy":"product_brand","embeddable":true,"href":"https:\/\/iterra.ge\/ge\/wp-json\/wp\/v2\/product_brand?post=34615"},{"taxonomy":"product_cat","embeddable":true,"href":"https:\/\/iterra.ge\/ge\/wp-json\/wp\/v2\/product_cat?post=34615"},{"taxonomy":"product_tag","embeddable":true,"href":"https:\/\/iterra.ge\/ge\/wp-json\/wp\/v2\/product_tag?post=34615"}],"curies":[{"name":"wp","href":"https:\/\/api.w.org\/{rel}","templated":true}]}}