{"id":34654,"date":"2025-06-12T10:39:12","date_gmt":"2025-06-12T06:39:12","guid":{"rendered":"https:\/\/iterra.ge\/product\/%e1%83%94%e1%83%a0%e1%83%97%e1%83%98-%e1%83%99%e1%83%90%e1%83%a0%e1%83%98%e1%83%a1-%e1%83%99%e1%83%9d%e1%83%9c%e1%83%a2%e1%83%a0%e1%83%9d%e1%83%9a%e1%83%94%e1%83%a0%e1%83%98-ds-k2801\/"},"modified":"2026-02-25T00:01:00","modified_gmt":"2026-02-25T00:01:00","slug":"%e1%83%94%e1%83%a0%e1%83%97%e1%83%98-%e1%83%99%e1%83%90%e1%83%a0%e1%83%98%e1%83%a1-%e1%83%99%e1%83%9d%e1%83%9c%e1%83%a2%e1%83%a0%e1%83%9d%e1%83%9a%e1%83%94%e1%83%a0%e1%83%98-ds-k2801","status":"publish","type":"product","link":"https:\/\/iterra.ge\/ge\/product\/%e1%83%94%e1%83%a0%e1%83%97%e1%83%98-%e1%83%99%e1%83%90%e1%83%a0%e1%83%98%e1%83%a1-%e1%83%99%e1%83%9d%e1%83%9c%e1%83%a2%e1%83%a0%e1%83%9d%e1%83%9a%e1%83%94%e1%83%a0%e1%83%98-ds-k2801\/","title":{"rendered":"\u10d4\u10e0\u10d7\u10d8 \u10d9\u10d0\u10e0\u10d8\u10e1 \u10d9\u10dd\u10dc\u10e2\u10e0\u10dd\u10da\u10d4\u10e0\u10d8 DS-K2801"},"content":{"rendered":"<ul>\n<li><b>\u10d8\u10dc\u10e2\u10d4\u10e0\u10e4\u10d4\u10d8\u10e1\u10d8<\/b><\/li>\n<li><span class=\"tech-specs-items-description__title\">Lock control<\/span><span class=\"tech-specs-items-description__title-details\">1<\/span><\/li>\n<li><span class=\"tech-specs-items-description__title\">Exit button<\/span><span class=\"tech-specs-items-description__title-details\">1<\/span><\/li>\n<li><span class=\"tech-specs-items-description__title\">Door contact input<\/span><span class=\"tech-specs-items-description__title-details\">1<\/span><\/li>\n<li><span class=\"tech-specs-items-description__title\">Alarm output<\/span><span class=\"tech-specs-items-description__title-details\">1<\/span><\/li>\n<li><span class=\"tech-specs-items-description__title\">Wiegand<\/span><span class=\"tech-specs-items-description__title-details\">Wiegand 26\/34<\/span><\/li>\n<\/ul>\n<ul>\n<li><b>General<\/b><\/li>\n<li><span class=\"tech-specs-items-description__title\">Power consumption<\/span><span class=\"tech-specs-items-description__title-details\">\n<p>\u22643.5 w (without load)<\/p>\n<p>\u226450 w (with load)<\/p>\n<p><\/span><\/li>\n<li><span class=\"tech-specs-items-description__title\">Working temperature<\/span><span class=\"tech-specs-items-description__title-details\">-20\u00b0C to 65\u00b0C (-4 \u00b0F to 149 \u00b0F)<\/span><\/li>\n<li><span class=\"tech-specs-items-description__title\">Power supply<\/span><span class=\"tech-specs-items-description__title-details\">100 ~ 240 VAC<\/span><\/li>\n<li><span class=\"tech-specs-items-description__title\">Dimensions<\/span><span class=\"tech-specs-items-description__title-details\">285 mm \u00d7 237 mm \u00d7 69 mm (11.22&#8243; \u00d7 9.33&#8243; \u00d7 2.72&#8243;)<\/span><\/li>\n<\/ul>","protected":false},"excerpt":{"rendered":"<p>Interface Lock control1 Exit button1 Door contact input1 Alarm output1 WiegandWiegand 26\/34 General Power consumption \u22643.5 w (without load) \u226450<\/p>","protected":false},"featured_media":34653,"comment_status":"open","ping_status":"closed","template":"","meta":[],"product_brand":[],"product_cat":[1613,820],"product_tag":[],"class_list":{"0":"post-34654","1":"product","2":"type-product","3":"status-publish","4":"has-post-thumbnail","6":"product_cat-fire-wireless-alarm-system","7":"product_cat-wall-mounting-cabinets","9":"first","10":"instock","11":"taxable","12":"shipping-taxable","13":"purchasable","14":"product-type-simple"},"_links":{"self":[{"href":"https:\/\/iterra.ge\/ge\/wp-json\/wp\/v2\/product\/34654","targetHints":{"allow":["GET"]}}],"collection":[{"href":"https:\/\/iterra.ge\/ge\/wp-json\/wp\/v2\/product"}],"about":[{"href":"https:\/\/iterra.ge\/ge\/wp-json\/wp\/v2\/types\/product"}],"replies":[{"embeddable":true,"href":"https:\/\/iterra.ge\/ge\/wp-json\/wp\/v2\/comments?post=34654"}],"version-history":[{"count":1,"href":"https:\/\/iterra.ge\/ge\/wp-json\/wp\/v2\/product\/34654\/revisions"}],"predecessor-version":[{"id":65659,"href":"https:\/\/iterra.ge\/ge\/wp-json\/wp\/v2\/product\/34654\/revisions\/65659"}],"wp:featuredmedia":[{"embeddable":true,"href":"https:\/\/iterra.ge\/ge\/wp-json\/wp\/v2\/media\/34653"}],"wp:attachment":[{"href":"https:\/\/iterra.ge\/ge\/wp-json\/wp\/v2\/media?parent=34654"}],"wp:term":[{"taxonomy":"product_brand","embeddable":true,"href":"https:\/\/iterra.ge\/ge\/wp-json\/wp\/v2\/product_brand?post=34654"},{"taxonomy":"product_cat","embeddable":true,"href":"https:\/\/iterra.ge\/ge\/wp-json\/wp\/v2\/product_cat?post=34654"},{"taxonomy":"product_tag","embeddable":true,"href":"https:\/\/iterra.ge\/ge\/wp-json\/wp\/v2\/product_tag?post=34654"}],"curies":[{"name":"wp","href":"https:\/\/api.w.org\/{rel}","templated":true}]}}