{"id":34684,"date":"2025-06-12T06:39:57","date_gmt":"2025-06-12T06:39:57","guid":{"rendered":"https:\/\/iterra.ge\/product\/%e1%83%99%e1%83%90%e1%83%9b%e1%83%94%e1%83%a0%e1%83%90hiwatch-ds-i400d2-8mmip4mpbulletfixir30m\/"},"modified":"2026-02-25T00:01:00","modified_gmt":"2026-02-25T00:01:00","slug":"%e1%83%99%e1%83%90%e1%83%9b%e1%83%94%e1%83%a0%e1%83%90hiwatch-ds-i400d2-8mmip4mpbulletfixir30m","status":"publish","type":"product","link":"https:\/\/iterra.ge\/ge\/product\/%e1%83%99%e1%83%90%e1%83%9b%e1%83%94%e1%83%a0%e1%83%90hiwatch-ds-i400d2-8mmip4mpbulletfixir30m\/","title":{"rendered":"\u10d9\u10d0\u10db\u10d4\u10e0\u10d0,Hiwatch, DS-I400(D),2.8mm,IP,4mp,Bullet,Fix,IR30m,,,"},"content":{"rendered":"<p>IP \u10d9\u10d0\u10db\u10d4\u10e0\u10d0 HiWatch DS-I400(D) 2.8<br \/>Matrix 1\/3&#8243; \u10de\u10e0\u10dd\u10d2\u10e0\u10d4\u10e1\u10e3\u10da\u10d8 \u10e1\u10d9\u10d0\u10dc\u10d8\u10e0\u10d4\u10d1\u10d0 CMOS<br \/>\u10db\u10d0\u10e5\u10e1\u10d8\u10db\u10d0\u10da\u10e3\u10e0\u10d8 \u10d2\u10d0\u10e0\u10e9\u10d4\u10d5\u10d0\u10d3\u10dd\u10d1\u10d0 2560\u00d71440<br \/>\u10db\u10d2\u10e0\u10eb\u10dc\u10dd\u10d1\u10d4\u10da\u10dd\u10d1\u10d8\u10e1 \u10e4\u10d4\u10e0\u10d8: 0.01 \u10da\u10e3\u10e5\u10e1\u10d8 (F\/2.0, AGC \u10e9\u10d0\u10e0\u10d7\u10e3\u10da\u10d8), \u10d7\u10d4\u10d7\u10e0\u10d4\u10e3\u10da\u10d8: 0 \u10da\u10e3\u10e5\u10e1\u10d8 IR \u10d2\u10d0\u10dc\u10d0\u10d7\u10d4\u10d1\u10d8\u10d7<br \/>\u10d4\u10da\u10d4\u10e5\u10e2\u10e0\u10dd\u10dc\u10e3\u10da\u10d8 \u10e9\u10d0\u10db\u10d9\u10d4\u10e2\u10d8\u10e1 \u10e1\u10d8\u10e9\u10e5\u10d0\u10e0\u10d4 1\/3 ~ 1\/100,000 \u10ec\u10db<br \/>\u10d3\u10e6\u10d8\u10e1\/\u10e6\u10d0\u10db\u10d8\u10e1 \u10e0\u10d4\u10df\u10d8\u10db\u10d8\u10e1 IR \u10e4\u10d8\u10da\u10e2\u10e0\u10d8<br \/>\u10ee\u10d4\u10d3\u10d5\u10d8\u10e1 \u10d9\u10e3\u10d7\u10ee\u10d8\u10e1 \u10e0\u10d4\u10d2\u10e3\u10da\u10d8\u10e0\u10d4\u10d1\u10d0 \u10e0\u10dd\u10e2\u10d0\u10ea\u10d8\u10d0: 0\u00b0 ~ 360\u00b0; \u10d3\u10d0\u10ee\u10e0\u10d8\u10da\u10dd\u10d1\u10d0: 0\u00b0 ~ 90\u00b0, \u10e0\u10dd\u10e2\u10d0\u10ea\u10d8\u10d0: 0\u00b0 ~ 360\u00b0<br \/>\u10da\u10d8\u10dc\u10d6\u10d8\u10e1 \u10e2\u10d8\u10de\u10d8 \u10e4\u10d8\u10e5\u10e1\u10d8\u10e0\u10d3\u10d4\u10d1\u10d0<br \/>\u10e4\u10dd\u10d9\u10e3\u10e1\u10e3\u10e0\u10d8 \u10db\u10d0\u10dc\u10eb\u10d8\u10da\u10d8 \u10d3\u10d0 \u10ee\u10d4\u10d3\u10d5\u10d8\u10e1 \u10d9\u10e3\u10d7\u10ee\u10d4 2.8 \u10db\u10db: \u10f0\u10dd\u10e0\u10d8\u10d6\u10dd\u10dc\u10e2\u10d0\u10da\u10e3\u10e0\u10d8: 99\u00b0, \u10d5\u10d4\u10e0\u10e2\u10d8\u10d9\u10d0\u10da\u10e3\u10e0\u10d8: 55\u00b0, \u10d3\u10d8\u10d0\u10d2\u10dd\u10dc\u10d0\u10da\u10d8: 116\u00b0<br \/>\u10da\u10d8\u10dc\u10d6\u10d8\u10e1 \u10e1\u10d0\u10db\u10d0\u10d2\u10e0\u10d8 M12<br \/>\u10d3\u10d8\u10d0\u10e4\u10e0\u10d0\u10d2\u10db\u10d8\u10e1 \u10e2\u10d8\u10de\u10d8 \u10d3\u10d0\u10e4\u10d8\u10e5\u10e1\u10d8\u10e0\u10d3\u10d0<br \/>\u10d3\u10d8\u10d0\u10e4\u10e0\u10d0\u10d2\u10db\u10d0 F\/2.0<br \/>DORI D: 59 \u10db, O: 23 \u10db, R: 11 \u10db, I: 5 \u10db<br \/>\u10e3\u10d9\u10d0\u10dc\u10d0 \u10d2\u10d0\u10dc\u10d0\u10d7\u10d4\u10d1\u10d8\u10e1 \u10e2\u10d8\u10de\u10d8 IR \u10d2\u10d0\u10dc\u10d0\u10d7\u10d4\u10d1\u10d0<br \/>\u10d3\u10d0\u10db\u10d0\u10e2\u10d4\u10d1\u10d8\u10d7\u10d8 \u10d2\u10d0\u10dc\u10d0\u10d7\u10d4\u10d1\u10d8\u10e1 \u10d3\u10d8\u10d0\u10de\u10d0\u10d6\u10dd\u10dc\u10d8 30 \u10db<br \/>\u10d8\u10dc\u10e4\u10e0\u10d0\u10ec\u10d8\u10d7\u10d4\u10da\u10d8 \u10e2\u10d0\u10da\u10e6\u10d4\u10d1\u10d8 850 \u10dc\u10db<br \/>\u10eb\u10d8\u10e0\u10d8\u10d7\u10d0\u10d3\u10d8 \u10d7\u10d4\u10db\u10d0 50 Hz: 20 fps (2560\u00d71440)<br \/>25 fps (1920\u00d71080, 1280\u00d7720)<br \/>\u10d3\u10d0\u10db\u10d0\u10e2\u10d4\u10d1\u10d8\u10d7\u10d8 \u10dc\u10d0\u10d9\u10d0\u10d3\u10d8 50 Hz: 25 fps (1280\u00d7720, 640\u00d7480, 640\u00d7360)<br \/>\u10d5\u10d8\u10d3\u10d4\u10dd \u10e8\u10d4\u10d9\u10e3\u10db\u10e8\u10d5\u10d8\u10e1 \u10eb\u10d8\u10e0\u10d8\u10d7\u10d0\u10d3\u10d8 \u10dc\u10d0\u10d9\u10d0\u10d3\u10d8: H.265+, H.265, H.264+, H.264<br \/>\u10db\u10d4\u10dd\u10e0\u10d0\u10d3\u10d8 \u10dc\u10d0\u10d9\u10d0\u10d3\u10d8: H.265, H.264, MJPEG<br \/>\u10d5\u10d8\u10d3\u10d4\u10dd\u10e1 \u10e1\u10d8\u10ee\u10e8\u10d8\u10e0\u10d4 32 Kbps ~ 8 Mbps<br \/>H.264 \u10de\u10e0\u10dd\u10e4\u10d8\u10da\u10d8 \u10e1\u10d0\u10d1\u10d0\u10d6\u10d8\u10e1\u10dd \u10de\u10e0\u10dd\u10e4\u10d8\u10da\u10d8, \u10db\u10d7\u10d0\u10d5\u10d0\u10e0\u10d8 \u10de\u10e0\u10dd\u10e4\u10d8\u10da\u10d8, \u10db\u10d0\u10e6\u10d0\u10da\u10d8 \u10de\u10e0\u10dd\u10e4\u10d8\u10da\u10d8<br \/>H.265 \u10de\u10e0\u10dd\u10e4\u10d8\u10da\u10d8 \u10db\u10d7\u10d0\u10d5\u10d0\u10e0\u10d8 \u10de\u10e0\u10dd\u10e4\u10d8\u10da\u10d8<br \/>\u10d1\u10d8\u10e2\u10e0\u10d4\u10d8\u10e2\u10d8 CBR\/VBR<br \/>\u10d8\u10dc\u10e2\u10d4\u10e0\u10d4\u10e1\u10d8\u10e1 \u10e0\u10d4\u10d2\u10d8\u10dd\u10dc\u10d8 (ROI) \u10e4\u10d8\u10e5\u10e1\u10d8\u10e0\u10d4\u10d1\u10e3\u10da\u10d8 \u10e4\u10d0\u10e0\u10d7\u10dd\u10d1\u10d8 \u10eb\u10d8\u10e0\u10d8\u10d7\u10d0\u10d3\u10d8 \u10eb\u10d0\u10e4\u10d8\u10e1\u10d7\u10d5\u10d8\u10e1<br \/>\u10e3\u10e1\u10d0\u10e4\u10e0\u10d7\u10ee\u10dd\u10d4\u10d1\u10d8\u10e1 \u10de\u10d0\u10e0\u10dd\u10da\u10d8\u10e1 \u10d3\u10d0\u10ea\u10d5\u10d0, \u10eb\u10da\u10d8\u10d4\u10e0\u10d8 \u10de\u10d0\u10e0\u10dd\u10da\u10d8, \u10ec\u10e7\u10da\u10d8\u10e1 \u10dc\u10d8\u10e8\u10dc\u10d4\u10d1\u10d8, IP \u10db\u10d8\u10e1\u10d0\u10db\u10d0\u10e0\u10d7\u10d8\u10e1 \u10e4\u10d8\u10da\u10e2\u10e0\u10d0\u10ea\u10d8\u10d0, \u10eb\u10d8\u10e0\u10d8\u10d7\u10d0\u10d3\u10d8 \u10d3\u10d0 \u10d3\u10d0\u10d8\u10ef\u10d4\u10e1\u10e2\u10d8\u10e1 \u10d0\u10d5\u10e2\u10dd\u10e0\u10d8\u10d6\u10d0\u10ea\u10d8\u10d0 HTTP, WSSE \u10d3\u10d0 \u10d3\u10d0\u10d8\u10ef\u10d4\u10e1\u10e2\u10d8 \u10d0\u10d5\u10d7\u10d4\u10dc\u10e2\u10d8\u10e4\u10d8\u10d9\u10d0\u10ea\u10d8\u10d0 \u10e6\u10d8\u10d0 \u10e5\u10e1\u10d4\u10da\u10d8\u10e1 \u10d5\u10d8\u10d3\u10d4\u10dd \u10d8\u10dc\u10e2\u10d4\u10e0\u10e4\u10d4\u10d8\u10e1\u10d8\u10e1\u10d7\u10d5\u10d8\u10e1, \u10e3\u10e1\u10d0\u10e4\u10e0\u10d7\u10ee\u10dd\u10d4\u10d1\u10d8\u10e1 \u10d0\u10e3\u10d3\u10d8\u10e2\u10d8\u10e1 \u10df\u10e3\u10e0\u10dc\u10d0\u10da\u10d8, \u10f0\u10dd\u10e1\u10e2\u10d8\u10e1 \u10d0\u10d5\u10e2\u10dd\u10e0\u10d8\u10d6\u10d0\u10ea\u10d8\u10d0 (MAC \u10db\u10d8\u10e1\u10d0\u10db\u10d0\u10e0\u10d7\u10d8)<br \/>\u10e0\u10d4\u10d0\u10da\u10e3\u10e0 \u10d3\u10e0\u10dd\u10e8\u10d8 6-\u10db\u10d3\u10d4 \u10d0\u10e0\u10ee\u10d8\u10e1 \u10d4\u10e0\u10d7\u10d3\u10e0\u10dd\u10e3\u10da\u10d8 \u10e7\u10e3\u10e0\u10d4\u10d1\u10d0<br \/>API \u10e6\u10d8\u10d0 \u10e5\u10e1\u10d4\u10da\u10d8\u10e1 \u10d5\u10d8\u10d3\u10d4\u10dd \u10d8\u10dc\u10e2\u10d4\u10e0\u10e4\u10d4\u10d8\u10e1\u10d8 (Profile S, Profile T), ISAPI, SDK<br \/>\u10de\u10e0\u10dd\u10e2\u10dd\u10d9\u10dd\u10da\u10d4\u10d1\u10d8 TCP\/IP, ICMP, DHCP, DNS, HTTP, RTP, RTSP, NTP, IGMP, IPv6, UDP, QoS, FTP, SMTP<br \/>\u10db\u10dd\u10db\u10ee\u10db\u10d0\u10e0\u10d4\u10d1\u10d4\u10da\u10d8, \u10db\u10d0\u10e1\u10de\u10d8\u10dc\u10eb\u10da\u10dd\u10d1\u10e1 32-\u10db\u10d3\u10d4 \u10db\u10dd\u10db\u10ee\u10db\u10d0\u10e0\u10d4\u10d1\u10d4\u10da\u10e1<br \/>\u10db\u10dd\u10db\u10ee\u10db\u10d0\u10e0\u10d4\u10d1\u10da\u10d8\u10e1 3 \u10d3\u10dd\u10dc\u10d4: \u10d0\u10d3\u10db\u10d8\u10dc\u10d8\u10e1\u10e2\u10e0\u10d0\u10e2\u10dd\u10e0\u10d8, \u10dd\u10de\u10d4\u10e0\u10d0\u10e2\u10dd\u10e0\u10d8 \u10d3\u10d0 \u10db\u10dd\u10db\u10ee\u10db\u10d0\u10e0\u10d4\u10d1\u10d4\u10da\u10d8<br \/>\u10d9\u10da\u10d8\u10d4\u10dc\u10e2\u10d8 iVMS-4200, Hik-Connect<br \/>\u10d5\u10d4\u10d1 \u10d8\u10dc\u10e2\u10d4\u10e0\u10e4\u10d4\u10d8\u10e1\u10d8 \u10db\u10dd\u10d8\u10d7\u10ee\u10dd\u10d5\u10e1 \u10ea\u10dd\u10ea\u10ee\u10d0\u10da\u10d8 \u10dc\u10d0\u10ee\u10d5\u10d8\u10e1 \u10db\u10dd\u10d3\u10e3\u10da\u10e1: IE 10, IE 11, \u10da\u10dd\u10d9\u10d0\u10da\u10e3\u10e0\u10d8 \u10e1\u10d4\u10e0\u10d5\u10d8\u10e1\u10d4\u10d1\u10d8: Chrome 57.0+, Firefox 52.0+<br \/>\u10e4\u10d0\u10e0\u10d7\u10dd \u10d3\u10d8\u10dc\u10d0\u10db\u10d8\u10e3\u10e0\u10d8 \u10d3\u10d8\u10d0\u10de\u10d0\u10d6\u10dd\u10dc\u10d8 (WDR) 120 \u10d3\u10d1<br \/>SNR \u226552 \u10d3\u10d1<br \/>\u10d3\u10e6\u10d8\u10e1\/\u10e6\u10d0\u10db\u10d8\u10e1 \u10e0\u10d4\u10df\u10d8\u10db\u10d8\u10e1 \u10d2\u10d0\u10d3\u10d0\u10e0\u10d7\u10d5\u10d0 \u10d3\u10e6\u10d4, \u10e6\u10d0\u10db\u10d4, \u10d0\u10d5\u10e2\u10dd\u10db\u10d0\u10e2\u10e3\u10e0\u10d8, \u10d3\u10d0\u10d2\u10d4\u10d2\u10db\u10d8\u10da\u10d8<br \/>\u10d2\u10d0\u10db\u10dd\u10e1\u10d0\u10ee\u10e3\u10da\u10d4\u10d1\u10d8\u10e1 \u10d2\u10d0\u10e3\u10db\u10ef\u10dd\u10d1\u10d4\u10e1\u10d4\u10d1\u10d0 BLC, HLC, 3D DNR<br \/>\u10e1\u10e3\u10e0\u10d0\u10d7\u10d8\u10e1 \u10de\u10d0\u10e0\u10d0\u10db\u10d4\u10e2\u10e0\u10d4\u10d1\u10d8 \u10d3\u10d4\u10e0\u10d4\u10e4\u10dc\u10d8\u10e1 \u10e0\u10d4\u10df\u10d8\u10db\u10d8, \u10d2\u10d0\u10ef\u10d4\u10e0\u10d4\u10d1\u10d0, \u10e1\u10d8\u10d9\u10d0\u10e8\u10d9\u10d0\u10e8\u10d4, \u10d9\u10dd\u10dc\u10e2\u10e0\u10d0\u10e1\u10e2\u10d8, \u10e1\u10d8\u10db\u10d9\u10d5\u10d4\u10d7\u10e0\u10d4, \u10db\u10dd\u10db\u10d0\u10e2\u10d4\u10d1\u10d0 \u10d3\u10d0 \u10d7\u10d4\u10d7\u10e0\u10d8 \u10d1\u10d0\u10da\u10d0\u10dc\u10e1\u10d8 \u10e0\u10d4\u10d2\u10e3\u10da\u10d8\u10e0\u10d4\u10d1\u10d0\u10d3\u10d8 \u10d9\u10da\u10d8\u10d4\u10dc\u10e2\u10d8\u10e1 \u10de\u10e0\u10dd\u10d2\u10e0\u10d0\u10db\u10e3\u10da\u10d8 \u10e3\u10d6\u10e0\u10e3\u10dc\u10d5\u10d4\u10da\u10e7\u10dd\u10e4\u10d8\u10e1 \u10d0\u10dc \u10d5\u10d4\u10d1 \u10d8\u10dc\u10e2\u10d4\u10e0\u10e4\u10d4\u10d8\u10e1\u10d8\u10e1 \u10e1\u10d0\u10e8\u10e3\u10d0\u10da\u10d4\u10d1\u10d8\u10d7<br \/>\u10e2\u10d4\u10e0\u10d8\u10e2\u10dd\u10e0\u10d8\u10d8\u10e1 \u10e8\u10d4\u10dc\u10d8\u10e6\u10d1\u10d5\u10d0 4 \u10db\u10dd\u10e0\u10d2\u10d4\u10d1\u10e3\u10da\u10d8 \u10de\u10dd\u10da\u10d8\u10d2\u10dd\u10dc\u10e3\u10e0\u10d8 \u10d0\u10e0\u10d4\u10d0\u10da\u10d8\u10e1 \u10dc\u10d8\u10e6\u10d0\u10d1\u10d8<br \/>Ethernet \u10d8\u10dc\u10e2\u10d4\u10e0\u10e4\u10d4\u10d8\u10e1\u10d8 RJ45 \u10d0\u10d5\u10e2\u10dd 10\/100M Ethernet<br \/>\u10eb\u10d8\u10e0\u10d8\u10d7\u10d0\u10d3\u10d8 \u10db\u10dd\u10d5\u10da\u10d4\u10dc\u10d4\u10d1\u10d8\u10e1 \u10d2\u10d0\u10dc\u10d2\u10d0\u10e8\u10d8\u10e1 \u10d2\u10d0\u10d0\u10e5\u10e2\u10d8\u10e3\u10e0\u10d4\u10d1\u10d0 \u10e1\u10ee\u10d5\u10d0\u10d3\u10d0\u10e1\u10ee\u10d5\u10d0 \u10e2\u10d8\u10de\u10d8\u10e1 \u10dd\u10d1\u10d8\u10d4\u10e5\u10e2\u10d4\u10d1\u10d6\u10d4 (\u10d0\u10d3\u10d0\u10db\u10d8\u10d0\u10dc\u10d8, \u10db\u10d0\u10dc\u10e5\u10d0\u10dc\u10d0), \u10d3\u10d8\u10d5\u10d4\u10e0\u10e1\u10d8\u10e3\u10da\u10d8 \u10d3\u10d4\u10e2\u10d4\u10e5\u10e2\u10dd\u10e0\u10d8, \u10d2\u10d0\u10db\u10dd\u10dc\u10d0\u10d9\u10da\u10d8\u10e1\u10d8<br \/>\u10e1\u10d0\u10d5\u10d0\u10da\u10d3\u10d4\u10d1\u10e3\u10da\u10dd\u10d0 \u10d0\u10e2\u10d5\u10d8\u10e0\u10d7\u10d5\u10d0 FTP-\u10d6\u10d4, \u10d2\u10d0\u10d2\u10d6\u10d0\u10d5\u10dc\u10d4\u10d7 \u10d4\u10da\u10e4\u10dd\u10e1\u10e2\u10d0, \u10d0\u10ea\u10dc\u10dd\u10d1\u10d4\u10d7 \u10db\u10dd\u10dc\u10d8\u10e2\u10dd\u10e0\u10d8\u10dc\u10d2\u10d8\u10e1 \u10ea\u10d4\u10dc\u10e2\u10e0\u10e1, \u10d2\u10d0\u10d3\u10d0\u10d8\u10e6\u10d4\u10d7 \u10e1\u10e3\u10e0\u10d0\u10d7\u10d8<br \/>\u10d9\u10d5\u10d4\u10d1\u10d8\u10e1 DC 12 V \u00b125%, 0.4 A, \u10db\u10d0\u10e5\u10e1. 5 W, \u00d85.5 \u10db\u10db \u10d9\u10dd\u10d0\u10e5\u10e1\u10d8\u10d0\u10da\u10e3\u10e0\u10d8 \u10d3\u10d4\u10dc\u10d8\u10e1 \u10d9\u10dd\u10dc\u10d4\u10e5\u10e2\u10dd\u10e0\u10d8<br \/>PoE: 802.3 af, \u10d9\u10da\u10d0\u10e1\u10d8 3, 36-\u10d3\u10d0\u10dc 57 V-\u10db\u10d3\u10d4, 0.2-\u10d3\u10d0\u10dc 0.15 A-\u10db\u10d3\u10d4, \u10db\u10d0\u10e5\u10e1. 6,5 \u10d5\u10e2<br \/>\u10db\u10d0\u10e1\u10d0\u10da\u10d0 \u10da\u10d8\u10d7\u10dd\u10dc\u10d8<br \/>\u10d6\u10dd\u10db\u10d0 170.8\u00d766.0\u00d769.1 \u10db\u10db<br \/>\u10ec\u10dd\u10dc\u10d0 270 \u10d2<br \/>\u10e1\u10d0\u10db\u10e3\u10e8\u10d0\u10dd \u10de\u10d8\u10e0\u10dd\u10d1\u10d4\u10d1\u10d8 \u10e2\u10d4\u10db\u10de\u10d4\u10e0\u10d0\u10e2\u10e3\u10e0\u10d0: \u201340 \u00b0C&#8230; +60 \u00b0C, \u10e2\u10d4\u10dc\u10d8\u10d0\u10dc\u10dd\u10d1\u10d0: 95% \u10d0\u10dc \u10dc\u10d0\u10d9\u10da\u10d4\u10d1\u10d8 (\u10d0\u10e0\u10d0\u10d9\u10dd\u10dc\u10d3\u10d4\u10dc\u10e1\u10d8\u10e0\u10d4\u10d1\u10d0\u10d3\u10d8)<br \/>\u10d4\u10dc\u10d0 \u10d8\u10dc\u10d2\u10da\u10d8\u10e1\u10e3\u10e0\u10d8 \u10e0\u10e3\u10e1\u10e3\u10da\u10d8<br \/>\u10eb\u10d8\u10e0\u10d8\u10d7\u10d0\u10d3\u10d8 \u10e4\u10e3\u10dc\u10e5\u10ea\u10d8\u10d4\u10d1\u10d8 Heartbeat, Anti-banding, mirroring, \u10de\u10d0\u10e0\u10dd\u10da\u10d8\u10e1 \u10d3\u10d0\u10ea\u10d5\u10d0, \u10de\u10d0\u10e0\u10dd\u10da\u10d8\u10e1 \u10e8\u10d4\u10ea\u10d5\u10da\u10d0 \u10d4\u10da\u10d4\u10e5\u10e2\u10e0\u10dd\u10dc\u10e3\u10da\u10d8 \u10e4\u10dd\u10e1\u10e2\u10d8\u10d7<br \/>\u10d3\u10d0\u10ea\u10d5\u10d8\u10e1 \u10e1\u10e2\u10d0\u10dc\u10d3\u10d0\u10e0\u10e2\u10d4\u10d1\u10d8 IP67: IEC 60529-2013<\/p><\/p>","protected":false},"excerpt":{"rendered":"<p>IP \u10d9\u10d0\u10db\u10d4\u10e0\u10d0 HiWatch DS-I400(D) 2.8Matrix 1\/3&#8243; \u10de\u10e0\u10dd\u10d2\u10e0\u10d4\u10e1\u10e3\u10da\u10d8 \u10e1\u10d9\u10d0\u10dc\u10d8\u10e0\u10d4\u10d1\u10d0 CMOS\u10db\u10d0\u10e5\u10e1\u10d8\u10db\u10d0\u10da\u10e3\u10e0\u10d8 \u10d2\u10d0\u10e0\u10e9\u10d4\u10d5\u10d0\u10d3\u10dd\u10d1\u10d0 2560\u00d71440\u10db\u10d2\u10e0\u10eb\u10dc\u10dd\u10d1\u10d4\u10da\u10dd\u10d1\u10d8\u10e1 \u10e4\u10d4\u10e0\u10d8: 0.01 \u10da\u10e3\u10e5\u10e1\u10d8 (F\/2.0, AGC \u10e9\u10d0\u10e0\u10d7\u10e3\u10da\u10d8), \u10d7\u10d4\u10d7\u10e0\u10d4\u10e3\u10da\u10d8: 0 \u10da\u10e3\u10e5\u10e1\u10d8<\/p>","protected":false},"featured_media":34683,"comment_status":"open","ping_status":"closed","template":"","meta":[],"product_brand":[],"product_cat":[826,820],"product_tag":[],"class_list":{"0":"post-34684","1":"product","2":"type-product","3":"status-publish","4":"has-post-thumbnail","6":"product_cat-4mp-ip-cameras","7":"product_cat-wall-mounting-cabinets","9":"first","10":"instock","11":"taxable","12":"shipping-taxable","13":"purchasable","14":"product-type-simple"},"_links":{"self":[{"href":"https:\/\/iterra.ge\/ge\/wp-json\/wp\/v2\/product\/34684","targetHints":{"allow":["GET"]}}],"collection":[{"href":"https:\/\/iterra.ge\/ge\/wp-json\/wp\/v2\/product"}],"about":[{"href":"https:\/\/iterra.ge\/ge\/wp-json\/wp\/v2\/types\/product"}],"replies":[{"embeddable":true,"href":"https:\/\/iterra.ge\/ge\/wp-json\/wp\/v2\/comments?post=34684"}],"version-history":[{"count":2,"href":"https:\/\/iterra.ge\/ge\/wp-json\/wp\/v2\/product\/34684\/revisions"}],"predecessor-version":[{"id":66451,"href":"https:\/\/iterra.ge\/ge\/wp-json\/wp\/v2\/product\/34684\/revisions\/66451"}],"wp:featuredmedia":[{"embeddable":true,"href":"https:\/\/iterra.ge\/ge\/wp-json\/wp\/v2\/media\/34683"}],"wp:attachment":[{"href":"https:\/\/iterra.ge\/ge\/wp-json\/wp\/v2\/media?parent=34684"}],"wp:term":[{"taxonomy":"product_brand","embeddable":true,"href":"https:\/\/iterra.ge\/ge\/wp-json\/wp\/v2\/product_brand?post=34684"},{"taxonomy":"product_cat","embeddable":true,"href":"https:\/\/iterra.ge\/ge\/wp-json\/wp\/v2\/product_cat?post=34684"},{"taxonomy":"product_tag","embeddable":true,"href":"https:\/\/iterra.ge\/ge\/wp-json\/wp\/v2\/product_tag?post=34684"}],"curies":[{"name":"wp","href":"https:\/\/api.w.org\/{rel}","templated":true}]}}