{"id":34890,"date":"2025-06-12T10:54:07","date_gmt":"2025-06-12T06:54:07","guid":{"rendered":"https:\/\/iterra.ge\/product\/%e1%83%99%e1%83%90%e1%83%9b%e1%83%94%e1%83%a0%e1%83%90hiwatch-ds-i456z2-8-12mmc2-8-12mmip4mpbulletvfir30m\/"},"modified":"2026-02-25T00:01:03","modified_gmt":"2026-02-25T00:01:03","slug":"%e1%83%99%e1%83%90%e1%83%9b%e1%83%94%e1%83%a0%e1%83%90hiwatch-ds-i456z2-8-12mmc2-8-12mmip4mpbulletvfir30m","status":"publish","type":"product","link":"https:\/\/iterra.ge\/ge\/product\/%e1%83%99%e1%83%90%e1%83%9b%e1%83%94%e1%83%a0%e1%83%90hiwatch-ds-i456z2-8-12mmc2-8-12mmip4mpbulletvfir30m\/","title":{"rendered":"\u10d9\u10d0\u10db\u10d4\u10e0\u10d0,Hiwatch, DS-I456Z(2.8-12mm)C,2.8-12mm,IP,4mp,Bullet,VF,IR30m,,,"},"content":{"rendered":"<p>\u10d9\u10d0\u10db\u10d4\u10e0\u10d0<\/p>\n<p>\u10e1\u10e3\u10e0\u10d0\u10d7\u10d8\u10e1 \u10e1\u10d4\u10dc\u10e1\u10dd\u10e0\u10d8 1\/3&#8243; \u10de\u10e0\u10dd\u10d2\u10e0\u10d4\u10e1\u10e3\u10da\u10d8 \u10e1\u10d9\u10d0\u10dc\u10d8\u10e0\u10d4\u10d1\u10d0 CMOS<br \/>\u10db\u10d0\u10e5\u10e1. \u10d2\u10d0\u10e0\u10e9\u10d4\u10d5\u10d0\u10d3\u10dd\u10d1\u10d0 2560 \u00d7 1440<br \/>\u10db\u10d8\u10dc. IlluminationColor: 0.005 Lux @(F1.6, AGC ON), B\/W: 0 Lux with IR<br \/>\u10e9\u10d0\u10db\u10d9\u10d4\u10e2\u10d8\u10e1 \u10e1\u10d8\u10e9\u10e5\u10d0\u10e0\u10d4 1\/3 \u10ec\u10db-\u10d3\u10d0\u10dc 1\/100000 \u10ec\u10db-\u10db\u10d3\u10d4<br \/>\u10e4\u10d0\u10e0\u10d7\u10dd \u10d3\u10d8\u10dc\u10d0\u10db\u10d8\u10e3\u10e0\u10d8 \u10d3\u10d8\u10d0\u10de\u10d0\u10d6\u10dd\u10dc\u10d8 120 \u10d3\u10d1<br \/>\u10d3\u10e6\u10d4 \u10d3\u10d0 \u10e6\u10d0\u10db\u10d4<br \/>IR \u10ed\u10e0\u10d8\u10e1 \u10e4\u10d8\u10da\u10e2\u10e0\u10d8<\/p>\n<p>\u10d9\u10e3\u10d7\u10ee\u10d8\u10e1 \u10e0\u10d4\u10d2\u10e3\u10da\u10d8\u10e0\u10d4\u10d1\u10d0 \u10de\u10d0\u10dc\u10d4\u10da\u10d8: 0\u00b0-\u10d3\u10d0\u10dc 360\u00b0-\u10db\u10d3\u10d4, \u10d3\u10d0\u10ee\u10e0\u10d8\u10da\u10dd\u10d1\u10d0: 0\u00b0-\u10d3\u10d0\u10dc 90\u00b0-\u10db\u10d3\u10d4, \u10e0\u10dd\u10e2\u10d0\u10ea\u10d8\u10d0: 0\u00b0-\u10d3\u10d0\u10dc 360\u00b0-\u10db\u10d3\u10d4<br \/>\u10dd\u10d1\u10d8\u10d4\u10e5\u10e2\u10d8\u10d5\u10d8<\/p>\n<p>\u10da\u10d8\u10dc\u10d6\u10d8\u10e1 \u10e2\u10d8\u10de\u10d8<br \/>\u10d5\u10d0\u10e0\u10d8\u10e4\u10dd\u10d9\u10d0\u10da\u10e3\u10e0\u10d8 \u10da\u10d8\u10dc\u10d6\u10d0, \u10eb\u10e0\u10d0\u10d5\u10d6\u10d4 \u10db\u10dd\u10db\u10e3\u10e8\u10d0\u10d5\u10d4 \u10da\u10d8\u10dc\u10d6\u10d0, 2.8-\u10d3\u10d0\u10dc 12 \u10db\u10db-\u10db\u10d3\u10d4<\/p>\n<p>\u10e4\u10dd\u10d9\u10e3\u10e1\u10e3\u10e0\u10d8 \u10db\u10d0\u10dc\u10eb\u10d8\u10da\u10d8 \u10d3\u10d0 FOV2,8-\u10d3\u10d0\u10dc 12 \u10db\u10db-\u10db\u10d3\u10d4: \u10f0\u10dd\u10e0\u10d8\u10d6\u10dd\u10dc\u10e2\u10d0\u10da\u10e3\u10e0\u10d8 FOV 102\u00b0-\u10d3\u10d0\u10dc 31\u00b0-\u10db\u10d3\u10d4, \u10d5\u10d4\u10e0\u10e2\u10d8\u10d9\u10d0\u10da\u10e3\u10e0\u10d8 FOV 55\u00b0-\u10d3\u10d0\u10dc 18\u00b0-\u10db\u10d3\u10d4, \u10d3\u10d8\u10d0\u10d2\u10dd\u10dc\u10d0\u10da\u10d8 FOV 122\u00b0-\u10d3\u10d0\u10dc 36\u00b0-\u10db\u10d3\u10d4<br \/>\u10da\u10d8\u10dc\u10d6\u10d8\u10e1 \u10e1\u10d0\u10db\u10d0\u10d2\u10e0\u10d8<br \/>\u00d814<\/p>\n<p>Iris TypeFixed<br \/>\u10d3\u10d8\u10d0\u10e4\u10e0\u10d0\u10d2\u10db\u10d0 F1.6<br \/>\u10d8\u10da\u10e3\u10db\u10d8\u10dc\u10d0\u10e2\u10dd\u10e0\u10d8<\/p>\n<p>IR \u10e2\u10d0\u10da\u10e6\u10d8\u10e1 \u10e1\u10d8\u10d2\u10e0\u10eb\u10d4 850 \u10dc\u10db<br \/>IR \u10d3\u10d8\u10d0\u10de\u10d0\u10d6\u10dd\u10dc\u10d8<br \/>50 \u10db-\u10db\u10d3\u10d4<\/p>\n<p>\u10d5\u10d8\u10d3\u10d4\u10dd<\/p>\n<p>\u10db\u10d7\u10d0\u10d5\u10d0\u10e0\u10d8 \u10dc\u10d0\u10d9\u10d0\u10d3\u10d8<br \/>50 Hz: 20 fps (2560 \u00d7 1440)<\/p>\n<p>25 fps (1920 \u00d7 1080, 1280 \u00d7 720)<\/p>\n<p>60 Hz: 20 fps (2560 \u00d7 1440)<\/p>\n<p>30 fps (1920 \u00d7 1080, 1280 \u00d7 720)<\/p>\n<p>\u10e5\u10d5\u10d4-\u10dc\u10d0\u10d9\u10d0\u10d3\u10d8<br \/>50 Hz: 25 fps (1280 \u00d7 720, 640 \u00d7 480, 640 \u00d7 360)<\/p>\n<p>60 Hz: 30 fps (1280 \u00d7 720, 640 \u00d7 480, 640 \u00d7 360)<\/p>\n<p>\u10d5\u10d8\u10d3\u10d4\u10dd \u10e8\u10d4\u10d9\u10e3\u10db\u10e8\u10d5\u10d0<br \/>\u10eb\u10d8\u10e0\u10d8\u10d7\u10d0\u10d3\u10d8 \u10dc\u10d0\u10d9\u10d0\u10d3\u10d8: H.265+\/H.265\/H.264+\/H.264<\/p>\n<p>\u10e5\u10d5\u10d4 \u10dc\u10d0\u10d9\u10d0\u10d3\u10d8: H.265\/H.264\/MJPEG<\/p>\n<p>\u10d5\u10d8\u10d3\u10d4\u10dd \u10d1\u10d8\u10e2\u10d8\u10e1 \u10e1\u10d8\u10ee\u10e8\u10d8\u10e0\u10d4 32 Kbps-\u10d3\u10d0\u10dc 8 Mbps-\u10db\u10d3\u10d4<br \/>H.264 TypeBaseline \u10de\u10e0\u10dd\u10e4\u10d8\u10da\u10d8\/\u10db\u10d7\u10d0\u10d5\u10d0\u10e0\u10d8 \u10de\u10e0\u10dd\u10e4\u10d8\u10da\u10d8\/\u10db\u10d0\u10e6\u10d0\u10da\u10d8 \u10de\u10e0\u10dd\u10e4\u10d8\u10da\u10d8<br \/>H.265 TypeMain \u10de\u10e0\u10dd\u10e4\u10d8\u10da\u10d8<br \/>\u10d8\u10dc\u10e2\u10d4\u10e0\u10d4\u10e1\u10d8\u10e1 \u10e0\u10d4\u10d2\u10d8\u10dd\u10dc\u10d8 (ROI)1 \u10e4\u10d8\u10e5\u10e1\u10d8\u10e0\u10d4\u10d1\u10e3\u10da\u10d8 \u10e0\u10d4\u10d2\u10d8\u10dd\u10dc\u10d8 \u10eb\u10d8\u10e0\u10d8\u10d7\u10d0\u10d3\u10d8 \u10dc\u10d0\u10d9\u10d0\u10d3\u10d8\u10e1\u10d7\u10d5\u10d8\u10e1<br \/>\u10e5\u10e1\u10d4\u10da\u10d8<\/p>\n<p>\u10de\u10e0\u10dd\u10e2\u10dd\u10d9\u10dd\u10da\u10d4\u10d1\u10d8TCP\/IP, ICMP, HTTP, HTTPS, FTP, DHCP, DNS, DDNS, RTP, RTSP, RTCP, NTP, UPnP&trade;, SMTP, IGMP, 802.1X, QoS, IPv6, Bonjour, IPv4, UDP, SSL\/TLS<br \/>\u10d4\u10e0\u10d7\u10d3\u10e0\u10dd\u10e3\u10da\u10d8 \u10de\u10d8\u10e0\u10d3\u10d0\u10de\u10d8\u10e0\u10d8 \u10ee\u10d4\u10d3\u10d5\u10d0 6 \u10d0\u10e0\u10ee\u10d0\u10db\u10d3\u10d4<br \/>APIO \u10e6\u10d8\u10d0 \u10e5\u10e1\u10d4\u10da\u10d8\u10e1 \u10d5\u10d8\u10d3\u10d4\u10dd \u10d8\u10dc\u10e2\u10d4\u10e0\u10e4\u10d4\u10d8\u10e1\u10d8, ISAPI<br \/>\u10db\u10dd\u10db\u10ee\u10db\u10d0\u10e0\u10d4\u10d1\u10d4\u10da\u10d8\/HostUp 32 \u10db\u10dd\u10db\u10ee\u10db\u10d0\u10e0\u10d4\u10d1\u10d4\u10da\u10d8. 3 \u10d3\u10dd\u10dc\u10d4: \u10d0\u10d3\u10db\u10d8\u10dc\u10d8\u10e1\u10e2\u10e0\u10d0\u10e2\u10dd\u10e0\u10d8, \u10dd\u10de\u10d4\u10e0\u10d0\u10e2\u10dd\u10e0\u10d8 \u10d3\u10d0 \u10db\u10dd\u10db\u10ee\u10db\u10d0\u10e0\u10d4\u10d1\u10d4\u10da\u10d8<br \/>ClientiVMS-4200, Hik-Connect<br \/>\u10d5\u10d4\u10d1 \u10d1\u10e0\u10d0\u10e3\u10d6\u10d4\u10e0\u10d8<br \/>\u10d3\u10d0\u10dc\u10d0\u10db\u10d0\u10e2\u10d8\u10e1 \u10e1\u10d0\u10ed\u10d8\u10e0\u10dd \u10de\u10d8\u10e0\u10d3\u10d0\u10de\u10d8\u10e0\u10d8 \u10ee\u10d4\u10d3\u10d5\u10d0: IE 10+<\/p>\n<p>\u10d3\u10d0\u10dc\u10d0\u10db\u10d0\u10e2\u10d8\u10e1 \u10e3\u10e4\u10d0\u10e1\u10dd \u10de\u10d8\u10e0\u10d3\u10d0\u10de\u10d8\u10e0\u10d8 \u10ee\u10d4\u10d3\u10d5\u10d0: Chrome 57.0+, Firefox 52.0+<\/p>\n<p>\u10d0\u10d3\u10d2\u10d8\u10da\u10dd\u10d1\u10e0\u10d8\u10d5\u10d8 \u10e1\u10d4\u10e0\u10d5\u10d8\u10e1\u10d8: Chrome 57.0+, Firefox 52.0+<\/p>\n<p>\u10d2\u10d0\u10db\u10dd\u10e1\u10d0\u10ee\u10e3\u10da\u10d4\u10d1\u10d0<\/p>\n<p>\u10e1\u10e3\u10e0\u10d0\u10d7\u10d8\u10e1 \u10de\u10d0\u10e0\u10d0\u10db\u10d4\u10e2\u10e0\u10d4\u10d1\u10d8 \u10d2\u10d0\u10ef\u10d4\u10e0\u10d4\u10d1\u10d0, \u10e1\u10d8\u10d9\u10d0\u10e8\u10d9\u10d0\u10e8\u10d4, \u10d9\u10dd\u10dc\u10e2\u10e0\u10d0\u10e1\u10e2\u10d8, \u10e1\u10d8\u10db\u10d9\u10d5\u10d4\u10d7\u10e0\u10d4, AGC, \u10d7\u10d4\u10d7\u10e0\u10d8 \u10d1\u10d0\u10da\u10d0\u10dc\u10e1\u10d8 \u10e0\u10d4\u10d2\u10e3\u10da\u10d8\u10e0\u10d4\u10d1\u10d0\u10d3\u10d8 \u10d9\u10da\u10d8\u10d4\u10dc\u10e2\u10d8\u10e1 \u10de\u10e0\u10dd\u10d2\u10e0\u10d0\u10db\u10e3\u10da\u10d8 \u10e3\u10d6\u10e0\u10e3\u10dc\u10d5\u10d4\u10da\u10e7\u10dd\u10e4\u10d8\u10e1 \u10d0\u10dc \u10d5\u10d4\u10d1 \u10d1\u10e0\u10d0\u10e3\u10d6\u10d4\u10e0\u10d8\u10e1 \u10db\u10d8\u10d4\u10e0<br \/>\u10d3\u10e6\u10d8\u10e1\/\u10e6\u10d0\u10db\u10d8\u10e1 \u10d2\u10d0\u10d3\u10d0\u10db\u10e0\u10d7\u10d5\u10d4\u10da\u10d8<br \/>\u10d0\u10d5\u10e2\u10dd\u10db\u10d0\u10e2\u10e3\u10e0\u10d8, \u10d2\u10d0\u10dc\u10e0\u10d8\u10d2\u10d8, \u10d3\u10e6\u10d4, \u10e6\u10d0\u10db\u10d4<\/p>\n<p>\u10d2\u10d0\u10db\u10dd\u10e1\u10d0\u10ee\u10e3\u10da\u10d4\u10d1\u10d8\u10e1 \u10d2\u10d0\u10e3\u10db\u10ef\u10dd\u10d1\u10d4\u10e1\u10d4\u10d1\u10d0BLC, 3D DNR<br \/>\u10d8\u10dc\u10e2\u10d4\u10e0\u10e4\u10d4\u10d8\u10e1\u10d8<\/p>\n<p>Ethernet \u10d8\u10dc\u10e2\u10d4\u10e0\u10e4\u10d4\u10d8\u10e1\u10d81 RJ45 10 M\/100 M \u10d7\u10d5\u10d8\u10d7\u10d0\u10d3\u10d0\u10de\u10e2\u10d8\u10e0\u10d4\u10d1\u10d0\u10d3\u10d8 Ethernet \u10de\u10dd\u10e0\u10e2\u10d8<br \/>\u10d1\u10dd\u10e0\u10e2\u10d6\u10d4 Storage \u10e9\u10d0\u10e8\u10d4\u10dc\u10d4\u10d1\u10e3\u10da\u10d8 \u10db\u10d4\u10ee\u10e1\u10d8\u10d4\u10e0\u10d4\u10d1\u10d8\u10e1 \u10d1\u10d0\u10e0\u10d0\u10d7\u10d8\u10e1 \u10e1\u10da\u10dd\u10e2\u10d8, microSD \u10d1\u10d0\u10e0\u10d0\u10d7\u10d8\u10e1 \u10db\u10ee\u10d0\u10e0\u10d3\u10d0\u10ed\u10d4\u10e0\u10d0, 256 \u10d2\u10d1-\u10db\u10d3\u10d4<br \/>\u10d2\u10d0\u10e1\u10d0\u10e6\u10d4\u10d1\u10d8\u10e1 \u10d2\u10d0\u10d3\u10d0\u10e2\u10d5\u10d8\u10e0\u10d7\u10d5\u10d0 \u10d3\u10d8\u10d0\u10ee<br \/>\u10e6\u10dd\u10dc\u10d8\u10e1\u10eb\u10d8\u10d4\u10d1\u10d0<\/p>\n<p>\u10eb\u10d8\u10e0\u10d8\u10d7\u10d0\u10d3\u10d8 \u10e6\u10dd\u10dc\u10d8\u10e1\u10eb\u10d8\u10d4\u10d1\u10d8\u10e1 \u10db\u10dd\u10eb\u10e0\u10d0\u10dd\u10d1\u10d8\u10e1 \u10d2\u10d0\u10db\u10dd\u10d5\u10da\u10d4\u10dc\u10d0, \u10d5\u10d8\u10d3\u10d4\u10dd \u10e8\u10d4\u10e4\u10d4\u10e0\u10ee\u10d4\u10d1\u10d8\u10e1 \u10e1\u10d8\u10d2\u10dc\u10d0\u10da\u10d8\u10d6\u10d0\u10ea\u10d8\u10d0, \u10d2\u10d0\u10db\u10dd\u10dc\u10d0\u10d9\u10da\u10d8\u10e1\u10d8<br \/>Linkage\u10d0\u10e2\u10d5\u10d8\u10e0\u10d7\u10d4\u10d7 FTP-\u10d6\u10d4, \u10e8\u10d4\u10d0\u10e2\u10e7\u10dd\u10d1\u10d8\u10dc\u10d4\u10d7 \u10e1\u10d0\u10d7\u10d5\u10d0\u10da\u10d7\u10d5\u10d0\u10da\u10dd \u10ea\u10d4\u10dc\u10e2\u10e0\u10e1, \u10d2\u10d0\u10d2\u10d6\u10d0\u10d5\u10dc\u10d4\u10d7 \u10d4\u10da\u10e4\u10dd\u10e1\u10e2\u10d0, \u10d0\u10e2\u10d5\u10d8\u10e0\u10d7\u10d4\u10d7 \u10db\u10d4\u10ee\u10e1\u10d8\u10d4\u10e0\u10d4\u10d1\u10d8\u10e1 \u10d1\u10d0\u10e0\u10d0\u10d7\u10d6\u10d4, \u10e9\u10d0\u10ec\u10d4\u10e0\u10d8\u10e1 \u10e9\u10d0\u10e0\u10d7\u10d5\u10d0, \u10e2\u10e0\u10d8\u10d2\u10d4\u10e0\u10d8\u10e1 \u10d3\u10d0\u10ed\u10d4\u10e0\u10d0<br \/>\u10d2\u10d4\u10dc\u10d4\u10e0\u10d0\u10da\u10d8<\/p>\n<p>\u10eb\u10d0\u10da\u10d0\u10e3\u10e4\u10da\u10d4\u10d1\u10d0<br \/>12 VDC \u00b1 25%, 0.9 A, \u10db\u10d0\u10e5\u10e1. 11 W, \u00d85,5 \u10db\u10db \u10d9\u10dd\u10d0\u10e5\u10e1\u10d8\u10d0\u10da\u10e3\u10e0\u10d8 \u10d3\u10d4\u10dc\u10d8\u10e1 \u10e8\u10e2\u10d4\u10e4\u10e1\u10d4\u10da\u10d8<\/p>\n<p>PoE: 802.3af, \u10d9\u10da\u10d0\u10e1\u10d8 3, 36 V-\u10d3\u10d0\u10dc 57 V-\u10db\u10d3\u10d4, 0.36 A-\u10d3\u10d0\u10dc 0.23 A-\u10db\u10d3\u10d4, \u10db\u10d0\u10e5\u10e1. 12,9 \u10d5\u10e2<\/p>\n<p>\u10d9\u10d0\u10db\u10d4\u10e0\u10d8\u10e1 \u10db\u10d0\u10e1\u10d0\u10da\u10d0 \u10db\u10d4\u10e2\u10d0\u10da\u10d8<br \/>\u10d9\u10d0\u10db\u10d4\u10e0\u10d8\u10e1 \u10d6\u10dd\u10db\u10d0 \u00d8105 \u10db\u10db \u00d7 244.4 \u10db\u10db (\u00d84.1&#8243; \u00d7 9.6&#8243;)<br \/>\u10de\u10d0\u10d9\u10d4\u10e2\u10d8\u10e1 \u10d6\u10dd\u10db\u10d0 315 \u10db\u10db \u00d7 137 \u10db\u10db \u00d7 141 \u10db\u10db (12.4&#8243; \u00d7 5.4&#8243; \u00d7 5.6&#8243;)<br \/>\u10d9\u10d0\u10db\u10d4\u10e0\u10d8\u10e1 \u10ec\u10dd\u10dc\u10d0 \u10d3\u10d0\u10d0\u10ee\u10da. 1035 \u10d2 (2,3 \u10e4\u10e3\u10dc\u10e2\u10d8)<br \/>\u10de\u10d0\u10d9\u10d4\u10e2\u10d8\u10e1 \u10ec\u10dd\u10dc\u10d8\u10d7 \u10d3\u10d0\u10d0\u10ee\u10da. 1550 \u10d2 (3,4 \u10e4\u10e3\u10dc\u10e2\u10d8)<br \/>\u10e8\u10d4\u10dc\u10d0\u10ee\u10d5\u10d8\u10e1 \u10de\u10d8\u10e0\u10dd\u10d1\u10d4\u10d1\u10d8-30 \u00b0C-\u10d3\u10d0\u10dc 60 \u00b0C-\u10db\u10d3\u10d4 (-22 \u00b0F-\u10d3\u10d0\u10dc 140 \u00b0F-\u10db\u10d3\u10d4). \u10e2\u10d4\u10dc\u10d8\u10d0\u10dc\u10dd\u10d1\u10d0 95% \u10d0\u10dc \u10dc\u10d0\u10d9\u10da\u10d4\u10d1\u10d8 (\u10d0\u10e0\u10d0\u10d9\u10dd\u10dc\u10d3\u10d4\u10dc\u10e1\u10d8\u10e0\u10d4\u10d1\u10d0\u10d3\u10d8)<br \/>\u10d2\u10d0\u10e8\u10d5\u10d4\u10d1\u10d8\u10e1 \u10d3\u10d0 \u10db\u10e3\u10e8\u10d0\u10dd\u10d1\u10d8\u10e1 \u10de\u10d8\u10e0\u10dd\u10d1\u10d4\u10d1\u10d8-40 \u00b0C-\u10d3\u10d0\u10dc 60 \u00b0C-\u10db\u10d3\u10d4 (-40 \u00b0F-\u10d3\u10d0\u10dc 140 \u00b0F-\u10db\u10d3\u10d4). \u10e2\u10d4\u10dc\u10d8\u10d0\u10dc\u10dd\u10d1\u10d0 95% \u10d0\u10dc \u10dc\u10d0\u10d9\u10da\u10d4\u10d1\u10d8 (\u10d0\u10e0\u10d0\u10d9\u10dd\u10dc\u10d3\u10d4\u10dc\u10e1\u10d8\u10e0\u10d4\u10d1\u10d0\u10d3\u10d8)<br \/>\u10d4\u10dc\u10d0<br \/>\u10d8\u10dc\u10d2\u10da\u10d8\u10e1\u10e3\u10e0\u10d8, \u10e0\u10e3\u10e1\u10e3\u10da\u10d8<\/p>\n<p>\u10d6\u10dd\u10d2\u10d0\u10d3\u10d8 \u10e4\u10e3\u10dc\u10e5\u10ea\u10d8\u10d0 \u10ea\u10d8\u10db\u10ea\u10d8\u10db\u10d8\u10e1 \u10e1\u10d0\u10ec\u10d8\u10dc\u10d0\u10d0\u10e6\u10db\u10d3\u10d4\u10d2\u10dd, \u10d2\u10e3\u10da\u10d8\u10e1\u10ea\u10d4\u10db\u10d0, \u10e1\u10d0\u10e0\u10d9\u10d4, \u10de\u10d0\u10e0\u10dd\u10da\u10d8\u10e1 \u10d3\u10d0\u10ea\u10d5\u10d0, \u10d9\u10dd\u10dc\u10e4\u10d8\u10d3\u10d4\u10dc\u10ea\u10d8\u10d0\u10da\u10e3\u10e0\u10dd\u10d1\u10d8\u10e1 \u10dc\u10d8\u10e6\u10d0\u10d1\u10d8, \u10ec\u10e7\u10da\u10d8\u10e1 \u10dc\u10d8\u10e8\u10d0\u10dc\u10d8, IP \u10db\u10d8\u10e1\u10d0\u10db\u10d0\u10e0\u10d7\u10d8\u10e1 \u10e4\u10d8\u10da\u10e2\u10e0\u10d8<\/p>\n<p>\u10d3\u10d0\u10db\u10e2\u10d9\u10d8\u10ea\u10d4\u10d1\u10d0<\/p>\n<p>EMC<br \/>FCC SDoC (47 CFR \u10dc\u10d0\u10ec\u10d8\u10da\u10d8 15, \u10e5\u10d5\u10d4\u10dc\u10d0\u10ec\u10d8\u10da\u10d8 B);<\/p>\n<p>CE-EMC (EN 55032: 2015, EN 61000-3-2: 2014, EN 61000-3-3: 2013, EN 50130-4: 2011 +A1: 2014);<\/p>\n<p>RCM (AS\/NZS CISPR 32: 2015);<\/p>\n<p>IC VoC (ICES-003: Issue 6, 2016);<\/p>\n<p>KC (KN 32: 2015, KN 35: 2015)<\/p>\n<p>\u10e3\u10e1\u10d0\u10e4\u10e0\u10d7\u10ee\u10dd\u10d4\u10d1\u10d0<br \/>UL (UL 60950-1);<\/p>\n<p>CB (IEC 60950-1:2005 + Am 1:2009 + Am 2:2013, IEC 62368-1:2014);<\/p>\n<p>CE-LVD (EN 60950-1:2005 + Am 1:2009 + Am 2:2013, IEC 62368-1:2014);<\/p>\n<p>BIS (IS 13252 (\u10dc\u10d0\u10ec\u10d8\u10da\u10d8 1):2010+A1:2013+A2:2015)<\/p>\n<p>\u10d2\u10d0\u10e0\u10d4\u10db\u10dd<br \/>CE-RoHS (2011\/65\/EU);<\/p>\n<p>WEEE (2012\/19\/EU);<\/p>\n<p>Reach (\u10e0\u10d4\u10d2\u10e3\u10da\u10d0\u10ea\u10d8\u10d0 (EC) No 1907\/2006)<\/p>\n<p>\u10d4\u10da\u10d4\u10e5\u10e2\u10e0\u10e3\u10da\u10d8 \u10e3\u10e1\u10d0\u10e4\u10e0\u10d7\u10ee\u10dd\u10d4\u10d1\u10d8\u10e1 \u10d3\u10d0\u10ea\u10d5\u10d0 IP67 (IEC 60529-2013)<\/p>","protected":false},"excerpt":{"rendered":"<p>\u10d9\u10d0\u10db\u10d4\u10e0\u10d0 \u10e1\u10e3\u10e0\u10d0\u10d7\u10d8\u10e1 \u10e1\u10d4\u10dc\u10e1\u10dd\u10e0\u10d8 1\/3&#8243; \u10de\u10e0\u10dd\u10d2\u10e0\u10d4\u10e1\u10e3\u10da\u10d8 \u10e1\u10d9\u10d0\u10dc\u10d8\u10e0\u10d4\u10d1\u10d0 CMOS\u10db\u10d0\u10e5\u10e1. \u10d2\u10d0\u10e0\u10e9\u10d4\u10d5\u10d0\u10d3\u10dd\u10d1\u10d0 2560 \u00d7 1440\u10db\u10d8\u10dc. IlluminationColor: 0.005 Lux @(F1.6, AGC ON), B\/W: 0 Lux<\/p>","protected":false},"featured_media":34888,"comment_status":"open","ping_status":"closed","template":"","meta":[],"product_brand":[],"product_cat":[826,820],"product_tag":[],"class_list":{"0":"post-34890","1":"product","2":"type-product","3":"status-publish","4":"has-post-thumbnail","6":"product_cat-4mp-ip-cameras","7":"product_cat-wall-mounting-cabinets","9":"first","10":"instock","11":"taxable","12":"shipping-taxable","13":"purchasable","14":"product-type-simple"},"_links":{"self":[{"href":"https:\/\/iterra.ge\/ge\/wp-json\/wp\/v2\/product\/34890","targetHints":{"allow":["GET"]}}],"collection":[{"href":"https:\/\/iterra.ge\/ge\/wp-json\/wp\/v2\/product"}],"about":[{"href":"https:\/\/iterra.ge\/ge\/wp-json\/wp\/v2\/types\/product"}],"replies":[{"embeddable":true,"href":"https:\/\/iterra.ge\/ge\/wp-json\/wp\/v2\/comments?post=34890"}],"version-history":[{"count":1,"href":"https:\/\/iterra.ge\/ge\/wp-json\/wp\/v2\/product\/34890\/revisions"}],"predecessor-version":[{"id":65613,"href":"https:\/\/iterra.ge\/ge\/wp-json\/wp\/v2\/product\/34890\/revisions\/65613"}],"wp:featuredmedia":[{"embeddable":true,"href":"https:\/\/iterra.ge\/ge\/wp-json\/wp\/v2\/media\/34888"}],"wp:attachment":[{"href":"https:\/\/iterra.ge\/ge\/wp-json\/wp\/v2\/media?parent=34890"}],"wp:term":[{"taxonomy":"product_brand","embeddable":true,"href":"https:\/\/iterra.ge\/ge\/wp-json\/wp\/v2\/product_brand?post=34890"},{"taxonomy":"product_cat","embeddable":true,"href":"https:\/\/iterra.ge\/ge\/wp-json\/wp\/v2\/product_cat?post=34890"},{"taxonomy":"product_tag","embeddable":true,"href":"https:\/\/iterra.ge\/ge\/wp-json\/wp\/v2\/product_tag?post=34890"}],"curies":[{"name":"wp","href":"https:\/\/api.w.org\/{rel}","templated":true}]}}