{"id":61170,"date":"2025-11-25T23:24:45","date_gmt":"2025-11-25T23:24:45","guid":{"rendered":"https:\/\/iterra.ge\/product\/%e1%83%a9%e1%83%90%e1%83%9b%e1%83%ac%e1%83%94%e1%83%a0%e1%83%98%e1%83%a1-%e1%83%93%e1%83%90-%e1%83%99%e1%83%90%e1%83%9b%e1%83%94%e1%83%a0%e1%83%94%e1%83%91%e1%83%98%e1%83%a1-%e1%83%99%e1%83%9d\/"},"modified":"2026-02-25T00:01:08","modified_gmt":"2026-02-25T00:01:08","slug":"%e1%83%a9%e1%83%90%e1%83%9b%e1%83%ac%e1%83%94%e1%83%a0%e1%83%98%e1%83%a1-%e1%83%93%e1%83%90-%e1%83%99%e1%83%90%e1%83%9b%e1%83%94%e1%83%a0%e1%83%94%e1%83%91%e1%83%98%e1%83%a1-%e1%83%99%e1%83%9d","status":"publish","type":"product","link":"https:\/\/iterra.ge\/ge\/product\/%e1%83%a9%e1%83%90%e1%83%9b%e1%83%ac%e1%83%94%e1%83%a0%e1%83%98%e1%83%a1-%e1%83%93%e1%83%90-%e1%83%99%e1%83%90%e1%83%9b%e1%83%94%e1%83%a0%e1%83%94%e1%83%91%e1%83%98%e1%83%a1-%e1%83%99%e1%83%9d\/","title":{"rendered":"\u10e9\u10d0\u10db\u10ec\u10d4\u10e0\u10d8\u10e1 \u10d3\u10d0 \u10d9\u10d0\u10db\u10d4\u10e0\u10d4\u10d1\u10d8\u10e1 \u10d9\u10dd\u10db\u10de\u10da\u10d4\u10e5\u10e2\u10d8 DS-J142I-NKS424W02H WiFi NVS Kit"},"content":{"rendered":"<h2>\u10d9\u10d0\u10db\u10d4\u10e0\u10d0<\/h2>\n<ul>\n<li><b>\u10d9\u10d0\u10db\u10d4\u10e0\u10d8\u10e1 \u10d9\u10dd\u10e0\u10de\u10e3\u10e1\u10d8\u10e1 \u10e2\u10d8\u10de\u10d8:<\/b> Bullet (\u10ea\u10d8\u10da\u10d8\u10dc\u10d3\u10e0\u10e3\u10da\u10d8); Turret (\u10d2\u10e3\u10db\u10d1\u10d0\u10d7\u10dd\u10d5\u10d0\u10dc\u10d8)<\/li>\n<li><b>\u10d2\u10d0\u10db\u10dd\u10e1\u10d0\u10ee\u10e3\u10da\u10d4\u10d1\u10d8\u10e1 \u10e1\u10d4\u10dc\u10e1\u10dd\u10e0\u10d8:<\/b> 1\/2.7&#8243; Progressive Scan CMOS<\/li>\n<li><b>\u10db\u10d8\u10dc\u10d8\u10db\u10d0\u10da\u10e3\u10e0\u10d8 \u10d2\u10d0\u10dc\u10d0\u10d7\u10d4\u10d1\u10d0:<\/b>\n<\/p>\n<ul>\n<li><b>Bullet:<\/b> \u10e4\u10d4\u10e0\u10d0\u10d3\u10d8: 0.005 Lux @ (F1.6, AGC \u10e9\u10d0\u10e0\u10d7\u10e3\u10da\u10d8), \u10e8\u10d0\u10d5-\u10d7\u10d4\u10d7\u10e0\u10d8: 0 Lux (IR \u10d2\u10d0\u10dc\u10d0\u10d7\u10d4\u10d1\u10d8\u10d7)<\/li>\n<li><b>Turret:<\/b> \u10e4\u10d4\u10e0\u10d0\u10d3\u10d8: 0.01 Lux @ (F2.0, AGC \u10e9\u10d0\u10e0\u10d7\u10e3\u10da\u10d8), \u10e8\u10d0\u10d5-\u10d7\u10d4\u10d7\u10e0\u10d8: 0.005 Lux, 0 Lux (IR \u10d2\u10d0\u10dc\u10d0\u10d7\u10d4\u10d1\u10d8\u10d7)<\/li>\n<\/ul>\n<\/li>\n<li><b>\u10d3\u10e6\u10d4 \u10d3\u10d0 \u10e6\u10d0\u10db\u10d4:<\/b> IR \u10ed\u10e0\u10d8\u10e1 \u10e4\u10d8\u10da\u10e2\u10e0\u10d8<\/li>\n<li><b>WDR (\u10d3\u10d8\u10dc\u10d0\u10db\u10d8\u10e3\u10e0\u10d8 \u10d3\u10d8\u10d0\u10de\u10d0\u10d6\u10dd\u10dc\u10d8):<\/b> DWDR (\u10ea\u10d8\u10e4\u10e0\u10e3\u10da\u10d8 WDR)<\/li>\n<li><b>\u10ee\u10d4\u10d3\u10d5\u10d8\u10e1 \u10d9\u10e3\u10d7\u10ee\u10d8\u10e1 \u10e0\u10d4\u10d2\u10e3\u10da\u10d8\u10e0\u10d4\u10d1\u10d0:<\/b>\n<\/p>\n<ul>\n<li><b>Bullet:<\/b> \u10db\u10dd\u10d1\u10e0\u10e3\u10dc\u10d4\u10d1\u10d0: 0\u00b0-\u10d3\u10d0\u10dc 360\u00b0-\u10db\u10d3\u10d4, \u10d3\u10d0\u10ee\u10e0\u10d0: 0\u00b0-\u10d3\u10d0\u10dc 90\u00b0-\u10db\u10d3\u10d4, \u10e0\u10dd\u10e2\u10d0\u10ea\u10d8\u10d0: 0\u00b0-\u10d3\u10d0\u10dc 360\u00b0-\u10db\u10d3\u10d4<\/li>\n<li><b>Turret:<\/b> \u10db\u10dd\u10d1\u10e0\u10e3\u10dc\u10d4\u10d1\u10d0: 0\u00b0-\u10d3\u10d0\u10dc 350\u00b0-\u10db\u10d3\u10d4, \u10d3\u10d0\u10ee\u10e0\u10d0: 0\u00b0-\u10d3\u10d0\u10dc 75\u00b0-\u10db\u10d3\u10d4<\/li>\n<\/ul>\n<\/li>\n<li><b>\u10d3\u10d0\u10ea\u10d5\u10d8\u10e1 \u10d3\u10dd\u10dc\u10d4:<\/b> Bullet: IP66; Turret: IP54<\/li>\n<li><b>\u10db\u10d0\u10e1\u10d0\u10da\u10d0:<\/b> \u10de\u10da\u10d0\u10e1\u10e2\u10db\u10d0\u10e1\u10d8<\/li>\n<li><b>Wi-Fi \u10db\u10ee\u10d0\u10e0\u10d3\u10d0\u10ed\u10d4\u10e0\u10d0:<\/b> \u10d3\u10d8\u10d0\u10ee<\/li>\n<\/ul>\n<h2>\u10d9\u10d0\u10db\u10d4\u10e0\u10d0\/\u10dd\u10d1\u10d8\u10d4\u10e5\u10e2\u10d8\u10d5\u10d8<\/h2>\n<ul>\n<li><b>\u10e4\u10dd\u10d9\u10e3\u10e1\u10e3\u10e0\u10d8 \u10db\u10d0\u10dc\u10eb\u10d8\u10da\u10d8:<\/b> 2.8 \u10db\u10db<\/li>\n<li><b>\u10d3\u10d8\u10d0\u10e4\u10e0\u10d0\u10d2\u10db\u10d0 (Aperture):<\/b> Bullet: F1.6; Turret: F2.0<\/li>\n<li><b>\u10e4\u10dd\u10d9\u10e3\u10e1\u10d8:<\/b> \u10e4\u10d8\u10e5\u10e1\u10d8\u10e0\u10d4\u10d1\u10e3\u10da\u10d8<\/li>\n<li><b>\u10ee\u10d4\u10d3\u10d5\u10d8\u10e1 \u10d0\u10e0\u10d4 (FOV):<\/b>\n<\/p>\n<ul>\n<li><b>Bullet:<\/b> \u10f0\u10dd\u10e0\u10d8\u10d6\u10dd\u10dc\u10e2\u10d0\u10da\u10e3\u10e0\u10d8 94\u00b0, \u10d5\u10d4\u10e0\u10e2\u10d8\u10d9\u10d0\u10da\u10e3\u10e0\u10d8 49\u00b0, \u10d3\u10d8\u10d0\u10d2\u10dd\u10dc\u10d0\u10da\u10e3\u10e0\u10d8 114\u00b0<\/li>\n<li><b>Turret:<\/b> \u10f0\u10dd\u10e0\u10d8\u10d6\u10dd\u10dc\u10e2\u10d0\u10da\u10e3\u10e0\u10d8 91.1\u00b0, \u10d5\u10d4\u10e0\u10e2\u10d8\u10d9\u10d0\u10da\u10e3\u10e0\u10d8 47.9\u00b0, \u10d3\u10d8\u10d0\u10d2\u10dd\u10dc\u10d0\u10da\u10e3\u10e0\u10d8 110.8\u00b0<\/li>\n<\/ul>\n<\/li>\n<\/ul>\n<h2>\u10d9\u10d0\u10db\u10d4\u10e0\u10d0\/\u10d8\u10dc\u10e4\u10e0\u10d0\u10ec\u10d8\u10d7\u10d4\u10da\u10d8 (IR)<\/h2>\n<ul>\n<li><b>IR \u10db\u10d0\u10dc\u10eb\u10d8\u10da\u10d8:<\/b> Bullet: 30 \u10db\u10d4\u10e2\u10e0\u10d0\u10db\u10d3\u10d4<\/li>\n<li><b>Turret:<\/b> \u10d7\u10d4\u10d7\u10e0\u10d8 \u10e8\u10e3\u10e5\u10d8\u10e1 \u10db\u10d0\u10dc\u10eb\u10d8\u10da\u10d8: 15 \u10db\u10d4\u10e2\u10e0\u10d0\u10db\u10d3\u10d4, IR \u10db\u10d0\u10dc\u10eb\u10d8\u10da\u10d8: 20 \u10db\u10d4\u10e2\u10e0\u10d0\u10db\u10d3\u10d4<\/li>\n<\/ul>\n<h2>\u10d9\u10d0\u10db\u10d4\u10e0\u10d0\/\u10d9\u10dd\u10db\u10de\u10e0\u10d4\u10e1\u10d8\u10d8\u10e1 \u10e1\u10e2\u10d0\u10dc\u10d3\u10d0\u10e0\u10e2\u10d8<\/h2>\n<ul>\n<li><b>\u10d5\u10d8\u10d3\u10d4\u10dd \u10d9\u10dd\u10db\u10de\u10e0\u10d4\u10e1\u10d8\u10d0:<\/b> H.265; H.264; MJPEG<\/li>\n<li><b>\u10d5\u10d8\u10d3\u10d4\u10dd \u10d1\u10d8\u10e2\u10e0\u10d4\u10d8\u10e2\u10d8:<\/b> 32 Kbps-\u10d3\u10d0\u10dc 8 Mbps-\u10db\u10d3\u10d4<\/li>\n<li><b>\u10d0\u10e3\u10d3\u10d8\u10dd \u10d9\u10dd\u10db\u10de\u10e0\u10d4\u10e1\u10d8\u10d0:<\/b> G.711ulaw\/AAC-LC<\/li>\n<li><b>\u10d2\u10d0\u10e0\u10d4\u10db\u10dd \u10ee\u10db\u10d0\u10e3\u10e0\u10d8\u10e1 \u10e4\u10d8\u10da\u10e2\u10e0\u10d0\u10ea\u10d8\u10d0:<\/b> \u10d3\u10d8\u10d0\u10ee<\/li>\n<\/ul>\n<h2>\u10d9\u10d0\u10db\u10d4\u10e0\u10d0\/\u10d2\u10d0\u10db\u10dd\u10e1\u10d0\u10ee\u10e3\u10da\u10d4\u10d1\u10d0<\/h2>\n<ul>\n<li><b>\u10db\u10d0\u10e5\u10e1\u10d8\u10db\u10d0\u10da\u10e3\u10e0\u10d8 \u10d2\u10d0\u10e4\u10d0\u10e0\u10d7\u10dd\u10d4\u10d1\u10d0:<\/b> 4MP<\/li>\n<li><b>\u10db\u10d7\u10d0\u10d5\u10d0\u10e0\u10d8 \u10dc\u10d0\u10d9\u10d0\u10d3\u10d8 (Main Stream):<\/b>\n<\/p>\n<ul>\n<li>50 Hz: 25 fps (2560 \u00d7 1440, 1920 \u00d7 1080, 1280 \u00d7 720)<\/li>\n<li>60 Hz: 20 fps (2560 \u00d7 1440), 24 fps (1920 \u00d7 1080, 1280 \u00d7 720)<\/li>\n<\/ul>\n<\/li>\n<\/ul>\n<h2>\u10d9\u10d0\u10db\u10d4\u10e0\u10d0\/\u10e5\u10e1\u10d4\u10da\u10d8 \u10d3\u10d0 \u10d8\u10dc\u10e2\u10d4\u10e0\u10e4\u10d4\u10d8\u10e1\u10d8<\/h2>\n<ul>\n<li><b>\u10d2\u10d0\u10dc\u10d2\u10d0\u10e8\u10d8\u10e1 \u10e2\u10e0\u10d8\u10d2\u10d4\u10e0\u10d8:<\/b> \u10db\u10dd\u10eb\u10e0\u10d0\u10dd\u10d1\u10d8\u10e1 \u10d3\u10d4\u10e2\u10d4\u10e5\u10ea\u10d8\u10d0 (\u10d0\u10d3\u10d0\u10db\u10d8\u10d0\u10dc\u10d8\u10e1\u10d0 \u10d3\u10d0 \u10d0\u10d5\u10e2\u10dd\u10db\u10dd\u10d1\u10d8\u10da\u10d8\u10e1 \u10d0\u10db\u10dd\u10ea\u10dc\u10dd\u10d1\u10d0), \u10d5\u10d8\u10d3\u10d4\u10dd\u10d6\u10d4 \u10d0\u10e0\u10d0\u10e1\u10d0\u10dc\u10e5\u10ea\u10d8\u10e0\u10d4\u10d1\u10e3\u10da\u10d8 \u10ec\u10d5\u10d3\u10dd\u10db\u10d0, \u10d2\u10d0\u10db\u10dd\u10dc\u10d0\u10d9\u10da\u10d8\u10e1\u10d8 \u10e8\u10d4\u10db\u10d7\u10ee\u10d5\u10d4\u10d5\u10d4\u10d1\u10d8<\/li>\n<li><b>\u10d9\u10dd\u10db\u10e3\u10dc\u10d8\u10d9\u10d0\u10ea\u10d8\u10d8\u10e1 \u10d8\u10dc\u10e2\u10d4\u10e0\u10e4\u10d4\u10d8\u10e1\u10d8:<\/b> 1 RJ45 10M\/100M \u10d7\u10d5\u10d8\u10d7\u10d0\u10d3\u10d0\u10de\u10e2\u10d8\u10e0\u10d4\u10d1\u10d0\u10d3\u10d8 \u10d4\u10d7\u10d4\u10e0\u10dc\u10d4\u10e2 \u10de\u10dd\u10e0\u10e2\u10d8<\/li>\n<li><b>Reset \u10e6\u10d8\u10da\u10d0\u10d9\u10d8:<\/b> \u10d3\u10d8\u10d0\u10ee<\/li>\n<\/ul>\n<h2>NVR (\u10d5\u10d8\u10d3\u10d4\u10dd \u10e9\u10d0\u10db\u10ec\u10d4\u10e0\u10d8)<\/h2>\n<ul>\n<li><b>IP \u10d5\u10d8\u10d3\u10d4\u10dd \u10e8\u10d4\u10e1\u10d0\u10e1\u10d5\u10da\u10d4\u10da\u10d8:<\/b> 4 \u10d0\u10e0\u10ee\u10d8\u10d0\u10dc\u10d8<\/li>\n<li><b>\u10d2\u10d0\u10db\u10e2\u10d0\u10e0\u10e3\u10dc\u10d0\u10e0\u10d8\u10d0\u10dc\u10dd\u10d1\u10d0:<\/b> 20 Mbps (\u10e8\u10d4\u10db\u10d0\u10d5\u10d0\u10da\u10d8\/\u10d2\u10d0\u10db\u10dd\u10db\u10d0\u10d5\u10d0\u10da\u10d8)<\/li>\n<li><b>\u10d3\u10d4\u10d9\u10dd\u10d3\u10d8\u10e0\u10d4\u10d1\u10d0:<\/b> 6 MP-\u10db\u10d3\u10d4 \u10d2\u10d0\u10e4\u10d0\u10e0\u10d7\u10dd\u10d4\u10d1\u10d8\u10e1 \u10db\u10ee\u10d0\u10e0\u10d3\u10d0\u10ed\u10d4\u10e0\u10d0<\/li>\n<li><b>Wi-Fi \u10e1\u10d8\u10ee\u10e8\u10d8\u10e0\u10d4:<\/b> 2.4 GHz<\/li>\n<li><b>\u10db\u10d4\u10ee\u10e1\u10d8\u10d4\u10e0\u10d4\u10d1\u10d8\u10e1 \u10d1\u10d0\u10e0\u10d0\u10d7\u10d8 (SD Card):<\/b> \u10db\u10ee\u10d0\u10e0\u10d3\u10d0\u10ed\u10d4\u10e0\u10d0 512 GB-\u10db\u10d3\u10d4<\/li>\n<li><b>\u10d9\u10d5\u10d4\u10d1\u10d8\u10e1 \u10d1\u10da\u10dd\u10d9\u10d8:<\/b> 12 VDC<\/li>\n<\/ul>\n<p><b>\u10d9\u10dd\u10db\u10de\u10da\u10d4\u10e5\u10e2\u10d0\u10ea\u10d8\u10d0:<\/b><\/p>\n<ul>\n<li>2 \u10d9\u10d0\u10db\u10d4\u10e0\u10d8\u10e1 \u10d9\u10d5\u10d4\u10d1\u10d8\u10e1 \u10d0\u10d3\u10d0\u10de\u10e2\u10d4\u10e0\u10d8, 1 \u10e9\u10d0\u10db\u10ec\u10d4\u10e0\u10d8\u10e1 (NVS) \u10d9\u10d5\u10d4\u10d1\u10d8\u10e1 \u10d0\u10d3\u10d0\u10de\u10e2\u10d4\u10e0\u10d8.<\/li>\n<li>\u10d4\u10d7\u10d4\u10e0\u10dc\u10d4\u10e2 \u10d9\u10d0\u10d1\u10d4\u10da\u10d8: RJ45, Cat5e UTP, 1 \u10db\u10d4\u10e2\u10e0\u10d8.<\/li>\n<\/ul>","protected":false},"excerpt":{"rendered":"<p>\u10d9\u10d0\u10db\u10d4\u10e0\u10d0 \u10d9\u10d0\u10db\u10d4\u10e0\u10d8\u10e1 \u10d9\u10dd\u10e0\u10de\u10e3\u10e1\u10d8\u10e1 \u10e2\u10d8\u10de\u10d8: Bullet (\u10ea\u10d8\u10da\u10d8\u10dc\u10d3\u10e0\u10e3\u10da\u10d8); Turret (\u10d2\u10e3\u10db\u10d1\u10d0\u10d7\u10dd\u10d5\u10d0\u10dc\u10d8) \u10d2\u10d0\u10db\u10dd\u10e1\u10d0\u10ee\u10e3\u10da\u10d4\u10d1\u10d8\u10e1 \u10e1\u10d4\u10dc\u10e1\u10dd\u10e0\u10d8: 1\/2.7&#8243; Progressive Scan CMOS \u10db\u10d8\u10dc\u10d8\u10db\u10d0\u10da\u10e3\u10e0\u10d8 \u10d2\u10d0\u10dc\u10d0\u10d7\u10d4\u10d1\u10d0: Bullet: \u10e4\u10d4\u10e0\u10d0\u10d3\u10d8: 0.005 Lux<\/p>","protected":false},"featured_media":61169,"comment_status":"open","ping_status":"closed","template":"","meta":[],"product_brand":[],"product_cat":[832],"product_tag":[],"class_list":{"0":"post-61170","1":"product","2":"type-product","3":"status-publish","4":"has-post-thumbnail","6":"product_cat-network-video-recorder-nvr","8":"first","9":"instock","10":"taxable","11":"shipping-taxable","12":"purchasable","13":"product-type-simple"},"_links":{"self":[{"href":"https:\/\/iterra.ge\/ge\/wp-json\/wp\/v2\/product\/61170","targetHints":{"allow":["GET"]}}],"collection":[{"href":"https:\/\/iterra.ge\/ge\/wp-json\/wp\/v2\/product"}],"about":[{"href":"https:\/\/iterra.ge\/ge\/wp-json\/wp\/v2\/types\/product"}],"replies":[{"embeddable":true,"href":"https:\/\/iterra.ge\/ge\/wp-json\/wp\/v2\/comments?post=61170"}],"version-history":[{"count":2,"href":"https:\/\/iterra.ge\/ge\/wp-json\/wp\/v2\/product\/61170\/revisions"}],"predecessor-version":[{"id":66209,"href":"https:\/\/iterra.ge\/ge\/wp-json\/wp\/v2\/product\/61170\/revisions\/66209"}],"wp:featuredmedia":[{"embeddable":true,"href":"https:\/\/iterra.ge\/ge\/wp-json\/wp\/v2\/media\/61169"}],"wp:attachment":[{"href":"https:\/\/iterra.ge\/ge\/wp-json\/wp\/v2\/media?parent=61170"}],"wp:term":[{"taxonomy":"product_brand","embeddable":true,"href":"https:\/\/iterra.ge\/ge\/wp-json\/wp\/v2\/product_brand?post=61170"},{"taxonomy":"product_cat","embeddable":true,"href":"https:\/\/iterra.ge\/ge\/wp-json\/wp\/v2\/product_cat?post=61170"},{"taxonomy":"product_tag","embeddable":true,"href":"https:\/\/iterra.ge\/ge\/wp-json\/wp\/v2\/product_tag?post=61170"}],"curies":[{"name":"wp","href":"https:\/\/api.w.org\/{rel}","templated":true}]}}