{"id":61358,"date":"2025-11-25T23:27:13","date_gmt":"2025-11-25T23:27:13","guid":{"rendered":"https:\/\/iterra.ge\/product\/%e1%83%99%e1%83%90%e1%83%9b%e1%83%94%e1%83%a0%e1%83%90-ip-hikvisionds-2cd1763g2-lizu-2-8-12mm6mpvarifocal-domeir30mdual-light-md-2-0smart-hybridmvflmicro-sdmic\/"},"modified":"2026-02-25T00:01:15","modified_gmt":"2026-02-25T00:01:15","slug":"%e1%83%99%e1%83%90%e1%83%9b%e1%83%94%e1%83%a0%e1%83%90-ip-hikvisionds-2cd1763g2-lizu-2-8-12mm6mpvarifocal-domeir30mdual-light-md-2-0smart-hybridmvflmicro-sdmic","status":"publish","type":"product","link":"https:\/\/iterra.ge\/ge\/product\/%e1%83%99%e1%83%90%e1%83%9b%e1%83%94%e1%83%a0%e1%83%90-ip-hikvisionds-2cd1763g2-lizu-2-8-12mm6mpvarifocal-domeir30mdual-light-md-2-0smart-hybridmvflmicro-sdmic\/","title":{"rendered":"\u10d9\u10d0\u10db\u10d4\u10e0\u10d0 IP Hikvision,DS-2CD1763G2-LIZU 2.8-12mm,6mp,Varifocal Dome,IR30m,Dual Light MD 2.0,Smart Hybrid,MVFL,Micro SD,Mic."},"content":{"rendered":"<h3>\u10d9\u10d0\u10db\u10d4\u10e0\u10d0<\/h3>\n<ul>\n<li><b>\u10d2\u10d0\u10db\u10dd\u10e1\u10d0\u10ee\u10e3\u10da\u10d4\u10d1\u10d8\u10e1 \u10e1\u10d4\u10dc\u10e1\u10dd\u10e0\u10d8<\/b>: 1\/2.4&#8243; \u10de\u10e0\u10dd\u10d2\u10e0\u10d4\u10e1\u10e3\u10da\u10d8 \u10e1\u10d9\u10d0\u10dc\u10d8\u10e0\u10d4\u10d1\u10d8\u10e1 CMOS<\/li>\n<li><b>\u10db\u10d0\u10e5\u10e1. \u10e0\u10d4\u10d6\u10dd\u10da\u10e3\u10ea\u10d8\u10d0<\/b>: 3200 \u00d7 1800<\/li>\n<li><b>\u10db\u10d8\u10dc. \u10d2\u10d0\u10dc\u10d0\u10d7\u10d4\u10d1\u10d0<\/b>: \u10e4\u10d4\u10e0\u10d0\u10d3\u10d8: 0.005 \u10da\u10e3\u10e5\u10e1\u10d8 @ (F1.6, AGC ON), \u10e8\u10d0\u10d5-\u10d7\u10d4\u10d7\u10e0\u10d8: 0 \u10da\u10e3\u10e5\u10e1\u10d8 IR \u10d2\u10d0\u10dc\u10d0\u10d7\u10d4\u10d1\u10d8\u10d7<\/li>\n<li><b>\u10d3\u10d0\u10e7\u10dd\u10d5\u10dc\u10d4\u10d1\u10d8\u10e1 \u10d3\u10e0\u10dd<\/b>: 1\/3 \u10ec\u10db-\u10d3\u10d0\u10dc 1\/100,000 \u10ec\u10db-\u10db\u10d3\u10d4<\/li>\n<li><b>\u10d3\u10e6\u10d4 \u10d3\u10d0 \u10e6\u10d0\u10db\u10d4<\/b>: IR (\u10d8\u10dc\u10e4\u10e0\u10d0\u10ec\u10d8\u10d7\u10d4\u10da\u10d8) \u10e4\u10d8\u10da\u10e2\u10e0\u10d8<\/li>\n<li><b>\u10d9\u10e3\u10d7\u10ee\u10d8\u10e1 \u10e0\u10d4\u10d2\u10e3\u10da\u10d8\u10e0\u10d4\u10d1\u10d0<\/b>: \u10f0\u10dd\u10e0\u10d8\u10d6\u10dd\u10dc\u10e2\u10d0\u10da\u10e3\u10e0\u10d0\u10d3 (Pan): 0\u00b0 -\u10d3\u10d0\u10dc 355\u00b0-\u10db\u10d3\u10d4, \u10d5\u10d4\u10e0\u10e2\u10d8\u10d9\u10d0\u10da\u10e3\u10e0\u10d0\u10d3 (Tilt): 0\u00b0 -\u10d3\u10d0\u10dc 70\u00b0-\u10db\u10d3\u10d4, \u10d1\u10e0\u10e3\u10dc\u10d5\u10d0 (Rotate): 0\u00b0 -\u10d3\u10d0\u10dc 355\u00b0-\u10db\u10d3\u10d4<\/li>\n<\/ul>\n<h3>\u10da\u10d8\u10dc\u10d6\u10d0<\/h3>\n<ul>\n<li><b>\u10da\u10d8\u10dc\u10d6\u10d8\u10e1 \u10e2\u10d8\u10de\u10d8<\/b>: \u10d5\u10d0\u10e0\u10d8\u10e4\u10dd\u10d9\u10d0\u10da\u10e3\u10e0\u10d8, \u10db\u10dd\u10e2\u10dd\u10e0\u10d8\u10d6\u10d4\u10d1\u10e3\u10da\u10d8, 2.8-\u10d3\u10d0\u10dc 12 \u10db\u10db-\u10db\u10d3\u10d4<\/li>\n<li><b>\u10e4\u10dd\u10d9\u10e3\u10e1\u10e3\u10e0\u10d8 \u10db\u10d0\u10dc\u10eb\u10d8\u10da\u10d8 \u10d3\u10d0 \u10ee\u10d4\u10d3\u10d5\u10d8\u10e1 \u10d0\u10e0\u10d4<\/b>: 2.8-\u10d3\u10d0\u10dc 12 \u10db\u10db-\u10db\u10d3\u10d4, \u10f0\u10dd\u10e0\u10d8\u10d6\u10dd\u10dc\u10e2\u10d0\u10da\u10e3\u10e0\u10d8 FOV 106\u00b0-\u10d3\u10d0\u10dc 35.6\u00b0-\u10db\u10d3\u10d4, \u10d5\u10d4\u10e0\u10e2\u10d8\u10d9\u10d0\u10da\u10e3\u10e0\u10d8 FOV 55.9\u00b0-\u10d3\u10d0\u10dc 20\u00b0-\u10db\u10d3\u10d4, \u10d3\u10d8\u10d0\u10d2\u10dd\u10dc\u10d0\u10da\u10e3\u10e0\u10d8 FOV 127.4\u00b0-\u10d3\u10d0\u10dc 40.8\u00b0-\u10db\u10d3\u10d4<\/li>\n<li><b>\u10da\u10d8\u10dc\u10d6\u10d8\u10e1 \u10e1\u10d0\u10db\u10d0\u10d2\u10e0\u10d8<\/b>: \u00d814<\/li>\n<li><b>\u10d3\u10d8\u10d0\u10e4\u10e0\u10d0\u10d2\u10db\u10d8\u10e1 \u10e2\u10d8\u10de\u10d8<\/b>: \u10e4\u10d8\u10e5\u10e1\u10d8\u10e0\u10d4\u10d1\u10e3\u10da\u10d8<\/li>\n<li><b>\u10d3\u10d8\u10d0\u10e4\u10e0\u10d0\u10d2\u10db\u10d0<\/b>: F1.6<\/li>\n<\/ul>\n<h3>DORI (\u10d0\u10e6\u10db\u10dd\u10e9\u10d4\u10dc\u10d0, \u10d3\u10d0\u10d9\u10d5\u10d8\u10e0\u10d5\u10d4\u10d1\u10d0, \u10d0\u10db\u10dd\u10ea\u10dc\u10dd\u10d1\u10d0, \u10d8\u10d3\u10d4\u10dc\u10e2\u10d8\u10e4\u10d8\u10d9\u10d0\u10ea\u10d8\u10d0)<\/h3>\n<ul>\n<li><b>DORI<\/b>: \u10d0\u10e6\u10db\u10dd\u10e9\u10d4\u10dc\u10d0 (D): 68-\u10d3\u10d0\u10dc 200 \u10db-\u10db\u10d3\u10d4, \u10d3\u10d0\u10d9\u10d5\u10d8\u10e0\u10d5\u10d4\u10d1\u10d0 (O): 27-\u10d3\u10d0\u10dc 79 \u10db-\u10db\u10d3\u10d4, \u10d0\u10db\u10dd\u10ea\u10dc\u10dd\u10d1\u10d0 (R): 13.6-\u10d3\u10d0\u10dc 40 \u10db-\u10db\u10d3\u10d4, \u10d8\u10d3\u10d4\u10dc\u10e2\u10d8\u10e4\u10d8\u10d9\u10d0\u10ea\u10d8\u10d0 (I): 6.8-\u10d3\u10d0\u10dc 20 \u10db-\u10db\u10d3\u10d4<\/li>\n<\/ul>\n<h3>\u10d2\u10d0\u10dc\u10d0\u10d7\u10d4\u10d1\u10d0<\/h3>\n<ul>\n<li><b>\u10d2\u10d0\u10dc\u10d0\u10d7\u10d4\u10d1\u10d8\u10e1 \u10e2\u10d8\u10de\u10d8<\/b>: IR (\u10d8\u10dc\u10e4\u10e0\u10d0\u10ec\u10d8\u10d7\u10d4\u10da\u10d8), \u10d7\u10d4\u10d7\u10e0\u10d8 \u10d2\u10d0\u10dc\u10d0\u10d7\u10d4\u10d1\u10d0<\/li>\n<li><b>\u10d2\u10d0\u10dc\u10d0\u10d7\u10d4\u10d1\u10d8\u10e1 \u10db\u10d0\u10dc\u10eb\u10d8\u10da\u10d8<\/b>: 30 \u10db-\u10db\u10d3\u10d4<\/li>\n<li><b>\u10ed\u10d9\u10d5\u10d8\u10d0\u10dc\u10d8 \u10d2\u10d0\u10dc\u10d0\u10d7\u10d4\u10d1\u10d0<\/b>: \u10d3\u10d8\u10d0\u10ee<\/li>\n<li><b>IR \u10e2\u10d0\u10da\u10e6\u10d8\u10e1 \u10e1\u10d8\u10d2\u10e0\u10eb\u10d4<\/b>: 850 \u10dc\u10db<\/li>\n<\/ul>\n<h3>\u10d5\u10d8\u10d3\u10d4\u10dd<\/h3>\n<ul>\n<li><b>\u10db\u10d7\u10d0\u10d5\u10d0\u10e0\u10d8 \u10dc\u10d0\u10d9\u10d0\u10d3\u10d8 (Main Stream)<\/b>:\n<\/p>\n<ul>\n<li>50 Hz: 20 \u10d9\u10d0\u10d3\u10e0\u10d8\/\u10ec\u10db (3200 \u00d7 1800, 2688 \u00d7 1520, 1920 \u00d7 1080, 1280 \u00d7 720)<\/li>\n<li>60 Hz: 20 \u10d9\u10d0\u10d3\u10e0\u10d8\/\u10ec\u10db (3200 \u00d7 1800, 2688 \u00d7 1520, 1920 \u00d7 1080, 1280 \u00d7 720)<\/li>\n<\/ul>\n<\/li>\n<li><b>\u10d3\u10d0\u10db\u10ee\u10db\u10d0\u10e0\u10d4 \u10dc\u10d0\u10d9\u10d0\u10d3\u10d8 (Sub-Stream)<\/b>:\n<\/p>\n<ul>\n<li>50 Hz: 20 \u10d9\u10d0\u10d3\u10e0\u10d8\/\u10ec\u10db (1280 \u00d7 720, 640 \u00d7 480, 640 \u00d7 360)<\/li>\n<li>60 Hz: 20 \u10d9\u10d0\u10d3\u10e0\u10d8\/\u10ec\u10db (1280 \u00d7 720, 640 \u00d7 480, 640 \u00d7 360)<\/li>\n<\/ul>\n<\/li>\n<li><b>\u10d5\u10d8\u10d3\u10d4\u10dd\u10e1 \u10e8\u10d4\u10d9\u10e3\u10db\u10e8\u10d5\u10d0<\/b>: \u10db\u10d7\u10d0\u10d5\u10d0\u10e0\u10d8 \u10dc\u10d0\u10d9\u10d0\u10d3\u10d8: H.265+\/H.265\/H.264+\/H.264, \u10d3\u10d0\u10db\u10ee\u10db\u10d0\u10e0\u10d4 \u10dc\u10d0\u10d9\u10d0\u10d3\u10d8: H.265\/H.264\/MJPEG<\/li>\n<li><b>\u10d5\u10d8\u10d3\u10d4\u10dd \u10d1\u10d8\u10e2\u10e0\u10d4\u10d8\u10e2\u10d8<\/b>: 32 Kbps-\u10d3\u10d0\u10dc 16 Mbps-\u10db\u10d3\u10d4<\/li>\n<li><b>H.264 \u10e2\u10d8\u10de\u10d8<\/b>: Baseline Profile, Main Profile, High Profile<\/li>\n<li><b>H.265 \u10e2\u10d8\u10de\u10d8<\/b>: Main Profile<\/li>\n<li><b>\u10d1\u10d8\u10e2\u10e0\u10d4\u10d8\u10e2\u10d8\u10e1 \u10d9\u10dd\u10dc\u10e2\u10e0\u10dd\u10da\u10d8<\/b>: CBR, VBR<\/li>\n<li><b>\u10d8\u10dc\u10e2\u10d4\u10e0\u10d4\u10e1\u10d8\u10e1 \u10e0\u10d4\u10d2\u10d8\u10dd\u10dc\u10d8 (ROI)<\/b>: 1 \u10e4\u10d8\u10e5\u10e1\u10d8\u10e0\u10d4\u10d1\u10e3\u10da\u10d8 \u10e0\u10d4\u10d2\u10d8\u10dd\u10dc\u10d8 \u10db\u10d7\u10d0\u10d5\u10d0\u10e0\u10d8 \u10dc\u10d0\u10d9\u10d0\u10d3\u10d8\u10e1\u10d7\u10d5\u10d8\u10e1<\/li>\n<\/ul>\n<h3>\u10d0\u10e3\u10d3\u10d8\u10dd<\/h3>\n<ul>\n<li><b>\u10d0\u10e3\u10d3\u10d8\u10dd\u10e1 \u10e2\u10d8\u10de\u10d8<\/b>: \u10db\u10dd\u10dc\u10dd \u10ee\u10db\u10d0<\/li>\n<li><b>\u10d0\u10e3\u10d3\u10d8\u10dd\u10e1 \u10e8\u10d4\u10d9\u10e3\u10db\u10e8\u10d5\u10d0<\/b>: G.711ulaw\/G.711alaw\/G.722.1\/G.726\/MP2L2\/PCM\/AAC-LC<\/li>\n<li><b>\u10d0\u10e3\u10d3\u10d8\u10dd \u10d1\u10d8\u10e2\u10e0\u10d4\u10d8\u10e2\u10d8<\/b>: 64 Kbps (G.711ulaw\/G.711alaw), 16 Kbps (G.722.1), 16 Kbps (G.726), 32-\u10d3\u10d0\u10dc 160 Kbps-\u10db\u10d3\u10d4 (MP2L2), 16-\u10d3\u10d0\u10dc 64 Kbps-\u10db\u10d3\u10d4 (AAC-LC)<\/li>\n<li><b>\u10d0\u10e3\u10d3\u10d8\u10dd \u10e8\u10d4\u10e0\u10e9\u10d4\u10d5\u10d8\u10e1 \u10e1\u10d8\u10ee\u10e8\u10d8\u10e0\u10d4<\/b>: 8 kHz\/16 kHz<\/li>\n<li><b>\u10d2\u10d0\u10e0\u10d4\u10db\u10dd\u10e1 \u10ee\u10db\u10d0\u10e3\u10e0\u10d8\u10e1 \u10e4\u10d8\u10da\u10e2\u10e0\u10d0\u10ea\u10d8\u10d0<\/b>: \u10d3\u10d8\u10d0\u10ee<\/li>\n<\/ul>\n<h3>\u10e5\u10e1\u10d4\u10da\u10d8<\/h3>\n<ul>\n<li><b>\u10de\u10e0\u10dd\u10e2\u10dd\u10d9\u10dd\u10da\u10d4\u10d1\u10d8<\/b>: TCP\/IP, ICMP, DHCP, DNS, HTTP, RTP, RTSP, NTP, IGMP, IPv6, UDP, QoS, FTP, SMTP, UPnP<\/li>\n<li><b>\u10d4\u10e0\u10d7\u10d3\u10e0\u10dd\u10e3\u10da\u10d8 \u10de\u10d8\u10e0\u10d3\u10d0\u10de\u10d8\u10e0\u10d8 \u10e2\u10e0\u10d0\u10dc\u10e1\u10da\u10d0\u10ea\u10d8\u10d0<\/b>: 6 \u10d0\u10e0\u10ee\u10d0\u10db\u10d3\u10d4<\/li>\n<li><b>API<\/b>: Open Network Video Interface (\u10de\u10e0\u10dd\u10e4\u10d8\u10da\u10d8 S, G, T), ISAPI, SDK<\/li>\n<li><b>\u10e3\u10e1\u10d0\u10e4\u10e0\u10d7\u10ee\u10dd\u10d4\u10d1\u10d0<\/b>: \u10de\u10d0\u10e0\u10dd\u10da\u10d8\u10e1 \u10d3\u10d0\u10ea\u10d5\u10d0, \u10e0\u10d7\u10e3\u10da\u10d8 \u10de\u10d0\u10e0\u10dd\u10da\u10d8, \u10ec\u10e7\u10da\u10d8\u10e1 \u10dc\u10d8\u10e8\u10d0\u10dc\u10d8, HTTP \u10d0\u10d5\u10d7\u10d4\u10dc\u10e2\u10d8\u10e4\u10d8\u10d9\u10d0\u10ea\u10d8\u10d0, \u10e3\u10e1\u10d0\u10e4\u10e0\u10d7\u10ee\u10dd\u10d4\u10d1\u10d8\u10e1 \u10df\u10e3\u10e0\u10dc\u10d0\u10da\u10d8, \u10db\u10d0\u10e1\u10de\u10d8\u10dc\u10eb\u10da\u10d8\u10e1 \u10d0\u10d5\u10d7\u10d4\u10dc\u10e2\u10d8\u10e4\u10d8\u10d9\u10d0\u10ea\u10d8\u10d0 (MAC \u10db\u10d8\u10e1\u10d0\u10db\u10d0\u10e0\u10d7\u10d8)<\/li>\n<li><b>\u10db\u10dd\u10db\u10ee\u10db\u10d0\u10e0\u10d4\u10d1\u10d4\u10da\u10d8\/\u10db\u10d0\u10e1\u10de\u10d8\u10dc\u10eb\u10d4\u10da\u10d8<\/b>: 32 \u10db\u10dd\u10db\u10ee\u10db\u10d0\u10e0\u10d4\u10d1\u10d4\u10da\u10d0\u10db\u10d3\u10d4<\/li>\n<li><b>\u10d9\u10da\u10d8\u10d4\u10dc\u10e2\u10d8<\/b>: iVMS-4200, Hik-Connect<\/li>\n<li><b>\u10d5\u10d4\u10d1 \u10d1\u10e0\u10d0\u10e3\u10d6\u10d4\u10e0\u10d8<\/b>: \u10e1\u10d0\u10ed\u10d8\u10e0\u10dd\u10d4\u10d1\u10e1 \u10d3\u10d0\u10dc\u10d0\u10db\u10d0\u10e2\u10e1: IE 10, IE 11, \u10da\u10dd\u10d9\u10d0\u10da\u10e3\u10e0\u10d8 \u10e1\u10d4\u10e0\u10d5\u10d8\u10e1\u10d8: Chrome 57.0+, Firefox 52.0+, Edge 89+<\/li>\n<\/ul>\n<h3>\u10d2\u10d0\u10db\u10dd\u10e1\u10d0\u10ee\u10e3\u10da\u10d4\u10d1\u10d0<\/h3>\n<ul>\n<li><b>\u10d2\u10d0\u10db\u10dd\u10e1\u10d0\u10ee\u10e3\u10da\u10d4\u10d1\u10d8\u10e1 \u10de\u10d0\u10e0\u10d0\u10db\u10d4\u10e2\u10e0\u10d4\u10d1\u10d8<\/b>: \u10d1\u10e0\u10e3\u10dc\u10d5\u10d8\u10e1 \u10e0\u10d4\u10df\u10d8\u10db\u10d8, \u10d2\u10d0\u10ef\u10d4\u10e0\u10d4\u10d1\u10d0, \u10e1\u10d8\u10d9\u10d0\u10e8\u10d9\u10d0\u10e8\u10d4, \u10d9\u10dd\u10dc\u10e2\u10e0\u10d0\u10e1\u10e2\u10d8, \u10e1\u10d8\u10db\u10d9\u10d5\u10d4\u10d7\u10e0\u10d4, \u10d2\u10d0\u10eb\u10da\u10d8\u10d4\u10e0\u10d4\u10d1\u10d0, \u10d7\u10d4\u10d7\u10e0\u10d8 \u10d1\u10d0\u10da\u10d0\u10dc\u10e1\u10d8 &#8211; \u10e0\u10d4\u10d2\u10e3\u10da\u10d8\u10e0\u10d4\u10d1\u10d0\u10d3\u10d8 \u10d9\u10da\u10d8\u10d4\u10dc\u10e2\u10d8\u10e1 \u10de\u10e0\u10dd\u10d2\u10e0\u10d0\u10db\u10e3\u10da\u10d8 \u10e3\u10d6\u10e0\u10e3\u10dc\u10d5\u10d4\u10da\u10e7\u10dd\u10e4\u10d8\u10e1 \u10d0\u10dc \u10d5\u10d4\u10d1 \u10d1\u10e0\u10d0\u10e3\u10d6\u10d4\u10e0\u10d8\u10e1 \u10db\u10d4\u10e8\u10d5\u10d4\u10dd\u10d1\u10d8\u10d7<\/li>\n<li><b>\u10d3\u10e6\u10d4\/\u10e6\u10d0\u10db\u10d8\u10e1 \u10d2\u10d0\u10d3\u10d0\u10e0\u10d7\u10d5\u10d0<\/b>: \u10d3\u10e6\u10d4, \u10e6\u10d0\u10db\u10d4, \u10d0\u10d5\u10e2\u10dd, \u10d2\u10d0\u10dc\u10e0\u10d8\u10d2\u10d8\u10d7<\/li>\n<li><b>\u10e4\u10d0\u10e0\u10d7\u10dd \u10d3\u10d8\u10dc\u10d0\u10db\u10d8\u10e3\u10e0\u10d8 \u10d3\u10d8\u10d0\u10de\u10d0\u10d6\u10dd\u10dc\u10d8 (WDR)<\/b>: 120 dB<\/li>\n<li><b>SNR<\/b>: \u2265 52 dB<\/li>\n<li><b>\u10d2\u10d0\u10db\u10dd\u10e1\u10d0\u10ee\u10e3\u10da\u10d4\u10d1\u10d8\u10e1 \u10d2\u10d0\u10e3\u10db\u10ef\u10dd\u10d1\u10d4\u10e1\u10d4\u10d1\u10d0<\/b>: BLC, HLC, 3D DNR<\/li>\n<li><b>\u10d9\u10dd\u10dc\u10e4\u10d8\u10d3\u10d4\u10dc\u10ea\u10d8\u10d0\u10da\u10e3\u10e0\u10dd\u10d1\u10d8\u10e1 \u10dc\u10d8\u10e6\u10d0\u10d1\u10d8<\/b>: 4 \u10de\u10e0\u10dd\u10d2\u10e0\u10d0\u10db\u10d8\u10e0\u10d4\u10d1\u10d0\u10d3\u10d8 \u10de\u10dd\u10da\u10d8\u10d2\u10dd\u10dc\u10d8\u10e1 \u10d9\u10dd\u10dc\u10e4\u10d8\u10d3\u10d4\u10dc\u10ea\u10d8\u10d0\u10da\u10e3\u10e0\u10dd\u10d1\u10d8\u10e1 \u10dc\u10d8\u10e6\u10d0\u10d1\u10d8<\/li>\n<\/ul>\n<h3>\u10d8\u10dc\u10e2\u10d4\u10e0\u10e4\u10d4\u10d8\u10e1\u10d8<\/h3>\n<ul>\n<li><b>\u10e5\u10e1\u10d4\u10da\u10d8\u10e1 \u10d8\u10dc\u10e2\u10d4\u10e0\u10e4\u10d4\u10d8\u10e1\u10d8<\/b>: 1 RJ45 10 M\/100 M \u10d7\u10d5\u10d8\u10d7\u10d0\u10d3\u10d0\u10de\u10e2\u10d8\u10e0\u10d4\u10d1\u10d0\u10d3\u10d8 Ethernet \u10de\u10dd\u10e0\u10e2\u10d8<\/li>\n<li><b>\u10e9\u10d0\u10e8\u10d4\u10dc\u10d4\u10d1\u10e3\u10da\u10d8 \u10db\u10d4\u10ee\u10e1\u10d8\u10d4\u10e0\u10d4\u10d1\u10d0<\/b>: \u10e9\u10d0\u10e8\u10d4\u10dc\u10d4\u10d1\u10e3\u10da\u10d8 \u10db\u10d4\u10ee\u10e1\u10d8\u10d4\u10e0\u10d4\u10d1\u10d8\u10e1 \u10d1\u10d0\u10e0\u10d0\u10d7\u10d8\u10e1 \u10e1\u10da\u10dd\u10e2\u10d8, \u10db\u10ee\u10d0\u10e0\u10e1 \u10e3\u10ed\u10d4\u10e0\u10e1 microSD\/microSDHC\/microSDXC \u10d1\u10d0\u10e0\u10d0\u10d7\u10e1, 512 \u10d2\u10d1-\u10db\u10d3\u10d4<\/li>\n<li><b>\u10e9\u10d0\u10e8\u10d4\u10dc\u10d4\u10d1\u10e3\u10da\u10d8 \u10db\u10d8\u10d9\u10e0\u10dd\u10e4\u10dd\u10dc\u10d8<\/b>: \u10d3\u10d8\u10d0\u10ee<\/li>\n<li><b>\u10d0\u10e3\u10d3\u10d8\u10dd<\/b>: 1 \u10e8\u10d4\u10db\u10d0\u10d5\u10d0\u10da\u10d8 (-S \u10db\u10dd\u10d3\u10d4\u10da\u10d4\u10d1\u10d8\u10e1\u10d7\u10d5\u10d8\u10e1), 1 \u10d2\u10d0\u10db\u10d0\u10d5\u10d0\u10da\u10d8 (-S \u10db\u10dd\u10d3\u10d4\u10da\u10d4\u10d1\u10d8\u10e1\u10d7\u10d5\u10d8\u10e1)<\/li>\n<li><b>\u10d2\u10d0\u10dc\u10d2\u10d0\u10e8\u10d8<\/b>: 1 \u10e8\u10d4\u10db\u10d0\u10d5\u10d0\u10da\u10d8, 1 \u10d2\u10d0\u10db\u10d0\u10d5\u10d0\u10da\u10d8 (-S \u10db\u10dd\u10d3\u10d4\u10da\u10d4\u10d1\u10d8\u10e1\u10d7\u10d5\u10d8\u10e1)<\/li>\n<li><b>\u10d2\u10d0\u10d3\u10d0\u10e2\u10d5\u10d8\u10e0\u10d7\u10d5\u10d8\u10e1 \u10e6\u10d8\u10da\u10d0\u10d9\u10d8<\/b>: \u10d3\u10d8\u10d0\u10ee<\/li>\n<\/ul>\n<h3>\u10db\u10dd\u10d5\u10da\u10d4\u10dc\u10d0<\/h3>\n<ul>\n<li><b>\u10eb\u10d8\u10e0\u10d8\u10d7\u10d0\u10d3\u10d8 \u10db\u10dd\u10d5\u10da\u10d4\u10dc\u10d0<\/b>: \u10db\u10dd\u10eb\u10e0\u10d0\u10dd\u10d1\u10d8\u10e1 \u10d0\u10db\u10dd\u10ea\u10dc\u10dd\u10d1\u10d0 (\u10d0\u10d3\u10d0\u10db\u10d8\u10d0\u10dc\u10d8\u10e1\u10d0 \u10d3\u10d0 \u10db\u10d0\u10dc\u10e5\u10d0\u10dc\u10d8\u10e1 \u10d0\u10db\u10dd\u10ea\u10dc\u10dd\u10d1\u10d8\u10d7), \u10d5\u10d8\u10d3\u10d4\u10dd\u10d6\u10d4 \u10ee\u10d4\u10da\u10e7\u10dd\u10e4\u10d8\u10e1 \u10d2\u10d0\u10dc\u10d2\u10d0\u10e8\u10d8, \u10d2\u10d0\u10db\u10dd\u10dc\u10d0\u10d9\u10da\u10d8\u10e1\u10d8<\/li>\n<li><b>\u10d3\u10d0\u10d9\u10d0\u10d5\u10e8\u10d8\u10e0\u10d4\u10d1\u10d0<\/b>: \u10d0\u10e2\u10d5\u10d8\u10e0\u10d7\u10d5\u10d0 FTP-\u10d6\u10d4\/\u10db\u10d4\u10ee\u10e1\u10d8\u10d4\u10e0\u10d4\u10d1\u10d8\u10e1 \u10d1\u10d0\u10e0\u10d0\u10d7\u10d6\u10d4, \u10e1\u10d0\u10d7\u10d5\u10d0\u10da\u10d7\u10d5\u10d0\u10da\u10dd \u10ea\u10d4\u10dc\u10e2\u10e0\u10d8\u10e1 \u10e8\u10d4\u10e2\u10e7\u10dd\u10d1\u10d8\u10dc\u10d4\u10d1\u10d0, \u10d4\u10da\u10e4\u10dd\u10e1\u10e2\u10d8\u10e1 \u10d2\u10d0\u10d2\u10d6\u10d0\u10d5\u10dc\u10d0, \u10e9\u10d0\u10ec\u10d4\u10e0\u10d8\u10e1 \u10d3\u10d0\u10ec\u10e7\u10d4\u10d1\u10d0, \u10d9\u10d0\u10d3\u10e0\u10d8\u10e1 \u10d0\u10e6\u10d4\u10d1\u10d0, \u10d2\u10d0\u10dc\u10d2\u10d0\u10e8\u10d8\u10e1 \u10d2\u10d0\u10db\u10dd\u10db\u10d0\u10d5\u10d0\u10da\u10d8 \u10e1\u10d8\u10d2\u10dc\u10d0\u10da\u10d8\u10e1 \u10e9\u10d0\u10e0\u10d7\u10d5\u10d0, \u10ee\u10db\u10dd\u10d5\u10d0\u10dc\u10d8 \u10d2\u10d0\u10e4\u10e0\u10d7\u10ee\u10d8\u10da\u10d4\u10d1\u10d0<\/li>\n<\/ul>\n<h3>\u10d6\u10dd\u10d2\u10d0\u10d3\u10d8<\/h3>\n<ul>\n<li><b>\u10d9\u10d5\u10d4\u10d1\u10d8\u10e1 \u10ec\u10e7\u10d0\u10e0\u10dd<\/b>: 12 VDC \u00b1 25%, 0.8 A, \u10db\u10d0\u10e5\u10e1. 9.6 W, PoE: IEEE 802.3af, \u10d9\u10da\u10d0\u10e1\u10d8 3, \u10db\u10d0\u10e5\u10e1. 12 W<\/li>\n<li><b>\u10db\u10d0\u10e1\u10d0\u10da\u10d0<\/b>: \u10db\u10d4\u10e2\u10d0\u10da\u10d8<\/li>\n<li><b>\u10d6\u10dd\u10db\u10d4\u10d1\u10d8<\/b>: \u00d8121.5 \u10db\u10db \u00d7 97.6 \u10db\u10db<\/li>\n<li><b>\u10ec\u10dd\u10dc\u10d0<\/b>: \u10d3\u10d0\u10d0\u10ee\u10da. 540 \u10d2<\/li>\n<li><b>\u10e8\u10d4\u10dc\u10d0\u10ee\u10d5\u10d8\u10e1 \u10de\u10d8\u10e0\u10dd\u10d1\u10d4\u10d1\u10d8<\/b>: -30 \u00b0C-\u10d3\u10d0\u10dc 60 \u00b0C-\u10db\u10d3\u10d4. \u10e2\u10d4\u10dc\u10d8\u10d0\u10dc\u10dd\u10d1\u10d0 95% \u10d0\u10dc \u10dc\u10d0\u10d9\u10da\u10d4\u10d1\u10d8<\/li>\n<li><b>\u10db\u10e3\u10e8\u10d0\u10dd\u10d1\u10d8\u10e1 \u10de\u10d8\u10e0\u10dd\u10d1\u10d4\u10d1\u10d8<\/b>: -30 \u00b0C-\u10d3\u10d0\u10dc 60 \u00b0C-\u10db\u10d3\u10d4. \u10e2\u10d4\u10dc\u10d8\u10d0\u10dc\u10dd\u10d1\u10d0 95% \u10d0\u10dc \u10dc\u10d0\u10d9\u10da\u10d4\u10d1\u10d8<\/li>\n<li><b>\u10d4\u10dc\u10d0<\/b>: \u10d8\u10dc\u10d2\u10da\u10d8\u10e1\u10e3\u10e0\u10d8, \u10e3\u10d9\u10e0\u10d0\u10d8\u10dc\u10e3\u10da\u10d8<\/li>\n<li><b>\u10d6\u10dd\u10d2\u10d0\u10d3\u10d8 \u10e4\u10e3\u10dc\u10e5\u10ea\u10d8\u10d0<\/b>: Heartbeat, anti-banding, \u10e1\u10d0\u10e0\u10d9\u10d4, \u10de\u10d0\u10e0\u10dd\u10da\u10d8\u10e1 \u10d3\u10d0\u10ea\u10d5\u10d0, \u10de\u10d0\u10e0\u10dd\u10da\u10d8\u10e1 \u10d0\u10e6\u10d3\u10d2\u10d4\u10dc\u10d0 \u10d4\u10da\u10e4\u10dd\u10e1\u10e2\u10d8\u10d7<\/li>\n<\/ul>\n<h3>\u10e1\u10d4\u10e0\u10e2\u10d8\u10e4\u10d8\u10ea\u10d8\u10e0\u10d4\u10d1\u10d0<\/h3>\n<ul>\n<li><b>\u10d3\u10d0\u10ea\u10d5\u10d0<\/b>: IP67 (\u10ec\u10e7\u10d0\u10da\u10d2\u10d0\u10e3\u10db\u10e2\u10d0\u10e0\u10d8 \u10d3\u10d0 \u10db\u10e2\u10d5\u10d4\u10e0\u10d2\u10d0\u10e3\u10db\u10e2\u10d0\u10e0\u10d8), IK08 (\u10d5\u10d0\u10dc\u10d3\u10d0\u10da\u10d2\u10d0\u10db\u10eb\u10da\u10d4)<\/li>\n<\/ul>","protected":false},"excerpt":{"rendered":"<p>\u10d9\u10d0\u10db\u10d4\u10e0\u10d0 \u10d2\u10d0\u10db\u10dd\u10e1\u10d0\u10ee\u10e3\u10da\u10d4\u10d1\u10d8\u10e1 \u10e1\u10d4\u10dc\u10e1\u10dd\u10e0\u10d8: 1\/2.4&#8243; \u10de\u10e0\u10dd\u10d2\u10e0\u10d4\u10e1\u10e3\u10da\u10d8 \u10e1\u10d9\u10d0\u10dc\u10d8\u10e0\u10d4\u10d1\u10d8\u10e1 CMOS \u10db\u10d0\u10e5\u10e1. \u10e0\u10d4\u10d6\u10dd\u10da\u10e3\u10ea\u10d8\u10d0: 3200 \u00d7 1800 \u10db\u10d8\u10dc. \u10d2\u10d0\u10dc\u10d0\u10d7\u10d4\u10d1\u10d0: \u10e4\u10d4\u10e0\u10d0\u10d3\u10d8: 0.005 \u10da\u10e3\u10e5\u10e1\u10d8 @ (F1.6, AGC<\/p>","protected":false},"featured_media":61356,"comment_status":"open","ping_status":"closed","template":"","meta":[],"product_brand":[],"product_cat":[2563],"product_tag":[],"class_list":{"0":"post-61358","1":"product","2":"type-product","3":"status-publish","4":"has-post-thumbnail","6":"product_cat-all-product","8":"first","9":"outofstock","10":"taxable","11":"shipping-taxable","12":"purchasable","13":"product-type-simple"},"_links":{"self":[{"href":"https:\/\/iterra.ge\/ge\/wp-json\/wp\/v2\/product\/61358","targetHints":{"allow":["GET"]}}],"collection":[{"href":"https:\/\/iterra.ge\/ge\/wp-json\/wp\/v2\/product"}],"about":[{"href":"https:\/\/iterra.ge\/ge\/wp-json\/wp\/v2\/types\/product"}],"replies":[{"embeddable":true,"href":"https:\/\/iterra.ge\/ge\/wp-json\/wp\/v2\/comments?post=61358"}],"version-history":[{"count":1,"href":"https:\/\/iterra.ge\/ge\/wp-json\/wp\/v2\/product\/61358\/revisions"}],"predecessor-version":[{"id":63850,"href":"https:\/\/iterra.ge\/ge\/wp-json\/wp\/v2\/product\/61358\/revisions\/63850"}],"wp:featuredmedia":[{"embeddable":true,"href":"https:\/\/iterra.ge\/ge\/wp-json\/wp\/v2\/media\/61356"}],"wp:attachment":[{"href":"https:\/\/iterra.ge\/ge\/wp-json\/wp\/v2\/media?parent=61358"}],"wp:term":[{"taxonomy":"product_brand","embeddable":true,"href":"https:\/\/iterra.ge\/ge\/wp-json\/wp\/v2\/product_brand?post=61358"},{"taxonomy":"product_cat","embeddable":true,"href":"https:\/\/iterra.ge\/ge\/wp-json\/wp\/v2\/product_cat?post=61358"},{"taxonomy":"product_tag","embeddable":true,"href":"https:\/\/iterra.ge\/ge\/wp-json\/wp\/v2\/product_tag?post=61358"}],"curies":[{"name":"wp","href":"https:\/\/api.w.org\/{rel}","templated":true}]}}